{"id":3585,"date":"2021-04-24T08:47:45","date_gmt":"2021-04-24T08:47:45","guid":{"rendered":"http:\/\/tandoorvietnam.com\/dich-vu\/"},"modified":"2023-12-29T17:31:05","modified_gmt":"2023-12-29T10:31:05","slug":"dich-vu","status":"publish","type":"page","link":"https:\/\/tandoorvietnam.com\/vi\/hochiminh\/mon-an-do\/dich-vu\/","title":{"rendered":"D\u1ecbch v\u1ee5"},"content":{"rendered":"","protected":false},"excerpt":{"rendered":"","protected":false},"author":1,"featured_media":0,"parent":0,"menu_order":0,"comment_status":"closed","ping_status":"closed","template":"","meta":{"footnotes":""},"class_list":["post-3585","page","type-page","status-publish","hentry"],"yoast_head":"<!-- This site is optimized with the Yoast SEO Premium plugin v22.3 (Yoast SEO v27.4) - https:\/\/yoast.com\/product\/yoast-seo-premium-wordpress\/ -->\n<title>D\u1ecbch v\u1ee5 - Tandoor Vi\u1ec7t Nam<\/title>\n<meta name=\"description\" content=\"Tr\u1ea3i nghi\u1ec7m h\u01b0\u01a1ng v\u1ecb thu\u1ea7n t\u00fay c\u1ee7a \u1ea9m th\u1ef1c \u1ea4n \u0110\u1ed9 t\u1ea1i Th\u00e0nh ph\u1ed1 H\u1ed3 Ch\u00ed Minh v\u00e0 H\u00e0 N\u1ed9i t\u1ea1i nh\u00e0 h\u00e0ng \u1ea4n \u0110\u1ed9 xinh \u0111\u1eb9p n\u1eb1m ngay tr\u00ean \u0111\u01b0\u1eddng Ng\u00f4 \u0110\u1ee9c K\u1ebf.\" \/>\n<meta name=\"robots\" content=\"index, follow, max-snippet:-1, max-image-preview:large, max-video-preview:-1\" \/>\n<link rel=\"canonical\" href=\"https:\/\/tandoorvietnam.com\/vi\/hochiminh\/mon-an-do\/dich-vu\/\" \/>\n<meta property=\"og:locale\" content=\"vi_VN\" \/>\n<meta property=\"og:type\" content=\"article\" \/>\n<meta property=\"og:title\" content=\"D\u1ecbch v\u1ee5\" \/>\n<meta property=\"og:description\" content=\"Tr\u1ea3i nghi\u1ec7m h\u01b0\u01a1ng v\u1ecb thu\u1ea7n t\u00fay c\u1ee7a \u1ea9m th\u1ef1c \u1ea4n \u0110\u1ed9 t\u1ea1i Th\u00e0nh ph\u1ed1 H\u1ed3 Ch\u00ed Minh v\u00e0 H\u00e0 N\u1ed9i t\u1ea1i nh\u00e0 h\u00e0ng \u1ea4n \u0110\u1ed9 xinh \u0111\u1eb9p n\u1eb1m ngay tr\u00ean \u0111\u01b0\u1eddng Ng\u00f4 \u0110\u1ee9c K\u1ebf.\" \/>\n<meta property=\"og:url\" content=\"https:\/\/tandoorvietnam.com\/vi\/hochiminh\/mon-an-do\/dich-vu\/\" \/>\n<meta property=\"og:site_name\" content=\"Tandoor Vi\u1ec7t Nam\" \/>\n<meta property=\"article:publisher\" content=\"https:\/\/www.facebook.com\/tandoor.hcmc\/\" \/>\n<meta property=\"article:modified_time\" content=\"2023-12-29T10:31:05+00:00\" \/>\n<meta property=\"og:image\" content=\"https:\/\/tandoorvietnam.com\/wp-content\/uploads\/2023\/12\/Services-page-centered-vietnamese.png\" \/>\n\t<meta property=\"og:image:width\" content=\"1400\" \/>\n\t<meta property=\"og:image:height\" content=\"656\" \/>\n\t<meta property=\"og:image:type\" content=\"image\/png\" \/>\n<meta name=\"twitter:card\" content=\"summary_large_image\" \/>\n<meta name=\"twitter:label1\" content=\"Est. reading time\" \/>\n\t<meta name=\"twitter:data1\" content=\"6 minutes\" \/>\n<script type=\"application\/ld+json\" class=\"yoast-schema-graph\">{\"@context\":\"https:\\\/\\\/schema.org\",\"@graph\":[{\"@type\":\"WebPage\",\"@id\":\"https:\\\/\\\/tandoorvietnam.com\\\/vi\\\/hochiminh\\\/mon-an-do\\\/dich-vu\\\/\",\"url\":\"https:\\\/\\\/tandoorvietnam.com\\\/vi\\\/hochiminh\\\/mon-an-do\\\/dich-vu\\\/\",\"name\":\"D\u1ecbch v\u1ee5 - Tandoor Vi\u1ec7t Nam\",\"isPartOf\":{\"@id\":\"https:\\\/\\\/tandoorvietnam.com\\\/vi\\\/#website\"},\"datePublished\":\"2021-04-24T08:47:45+00:00\",\"dateModified\":\"2023-12-29T10:31:05+00:00\",\"description\":\"Tr\u1ea3i nghi\u1ec7m h\u01b0\u01a1ng v\u1ecb thu\u1ea7n t\u00fay c\u1ee7a \u1ea9m th\u1ef1c \u1ea4n \u0110\u1ed9 t\u1ea1i Th\u00e0nh ph\u1ed1 H\u1ed3 Ch\u00ed Minh v\u00e0 H\u00e0 N\u1ed9i t\u1ea1i nh\u00e0 h\u00e0ng \u1ea4n \u0110\u1ed9 xinh \u0111\u1eb9p n\u1eb1m ngay tr\u00ean \u0111\u01b0\u1eddng Ng\u00f4 \u0110\u1ee9c K\u1ebf.\",\"breadcrumb\":{\"@id\":\"https:\\\/\\\/tandoorvietnam.com\\\/vi\\\/hochiminh\\\/mon-an-do\\\/dich-vu\\\/#breadcrumb\"},\"inLanguage\":\"vi-VN\",\"potentialAction\":[{\"@type\":\"ReadAction\",\"target\":[\"https:\\\/\\\/tandoorvietnam.com\\\/vi\\\/hochiminh\\\/mon-an-do\\\/dich-vu\\\/\"]}]},{\"@type\":\"BreadcrumbList\",\"@id\":\"https:\\\/\\\/tandoorvietnam.com\\\/vi\\\/hochiminh\\\/mon-an-do\\\/dich-vu\\\/#breadcrumb\",\"itemListElement\":[{\"@type\":\"ListItem\",\"position\":1,\"name\":\"Trang Ch\u1ee7\",\"item\":\"https:\\\/\\\/tandoorvietnam.com\\\/vi\\\/\"},{\"@type\":\"ListItem\",\"position\":2,\"name\":\"D\u1ecbch v\u1ee5\"}]},{\"@type\":\"WebSite\",\"@id\":\"https:\\\/\\\/tandoorvietnam.com\\\/vi\\\/#website\",\"url\":\"https:\\\/\\\/tandoorvietnam.com\\\/vi\\\/\",\"name\":\"Tandoor Vietnam\",\"description\":\"Nh\u00e0 h\u00e0ng ngon h\u1ed3 ch\u00ed minh\",\"publisher\":{\"@id\":\"https:\\\/\\\/tandoorvietnam.com\\\/vi\\\/#organization\"},\"potentialAction\":[{\"@type\":\"SearchAction\",\"target\":{\"@type\":\"EntryPoint\",\"urlTemplate\":\"https:\\\/\\\/tandoorvietnam.com\\\/vi\\\/?s={search_term_string}\"},\"query-input\":{\"@type\":\"PropertyValueSpecification\",\"valueRequired\":true,\"valueName\":\"search_term_string\"}}],\"inLanguage\":\"vi-VN\"},{\"@type\":\"Organization\",\"@id\":\"https:\\\/\\\/tandoorvietnam.com\\\/vi\\\/#organization\",\"name\":\"Tandoor Vietnam\",\"url\":\"https:\\\/\\\/tandoorvietnam.com\\\/vi\\\/\",\"logo\":{\"@type\":\"ImageObject\",\"inLanguage\":\"vi-VN\",\"@id\":\"https:\\\/\\\/tandoorvietnam.com\\\/vi\\\/#\\\/schema\\\/logo\\\/image\\\/\",\"url\":\"https:\\\/\\\/tandoorvietnam.com\\\/wp-content\\\/uploads\\\/2020\\\/07\\\/logo.png\",\"contentUrl\":\"https:\\\/\\\/tandoorvietnam.com\\\/wp-content\\\/uploads\\\/2020\\\/07\\\/logo.png\",\"width\":133,\"height\":75,\"caption\":\"Tandoor Vietnam\"},\"image\":{\"@id\":\"https:\\\/\\\/tandoorvietnam.com\\\/vi\\\/#\\\/schema\\\/logo\\\/image\\\/\"},\"sameAs\":[\"https:\\\/\\\/www.facebook.com\\\/tandoor.hcmc\\\/\"]}]}<\/script>\n<!-- \/ Yoast SEO Premium plugin. -->","yoast_head_json":{"title":"D\u1ecbch v\u1ee5 - Tandoor Vi\u1ec7t Nam","description":"Tr\u1ea3i nghi\u1ec7m h\u01b0\u01a1ng v\u1ecb thu\u1ea7n t\u00fay c\u1ee7a \u1ea9m th\u1ef1c \u1ea4n \u0110\u1ed9 t\u1ea1i Th\u00e0nh ph\u1ed1 H\u1ed3 Ch\u00ed Minh v\u00e0 H\u00e0 N\u1ed9i t\u1ea1i nh\u00e0 h\u00e0ng \u1ea4n \u0110\u1ed9 xinh \u0111\u1eb9p n\u1eb1m ngay tr\u00ean \u0111\u01b0\u1eddng Ng\u00f4 \u0110\u1ee9c K\u1ebf.","robots":{"index":"index","follow":"follow","max-snippet":"max-snippet:-1","max-image-preview":"max-image-preview:large","max-video-preview":"max-video-preview:-1"},"canonical":"https:\/\/tandoorvietnam.com\/vi\/hochiminh\/mon-an-do\/dich-vu\/","og_locale":"vi_VN","og_type":"article","og_title":"D\u1ecbch v\u1ee5","og_description":"Tr\u1ea3i nghi\u1ec7m h\u01b0\u01a1ng v\u1ecb thu\u1ea7n t\u00fay c\u1ee7a \u1ea9m th\u1ef1c \u1ea4n \u0110\u1ed9 t\u1ea1i Th\u00e0nh ph\u1ed1 H\u1ed3 Ch\u00ed Minh v\u00e0 H\u00e0 N\u1ed9i t\u1ea1i nh\u00e0 h\u00e0ng \u1ea4n \u0110\u1ed9 xinh \u0111\u1eb9p n\u1eb1m ngay tr\u00ean \u0111\u01b0\u1eddng Ng\u00f4 \u0110\u1ee9c K\u1ebf.","og_url":"https:\/\/tandoorvietnam.com\/vi\/hochiminh\/mon-an-do\/dich-vu\/","og_site_name":"Tandoor Vi\u1ec7t Nam","article_publisher":"https:\/\/www.facebook.com\/tandoor.hcmc\/","article_modified_time":"2023-12-29T10:31:05+00:00","og_image":[{"width":1400,"height":656,"url":"https:\/\/tandoorvietnam.com\/wp-content\/uploads\/2023\/12\/Services-page-centered-vietnamese.png","type":"image\/png"}],"twitter_card":"summary_large_image","twitter_misc":{"Est. reading time":"6 minutes"},"schema":{"@context":"https:\/\/schema.org","@graph":[{"@type":"WebPage","@id":"https:\/\/tandoorvietnam.com\/vi\/hochiminh\/mon-an-do\/dich-vu\/","url":"https:\/\/tandoorvietnam.com\/vi\/hochiminh\/mon-an-do\/dich-vu\/","name":"D\u1ecbch v\u1ee5 - Tandoor Vi\u1ec7t Nam","isPartOf":{"@id":"https:\/\/tandoorvietnam.com\/vi\/#website"},"datePublished":"2021-04-24T08:47:45+00:00","dateModified":"2023-12-29T10:31:05+00:00","description":"Tr\u1ea3i nghi\u1ec7m h\u01b0\u01a1ng v\u1ecb thu\u1ea7n t\u00fay c\u1ee7a \u1ea9m th\u1ef1c \u1ea4n \u0110\u1ed9 t\u1ea1i Th\u00e0nh ph\u1ed1 H\u1ed3 Ch\u00ed Minh v\u00e0 H\u00e0 N\u1ed9i t\u1ea1i nh\u00e0 h\u00e0ng \u1ea4n \u0110\u1ed9 xinh \u0111\u1eb9p n\u1eb1m ngay tr\u00ean \u0111\u01b0\u1eddng Ng\u00f4 \u0110\u1ee9c K\u1ebf.","breadcrumb":{"@id":"https:\/\/tandoorvietnam.com\/vi\/hochiminh\/mon-an-do\/dich-vu\/#breadcrumb"},"inLanguage":"vi-VN","potentialAction":[{"@type":"ReadAction","target":["https:\/\/tandoorvietnam.com\/vi\/hochiminh\/mon-an-do\/dich-vu\/"]}]},{"@type":"BreadcrumbList","@id":"https:\/\/tandoorvietnam.com\/vi\/hochiminh\/mon-an-do\/dich-vu\/#breadcrumb","itemListElement":[{"@type":"ListItem","position":1,"name":"Trang Ch\u1ee7","item":"https:\/\/tandoorvietnam.com\/vi\/"},{"@type":"ListItem","position":2,"name":"D\u1ecbch v\u1ee5"}]},{"@type":"WebSite","@id":"https:\/\/tandoorvietnam.com\/vi\/#website","url":"https:\/\/tandoorvietnam.com\/vi\/","name":"Tandoor Vietnam","description":"Nh\u00e0 h\u00e0ng ngon h\u1ed3 ch\u00ed minh","publisher":{"@id":"https:\/\/tandoorvietnam.com\/vi\/#organization"},"potentialAction":[{"@type":"SearchAction","target":{"@type":"EntryPoint","urlTemplate":"https:\/\/tandoorvietnam.com\/vi\/?s={search_term_string}"},"query-input":{"@type":"PropertyValueSpecification","valueRequired":true,"valueName":"search_term_string"}}],"inLanguage":"vi-VN"},{"@type":"Organization","@id":"https:\/\/tandoorvietnam.com\/vi\/#organization","name":"Tandoor Vietnam","url":"https:\/\/tandoorvietnam.com\/vi\/","logo":{"@type":"ImageObject","inLanguage":"vi-VN","@id":"https:\/\/tandoorvietnam.com\/vi\/#\/schema\/logo\/image\/","url":"https:\/\/tandoorvietnam.com\/wp-content\/uploads\/2020\/07\/logo.png","contentUrl":"https:\/\/tandoorvietnam.com\/wp-content\/uploads\/2020\/07\/logo.png","width":133,"height":75,"caption":"Tandoor Vietnam"},"image":{"@id":"https:\/\/tandoorvietnam.com\/vi\/#\/schema\/logo\/image\/"},"sameAs":["https:\/\/www.facebook.com\/tandoor.hcmc\/"]}]}},"_links":{"self":[{"href":"https:\/\/tandoorvietnam.com\/vi\/wp-json\/wp\/v2\/pages\/3585","targetHints":{"allow":["GET"]}}],"collection":[{"href":"https:\/\/tandoorvietnam.com\/vi\/wp-json\/wp\/v2\/pages"}],"about":[{"href":"https:\/\/tandoorvietnam.com\/vi\/wp-json\/wp\/v2\/types\/page"}],"author":[{"embeddable":true,"href":"https:\/\/tandoorvietnam.com\/vi\/wp-json\/wp\/v2\/users\/1"}],"replies":[{"embeddable":true,"href":"https:\/\/tandoorvietnam.com\/vi\/wp-json\/wp\/v2\/comments?post=3585"}],"version-history":[{"count":6,"href":"https:\/\/tandoorvietnam.com\/vi\/wp-json\/wp\/v2\/pages\/3585\/revisions"}],"predecessor-version":[{"id":7814,"href":"https:\/\/tandoorvietnam.com\/vi\/wp-json\/wp\/v2\/pages\/3585\/revisions\/7814"}],"wp:attachment":[{"href":"https:\/\/tandoorvietnam.com\/vi\/wp-json\/wp\/v2\/media?parent=3585"}],"curies":[{"name":"wp","href":"https:\/\/api.w.org\/{rel}","templated":true}]}}