{"id":3610,"date":"2021-04-24T09:42:17","date_gmt":"2021-04-24T09:42:17","guid":{"rendered":"http:\/\/tandoorvietnam.com\/cau-chuyen-cua-chung-toi\/"},"modified":"2023-12-29T17:34:04","modified_gmt":"2023-12-29T10:34:04","slug":"cau-chuyen-cua-chung-toi","status":"publish","type":"page","link":"https:\/\/tandoorvietnam.com\/vi\/hochiminh\/cau-chuyen-cua-chung-toi\/","title":{"rendered":"C\u00e2u chuy\u1ec7n"},"content":{"rendered":"","protected":false},"excerpt":{"rendered":"","protected":false},"author":1,"featured_media":0,"parent":0,"menu_order":0,"comment_status":"closed","ping_status":"closed","template":"","meta":{"footnotes":""},"class_list":["post-3610","page","type-page","status-publish","hentry"],"yoast_head":"<!-- This site is optimized with the Yoast SEO Premium plugin v22.3 (Yoast SEO v27.4) - https:\/\/yoast.com\/product\/yoast-seo-premium-wordpress\/ -->\n<title>C\u00e2u chuy\u1ec7n - Tandoor Vi\u1ec7t Nam<\/title>\n<meta name=\"description\" content=\"&quot;T\u1eeb n\u0103m 1997, nh\u00e0 h\u00e0ng \u1ea4n \u0110\u1ed9 Tandoor \u0111\u00e3 ph\u1ee5c v\u1ee5 nh\u1eefng m\u00f3n \u0103n \u1ea4n \u0110\u1ed9 ngon nh\u1ea5t t\u1ea1i Th\u00e0nh ph\u1ed1 H\u1ed3 Ch\u00ed Minh v\u00e0 H\u00e0 N\u1ed9i. \u0110\u1eb7t b\u00e0n.&quot;\" \/>\n<meta name=\"robots\" content=\"index, follow, max-snippet:-1, max-image-preview:large, max-video-preview:-1\" \/>\n<link rel=\"canonical\" href=\"https:\/\/tandoorvietnam.com\/vi\/hochiminh\/cau-chuyen-cua-chung-toi\/\" \/>\n<meta property=\"og:locale\" content=\"vi_VN\" \/>\n<meta property=\"og:type\" content=\"article\" \/>\n<meta property=\"og:title\" content=\"C\u00e2u chuy\u1ec7n\" \/>\n<meta property=\"og:description\" content=\"&quot;T\u1eeb n\u0103m 1997, nh\u00e0 h\u00e0ng \u1ea4n \u0110\u1ed9 Tandoor \u0111\u00e3 ph\u1ee5c v\u1ee5 nh\u1eefng m\u00f3n \u0103n \u1ea4n \u0110\u1ed9 ngon nh\u1ea5t t\u1ea1i Th\u00e0nh ph\u1ed1 H\u1ed3 Ch\u00ed Minh v\u00e0 H\u00e0 N\u1ed9i. \u0110\u1eb7t b\u00e0n.&quot;\" \/>\n<meta property=\"og:url\" content=\"https:\/\/tandoorvietnam.com\/vi\/hochiminh\/cau-chuyen-cua-chung-toi\/\" \/>\n<meta property=\"og:site_name\" content=\"Tandoor Vi\u1ec7t Nam\" \/>\n<meta property=\"article:publisher\" content=\"https:\/\/www.facebook.com\/tandoor.hcmc\/\" \/>\n<meta property=\"article:modified_time\" content=\"2023-12-29T10:34:04+00:00\" \/>\n<meta property=\"og:image\" content=\"https:\/\/tandoorvietnam.com\/wp-content\/uploads\/2023\/12\/About-Us-centered-vietnamese.png\" \/>\n\t<meta property=\"og:image:width\" content=\"1400\" \/>\n\t<meta property=\"og:image:height\" content=\"656\" \/>\n\t<meta property=\"og:image:type\" content=\"image\/png\" \/>\n<meta name=\"twitter:card\" content=\"summary_large_image\" \/>\n<meta name=\"twitter:label1\" content=\"Est. reading time\" \/>\n\t<meta name=\"twitter:data1\" content=\"14 minutes\" \/>\n<script type=\"application\/ld+json\" class=\"yoast-schema-graph\">{\"@context\":\"https:\\\/\\\/schema.org\",\"@graph\":[{\"@type\":\"WebPage\",\"@id\":\"https:\\\/\\\/tandoorvietnam.com\\\/vi\\\/hochiminh\\\/cau-chuyen-cua-chung-toi\\\/\",\"url\":\"https:\\\/\\\/tandoorvietnam.com\\\/vi\\\/hochiminh\\\/cau-chuyen-cua-chung-toi\\\/\",\"name\":\"C\u00e2u chuy\u1ec7n - Tandoor Vi\u1ec7t Nam\",\"isPartOf\":{\"@id\":\"https:\\\/\\\/tandoorvietnam.com\\\/vi\\\/#website\"},\"datePublished\":\"2021-04-24T09:42:17+00:00\",\"dateModified\":\"2023-12-29T10:34:04+00:00\",\"description\":\"\\\"T\u1eeb n\u0103m 1997, nh\u00e0 h\u00e0ng \u1ea4n \u0110\u1ed9 Tandoor \u0111\u00e3 ph\u1ee5c v\u1ee5 nh\u1eefng m\u00f3n \u0103n \u1ea4n \u0110\u1ed9 ngon nh\u1ea5t t\u1ea1i Th\u00e0nh ph\u1ed1 H\u1ed3 Ch\u00ed Minh v\u00e0 H\u00e0 N\u1ed9i. \u0110\u1eb7t b\u00e0n.\\\"\",\"breadcrumb\":{\"@id\":\"https:\\\/\\\/tandoorvietnam.com\\\/vi\\\/hochiminh\\\/cau-chuyen-cua-chung-toi\\\/#breadcrumb\"},\"inLanguage\":\"vi-VN\",\"potentialAction\":[{\"@type\":\"ReadAction\",\"target\":[\"https:\\\/\\\/tandoorvietnam.com\\\/vi\\\/hochiminh\\\/cau-chuyen-cua-chung-toi\\\/\"]}]},{\"@type\":\"BreadcrumbList\",\"@id\":\"https:\\\/\\\/tandoorvietnam.com\\\/vi\\\/hochiminh\\\/cau-chuyen-cua-chung-toi\\\/#breadcrumb\",\"itemListElement\":[{\"@type\":\"ListItem\",\"position\":1,\"name\":\"Trang Ch\u1ee7\",\"item\":\"https:\\\/\\\/tandoorvietnam.com\\\/vi\\\/\"},{\"@type\":\"ListItem\",\"position\":2,\"name\":\"C\u00e2u chuy\u1ec7n\"}]},{\"@type\":\"WebSite\",\"@id\":\"https:\\\/\\\/tandoorvietnam.com\\\/vi\\\/#website\",\"url\":\"https:\\\/\\\/tandoorvietnam.com\\\/vi\\\/\",\"name\":\"Tandoor Vietnam\",\"description\":\"Nh\u00e0 h\u00e0ng ngon h\u1ed3 ch\u00ed minh\",\"publisher\":{\"@id\":\"https:\\\/\\\/tandoorvietnam.com\\\/vi\\\/#organization\"},\"potentialAction\":[{\"@type\":\"SearchAction\",\"target\":{\"@type\":\"EntryPoint\",\"urlTemplate\":\"https:\\\/\\\/tandoorvietnam.com\\\/vi\\\/?s={search_term_string}\"},\"query-input\":{\"@type\":\"PropertyValueSpecification\",\"valueRequired\":true,\"valueName\":\"search_term_string\"}}],\"inLanguage\":\"vi-VN\"},{\"@type\":\"Organization\",\"@id\":\"https:\\\/\\\/tandoorvietnam.com\\\/vi\\\/#organization\",\"name\":\"Tandoor Vietnam\",\"url\":\"https:\\\/\\\/tandoorvietnam.com\\\/vi\\\/\",\"logo\":{\"@type\":\"ImageObject\",\"inLanguage\":\"vi-VN\",\"@id\":\"https:\\\/\\\/tandoorvietnam.com\\\/vi\\\/#\\\/schema\\\/logo\\\/image\\\/\",\"url\":\"https:\\\/\\\/tandoorvietnam.com\\\/wp-content\\\/uploads\\\/2020\\\/07\\\/logo.png\",\"contentUrl\":\"https:\\\/\\\/tandoorvietnam.com\\\/wp-content\\\/uploads\\\/2020\\\/07\\\/logo.png\",\"width\":133,\"height\":75,\"caption\":\"Tandoor Vietnam\"},\"image\":{\"@id\":\"https:\\\/\\\/tandoorvietnam.com\\\/vi\\\/#\\\/schema\\\/logo\\\/image\\\/\"},\"sameAs\":[\"https:\\\/\\\/www.facebook.com\\\/tandoor.hcmc\\\/\"]}]}<\/script>\n<!-- \/ Yoast SEO Premium plugin. -->","yoast_head_json":{"title":"C\u00e2u chuy\u1ec7n - Tandoor Vi\u1ec7t Nam","description":"\"T\u1eeb n\u0103m 1997, nh\u00e0 h\u00e0ng \u1ea4n \u0110\u1ed9 Tandoor \u0111\u00e3 ph\u1ee5c v\u1ee5 nh\u1eefng m\u00f3n \u0103n \u1ea4n \u0110\u1ed9 ngon nh\u1ea5t t\u1ea1i Th\u00e0nh ph\u1ed1 H\u1ed3 Ch\u00ed Minh v\u00e0 H\u00e0 N\u1ed9i. \u0110\u1eb7t b\u00e0n.\"","robots":{"index":"index","follow":"follow","max-snippet":"max-snippet:-1","max-image-preview":"max-image-preview:large","max-video-preview":"max-video-preview:-1"},"canonical":"https:\/\/tandoorvietnam.com\/vi\/hochiminh\/cau-chuyen-cua-chung-toi\/","og_locale":"vi_VN","og_type":"article","og_title":"C\u00e2u chuy\u1ec7n","og_description":"\"T\u1eeb n\u0103m 1997, nh\u00e0 h\u00e0ng \u1ea4n \u0110\u1ed9 Tandoor \u0111\u00e3 ph\u1ee5c v\u1ee5 nh\u1eefng m\u00f3n \u0103n \u1ea4n \u0110\u1ed9 ngon nh\u1ea5t t\u1ea1i Th\u00e0nh ph\u1ed1 H\u1ed3 Ch\u00ed Minh v\u00e0 H\u00e0 N\u1ed9i. \u0110\u1eb7t b\u00e0n.\"","og_url":"https:\/\/tandoorvietnam.com\/vi\/hochiminh\/cau-chuyen-cua-chung-toi\/","og_site_name":"Tandoor Vi\u1ec7t Nam","article_publisher":"https:\/\/www.facebook.com\/tandoor.hcmc\/","article_modified_time":"2023-12-29T10:34:04+00:00","og_image":[{"width":1400,"height":656,"url":"https:\/\/tandoorvietnam.com\/wp-content\/uploads\/2023\/12\/About-Us-centered-vietnamese.png","type":"image\/png"}],"twitter_card":"summary_large_image","twitter_misc":{"Est. reading time":"14 minutes"},"schema":{"@context":"https:\/\/schema.org","@graph":[{"@type":"WebPage","@id":"https:\/\/tandoorvietnam.com\/vi\/hochiminh\/cau-chuyen-cua-chung-toi\/","url":"https:\/\/tandoorvietnam.com\/vi\/hochiminh\/cau-chuyen-cua-chung-toi\/","name":"C\u00e2u chuy\u1ec7n - Tandoor Vi\u1ec7t Nam","isPartOf":{"@id":"https:\/\/tandoorvietnam.com\/vi\/#website"},"datePublished":"2021-04-24T09:42:17+00:00","dateModified":"2023-12-29T10:34:04+00:00","description":"\"T\u1eeb n\u0103m 1997, nh\u00e0 h\u00e0ng \u1ea4n \u0110\u1ed9 Tandoor \u0111\u00e3 ph\u1ee5c v\u1ee5 nh\u1eefng m\u00f3n \u0103n \u1ea4n \u0110\u1ed9 ngon nh\u1ea5t t\u1ea1i Th\u00e0nh ph\u1ed1 H\u1ed3 Ch\u00ed Minh v\u00e0 H\u00e0 N\u1ed9i. \u0110\u1eb7t b\u00e0n.\"","breadcrumb":{"@id":"https:\/\/tandoorvietnam.com\/vi\/hochiminh\/cau-chuyen-cua-chung-toi\/#breadcrumb"},"inLanguage":"vi-VN","potentialAction":[{"@type":"ReadAction","target":["https:\/\/tandoorvietnam.com\/vi\/hochiminh\/cau-chuyen-cua-chung-toi\/"]}]},{"@type":"BreadcrumbList","@id":"https:\/\/tandoorvietnam.com\/vi\/hochiminh\/cau-chuyen-cua-chung-toi\/#breadcrumb","itemListElement":[{"@type":"ListItem","position":1,"name":"Trang Ch\u1ee7","item":"https:\/\/tandoorvietnam.com\/vi\/"},{"@type":"ListItem","position":2,"name":"C\u00e2u chuy\u1ec7n"}]},{"@type":"WebSite","@id":"https:\/\/tandoorvietnam.com\/vi\/#website","url":"https:\/\/tandoorvietnam.com\/vi\/","name":"Tandoor Vietnam","description":"Nh\u00e0 h\u00e0ng ngon h\u1ed3 ch\u00ed minh","publisher":{"@id":"https:\/\/tandoorvietnam.com\/vi\/#organization"},"potentialAction":[{"@type":"SearchAction","target":{"@type":"EntryPoint","urlTemplate":"https:\/\/tandoorvietnam.com\/vi\/?s={search_term_string}"},"query-input":{"@type":"PropertyValueSpecification","valueRequired":true,"valueName":"search_term_string"}}],"inLanguage":"vi-VN"},{"@type":"Organization","@id":"https:\/\/tandoorvietnam.com\/vi\/#organization","name":"Tandoor Vietnam","url":"https:\/\/tandoorvietnam.com\/vi\/","logo":{"@type":"ImageObject","inLanguage":"vi-VN","@id":"https:\/\/tandoorvietnam.com\/vi\/#\/schema\/logo\/image\/","url":"https:\/\/tandoorvietnam.com\/wp-content\/uploads\/2020\/07\/logo.png","contentUrl":"https:\/\/tandoorvietnam.com\/wp-content\/uploads\/2020\/07\/logo.png","width":133,"height":75,"caption":"Tandoor Vietnam"},"image":{"@id":"https:\/\/tandoorvietnam.com\/vi\/#\/schema\/logo\/image\/"},"sameAs":["https:\/\/www.facebook.com\/tandoor.hcmc\/"]}]}},"_links":{"self":[{"href":"https:\/\/tandoorvietnam.com\/vi\/wp-json\/wp\/v2\/pages\/3610","targetHints":{"allow":["GET"]}}],"collection":[{"href":"https:\/\/tandoorvietnam.com\/vi\/wp-json\/wp\/v2\/pages"}],"about":[{"href":"https:\/\/tandoorvietnam.com\/vi\/wp-json\/wp\/v2\/types\/page"}],"author":[{"embeddable":true,"href":"https:\/\/tandoorvietnam.com\/vi\/wp-json\/wp\/v2\/users\/1"}],"replies":[{"embeddable":true,"href":"https:\/\/tandoorvietnam.com\/vi\/wp-json\/wp\/v2\/comments?post=3610"}],"version-history":[{"count":6,"href":"https:\/\/tandoorvietnam.com\/vi\/wp-json\/wp\/v2\/pages\/3610\/revisions"}],"predecessor-version":[{"id":7817,"href":"https:\/\/tandoorvietnam.com\/vi\/wp-json\/wp\/v2\/pages\/3610\/revisions\/7817"}],"wp:attachment":[{"href":"https:\/\/tandoorvietnam.com\/vi\/wp-json\/wp\/v2\/media?parent=3610"}],"curies":[{"name":"wp","href":"https:\/\/api.w.org\/{rel}","templated":true}]}}