{"id":3670,"date":"2021-04-25T07:27:12","date_gmt":"2021-04-25T07:27:12","guid":{"rendered":"http:\/\/tandoorvietnam.com\/trang-chu\/"},"modified":"2024-02-21T21:48:44","modified_gmt":"2024-02-21T14:48:44","slug":"tandoor-viet-nam-nha-hang-an-do","status":"publish","type":"page","link":"https:\/\/tandoorvietnam.com\/vi\/","title":{"rendered":"Trang ch\u1ee7"},"content":{"rendered":"","protected":false},"excerpt":{"rendered":"","protected":false},"author":1,"featured_media":7763,"parent":0,"menu_order":0,"comment_status":"closed","ping_status":"closed","template":"","meta":{"footnotes":""},"class_list":["post-3670","page","type-page","status-publish","has-post-thumbnail","hentry"],"yoast_head":"<!-- This site is optimized with the Yoast SEO Premium plugin v22.3 (Yoast SEO v27.4) - https:\/\/yoast.com\/product\/yoast-seo-premium-wordpress\/ -->\n<title>Trang ch\u1ee7 - Tandoor Vi\u1ec7t Nam NNh\u00e0 h\u00e0ng \u1ea4n \u0110\u1ed9 Tandoor t\u1ea1i S\u00e0i G\u00f2n v\u00e0 H\u00e0 N\u1ed9i<\/title>\n<meta name=\"description\" content=\"Nh\u00e0 h\u00e0ng \u1ea4n \u0110\u1ed9 Tandoor n\u1eb1m \u1edf trung t\u00e2m Th\u00e0nh ph\u1ed1 H\u1ed3 Ch\u00ed Minh v\u00e0 H\u00e0 N\u1ed9i, n\u01a1i ch\u00fang t\u00f4i t\u00f4n vinh \u1ea9m th\u1ef1c \u1ea4n \u0110\u1ed9 tuy\u1ec7t v\u1eddi nh\u1ea5t.\" \/>\n<meta name=\"robots\" content=\"index, follow, max-snippet:-1, max-image-preview:large, max-video-preview:-1\" \/>\n<link rel=\"canonical\" href=\"https:\/\/tandoorvietnam.com\/vi\/\" \/>\n<meta property=\"og:locale\" content=\"vi_VN\" \/>\n<meta property=\"og:type\" content=\"article\" \/>\n<meta property=\"og:title\" content=\"Trang ch\u1ee7\" \/>\n<meta property=\"og:description\" content=\"Nh\u00e0 h\u00e0ng \u1ea4n \u0110\u1ed9 Tandoor n\u1eb1m \u1edf trung t\u00e2m Th\u00e0nh ph\u1ed1 H\u1ed3 Ch\u00ed Minh v\u00e0 H\u00e0 N\u1ed9i, n\u01a1i ch\u00fang t\u00f4i t\u00f4n vinh \u1ea9m th\u1ef1c \u1ea4n \u0110\u1ed9 tuy\u1ec7t v\u1eddi nh\u1ea5t.\" \/>\n<meta property=\"og:url\" content=\"https:\/\/tandoorvietnam.com\/vi\/\" \/>\n<meta property=\"og:site_name\" content=\"Tandoor Vi\u1ec7t Nam\" \/>\n<meta property=\"article:publisher\" content=\"https:\/\/www.facebook.com\/tandoor.hcmc\/\" \/>\n<meta property=\"article:modified_time\" content=\"2024-02-21T14:48:44+00:00\" \/>\n<meta property=\"og:image\" content=\"https:\/\/tandoorvietnam.com\/wp-content\/uploads\/2023\/12\/Home-page-centered-vietnamese.png\" \/>\n\t<meta property=\"og:image:width\" content=\"1400\" \/>\n\t<meta property=\"og:image:height\" content=\"656\" \/>\n\t<meta property=\"og:image:type\" content=\"image\/png\" \/>\n<meta name=\"twitter:card\" content=\"summary_large_image\" \/>\n<meta name=\"twitter:label1\" content=\"Est. reading time\" \/>\n\t<meta name=\"twitter:data1\" content=\"1 minute\" \/>\n<script type=\"application\/ld+json\" class=\"yoast-schema-graph\">{\"@context\":\"https:\\\/\\\/schema.org\",\"@graph\":[{\"@type\":\"WebPage\",\"@id\":\"https:\\\/\\\/tandoorvietnam.com\\\/vi\\\/\",\"url\":\"https:\\\/\\\/tandoorvietnam.com\\\/vi\\\/\",\"name\":\"Trang ch\u1ee7 - Tandoor Vi\u1ec7t Nam NNh\u00e0 h\u00e0ng \u1ea4n \u0110\u1ed9 Tandoor t\u1ea1i S\u00e0i G\u00f2n v\u00e0 H\u00e0 N\u1ed9i\",\"isPartOf\":{\"@id\":\"https:\\\/\\\/tandoorvietnam.com\\\/vi\\\/#website\"},\"primaryImageOfPage\":{\"@id\":\"https:\\\/\\\/tandoorvietnam.com\\\/vi\\\/#primaryimage\"},\"image\":{\"@id\":\"https:\\\/\\\/tandoorvietnam.com\\\/vi\\\/#primaryimage\"},\"thumbnailUrl\":\"https:\\\/\\\/tandoorvietnam.com\\\/wp-content\\\/uploads\\\/2023\\\/12\\\/Home-page-centered.png\",\"datePublished\":\"2021-04-25T07:27:12+00:00\",\"dateModified\":\"2024-02-21T14:48:44+00:00\",\"description\":\"Nh\u00e0 h\u00e0ng \u1ea4n \u0110\u1ed9 Tandoor n\u1eb1m \u1edf trung t\u00e2m Th\u00e0nh ph\u1ed1 H\u1ed3 Ch\u00ed Minh v\u00e0 H\u00e0 N\u1ed9i, n\u01a1i ch\u00fang t\u00f4i t\u00f4n vinh \u1ea9m th\u1ef1c \u1ea4n \u0110\u1ed9 tuy\u1ec7t v\u1eddi nh\u1ea5t.\",\"breadcrumb\":{\"@id\":\"https:\\\/\\\/tandoorvietnam.com\\\/vi\\\/#breadcrumb\"},\"inLanguage\":\"vi-VN\",\"potentialAction\":[{\"@type\":\"ReadAction\",\"target\":[\"https:\\\/\\\/tandoorvietnam.com\\\/vi\\\/\"]}]},{\"@type\":\"ImageObject\",\"inLanguage\":\"vi-VN\",\"@id\":\"https:\\\/\\\/tandoorvietnam.com\\\/vi\\\/#primaryimage\",\"url\":\"https:\\\/\\\/tandoorvietnam.com\\\/wp-content\\\/uploads\\\/2023\\\/12\\\/Home-page-centered.png\",\"contentUrl\":\"https:\\\/\\\/tandoorvietnam.com\\\/wp-content\\\/uploads\\\/2023\\\/12\\\/Home-page-centered.png\",\"width\":1400,\"height\":656,\"caption\":\"tandoor vietnam indian restaurant\"},{\"@type\":\"BreadcrumbList\",\"@id\":\"https:\\\/\\\/tandoorvietnam.com\\\/vi\\\/#breadcrumb\",\"itemListElement\":[{\"@type\":\"ListItem\",\"position\":1,\"name\":\"Trang Ch\u1ee7\",\"item\":\"https:\\\/\\\/tandoorvietnam.com\\\/vi\\\/\"},{\"@type\":\"ListItem\",\"position\":2,\"name\":\"Trang ch\u1ee7\"}]},{\"@type\":\"WebSite\",\"@id\":\"https:\\\/\\\/tandoorvietnam.com\\\/vi\\\/#website\",\"url\":\"https:\\\/\\\/tandoorvietnam.com\\\/vi\\\/\",\"name\":\"Tandoor Vietnam\",\"description\":\"Nh\u00e0 h\u00e0ng ngon h\u1ed3 ch\u00ed minh\",\"publisher\":{\"@id\":\"https:\\\/\\\/tandoorvietnam.com\\\/vi\\\/#organization\"},\"potentialAction\":[{\"@type\":\"SearchAction\",\"target\":{\"@type\":\"EntryPoint\",\"urlTemplate\":\"https:\\\/\\\/tandoorvietnam.com\\\/vi\\\/?s={search_term_string}\"},\"query-input\":{\"@type\":\"PropertyValueSpecification\",\"valueRequired\":true,\"valueName\":\"search_term_string\"}}],\"inLanguage\":\"vi-VN\"},{\"@type\":\"Organization\",\"@id\":\"https:\\\/\\\/tandoorvietnam.com\\\/vi\\\/#organization\",\"name\":\"Tandoor Vietnam\",\"url\":\"https:\\\/\\\/tandoorvietnam.com\\\/vi\\\/\",\"logo\":{\"@type\":\"ImageObject\",\"inLanguage\":\"vi-VN\",\"@id\":\"https:\\\/\\\/tandoorvietnam.com\\\/vi\\\/#\\\/schema\\\/logo\\\/image\\\/\",\"url\":\"https:\\\/\\\/tandoorvietnam.com\\\/wp-content\\\/uploads\\\/2020\\\/07\\\/logo.png\",\"contentUrl\":\"https:\\\/\\\/tandoorvietnam.com\\\/wp-content\\\/uploads\\\/2020\\\/07\\\/logo.png\",\"width\":133,\"height\":75,\"caption\":\"Tandoor Vietnam\"},\"image\":{\"@id\":\"https:\\\/\\\/tandoorvietnam.com\\\/vi\\\/#\\\/schema\\\/logo\\\/image\\\/\"},\"sameAs\":[\"https:\\\/\\\/www.facebook.com\\\/tandoor.hcmc\\\/\"]}]}<\/script>\n<!-- \/ Yoast SEO Premium plugin. -->","yoast_head_json":{"title":"Trang ch\u1ee7 - Tandoor Vi\u1ec7t Nam NNh\u00e0 h\u00e0ng \u1ea4n \u0110\u1ed9 Tandoor t\u1ea1i S\u00e0i G\u00f2n v\u00e0 H\u00e0 N\u1ed9i","description":"Nh\u00e0 h\u00e0ng \u1ea4n \u0110\u1ed9 Tandoor n\u1eb1m \u1edf trung t\u00e2m Th\u00e0nh ph\u1ed1 H\u1ed3 Ch\u00ed Minh v\u00e0 H\u00e0 N\u1ed9i, n\u01a1i ch\u00fang t\u00f4i t\u00f4n vinh \u1ea9m th\u1ef1c \u1ea4n \u0110\u1ed9 tuy\u1ec7t v\u1eddi nh\u1ea5t.","robots":{"index":"index","follow":"follow","max-snippet":"max-snippet:-1","max-image-preview":"max-image-preview:large","max-video-preview":"max-video-preview:-1"},"canonical":"https:\/\/tandoorvietnam.com\/vi\/","og_locale":"vi_VN","og_type":"article","og_title":"Trang ch\u1ee7","og_description":"Nh\u00e0 h\u00e0ng \u1ea4n \u0110\u1ed9 Tandoor n\u1eb1m \u1edf trung t\u00e2m Th\u00e0nh ph\u1ed1 H\u1ed3 Ch\u00ed Minh v\u00e0 H\u00e0 N\u1ed9i, n\u01a1i ch\u00fang t\u00f4i t\u00f4n vinh \u1ea9m th\u1ef1c \u1ea4n \u0110\u1ed9 tuy\u1ec7t v\u1eddi nh\u1ea5t.","og_url":"https:\/\/tandoorvietnam.com\/vi\/","og_site_name":"Tandoor Vi\u1ec7t Nam","article_publisher":"https:\/\/www.facebook.com\/tandoor.hcmc\/","article_modified_time":"2024-02-21T14:48:44+00:00","og_image":[{"width":1400,"height":656,"url":"https:\/\/tandoorvietnam.com\/wp-content\/uploads\/2023\/12\/Home-page-centered-vietnamese.png","type":"image\/png"}],"twitter_card":"summary_large_image","twitter_misc":{"Est. reading time":"1 minute"},"schema":{"@context":"https:\/\/schema.org","@graph":[{"@type":"WebPage","@id":"https:\/\/tandoorvietnam.com\/vi\/","url":"https:\/\/tandoorvietnam.com\/vi\/","name":"Trang ch\u1ee7 - Tandoor Vi\u1ec7t Nam NNh\u00e0 h\u00e0ng \u1ea4n \u0110\u1ed9 Tandoor t\u1ea1i S\u00e0i G\u00f2n v\u00e0 H\u00e0 N\u1ed9i","isPartOf":{"@id":"https:\/\/tandoorvietnam.com\/vi\/#website"},"primaryImageOfPage":{"@id":"https:\/\/tandoorvietnam.com\/vi\/#primaryimage"},"image":{"@id":"https:\/\/tandoorvietnam.com\/vi\/#primaryimage"},"thumbnailUrl":"https:\/\/tandoorvietnam.com\/wp-content\/uploads\/2023\/12\/Home-page-centered.png","datePublished":"2021-04-25T07:27:12+00:00","dateModified":"2024-02-21T14:48:44+00:00","description":"Nh\u00e0 h\u00e0ng \u1ea4n \u0110\u1ed9 Tandoor n\u1eb1m \u1edf trung t\u00e2m Th\u00e0nh ph\u1ed1 H\u1ed3 Ch\u00ed Minh v\u00e0 H\u00e0 N\u1ed9i, n\u01a1i ch\u00fang t\u00f4i t\u00f4n vinh \u1ea9m th\u1ef1c \u1ea4n \u0110\u1ed9 tuy\u1ec7t v\u1eddi nh\u1ea5t.","breadcrumb":{"@id":"https:\/\/tandoorvietnam.com\/vi\/#breadcrumb"},"inLanguage":"vi-VN","potentialAction":[{"@type":"ReadAction","target":["https:\/\/tandoorvietnam.com\/vi\/"]}]},{"@type":"ImageObject","inLanguage":"vi-VN","@id":"https:\/\/tandoorvietnam.com\/vi\/#primaryimage","url":"https:\/\/tandoorvietnam.com\/wp-content\/uploads\/2023\/12\/Home-page-centered.png","contentUrl":"https:\/\/tandoorvietnam.com\/wp-content\/uploads\/2023\/12\/Home-page-centered.png","width":1400,"height":656,"caption":"tandoor vietnam indian restaurant"},{"@type":"BreadcrumbList","@id":"https:\/\/tandoorvietnam.com\/vi\/#breadcrumb","itemListElement":[{"@type":"ListItem","position":1,"name":"Trang Ch\u1ee7","item":"https:\/\/tandoorvietnam.com\/vi\/"},{"@type":"ListItem","position":2,"name":"Trang ch\u1ee7"}]},{"@type":"WebSite","@id":"https:\/\/tandoorvietnam.com\/vi\/#website","url":"https:\/\/tandoorvietnam.com\/vi\/","name":"Tandoor Vietnam","description":"Nh\u00e0 h\u00e0ng ngon h\u1ed3 ch\u00ed minh","publisher":{"@id":"https:\/\/tandoorvietnam.com\/vi\/#organization"},"potentialAction":[{"@type":"SearchAction","target":{"@type":"EntryPoint","urlTemplate":"https:\/\/tandoorvietnam.com\/vi\/?s={search_term_string}"},"query-input":{"@type":"PropertyValueSpecification","valueRequired":true,"valueName":"search_term_string"}}],"inLanguage":"vi-VN"},{"@type":"Organization","@id":"https:\/\/tandoorvietnam.com\/vi\/#organization","name":"Tandoor Vietnam","url":"https:\/\/tandoorvietnam.com\/vi\/","logo":{"@type":"ImageObject","inLanguage":"vi-VN","@id":"https:\/\/tandoorvietnam.com\/vi\/#\/schema\/logo\/image\/","url":"https:\/\/tandoorvietnam.com\/wp-content\/uploads\/2020\/07\/logo.png","contentUrl":"https:\/\/tandoorvietnam.com\/wp-content\/uploads\/2020\/07\/logo.png","width":133,"height":75,"caption":"Tandoor Vietnam"},"image":{"@id":"https:\/\/tandoorvietnam.com\/vi\/#\/schema\/logo\/image\/"},"sameAs":["https:\/\/www.facebook.com\/tandoor.hcmc\/"]}]}},"_links":{"self":[{"href":"https:\/\/tandoorvietnam.com\/vi\/wp-json\/wp\/v2\/pages\/3670","targetHints":{"allow":["GET"]}}],"collection":[{"href":"https:\/\/tandoorvietnam.com\/vi\/wp-json\/wp\/v2\/pages"}],"about":[{"href":"https:\/\/tandoorvietnam.com\/vi\/wp-json\/wp\/v2\/types\/page"}],"author":[{"embeddable":true,"href":"https:\/\/tandoorvietnam.com\/vi\/wp-json\/wp\/v2\/users\/1"}],"replies":[{"embeddable":true,"href":"https:\/\/tandoorvietnam.com\/vi\/wp-json\/wp\/v2\/comments?post=3670"}],"version-history":[{"count":20,"href":"https:\/\/tandoorvietnam.com\/vi\/wp-json\/wp\/v2\/pages\/3670\/revisions"}],"predecessor-version":[{"id":8162,"href":"https:\/\/tandoorvietnam.com\/vi\/wp-json\/wp\/v2\/pages\/3670\/revisions\/8162"}],"wp:featuredmedia":[{"embeddable":true,"href":"https:\/\/tandoorvietnam.com\/vi\/wp-json\/wp\/v2\/media\/7763"}],"wp:attachment":[{"href":"https:\/\/tandoorvietnam.com\/vi\/wp-json\/wp\/v2\/media?parent=3670"}],"curies":[{"name":"wp","href":"https:\/\/api.w.org\/{rel}","templated":true}]}}