{"id":2899,"date":"2020-06-16T14:18:45","date_gmt":"2020-06-16T14:18:45","guid":{"rendered":"http:\/\/tandoorvietnam.com\/product\/uncategorized\/khoai-tay-vien-ca-ri-chien-gion\/"},"modified":"2025-10-16T14:19:51","modified_gmt":"2025-10-16T07:19:51","slug":"khoai-tay-vien-ca-ri-chien-gion","status":"publish","type":"product","link":"https:\/\/tandoorvietnam.com\/vi\/sanpham\/cac-mon-khai-vi\/khoai-tay-vien-ca-ri-chien-gion\/","title":{"rendered":"Aloo Bhoonda (KHOAI T\u00c2Y VI\u00caN C\u00c0 RI CHI\u00caN GI\u00d2N)"},"content":{"rendered":"<p>Khoai t\u00e2y vi\u00ean c\u00e0 ri chi\u00ean gi\u00f2n l\u00e0 m\u1ed9t m\u00f3n khai v\u1ecb tuy\u1ec7t v\u1eddi t\u1ea1i Tandoor Vietnam. Ch\u00fang t\u00f4i t\u1ea1o ra nh\u1eefng vi\u00ean khoai t\u00e2y gi\u00f2n r\u1ee5m, \u0111\u01b0\u1ee3c chi\u00ean v\u00e0 \u01b0\u1edbp v\u1edbi h\u1ed7n h\u1ee3p gia v\u1ecb c\u00e0 ri \u0111\u1eb7c tr\u01b0ng. K\u1ebft qu\u1ea3 l\u00e0 m\u1ed9t m\u00f3n \u0103n mang h\u01b0\u01a1ng v\u1ecb \u0111\u1ed9c \u0111\u00e1o, k\u1ebft h\u1ee3p gi\u1eefa v\u1ecb ng\u1ecdt c\u1ee7a khoai t\u00e2y v\u00e0 h\u01b0\u01a1ng th\u01a1m c\u1ee7a c\u00e0 ri.<\/p>\n<p>Aloo Bhoonda l\u00e0 s\u1ef1 k\u1ebft h\u1ee3p ho\u00e0n h\u1ea3o gi\u1eefa nguy\u00ean li\u1ec7u \u0111\u01a1n gi\u1ea3n v\u00e0 m\u1ed9t lo\u1ea1t gia v\u1ecb tinh t\u1ebf. Khoai t\u00e2y \u0111\u01b0\u1ee3c ch\u1ecdn l\u1ef1a k\u1ef9 c\u00e0ng v\u00e0 ch\u1ebf bi\u1ebfn th\u00e0nh nh\u1eefng vi\u00ean vi\u00ean c\u00e0 ri nh\u1ecf, gi\u00fap b\u1eefa \u0103n th\u00eam ph\u1ea7n \u0111a d\u1ea1ng v\u00e0 h\u1ea5p d\u1eabn.<\/p>\n<p>V\u1edbi m\u1ed7i mi\u1ebfng Aloo Bhoonda, b\u1ea1n s\u1ebd tr\u1ea3i nghi\u1ec7m m\u1ed9t c\u1ea3m gi\u00e1c gi\u00f2n tan ngon l\u00e0nh t\u1eeb b\u1ec1 m\u1eb7t chi\u00ean v\u00e0 b\u00ean trong l\u00e0 s\u1ef1 m\u1ec1m m\u1ecbn c\u1ee7a khoai t\u00e2y. Gia v\u1ecb c\u00e0 ri tinh t\u1ebf, h\u00f2a quy\u1ec7n v\u1edbi h\u01b0\u01a1ng v\u1ecb ng\u1ecdt ng\u00e0o c\u1ee7a khoai t\u00e2y, t\u1ea1o n\u00ean m\u1ed9t h\u01b0\u01a1ng v\u1ecb th\u00fa v\u1ecb v\u00e0 \u0111\u1ed9c \u0111\u00e1o.<\/p>\n<p>Aloo Bhoonda l\u00e0 m\u1ed9t m\u00f3n khai v\u1ecb ph\u1ed5 bi\u1ebfn trong \u1ea9m th\u1ef1c \u1ea4n \u0110\u1ed9, v\u00e0 t\u1ea1i Tandoor Vietnam, ch\u00fang t\u00f4i t\u1ef1 h\u00e0o mang \u0111\u1ebfn cho b\u1ea1n s\u1ef1 ph\u1ee5c v\u1ee5 ch\u1ea5t l\u01b0\u1ee3ng v\u00e0 \u0111a d\u1ea1ng trong m\u1ed7i m\u00f3n \u0103n.<\/p>\n<p>H\u00e3y kh\u00e1m ph\u00e1 h\u01b0\u01a1ng v\u1ecb \u0111\u1ed9c \u0111\u00e1o c\u1ee7a Aloo Bhoonda\u00a0t\u1ea1i <a href=\"https:\/\/tandoorvietnam.com\/vi\/\">Tandoor Vietnam<\/a>. M\u00f3n \u0103n n\u00e0y kh\u00f4ng ch\u1ec9 l\u00e0 m\u1ed9t l\u1ef1a ch\u1ecdn tuy\u1ec7t v\u1eddi cho b\u1eefa khai v\u1ecb m\u00e0 c\u00f2n l\u00e0 m\u1ed9t tr\u1ea3i nghi\u1ec7m \u1ea9m th\u1ef1c \u0111\u1ed9c \u0111\u00e1o \u0111\u1ec3 th\u01b0\u1edfng th\u1ee9c c\u00f9ng gia \u0111\u00ecnh v\u00e0 b\u1ea1n b\u00e8.<\/p>\n","protected":false},"excerpt":{"rendered":"<table width=\"723\">\n<tbody>\n<tr>\n<td width=\"412\">Khoai t\u00e2y nghi\u1ec1n t\u1ea9m gia v\u1ecb chi\u00ean gi\u00f2n (6 vi\u00ean)<\/td>\n<\/tr>\n<tr>\n<td width=\"412\">\n    <em>Khoai t\u00e2y tan nhuy\u1ec5n v\u1edbi gia v\u1ecb cay v\u00e0 l\u00e1 cari, gi\u00f2n gi\u00f2n<\/em>\n  <\/td>\n<\/tr>\n<\/tbody>\n<\/table>\n","protected":false},"featured_media":2900,"template":"","meta":[],"product_brand":[],"product_cat":[213],"product_tag":[],"class_list":{"0":"post-2899","1":"product","2":"type-product","3":"status-publish","4":"has-post-thumbnail","6":"product_cat-cac-mon-khai-vi","8":"first","9":"instock","10":"taxable","11":"shipping-taxable","12":"purchasable","13":"product-type-simple"},"yoast_head":"<!-- This site is optimized with the Yoast SEO Premium plugin v22.3 (Yoast SEO v27.4) - https:\/\/yoast.com\/product\/yoast-seo-premium-wordpress\/ -->\n<title>Aloo Bhoonda (KHOAI T\u00c2Y VI\u00caN C\u00c0 RI CHI\u00caN GI\u00d2N)<\/title>\n<meta name=\"description\" content=\"Khoai t\u00e2y vi\u00ean c\u00e0 ri chi\u00ean gi\u00f2n - m\u00f3n khai v\u1ecb tuy\u1ec7t v\u1eddi t\u1ea1i Tandoor Vietnam, v\u1edbi s\u1ef1 k\u1ebft h\u1ee3p ho\u00e0n h\u1ea3o gi\u1eefa khoai t\u00e2y v\u00e0 c\u00e0 ri, mang \u0111\u1ebfn h\u01b0\u01a1ng v\u1ecb \u0111\u1ed9c \u0111\u00e1o.\" \/>\n<meta name=\"robots\" content=\"index, follow, max-snippet:-1, max-image-preview:large, max-video-preview:-1\" \/>\n<link rel=\"canonical\" href=\"https:\/\/tandoorvietnam.com\/vi\/sanpham\/cac-mon-khai-vi\/khoai-tay-vien-ca-ri-chien-gion\/\" \/>\n<meta property=\"og:locale\" content=\"vi_VN\" \/>\n<meta property=\"og:type\" content=\"article\" \/>\n<meta property=\"og:title\" content=\"Aloo Bhoonda (KHOAI T\u00c2Y VI\u00caN C\u00c0 RI CHI\u00caN GI\u00d2N)\" \/>\n<meta property=\"og:description\" content=\"Khoai t\u00e2y vi\u00ean c\u00e0 ri chi\u00ean gi\u00f2n - m\u00f3n khai v\u1ecb tuy\u1ec7t v\u1eddi t\u1ea1i Tandoor Vietnam, v\u1edbi s\u1ef1 k\u1ebft h\u1ee3p ho\u00e0n h\u1ea3o gi\u1eefa khoai t\u00e2y v\u00e0 c\u00e0 ri, mang \u0111\u1ebfn h\u01b0\u01a1ng v\u1ecb \u0111\u1ed9c \u0111\u00e1o.\" \/>\n<meta property=\"og:url\" content=\"https:\/\/tandoorvietnam.com\/vi\/sanpham\/cac-mon-khai-vi\/khoai-tay-vien-ca-ri-chien-gion\/\" \/>\n<meta property=\"og:site_name\" content=\"Tandoor Vi\u1ec7t Nam\" \/>\n<meta property=\"article:publisher\" content=\"https:\/\/www.facebook.com\/tandoor.hcmc\/\" \/>\n<meta property=\"article:modified_time\" content=\"2025-10-16T07:19:51+00:00\" \/>\n<meta property=\"og:image\" content=\"https:\/\/tandoorvietnam.com\/wp-content\/uploads\/2020\/06\/Aloo-bhoonda1.jpg\" \/>\n\t<meta property=\"og:image:width\" content=\"1400\" \/>\n\t<meta property=\"og:image:height\" content=\"1400\" \/>\n\t<meta property=\"og:image:type\" content=\"image\/jpeg\" \/>\n<meta name=\"twitter:card\" content=\"summary_large_image\" \/>\n<meta name=\"twitter:label1\" content=\"Est. reading time\" \/>\n\t<meta name=\"twitter:data1\" content=\"2 minutes\" \/>\n<script type=\"application\/ld+json\" class=\"yoast-schema-graph\">{\"@context\":\"https:\\\/\\\/schema.org\",\"@graph\":[{\"@type\":\"WebPage\",\"@id\":\"https:\\\/\\\/tandoorvietnam.com\\\/vi\\\/sanpham\\\/cac-mon-khai-vi\\\/khoai-tay-vien-ca-ri-chien-gion\\\/\",\"url\":\"https:\\\/\\\/tandoorvietnam.com\\\/vi\\\/sanpham\\\/cac-mon-khai-vi\\\/khoai-tay-vien-ca-ri-chien-gion\\\/\",\"name\":\"Aloo Bhoonda (KHOAI T\u00c2Y VI\u00caN C\u00c0 RI CHI\u00caN GI\u00d2N)\",\"isPartOf\":{\"@id\":\"https:\\\/\\\/tandoorvietnam.com\\\/vi\\\/#website\"},\"primaryImageOfPage\":{\"@id\":\"https:\\\/\\\/tandoorvietnam.com\\\/vi\\\/sanpham\\\/cac-mon-khai-vi\\\/khoai-tay-vien-ca-ri-chien-gion\\\/#primaryimage\"},\"image\":{\"@id\":\"https:\\\/\\\/tandoorvietnam.com\\\/vi\\\/sanpham\\\/cac-mon-khai-vi\\\/khoai-tay-vien-ca-ri-chien-gion\\\/#primaryimage\"},\"thumbnailUrl\":\"https:\\\/\\\/tandoorvietnam.com\\\/wp-content\\\/uploads\\\/2020\\\/06\\\/Aloo-bhoonda1.jpg\",\"datePublished\":\"2020-06-16T14:18:45+00:00\",\"dateModified\":\"2025-10-16T07:19:51+00:00\",\"description\":\"Khoai t\u00e2y vi\u00ean c\u00e0 ri chi\u00ean gi\u00f2n - m\u00f3n khai v\u1ecb tuy\u1ec7t v\u1eddi t\u1ea1i Tandoor Vietnam, v\u1edbi s\u1ef1 k\u1ebft h\u1ee3p ho\u00e0n h\u1ea3o gi\u1eefa khoai t\u00e2y v\u00e0 c\u00e0 ri, mang \u0111\u1ebfn h\u01b0\u01a1ng v\u1ecb \u0111\u1ed9c \u0111\u00e1o.\",\"breadcrumb\":{\"@id\":\"https:\\\/\\\/tandoorvietnam.com\\\/vi\\\/sanpham\\\/cac-mon-khai-vi\\\/khoai-tay-vien-ca-ri-chien-gion\\\/#breadcrumb\"},\"inLanguage\":\"vi-VN\",\"potentialAction\":[{\"@type\":\"ReadAction\",\"target\":[\"https:\\\/\\\/tandoorvietnam.com\\\/vi\\\/sanpham\\\/cac-mon-khai-vi\\\/khoai-tay-vien-ca-ri-chien-gion\\\/\"]}]},{\"@type\":\"ImageObject\",\"inLanguage\":\"vi-VN\",\"@id\":\"https:\\\/\\\/tandoorvietnam.com\\\/vi\\\/sanpham\\\/cac-mon-khai-vi\\\/khoai-tay-vien-ca-ri-chien-gion\\\/#primaryimage\",\"url\":\"https:\\\/\\\/tandoorvietnam.com\\\/wp-content\\\/uploads\\\/2020\\\/06\\\/Aloo-bhoonda1.jpg\",\"contentUrl\":\"https:\\\/\\\/tandoorvietnam.com\\\/wp-content\\\/uploads\\\/2020\\\/06\\\/Aloo-bhoonda1.jpg\",\"width\":1400,\"height\":1400,\"caption\":\"KHOAI T\u00c2Y VI\u00caN C\u00c0 RI CHI\u00caN GI\u00d2N\"},{\"@type\":\"BreadcrumbList\",\"@id\":\"https:\\\/\\\/tandoorvietnam.com\\\/vi\\\/sanpham\\\/cac-mon-khai-vi\\\/khoai-tay-vien-ca-ri-chien-gion\\\/#breadcrumb\",\"itemListElement\":[{\"@type\":\"ListItem\",\"position\":1,\"name\":\"Trang Ch\u1ee7\",\"item\":\"https:\\\/\\\/tandoorvietnam.com\\\/vi\\\/\"},{\"@type\":\"ListItem\",\"position\":2,\"name\":\"Shop\",\"item\":\"https:\\\/\\\/tandoorvietnam.com\\\/shop\\\/\"},{\"@type\":\"ListItem\",\"position\":3,\"name\":\"Aloo Bhoonda (KHOAI T\u00c2Y VI\u00caN C\u00c0 RI CHI\u00caN GI\u00d2N)\"}]},{\"@type\":\"WebSite\",\"@id\":\"https:\\\/\\\/tandoorvietnam.com\\\/vi\\\/#website\",\"url\":\"https:\\\/\\\/tandoorvietnam.com\\\/vi\\\/\",\"name\":\"Tandoor Vietnam\",\"description\":\"Nh\u00e0 h\u00e0ng ngon h\u1ed3 ch\u00ed minh\",\"publisher\":{\"@id\":\"https:\\\/\\\/tandoorvietnam.com\\\/vi\\\/#organization\"},\"potentialAction\":[{\"@type\":\"SearchAction\",\"target\":{\"@type\":\"EntryPoint\",\"urlTemplate\":\"https:\\\/\\\/tandoorvietnam.com\\\/vi\\\/?s={search_term_string}\"},\"query-input\":{\"@type\":\"PropertyValueSpecification\",\"valueRequired\":true,\"valueName\":\"search_term_string\"}}],\"inLanguage\":\"vi-VN\"},{\"@type\":\"Organization\",\"@id\":\"https:\\\/\\\/tandoorvietnam.com\\\/vi\\\/#organization\",\"name\":\"Tandoor Vietnam\",\"url\":\"https:\\\/\\\/tandoorvietnam.com\\\/vi\\\/\",\"logo\":{\"@type\":\"ImageObject\",\"inLanguage\":\"vi-VN\",\"@id\":\"https:\\\/\\\/tandoorvietnam.com\\\/vi\\\/#\\\/schema\\\/logo\\\/image\\\/\",\"url\":\"https:\\\/\\\/tandoorvietnam.com\\\/wp-content\\\/uploads\\\/2020\\\/07\\\/logo.png\",\"contentUrl\":\"https:\\\/\\\/tandoorvietnam.com\\\/wp-content\\\/uploads\\\/2020\\\/07\\\/logo.png\",\"width\":133,\"height\":75,\"caption\":\"Tandoor Vietnam\"},\"image\":{\"@id\":\"https:\\\/\\\/tandoorvietnam.com\\\/vi\\\/#\\\/schema\\\/logo\\\/image\\\/\"},\"sameAs\":[\"https:\\\/\\\/www.facebook.com\\\/tandoor.hcmc\\\/\"]}]}<\/script>\n<!-- \/ Yoast SEO Premium plugin. -->","yoast_head_json":{"title":"Aloo Bhoonda (KHOAI T\u00c2Y VI\u00caN C\u00c0 RI CHI\u00caN GI\u00d2N)","description":"Khoai t\u00e2y vi\u00ean c\u00e0 ri chi\u00ean gi\u00f2n - m\u00f3n khai v\u1ecb tuy\u1ec7t v\u1eddi t\u1ea1i Tandoor Vietnam, v\u1edbi s\u1ef1 k\u1ebft h\u1ee3p ho\u00e0n h\u1ea3o gi\u1eefa khoai t\u00e2y v\u00e0 c\u00e0 ri, mang \u0111\u1ebfn h\u01b0\u01a1ng v\u1ecb \u0111\u1ed9c \u0111\u00e1o.","robots":{"index":"index","follow":"follow","max-snippet":"max-snippet:-1","max-image-preview":"max-image-preview:large","max-video-preview":"max-video-preview:-1"},"canonical":"https:\/\/tandoorvietnam.com\/vi\/sanpham\/cac-mon-khai-vi\/khoai-tay-vien-ca-ri-chien-gion\/","og_locale":"vi_VN","og_type":"article","og_title":"Aloo Bhoonda (KHOAI T\u00c2Y VI\u00caN C\u00c0 RI CHI\u00caN GI\u00d2N)","og_description":"Khoai t\u00e2y vi\u00ean c\u00e0 ri chi\u00ean gi\u00f2n - m\u00f3n khai v\u1ecb tuy\u1ec7t v\u1eddi t\u1ea1i Tandoor Vietnam, v\u1edbi s\u1ef1 k\u1ebft h\u1ee3p ho\u00e0n h\u1ea3o gi\u1eefa khoai t\u00e2y v\u00e0 c\u00e0 ri, mang \u0111\u1ebfn h\u01b0\u01a1ng v\u1ecb \u0111\u1ed9c \u0111\u00e1o.","og_url":"https:\/\/tandoorvietnam.com\/vi\/sanpham\/cac-mon-khai-vi\/khoai-tay-vien-ca-ri-chien-gion\/","og_site_name":"Tandoor Vi\u1ec7t Nam","article_publisher":"https:\/\/www.facebook.com\/tandoor.hcmc\/","article_modified_time":"2025-10-16T07:19:51+00:00","og_image":[{"width":1400,"height":1400,"url":"https:\/\/tandoorvietnam.com\/wp-content\/uploads\/2020\/06\/Aloo-bhoonda1.jpg","type":"image\/jpeg"}],"twitter_card":"summary_large_image","twitter_misc":{"Est. reading time":"2 minutes"},"schema":{"@context":"https:\/\/schema.org","@graph":[{"@type":"WebPage","@id":"https:\/\/tandoorvietnam.com\/vi\/sanpham\/cac-mon-khai-vi\/khoai-tay-vien-ca-ri-chien-gion\/","url":"https:\/\/tandoorvietnam.com\/vi\/sanpham\/cac-mon-khai-vi\/khoai-tay-vien-ca-ri-chien-gion\/","name":"Aloo Bhoonda (KHOAI T\u00c2Y VI\u00caN C\u00c0 RI CHI\u00caN GI\u00d2N)","isPartOf":{"@id":"https:\/\/tandoorvietnam.com\/vi\/#website"},"primaryImageOfPage":{"@id":"https:\/\/tandoorvietnam.com\/vi\/sanpham\/cac-mon-khai-vi\/khoai-tay-vien-ca-ri-chien-gion\/#primaryimage"},"image":{"@id":"https:\/\/tandoorvietnam.com\/vi\/sanpham\/cac-mon-khai-vi\/khoai-tay-vien-ca-ri-chien-gion\/#primaryimage"},"thumbnailUrl":"https:\/\/tandoorvietnam.com\/wp-content\/uploads\/2020\/06\/Aloo-bhoonda1.jpg","datePublished":"2020-06-16T14:18:45+00:00","dateModified":"2025-10-16T07:19:51+00:00","description":"Khoai t\u00e2y vi\u00ean c\u00e0 ri chi\u00ean gi\u00f2n - m\u00f3n khai v\u1ecb tuy\u1ec7t v\u1eddi t\u1ea1i Tandoor Vietnam, v\u1edbi s\u1ef1 k\u1ebft h\u1ee3p ho\u00e0n h\u1ea3o gi\u1eefa khoai t\u00e2y v\u00e0 c\u00e0 ri, mang \u0111\u1ebfn h\u01b0\u01a1ng v\u1ecb \u0111\u1ed9c \u0111\u00e1o.","breadcrumb":{"@id":"https:\/\/tandoorvietnam.com\/vi\/sanpham\/cac-mon-khai-vi\/khoai-tay-vien-ca-ri-chien-gion\/#breadcrumb"},"inLanguage":"vi-VN","potentialAction":[{"@type":"ReadAction","target":["https:\/\/tandoorvietnam.com\/vi\/sanpham\/cac-mon-khai-vi\/khoai-tay-vien-ca-ri-chien-gion\/"]}]},{"@type":"ImageObject","inLanguage":"vi-VN","@id":"https:\/\/tandoorvietnam.com\/vi\/sanpham\/cac-mon-khai-vi\/khoai-tay-vien-ca-ri-chien-gion\/#primaryimage","url":"https:\/\/tandoorvietnam.com\/wp-content\/uploads\/2020\/06\/Aloo-bhoonda1.jpg","contentUrl":"https:\/\/tandoorvietnam.com\/wp-content\/uploads\/2020\/06\/Aloo-bhoonda1.jpg","width":1400,"height":1400,"caption":"KHOAI T\u00c2Y VI\u00caN C\u00c0 RI CHI\u00caN GI\u00d2N"},{"@type":"BreadcrumbList","@id":"https:\/\/tandoorvietnam.com\/vi\/sanpham\/cac-mon-khai-vi\/khoai-tay-vien-ca-ri-chien-gion\/#breadcrumb","itemListElement":[{"@type":"ListItem","position":1,"name":"Trang Ch\u1ee7","item":"https:\/\/tandoorvietnam.com\/vi\/"},{"@type":"ListItem","position":2,"name":"Shop","item":"https:\/\/tandoorvietnam.com\/shop\/"},{"@type":"ListItem","position":3,"name":"Aloo Bhoonda (KHOAI T\u00c2Y VI\u00caN C\u00c0 RI CHI\u00caN GI\u00d2N)"}]},{"@type":"WebSite","@id":"https:\/\/tandoorvietnam.com\/vi\/#website","url":"https:\/\/tandoorvietnam.com\/vi\/","name":"Tandoor Vietnam","description":"Nh\u00e0 h\u00e0ng ngon h\u1ed3 ch\u00ed minh","publisher":{"@id":"https:\/\/tandoorvietnam.com\/vi\/#organization"},"potentialAction":[{"@type":"SearchAction","target":{"@type":"EntryPoint","urlTemplate":"https:\/\/tandoorvietnam.com\/vi\/?s={search_term_string}"},"query-input":{"@type":"PropertyValueSpecification","valueRequired":true,"valueName":"search_term_string"}}],"inLanguage":"vi-VN"},{"@type":"Organization","@id":"https:\/\/tandoorvietnam.com\/vi\/#organization","name":"Tandoor Vietnam","url":"https:\/\/tandoorvietnam.com\/vi\/","logo":{"@type":"ImageObject","inLanguage":"vi-VN","@id":"https:\/\/tandoorvietnam.com\/vi\/#\/schema\/logo\/image\/","url":"https:\/\/tandoorvietnam.com\/wp-content\/uploads\/2020\/07\/logo.png","contentUrl":"https:\/\/tandoorvietnam.com\/wp-content\/uploads\/2020\/07\/logo.png","width":133,"height":75,"caption":"Tandoor Vietnam"},"image":{"@id":"https:\/\/tandoorvietnam.com\/vi\/#\/schema\/logo\/image\/"},"sameAs":["https:\/\/www.facebook.com\/tandoor.hcmc\/"]}]}},"_links":{"self":[{"href":"https:\/\/tandoorvietnam.com\/vi\/wp-json\/wp\/v2\/product\/2899","targetHints":{"allow":["GET"]}}],"collection":[{"href":"https:\/\/tandoorvietnam.com\/vi\/wp-json\/wp\/v2\/product"}],"about":[{"href":"https:\/\/tandoorvietnam.com\/vi\/wp-json\/wp\/v2\/types\/product"}],"wp:featuredmedia":[{"embeddable":true,"href":"https:\/\/tandoorvietnam.com\/vi\/wp-json\/wp\/v2\/media\/2900"}],"wp:attachment":[{"href":"https:\/\/tandoorvietnam.com\/vi\/wp-json\/wp\/v2\/media?parent=2899"}],"wp:term":[{"taxonomy":"product_brand","embeddable":true,"href":"https:\/\/tandoorvietnam.com\/vi\/wp-json\/wp\/v2\/product_brand?post=2899"},{"taxonomy":"product_cat","embeddable":true,"href":"https:\/\/tandoorvietnam.com\/vi\/wp-json\/wp\/v2\/product_cat?post=2899"},{"taxonomy":"product_tag","embeddable":true,"href":"https:\/\/tandoorvietnam.com\/vi\/wp-json\/wp\/v2\/product_tag?post=2899"}],"curies":[{"name":"wp","href":"https:\/\/api.w.org\/{rel}","templated":true}]}}