{"id":2901,"date":"2020-06-16T14:14:24","date_gmt":"2021-04-10T09:55:40","guid":{"rendered":"http:\/\/tandoorvietnam.com\/product\/uncategorized\/khoai-tay-vien-chien-gion\/"},"modified":"2023-05-20T08:47:00","modified_gmt":"2023-05-20T08:47:00","slug":"khoai-tay-vien-chien-gion","status":"publish","type":"product","link":"https:\/\/tandoorvietnam.com\/vi\/sanpham\/cac-mon-khai-vi\/khoai-tay-vien-chien-gion\/","title":{"rendered":"Aloo Tikki (KHOAI T\u00c2Y VI\u00caN CHI\u00caN GI\u00d2N)"},"content":{"rendered":"<p>Khoai t\u00e2y vi\u00ean chi\u00ean gi\u00f2n (Aloo Tikki) l\u00e0 m\u1ed9t m\u00f3n khai v\u1ecb tuy\u1ec7t v\u1eddi mang \u0111\u1ebfn s\u1ef1 h\u1ea5p d\u1eabn v\u00e0 ngon mi\u1ec7ng. T\u1ea1i Tandoor Vietnam, ch\u00fang t\u00f4i ch\u1ecdn l\u1ef1a nh\u1eefng c\u1ee7 khoai t\u00e2y t\u01b0\u01a1i ngon, c\u1eaft th\u00e0nh t\u1eebng vi\u00ean nh\u1ecf v\u00e0 chi\u00ean gi\u00f2n l\u00ean.<\/p>\n<p>L\u1edbp v\u1ecf ngo\u00e0i \u0111\u01b0\u1ee3c t\u1ea1o th\u00e0nh t\u1eeb b\u1ed9t m\u00ec, b\u1ed9t chi\u00ean gi\u00f2n v\u00e0 c\u00e1c lo\u1ea1i gia v\u1ecb t\u1ea1o n\u00ean h\u01b0\u01a1ng v\u1ecb \u0111\u1eb7c tr\u01b0ng. Khi chi\u00ean, khoai t\u00e2y tr\u1edf n\u00ean gi\u00f2n tan v\u00e0 h\u1ea5p d\u1eabn. B\u00ean trong, nh\u00e2n khoai t\u00e2y \u0111\u01b0\u1ee3c nghi\u1ec1n nhuy\u1ec5n v\u00e0 pha tr\u1ed9n v\u1edbi c\u00e1c gia v\u1ecb \u0111\u1ec3 t\u0103ng th\u00eam h\u01b0\u01a1ng v\u1ecb v\u00e0 s\u1ef1 th\u01a1m ngon.<\/p>\n<p>Aloo Tikki l\u00e0 m\u1ed9t m\u00f3n \u0103n khai v\u1ecb ph\u1ed5 bi\u1ebfn v\u00e0 \u0111\u01b0\u1ee3c y\u00eau th\u00edch trong c\u00e1c bu\u1ed5i ti\u1ec7c, nh\u00e0 h\u00e0ng v\u00e0 qu\u00e1n bar. V\u1edbi v\u1ebb ngo\u00e0i h\u1ea5p d\u1eabn v\u00e0 h\u01b0\u01a1ng v\u1ecb th\u01a1m ngon, n\u00f3 l\u00e0 l\u1ef1a ch\u1ecdn ho\u00e0n h\u1ea3o \u0111\u1ec3 b\u1eaft \u0111\u1ea7u b\u1eefa \u0103n ho\u1eb7c l\u00e0m m\u00f3n \u0103n nh\u1eb9 gi\u1eefa c\u00e1c b\u1eefa ch\u00ednh.<\/p>\n<p>T\u1ea1i Tandoor Vietnam, ch\u00fang t\u00f4i cam k\u1ebft s\u1eed d\u1ee5ng nh\u1eefng nguy\u00ean li\u1ec7u t\u01b0\u01a1i ngon v\u00e0 quy tr\u00ecnh ch\u1ebf bi\u1ebfn tinh t\u1ebf \u0111\u1ec3 t\u1ea1o ra Aloo Tikki\u00a0ch\u1ea5t l\u01b0\u1ee3ng nh\u1ea5t. Ch\u00fang t\u00f4i \u0111\u1ea3m b\u1ea3o m\u1ed7i vi\u00ean Aloo Tikki\u00a0m\u1ec1m b\u00ean trong v\u00e0 c\u00f3 l\u1edbp v\u1ecf gi\u00f2n tan ho\u00e0n h\u1ea3o.<\/p>\n<p>H\u00e3y th\u01b0\u1edfng th\u1ee9c Aloo Tikki\u00a0t\u1ea1i <a href=\"https:\/\/tandoorvietnam.com\/\">Tandoor Vietnam<\/a> v\u00e0 t\u1eadn h\u01b0\u1edfng m\u1ed9t m\u00f3n khai v\u1ecb h\u1ea5p d\u1eabn, ngon mi\u1ec7ng v\u00e0 \u0111\u00e1ng nh\u1edb.<\/p>\n","protected":false},"excerpt":{"rendered":"<p>&nbsp;<\/p>\n<table width=\"723\">\n<tbody>\n<tr>\n<td width=\"412\">Potato patty with spices, deep fry(4 pcs)<\/td>\n<\/tr>\n<tr>\n<td width=\"412\"><em>Khoai t\u00e2y tr\u1ed9n gia v\u1ecb cay chi\u00ean gi\u00f2n<\/em><\/td>\n<\/tr>\n<\/tbody>\n<\/table>\n","protected":false},"featured_media":2902,"template":"","meta":[],"product_brand":[],"product_cat":[213],"product_tag":[],"class_list":{"0":"post-2901","1":"product","2":"type-product","3":"status-publish","4":"has-post-thumbnail","6":"product_cat-cac-mon-khai-vi","8":"first","9":"instock","10":"taxable","11":"shipping-taxable","12":"purchasable","13":"product-type-simple"},"yoast_head":"<!-- This site is optimized with the Yoast SEO Premium plugin v22.3 (Yoast SEO v27.4) - https:\/\/yoast.com\/product\/yoast-seo-premium-wordpress\/ -->\n<title>Aloo Tikki (KHOAI T\u00c2Y VI\u00caN CHI\u00caN GI\u00d2N) - Tandoor Vi\u1ec7t Nam<\/title>\n<meta name=\"description\" content=\"Khoai t\u00e2y vi\u00ean chi\u00ean gi\u00f2n - m\u00f3n khai v\u1ecb h\u1ea5p d\u1eabn v\u1edbi l\u1edbp v\u1ecf gi\u00f2n tan v\u00e0 b\u00ean trong l\u00e0 nh\u00e2n khoai t\u00e2y th\u01a1m ngon. Kh\u00e1m ph\u00e1 t\u1ea1i Tandoor Vietnam.\" \/>\n<meta name=\"robots\" content=\"index, follow, max-snippet:-1, max-image-preview:large, max-video-preview:-1\" \/>\n<link rel=\"canonical\" href=\"https:\/\/tandoorvietnam.com\/vi\/sanpham\/cac-mon-khai-vi\/khoai-tay-vien-chien-gion\/\" \/>\n<meta property=\"og:locale\" content=\"vi_VN\" \/>\n<meta property=\"og:type\" content=\"article\" \/>\n<meta property=\"og:title\" content=\"Aloo Tikki (KHOAI T\u00c2Y VI\u00caN CHI\u00caN GI\u00d2N)\" \/>\n<meta property=\"og:description\" content=\"Khoai t\u00e2y vi\u00ean chi\u00ean gi\u00f2n - m\u00f3n khai v\u1ecb h\u1ea5p d\u1eabn v\u1edbi l\u1edbp v\u1ecf gi\u00f2n tan v\u00e0 b\u00ean trong l\u00e0 nh\u00e2n khoai t\u00e2y th\u01a1m ngon. Kh\u00e1m ph\u00e1 t\u1ea1i Tandoor Vietnam.\" \/>\n<meta property=\"og:url\" content=\"https:\/\/tandoorvietnam.com\/vi\/sanpham\/cac-mon-khai-vi\/khoai-tay-vien-chien-gion\/\" \/>\n<meta property=\"og:site_name\" content=\"Tandoor Vi\u1ec7t Nam\" \/>\n<meta property=\"article:publisher\" content=\"https:\/\/www.facebook.com\/tandoor.hcmc\/\" \/>\n<meta property=\"article:modified_time\" content=\"2023-05-20T08:47:00+00:00\" \/>\n<meta property=\"og:image\" content=\"https:\/\/tandoorvietnam.com\/wp-content\/uploads\/2020\/06\/Aloo-tikki1.jpg\" \/>\n\t<meta property=\"og:image:width\" content=\"1400\" \/>\n\t<meta property=\"og:image:height\" content=\"1400\" \/>\n\t<meta property=\"og:image:type\" content=\"image\/jpeg\" \/>\n<meta name=\"twitter:card\" content=\"summary_large_image\" \/>\n<meta name=\"twitter:label1\" content=\"Est. reading time\" \/>\n\t<meta name=\"twitter:data1\" content=\"1 minute\" \/>\n<script type=\"application\/ld+json\" class=\"yoast-schema-graph\">{\"@context\":\"https:\\\/\\\/schema.org\",\"@graph\":[{\"@type\":\"WebPage\",\"@id\":\"https:\\\/\\\/tandoorvietnam.com\\\/vi\\\/sanpham\\\/cac-mon-khai-vi\\\/khoai-tay-vien-chien-gion\\\/\",\"url\":\"https:\\\/\\\/tandoorvietnam.com\\\/vi\\\/sanpham\\\/cac-mon-khai-vi\\\/khoai-tay-vien-chien-gion\\\/\",\"name\":\"Aloo Tikki (KHOAI T\u00c2Y VI\u00caN CHI\u00caN GI\u00d2N) - Tandoor Vi\u1ec7t Nam\",\"isPartOf\":{\"@id\":\"https:\\\/\\\/tandoorvietnam.com\\\/vi\\\/#website\"},\"primaryImageOfPage\":{\"@id\":\"https:\\\/\\\/tandoorvietnam.com\\\/vi\\\/sanpham\\\/cac-mon-khai-vi\\\/khoai-tay-vien-chien-gion\\\/#primaryimage\"},\"image\":{\"@id\":\"https:\\\/\\\/tandoorvietnam.com\\\/vi\\\/sanpham\\\/cac-mon-khai-vi\\\/khoai-tay-vien-chien-gion\\\/#primaryimage\"},\"thumbnailUrl\":\"https:\\\/\\\/tandoorvietnam.com\\\/wp-content\\\/uploads\\\/2020\\\/06\\\/Aloo-tikki1.jpg\",\"datePublished\":\"2021-04-10T09:55:40+00:00\",\"dateModified\":\"2023-05-20T08:47:00+00:00\",\"description\":\"Khoai t\u00e2y vi\u00ean chi\u00ean gi\u00f2n - m\u00f3n khai v\u1ecb h\u1ea5p d\u1eabn v\u1edbi l\u1edbp v\u1ecf gi\u00f2n tan v\u00e0 b\u00ean trong l\u00e0 nh\u00e2n khoai t\u00e2y th\u01a1m ngon. Kh\u00e1m ph\u00e1 t\u1ea1i Tandoor Vietnam.\",\"breadcrumb\":{\"@id\":\"https:\\\/\\\/tandoorvietnam.com\\\/vi\\\/sanpham\\\/cac-mon-khai-vi\\\/khoai-tay-vien-chien-gion\\\/#breadcrumb\"},\"inLanguage\":\"vi-VN\",\"potentialAction\":[{\"@type\":\"ReadAction\",\"target\":[\"https:\\\/\\\/tandoorvietnam.com\\\/vi\\\/sanpham\\\/cac-mon-khai-vi\\\/khoai-tay-vien-chien-gion\\\/\"]}]},{\"@type\":\"ImageObject\",\"inLanguage\":\"vi-VN\",\"@id\":\"https:\\\/\\\/tandoorvietnam.com\\\/vi\\\/sanpham\\\/cac-mon-khai-vi\\\/khoai-tay-vien-chien-gion\\\/#primaryimage\",\"url\":\"https:\\\/\\\/tandoorvietnam.com\\\/wp-content\\\/uploads\\\/2020\\\/06\\\/Aloo-tikki1.jpg\",\"contentUrl\":\"https:\\\/\\\/tandoorvietnam.com\\\/wp-content\\\/uploads\\\/2020\\\/06\\\/Aloo-tikki1.jpg\",\"width\":1400,\"height\":1400,\"caption\":\"KHOAI T\u00c2Y VI\u00caN CHI\u00caN GI\u00d2N\"},{\"@type\":\"BreadcrumbList\",\"@id\":\"https:\\\/\\\/tandoorvietnam.com\\\/vi\\\/sanpham\\\/cac-mon-khai-vi\\\/khoai-tay-vien-chien-gion\\\/#breadcrumb\",\"itemListElement\":[{\"@type\":\"ListItem\",\"position\":1,\"name\":\"Trang Ch\u1ee7\",\"item\":\"https:\\\/\\\/tandoorvietnam.com\\\/vi\\\/\"},{\"@type\":\"ListItem\",\"position\":2,\"name\":\"Shop\",\"item\":\"https:\\\/\\\/tandoorvietnam.com\\\/shop\\\/\"},{\"@type\":\"ListItem\",\"position\":3,\"name\":\"Aloo Tikki (KHOAI T\u00c2Y VI\u00caN CHI\u00caN GI\u00d2N)\"}]},{\"@type\":\"WebSite\",\"@id\":\"https:\\\/\\\/tandoorvietnam.com\\\/vi\\\/#website\",\"url\":\"https:\\\/\\\/tandoorvietnam.com\\\/vi\\\/\",\"name\":\"Tandoor Vietnam\",\"description\":\"Nh\u00e0 h\u00e0ng ngon h\u1ed3 ch\u00ed minh\",\"publisher\":{\"@id\":\"https:\\\/\\\/tandoorvietnam.com\\\/vi\\\/#organization\"},\"potentialAction\":[{\"@type\":\"SearchAction\",\"target\":{\"@type\":\"EntryPoint\",\"urlTemplate\":\"https:\\\/\\\/tandoorvietnam.com\\\/vi\\\/?s={search_term_string}\"},\"query-input\":{\"@type\":\"PropertyValueSpecification\",\"valueRequired\":true,\"valueName\":\"search_term_string\"}}],\"inLanguage\":\"vi-VN\"},{\"@type\":\"Organization\",\"@id\":\"https:\\\/\\\/tandoorvietnam.com\\\/vi\\\/#organization\",\"name\":\"Tandoor Vietnam\",\"url\":\"https:\\\/\\\/tandoorvietnam.com\\\/vi\\\/\",\"logo\":{\"@type\":\"ImageObject\",\"inLanguage\":\"vi-VN\",\"@id\":\"https:\\\/\\\/tandoorvietnam.com\\\/vi\\\/#\\\/schema\\\/logo\\\/image\\\/\",\"url\":\"https:\\\/\\\/tandoorvietnam.com\\\/wp-content\\\/uploads\\\/2020\\\/07\\\/logo.png\",\"contentUrl\":\"https:\\\/\\\/tandoorvietnam.com\\\/wp-content\\\/uploads\\\/2020\\\/07\\\/logo.png\",\"width\":133,\"height\":75,\"caption\":\"Tandoor Vietnam\"},\"image\":{\"@id\":\"https:\\\/\\\/tandoorvietnam.com\\\/vi\\\/#\\\/schema\\\/logo\\\/image\\\/\"},\"sameAs\":[\"https:\\\/\\\/www.facebook.com\\\/tandoor.hcmc\\\/\"]}]}<\/script>\n<!-- \/ Yoast SEO Premium plugin. -->","yoast_head_json":{"title":"Aloo Tikki (KHOAI T\u00c2Y VI\u00caN CHI\u00caN GI\u00d2N) - Tandoor Vi\u1ec7t Nam","description":"Khoai t\u00e2y vi\u00ean chi\u00ean gi\u00f2n - m\u00f3n khai v\u1ecb h\u1ea5p d\u1eabn v\u1edbi l\u1edbp v\u1ecf gi\u00f2n tan v\u00e0 b\u00ean trong l\u00e0 nh\u00e2n khoai t\u00e2y th\u01a1m ngon. Kh\u00e1m ph\u00e1 t\u1ea1i Tandoor Vietnam.","robots":{"index":"index","follow":"follow","max-snippet":"max-snippet:-1","max-image-preview":"max-image-preview:large","max-video-preview":"max-video-preview:-1"},"canonical":"https:\/\/tandoorvietnam.com\/vi\/sanpham\/cac-mon-khai-vi\/khoai-tay-vien-chien-gion\/","og_locale":"vi_VN","og_type":"article","og_title":"Aloo Tikki (KHOAI T\u00c2Y VI\u00caN CHI\u00caN GI\u00d2N)","og_description":"Khoai t\u00e2y vi\u00ean chi\u00ean gi\u00f2n - m\u00f3n khai v\u1ecb h\u1ea5p d\u1eabn v\u1edbi l\u1edbp v\u1ecf gi\u00f2n tan v\u00e0 b\u00ean trong l\u00e0 nh\u00e2n khoai t\u00e2y th\u01a1m ngon. Kh\u00e1m ph\u00e1 t\u1ea1i Tandoor Vietnam.","og_url":"https:\/\/tandoorvietnam.com\/vi\/sanpham\/cac-mon-khai-vi\/khoai-tay-vien-chien-gion\/","og_site_name":"Tandoor Vi\u1ec7t Nam","article_publisher":"https:\/\/www.facebook.com\/tandoor.hcmc\/","article_modified_time":"2023-05-20T08:47:00+00:00","og_image":[{"width":1400,"height":1400,"url":"https:\/\/tandoorvietnam.com\/wp-content\/uploads\/2020\/06\/Aloo-tikki1.jpg","type":"image\/jpeg"}],"twitter_card":"summary_large_image","twitter_misc":{"Est. reading time":"1 minute"},"schema":{"@context":"https:\/\/schema.org","@graph":[{"@type":"WebPage","@id":"https:\/\/tandoorvietnam.com\/vi\/sanpham\/cac-mon-khai-vi\/khoai-tay-vien-chien-gion\/","url":"https:\/\/tandoorvietnam.com\/vi\/sanpham\/cac-mon-khai-vi\/khoai-tay-vien-chien-gion\/","name":"Aloo Tikki (KHOAI T\u00c2Y VI\u00caN CHI\u00caN GI\u00d2N) - Tandoor Vi\u1ec7t Nam","isPartOf":{"@id":"https:\/\/tandoorvietnam.com\/vi\/#website"},"primaryImageOfPage":{"@id":"https:\/\/tandoorvietnam.com\/vi\/sanpham\/cac-mon-khai-vi\/khoai-tay-vien-chien-gion\/#primaryimage"},"image":{"@id":"https:\/\/tandoorvietnam.com\/vi\/sanpham\/cac-mon-khai-vi\/khoai-tay-vien-chien-gion\/#primaryimage"},"thumbnailUrl":"https:\/\/tandoorvietnam.com\/wp-content\/uploads\/2020\/06\/Aloo-tikki1.jpg","datePublished":"2021-04-10T09:55:40+00:00","dateModified":"2023-05-20T08:47:00+00:00","description":"Khoai t\u00e2y vi\u00ean chi\u00ean gi\u00f2n - m\u00f3n khai v\u1ecb h\u1ea5p d\u1eabn v\u1edbi l\u1edbp v\u1ecf gi\u00f2n tan v\u00e0 b\u00ean trong l\u00e0 nh\u00e2n khoai t\u00e2y th\u01a1m ngon. Kh\u00e1m ph\u00e1 t\u1ea1i Tandoor Vietnam.","breadcrumb":{"@id":"https:\/\/tandoorvietnam.com\/vi\/sanpham\/cac-mon-khai-vi\/khoai-tay-vien-chien-gion\/#breadcrumb"},"inLanguage":"vi-VN","potentialAction":[{"@type":"ReadAction","target":["https:\/\/tandoorvietnam.com\/vi\/sanpham\/cac-mon-khai-vi\/khoai-tay-vien-chien-gion\/"]}]},{"@type":"ImageObject","inLanguage":"vi-VN","@id":"https:\/\/tandoorvietnam.com\/vi\/sanpham\/cac-mon-khai-vi\/khoai-tay-vien-chien-gion\/#primaryimage","url":"https:\/\/tandoorvietnam.com\/wp-content\/uploads\/2020\/06\/Aloo-tikki1.jpg","contentUrl":"https:\/\/tandoorvietnam.com\/wp-content\/uploads\/2020\/06\/Aloo-tikki1.jpg","width":1400,"height":1400,"caption":"KHOAI T\u00c2Y VI\u00caN CHI\u00caN GI\u00d2N"},{"@type":"BreadcrumbList","@id":"https:\/\/tandoorvietnam.com\/vi\/sanpham\/cac-mon-khai-vi\/khoai-tay-vien-chien-gion\/#breadcrumb","itemListElement":[{"@type":"ListItem","position":1,"name":"Trang Ch\u1ee7","item":"https:\/\/tandoorvietnam.com\/vi\/"},{"@type":"ListItem","position":2,"name":"Shop","item":"https:\/\/tandoorvietnam.com\/shop\/"},{"@type":"ListItem","position":3,"name":"Aloo Tikki (KHOAI T\u00c2Y VI\u00caN CHI\u00caN GI\u00d2N)"}]},{"@type":"WebSite","@id":"https:\/\/tandoorvietnam.com\/vi\/#website","url":"https:\/\/tandoorvietnam.com\/vi\/","name":"Tandoor Vietnam","description":"Nh\u00e0 h\u00e0ng ngon h\u1ed3 ch\u00ed minh","publisher":{"@id":"https:\/\/tandoorvietnam.com\/vi\/#organization"},"potentialAction":[{"@type":"SearchAction","target":{"@type":"EntryPoint","urlTemplate":"https:\/\/tandoorvietnam.com\/vi\/?s={search_term_string}"},"query-input":{"@type":"PropertyValueSpecification","valueRequired":true,"valueName":"search_term_string"}}],"inLanguage":"vi-VN"},{"@type":"Organization","@id":"https:\/\/tandoorvietnam.com\/vi\/#organization","name":"Tandoor Vietnam","url":"https:\/\/tandoorvietnam.com\/vi\/","logo":{"@type":"ImageObject","inLanguage":"vi-VN","@id":"https:\/\/tandoorvietnam.com\/vi\/#\/schema\/logo\/image\/","url":"https:\/\/tandoorvietnam.com\/wp-content\/uploads\/2020\/07\/logo.png","contentUrl":"https:\/\/tandoorvietnam.com\/wp-content\/uploads\/2020\/07\/logo.png","width":133,"height":75,"caption":"Tandoor Vietnam"},"image":{"@id":"https:\/\/tandoorvietnam.com\/vi\/#\/schema\/logo\/image\/"},"sameAs":["https:\/\/www.facebook.com\/tandoor.hcmc\/"]}]}},"_links":{"self":[{"href":"https:\/\/tandoorvietnam.com\/vi\/wp-json\/wp\/v2\/product\/2901","targetHints":{"allow":["GET"]}}],"collection":[{"href":"https:\/\/tandoorvietnam.com\/vi\/wp-json\/wp\/v2\/product"}],"about":[{"href":"https:\/\/tandoorvietnam.com\/vi\/wp-json\/wp\/v2\/types\/product"}],"wp:featuredmedia":[{"embeddable":true,"href":"https:\/\/tandoorvietnam.com\/vi\/wp-json\/wp\/v2\/media\/2902"}],"wp:attachment":[{"href":"https:\/\/tandoorvietnam.com\/vi\/wp-json\/wp\/v2\/media?parent=2901"}],"wp:term":[{"taxonomy":"product_brand","embeddable":true,"href":"https:\/\/tandoorvietnam.com\/vi\/wp-json\/wp\/v2\/product_brand?post=2901"},{"taxonomy":"product_cat","embeddable":true,"href":"https:\/\/tandoorvietnam.com\/vi\/wp-json\/wp\/v2\/product_cat?post=2901"},{"taxonomy":"product_tag","embeddable":true,"href":"https:\/\/tandoorvietnam.com\/vi\/wp-json\/wp\/v2\/product_tag?post=2901"}],"curies":[{"name":"wp","href":"https:\/\/api.w.org\/{rel}","templated":true}]}}