{"id":2904,"date":"2020-06-16T14:09:40","date_gmt":"2020-06-16T14:09:40","guid":{"rendered":"http:\/\/tandoorvietnam.com\/product\/uncategorized\/trung-luoc-chien-gion\/"},"modified":"2025-10-16T15:25:05","modified_gmt":"2025-10-16T08:25:05","slug":"trung-luoc-chien-gion","status":"publish","type":"product","link":"https:\/\/tandoorvietnam.com\/vi\/sanpham\/cac-mon-khai-vi\/trung-luoc-chien-gion\/","title":{"rendered":"TR\u1ee8NG LU\u1ed8C CHI\u00caN GI\u00d2N"},"content":{"rendered":"<p>Anda aur methi Pakora (Tr\u1ee9ng lu\u1ed9c chi\u00ean gi\u00f2n) l\u00e0 m\u00f3n \u0103n v\u1eb7t \u0111\u1ed9c \u0111\u00e1o v\u00e0 h\u1ea5p d\u1eabn \u0111\u01b0\u1ee3c r\u1ea5t nhi\u1ec1u ng\u01b0\u1eddi y\u00eau th\u00edch. Khi \u0103n, b\u1ea1n s\u1ebd c\u1ea3m nh\u1eadn \u0111\u01b0\u1ee3c s\u1ef1 h\u00f2a quy\u1ec7n c\u1ee7a v\u1ecb gi\u00f2n v\u00e0 th\u01a1m ngon c\u1ee7a l\u00f2ng tr\u1ee9ng. Tandoor Vietnam t\u1ef1 h\u00e0o mang \u0111\u1ebfn cho b\u1ea1n m\u1ed9t phi\u00ean b\u1ea3n \u0111\u1eb7c bi\u1ec7t c\u1ee7a m\u00f3n \u0103n n\u00e0y v\u1edbi v\u1ecf gi\u00f2n tan, l\u00f2ng tr\u1ee9ng m\u1ec1m ngon v\u00e0 gia v\u1ecb \u0111\u1eadm \u0111\u00e0.<\/p>\n<p>M\u00f3n tr\u1ee9ng lu\u1ed9c chi\u00ean gi\u00f2n c\u1ee7a ch\u00fang t\u00f4i c\u00f3 th\u1ec3 l\u00e0 m\u1ed9t m\u00f3n \u0103n v\u1eb7t \u0111\u01a1n gi\u1ea3n ho\u1eb7c m\u1ed9t m\u00f3n khai v\u1ecb \u0111\u1ed9c \u0111\u00e1o tr\u00ean b\u00e0n ti\u1ec7c c\u1ee7a b\u1ea1n. B\u1ea1n c\u00f3 th\u1ec3 k\u1ebft h\u1ee3p v\u1edbi nhi\u1ec1u lo\u1ea1i s\u1ed1t nh\u01b0 s\u1ed1t mayonnaise, s\u1ed1t t\u01b0\u01a1ng \u1edbt, s\u1ed1t c\u00e0 chua ho\u1eb7c s\u1ed1t BBQ \u0111\u1ec3 t\u0103ng th\u00eam h\u01b0\u01a1ng v\u1ecb cho m\u00f3n \u0103n.<\/p>\n<p>\u0110\u1ebfn v\u1edbi <a href=\"https:\/\/tandoorvietnam.com\/vi\/\">nh\u00e0 h\u00e0ng Tandoor Vietnam<\/a>, b\u1ea1n kh\u00f4ng ch\u1ec9 \u0111\u01b0\u1ee3c th\u01b0\u1edfng th\u1ee9c Anda aur methi Pakora\u00a0tuy\u1ec7t v\u1eddi m\u00e0 c\u00f2n \u0111\u01b0\u1ee3c tr\u1ea3i nghi\u1ec7m d\u1ecbch v\u1ee5 t\u1ed1t nh\u1ea5t. Ch\u00fang t\u00f4i cam k\u1ebft s\u1eed d\u1ee5ng nguy\u00ean li\u1ec7u t\u01b0\u01a1i ngon v\u00e0 ch\u1ebf bi\u1ebfn m\u00f3n \u0103n v\u1edbi s\u1ef1 tinh t\u1ebf v\u00e0 c\u1ea9n tr\u1ecdng. Ch\u00fang t\u00f4i hy v\u1ecdng b\u1ea1n s\u1ebd y\u00eau th\u00edch m\u00f3n tr\u1ee9ng lu\u1ed9c chi\u00ean gi\u00f2n c\u1ee7a ch\u00fang t\u00f4i v\u00e0 s\u1ebd quay l\u1ea1i v\u1edbi ch\u00fang t\u00f4i trong nhi\u1ec1u l\u1ea7n sau.<\/p>\n","protected":false},"excerpt":{"rendered":"<table width=\"723\">\n<tbody>\n<tr>\n<td width=\"412\">Tr\u1ee9ng lu\u1ed9c v\u00e0 b\u00e1nh r\u00e1n c\u1ecf c\u00e0 ri (8 mi\u1ebfng)<\/td>\n<\/tr>\n<tr>\n<td width=\"412\">\n    <em>Lu\u1ed3ng b\u1ed9t v\u00e0 gia v\u1ecb gi\u00f2n gi\u00f2n<\/em>\n  <\/td>\n<\/tr>\n<\/tbody>\n<\/table>\n","protected":false},"featured_media":2906,"template":"","meta":[],"product_brand":[],"product_cat":[213],"product_tag":[],"class_list":{"0":"post-2904","1":"product","2":"type-product","3":"status-publish","4":"has-post-thumbnail","6":"product_cat-cac-mon-khai-vi","8":"first","9":"instock","10":"taxable","11":"shipping-taxable","12":"purchasable","13":"product-type-simple"},"yoast_head":"<!-- This site is optimized with the Yoast SEO Premium plugin v22.3 (Yoast SEO v27.4) - https:\/\/yoast.com\/product\/yoast-seo-premium-wordpress\/ -->\n<title>TR\u1ee8NG LU\u1ed8C CHI\u00caN GI\u00d2N<\/title>\n<meta name=\"description\" content=\"Th\u01b0\u1edfng th\u1ee9c tr\u1ee9ng lu\u1ed9c chi\u00ean gi\u00f2n t\u1ea1i Tandoor Vietnam, v\u1edbi v\u1ecf gi\u00f2n tan, l\u00f2ng tr\u1ee9ng m\u1ec1m ngon v\u00e0 gia v\u1ecb \u0111\u1eadm \u0111\u00e0, l\u00e0m b\u1ea1n kh\u00f3 l\u00f2ng ch\u1ed1i t\u1eeb.\" \/>\n<meta name=\"robots\" content=\"index, follow, max-snippet:-1, max-image-preview:large, max-video-preview:-1\" \/>\n<link rel=\"canonical\" href=\"https:\/\/tandoorvietnam.com\/vi\/sanpham\/cac-mon-khai-vi\/trung-luoc-chien-gion\/\" \/>\n<meta property=\"og:locale\" content=\"vi_VN\" \/>\n<meta property=\"og:type\" content=\"article\" \/>\n<meta property=\"og:title\" content=\"TR\u1ee8NG LU\u1ed8C CHI\u00caN GI\u00d2N\" \/>\n<meta property=\"og:description\" content=\"Th\u01b0\u1edfng th\u1ee9c tr\u1ee9ng lu\u1ed9c chi\u00ean gi\u00f2n t\u1ea1i Tandoor Vietnam, v\u1edbi v\u1ecf gi\u00f2n tan, l\u00f2ng tr\u1ee9ng m\u1ec1m ngon v\u00e0 gia v\u1ecb \u0111\u1eadm \u0111\u00e0, l\u00e0m b\u1ea1n kh\u00f3 l\u00f2ng ch\u1ed1i t\u1eeb.\" \/>\n<meta property=\"og:url\" content=\"https:\/\/tandoorvietnam.com\/vi\/sanpham\/cac-mon-khai-vi\/trung-luoc-chien-gion\/\" \/>\n<meta property=\"og:site_name\" content=\"Tandoor Vi\u1ec7t Nam\" \/>\n<meta property=\"article:publisher\" content=\"https:\/\/www.facebook.com\/tandoor.hcmc\/\" \/>\n<meta property=\"article:modified_time\" content=\"2025-10-16T08:25:05+00:00\" \/>\n<meta property=\"og:image\" content=\"https:\/\/tandoorvietnam.com\/wp-content\/uploads\/2020\/06\/Anda-aur-methi-Pakora.jpg\" \/>\n\t<meta property=\"og:image:width\" content=\"1400\" \/>\n\t<meta property=\"og:image:height\" content=\"1400\" \/>\n\t<meta property=\"og:image:type\" content=\"image\/jpeg\" \/>\n<meta name=\"twitter:card\" content=\"summary_large_image\" \/>\n<meta name=\"twitter:label1\" content=\"Est. reading time\" \/>\n\t<meta name=\"twitter:data1\" content=\"1 minute\" \/>\n<script type=\"application\/ld+json\" class=\"yoast-schema-graph\">{\"@context\":\"https:\\\/\\\/schema.org\",\"@graph\":[{\"@type\":\"WebPage\",\"@id\":\"https:\\\/\\\/tandoorvietnam.com\\\/vi\\\/sanpham\\\/cac-mon-khai-vi\\\/trung-luoc-chien-gion\\\/\",\"url\":\"https:\\\/\\\/tandoorvietnam.com\\\/vi\\\/sanpham\\\/cac-mon-khai-vi\\\/trung-luoc-chien-gion\\\/\",\"name\":\"TR\u1ee8NG LU\u1ed8C CHI\u00caN GI\u00d2N\",\"isPartOf\":{\"@id\":\"https:\\\/\\\/tandoorvietnam.com\\\/vi\\\/#website\"},\"primaryImageOfPage\":{\"@id\":\"https:\\\/\\\/tandoorvietnam.com\\\/vi\\\/sanpham\\\/cac-mon-khai-vi\\\/trung-luoc-chien-gion\\\/#primaryimage\"},\"image\":{\"@id\":\"https:\\\/\\\/tandoorvietnam.com\\\/vi\\\/sanpham\\\/cac-mon-khai-vi\\\/trung-luoc-chien-gion\\\/#primaryimage\"},\"thumbnailUrl\":\"https:\\\/\\\/tandoorvietnam.com\\\/wp-content\\\/uploads\\\/2020\\\/06\\\/Anda-aur-methi-Pakora.jpg\",\"datePublished\":\"2020-06-16T14:09:40+00:00\",\"dateModified\":\"2025-10-16T08:25:05+00:00\",\"description\":\"Th\u01b0\u1edfng th\u1ee9c tr\u1ee9ng lu\u1ed9c chi\u00ean gi\u00f2n t\u1ea1i Tandoor Vietnam, v\u1edbi v\u1ecf gi\u00f2n tan, l\u00f2ng tr\u1ee9ng m\u1ec1m ngon v\u00e0 gia v\u1ecb \u0111\u1eadm \u0111\u00e0, l\u00e0m b\u1ea1n kh\u00f3 l\u00f2ng ch\u1ed1i t\u1eeb.\",\"breadcrumb\":{\"@id\":\"https:\\\/\\\/tandoorvietnam.com\\\/vi\\\/sanpham\\\/cac-mon-khai-vi\\\/trung-luoc-chien-gion\\\/#breadcrumb\"},\"inLanguage\":\"vi-VN\",\"potentialAction\":[{\"@type\":\"ReadAction\",\"target\":[\"https:\\\/\\\/tandoorvietnam.com\\\/vi\\\/sanpham\\\/cac-mon-khai-vi\\\/trung-luoc-chien-gion\\\/\"]}]},{\"@type\":\"ImageObject\",\"inLanguage\":\"vi-VN\",\"@id\":\"https:\\\/\\\/tandoorvietnam.com\\\/vi\\\/sanpham\\\/cac-mon-khai-vi\\\/trung-luoc-chien-gion\\\/#primaryimage\",\"url\":\"https:\\\/\\\/tandoorvietnam.com\\\/wp-content\\\/uploads\\\/2020\\\/06\\\/Anda-aur-methi-Pakora.jpg\",\"contentUrl\":\"https:\\\/\\\/tandoorvietnam.com\\\/wp-content\\\/uploads\\\/2020\\\/06\\\/Anda-aur-methi-Pakora.jpg\",\"width\":1400,\"height\":1400,\"caption\":\"TR\u1ee8NG LU\u1ed8C CHI\u00caN GI\u00d2N\"},{\"@type\":\"BreadcrumbList\",\"@id\":\"https:\\\/\\\/tandoorvietnam.com\\\/vi\\\/sanpham\\\/cac-mon-khai-vi\\\/trung-luoc-chien-gion\\\/#breadcrumb\",\"itemListElement\":[{\"@type\":\"ListItem\",\"position\":1,\"name\":\"Trang Ch\u1ee7\",\"item\":\"https:\\\/\\\/tandoorvietnam.com\\\/vi\\\/\"},{\"@type\":\"ListItem\",\"position\":2,\"name\":\"Shop\",\"item\":\"https:\\\/\\\/tandoorvietnam.com\\\/shop\\\/\"},{\"@type\":\"ListItem\",\"position\":3,\"name\":\"TR\u1ee8NG LU\u1ed8C CHI\u00caN GI\u00d2N\"}]},{\"@type\":\"WebSite\",\"@id\":\"https:\\\/\\\/tandoorvietnam.com\\\/vi\\\/#website\",\"url\":\"https:\\\/\\\/tandoorvietnam.com\\\/vi\\\/\",\"name\":\"Tandoor Vietnam\",\"description\":\"Nh\u00e0 h\u00e0ng ngon h\u1ed3 ch\u00ed minh\",\"publisher\":{\"@id\":\"https:\\\/\\\/tandoorvietnam.com\\\/vi\\\/#organization\"},\"potentialAction\":[{\"@type\":\"SearchAction\",\"target\":{\"@type\":\"EntryPoint\",\"urlTemplate\":\"https:\\\/\\\/tandoorvietnam.com\\\/vi\\\/?s={search_term_string}\"},\"query-input\":{\"@type\":\"PropertyValueSpecification\",\"valueRequired\":true,\"valueName\":\"search_term_string\"}}],\"inLanguage\":\"vi-VN\"},{\"@type\":\"Organization\",\"@id\":\"https:\\\/\\\/tandoorvietnam.com\\\/vi\\\/#organization\",\"name\":\"Tandoor Vietnam\",\"url\":\"https:\\\/\\\/tandoorvietnam.com\\\/vi\\\/\",\"logo\":{\"@type\":\"ImageObject\",\"inLanguage\":\"vi-VN\",\"@id\":\"https:\\\/\\\/tandoorvietnam.com\\\/vi\\\/#\\\/schema\\\/logo\\\/image\\\/\",\"url\":\"https:\\\/\\\/tandoorvietnam.com\\\/wp-content\\\/uploads\\\/2020\\\/07\\\/logo.png\",\"contentUrl\":\"https:\\\/\\\/tandoorvietnam.com\\\/wp-content\\\/uploads\\\/2020\\\/07\\\/logo.png\",\"width\":133,\"height\":75,\"caption\":\"Tandoor Vietnam\"},\"image\":{\"@id\":\"https:\\\/\\\/tandoorvietnam.com\\\/vi\\\/#\\\/schema\\\/logo\\\/image\\\/\"},\"sameAs\":[\"https:\\\/\\\/www.facebook.com\\\/tandoor.hcmc\\\/\"]}]}<\/script>\n<!-- \/ Yoast SEO Premium plugin. -->","yoast_head_json":{"title":"TR\u1ee8NG LU\u1ed8C CHI\u00caN GI\u00d2N","description":"Th\u01b0\u1edfng th\u1ee9c tr\u1ee9ng lu\u1ed9c chi\u00ean gi\u00f2n t\u1ea1i Tandoor Vietnam, v\u1edbi v\u1ecf gi\u00f2n tan, l\u00f2ng tr\u1ee9ng m\u1ec1m ngon v\u00e0 gia v\u1ecb \u0111\u1eadm \u0111\u00e0, l\u00e0m b\u1ea1n kh\u00f3 l\u00f2ng ch\u1ed1i t\u1eeb.","robots":{"index":"index","follow":"follow","max-snippet":"max-snippet:-1","max-image-preview":"max-image-preview:large","max-video-preview":"max-video-preview:-1"},"canonical":"https:\/\/tandoorvietnam.com\/vi\/sanpham\/cac-mon-khai-vi\/trung-luoc-chien-gion\/","og_locale":"vi_VN","og_type":"article","og_title":"TR\u1ee8NG LU\u1ed8C CHI\u00caN GI\u00d2N","og_description":"Th\u01b0\u1edfng th\u1ee9c tr\u1ee9ng lu\u1ed9c chi\u00ean gi\u00f2n t\u1ea1i Tandoor Vietnam, v\u1edbi v\u1ecf gi\u00f2n tan, l\u00f2ng tr\u1ee9ng m\u1ec1m ngon v\u00e0 gia v\u1ecb \u0111\u1eadm \u0111\u00e0, l\u00e0m b\u1ea1n kh\u00f3 l\u00f2ng ch\u1ed1i t\u1eeb.","og_url":"https:\/\/tandoorvietnam.com\/vi\/sanpham\/cac-mon-khai-vi\/trung-luoc-chien-gion\/","og_site_name":"Tandoor Vi\u1ec7t Nam","article_publisher":"https:\/\/www.facebook.com\/tandoor.hcmc\/","article_modified_time":"2025-10-16T08:25:05+00:00","og_image":[{"width":1400,"height":1400,"url":"https:\/\/tandoorvietnam.com\/wp-content\/uploads\/2020\/06\/Anda-aur-methi-Pakora.jpg","type":"image\/jpeg"}],"twitter_card":"summary_large_image","twitter_misc":{"Est. reading time":"1 minute"},"schema":{"@context":"https:\/\/schema.org","@graph":[{"@type":"WebPage","@id":"https:\/\/tandoorvietnam.com\/vi\/sanpham\/cac-mon-khai-vi\/trung-luoc-chien-gion\/","url":"https:\/\/tandoorvietnam.com\/vi\/sanpham\/cac-mon-khai-vi\/trung-luoc-chien-gion\/","name":"TR\u1ee8NG LU\u1ed8C CHI\u00caN GI\u00d2N","isPartOf":{"@id":"https:\/\/tandoorvietnam.com\/vi\/#website"},"primaryImageOfPage":{"@id":"https:\/\/tandoorvietnam.com\/vi\/sanpham\/cac-mon-khai-vi\/trung-luoc-chien-gion\/#primaryimage"},"image":{"@id":"https:\/\/tandoorvietnam.com\/vi\/sanpham\/cac-mon-khai-vi\/trung-luoc-chien-gion\/#primaryimage"},"thumbnailUrl":"https:\/\/tandoorvietnam.com\/wp-content\/uploads\/2020\/06\/Anda-aur-methi-Pakora.jpg","datePublished":"2020-06-16T14:09:40+00:00","dateModified":"2025-10-16T08:25:05+00:00","description":"Th\u01b0\u1edfng th\u1ee9c tr\u1ee9ng lu\u1ed9c chi\u00ean gi\u00f2n t\u1ea1i Tandoor Vietnam, v\u1edbi v\u1ecf gi\u00f2n tan, l\u00f2ng tr\u1ee9ng m\u1ec1m ngon v\u00e0 gia v\u1ecb \u0111\u1eadm \u0111\u00e0, l\u00e0m b\u1ea1n kh\u00f3 l\u00f2ng ch\u1ed1i t\u1eeb.","breadcrumb":{"@id":"https:\/\/tandoorvietnam.com\/vi\/sanpham\/cac-mon-khai-vi\/trung-luoc-chien-gion\/#breadcrumb"},"inLanguage":"vi-VN","potentialAction":[{"@type":"ReadAction","target":["https:\/\/tandoorvietnam.com\/vi\/sanpham\/cac-mon-khai-vi\/trung-luoc-chien-gion\/"]}]},{"@type":"ImageObject","inLanguage":"vi-VN","@id":"https:\/\/tandoorvietnam.com\/vi\/sanpham\/cac-mon-khai-vi\/trung-luoc-chien-gion\/#primaryimage","url":"https:\/\/tandoorvietnam.com\/wp-content\/uploads\/2020\/06\/Anda-aur-methi-Pakora.jpg","contentUrl":"https:\/\/tandoorvietnam.com\/wp-content\/uploads\/2020\/06\/Anda-aur-methi-Pakora.jpg","width":1400,"height":1400,"caption":"TR\u1ee8NG LU\u1ed8C CHI\u00caN GI\u00d2N"},{"@type":"BreadcrumbList","@id":"https:\/\/tandoorvietnam.com\/vi\/sanpham\/cac-mon-khai-vi\/trung-luoc-chien-gion\/#breadcrumb","itemListElement":[{"@type":"ListItem","position":1,"name":"Trang Ch\u1ee7","item":"https:\/\/tandoorvietnam.com\/vi\/"},{"@type":"ListItem","position":2,"name":"Shop","item":"https:\/\/tandoorvietnam.com\/shop\/"},{"@type":"ListItem","position":3,"name":"TR\u1ee8NG LU\u1ed8C CHI\u00caN GI\u00d2N"}]},{"@type":"WebSite","@id":"https:\/\/tandoorvietnam.com\/vi\/#website","url":"https:\/\/tandoorvietnam.com\/vi\/","name":"Tandoor Vietnam","description":"Nh\u00e0 h\u00e0ng ngon h\u1ed3 ch\u00ed minh","publisher":{"@id":"https:\/\/tandoorvietnam.com\/vi\/#organization"},"potentialAction":[{"@type":"SearchAction","target":{"@type":"EntryPoint","urlTemplate":"https:\/\/tandoorvietnam.com\/vi\/?s={search_term_string}"},"query-input":{"@type":"PropertyValueSpecification","valueRequired":true,"valueName":"search_term_string"}}],"inLanguage":"vi-VN"},{"@type":"Organization","@id":"https:\/\/tandoorvietnam.com\/vi\/#organization","name":"Tandoor Vietnam","url":"https:\/\/tandoorvietnam.com\/vi\/","logo":{"@type":"ImageObject","inLanguage":"vi-VN","@id":"https:\/\/tandoorvietnam.com\/vi\/#\/schema\/logo\/image\/","url":"https:\/\/tandoorvietnam.com\/wp-content\/uploads\/2020\/07\/logo.png","contentUrl":"https:\/\/tandoorvietnam.com\/wp-content\/uploads\/2020\/07\/logo.png","width":133,"height":75,"caption":"Tandoor Vietnam"},"image":{"@id":"https:\/\/tandoorvietnam.com\/vi\/#\/schema\/logo\/image\/"},"sameAs":["https:\/\/www.facebook.com\/tandoor.hcmc\/"]}]}},"_links":{"self":[{"href":"https:\/\/tandoorvietnam.com\/vi\/wp-json\/wp\/v2\/product\/2904","targetHints":{"allow":["GET"]}}],"collection":[{"href":"https:\/\/tandoorvietnam.com\/vi\/wp-json\/wp\/v2\/product"}],"about":[{"href":"https:\/\/tandoorvietnam.com\/vi\/wp-json\/wp\/v2\/types\/product"}],"wp:featuredmedia":[{"embeddable":true,"href":"https:\/\/tandoorvietnam.com\/vi\/wp-json\/wp\/v2\/media\/2906"}],"wp:attachment":[{"href":"https:\/\/tandoorvietnam.com\/vi\/wp-json\/wp\/v2\/media?parent=2904"}],"wp:term":[{"taxonomy":"product_brand","embeddable":true,"href":"https:\/\/tandoorvietnam.com\/vi\/wp-json\/wp\/v2\/product_brand?post=2904"},{"taxonomy":"product_cat","embeddable":true,"href":"https:\/\/tandoorvietnam.com\/vi\/wp-json\/wp\/v2\/product_cat?post=2904"},{"taxonomy":"product_tag","embeddable":true,"href":"https:\/\/tandoorvietnam.com\/vi\/wp-json\/wp\/v2\/product_tag?post=2904"}],"curies":[{"name":"wp","href":"https:\/\/api.w.org\/{rel}","templated":true}]}}