{"id":2907,"date":"2020-06-16T14:59:59","date_gmt":"2021-04-10T10:12:46","guid":{"rendered":"http:\/\/tandoorvietnam.com\/product\/uncategorized\/ga-ca-ri-xao-kho\/"},"modified":"2023-05-07T15:06:25","modified_gmt":"2023-05-07T15:06:25","slug":"ga-ca-ri-xao-kho","status":"publish","type":"product","link":"https:\/\/tandoorvietnam.com\/vi\/sanpham\/cac-mon-khai-vi\/ga-ca-ri-xao-kho\/","title":{"rendered":"Chicken 65 (G\u00c0 C\u00c0 RI X\u00c0O KH\u00d4)"},"content":{"rendered":"<p>M\u00f3n g\u00e0 c\u00e0 ri x\u00e0o kh\u00f4 l\u00e0 m\u1ed9t trong nh\u1eefng m\u00f3n \u0103n \u0111\u1eb7c tr\u01b0ng c\u1ee7a \u1ea4n \u0110\u1ed9, v\u00e0 t\u1ea1i Tandoor Vietnam, ch\u00fang t\u00f4i r\u1ea5t t\u1ef1 h\u00e0o khi c\u00f3 th\u1ec3 mang \u0111\u1ebfn cho th\u1ef1c kh\u00e1ch m\u00f3n \u0103n n\u00e0y v\u1edbi h\u01b0\u01a1ng v\u1ecb th\u01a1m ngon, \u0111\u1eadm \u0111\u00e0.<\/p>\n<p>\u0110\u01b0\u1ee3c l\u00e0m t\u1eeb g\u00e0 l\u00e1t x\u1eaft mi\u1ebfng \u01b0\u1edbp gia v\u1ecb cay, ph\u1ed1i h\u1ee3p v\u1edbi s\u1eefa chua v\u00e0 l\u00e1 cari, m\u00f3n Chicken 65 t\u1ea1i Tandoor Vietnam c\u00f3 m\u00f9i th\u01a1m \u0111\u1eb7c tr\u01b0ng c\u1ee7a cari, h\u01b0\u01a1ng v\u1ecb cay n\u1ed3ng n\u00e0n, h\u00f2a quy\u1ec7n v\u1edbi s\u1ef1 m\u1ec1m m\u1ea1i c\u1ee7a th\u1ecbt g\u00e0 v\u00e0 v\u1ecb chua ng\u1ecdt c\u1ee7a s\u1eefa chua.<\/p>\n<p>\u0110\u1ec3 t\u1ea1o ra h\u01b0\u01a1ng v\u1ecb \u0111\u1eadm \u0111\u00e0 cho m\u00f3n \u0103n, g\u00e0 \u0111\u01b0\u1ee3c \u01b0\u1edbp gia v\u1ecb cay, sau \u0111\u00f3 x\u00e0o kh\u00f4 c\u00f9ng v\u1edbi s\u1eefa chua v\u00e0 l\u00e1 cari. S\u1eefa chua kh\u00f4ng ch\u1ec9 l\u00e0m cho m\u00f3n \u0103n th\u00eam \u0111\u1eadm \u0111\u00e0 m\u00e0 c\u00f2n gi\u00fap gi\u1ea3m \u0111i \u0111\u1ed9 cay c\u1ee7a gia v\u1ecb. L\u00e1 cari c\u00f9ng v\u1edbi c\u00e1c gia v\u1ecb kh\u00e1c t\u1ea1o n\u00ean m\u1ed9t h\u1ed7n h\u1ee3p th\u01a1m ngon, \u0111em l\u1ea1i c\u1ea3m gi\u00e1c \u0111\u1ed9c \u0111\u00e1o cho v\u1ecb gi\u00e1c c\u1ee7a b\u1ea1n.<\/p>\n<p>M\u00f3n Chicken 65 th\u01b0\u1eddng \u0111\u01b0\u1ee3c th\u01b0\u1edfng th\u1ee9c c\u00f9ng v\u1edbi c\u01a1m, b\u00e1nh m\u00ec ho\u1eb7c b\u00e1nh roti. N\u1ebfu b\u1ea1n l\u00e0 m\u1ed9t ng\u01b0\u1eddi y\u00eau th\u00edch \u1ea9m th\u1ef1c \u1ea4n \u0110\u1ed9 ho\u1eb7c \u0111ang t\u00ecm ki\u1ebfm m\u1ed9t m\u00f3n \u0103n m\u1edbi l\u1ea1 \u0111\u1ec3 th\u01b0\u1edfng th\u1ee9c, h\u00e3y \u0111\u1ebfn <a href=\"https:\/\/tandoorvietnam.com\/\">Tandoor Vietnam<\/a> v\u00e0 tr\u1ea3i nghi\u1ec7m h\u01b0\u01a1ng v\u1ecb \u0111\u1eb7c bi\u1ec7t c\u1ee7a m\u00f3n g\u00e0 c\u00e0 ri x\u00e0o kh\u00f4.<\/p>\n","protected":false},"excerpt":{"rendered":"<p>&nbsp;<\/p>\n<table width=\"723\">\n<tbody>\n<tr>\n<td width=\"412\">Spicy tender chicken sauted with yoghurt (<strong><u>Spicy<\/u><\/strong>) (12 pcs)<\/td>\n<\/tr>\n<tr>\n<td width=\"412\"><em>G\u00e0 l\u00e1t x\u1eaft mi\u1ebfng \u01b0\u1edbp gia v\u1ecb cay x\u00e0o kh\u00f4 v\u1edbi s\u1eefa chua v\u00e0 l\u00e1 cari<\/em><\/td>\n<\/tr>\n<\/tbody>\n<\/table>\n","protected":false},"featured_media":2908,"template":"","meta":[],"product_brand":[],"product_cat":[213],"product_tag":[],"class_list":{"0":"post-2907","1":"product","2":"type-product","3":"status-publish","4":"has-post-thumbnail","6":"product_cat-cac-mon-khai-vi","8":"first","9":"instock","10":"taxable","11":"shipping-taxable","12":"purchasable","13":"product-type-simple"},"yoast_head":"<!-- This site is optimized with the Yoast SEO Premium plugin v22.3 (Yoast SEO v27.4) - https:\/\/yoast.com\/product\/yoast-seo-premium-wordpress\/ -->\n<title>Chicken 65 (G\u00c0 C\u00c0 RI X\u00c0O KH\u00d4) - Tandoor Vi\u1ec7t Nam<\/title>\n<meta name=\"description\" content=\"Th\u01b0\u1edfng th\u1ee9c m\u00f3n g\u00e0 c\u00e0 ri x\u00e0o kh\u00f4 t\u1ea1i Tandoor Vietnam v\u1edbi g\u00e0 l\u00e1t x\u1eaft mi\u1ebfng \u01b0\u1edbp gia v\u1ecb cay, s\u1eefa chua v\u00e0 l\u00e1 cari th\u01a1m ngon, \u0111\u1eadm \u0111\u00e0 h\u01b0\u01a1ng v\u1ecb \u1ea4n \u0110\u1ed9.\" \/>\n<meta name=\"robots\" content=\"index, follow, max-snippet:-1, max-image-preview:large, max-video-preview:-1\" \/>\n<link rel=\"canonical\" href=\"https:\/\/tandoorvietnam.com\/vi\/sanpham\/cac-mon-khai-vi\/ga-ca-ri-xao-kho\/\" \/>\n<meta property=\"og:locale\" content=\"vi_VN\" \/>\n<meta property=\"og:type\" content=\"article\" \/>\n<meta property=\"og:title\" content=\"Chicken 65 (G\u00c0 C\u00c0 RI X\u00c0O KH\u00d4)\" \/>\n<meta property=\"og:description\" content=\"Th\u01b0\u1edfng th\u1ee9c m\u00f3n g\u00e0 c\u00e0 ri x\u00e0o kh\u00f4 t\u1ea1i Tandoor Vietnam v\u1edbi g\u00e0 l\u00e1t x\u1eaft mi\u1ebfng \u01b0\u1edbp gia v\u1ecb cay, s\u1eefa chua v\u00e0 l\u00e1 cari th\u01a1m ngon, \u0111\u1eadm \u0111\u00e0 h\u01b0\u01a1ng v\u1ecb \u1ea4n \u0110\u1ed9.\" \/>\n<meta property=\"og:url\" content=\"https:\/\/tandoorvietnam.com\/vi\/sanpham\/cac-mon-khai-vi\/ga-ca-ri-xao-kho\/\" \/>\n<meta property=\"og:site_name\" content=\"Tandoor Vi\u1ec7t Nam\" \/>\n<meta property=\"article:publisher\" content=\"https:\/\/www.facebook.com\/tandoor.hcmc\/\" \/>\n<meta property=\"article:modified_time\" content=\"2023-05-07T15:06:25+00:00\" \/>\n<meta property=\"og:image\" content=\"https:\/\/tandoorvietnam.com\/wp-content\/uploads\/2020\/06\/Chicken-652.jpg\" \/>\n\t<meta property=\"og:image:width\" content=\"1400\" \/>\n\t<meta property=\"og:image:height\" content=\"1400\" \/>\n\t<meta property=\"og:image:type\" content=\"image\/jpeg\" \/>\n<meta name=\"twitter:card\" content=\"summary_large_image\" \/>\n<meta name=\"twitter:label1\" content=\"Est. reading time\" \/>\n\t<meta name=\"twitter:data1\" content=\"2 minutes\" \/>\n<script type=\"application\/ld+json\" class=\"yoast-schema-graph\">{\"@context\":\"https:\\\/\\\/schema.org\",\"@graph\":[{\"@type\":\"WebPage\",\"@id\":\"https:\\\/\\\/tandoorvietnam.com\\\/vi\\\/sanpham\\\/cac-mon-khai-vi\\\/ga-ca-ri-xao-kho\\\/\",\"url\":\"https:\\\/\\\/tandoorvietnam.com\\\/vi\\\/sanpham\\\/cac-mon-khai-vi\\\/ga-ca-ri-xao-kho\\\/\",\"name\":\"Chicken 65 (G\u00c0 C\u00c0 RI X\u00c0O KH\u00d4) - Tandoor Vi\u1ec7t Nam\",\"isPartOf\":{\"@id\":\"https:\\\/\\\/tandoorvietnam.com\\\/vi\\\/#website\"},\"primaryImageOfPage\":{\"@id\":\"https:\\\/\\\/tandoorvietnam.com\\\/vi\\\/sanpham\\\/cac-mon-khai-vi\\\/ga-ca-ri-xao-kho\\\/#primaryimage\"},\"image\":{\"@id\":\"https:\\\/\\\/tandoorvietnam.com\\\/vi\\\/sanpham\\\/cac-mon-khai-vi\\\/ga-ca-ri-xao-kho\\\/#primaryimage\"},\"thumbnailUrl\":\"https:\\\/\\\/tandoorvietnam.com\\\/wp-content\\\/uploads\\\/2020\\\/06\\\/Chicken-652.jpg\",\"datePublished\":\"2021-04-10T10:12:46+00:00\",\"dateModified\":\"2023-05-07T15:06:25+00:00\",\"description\":\"Th\u01b0\u1edfng th\u1ee9c m\u00f3n g\u00e0 c\u00e0 ri x\u00e0o kh\u00f4 t\u1ea1i Tandoor Vietnam v\u1edbi g\u00e0 l\u00e1t x\u1eaft mi\u1ebfng \u01b0\u1edbp gia v\u1ecb cay, s\u1eefa chua v\u00e0 l\u00e1 cari th\u01a1m ngon, \u0111\u1eadm \u0111\u00e0 h\u01b0\u01a1ng v\u1ecb \u1ea4n \u0110\u1ed9.\",\"breadcrumb\":{\"@id\":\"https:\\\/\\\/tandoorvietnam.com\\\/vi\\\/sanpham\\\/cac-mon-khai-vi\\\/ga-ca-ri-xao-kho\\\/#breadcrumb\"},\"inLanguage\":\"vi-VN\",\"potentialAction\":[{\"@type\":\"ReadAction\",\"target\":[\"https:\\\/\\\/tandoorvietnam.com\\\/vi\\\/sanpham\\\/cac-mon-khai-vi\\\/ga-ca-ri-xao-kho\\\/\"]}]},{\"@type\":\"ImageObject\",\"inLanguage\":\"vi-VN\",\"@id\":\"https:\\\/\\\/tandoorvietnam.com\\\/vi\\\/sanpham\\\/cac-mon-khai-vi\\\/ga-ca-ri-xao-kho\\\/#primaryimage\",\"url\":\"https:\\\/\\\/tandoorvietnam.com\\\/wp-content\\\/uploads\\\/2020\\\/06\\\/Chicken-652.jpg\",\"contentUrl\":\"https:\\\/\\\/tandoorvietnam.com\\\/wp-content\\\/uploads\\\/2020\\\/06\\\/Chicken-652.jpg\",\"width\":1400,\"height\":1400,\"caption\":\"G\u00e0 c\u00e0 ri x\u00e0o kh\u00f4\"},{\"@type\":\"BreadcrumbList\",\"@id\":\"https:\\\/\\\/tandoorvietnam.com\\\/vi\\\/sanpham\\\/cac-mon-khai-vi\\\/ga-ca-ri-xao-kho\\\/#breadcrumb\",\"itemListElement\":[{\"@type\":\"ListItem\",\"position\":1,\"name\":\"Trang Ch\u1ee7\",\"item\":\"https:\\\/\\\/tandoorvietnam.com\\\/vi\\\/\"},{\"@type\":\"ListItem\",\"position\":2,\"name\":\"Shop\",\"item\":\"https:\\\/\\\/tandoorvietnam.com\\\/shop\\\/\"},{\"@type\":\"ListItem\",\"position\":3,\"name\":\"Chicken 65 (G\u00c0 C\u00c0 RI X\u00c0O KH\u00d4)\"}]},{\"@type\":\"WebSite\",\"@id\":\"https:\\\/\\\/tandoorvietnam.com\\\/vi\\\/#website\",\"url\":\"https:\\\/\\\/tandoorvietnam.com\\\/vi\\\/\",\"name\":\"Tandoor Vietnam\",\"description\":\"Nh\u00e0 h\u00e0ng ngon h\u1ed3 ch\u00ed minh\",\"publisher\":{\"@id\":\"https:\\\/\\\/tandoorvietnam.com\\\/vi\\\/#organization\"},\"potentialAction\":[{\"@type\":\"SearchAction\",\"target\":{\"@type\":\"EntryPoint\",\"urlTemplate\":\"https:\\\/\\\/tandoorvietnam.com\\\/vi\\\/?s={search_term_string}\"},\"query-input\":{\"@type\":\"PropertyValueSpecification\",\"valueRequired\":true,\"valueName\":\"search_term_string\"}}],\"inLanguage\":\"vi-VN\"},{\"@type\":\"Organization\",\"@id\":\"https:\\\/\\\/tandoorvietnam.com\\\/vi\\\/#organization\",\"name\":\"Tandoor Vietnam\",\"url\":\"https:\\\/\\\/tandoorvietnam.com\\\/vi\\\/\",\"logo\":{\"@type\":\"ImageObject\",\"inLanguage\":\"vi-VN\",\"@id\":\"https:\\\/\\\/tandoorvietnam.com\\\/vi\\\/#\\\/schema\\\/logo\\\/image\\\/\",\"url\":\"https:\\\/\\\/tandoorvietnam.com\\\/wp-content\\\/uploads\\\/2020\\\/07\\\/logo.png\",\"contentUrl\":\"https:\\\/\\\/tandoorvietnam.com\\\/wp-content\\\/uploads\\\/2020\\\/07\\\/logo.png\",\"width\":133,\"height\":75,\"caption\":\"Tandoor Vietnam\"},\"image\":{\"@id\":\"https:\\\/\\\/tandoorvietnam.com\\\/vi\\\/#\\\/schema\\\/logo\\\/image\\\/\"},\"sameAs\":[\"https:\\\/\\\/www.facebook.com\\\/tandoor.hcmc\\\/\"]}]}<\/script>\n<!-- \/ Yoast SEO Premium plugin. -->","yoast_head_json":{"title":"Chicken 65 (G\u00c0 C\u00c0 RI X\u00c0O KH\u00d4) - Tandoor Vi\u1ec7t Nam","description":"Th\u01b0\u1edfng th\u1ee9c m\u00f3n g\u00e0 c\u00e0 ri x\u00e0o kh\u00f4 t\u1ea1i Tandoor Vietnam v\u1edbi g\u00e0 l\u00e1t x\u1eaft mi\u1ebfng \u01b0\u1edbp gia v\u1ecb cay, s\u1eefa chua v\u00e0 l\u00e1 cari th\u01a1m ngon, \u0111\u1eadm \u0111\u00e0 h\u01b0\u01a1ng v\u1ecb \u1ea4n \u0110\u1ed9.","robots":{"index":"index","follow":"follow","max-snippet":"max-snippet:-1","max-image-preview":"max-image-preview:large","max-video-preview":"max-video-preview:-1"},"canonical":"https:\/\/tandoorvietnam.com\/vi\/sanpham\/cac-mon-khai-vi\/ga-ca-ri-xao-kho\/","og_locale":"vi_VN","og_type":"article","og_title":"Chicken 65 (G\u00c0 C\u00c0 RI X\u00c0O KH\u00d4)","og_description":"Th\u01b0\u1edfng th\u1ee9c m\u00f3n g\u00e0 c\u00e0 ri x\u00e0o kh\u00f4 t\u1ea1i Tandoor Vietnam v\u1edbi g\u00e0 l\u00e1t x\u1eaft mi\u1ebfng \u01b0\u1edbp gia v\u1ecb cay, s\u1eefa chua v\u00e0 l\u00e1 cari th\u01a1m ngon, \u0111\u1eadm \u0111\u00e0 h\u01b0\u01a1ng v\u1ecb \u1ea4n \u0110\u1ed9.","og_url":"https:\/\/tandoorvietnam.com\/vi\/sanpham\/cac-mon-khai-vi\/ga-ca-ri-xao-kho\/","og_site_name":"Tandoor Vi\u1ec7t Nam","article_publisher":"https:\/\/www.facebook.com\/tandoor.hcmc\/","article_modified_time":"2023-05-07T15:06:25+00:00","og_image":[{"width":1400,"height":1400,"url":"https:\/\/tandoorvietnam.com\/wp-content\/uploads\/2020\/06\/Chicken-652.jpg","type":"image\/jpeg"}],"twitter_card":"summary_large_image","twitter_misc":{"Est. reading time":"2 minutes"},"schema":{"@context":"https:\/\/schema.org","@graph":[{"@type":"WebPage","@id":"https:\/\/tandoorvietnam.com\/vi\/sanpham\/cac-mon-khai-vi\/ga-ca-ri-xao-kho\/","url":"https:\/\/tandoorvietnam.com\/vi\/sanpham\/cac-mon-khai-vi\/ga-ca-ri-xao-kho\/","name":"Chicken 65 (G\u00c0 C\u00c0 RI X\u00c0O KH\u00d4) - Tandoor Vi\u1ec7t Nam","isPartOf":{"@id":"https:\/\/tandoorvietnam.com\/vi\/#website"},"primaryImageOfPage":{"@id":"https:\/\/tandoorvietnam.com\/vi\/sanpham\/cac-mon-khai-vi\/ga-ca-ri-xao-kho\/#primaryimage"},"image":{"@id":"https:\/\/tandoorvietnam.com\/vi\/sanpham\/cac-mon-khai-vi\/ga-ca-ri-xao-kho\/#primaryimage"},"thumbnailUrl":"https:\/\/tandoorvietnam.com\/wp-content\/uploads\/2020\/06\/Chicken-652.jpg","datePublished":"2021-04-10T10:12:46+00:00","dateModified":"2023-05-07T15:06:25+00:00","description":"Th\u01b0\u1edfng th\u1ee9c m\u00f3n g\u00e0 c\u00e0 ri x\u00e0o kh\u00f4 t\u1ea1i Tandoor Vietnam v\u1edbi g\u00e0 l\u00e1t x\u1eaft mi\u1ebfng \u01b0\u1edbp gia v\u1ecb cay, s\u1eefa chua v\u00e0 l\u00e1 cari th\u01a1m ngon, \u0111\u1eadm \u0111\u00e0 h\u01b0\u01a1ng v\u1ecb \u1ea4n \u0110\u1ed9.","breadcrumb":{"@id":"https:\/\/tandoorvietnam.com\/vi\/sanpham\/cac-mon-khai-vi\/ga-ca-ri-xao-kho\/#breadcrumb"},"inLanguage":"vi-VN","potentialAction":[{"@type":"ReadAction","target":["https:\/\/tandoorvietnam.com\/vi\/sanpham\/cac-mon-khai-vi\/ga-ca-ri-xao-kho\/"]}]},{"@type":"ImageObject","inLanguage":"vi-VN","@id":"https:\/\/tandoorvietnam.com\/vi\/sanpham\/cac-mon-khai-vi\/ga-ca-ri-xao-kho\/#primaryimage","url":"https:\/\/tandoorvietnam.com\/wp-content\/uploads\/2020\/06\/Chicken-652.jpg","contentUrl":"https:\/\/tandoorvietnam.com\/wp-content\/uploads\/2020\/06\/Chicken-652.jpg","width":1400,"height":1400,"caption":"G\u00e0 c\u00e0 ri x\u00e0o kh\u00f4"},{"@type":"BreadcrumbList","@id":"https:\/\/tandoorvietnam.com\/vi\/sanpham\/cac-mon-khai-vi\/ga-ca-ri-xao-kho\/#breadcrumb","itemListElement":[{"@type":"ListItem","position":1,"name":"Trang Ch\u1ee7","item":"https:\/\/tandoorvietnam.com\/vi\/"},{"@type":"ListItem","position":2,"name":"Shop","item":"https:\/\/tandoorvietnam.com\/shop\/"},{"@type":"ListItem","position":3,"name":"Chicken 65 (G\u00c0 C\u00c0 RI X\u00c0O KH\u00d4)"}]},{"@type":"WebSite","@id":"https:\/\/tandoorvietnam.com\/vi\/#website","url":"https:\/\/tandoorvietnam.com\/vi\/","name":"Tandoor Vietnam","description":"Nh\u00e0 h\u00e0ng ngon h\u1ed3 ch\u00ed minh","publisher":{"@id":"https:\/\/tandoorvietnam.com\/vi\/#organization"},"potentialAction":[{"@type":"SearchAction","target":{"@type":"EntryPoint","urlTemplate":"https:\/\/tandoorvietnam.com\/vi\/?s={search_term_string}"},"query-input":{"@type":"PropertyValueSpecification","valueRequired":true,"valueName":"search_term_string"}}],"inLanguage":"vi-VN"},{"@type":"Organization","@id":"https:\/\/tandoorvietnam.com\/vi\/#organization","name":"Tandoor Vietnam","url":"https:\/\/tandoorvietnam.com\/vi\/","logo":{"@type":"ImageObject","inLanguage":"vi-VN","@id":"https:\/\/tandoorvietnam.com\/vi\/#\/schema\/logo\/image\/","url":"https:\/\/tandoorvietnam.com\/wp-content\/uploads\/2020\/07\/logo.png","contentUrl":"https:\/\/tandoorvietnam.com\/wp-content\/uploads\/2020\/07\/logo.png","width":133,"height":75,"caption":"Tandoor Vietnam"},"image":{"@id":"https:\/\/tandoorvietnam.com\/vi\/#\/schema\/logo\/image\/"},"sameAs":["https:\/\/www.facebook.com\/tandoor.hcmc\/"]}]}},"_links":{"self":[{"href":"https:\/\/tandoorvietnam.com\/vi\/wp-json\/wp\/v2\/product\/2907","targetHints":{"allow":["GET"]}}],"collection":[{"href":"https:\/\/tandoorvietnam.com\/vi\/wp-json\/wp\/v2\/product"}],"about":[{"href":"https:\/\/tandoorvietnam.com\/vi\/wp-json\/wp\/v2\/types\/product"}],"wp:featuredmedia":[{"embeddable":true,"href":"https:\/\/tandoorvietnam.com\/vi\/wp-json\/wp\/v2\/media\/2908"}],"wp:attachment":[{"href":"https:\/\/tandoorvietnam.com\/vi\/wp-json\/wp\/v2\/media?parent=2907"}],"wp:term":[{"taxonomy":"product_brand","embeddable":true,"href":"https:\/\/tandoorvietnam.com\/vi\/wp-json\/wp\/v2\/product_brand?post=2907"},{"taxonomy":"product_cat","embeddable":true,"href":"https:\/\/tandoorvietnam.com\/vi\/wp-json\/wp\/v2\/product_cat?post=2907"},{"taxonomy":"product_tag","embeddable":true,"href":"https:\/\/tandoorvietnam.com\/vi\/wp-json\/wp\/v2\/product_tag?post=2907"}],"curies":[{"name":"wp","href":"https:\/\/api.w.org\/{rel}","templated":true}]}}