{"id":2909,"date":"2020-06-16T15:02:20","date_gmt":"2021-04-10T10:14:07","guid":{"rendered":"http:\/\/tandoorvietnam.com\/product\/uncategorized\/canh-ga-chien-gion\/"},"modified":"2023-05-20T08:53:38","modified_gmt":"2023-05-20T08:53:38","slug":"canh-ga-chien-gion","status":"publish","type":"product","link":"https:\/\/tandoorvietnam.com\/vi\/sanpham\/cac-mon-khai-vi\/canh-ga-chien-gion\/","title":{"rendered":"Chicken Lolipop (C\u00c1NH G\u00c0 CHI\u00caN GI\u00d2N)"},"content":{"rendered":"<p>C\u00e1nh g\u00e0 chi\u00ean gi\u00f2n (Chicken Lolipop) l\u00e0 m\u1ed9t m\u00f3n khai v\u1ecb h\u1ea5p d\u1eabn v\u00e0 th\u00fa v\u1ecb. T\u1ea1i Tandoor Vietnam, ch\u00fang t\u00f4i chu\u1ea9n b\u1ecb c\u00e1nh g\u00e0 t\u01b0\u01a1i ngon, \u0111\u01b0\u1ee3c \u01b0\u1edbp gia v\u1ecb v\u00e0 chi\u00ean gi\u00f2n \u0111\u1ec3 t\u1ea1o ra m\u1ed9t m\u00f3n \u0103n h\u1ea5p d\u1eabn v\u1edbi v\u1ecb ngon \u0111\u1eadm \u0111\u00e0.<\/p>\n<p>V\u1ecf c\u00e1nh g\u00e0 \u0111\u01b0\u1ee3c chi\u00ean gi\u00f2n v\u00e0 c\u00f3 m\u1ed9t l\u1edbp v\u1ecf ngo\u00e0i gi\u00f2n r\u1ee5m, t\u1ea1o ra m\u1ed9t tr\u1ea3i nghi\u1ec7m \u0103n m\u00e0 b\u1ea1n kh\u00f4ng th\u1ec3 c\u01b0\u1ee1ng l\u1ea1i. B\u00ean trong, th\u1ecbt g\u00e0 m\u1ec1m m\u1ecdng, \u0111\u1eadm \u0111\u00e0 v\u1edbi h\u01b0\u01a1ng v\u1ecb tuy\u1ec7t v\u1eddi c\u1ee7a gia v\u1ecb \u0111\u00e3 \u0111\u01b0\u1ee3c \u01b0\u1edbp.<\/p>\n<p>Chicken Lolipop l\u00e0 m\u1ed9t l\u1ef1a ch\u1ecdn tuy\u1ec7t v\u1eddi cho m\u00f3n khai v\u1ecb t\u1ea1i Tandoor Vietnam. V\u1edbi h\u01b0\u01a1ng v\u1ecb \u0111\u1eb7c tr\u01b0ng v\u00e0 ch\u1ea5t l\u01b0\u1ee3ng ch\u1ebf bi\u1ebfn, m\u00f3n \u0103n n\u00e0y s\u1ebd l\u00e0m h\u00e0i l\u00f2ng c\u1ea3 nh\u1eefng th\u1ef1c kh\u00e1ch kh\u00f3 t\u00ednh nh\u1ea5t.<\/p>\n<p>B\u1ea1n c\u00f3 th\u1ec3 th\u01b0\u1edfng th\u1ee9c Chicken Lolipop l\u00e0m m\u00f3n khai v\u1ecb t\u1ea1i b\u1ea5t k\u1ef3 b\u1eefa ti\u1ec7c ho\u1eb7c d\u1ecbp h\u1ecdp m\u1eb7t n\u00e0o. N\u00f3 c\u0169ng l\u00e0 m\u1ed9t m\u00f3n \u0103n ph\u1ed5 bi\u1ebfn trong c\u00e1c nh\u00e0 h\u00e0ng v\u00e0 qu\u00e1n \u0103n. Khi \u0103n k\u00e8m v\u1edbi c\u00e1c lo\u1ea1i n\u01b0\u1edbc s\u1ed1t ho\u1eb7c gia v\u1ecb t\u00f9y th\u00edch, Chicken Lolipop\u00a0s\u1ebd mang \u0111\u1ebfn cho b\u1ea1n m\u1ed9t tr\u1ea3i nghi\u1ec7m \u1ea9m th\u1ef1c tuy\u1ec7t v\u1eddi.<\/p>\n<p>T\u1ea1i <a href=\"https:\/\/tandoorvietnam.com\/\">Tandoor Vietnam<\/a>, ch\u00fang t\u00f4i cam k\u1ebft mang \u0111\u1ebfn cho b\u1ea1n nh\u1eefng m\u00f3n \u0103n ch\u1ea5t l\u01b0\u1ee3ng v\u00e0 h\u01b0\u01a1ng v\u1ecb \u0111\u1ed9c \u0111\u00e1o. H\u00e3y \u0111\u1ebfn v\u00e0 th\u01b0\u1edfng th\u1ee9c Chicken Lolipop\u00a0t\u1ea1i nh\u00e0 h\u00e0ng ch\u00fang t\u00f4i, n\u01a1i b\u1ea1n c\u00f3 th\u1ec3 t\u1eadn h\u01b0\u1edfng nh\u1eefng tr\u1ea3i nghi\u1ec7m \u1ea9m th\u1ef1c \u0111\u1eb7c bi\u1ec7t v\u00e0 kh\u00f4ng th\u1ec3 qu\u00ean.<\/p>\n","protected":false},"excerpt":{"rendered":"<p>&nbsp;<\/p>\n<table width=\"723\">\n<tbody>\n<tr>\n<td width=\"412\">Spicy chicken wing fritters (3 pcs)<\/td>\n<\/tr>\n<tr>\n<td width=\"412\"><em>C\u00e1nh g\u00e0 chi\u00ean gi\u00f2n theo ki\u1ec3u \u1ea4n<\/em><\/td>\n<\/tr>\n<\/tbody>\n<\/table>\n","protected":false},"featured_media":2910,"template":"","meta":[],"product_brand":[],"product_cat":[213],"product_tag":[],"class_list":{"0":"post-2909","1":"product","2":"type-product","3":"status-publish","4":"has-post-thumbnail","6":"product_cat-cac-mon-khai-vi","8":"first","9":"instock","10":"taxable","11":"shipping-taxable","12":"purchasable","13":"product-type-simple"},"yoast_head":"<!-- This site is optimized with the Yoast SEO Premium plugin v22.3 (Yoast SEO v27.4) - https:\/\/yoast.com\/product\/yoast-seo-premium-wordpress\/ -->\n<title>Chicken Lolipop (C\u00c1NH G\u00c0 CHI\u00caN GI\u00d2N) - Tandoor Vi\u1ec7t Nam<\/title>\n<meta name=\"description\" content=\"C\u00e1nh g\u00e0 chi\u00ean gi\u00f2n h\u1ea5p d\u1eabn v\u1edbi v\u1ecf ngo\u00e0i gi\u00f2n r\u1ee5m v\u00e0 th\u1ecbt g\u00e0 m\u1ec1m m\u1ecdng. M\u00f3n khai v\u1ecb tuy\u1ec7t v\u1eddi t\u1ea1i Tandoor Vietnam, m\u1ed9t h\u01b0\u01a1ng v\u1ecb \u0111\u1eb7c tr\u01b0ng kh\u00f4ng th\u1ec3 b\u1ecf qua.\" \/>\n<meta name=\"robots\" content=\"index, follow, max-snippet:-1, max-image-preview:large, max-video-preview:-1\" \/>\n<link rel=\"canonical\" href=\"https:\/\/tandoorvietnam.com\/vi\/sanpham\/cac-mon-khai-vi\/canh-ga-chien-gion\/\" \/>\n<meta property=\"og:locale\" content=\"vi_VN\" \/>\n<meta property=\"og:type\" content=\"article\" \/>\n<meta property=\"og:title\" content=\"Chicken Lolipop (C\u00c1NH G\u00c0 CHI\u00caN GI\u00d2N)\" \/>\n<meta property=\"og:description\" content=\"C\u00e1nh g\u00e0 chi\u00ean gi\u00f2n h\u1ea5p d\u1eabn v\u1edbi v\u1ecf ngo\u00e0i gi\u00f2n r\u1ee5m v\u00e0 th\u1ecbt g\u00e0 m\u1ec1m m\u1ecdng. M\u00f3n khai v\u1ecb tuy\u1ec7t v\u1eddi t\u1ea1i Tandoor Vietnam, m\u1ed9t h\u01b0\u01a1ng v\u1ecb \u0111\u1eb7c tr\u01b0ng kh\u00f4ng th\u1ec3 b\u1ecf qua.\" \/>\n<meta property=\"og:url\" content=\"https:\/\/tandoorvietnam.com\/vi\/sanpham\/cac-mon-khai-vi\/canh-ga-chien-gion\/\" \/>\n<meta property=\"og:site_name\" content=\"Tandoor Vi\u1ec7t Nam\" \/>\n<meta property=\"article:publisher\" content=\"https:\/\/www.facebook.com\/tandoor.hcmc\/\" \/>\n<meta property=\"article:modified_time\" content=\"2023-05-20T08:53:38+00:00\" \/>\n<meta property=\"og:image\" content=\"https:\/\/tandoorvietnam.com\/wp-content\/uploads\/2020\/06\/Chicken-lolipop.jpg\" \/>\n\t<meta property=\"og:image:width\" content=\"1400\" \/>\n\t<meta property=\"og:image:height\" content=\"1400\" \/>\n\t<meta property=\"og:image:type\" content=\"image\/jpeg\" \/>\n<meta name=\"twitter:card\" content=\"summary_large_image\" \/>\n<meta name=\"twitter:label1\" content=\"Est. reading time\" \/>\n\t<meta name=\"twitter:data1\" content=\"2 minutes\" \/>\n<script type=\"application\/ld+json\" class=\"yoast-schema-graph\">{\"@context\":\"https:\\\/\\\/schema.org\",\"@graph\":[{\"@type\":\"WebPage\",\"@id\":\"https:\\\/\\\/tandoorvietnam.com\\\/vi\\\/sanpham\\\/cac-mon-khai-vi\\\/canh-ga-chien-gion\\\/\",\"url\":\"https:\\\/\\\/tandoorvietnam.com\\\/vi\\\/sanpham\\\/cac-mon-khai-vi\\\/canh-ga-chien-gion\\\/\",\"name\":\"Chicken Lolipop (C\u00c1NH G\u00c0 CHI\u00caN GI\u00d2N) - Tandoor Vi\u1ec7t Nam\",\"isPartOf\":{\"@id\":\"https:\\\/\\\/tandoorvietnam.com\\\/vi\\\/#website\"},\"primaryImageOfPage\":{\"@id\":\"https:\\\/\\\/tandoorvietnam.com\\\/vi\\\/sanpham\\\/cac-mon-khai-vi\\\/canh-ga-chien-gion\\\/#primaryimage\"},\"image\":{\"@id\":\"https:\\\/\\\/tandoorvietnam.com\\\/vi\\\/sanpham\\\/cac-mon-khai-vi\\\/canh-ga-chien-gion\\\/#primaryimage\"},\"thumbnailUrl\":\"https:\\\/\\\/tandoorvietnam.com\\\/wp-content\\\/uploads\\\/2020\\\/06\\\/Chicken-lolipop.jpg\",\"datePublished\":\"2021-04-10T10:14:07+00:00\",\"dateModified\":\"2023-05-20T08:53:38+00:00\",\"description\":\"C\u00e1nh g\u00e0 chi\u00ean gi\u00f2n h\u1ea5p d\u1eabn v\u1edbi v\u1ecf ngo\u00e0i gi\u00f2n r\u1ee5m v\u00e0 th\u1ecbt g\u00e0 m\u1ec1m m\u1ecdng. M\u00f3n khai v\u1ecb tuy\u1ec7t v\u1eddi t\u1ea1i Tandoor Vietnam, m\u1ed9t h\u01b0\u01a1ng v\u1ecb \u0111\u1eb7c tr\u01b0ng kh\u00f4ng th\u1ec3 b\u1ecf qua.\",\"breadcrumb\":{\"@id\":\"https:\\\/\\\/tandoorvietnam.com\\\/vi\\\/sanpham\\\/cac-mon-khai-vi\\\/canh-ga-chien-gion\\\/#breadcrumb\"},\"inLanguage\":\"vi-VN\",\"potentialAction\":[{\"@type\":\"ReadAction\",\"target\":[\"https:\\\/\\\/tandoorvietnam.com\\\/vi\\\/sanpham\\\/cac-mon-khai-vi\\\/canh-ga-chien-gion\\\/\"]}]},{\"@type\":\"ImageObject\",\"inLanguage\":\"vi-VN\",\"@id\":\"https:\\\/\\\/tandoorvietnam.com\\\/vi\\\/sanpham\\\/cac-mon-khai-vi\\\/canh-ga-chien-gion\\\/#primaryimage\",\"url\":\"https:\\\/\\\/tandoorvietnam.com\\\/wp-content\\\/uploads\\\/2020\\\/06\\\/Chicken-lolipop.jpg\",\"contentUrl\":\"https:\\\/\\\/tandoorvietnam.com\\\/wp-content\\\/uploads\\\/2020\\\/06\\\/Chicken-lolipop.jpg\",\"width\":1400,\"height\":1400,\"caption\":\"C\u00c1NH G\u00c0 CHI\u00caN GI\u00d2N\"},{\"@type\":\"BreadcrumbList\",\"@id\":\"https:\\\/\\\/tandoorvietnam.com\\\/vi\\\/sanpham\\\/cac-mon-khai-vi\\\/canh-ga-chien-gion\\\/#breadcrumb\",\"itemListElement\":[{\"@type\":\"ListItem\",\"position\":1,\"name\":\"Trang Ch\u1ee7\",\"item\":\"https:\\\/\\\/tandoorvietnam.com\\\/vi\\\/\"},{\"@type\":\"ListItem\",\"position\":2,\"name\":\"Shop\",\"item\":\"https:\\\/\\\/tandoorvietnam.com\\\/shop\\\/\"},{\"@type\":\"ListItem\",\"position\":3,\"name\":\"Chicken Lolipop (C\u00c1NH G\u00c0 CHI\u00caN GI\u00d2N)\"}]},{\"@type\":\"WebSite\",\"@id\":\"https:\\\/\\\/tandoorvietnam.com\\\/vi\\\/#website\",\"url\":\"https:\\\/\\\/tandoorvietnam.com\\\/vi\\\/\",\"name\":\"Tandoor Vietnam\",\"description\":\"Nh\u00e0 h\u00e0ng ngon h\u1ed3 ch\u00ed minh\",\"publisher\":{\"@id\":\"https:\\\/\\\/tandoorvietnam.com\\\/vi\\\/#organization\"},\"potentialAction\":[{\"@type\":\"SearchAction\",\"target\":{\"@type\":\"EntryPoint\",\"urlTemplate\":\"https:\\\/\\\/tandoorvietnam.com\\\/vi\\\/?s={search_term_string}\"},\"query-input\":{\"@type\":\"PropertyValueSpecification\",\"valueRequired\":true,\"valueName\":\"search_term_string\"}}],\"inLanguage\":\"vi-VN\"},{\"@type\":\"Organization\",\"@id\":\"https:\\\/\\\/tandoorvietnam.com\\\/vi\\\/#organization\",\"name\":\"Tandoor Vietnam\",\"url\":\"https:\\\/\\\/tandoorvietnam.com\\\/vi\\\/\",\"logo\":{\"@type\":\"ImageObject\",\"inLanguage\":\"vi-VN\",\"@id\":\"https:\\\/\\\/tandoorvietnam.com\\\/vi\\\/#\\\/schema\\\/logo\\\/image\\\/\",\"url\":\"https:\\\/\\\/tandoorvietnam.com\\\/wp-content\\\/uploads\\\/2020\\\/07\\\/logo.png\",\"contentUrl\":\"https:\\\/\\\/tandoorvietnam.com\\\/wp-content\\\/uploads\\\/2020\\\/07\\\/logo.png\",\"width\":133,\"height\":75,\"caption\":\"Tandoor Vietnam\"},\"image\":{\"@id\":\"https:\\\/\\\/tandoorvietnam.com\\\/vi\\\/#\\\/schema\\\/logo\\\/image\\\/\"},\"sameAs\":[\"https:\\\/\\\/www.facebook.com\\\/tandoor.hcmc\\\/\"]}]}<\/script>\n<!-- \/ Yoast SEO Premium plugin. -->","yoast_head_json":{"title":"Chicken Lolipop (C\u00c1NH G\u00c0 CHI\u00caN GI\u00d2N) - Tandoor Vi\u1ec7t Nam","description":"C\u00e1nh g\u00e0 chi\u00ean gi\u00f2n h\u1ea5p d\u1eabn v\u1edbi v\u1ecf ngo\u00e0i gi\u00f2n r\u1ee5m v\u00e0 th\u1ecbt g\u00e0 m\u1ec1m m\u1ecdng. M\u00f3n khai v\u1ecb tuy\u1ec7t v\u1eddi t\u1ea1i Tandoor Vietnam, m\u1ed9t h\u01b0\u01a1ng v\u1ecb \u0111\u1eb7c tr\u01b0ng kh\u00f4ng th\u1ec3 b\u1ecf qua.","robots":{"index":"index","follow":"follow","max-snippet":"max-snippet:-1","max-image-preview":"max-image-preview:large","max-video-preview":"max-video-preview:-1"},"canonical":"https:\/\/tandoorvietnam.com\/vi\/sanpham\/cac-mon-khai-vi\/canh-ga-chien-gion\/","og_locale":"vi_VN","og_type":"article","og_title":"Chicken Lolipop (C\u00c1NH G\u00c0 CHI\u00caN GI\u00d2N)","og_description":"C\u00e1nh g\u00e0 chi\u00ean gi\u00f2n h\u1ea5p d\u1eabn v\u1edbi v\u1ecf ngo\u00e0i gi\u00f2n r\u1ee5m v\u00e0 th\u1ecbt g\u00e0 m\u1ec1m m\u1ecdng. M\u00f3n khai v\u1ecb tuy\u1ec7t v\u1eddi t\u1ea1i Tandoor Vietnam, m\u1ed9t h\u01b0\u01a1ng v\u1ecb \u0111\u1eb7c tr\u01b0ng kh\u00f4ng th\u1ec3 b\u1ecf qua.","og_url":"https:\/\/tandoorvietnam.com\/vi\/sanpham\/cac-mon-khai-vi\/canh-ga-chien-gion\/","og_site_name":"Tandoor Vi\u1ec7t Nam","article_publisher":"https:\/\/www.facebook.com\/tandoor.hcmc\/","article_modified_time":"2023-05-20T08:53:38+00:00","og_image":[{"width":1400,"height":1400,"url":"https:\/\/tandoorvietnam.com\/wp-content\/uploads\/2020\/06\/Chicken-lolipop.jpg","type":"image\/jpeg"}],"twitter_card":"summary_large_image","twitter_misc":{"Est. reading time":"2 minutes"},"schema":{"@context":"https:\/\/schema.org","@graph":[{"@type":"WebPage","@id":"https:\/\/tandoorvietnam.com\/vi\/sanpham\/cac-mon-khai-vi\/canh-ga-chien-gion\/","url":"https:\/\/tandoorvietnam.com\/vi\/sanpham\/cac-mon-khai-vi\/canh-ga-chien-gion\/","name":"Chicken Lolipop (C\u00c1NH G\u00c0 CHI\u00caN GI\u00d2N) - Tandoor Vi\u1ec7t Nam","isPartOf":{"@id":"https:\/\/tandoorvietnam.com\/vi\/#website"},"primaryImageOfPage":{"@id":"https:\/\/tandoorvietnam.com\/vi\/sanpham\/cac-mon-khai-vi\/canh-ga-chien-gion\/#primaryimage"},"image":{"@id":"https:\/\/tandoorvietnam.com\/vi\/sanpham\/cac-mon-khai-vi\/canh-ga-chien-gion\/#primaryimage"},"thumbnailUrl":"https:\/\/tandoorvietnam.com\/wp-content\/uploads\/2020\/06\/Chicken-lolipop.jpg","datePublished":"2021-04-10T10:14:07+00:00","dateModified":"2023-05-20T08:53:38+00:00","description":"C\u00e1nh g\u00e0 chi\u00ean gi\u00f2n h\u1ea5p d\u1eabn v\u1edbi v\u1ecf ngo\u00e0i gi\u00f2n r\u1ee5m v\u00e0 th\u1ecbt g\u00e0 m\u1ec1m m\u1ecdng. M\u00f3n khai v\u1ecb tuy\u1ec7t v\u1eddi t\u1ea1i Tandoor Vietnam, m\u1ed9t h\u01b0\u01a1ng v\u1ecb \u0111\u1eb7c tr\u01b0ng kh\u00f4ng th\u1ec3 b\u1ecf qua.","breadcrumb":{"@id":"https:\/\/tandoorvietnam.com\/vi\/sanpham\/cac-mon-khai-vi\/canh-ga-chien-gion\/#breadcrumb"},"inLanguage":"vi-VN","potentialAction":[{"@type":"ReadAction","target":["https:\/\/tandoorvietnam.com\/vi\/sanpham\/cac-mon-khai-vi\/canh-ga-chien-gion\/"]}]},{"@type":"ImageObject","inLanguage":"vi-VN","@id":"https:\/\/tandoorvietnam.com\/vi\/sanpham\/cac-mon-khai-vi\/canh-ga-chien-gion\/#primaryimage","url":"https:\/\/tandoorvietnam.com\/wp-content\/uploads\/2020\/06\/Chicken-lolipop.jpg","contentUrl":"https:\/\/tandoorvietnam.com\/wp-content\/uploads\/2020\/06\/Chicken-lolipop.jpg","width":1400,"height":1400,"caption":"C\u00c1NH G\u00c0 CHI\u00caN GI\u00d2N"},{"@type":"BreadcrumbList","@id":"https:\/\/tandoorvietnam.com\/vi\/sanpham\/cac-mon-khai-vi\/canh-ga-chien-gion\/#breadcrumb","itemListElement":[{"@type":"ListItem","position":1,"name":"Trang Ch\u1ee7","item":"https:\/\/tandoorvietnam.com\/vi\/"},{"@type":"ListItem","position":2,"name":"Shop","item":"https:\/\/tandoorvietnam.com\/shop\/"},{"@type":"ListItem","position":3,"name":"Chicken Lolipop (C\u00c1NH G\u00c0 CHI\u00caN GI\u00d2N)"}]},{"@type":"WebSite","@id":"https:\/\/tandoorvietnam.com\/vi\/#website","url":"https:\/\/tandoorvietnam.com\/vi\/","name":"Tandoor Vietnam","description":"Nh\u00e0 h\u00e0ng ngon h\u1ed3 ch\u00ed minh","publisher":{"@id":"https:\/\/tandoorvietnam.com\/vi\/#organization"},"potentialAction":[{"@type":"SearchAction","target":{"@type":"EntryPoint","urlTemplate":"https:\/\/tandoorvietnam.com\/vi\/?s={search_term_string}"},"query-input":{"@type":"PropertyValueSpecification","valueRequired":true,"valueName":"search_term_string"}}],"inLanguage":"vi-VN"},{"@type":"Organization","@id":"https:\/\/tandoorvietnam.com\/vi\/#organization","name":"Tandoor Vietnam","url":"https:\/\/tandoorvietnam.com\/vi\/","logo":{"@type":"ImageObject","inLanguage":"vi-VN","@id":"https:\/\/tandoorvietnam.com\/vi\/#\/schema\/logo\/image\/","url":"https:\/\/tandoorvietnam.com\/wp-content\/uploads\/2020\/07\/logo.png","contentUrl":"https:\/\/tandoorvietnam.com\/wp-content\/uploads\/2020\/07\/logo.png","width":133,"height":75,"caption":"Tandoor Vietnam"},"image":{"@id":"https:\/\/tandoorvietnam.com\/vi\/#\/schema\/logo\/image\/"},"sameAs":["https:\/\/www.facebook.com\/tandoor.hcmc\/"]}]}},"_links":{"self":[{"href":"https:\/\/tandoorvietnam.com\/vi\/wp-json\/wp\/v2\/product\/2909","targetHints":{"allow":["GET"]}}],"collection":[{"href":"https:\/\/tandoorvietnam.com\/vi\/wp-json\/wp\/v2\/product"}],"about":[{"href":"https:\/\/tandoorvietnam.com\/vi\/wp-json\/wp\/v2\/types\/product"}],"wp:featuredmedia":[{"embeddable":true,"href":"https:\/\/tandoorvietnam.com\/vi\/wp-json\/wp\/v2\/media\/2910"}],"wp:attachment":[{"href":"https:\/\/tandoorvietnam.com\/vi\/wp-json\/wp\/v2\/media?parent=2909"}],"wp:term":[{"taxonomy":"product_brand","embeddable":true,"href":"https:\/\/tandoorvietnam.com\/vi\/wp-json\/wp\/v2\/product_brand?post=2909"},{"taxonomy":"product_cat","embeddable":true,"href":"https:\/\/tandoorvietnam.com\/vi\/wp-json\/wp\/v2\/product_cat?post=2909"},{"taxonomy":"product_tag","embeddable":true,"href":"https:\/\/tandoorvietnam.com\/vi\/wp-json\/wp\/v2\/product_tag?post=2909"}],"curies":[{"name":"wp","href":"https:\/\/api.w.org\/{rel}","templated":true}]}}