{"id":2913,"date":"2020-06-16T14:16:04","date_gmt":"2020-06-16T14:16:04","guid":{"rendered":"http:\/\/tandoorvietnam.com\/product\/uncategorized\/ot-sung-nhoi-chien-gion\/"},"modified":"2025-10-16T16:34:09","modified_gmt":"2025-10-16T09:34:09","slug":"ot-sung-nhoi-chien-gion","status":"publish","type":"product","link":"https:\/\/tandoorvietnam.com\/vi\/sanpham\/cac-mon-khai-vi\/ot-sung-nhoi-chien-gion\/","title":{"rendered":"Chilli Bhaji (\u1edaT S\u1eeaNG NH\u1ed2I CHI\u00caN GI\u00d2N)"},"content":{"rendered":"<p>&nbsp;<\/p>\n<p>M\u00f3n \u0103n khai v\u1ecb \u1edbt s\u1eebng nh\u1ed3i chi\u00ean gi\u00f2n l\u00e0 m\u00f3n \u0103n \u0111\u1eb7c s\u1eafc c\u1ee7a \u1ea4n \u0110\u1ed9, \u0111\u01b0\u1ee3c n\u1ea5u t\u1eeb \u1edbt s\u1eebng v\u00e0 khoai t\u00e2y nh\u1ed3i v\u1edbi c\u00e1c gia v\u1ecb cay, ngon mi\u1ec7ng, chi\u00ean gi\u00f2n t\u1ea1o n\u00ean h\u01b0\u01a1ng v\u1ecb th\u01a1m ngon kh\u00f3 c\u01b0\u1ee1ng. V\u1edbi v\u1ecb cay n\u1ed3ng n\u00e0n, h\u00f2a quy\u1ec7n v\u1edbi h\u01b0\u01a1ng v\u1ecb ng\u1ecdt c\u1ee7a khoai t\u00e2y, m\u00f3n \u0103n khai v\u1ecb n\u00e0y s\u1ebd l\u00e0 m\u1ed9t l\u1ef1a ch\u1ecdn tuy\u1ec7t v\u1eddi cho b\u1ea5t k\u1ef3 d\u1ecbp ti\u1ec7c hay ti\u1ec7c t\u00f9ng n\u00e0o.<\/p>\n<p>T\u1ea1i Tandoor Vietnam, ch\u00fang t\u00f4i s\u1eed d\u1ee5ng \u1edbt s\u1eebng t\u01b0\u01a1i v\u00e0 khoai t\u00e2y t\u01b0\u01a1i \u0111\u1ec3 t\u1ea1o ra m\u00f3n \u0103n khai v\u1ecb \u0111\u1ed9c \u0111\u00e1o n\u00e0y. Sau khi \u0111\u01b0\u1ee3c r\u1eeda s\u1ea1ch, \u1edbt s\u1eebng \u0111\u01b0\u1ee3c t\u00e1ch h\u1ea1t v\u00e0 b\u1ed5 nh\u1ecf l\u1ea5y ph\u1ea7n th\u1ecbt \u0111\u1ec3 nh\u1ed3i v\u1edbi h\u1ed7n h\u1ee3p khoai t\u00e2y, b\u1ed9t ngh\u1ec7, b\u1ed9t \u1edbt v\u00e0 c\u00e1c gia v\u1ecb kh\u00e1c. Nh\u1eefng mi\u1ebfng khoai t\u00e2y nh\u1ed3i \u1edbt \u0111\u01b0\u1ee3c chi\u00ean gi\u00f2n trong d\u1ea7u n\u00f3ng cho \u0111\u1ebfn khi ch\u00fang c\u00f3 m\u00e0u v\u00e0ng \u0111\u1ed3ng v\u00e0 gi\u00f2n tan.<\/p>\n<p>M\u00f3n \u0103n khai v\u1ecb \u1edbt s\u1eebng nh\u1ed3i chien gi\u00f2n th\u01b0\u1eddng \u0111\u01b0\u1ee3c k\u00e8m v\u1edbi chutney t\u00e1o, n\u01b0\u1edbc t\u01b0\u01a1ng hay s\u1ed1t \u1edbt cay n\u00f3ng \u0111\u1ec3 t\u0103ng th\u00eam h\u01b0\u01a1ng v\u1ecb cho m\u00f3n \u0103n. B\u1ea1n c\u00f3 th\u1ec3 th\u01b0\u1edfng th\u1ee9c m\u00f3n \u0103n n\u00e0y tr\u01b0\u1edbc b\u1eefa ch\u00ednh ho\u1eb7c k\u00e8m v\u1edbi m\u1ed9t ly bia ho\u1eb7c r\u01b0\u1ee3u. \u0110\u1eb7c bi\u1ec7t, m\u00f3n \u0103n n\u00e0y c\u00f2n l\u00e0 m\u1ed9t l\u1ef1a ch\u1ecdn tuy\u1ec7t v\u1eddi cho nh\u1eefng ng\u01b0\u1eddi \u0103n chay v\u00ec kh\u00f4ng c\u00f3 th\u1ecbt.<\/p>\n<p>V\u1edbi m\u00f3n \u0103n khai v\u1ecb Chilli Bhaji c\u1ee7a Tandoor Vietnam, b\u1ea1n s\u1ebd \u0111\u01b0\u1ee3c tr\u1ea3i nghi\u1ec7m m\u1ed9t h\u01b0\u01a1ng v\u1ecb \u0111\u1ed9c \u0111\u00e1o, kh\u00e1c bi\u1ec7t v\u00e0 \u0111\u1ea7y h\u1ea5p d\u1eabn. M\u00f3n \u0103n n\u00e0y kh\u00f4ng ch\u1ec9 l\u00e0 m\u1ed9t m\u00f3n \u0103n khai v\u1ecb m\u00e0 c\u00f2n l\u00e0 m\u1ed9t ph\u1ea7n kh\u00f4ng th\u1ec3 thi\u1ebfu c\u1ee7a \u1ea9m th\u1ef1c \u1ea4n \u0110\u1ed9. H\u00e3y \u0111\u1ebfn v\u1edbi <a href=\"https:\/\/tandoorvietnam.com\/vi\/\">Tandoor Vietnam<\/a> \u0111\u1ec3 th\u01b0\u1edfng th\u1ee9c m\u00f3n \u0103n.<\/p>\n","protected":false},"excerpt":{"rendered":"<table width=\"723\">\n<tbody>\n<tr>\n<td width=\"412\">\u1edat xanh l\u1edbn nh\u1ed3i khoai t\u00e2y chi\u00ean (4 mi\u1ebfng)<\/td>\n<\/tr>\n<tr>\n<td width=\"412\">\n    <em>\u1edat s\u1eebng \u0111\u00f4ng t\u00e2y v\u00e0 gia v\u1ecb nh\u00fang b\u1ed9t chi\u00ean gi\u00f2n<\/em>\n  <\/td>\n<\/tr>\n<\/tbody>\n<\/table>\n","protected":false},"featured_media":2914,"template":"","meta":[],"product_brand":[],"product_cat":[213],"product_tag":[],"class_list":{"0":"post-2913","1":"product","2":"type-product","3":"status-publish","4":"has-post-thumbnail","6":"product_cat-cac-mon-khai-vi","8":"first","9":"instock","10":"taxable","11":"shipping-taxable","12":"purchasable","13":"product-type-simple"},"yoast_head":"<!-- This site is optimized with the Yoast SEO Premium plugin v22.3 (Yoast SEO v27.4) - https:\/\/yoast.com\/product\/yoast-seo-premium-wordpress\/ -->\n<title>Chilli Bhaji (\u1edaT S\u1eeaNG NH\u1ed2I CHI\u00caN GI\u00d2N) - Tandoor Vi\u1ec7t Nam<\/title>\n<meta name=\"description\" content=\"V\u1edbi \u1edbt s\u1eebng nh\u1ed3i khoai t\u00e2y v\u00e0 gia v\u1ecb cay nh\u00fang b\u1ed9t chi\u00ean gi\u00f2n, m\u00f3n \u0103n khai v\u1ecb \u0111\u1eb7c s\u1eafc t\u1ea1i Tandoor Vietnam s\u1ebd l\u00e0m th\u1ecfa m\u00e3n c\u1ea3 nh\u1eefng th\u1ef1c kh\u00e1ch kh\u00f3 t\u00ednh nh\u1ea5t.\" \/>\n<meta name=\"robots\" content=\"index, follow, max-snippet:-1, max-image-preview:large, max-video-preview:-1\" \/>\n<link rel=\"canonical\" href=\"https:\/\/tandoorvietnam.com\/vi\/sanpham\/cac-mon-khai-vi\/ot-sung-nhoi-chien-gion\/\" \/>\n<meta property=\"og:locale\" content=\"vi_VN\" \/>\n<meta property=\"og:type\" content=\"article\" \/>\n<meta property=\"og:title\" content=\"Chilli Bhaji (\u1edaT S\u1eeaNG NH\u1ed2I CHI\u00caN GI\u00d2N)\" \/>\n<meta property=\"og:description\" content=\"V\u1edbi \u1edbt s\u1eebng nh\u1ed3i khoai t\u00e2y v\u00e0 gia v\u1ecb cay nh\u00fang b\u1ed9t chi\u00ean gi\u00f2n, m\u00f3n \u0103n khai v\u1ecb \u0111\u1eb7c s\u1eafc t\u1ea1i Tandoor Vietnam s\u1ebd l\u00e0m th\u1ecfa m\u00e3n c\u1ea3 nh\u1eefng th\u1ef1c kh\u00e1ch kh\u00f3 t\u00ednh nh\u1ea5t.\" \/>\n<meta property=\"og:url\" content=\"https:\/\/tandoorvietnam.com\/vi\/sanpham\/cac-mon-khai-vi\/ot-sung-nhoi-chien-gion\/\" \/>\n<meta property=\"og:site_name\" content=\"Tandoor Vi\u1ec7t Nam\" \/>\n<meta property=\"article:publisher\" content=\"https:\/\/www.facebook.com\/tandoor.hcmc\/\" \/>\n<meta property=\"article:modified_time\" content=\"2025-10-16T09:34:09+00:00\" \/>\n<meta property=\"og:image\" content=\"https:\/\/tandoorvietnam.com\/wp-content\/uploads\/2020\/06\/Chilli-bhaji.jpg\" \/>\n\t<meta property=\"og:image:width\" content=\"1400\" \/>\n\t<meta property=\"og:image:height\" content=\"1400\" \/>\n\t<meta property=\"og:image:type\" content=\"image\/jpeg\" \/>\n<meta name=\"twitter:card\" content=\"summary_large_image\" \/>\n<meta name=\"twitter:label1\" content=\"Est. reading time\" \/>\n\t<meta name=\"twitter:data1\" content=\"2 minutes\" \/>\n<script type=\"application\/ld+json\" class=\"yoast-schema-graph\">{\"@context\":\"https:\\\/\\\/schema.org\",\"@graph\":[{\"@type\":\"WebPage\",\"@id\":\"https:\\\/\\\/tandoorvietnam.com\\\/vi\\\/sanpham\\\/cac-mon-khai-vi\\\/ot-sung-nhoi-chien-gion\\\/\",\"url\":\"https:\\\/\\\/tandoorvietnam.com\\\/vi\\\/sanpham\\\/cac-mon-khai-vi\\\/ot-sung-nhoi-chien-gion\\\/\",\"name\":\"Chilli Bhaji (\u1edaT S\u1eeaNG NH\u1ed2I CHI\u00caN GI\u00d2N) - Tandoor Vi\u1ec7t Nam\",\"isPartOf\":{\"@id\":\"https:\\\/\\\/tandoorvietnam.com\\\/vi\\\/#website\"},\"primaryImageOfPage\":{\"@id\":\"https:\\\/\\\/tandoorvietnam.com\\\/vi\\\/sanpham\\\/cac-mon-khai-vi\\\/ot-sung-nhoi-chien-gion\\\/#primaryimage\"},\"image\":{\"@id\":\"https:\\\/\\\/tandoorvietnam.com\\\/vi\\\/sanpham\\\/cac-mon-khai-vi\\\/ot-sung-nhoi-chien-gion\\\/#primaryimage\"},\"thumbnailUrl\":\"https:\\\/\\\/tandoorvietnam.com\\\/wp-content\\\/uploads\\\/2020\\\/06\\\/Chilli-bhaji.jpg\",\"datePublished\":\"2020-06-16T14:16:04+00:00\",\"dateModified\":\"2025-10-16T09:34:09+00:00\",\"description\":\"V\u1edbi \u1edbt s\u1eebng nh\u1ed3i khoai t\u00e2y v\u00e0 gia v\u1ecb cay nh\u00fang b\u1ed9t chi\u00ean gi\u00f2n, m\u00f3n \u0103n khai v\u1ecb \u0111\u1eb7c s\u1eafc t\u1ea1i Tandoor Vietnam s\u1ebd l\u00e0m th\u1ecfa m\u00e3n c\u1ea3 nh\u1eefng th\u1ef1c kh\u00e1ch kh\u00f3 t\u00ednh nh\u1ea5t.\",\"breadcrumb\":{\"@id\":\"https:\\\/\\\/tandoorvietnam.com\\\/vi\\\/sanpham\\\/cac-mon-khai-vi\\\/ot-sung-nhoi-chien-gion\\\/#breadcrumb\"},\"inLanguage\":\"vi-VN\",\"potentialAction\":[{\"@type\":\"ReadAction\",\"target\":[\"https:\\\/\\\/tandoorvietnam.com\\\/vi\\\/sanpham\\\/cac-mon-khai-vi\\\/ot-sung-nhoi-chien-gion\\\/\"]}]},{\"@type\":\"ImageObject\",\"inLanguage\":\"vi-VN\",\"@id\":\"https:\\\/\\\/tandoorvietnam.com\\\/vi\\\/sanpham\\\/cac-mon-khai-vi\\\/ot-sung-nhoi-chien-gion\\\/#primaryimage\",\"url\":\"https:\\\/\\\/tandoorvietnam.com\\\/wp-content\\\/uploads\\\/2020\\\/06\\\/Chilli-bhaji.jpg\",\"contentUrl\":\"https:\\\/\\\/tandoorvietnam.com\\\/wp-content\\\/uploads\\\/2020\\\/06\\\/Chilli-bhaji.jpg\",\"width\":1400,\"height\":1400,\"caption\":\"\u1edaT S\u1eeaNG NH\u1ed2I CHI\u00caN GI\u00d2N\"},{\"@type\":\"BreadcrumbList\",\"@id\":\"https:\\\/\\\/tandoorvietnam.com\\\/vi\\\/sanpham\\\/cac-mon-khai-vi\\\/ot-sung-nhoi-chien-gion\\\/#breadcrumb\",\"itemListElement\":[{\"@type\":\"ListItem\",\"position\":1,\"name\":\"Trang Ch\u1ee7\",\"item\":\"https:\\\/\\\/tandoorvietnam.com\\\/vi\\\/\"},{\"@type\":\"ListItem\",\"position\":2,\"name\":\"Shop\",\"item\":\"https:\\\/\\\/tandoorvietnam.com\\\/shop\\\/\"},{\"@type\":\"ListItem\",\"position\":3,\"name\":\"Chilli Bhaji (\u1edaT S\u1eeaNG NH\u1ed2I CHI\u00caN GI\u00d2N)\"}]},{\"@type\":\"WebSite\",\"@id\":\"https:\\\/\\\/tandoorvietnam.com\\\/vi\\\/#website\",\"url\":\"https:\\\/\\\/tandoorvietnam.com\\\/vi\\\/\",\"name\":\"Tandoor Vietnam\",\"description\":\"Nh\u00e0 h\u00e0ng ngon h\u1ed3 ch\u00ed minh\",\"publisher\":{\"@id\":\"https:\\\/\\\/tandoorvietnam.com\\\/vi\\\/#organization\"},\"potentialAction\":[{\"@type\":\"SearchAction\",\"target\":{\"@type\":\"EntryPoint\",\"urlTemplate\":\"https:\\\/\\\/tandoorvietnam.com\\\/vi\\\/?s={search_term_string}\"},\"query-input\":{\"@type\":\"PropertyValueSpecification\",\"valueRequired\":true,\"valueName\":\"search_term_string\"}}],\"inLanguage\":\"vi-VN\"},{\"@type\":\"Organization\",\"@id\":\"https:\\\/\\\/tandoorvietnam.com\\\/vi\\\/#organization\",\"name\":\"Tandoor Vietnam\",\"url\":\"https:\\\/\\\/tandoorvietnam.com\\\/vi\\\/\",\"logo\":{\"@type\":\"ImageObject\",\"inLanguage\":\"vi-VN\",\"@id\":\"https:\\\/\\\/tandoorvietnam.com\\\/vi\\\/#\\\/schema\\\/logo\\\/image\\\/\",\"url\":\"https:\\\/\\\/tandoorvietnam.com\\\/wp-content\\\/uploads\\\/2020\\\/07\\\/logo.png\",\"contentUrl\":\"https:\\\/\\\/tandoorvietnam.com\\\/wp-content\\\/uploads\\\/2020\\\/07\\\/logo.png\",\"width\":133,\"height\":75,\"caption\":\"Tandoor Vietnam\"},\"image\":{\"@id\":\"https:\\\/\\\/tandoorvietnam.com\\\/vi\\\/#\\\/schema\\\/logo\\\/image\\\/\"},\"sameAs\":[\"https:\\\/\\\/www.facebook.com\\\/tandoor.hcmc\\\/\"]}]}<\/script>\n<!-- \/ Yoast SEO Premium plugin. -->","yoast_head_json":{"title":"Chilli Bhaji (\u1edaT S\u1eeaNG NH\u1ed2I CHI\u00caN GI\u00d2N) - Tandoor Vi\u1ec7t Nam","description":"V\u1edbi \u1edbt s\u1eebng nh\u1ed3i khoai t\u00e2y v\u00e0 gia v\u1ecb cay nh\u00fang b\u1ed9t chi\u00ean gi\u00f2n, m\u00f3n \u0103n khai v\u1ecb \u0111\u1eb7c s\u1eafc t\u1ea1i Tandoor Vietnam s\u1ebd l\u00e0m th\u1ecfa m\u00e3n c\u1ea3 nh\u1eefng th\u1ef1c kh\u00e1ch kh\u00f3 t\u00ednh nh\u1ea5t.","robots":{"index":"index","follow":"follow","max-snippet":"max-snippet:-1","max-image-preview":"max-image-preview:large","max-video-preview":"max-video-preview:-1"},"canonical":"https:\/\/tandoorvietnam.com\/vi\/sanpham\/cac-mon-khai-vi\/ot-sung-nhoi-chien-gion\/","og_locale":"vi_VN","og_type":"article","og_title":"Chilli Bhaji (\u1edaT S\u1eeaNG NH\u1ed2I CHI\u00caN GI\u00d2N)","og_description":"V\u1edbi \u1edbt s\u1eebng nh\u1ed3i khoai t\u00e2y v\u00e0 gia v\u1ecb cay nh\u00fang b\u1ed9t chi\u00ean gi\u00f2n, m\u00f3n \u0103n khai v\u1ecb \u0111\u1eb7c s\u1eafc t\u1ea1i Tandoor Vietnam s\u1ebd l\u00e0m th\u1ecfa m\u00e3n c\u1ea3 nh\u1eefng th\u1ef1c kh\u00e1ch kh\u00f3 t\u00ednh nh\u1ea5t.","og_url":"https:\/\/tandoorvietnam.com\/vi\/sanpham\/cac-mon-khai-vi\/ot-sung-nhoi-chien-gion\/","og_site_name":"Tandoor Vi\u1ec7t Nam","article_publisher":"https:\/\/www.facebook.com\/tandoor.hcmc\/","article_modified_time":"2025-10-16T09:34:09+00:00","og_image":[{"width":1400,"height":1400,"url":"https:\/\/tandoorvietnam.com\/wp-content\/uploads\/2020\/06\/Chilli-bhaji.jpg","type":"image\/jpeg"}],"twitter_card":"summary_large_image","twitter_misc":{"Est. reading time":"2 minutes"},"schema":{"@context":"https:\/\/schema.org","@graph":[{"@type":"WebPage","@id":"https:\/\/tandoorvietnam.com\/vi\/sanpham\/cac-mon-khai-vi\/ot-sung-nhoi-chien-gion\/","url":"https:\/\/tandoorvietnam.com\/vi\/sanpham\/cac-mon-khai-vi\/ot-sung-nhoi-chien-gion\/","name":"Chilli Bhaji (\u1edaT S\u1eeaNG NH\u1ed2I CHI\u00caN GI\u00d2N) - Tandoor Vi\u1ec7t Nam","isPartOf":{"@id":"https:\/\/tandoorvietnam.com\/vi\/#website"},"primaryImageOfPage":{"@id":"https:\/\/tandoorvietnam.com\/vi\/sanpham\/cac-mon-khai-vi\/ot-sung-nhoi-chien-gion\/#primaryimage"},"image":{"@id":"https:\/\/tandoorvietnam.com\/vi\/sanpham\/cac-mon-khai-vi\/ot-sung-nhoi-chien-gion\/#primaryimage"},"thumbnailUrl":"https:\/\/tandoorvietnam.com\/wp-content\/uploads\/2020\/06\/Chilli-bhaji.jpg","datePublished":"2020-06-16T14:16:04+00:00","dateModified":"2025-10-16T09:34:09+00:00","description":"V\u1edbi \u1edbt s\u1eebng nh\u1ed3i khoai t\u00e2y v\u00e0 gia v\u1ecb cay nh\u00fang b\u1ed9t chi\u00ean gi\u00f2n, m\u00f3n \u0103n khai v\u1ecb \u0111\u1eb7c s\u1eafc t\u1ea1i Tandoor Vietnam s\u1ebd l\u00e0m th\u1ecfa m\u00e3n c\u1ea3 nh\u1eefng th\u1ef1c kh\u00e1ch kh\u00f3 t\u00ednh nh\u1ea5t.","breadcrumb":{"@id":"https:\/\/tandoorvietnam.com\/vi\/sanpham\/cac-mon-khai-vi\/ot-sung-nhoi-chien-gion\/#breadcrumb"},"inLanguage":"vi-VN","potentialAction":[{"@type":"ReadAction","target":["https:\/\/tandoorvietnam.com\/vi\/sanpham\/cac-mon-khai-vi\/ot-sung-nhoi-chien-gion\/"]}]},{"@type":"ImageObject","inLanguage":"vi-VN","@id":"https:\/\/tandoorvietnam.com\/vi\/sanpham\/cac-mon-khai-vi\/ot-sung-nhoi-chien-gion\/#primaryimage","url":"https:\/\/tandoorvietnam.com\/wp-content\/uploads\/2020\/06\/Chilli-bhaji.jpg","contentUrl":"https:\/\/tandoorvietnam.com\/wp-content\/uploads\/2020\/06\/Chilli-bhaji.jpg","width":1400,"height":1400,"caption":"\u1edaT S\u1eeaNG NH\u1ed2I CHI\u00caN GI\u00d2N"},{"@type":"BreadcrumbList","@id":"https:\/\/tandoorvietnam.com\/vi\/sanpham\/cac-mon-khai-vi\/ot-sung-nhoi-chien-gion\/#breadcrumb","itemListElement":[{"@type":"ListItem","position":1,"name":"Trang Ch\u1ee7","item":"https:\/\/tandoorvietnam.com\/vi\/"},{"@type":"ListItem","position":2,"name":"Shop","item":"https:\/\/tandoorvietnam.com\/shop\/"},{"@type":"ListItem","position":3,"name":"Chilli Bhaji (\u1edaT S\u1eeaNG NH\u1ed2I CHI\u00caN GI\u00d2N)"}]},{"@type":"WebSite","@id":"https:\/\/tandoorvietnam.com\/vi\/#website","url":"https:\/\/tandoorvietnam.com\/vi\/","name":"Tandoor Vietnam","description":"Nh\u00e0 h\u00e0ng ngon h\u1ed3 ch\u00ed minh","publisher":{"@id":"https:\/\/tandoorvietnam.com\/vi\/#organization"},"potentialAction":[{"@type":"SearchAction","target":{"@type":"EntryPoint","urlTemplate":"https:\/\/tandoorvietnam.com\/vi\/?s={search_term_string}"},"query-input":{"@type":"PropertyValueSpecification","valueRequired":true,"valueName":"search_term_string"}}],"inLanguage":"vi-VN"},{"@type":"Organization","@id":"https:\/\/tandoorvietnam.com\/vi\/#organization","name":"Tandoor Vietnam","url":"https:\/\/tandoorvietnam.com\/vi\/","logo":{"@type":"ImageObject","inLanguage":"vi-VN","@id":"https:\/\/tandoorvietnam.com\/vi\/#\/schema\/logo\/image\/","url":"https:\/\/tandoorvietnam.com\/wp-content\/uploads\/2020\/07\/logo.png","contentUrl":"https:\/\/tandoorvietnam.com\/wp-content\/uploads\/2020\/07\/logo.png","width":133,"height":75,"caption":"Tandoor Vietnam"},"image":{"@id":"https:\/\/tandoorvietnam.com\/vi\/#\/schema\/logo\/image\/"},"sameAs":["https:\/\/www.facebook.com\/tandoor.hcmc\/"]}]}},"_links":{"self":[{"href":"https:\/\/tandoorvietnam.com\/vi\/wp-json\/wp\/v2\/product\/2913","targetHints":{"allow":["GET"]}}],"collection":[{"href":"https:\/\/tandoorvietnam.com\/vi\/wp-json\/wp\/v2\/product"}],"about":[{"href":"https:\/\/tandoorvietnam.com\/vi\/wp-json\/wp\/v2\/types\/product"}],"wp:featuredmedia":[{"embeddable":true,"href":"https:\/\/tandoorvietnam.com\/vi\/wp-json\/wp\/v2\/media\/2914"}],"wp:attachment":[{"href":"https:\/\/tandoorvietnam.com\/vi\/wp-json\/wp\/v2\/media?parent=2913"}],"wp:term":[{"taxonomy":"product_brand","embeddable":true,"href":"https:\/\/tandoorvietnam.com\/vi\/wp-json\/wp\/v2\/product_brand?post=2913"},{"taxonomy":"product_cat","embeddable":true,"href":"https:\/\/tandoorvietnam.com\/vi\/wp-json\/wp\/v2\/product_cat?post=2913"},{"taxonomy":"product_tag","embeddable":true,"href":"https:\/\/tandoorvietnam.com\/vi\/wp-json\/wp\/v2\/product_tag?post=2913"}],"curies":[{"name":"wp","href":"https:\/\/api.w.org\/{rel}","templated":true}]}}