{"id":2915,"date":"2020-06-16T14:36:41","date_gmt":"2021-04-10T10:21:17","guid":{"rendered":"http:\/\/tandoorvietnam.com\/product\/uncategorized\/ga-xao-cay\/"},"modified":"2023-05-11T04:46:13","modified_gmt":"2023-05-11T04:46:13","slug":"ga-xao-cay","status":"publish","type":"product","link":"https:\/\/tandoorvietnam.com\/vi\/sanpham\/cac-mon-khai-vi\/ga-xao-cay\/","title":{"rendered":"Chilli Chicken (G\u00c0 X\u00c0O CAY)"},"content":{"rendered":"<p>G\u00e0 x\u00e0o cay l\u00e0 m\u00f3n \u0103n \u0111\u1eb7c tr\u01b0ng c\u1ee7a \u1ea4n \u0110\u1ed9 v\u1edbi h\u01b0\u01a1ng v\u1ecb cay n\u1ed3ng, h\u1ea5p d\u1eabn. T\u1ea1i Tandoor Vietnam, ch\u00fang t\u00f4i \u0111\u00e3 tinh t\u1ebf h\u00f3a c\u00f4ng th\u1ee9c \u0111\u1ec3 t\u1ea1o ra m\u1ed9t m\u00f3n \u0103n \u0111\u1ed9c \u0111\u00e1o, ph\u00f9 h\u1ee3p v\u1edbi kh\u1ea9u v\u1ecb c\u1ee7a ng\u01b0\u1eddi Vi\u1ec7t.<\/p>\n<p>Mi\u1ebfng g\u00e0 \u0111\u01b0\u1ee3c \u01b0\u1edbp v\u1edbi nh\u1eefng gia v\u1ecb cay n\u1ed3ng, sau \u0111\u00f3 \u0111\u01b0\u1ee3c x\u00e0o kh\u00f4 v\u1edbi \u1edbt t\u1ea1o n\u00ean m\u1ed9t v\u1ecb cay \u0111\u1eadm \u0111\u00e0, kh\u00f4ng th\u1ec3 qu\u00ean. V\u1ecb cay n\u00e0y \u0111\u01b0\u1ee3c c\u00e2n b\u1eb1ng ho\u00e0n h\u1ea3o b\u1edfi h\u01b0\u01a1ng v\u1ecb th\u01a1m ngon c\u1ee7a gia v\u1ecb \u1ea4n \u0110\u1ed9, mang \u0111\u1ebfn cho b\u1ea1n m\u1ed9t tr\u1ea3i nghi\u1ec7m \u1ea9m th\u1ef1c tuy\u1ec7t v\u1eddi. M\u00f3n g\u00e0 x\u00e0o cay th\u01b0\u1eddng \u0111\u01b0\u1ee3c d\u00f9ng l\u00e0m m\u00f3n khai v\u1ecb ho\u1eb7c m\u00f3n nh\u1eadu, k\u1ebft h\u1ee3p v\u1edbi c\u00e1c lo\u1ea1i r\u01b0\u1ee3u bia kh\u00e1c nhau. N\u1ebfu b\u1ea1n l\u00e0 ng\u01b0\u1eddi y\u00eau th\u00edch m\u00f3n \u0103n cay, ch\u1eafc ch\u1eafn kh\u00f4ng th\u1ec3 b\u1ecf qua m\u00f3n g\u00e0 x\u00e0o cay c\u1ee7a Tandoor Vietnam.<\/p>\n<p>T\u1ea1i Tandoor Vietnam, ch\u00fang t\u00f4i cam k\u1ebft s\u1eed d\u1ee5ng nguy\u00ean li\u1ec7u t\u01b0\u01a1i ngon, an to\u00e0n v\u00e0 \u0111\u01b0\u1ee3c ch\u1ebf bi\u1ebfn m\u1ed9t c\u00e1ch c\u1ea9n th\u1eadn \u0111\u1ec3 \u0111\u1ea3m b\u1ea3o ch\u1ea5t l\u01b0\u1ee3ng t\u1ed1t nh\u1ea5t cho kh\u00e1ch h\u00e0ng. Ngo\u00e0i ra, ch\u00fang t\u00f4i c\u0169ng cam k\u1ebft mang \u0111\u1ebfn cho kh\u00e1ch h\u00e0ng m\u1ed9t kh\u00f4ng gian \u1ea9m th\u1ef1c \u1ea5n t\u01b0\u1ee3ng v\u00e0 ph\u1ee5c v\u1ee5 t\u1eadn t\u00ecnh chu \u0111\u00e1o.<\/p>\n<p>H\u00e3y gh\u00e9 th\u0103m <a href=\"https:\/\/tandoorvietnam.com\/\">Tandoor Vietnam<\/a> \u0111\u1ec3 th\u01b0\u1edfng th\u1ee9c m\u00f3n Chilli Chicken \u0111\u1eadm \u0111\u00e0 v\u00e0 tr\u1ea3i nghi\u1ec7m nh\u1eefng h\u01b0\u01a1ng v\u1ecb \u1ea9m th\u1ef1c \u0111a d\u1ea1ng, phong ph\u00fa c\u1ee7a \u1ea4n \u0110\u1ed9.<\/p>\n","protected":false},"excerpt":{"rendered":"<p>&nbsp;<\/p>\n<table width=\"723\">\n<tbody>\n<tr>\n<td width=\"412\">Chicken sauted with Chilli(<strong><u>Spicy<\/u><\/strong>) (12 pcs)<\/td>\n<\/tr>\n<tr>\n<td width=\"412\"><em>G\u00e0 x\u1eaft mi\u1ebfng \u01b0\u1edbp gia v\u1ecb cay x\u00e0o kh\u00f4 v\u1edbi \u1edbt<\/em><\/td>\n<\/tr>\n<\/tbody>\n<\/table>\n","protected":false},"featured_media":2916,"template":"","meta":[],"product_brand":[],"product_cat":[213],"product_tag":[],"class_list":{"0":"post-2915","1":"product","2":"type-product","3":"status-publish","4":"has-post-thumbnail","6":"product_cat-cac-mon-khai-vi","8":"first","9":"instock","10":"taxable","11":"shipping-taxable","12":"purchasable","13":"product-type-simple"},"yoast_head":"<!-- This site is optimized with the Yoast SEO Premium plugin v22.3 (Yoast SEO v27.4) - https:\/\/yoast.com\/product\/yoast-seo-premium-wordpress\/ -->\n<title>Chilli Chicken (G\u00c0 X\u00c0O CAY) - Tandoor Vi\u1ec7t Nam<\/title>\n<meta name=\"description\" content=\"T\u1eadn h\u01b0\u1edfng m\u00f3n \u0103n khai v\u1ecb \u0111\u1ea7y m\u00ea ho\u1eb7c - G\u00e0 x\u00e0o cay t\u1ea1i nh\u00e0 h\u00e0ng \u1ea4n \u0110\u1ed9 Tandoor Vietnam. Mi\u1ebfng g\u00e0 \u01b0\u1edbp gia v\u1ecb cay, x\u00e0o kh\u00f4 c\u00f9ng \u1edbt.\" \/>\n<meta name=\"robots\" content=\"index, follow, max-snippet:-1, max-image-preview:large, max-video-preview:-1\" \/>\n<link rel=\"canonical\" href=\"https:\/\/tandoorvietnam.com\/vi\/sanpham\/cac-mon-khai-vi\/ga-xao-cay\/\" \/>\n<meta property=\"og:locale\" content=\"vi_VN\" \/>\n<meta property=\"og:type\" content=\"article\" \/>\n<meta property=\"og:title\" content=\"Chilli Chicken (G\u00c0 X\u00c0O CAY)\" \/>\n<meta property=\"og:description\" content=\"T\u1eadn h\u01b0\u1edfng m\u00f3n \u0103n khai v\u1ecb \u0111\u1ea7y m\u00ea ho\u1eb7c - G\u00e0 x\u00e0o cay t\u1ea1i nh\u00e0 h\u00e0ng \u1ea4n \u0110\u1ed9 Tandoor Vietnam. Mi\u1ebfng g\u00e0 \u01b0\u1edbp gia v\u1ecb cay, x\u00e0o kh\u00f4 c\u00f9ng \u1edbt.\" \/>\n<meta property=\"og:url\" content=\"https:\/\/tandoorvietnam.com\/vi\/sanpham\/cac-mon-khai-vi\/ga-xao-cay\/\" \/>\n<meta property=\"og:site_name\" content=\"Tandoor Vi\u1ec7t Nam\" \/>\n<meta property=\"article:publisher\" content=\"https:\/\/www.facebook.com\/tandoor.hcmc\/\" \/>\n<meta property=\"article:modified_time\" content=\"2023-05-11T04:46:13+00:00\" \/>\n<meta property=\"og:image\" content=\"https:\/\/tandoorvietnam.com\/wp-content\/uploads\/2020\/06\/Chilli-chicken1.jpg\" \/>\n\t<meta property=\"og:image:width\" content=\"1400\" \/>\n\t<meta property=\"og:image:height\" content=\"933\" \/>\n\t<meta property=\"og:image:type\" content=\"image\/jpeg\" \/>\n<meta name=\"twitter:card\" content=\"summary_large_image\" \/>\n<meta name=\"twitter:label1\" content=\"Est. reading time\" \/>\n\t<meta name=\"twitter:data1\" content=\"2 minutes\" \/>\n<script type=\"application\/ld+json\" class=\"yoast-schema-graph\">{\"@context\":\"https:\\\/\\\/schema.org\",\"@graph\":[{\"@type\":\"WebPage\",\"@id\":\"https:\\\/\\\/tandoorvietnam.com\\\/vi\\\/sanpham\\\/cac-mon-khai-vi\\\/ga-xao-cay\\\/\",\"url\":\"https:\\\/\\\/tandoorvietnam.com\\\/vi\\\/sanpham\\\/cac-mon-khai-vi\\\/ga-xao-cay\\\/\",\"name\":\"Chilli Chicken (G\u00c0 X\u00c0O CAY) - Tandoor Vi\u1ec7t Nam\",\"isPartOf\":{\"@id\":\"https:\\\/\\\/tandoorvietnam.com\\\/vi\\\/#website\"},\"primaryImageOfPage\":{\"@id\":\"https:\\\/\\\/tandoorvietnam.com\\\/vi\\\/sanpham\\\/cac-mon-khai-vi\\\/ga-xao-cay\\\/#primaryimage\"},\"image\":{\"@id\":\"https:\\\/\\\/tandoorvietnam.com\\\/vi\\\/sanpham\\\/cac-mon-khai-vi\\\/ga-xao-cay\\\/#primaryimage\"},\"thumbnailUrl\":\"https:\\\/\\\/tandoorvietnam.com\\\/wp-content\\\/uploads\\\/2020\\\/06\\\/Chilli-chicken1.jpg\",\"datePublished\":\"2021-04-10T10:21:17+00:00\",\"dateModified\":\"2023-05-11T04:46:13+00:00\",\"description\":\"T\u1eadn h\u01b0\u1edfng m\u00f3n \u0103n khai v\u1ecb \u0111\u1ea7y m\u00ea ho\u1eb7c - G\u00e0 x\u00e0o cay t\u1ea1i nh\u00e0 h\u00e0ng \u1ea4n \u0110\u1ed9 Tandoor Vietnam. Mi\u1ebfng g\u00e0 \u01b0\u1edbp gia v\u1ecb cay, x\u00e0o kh\u00f4 c\u00f9ng \u1edbt.\",\"breadcrumb\":{\"@id\":\"https:\\\/\\\/tandoorvietnam.com\\\/vi\\\/sanpham\\\/cac-mon-khai-vi\\\/ga-xao-cay\\\/#breadcrumb\"},\"inLanguage\":\"vi-VN\",\"potentialAction\":[{\"@type\":\"ReadAction\",\"target\":[\"https:\\\/\\\/tandoorvietnam.com\\\/vi\\\/sanpham\\\/cac-mon-khai-vi\\\/ga-xao-cay\\\/\"]}]},{\"@type\":\"ImageObject\",\"inLanguage\":\"vi-VN\",\"@id\":\"https:\\\/\\\/tandoorvietnam.com\\\/vi\\\/sanpham\\\/cac-mon-khai-vi\\\/ga-xao-cay\\\/#primaryimage\",\"url\":\"https:\\\/\\\/tandoorvietnam.com\\\/wp-content\\\/uploads\\\/2020\\\/06\\\/Chilli-chicken1.jpg\",\"contentUrl\":\"https:\\\/\\\/tandoorvietnam.com\\\/wp-content\\\/uploads\\\/2020\\\/06\\\/Chilli-chicken1.jpg\",\"width\":1400,\"height\":933,\"caption\":\"G\u00c0 X\u00c0O CAY\"},{\"@type\":\"BreadcrumbList\",\"@id\":\"https:\\\/\\\/tandoorvietnam.com\\\/vi\\\/sanpham\\\/cac-mon-khai-vi\\\/ga-xao-cay\\\/#breadcrumb\",\"itemListElement\":[{\"@type\":\"ListItem\",\"position\":1,\"name\":\"Trang Ch\u1ee7\",\"item\":\"https:\\\/\\\/tandoorvietnam.com\\\/vi\\\/\"},{\"@type\":\"ListItem\",\"position\":2,\"name\":\"Shop\",\"item\":\"https:\\\/\\\/tandoorvietnam.com\\\/shop\\\/\"},{\"@type\":\"ListItem\",\"position\":3,\"name\":\"Chilli Chicken (G\u00c0 X\u00c0O CAY)\"}]},{\"@type\":\"WebSite\",\"@id\":\"https:\\\/\\\/tandoorvietnam.com\\\/vi\\\/#website\",\"url\":\"https:\\\/\\\/tandoorvietnam.com\\\/vi\\\/\",\"name\":\"Tandoor Vietnam\",\"description\":\"Nh\u00e0 h\u00e0ng ngon h\u1ed3 ch\u00ed minh\",\"publisher\":{\"@id\":\"https:\\\/\\\/tandoorvietnam.com\\\/vi\\\/#organization\"},\"potentialAction\":[{\"@type\":\"SearchAction\",\"target\":{\"@type\":\"EntryPoint\",\"urlTemplate\":\"https:\\\/\\\/tandoorvietnam.com\\\/vi\\\/?s={search_term_string}\"},\"query-input\":{\"@type\":\"PropertyValueSpecification\",\"valueRequired\":true,\"valueName\":\"search_term_string\"}}],\"inLanguage\":\"vi-VN\"},{\"@type\":\"Organization\",\"@id\":\"https:\\\/\\\/tandoorvietnam.com\\\/vi\\\/#organization\",\"name\":\"Tandoor Vietnam\",\"url\":\"https:\\\/\\\/tandoorvietnam.com\\\/vi\\\/\",\"logo\":{\"@type\":\"ImageObject\",\"inLanguage\":\"vi-VN\",\"@id\":\"https:\\\/\\\/tandoorvietnam.com\\\/vi\\\/#\\\/schema\\\/logo\\\/image\\\/\",\"url\":\"https:\\\/\\\/tandoorvietnam.com\\\/wp-content\\\/uploads\\\/2020\\\/07\\\/logo.png\",\"contentUrl\":\"https:\\\/\\\/tandoorvietnam.com\\\/wp-content\\\/uploads\\\/2020\\\/07\\\/logo.png\",\"width\":133,\"height\":75,\"caption\":\"Tandoor Vietnam\"},\"image\":{\"@id\":\"https:\\\/\\\/tandoorvietnam.com\\\/vi\\\/#\\\/schema\\\/logo\\\/image\\\/\"},\"sameAs\":[\"https:\\\/\\\/www.facebook.com\\\/tandoor.hcmc\\\/\"]}]}<\/script>\n<!-- \/ Yoast SEO Premium plugin. -->","yoast_head_json":{"title":"Chilli Chicken (G\u00c0 X\u00c0O CAY) - Tandoor Vi\u1ec7t Nam","description":"T\u1eadn h\u01b0\u1edfng m\u00f3n \u0103n khai v\u1ecb \u0111\u1ea7y m\u00ea ho\u1eb7c - G\u00e0 x\u00e0o cay t\u1ea1i nh\u00e0 h\u00e0ng \u1ea4n \u0110\u1ed9 Tandoor Vietnam. Mi\u1ebfng g\u00e0 \u01b0\u1edbp gia v\u1ecb cay, x\u00e0o kh\u00f4 c\u00f9ng \u1edbt.","robots":{"index":"index","follow":"follow","max-snippet":"max-snippet:-1","max-image-preview":"max-image-preview:large","max-video-preview":"max-video-preview:-1"},"canonical":"https:\/\/tandoorvietnam.com\/vi\/sanpham\/cac-mon-khai-vi\/ga-xao-cay\/","og_locale":"vi_VN","og_type":"article","og_title":"Chilli Chicken (G\u00c0 X\u00c0O CAY)","og_description":"T\u1eadn h\u01b0\u1edfng m\u00f3n \u0103n khai v\u1ecb \u0111\u1ea7y m\u00ea ho\u1eb7c - G\u00e0 x\u00e0o cay t\u1ea1i nh\u00e0 h\u00e0ng \u1ea4n \u0110\u1ed9 Tandoor Vietnam. Mi\u1ebfng g\u00e0 \u01b0\u1edbp gia v\u1ecb cay, x\u00e0o kh\u00f4 c\u00f9ng \u1edbt.","og_url":"https:\/\/tandoorvietnam.com\/vi\/sanpham\/cac-mon-khai-vi\/ga-xao-cay\/","og_site_name":"Tandoor Vi\u1ec7t Nam","article_publisher":"https:\/\/www.facebook.com\/tandoor.hcmc\/","article_modified_time":"2023-05-11T04:46:13+00:00","og_image":[{"width":1400,"height":933,"url":"https:\/\/tandoorvietnam.com\/wp-content\/uploads\/2020\/06\/Chilli-chicken1.jpg","type":"image\/jpeg"}],"twitter_card":"summary_large_image","twitter_misc":{"Est. reading time":"2 minutes"},"schema":{"@context":"https:\/\/schema.org","@graph":[{"@type":"WebPage","@id":"https:\/\/tandoorvietnam.com\/vi\/sanpham\/cac-mon-khai-vi\/ga-xao-cay\/","url":"https:\/\/tandoorvietnam.com\/vi\/sanpham\/cac-mon-khai-vi\/ga-xao-cay\/","name":"Chilli Chicken (G\u00c0 X\u00c0O CAY) - Tandoor Vi\u1ec7t Nam","isPartOf":{"@id":"https:\/\/tandoorvietnam.com\/vi\/#website"},"primaryImageOfPage":{"@id":"https:\/\/tandoorvietnam.com\/vi\/sanpham\/cac-mon-khai-vi\/ga-xao-cay\/#primaryimage"},"image":{"@id":"https:\/\/tandoorvietnam.com\/vi\/sanpham\/cac-mon-khai-vi\/ga-xao-cay\/#primaryimage"},"thumbnailUrl":"https:\/\/tandoorvietnam.com\/wp-content\/uploads\/2020\/06\/Chilli-chicken1.jpg","datePublished":"2021-04-10T10:21:17+00:00","dateModified":"2023-05-11T04:46:13+00:00","description":"T\u1eadn h\u01b0\u1edfng m\u00f3n \u0103n khai v\u1ecb \u0111\u1ea7y m\u00ea ho\u1eb7c - G\u00e0 x\u00e0o cay t\u1ea1i nh\u00e0 h\u00e0ng \u1ea4n \u0110\u1ed9 Tandoor Vietnam. Mi\u1ebfng g\u00e0 \u01b0\u1edbp gia v\u1ecb cay, x\u00e0o kh\u00f4 c\u00f9ng \u1edbt.","breadcrumb":{"@id":"https:\/\/tandoorvietnam.com\/vi\/sanpham\/cac-mon-khai-vi\/ga-xao-cay\/#breadcrumb"},"inLanguage":"vi-VN","potentialAction":[{"@type":"ReadAction","target":["https:\/\/tandoorvietnam.com\/vi\/sanpham\/cac-mon-khai-vi\/ga-xao-cay\/"]}]},{"@type":"ImageObject","inLanguage":"vi-VN","@id":"https:\/\/tandoorvietnam.com\/vi\/sanpham\/cac-mon-khai-vi\/ga-xao-cay\/#primaryimage","url":"https:\/\/tandoorvietnam.com\/wp-content\/uploads\/2020\/06\/Chilli-chicken1.jpg","contentUrl":"https:\/\/tandoorvietnam.com\/wp-content\/uploads\/2020\/06\/Chilli-chicken1.jpg","width":1400,"height":933,"caption":"G\u00c0 X\u00c0O CAY"},{"@type":"BreadcrumbList","@id":"https:\/\/tandoorvietnam.com\/vi\/sanpham\/cac-mon-khai-vi\/ga-xao-cay\/#breadcrumb","itemListElement":[{"@type":"ListItem","position":1,"name":"Trang Ch\u1ee7","item":"https:\/\/tandoorvietnam.com\/vi\/"},{"@type":"ListItem","position":2,"name":"Shop","item":"https:\/\/tandoorvietnam.com\/shop\/"},{"@type":"ListItem","position":3,"name":"Chilli Chicken (G\u00c0 X\u00c0O CAY)"}]},{"@type":"WebSite","@id":"https:\/\/tandoorvietnam.com\/vi\/#website","url":"https:\/\/tandoorvietnam.com\/vi\/","name":"Tandoor Vietnam","description":"Nh\u00e0 h\u00e0ng ngon h\u1ed3 ch\u00ed minh","publisher":{"@id":"https:\/\/tandoorvietnam.com\/vi\/#organization"},"potentialAction":[{"@type":"SearchAction","target":{"@type":"EntryPoint","urlTemplate":"https:\/\/tandoorvietnam.com\/vi\/?s={search_term_string}"},"query-input":{"@type":"PropertyValueSpecification","valueRequired":true,"valueName":"search_term_string"}}],"inLanguage":"vi-VN"},{"@type":"Organization","@id":"https:\/\/tandoorvietnam.com\/vi\/#organization","name":"Tandoor Vietnam","url":"https:\/\/tandoorvietnam.com\/vi\/","logo":{"@type":"ImageObject","inLanguage":"vi-VN","@id":"https:\/\/tandoorvietnam.com\/vi\/#\/schema\/logo\/image\/","url":"https:\/\/tandoorvietnam.com\/wp-content\/uploads\/2020\/07\/logo.png","contentUrl":"https:\/\/tandoorvietnam.com\/wp-content\/uploads\/2020\/07\/logo.png","width":133,"height":75,"caption":"Tandoor Vietnam"},"image":{"@id":"https:\/\/tandoorvietnam.com\/vi\/#\/schema\/logo\/image\/"},"sameAs":["https:\/\/www.facebook.com\/tandoor.hcmc\/"]}]}},"_links":{"self":[{"href":"https:\/\/tandoorvietnam.com\/vi\/wp-json\/wp\/v2\/product\/2915","targetHints":{"allow":["GET"]}}],"collection":[{"href":"https:\/\/tandoorvietnam.com\/vi\/wp-json\/wp\/v2\/product"}],"about":[{"href":"https:\/\/tandoorvietnam.com\/vi\/wp-json\/wp\/v2\/types\/product"}],"wp:featuredmedia":[{"embeddable":true,"href":"https:\/\/tandoorvietnam.com\/vi\/wp-json\/wp\/v2\/media\/2916"}],"wp:attachment":[{"href":"https:\/\/tandoorvietnam.com\/vi\/wp-json\/wp\/v2\/media?parent=2915"}],"wp:term":[{"taxonomy":"product_brand","embeddable":true,"href":"https:\/\/tandoorvietnam.com\/vi\/wp-json\/wp\/v2\/product_brand?post=2915"},{"taxonomy":"product_cat","embeddable":true,"href":"https:\/\/tandoorvietnam.com\/vi\/wp-json\/wp\/v2\/product_cat?post=2915"},{"taxonomy":"product_tag","embeddable":true,"href":"https:\/\/tandoorvietnam.com\/vi\/wp-json\/wp\/v2\/product_tag?post=2915"}],"curies":[{"name":"wp","href":"https:\/\/api.w.org\/{rel}","templated":true}]}}