{"id":2917,"date":"2020-06-16T15:04:39","date_gmt":"2021-04-10T10:23:03","guid":{"rendered":"http:\/\/tandoorvietnam.com\/product\/uncategorized\/ga-chien-gion\/"},"modified":"2023-05-11T04:54:30","modified_gmt":"2023-05-11T04:54:30","slug":"ga-chien-gion","status":"publish","type":"product","link":"https:\/\/tandoorvietnam.com\/vi\/sanpham\/cac-mon-khai-vi\/ga-chien-gion\/","title":{"rendered":"Crispy fried chicken (G\u00c0 CHI\u00caN GI\u00d2N)"},"content":{"rendered":"<p>G\u00e0 chi\u00ean gi\u00f2n l\u00e0 m\u00f3n \u0103n kho\u00e1i kh\u1ea9u c\u1ee7a nhi\u1ec1u ng\u01b0\u1eddi, v\u00e0 t\u1ea1i Tandoor Vietnam, ch\u00fang t\u00f4i lu\u00f4n c\u1ed1 g\u1eafng t\u1ea1o ra m\u00f3n g\u00e0 chi\u00ean gi\u00f2n \u0111\u1eb7c tr\u01b0ng nh\u1ea5t \u0111\u1ec3 th\u1ecfa m\u00e3n kh\u1ea9u v\u1ecb c\u1ee7a kh\u00e1ch h\u00e0ng. V\u1edbi m\u00f3n g\u00e0 ch\u1eb7t kh\u00fac \u01b0\u1edbp gia v\u1ecb cay v\u00e0 l\u00e1 cari, ch\u00fang t\u00f4i s\u1eed d\u1ee5ng nh\u1eefng nguy\u00ean li\u1ec7u t\u01b0\u01a1i ngon v\u00e0 ch\u1ea5t l\u01b0\u1ee3ng nh\u1ea5t \u0111\u1ec3 t\u1ea1o ra h\u01b0\u01a1ng v\u1ecb tuy\u1ec7t h\u1ea3o.<\/p>\n<p>G\u00e0 \u0111\u01b0\u1ee3c ch\u1eb7t kh\u00fac v\u00e0 \u01b0\u1edbp v\u1edbi gia v\u1ecb cay, th\u00eam l\u00e1 cari th\u01a1m ngon, r\u1ed3i \u0111\u01b0\u1ee3c chi\u00ean gi\u00f2n t\u1ea1o ra l\u1edbp v\u1ecf gi\u00f2n r\u1ee5m b\u00ean ngo\u00e0i, b\u00ean trong l\u00e0 th\u1ecbt g\u00e0 m\u1ec1m v\u00e0 th\u1ea5m \u0111\u1ea7y h\u01b0\u01a1ng v\u1ecb. Khi \u0103n, b\u1ea1n c\u1ea3m nh\u1eadn \u0111\u01b0\u1ee3c h\u01b0\u01a1ng v\u1ecb \u0111\u1eadm \u0111\u00e0, cay n\u1ed3ng nh\u01b0ng v\u1eabn r\u1ea5t h\u1ea5p d\u1eabn, \u0111\u1eb7c bi\u1ec7t l\u00e0 khi \u0103n c\u00f9ng v\u1edbi n\u01b0\u1edbc s\u1ed1t cay n\u1ed3ng v\u00e0 gi\u00f2n b\u00ean ngo\u00e0i, m\u1ec1m b\u00ean trong c\u1ee7a th\u1ecbt g\u00e0.<\/p>\n<p>M\u00f3n Crispy fried chicken th\u01b0\u1eddng \u0111\u01b0\u1ee3c ph\u1ee5c v\u1ee5 l\u00e0m m\u00f3n khai v\u1ecb ho\u1eb7c m\u00f3n \u0103n nh\u1eb9, nh\u01b0ng c\u0169ng c\u00f3 th\u1ec3 \u0111\u01b0\u1ee3c \u0103n k\u00e8m v\u1edbi c\u01a1m, m\u00ec ho\u1eb7c salad. Ch\u00fang t\u00f4i \u0111\u1ea3m b\u1ea3o m\u00f3n Crispy fried chicken c\u1ee7a <a href=\"https:\/\/tandoorvietnam.com\/\">nh\u00e0 h\u00e0ng \u1ea4n \u0110\u1ed9 Tandoor Vietnam<\/a> s\u1ebd l\u00e0m b\u1ea1n h\u00e0i l\u00f2ng v\u00e0 tr\u1edf th\u00e0nh m\u00f3n \u0103n y\u00eau th\u00edch c\u1ee7a b\u1ea1n.<\/p>\n","protected":false},"excerpt":{"rendered":"<p>&nbsp;<\/p>\n<table width=\"723\">\n<tbody>\n<tr>\n<td rowspan=\"2\" width=\"412\">Small cut chicken with bone in spicy masala,<\/p>\n<p>deep fried with curry leaves (12 pcs)<\/td>\n<td width=\"0\"><\/td>\n<\/tr>\n<tr>\n<td width=\"412\"><em> G\u00e0 ch\u1eb7t kh\u00fac \u01b0\u1edbp gia v\u1ecb cay v\u00e0 l\u00e1 cari chi\u00ean gi\u00f2n<\/em><\/td>\n<td width=\"0\"><\/td>\n<\/tr>\n<\/tbody>\n<\/table>\n","protected":false},"featured_media":2918,"template":"","meta":[],"product_brand":[],"product_cat":[213],"product_tag":[],"class_list":{"0":"post-2917","1":"product","2":"type-product","3":"status-publish","4":"has-post-thumbnail","6":"product_cat-cac-mon-khai-vi","8":"first","9":"instock","10":"taxable","11":"shipping-taxable","12":"purchasable","13":"product-type-simple"},"yoast_head":"<!-- This site is optimized with the Yoast SEO Premium plugin v22.3 (Yoast SEO v27.4) - https:\/\/yoast.com\/product\/yoast-seo-premium-wordpress\/ -->\n<title>Crispy fried chicken (G\u00c0 CHI\u00caN GI\u00d2N) - Tandoor Vi\u1ec7t Nam<\/title>\n<meta name=\"description\" content=\"V\u1edbi g\u00e0 ch\u1eb7t kh\u00fac \u01b0\u1edbp gia v\u1ecb cay v\u00e0 l\u00e1 cari chi\u00ean gi\u00f2n, b\u1ea1n s\u1ebd \u0111\u01b0\u1ee3c tr\u1ea3i nghi\u1ec7m h\u01b0\u01a1ng v\u1ecb tuy\u1ec7t v\u1eddi c\u1ee7a m\u00f3n \u0103n n\u00e0y t\u1ea1i Tandoor Vietnam.\" \/>\n<meta name=\"robots\" content=\"index, follow, max-snippet:-1, max-image-preview:large, max-video-preview:-1\" \/>\n<link rel=\"canonical\" href=\"https:\/\/tandoorvietnam.com\/vi\/sanpham\/cac-mon-khai-vi\/ga-chien-gion\/\" \/>\n<meta property=\"og:locale\" content=\"vi_VN\" \/>\n<meta property=\"og:type\" content=\"article\" \/>\n<meta property=\"og:title\" content=\"Crispy fried chicken (G\u00c0 CHI\u00caN GI\u00d2N)\" \/>\n<meta property=\"og:description\" content=\"V\u1edbi g\u00e0 ch\u1eb7t kh\u00fac \u01b0\u1edbp gia v\u1ecb cay v\u00e0 l\u00e1 cari chi\u00ean gi\u00f2n, b\u1ea1n s\u1ebd \u0111\u01b0\u1ee3c tr\u1ea3i nghi\u1ec7m h\u01b0\u01a1ng v\u1ecb tuy\u1ec7t v\u1eddi c\u1ee7a m\u00f3n \u0103n n\u00e0y t\u1ea1i Tandoor Vietnam.\" \/>\n<meta property=\"og:url\" content=\"https:\/\/tandoorvietnam.com\/vi\/sanpham\/cac-mon-khai-vi\/ga-chien-gion\/\" \/>\n<meta property=\"og:site_name\" content=\"Tandoor Vi\u1ec7t Nam\" \/>\n<meta property=\"article:publisher\" content=\"https:\/\/www.facebook.com\/tandoor.hcmc\/\" \/>\n<meta property=\"article:modified_time\" content=\"2023-05-11T04:54:30+00:00\" \/>\n<meta property=\"og:image\" content=\"https:\/\/tandoorvietnam.com\/wp-content\/uploads\/2020\/06\/Crispy-fried-chicken1.jpg\" \/>\n\t<meta property=\"og:image:width\" content=\"1400\" \/>\n\t<meta property=\"og:image:height\" content=\"1400\" \/>\n\t<meta property=\"og:image:type\" content=\"image\/jpeg\" \/>\n<meta name=\"twitter:card\" content=\"summary_large_image\" \/>\n<meta name=\"twitter:label1\" content=\"Est. reading time\" \/>\n\t<meta name=\"twitter:data1\" content=\"1 minute\" \/>\n<script type=\"application\/ld+json\" class=\"yoast-schema-graph\">{\"@context\":\"https:\\\/\\\/schema.org\",\"@graph\":[{\"@type\":\"WebPage\",\"@id\":\"https:\\\/\\\/tandoorvietnam.com\\\/vi\\\/sanpham\\\/cac-mon-khai-vi\\\/ga-chien-gion\\\/\",\"url\":\"https:\\\/\\\/tandoorvietnam.com\\\/vi\\\/sanpham\\\/cac-mon-khai-vi\\\/ga-chien-gion\\\/\",\"name\":\"Crispy fried chicken (G\u00c0 CHI\u00caN GI\u00d2N) - Tandoor Vi\u1ec7t Nam\",\"isPartOf\":{\"@id\":\"https:\\\/\\\/tandoorvietnam.com\\\/vi\\\/#website\"},\"primaryImageOfPage\":{\"@id\":\"https:\\\/\\\/tandoorvietnam.com\\\/vi\\\/sanpham\\\/cac-mon-khai-vi\\\/ga-chien-gion\\\/#primaryimage\"},\"image\":{\"@id\":\"https:\\\/\\\/tandoorvietnam.com\\\/vi\\\/sanpham\\\/cac-mon-khai-vi\\\/ga-chien-gion\\\/#primaryimage\"},\"thumbnailUrl\":\"https:\\\/\\\/tandoorvietnam.com\\\/wp-content\\\/uploads\\\/2020\\\/06\\\/Crispy-fried-chicken1.jpg\",\"datePublished\":\"2021-04-10T10:23:03+00:00\",\"dateModified\":\"2023-05-11T04:54:30+00:00\",\"description\":\"V\u1edbi g\u00e0 ch\u1eb7t kh\u00fac \u01b0\u1edbp gia v\u1ecb cay v\u00e0 l\u00e1 cari chi\u00ean gi\u00f2n, b\u1ea1n s\u1ebd \u0111\u01b0\u1ee3c tr\u1ea3i nghi\u1ec7m h\u01b0\u01a1ng v\u1ecb tuy\u1ec7t v\u1eddi c\u1ee7a m\u00f3n \u0103n n\u00e0y t\u1ea1i Tandoor Vietnam.\",\"breadcrumb\":{\"@id\":\"https:\\\/\\\/tandoorvietnam.com\\\/vi\\\/sanpham\\\/cac-mon-khai-vi\\\/ga-chien-gion\\\/#breadcrumb\"},\"inLanguage\":\"vi-VN\",\"potentialAction\":[{\"@type\":\"ReadAction\",\"target\":[\"https:\\\/\\\/tandoorvietnam.com\\\/vi\\\/sanpham\\\/cac-mon-khai-vi\\\/ga-chien-gion\\\/\"]}]},{\"@type\":\"ImageObject\",\"inLanguage\":\"vi-VN\",\"@id\":\"https:\\\/\\\/tandoorvietnam.com\\\/vi\\\/sanpham\\\/cac-mon-khai-vi\\\/ga-chien-gion\\\/#primaryimage\",\"url\":\"https:\\\/\\\/tandoorvietnam.com\\\/wp-content\\\/uploads\\\/2020\\\/06\\\/Crispy-fried-chicken1.jpg\",\"contentUrl\":\"https:\\\/\\\/tandoorvietnam.com\\\/wp-content\\\/uploads\\\/2020\\\/06\\\/Crispy-fried-chicken1.jpg\",\"width\":1400,\"height\":1400,\"caption\":\"G\u00c0 CHI\u00caN GI\u00d2N\"},{\"@type\":\"BreadcrumbList\",\"@id\":\"https:\\\/\\\/tandoorvietnam.com\\\/vi\\\/sanpham\\\/cac-mon-khai-vi\\\/ga-chien-gion\\\/#breadcrumb\",\"itemListElement\":[{\"@type\":\"ListItem\",\"position\":1,\"name\":\"Trang Ch\u1ee7\",\"item\":\"https:\\\/\\\/tandoorvietnam.com\\\/vi\\\/\"},{\"@type\":\"ListItem\",\"position\":2,\"name\":\"Shop\",\"item\":\"https:\\\/\\\/tandoorvietnam.com\\\/shop\\\/\"},{\"@type\":\"ListItem\",\"position\":3,\"name\":\"Crispy fried chicken (G\u00c0 CHI\u00caN GI\u00d2N)\"}]},{\"@type\":\"WebSite\",\"@id\":\"https:\\\/\\\/tandoorvietnam.com\\\/vi\\\/#website\",\"url\":\"https:\\\/\\\/tandoorvietnam.com\\\/vi\\\/\",\"name\":\"Tandoor Vietnam\",\"description\":\"Nh\u00e0 h\u00e0ng ngon h\u1ed3 ch\u00ed minh\",\"publisher\":{\"@id\":\"https:\\\/\\\/tandoorvietnam.com\\\/vi\\\/#organization\"},\"potentialAction\":[{\"@type\":\"SearchAction\",\"target\":{\"@type\":\"EntryPoint\",\"urlTemplate\":\"https:\\\/\\\/tandoorvietnam.com\\\/vi\\\/?s={search_term_string}\"},\"query-input\":{\"@type\":\"PropertyValueSpecification\",\"valueRequired\":true,\"valueName\":\"search_term_string\"}}],\"inLanguage\":\"vi-VN\"},{\"@type\":\"Organization\",\"@id\":\"https:\\\/\\\/tandoorvietnam.com\\\/vi\\\/#organization\",\"name\":\"Tandoor Vietnam\",\"url\":\"https:\\\/\\\/tandoorvietnam.com\\\/vi\\\/\",\"logo\":{\"@type\":\"ImageObject\",\"inLanguage\":\"vi-VN\",\"@id\":\"https:\\\/\\\/tandoorvietnam.com\\\/vi\\\/#\\\/schema\\\/logo\\\/image\\\/\",\"url\":\"https:\\\/\\\/tandoorvietnam.com\\\/wp-content\\\/uploads\\\/2020\\\/07\\\/logo.png\",\"contentUrl\":\"https:\\\/\\\/tandoorvietnam.com\\\/wp-content\\\/uploads\\\/2020\\\/07\\\/logo.png\",\"width\":133,\"height\":75,\"caption\":\"Tandoor Vietnam\"},\"image\":{\"@id\":\"https:\\\/\\\/tandoorvietnam.com\\\/vi\\\/#\\\/schema\\\/logo\\\/image\\\/\"},\"sameAs\":[\"https:\\\/\\\/www.facebook.com\\\/tandoor.hcmc\\\/\"]}]}<\/script>\n<!-- \/ Yoast SEO Premium plugin. -->","yoast_head_json":{"title":"Crispy fried chicken (G\u00c0 CHI\u00caN GI\u00d2N) - Tandoor Vi\u1ec7t Nam","description":"V\u1edbi g\u00e0 ch\u1eb7t kh\u00fac \u01b0\u1edbp gia v\u1ecb cay v\u00e0 l\u00e1 cari chi\u00ean gi\u00f2n, b\u1ea1n s\u1ebd \u0111\u01b0\u1ee3c tr\u1ea3i nghi\u1ec7m h\u01b0\u01a1ng v\u1ecb tuy\u1ec7t v\u1eddi c\u1ee7a m\u00f3n \u0103n n\u00e0y t\u1ea1i Tandoor Vietnam.","robots":{"index":"index","follow":"follow","max-snippet":"max-snippet:-1","max-image-preview":"max-image-preview:large","max-video-preview":"max-video-preview:-1"},"canonical":"https:\/\/tandoorvietnam.com\/vi\/sanpham\/cac-mon-khai-vi\/ga-chien-gion\/","og_locale":"vi_VN","og_type":"article","og_title":"Crispy fried chicken (G\u00c0 CHI\u00caN GI\u00d2N)","og_description":"V\u1edbi g\u00e0 ch\u1eb7t kh\u00fac \u01b0\u1edbp gia v\u1ecb cay v\u00e0 l\u00e1 cari chi\u00ean gi\u00f2n, b\u1ea1n s\u1ebd \u0111\u01b0\u1ee3c tr\u1ea3i nghi\u1ec7m h\u01b0\u01a1ng v\u1ecb tuy\u1ec7t v\u1eddi c\u1ee7a m\u00f3n \u0103n n\u00e0y t\u1ea1i Tandoor Vietnam.","og_url":"https:\/\/tandoorvietnam.com\/vi\/sanpham\/cac-mon-khai-vi\/ga-chien-gion\/","og_site_name":"Tandoor Vi\u1ec7t Nam","article_publisher":"https:\/\/www.facebook.com\/tandoor.hcmc\/","article_modified_time":"2023-05-11T04:54:30+00:00","og_image":[{"width":1400,"height":1400,"url":"https:\/\/tandoorvietnam.com\/wp-content\/uploads\/2020\/06\/Crispy-fried-chicken1.jpg","type":"image\/jpeg"}],"twitter_card":"summary_large_image","twitter_misc":{"Est. reading time":"1 minute"},"schema":{"@context":"https:\/\/schema.org","@graph":[{"@type":"WebPage","@id":"https:\/\/tandoorvietnam.com\/vi\/sanpham\/cac-mon-khai-vi\/ga-chien-gion\/","url":"https:\/\/tandoorvietnam.com\/vi\/sanpham\/cac-mon-khai-vi\/ga-chien-gion\/","name":"Crispy fried chicken (G\u00c0 CHI\u00caN GI\u00d2N) - Tandoor Vi\u1ec7t Nam","isPartOf":{"@id":"https:\/\/tandoorvietnam.com\/vi\/#website"},"primaryImageOfPage":{"@id":"https:\/\/tandoorvietnam.com\/vi\/sanpham\/cac-mon-khai-vi\/ga-chien-gion\/#primaryimage"},"image":{"@id":"https:\/\/tandoorvietnam.com\/vi\/sanpham\/cac-mon-khai-vi\/ga-chien-gion\/#primaryimage"},"thumbnailUrl":"https:\/\/tandoorvietnam.com\/wp-content\/uploads\/2020\/06\/Crispy-fried-chicken1.jpg","datePublished":"2021-04-10T10:23:03+00:00","dateModified":"2023-05-11T04:54:30+00:00","description":"V\u1edbi g\u00e0 ch\u1eb7t kh\u00fac \u01b0\u1edbp gia v\u1ecb cay v\u00e0 l\u00e1 cari chi\u00ean gi\u00f2n, b\u1ea1n s\u1ebd \u0111\u01b0\u1ee3c tr\u1ea3i nghi\u1ec7m h\u01b0\u01a1ng v\u1ecb tuy\u1ec7t v\u1eddi c\u1ee7a m\u00f3n \u0103n n\u00e0y t\u1ea1i Tandoor Vietnam.","breadcrumb":{"@id":"https:\/\/tandoorvietnam.com\/vi\/sanpham\/cac-mon-khai-vi\/ga-chien-gion\/#breadcrumb"},"inLanguage":"vi-VN","potentialAction":[{"@type":"ReadAction","target":["https:\/\/tandoorvietnam.com\/vi\/sanpham\/cac-mon-khai-vi\/ga-chien-gion\/"]}]},{"@type":"ImageObject","inLanguage":"vi-VN","@id":"https:\/\/tandoorvietnam.com\/vi\/sanpham\/cac-mon-khai-vi\/ga-chien-gion\/#primaryimage","url":"https:\/\/tandoorvietnam.com\/wp-content\/uploads\/2020\/06\/Crispy-fried-chicken1.jpg","contentUrl":"https:\/\/tandoorvietnam.com\/wp-content\/uploads\/2020\/06\/Crispy-fried-chicken1.jpg","width":1400,"height":1400,"caption":"G\u00c0 CHI\u00caN GI\u00d2N"},{"@type":"BreadcrumbList","@id":"https:\/\/tandoorvietnam.com\/vi\/sanpham\/cac-mon-khai-vi\/ga-chien-gion\/#breadcrumb","itemListElement":[{"@type":"ListItem","position":1,"name":"Trang Ch\u1ee7","item":"https:\/\/tandoorvietnam.com\/vi\/"},{"@type":"ListItem","position":2,"name":"Shop","item":"https:\/\/tandoorvietnam.com\/shop\/"},{"@type":"ListItem","position":3,"name":"Crispy fried chicken (G\u00c0 CHI\u00caN GI\u00d2N)"}]},{"@type":"WebSite","@id":"https:\/\/tandoorvietnam.com\/vi\/#website","url":"https:\/\/tandoorvietnam.com\/vi\/","name":"Tandoor Vietnam","description":"Nh\u00e0 h\u00e0ng ngon h\u1ed3 ch\u00ed minh","publisher":{"@id":"https:\/\/tandoorvietnam.com\/vi\/#organization"},"potentialAction":[{"@type":"SearchAction","target":{"@type":"EntryPoint","urlTemplate":"https:\/\/tandoorvietnam.com\/vi\/?s={search_term_string}"},"query-input":{"@type":"PropertyValueSpecification","valueRequired":true,"valueName":"search_term_string"}}],"inLanguage":"vi-VN"},{"@type":"Organization","@id":"https:\/\/tandoorvietnam.com\/vi\/#organization","name":"Tandoor Vietnam","url":"https:\/\/tandoorvietnam.com\/vi\/","logo":{"@type":"ImageObject","inLanguage":"vi-VN","@id":"https:\/\/tandoorvietnam.com\/vi\/#\/schema\/logo\/image\/","url":"https:\/\/tandoorvietnam.com\/wp-content\/uploads\/2020\/07\/logo.png","contentUrl":"https:\/\/tandoorvietnam.com\/wp-content\/uploads\/2020\/07\/logo.png","width":133,"height":75,"caption":"Tandoor Vietnam"},"image":{"@id":"https:\/\/tandoorvietnam.com\/vi\/#\/schema\/logo\/image\/"},"sameAs":["https:\/\/www.facebook.com\/tandoor.hcmc\/"]}]}},"_links":{"self":[{"href":"https:\/\/tandoorvietnam.com\/vi\/wp-json\/wp\/v2\/product\/2917","targetHints":{"allow":["GET"]}}],"collection":[{"href":"https:\/\/tandoorvietnam.com\/vi\/wp-json\/wp\/v2\/product"}],"about":[{"href":"https:\/\/tandoorvietnam.com\/vi\/wp-json\/wp\/v2\/types\/product"}],"wp:featuredmedia":[{"embeddable":true,"href":"https:\/\/tandoorvietnam.com\/vi\/wp-json\/wp\/v2\/media\/2918"}],"wp:attachment":[{"href":"https:\/\/tandoorvietnam.com\/vi\/wp-json\/wp\/v2\/media?parent=2917"}],"wp:term":[{"taxonomy":"product_brand","embeddable":true,"href":"https:\/\/tandoorvietnam.com\/vi\/wp-json\/wp\/v2\/product_brand?post=2917"},{"taxonomy":"product_cat","embeddable":true,"href":"https:\/\/tandoorvietnam.com\/vi\/wp-json\/wp\/v2\/product_cat?post=2917"},{"taxonomy":"product_tag","embeddable":true,"href":"https:\/\/tandoorvietnam.com\/vi\/wp-json\/wp\/v2\/product_tag?post=2917"}],"curies":[{"name":"wp","href":"https:\/\/api.w.org\/{rel}","templated":true}]}}