{"id":2919,"date":"2020-06-16T15:06:17","date_gmt":"2020-06-16T15:06:17","guid":{"rendered":"http:\/\/tandoorvietnam.com\/product\/uncategorized\/tom-chien-gion\/"},"modified":"2025-10-16T17:20:04","modified_gmt":"2025-10-16T10:20:04","slug":"tom-chien-gion","status":"publish","type":"product","link":"https:\/\/tandoorvietnam.com\/vi\/sanpham\/cac-mon-khai-vi\/tom-chien-gion\/","title":{"rendered":"T\u00d4M CHI\u00caN GI\u00d2N"},"content":{"rendered":"<p>T\u00f4m chi\u00ean gi\u00f2n l\u00e0 m\u1ed9t m\u00f3n khai v\u1ecb h\u1ea5p d\u1eabn t\u1ea1i Tandoor Vietnam. Ch\u00fang t\u00f4i s\u1eed d\u1ee5ng nh\u1eefng con t\u00f4m t\u01b0\u01a1i ngon, t\u1ea9m \u01b0\u1edbp gia v\u1ecb v\u00e0 chi\u00ean trong d\u1ea7u n\u00f3ng \u0111\u1ec3 t\u1ea1o ra l\u1edbp v\u1ecf gi\u00f2n r\u1ee5m b\u00ean ngo\u00e0i, b\u00ean trong l\u00e0 th\u1ecbt t\u00f4m m\u1ec1m m\u1ecbn v\u00e0 th\u01a1m ngon.<\/p>\n<p>H\u01b0\u01a1ng v\u1ecb c\u1ee7a t\u00f4m t\u01b0\u01a1i h\u00f2a quy\u1ec7n v\u1edbi l\u1edbp v\u1ecf gi\u00f2n tan, t\u1ea1o ra m\u1ed9t tr\u1ea3i nghi\u1ec7m \u1ea9m th\u1ef1c th\u00fa v\u1ecb. M\u00f3n t\u00f4m chi\u00ean gi\u00f2n c\u00f3 th\u1ec3 \u0111\u01b0\u1ee3c \u0103n k\u00e8m v\u1edbi nhi\u1ec1u lo\u1ea1i s\u1ed1t nh\u01b0 s\u1ed1t t\u01b0\u01a1ng cay, s\u1ed1t mayonnaise hay s\u1ed1t ng\u1ecdt chua t\u00f9y theo s\u1edf th\u00edch c\u1ee7a b\u1ea1n.<\/p>\n<p>Crispy fried shrimp l\u00e0 m\u1ed9t m\u00f3n khai v\u1ecb ph\u1ed5 bi\u1ebfn v\u00e0 \u0111\u01b0\u1ee3c \u01b0a chu\u1ed9ng trong \u1ea9m th\u1ef1c nhi\u1ec1u n\u01b0\u1edbc tr\u00ean th\u1ebf gi\u1edbi. T\u1ea1i Tandoor Vietnam, ch\u00fang t\u00f4i ch\u00fa tr\u1ecdng \u0111\u1ebfn ch\u1ea5t l\u01b0\u1ee3ng v\u00e0 s\u1ef1 t\u01b0\u01a1i ngon c\u1ee7a t\u00f4m, \u0111\u1ea3m b\u1ea3o r\u1eb1ng b\u1ea1n s\u1ebd c\u00f3 \u0111\u01b0\u1ee3c m\u1ed9t m\u00f3n \u0103n ngon v\u00e0 an to\u00e0n.<\/p>\n<p>H\u00e3y th\u01b0\u1edfng th\u1ee9c m\u00f3n Crispy fried shrimp t\u1ea1i <a href=\"https:\/\/tandoorvietnam.com\/vi\/\">nh\u00e0 h\u00e0ng \u1ea4n \u0110\u1ed9 Tandoor Vietnam<\/a> v\u00e0 c\u1ea3m nh\u1eadn h\u01b0\u01a1ng v\u1ecb tuy\u1ec7t v\u1eddi c\u1ee7a t\u00f4m t\u01b0\u01a1i v\u00e0 v\u1ecf gi\u00f2n r\u1ee5m. \u0110\u00e2y l\u00e0 m\u1ed9t m\u00f3n khai v\u1ecb ho\u00e0n h\u1ea3o \u0111\u1ec3 b\u1eaft \u0111\u1ea7u b\u1eefa \u0103n ho\u1eb7c th\u01b0\u1edfng th\u1ee9c trong nh\u1eefng bu\u1ed5i sum h\u1ecdp gia \u0111\u00ecnh ho\u1eb7c b\u1ea1n b\u00e8.<\/p>\n","protected":false},"excerpt":{"rendered":"<table width=\"723\">\n<tbody>\n<tr>\n<td width=\"412\">Shrimp ( without shell) in spicy masala,<\/td>\n<\/tr>\n<tr>\n<td width=\"412\">deep fried with curry leaves (12 pcs)<\/td>\n<\/tr>\n<tr>\n<td width=\"412\"><em>T\u00f4m l\u1ed9t v\u1ecf \u01b0\u1edbp gia v\u1ecb cay v\u00e0 l\u00e1 cari chi\u00ean gi\u00f2n<\/em><\/td>\n<\/tr>\n<\/tbody>\n<\/table>\n","protected":false},"featured_media":2920,"template":"","meta":[],"product_brand":[],"product_cat":[213],"product_tag":[],"class_list":{"0":"post-2919","1":"product","2":"type-product","3":"status-publish","4":"has-post-thumbnail","6":"product_cat-cac-mon-khai-vi","8":"first","9":"instock","10":"taxable","11":"shipping-taxable","12":"purchasable","13":"product-type-simple"},"yoast_head":"<!-- This site is optimized with the Yoast SEO Premium plugin v22.3 (Yoast SEO v27.4) - https:\/\/yoast.com\/product\/yoast-seo-premium-wordpress\/ -->\n<title>T\u00d4M CHI\u00caN GI\u00d2N - Tandoor Vi\u1ec7t Nam<\/title>\n<meta name=\"description\" content=\"T\u00f4m chi\u00ean gi\u00f2n t\u1ea1i Tandoor Vietnam - H\u01b0\u01a1ng v\u1ecb tuy\u1ec7t v\u1eddi c\u1ee7a t\u00f4m t\u01b0\u01a1i v\u00e0 v\u1ecf gi\u00f2n r\u1ee5m. M\u1ed9t m\u00f3n khai v\u1ecb h\u1ea5p d\u1eabn \u0111\u1ec3 th\u01b0\u1edfng th\u1ee9c.\" \/>\n<meta name=\"robots\" content=\"index, follow, max-snippet:-1, max-image-preview:large, max-video-preview:-1\" \/>\n<link rel=\"canonical\" href=\"https:\/\/tandoorvietnam.com\/vi\/sanpham\/cac-mon-khai-vi\/tom-chien-gion\/\" \/>\n<meta property=\"og:locale\" content=\"vi_VN\" \/>\n<meta property=\"og:type\" content=\"article\" \/>\n<meta property=\"og:title\" content=\"T\u00d4M CHI\u00caN GI\u00d2N\" \/>\n<meta property=\"og:description\" content=\"T\u00f4m chi\u00ean gi\u00f2n t\u1ea1i Tandoor Vietnam - H\u01b0\u01a1ng v\u1ecb tuy\u1ec7t v\u1eddi c\u1ee7a t\u00f4m t\u01b0\u01a1i v\u00e0 v\u1ecf gi\u00f2n r\u1ee5m. M\u1ed9t m\u00f3n khai v\u1ecb h\u1ea5p d\u1eabn \u0111\u1ec3 th\u01b0\u1edfng th\u1ee9c.\" \/>\n<meta property=\"og:url\" content=\"https:\/\/tandoorvietnam.com\/vi\/sanpham\/cac-mon-khai-vi\/tom-chien-gion\/\" \/>\n<meta property=\"og:site_name\" content=\"Tandoor Vi\u1ec7t Nam\" \/>\n<meta property=\"article:publisher\" content=\"https:\/\/www.facebook.com\/tandoor.hcmc\/\" \/>\n<meta property=\"article:modified_time\" content=\"2025-10-16T10:20:04+00:00\" \/>\n<meta property=\"og:image\" content=\"https:\/\/tandoorvietnam.com\/wp-content\/uploads\/2020\/06\/Crispy-fried-shrimp.jpg\" \/>\n\t<meta property=\"og:image:width\" content=\"1400\" \/>\n\t<meta property=\"og:image:height\" content=\"1400\" \/>\n\t<meta property=\"og:image:type\" content=\"image\/jpeg\" \/>\n<meta name=\"twitter:card\" content=\"summary_large_image\" \/>\n<meta name=\"twitter:label1\" content=\"Est. reading time\" \/>\n\t<meta name=\"twitter:data1\" content=\"1 minute\" \/>\n<script type=\"application\/ld+json\" class=\"yoast-schema-graph\">{\"@context\":\"https:\\\/\\\/schema.org\",\"@graph\":[{\"@type\":\"WebPage\",\"@id\":\"https:\\\/\\\/tandoorvietnam.com\\\/vi\\\/sanpham\\\/cac-mon-khai-vi\\\/tom-chien-gion\\\/\",\"url\":\"https:\\\/\\\/tandoorvietnam.com\\\/vi\\\/sanpham\\\/cac-mon-khai-vi\\\/tom-chien-gion\\\/\",\"name\":\"T\u00d4M CHI\u00caN GI\u00d2N - Tandoor Vi\u1ec7t Nam\",\"isPartOf\":{\"@id\":\"https:\\\/\\\/tandoorvietnam.com\\\/vi\\\/#website\"},\"primaryImageOfPage\":{\"@id\":\"https:\\\/\\\/tandoorvietnam.com\\\/vi\\\/sanpham\\\/cac-mon-khai-vi\\\/tom-chien-gion\\\/#primaryimage\"},\"image\":{\"@id\":\"https:\\\/\\\/tandoorvietnam.com\\\/vi\\\/sanpham\\\/cac-mon-khai-vi\\\/tom-chien-gion\\\/#primaryimage\"},\"thumbnailUrl\":\"https:\\\/\\\/tandoorvietnam.com\\\/wp-content\\\/uploads\\\/2020\\\/06\\\/Crispy-fried-shrimp.jpg\",\"datePublished\":\"2020-06-16T15:06:17+00:00\",\"dateModified\":\"2025-10-16T10:20:04+00:00\",\"description\":\"T\u00f4m chi\u00ean gi\u00f2n t\u1ea1i Tandoor Vietnam - H\u01b0\u01a1ng v\u1ecb tuy\u1ec7t v\u1eddi c\u1ee7a t\u00f4m t\u01b0\u01a1i v\u00e0 v\u1ecf gi\u00f2n r\u1ee5m. M\u1ed9t m\u00f3n khai v\u1ecb h\u1ea5p d\u1eabn \u0111\u1ec3 th\u01b0\u1edfng th\u1ee9c.\",\"breadcrumb\":{\"@id\":\"https:\\\/\\\/tandoorvietnam.com\\\/vi\\\/sanpham\\\/cac-mon-khai-vi\\\/tom-chien-gion\\\/#breadcrumb\"},\"inLanguage\":\"vi-VN\",\"potentialAction\":[{\"@type\":\"ReadAction\",\"target\":[\"https:\\\/\\\/tandoorvietnam.com\\\/vi\\\/sanpham\\\/cac-mon-khai-vi\\\/tom-chien-gion\\\/\"]}]},{\"@type\":\"ImageObject\",\"inLanguage\":\"vi-VN\",\"@id\":\"https:\\\/\\\/tandoorvietnam.com\\\/vi\\\/sanpham\\\/cac-mon-khai-vi\\\/tom-chien-gion\\\/#primaryimage\",\"url\":\"https:\\\/\\\/tandoorvietnam.com\\\/wp-content\\\/uploads\\\/2020\\\/06\\\/Crispy-fried-shrimp.jpg\",\"contentUrl\":\"https:\\\/\\\/tandoorvietnam.com\\\/wp-content\\\/uploads\\\/2020\\\/06\\\/Crispy-fried-shrimp.jpg\",\"width\":1400,\"height\":1400,\"caption\":\"T\u00d4M CHI\u00caN GI\u00d2N\"},{\"@type\":\"BreadcrumbList\",\"@id\":\"https:\\\/\\\/tandoorvietnam.com\\\/vi\\\/sanpham\\\/cac-mon-khai-vi\\\/tom-chien-gion\\\/#breadcrumb\",\"itemListElement\":[{\"@type\":\"ListItem\",\"position\":1,\"name\":\"Trang Ch\u1ee7\",\"item\":\"https:\\\/\\\/tandoorvietnam.com\\\/vi\\\/\"},{\"@type\":\"ListItem\",\"position\":2,\"name\":\"Shop\",\"item\":\"https:\\\/\\\/tandoorvietnam.com\\\/shop\\\/\"},{\"@type\":\"ListItem\",\"position\":3,\"name\":\"T\u00d4M CHI\u00caN GI\u00d2N\"}]},{\"@type\":\"WebSite\",\"@id\":\"https:\\\/\\\/tandoorvietnam.com\\\/vi\\\/#website\",\"url\":\"https:\\\/\\\/tandoorvietnam.com\\\/vi\\\/\",\"name\":\"Tandoor Vietnam\",\"description\":\"Nh\u00e0 h\u00e0ng ngon h\u1ed3 ch\u00ed minh\",\"publisher\":{\"@id\":\"https:\\\/\\\/tandoorvietnam.com\\\/vi\\\/#organization\"},\"potentialAction\":[{\"@type\":\"SearchAction\",\"target\":{\"@type\":\"EntryPoint\",\"urlTemplate\":\"https:\\\/\\\/tandoorvietnam.com\\\/vi\\\/?s={search_term_string}\"},\"query-input\":{\"@type\":\"PropertyValueSpecification\",\"valueRequired\":true,\"valueName\":\"search_term_string\"}}],\"inLanguage\":\"vi-VN\"},{\"@type\":\"Organization\",\"@id\":\"https:\\\/\\\/tandoorvietnam.com\\\/vi\\\/#organization\",\"name\":\"Tandoor Vietnam\",\"url\":\"https:\\\/\\\/tandoorvietnam.com\\\/vi\\\/\",\"logo\":{\"@type\":\"ImageObject\",\"inLanguage\":\"vi-VN\",\"@id\":\"https:\\\/\\\/tandoorvietnam.com\\\/vi\\\/#\\\/schema\\\/logo\\\/image\\\/\",\"url\":\"https:\\\/\\\/tandoorvietnam.com\\\/wp-content\\\/uploads\\\/2020\\\/07\\\/logo.png\",\"contentUrl\":\"https:\\\/\\\/tandoorvietnam.com\\\/wp-content\\\/uploads\\\/2020\\\/07\\\/logo.png\",\"width\":133,\"height\":75,\"caption\":\"Tandoor Vietnam\"},\"image\":{\"@id\":\"https:\\\/\\\/tandoorvietnam.com\\\/vi\\\/#\\\/schema\\\/logo\\\/image\\\/\"},\"sameAs\":[\"https:\\\/\\\/www.facebook.com\\\/tandoor.hcmc\\\/\"]}]}<\/script>\n<!-- \/ Yoast SEO Premium plugin. -->","yoast_head_json":{"title":"T\u00d4M CHI\u00caN GI\u00d2N - Tandoor Vi\u1ec7t Nam","description":"T\u00f4m chi\u00ean gi\u00f2n t\u1ea1i Tandoor Vietnam - H\u01b0\u01a1ng v\u1ecb tuy\u1ec7t v\u1eddi c\u1ee7a t\u00f4m t\u01b0\u01a1i v\u00e0 v\u1ecf gi\u00f2n r\u1ee5m. M\u1ed9t m\u00f3n khai v\u1ecb h\u1ea5p d\u1eabn \u0111\u1ec3 th\u01b0\u1edfng th\u1ee9c.","robots":{"index":"index","follow":"follow","max-snippet":"max-snippet:-1","max-image-preview":"max-image-preview:large","max-video-preview":"max-video-preview:-1"},"canonical":"https:\/\/tandoorvietnam.com\/vi\/sanpham\/cac-mon-khai-vi\/tom-chien-gion\/","og_locale":"vi_VN","og_type":"article","og_title":"T\u00d4M CHI\u00caN GI\u00d2N","og_description":"T\u00f4m chi\u00ean gi\u00f2n t\u1ea1i Tandoor Vietnam - H\u01b0\u01a1ng v\u1ecb tuy\u1ec7t v\u1eddi c\u1ee7a t\u00f4m t\u01b0\u01a1i v\u00e0 v\u1ecf gi\u00f2n r\u1ee5m. M\u1ed9t m\u00f3n khai v\u1ecb h\u1ea5p d\u1eabn \u0111\u1ec3 th\u01b0\u1edfng th\u1ee9c.","og_url":"https:\/\/tandoorvietnam.com\/vi\/sanpham\/cac-mon-khai-vi\/tom-chien-gion\/","og_site_name":"Tandoor Vi\u1ec7t Nam","article_publisher":"https:\/\/www.facebook.com\/tandoor.hcmc\/","article_modified_time":"2025-10-16T10:20:04+00:00","og_image":[{"width":1400,"height":1400,"url":"https:\/\/tandoorvietnam.com\/wp-content\/uploads\/2020\/06\/Crispy-fried-shrimp.jpg","type":"image\/jpeg"}],"twitter_card":"summary_large_image","twitter_misc":{"Est. reading time":"1 minute"},"schema":{"@context":"https:\/\/schema.org","@graph":[{"@type":"WebPage","@id":"https:\/\/tandoorvietnam.com\/vi\/sanpham\/cac-mon-khai-vi\/tom-chien-gion\/","url":"https:\/\/tandoorvietnam.com\/vi\/sanpham\/cac-mon-khai-vi\/tom-chien-gion\/","name":"T\u00d4M CHI\u00caN GI\u00d2N - Tandoor Vi\u1ec7t Nam","isPartOf":{"@id":"https:\/\/tandoorvietnam.com\/vi\/#website"},"primaryImageOfPage":{"@id":"https:\/\/tandoorvietnam.com\/vi\/sanpham\/cac-mon-khai-vi\/tom-chien-gion\/#primaryimage"},"image":{"@id":"https:\/\/tandoorvietnam.com\/vi\/sanpham\/cac-mon-khai-vi\/tom-chien-gion\/#primaryimage"},"thumbnailUrl":"https:\/\/tandoorvietnam.com\/wp-content\/uploads\/2020\/06\/Crispy-fried-shrimp.jpg","datePublished":"2020-06-16T15:06:17+00:00","dateModified":"2025-10-16T10:20:04+00:00","description":"T\u00f4m chi\u00ean gi\u00f2n t\u1ea1i Tandoor Vietnam - H\u01b0\u01a1ng v\u1ecb tuy\u1ec7t v\u1eddi c\u1ee7a t\u00f4m t\u01b0\u01a1i v\u00e0 v\u1ecf gi\u00f2n r\u1ee5m. M\u1ed9t m\u00f3n khai v\u1ecb h\u1ea5p d\u1eabn \u0111\u1ec3 th\u01b0\u1edfng th\u1ee9c.","breadcrumb":{"@id":"https:\/\/tandoorvietnam.com\/vi\/sanpham\/cac-mon-khai-vi\/tom-chien-gion\/#breadcrumb"},"inLanguage":"vi-VN","potentialAction":[{"@type":"ReadAction","target":["https:\/\/tandoorvietnam.com\/vi\/sanpham\/cac-mon-khai-vi\/tom-chien-gion\/"]}]},{"@type":"ImageObject","inLanguage":"vi-VN","@id":"https:\/\/tandoorvietnam.com\/vi\/sanpham\/cac-mon-khai-vi\/tom-chien-gion\/#primaryimage","url":"https:\/\/tandoorvietnam.com\/wp-content\/uploads\/2020\/06\/Crispy-fried-shrimp.jpg","contentUrl":"https:\/\/tandoorvietnam.com\/wp-content\/uploads\/2020\/06\/Crispy-fried-shrimp.jpg","width":1400,"height":1400,"caption":"T\u00d4M CHI\u00caN GI\u00d2N"},{"@type":"BreadcrumbList","@id":"https:\/\/tandoorvietnam.com\/vi\/sanpham\/cac-mon-khai-vi\/tom-chien-gion\/#breadcrumb","itemListElement":[{"@type":"ListItem","position":1,"name":"Trang Ch\u1ee7","item":"https:\/\/tandoorvietnam.com\/vi\/"},{"@type":"ListItem","position":2,"name":"Shop","item":"https:\/\/tandoorvietnam.com\/shop\/"},{"@type":"ListItem","position":3,"name":"T\u00d4M CHI\u00caN GI\u00d2N"}]},{"@type":"WebSite","@id":"https:\/\/tandoorvietnam.com\/vi\/#website","url":"https:\/\/tandoorvietnam.com\/vi\/","name":"Tandoor Vietnam","description":"Nh\u00e0 h\u00e0ng ngon h\u1ed3 ch\u00ed minh","publisher":{"@id":"https:\/\/tandoorvietnam.com\/vi\/#organization"},"potentialAction":[{"@type":"SearchAction","target":{"@type":"EntryPoint","urlTemplate":"https:\/\/tandoorvietnam.com\/vi\/?s={search_term_string}"},"query-input":{"@type":"PropertyValueSpecification","valueRequired":true,"valueName":"search_term_string"}}],"inLanguage":"vi-VN"},{"@type":"Organization","@id":"https:\/\/tandoorvietnam.com\/vi\/#organization","name":"Tandoor Vietnam","url":"https:\/\/tandoorvietnam.com\/vi\/","logo":{"@type":"ImageObject","inLanguage":"vi-VN","@id":"https:\/\/tandoorvietnam.com\/vi\/#\/schema\/logo\/image\/","url":"https:\/\/tandoorvietnam.com\/wp-content\/uploads\/2020\/07\/logo.png","contentUrl":"https:\/\/tandoorvietnam.com\/wp-content\/uploads\/2020\/07\/logo.png","width":133,"height":75,"caption":"Tandoor Vietnam"},"image":{"@id":"https:\/\/tandoorvietnam.com\/vi\/#\/schema\/logo\/image\/"},"sameAs":["https:\/\/www.facebook.com\/tandoor.hcmc\/"]}]}},"_links":{"self":[{"href":"https:\/\/tandoorvietnam.com\/vi\/wp-json\/wp\/v2\/product\/2919","targetHints":{"allow":["GET"]}}],"collection":[{"href":"https:\/\/tandoorvietnam.com\/vi\/wp-json\/wp\/v2\/product"}],"about":[{"href":"https:\/\/tandoorvietnam.com\/vi\/wp-json\/wp\/v2\/types\/product"}],"wp:featuredmedia":[{"embeddable":true,"href":"https:\/\/tandoorvietnam.com\/vi\/wp-json\/wp\/v2\/media\/2920"}],"wp:attachment":[{"href":"https:\/\/tandoorvietnam.com\/vi\/wp-json\/wp\/v2\/media?parent=2919"}],"wp:term":[{"taxonomy":"product_brand","embeddable":true,"href":"https:\/\/tandoorvietnam.com\/vi\/wp-json\/wp\/v2\/product_brand?post=2919"},{"taxonomy":"product_cat","embeddable":true,"href":"https:\/\/tandoorvietnam.com\/vi\/wp-json\/wp\/v2\/product_cat?post=2919"},{"taxonomy":"product_tag","embeddable":true,"href":"https:\/\/tandoorvietnam.com\/vi\/wp-json\/wp\/v2\/product_tag?post=2919"}],"curies":[{"name":"wp","href":"https:\/\/api.w.org\/{rel}","templated":true}]}}