{"id":2923,"date":"2020-09-15T06:04:18","date_gmt":"2020-09-15T06:04:18","guid":{"rendered":"http:\/\/tandoorvietnam.com\/product\/uncategorized\/hanh-tay-tam-gia-vi-chien-gion\/"},"modified":"2025-12-26T18:41:49","modified_gmt":"2025-12-26T11:41:49","slug":"hanh-tay-tam-gia-vi-chien-gion","status":"publish","type":"product","link":"https:\/\/tandoorvietnam.com\/vi\/sanpham\/cac-mon-khai-vi\/hanh-tay-tam-gia-vi-chien-gion\/","title":{"rendered":"Crispy Onion (H\u00c0NH T\u00c2Y T\u1ea8M GIA V\u1eca CHI\u00caN GI\u00d2N)"},"content":{"rendered":"<p>H\u00e0nh t\u00e2y t\u1ea9m gia v\u1ecb, chi\u00ean gi\u00f2n (Crispy Onion) l\u00e0 m\u1ed9t m\u00f3n khai v\u1ecb \u0111\u1eb7c tr\u01b0ng c\u1ee7a \u1ea4n \u0110\u1ed9. T\u1ea1i Tandoor Vietnam, ch\u00fang t\u00f4i t\u1ea1o n\u00ean m\u1ed9t phi\u00ean b\u1ea3n \u0111\u1ed9c \u0111\u00e1o c\u1ee7a m\u00f3n n\u00e0y v\u1edbi h\u00e0nh t\u00e2y t\u01b0\u01a1i ngon \u0111\u01b0\u1ee3c t\u1ea9m \u01b0\u1edbp trong c\u00e1c gia v\u1ecb th\u01a1m ngon v\u00e0 chi\u00ean gi\u00f2n l\u00ean m\u1ed9t l\u1edbp v\u1ecf gi\u00f2n r\u1ee5m.<\/p>\n<p>Ch\u00fang t\u00f4i s\u1eed d\u1ee5ng h\u00e0nh t\u00e2y t\u01b0\u01a1i ngon v\u00e0 ch\u1ecdn l\u1ef1a k\u1ef9 l\u01b0\u1ee1ng c\u00e1c gia v\u1ecb t\u1ef1 nhi\u00ean \u0111\u1ec3 t\u1ea9m \u01b0\u1edbp. H\u00e0nh t\u00e2y \u0111\u01b0\u1ee3c c\u1eaft m\u1ecfng v\u00e0 t\u1ea9m gia v\u1ecb, t\u1ea1o n\u00ean h\u01b0\u01a1ng v\u1ecb \u0111\u1ed9c \u0111\u00e1o v\u00e0 m\u00ea ho\u1eb7c. Sau \u0111\u00f3, h\u00e0nh t\u00e2y \u0111\u01b0\u1ee3c chi\u00ean gi\u00f2n v\u1edbi l\u1edbp v\u1ecf m\u1ecfng m\u00e0u v\u00e0ng s\u00e1nh m\u1ecbn.<\/p>\n<p>Crispy Onion t\u1ea1i <a href=\"https:\/\/tandoorvietnam.com\/vi\/\">Tandoor Vietnam<\/a> c\u00f3 h\u01b0\u01a1ng v\u1ecb \u0111\u1ed9c \u0111\u00e1o v\u00e0 cung c\u1ea5p tr\u1ea3i nghi\u1ec7m \u1ea9m th\u1ef1c th\u00fa v\u1ecb. M\u00f3n n\u00e0y th\u01b0\u1eddng \u0111\u01b0\u1ee3c d\u00f9ng l\u00e0m m\u00f3n khai v\u1ecb ho\u1eb7c m\u00f3n \u0103n v\u1eb7t, k\u00edch th\u00edch v\u1ecb gi\u00e1c b\u1eb1ng c\u00e1ch k\u1ebft h\u1ee3p v\u1ecb ng\u1ecdt, m\u1eb7n v\u00e0 h\u01a1i cay c\u1ee7a h\u00e0nh t\u00e2y v\u1edbi v\u1ecb gi\u00f2n tan c\u1ee7a l\u1edbp v\u1ecf.<\/p>\n<p>Crispy Onion l\u00e0 m\u1ed9t l\u1ef1a ch\u1ecdn tuy\u1ec7t v\u1eddi cho nh\u1eefng ai y\u00eau th\u00edch h\u01b0\u01a1ng v\u1ecb \u1ea4n \u0110\u1ed9 v\u00e0 mu\u1ed1n kh\u00e1m ph\u00e1 nh\u1eefng m\u00f3n \u0103n \u0111\u1eb7c tr\u01b0ng c\u1ee7a \u0111\u1ea5t n\u01b0\u1edbc n\u00e0y. B\u1ea1n c\u00f3 th\u1ec3 th\u01b0\u1edfng th\u1ee9c m\u00f3n n\u00e0y trong kh\u00f4ng gian \u1ea5m c\u00fang v\u00e0 \u0111\u1eadm ch\u1ea5t \u1ea4n \u0110\u1ed9 t\u1ea1i Tandoor Vietnam.<\/p>\n","protected":false},"excerpt":{"rendered":"<table width=\"723\">\n<tbody>\n<tr>\n<td width=\"412\">B\u00e1nh h\u00e0nh t\u00e2y chi\u00ean gi\u00f2n v\u1edbi \u1edbt v\u00e0 l\u00e1 c\u00e0 ri (8 mi\u1ebfng)<\/td>\n<\/tr>\n<tr>\n<td width=\"412\"><em>H\u00e0nh t\u00e2y x\u1eaft nhuy\u1ec5n tr\u1ed9n gia v\u1ecb cay v\u1edbi l\u00e1 cary chi\u00ean gi\u00f2n t\u1eebng v\u1eaft<\/em><\/td>\n<\/tr>\n<\/tbody>\n<\/table>\n","protected":false},"featured_media":2924,"template":"","meta":[],"product_brand":[],"product_cat":[213],"product_tag":[],"class_list":{"0":"post-2923","1":"product","2":"type-product","3":"status-publish","4":"has-post-thumbnail","6":"product_cat-cac-mon-khai-vi","8":"first","9":"instock","10":"purchasable","11":"product-type-simple"},"yoast_head":"<!-- This site is optimized with the Yoast SEO Premium plugin v22.3 (Yoast SEO v27.4) - https:\/\/yoast.com\/product\/yoast-seo-premium-wordpress\/ -->\n<title>Crispy Onion (H\u00c0NH T\u00c2Y T\u1ea8M GIA V\u1eca CHI\u00caN GI\u00d2N)<\/title>\n<meta name=\"description\" content=\"H\u00e0nh t\u00e2y t\u1ea9m gia v\u1ecb, chi\u00ean gi\u00f2n h\u1ea5p d\u1eabn t\u1ea1i nh\u00e0 h\u00e0ng \u1ea4n \u0110\u1ed9 Tandoor Vietnam. M\u00f3n khai v\u1ecb \u0111\u1eb7c tr\u01b0ng, h\u01b0\u01a1ng v\u1ecb \u0111\u1ed9c \u0111\u00e1o t\u1eeb \u1ea4n \u0110\u1ed9.\" \/>\n<meta name=\"robots\" content=\"index, follow, max-snippet:-1, max-image-preview:large, max-video-preview:-1\" \/>\n<link rel=\"canonical\" href=\"https:\/\/tandoorvietnam.com\/vi\/sanpham\/cac-mon-khai-vi\/hanh-tay-tam-gia-vi-chien-gion\/\" \/>\n<meta property=\"og:locale\" content=\"vi_VN\" \/>\n<meta property=\"og:type\" content=\"article\" \/>\n<meta property=\"og:title\" content=\"Crispy Onion (H\u00c0NH T\u00c2Y T\u1ea8M GIA V\u1eca CHI\u00caN GI\u00d2N)\" \/>\n<meta property=\"og:description\" content=\"H\u00e0nh t\u00e2y t\u1ea9m gia v\u1ecb, chi\u00ean gi\u00f2n h\u1ea5p d\u1eabn t\u1ea1i nh\u00e0 h\u00e0ng \u1ea4n \u0110\u1ed9 Tandoor Vietnam. M\u00f3n khai v\u1ecb \u0111\u1eb7c tr\u01b0ng, h\u01b0\u01a1ng v\u1ecb \u0111\u1ed9c \u0111\u00e1o t\u1eeb \u1ea4n \u0110\u1ed9.\" \/>\n<meta property=\"og:url\" content=\"https:\/\/tandoorvietnam.com\/vi\/sanpham\/cac-mon-khai-vi\/hanh-tay-tam-gia-vi-chien-gion\/\" \/>\n<meta property=\"og:site_name\" content=\"Tandoor Vi\u1ec7t Nam\" \/>\n<meta property=\"article:publisher\" content=\"https:\/\/www.facebook.com\/tandoor.hcmc\/\" \/>\n<meta property=\"article:modified_time\" content=\"2025-12-26T11:41:49+00:00\" \/>\n<meta property=\"og:image\" content=\"https:\/\/tandoorvietnam.com\/wp-content\/uploads\/2020\/09\/Crispy-Onion.jpg\" \/>\n\t<meta property=\"og:image:width\" content=\"800\" \/>\n\t<meta property=\"og:image:height\" content=\"800\" \/>\n\t<meta property=\"og:image:type\" content=\"image\/jpeg\" \/>\n<meta name=\"twitter:card\" content=\"summary_large_image\" \/>\n<meta name=\"twitter:label1\" content=\"Est. reading time\" \/>\n\t<meta name=\"twitter:data1\" content=\"1 minute\" \/>\n<script type=\"application\/ld+json\" class=\"yoast-schema-graph\">{\"@context\":\"https:\\\/\\\/schema.org\",\"@graph\":[{\"@type\":\"WebPage\",\"@id\":\"https:\\\/\\\/tandoorvietnam.com\\\/vi\\\/sanpham\\\/cac-mon-khai-vi\\\/hanh-tay-tam-gia-vi-chien-gion\\\/\",\"url\":\"https:\\\/\\\/tandoorvietnam.com\\\/vi\\\/sanpham\\\/cac-mon-khai-vi\\\/hanh-tay-tam-gia-vi-chien-gion\\\/\",\"name\":\"Crispy Onion (H\u00c0NH T\u00c2Y T\u1ea8M GIA V\u1eca CHI\u00caN GI\u00d2N)\",\"isPartOf\":{\"@id\":\"https:\\\/\\\/tandoorvietnam.com\\\/vi\\\/#website\"},\"primaryImageOfPage\":{\"@id\":\"https:\\\/\\\/tandoorvietnam.com\\\/vi\\\/sanpham\\\/cac-mon-khai-vi\\\/hanh-tay-tam-gia-vi-chien-gion\\\/#primaryimage\"},\"image\":{\"@id\":\"https:\\\/\\\/tandoorvietnam.com\\\/vi\\\/sanpham\\\/cac-mon-khai-vi\\\/hanh-tay-tam-gia-vi-chien-gion\\\/#primaryimage\"},\"thumbnailUrl\":\"https:\\\/\\\/tandoorvietnam.com\\\/wp-content\\\/uploads\\\/2020\\\/09\\\/Crispy-Onion.jpg\",\"datePublished\":\"2020-09-15T06:04:18+00:00\",\"dateModified\":\"2025-12-26T11:41:49+00:00\",\"description\":\"H\u00e0nh t\u00e2y t\u1ea9m gia v\u1ecb, chi\u00ean gi\u00f2n h\u1ea5p d\u1eabn t\u1ea1i nh\u00e0 h\u00e0ng \u1ea4n \u0110\u1ed9 Tandoor Vietnam. M\u00f3n khai v\u1ecb \u0111\u1eb7c tr\u01b0ng, h\u01b0\u01a1ng v\u1ecb \u0111\u1ed9c \u0111\u00e1o t\u1eeb \u1ea4n \u0110\u1ed9.\",\"breadcrumb\":{\"@id\":\"https:\\\/\\\/tandoorvietnam.com\\\/vi\\\/sanpham\\\/cac-mon-khai-vi\\\/hanh-tay-tam-gia-vi-chien-gion\\\/#breadcrumb\"},\"inLanguage\":\"vi-VN\",\"potentialAction\":[{\"@type\":\"ReadAction\",\"target\":[\"https:\\\/\\\/tandoorvietnam.com\\\/vi\\\/sanpham\\\/cac-mon-khai-vi\\\/hanh-tay-tam-gia-vi-chien-gion\\\/\"]}]},{\"@type\":\"ImageObject\",\"inLanguage\":\"vi-VN\",\"@id\":\"https:\\\/\\\/tandoorvietnam.com\\\/vi\\\/sanpham\\\/cac-mon-khai-vi\\\/hanh-tay-tam-gia-vi-chien-gion\\\/#primaryimage\",\"url\":\"https:\\\/\\\/tandoorvietnam.com\\\/wp-content\\\/uploads\\\/2020\\\/09\\\/Crispy-Onion.jpg\",\"contentUrl\":\"https:\\\/\\\/tandoorvietnam.com\\\/wp-content\\\/uploads\\\/2020\\\/09\\\/Crispy-Onion.jpg\",\"width\":800,\"height\":800,\"caption\":\"H\u00c0NH T\u00c2Y T\u1ea8M GIA V\u1eca CHI\u00caN GI\u00d2N\"},{\"@type\":\"BreadcrumbList\",\"@id\":\"https:\\\/\\\/tandoorvietnam.com\\\/vi\\\/sanpham\\\/cac-mon-khai-vi\\\/hanh-tay-tam-gia-vi-chien-gion\\\/#breadcrumb\",\"itemListElement\":[{\"@type\":\"ListItem\",\"position\":1,\"name\":\"Trang Ch\u1ee7\",\"item\":\"https:\\\/\\\/tandoorvietnam.com\\\/vi\\\/\"},{\"@type\":\"ListItem\",\"position\":2,\"name\":\"Shop\",\"item\":\"https:\\\/\\\/tandoorvietnam.com\\\/shop\\\/\"},{\"@type\":\"ListItem\",\"position\":3,\"name\":\"Crispy Onion (H\u00c0NH T\u00c2Y T\u1ea8M GIA V\u1eca CHI\u00caN GI\u00d2N)\"}]},{\"@type\":\"WebSite\",\"@id\":\"https:\\\/\\\/tandoorvietnam.com\\\/vi\\\/#website\",\"url\":\"https:\\\/\\\/tandoorvietnam.com\\\/vi\\\/\",\"name\":\"Tandoor Vietnam\",\"description\":\"Nh\u00e0 h\u00e0ng ngon h\u1ed3 ch\u00ed minh\",\"publisher\":{\"@id\":\"https:\\\/\\\/tandoorvietnam.com\\\/vi\\\/#organization\"},\"potentialAction\":[{\"@type\":\"SearchAction\",\"target\":{\"@type\":\"EntryPoint\",\"urlTemplate\":\"https:\\\/\\\/tandoorvietnam.com\\\/vi\\\/?s={search_term_string}\"},\"query-input\":{\"@type\":\"PropertyValueSpecification\",\"valueRequired\":true,\"valueName\":\"search_term_string\"}}],\"inLanguage\":\"vi-VN\"},{\"@type\":\"Organization\",\"@id\":\"https:\\\/\\\/tandoorvietnam.com\\\/vi\\\/#organization\",\"name\":\"Tandoor Vietnam\",\"url\":\"https:\\\/\\\/tandoorvietnam.com\\\/vi\\\/\",\"logo\":{\"@type\":\"ImageObject\",\"inLanguage\":\"vi-VN\",\"@id\":\"https:\\\/\\\/tandoorvietnam.com\\\/vi\\\/#\\\/schema\\\/logo\\\/image\\\/\",\"url\":\"https:\\\/\\\/tandoorvietnam.com\\\/wp-content\\\/uploads\\\/2020\\\/07\\\/logo.png\",\"contentUrl\":\"https:\\\/\\\/tandoorvietnam.com\\\/wp-content\\\/uploads\\\/2020\\\/07\\\/logo.png\",\"width\":133,\"height\":75,\"caption\":\"Tandoor Vietnam\"},\"image\":{\"@id\":\"https:\\\/\\\/tandoorvietnam.com\\\/vi\\\/#\\\/schema\\\/logo\\\/image\\\/\"},\"sameAs\":[\"https:\\\/\\\/www.facebook.com\\\/tandoor.hcmc\\\/\"]}]}<\/script>\n<!-- \/ Yoast SEO Premium plugin. -->","yoast_head_json":{"title":"Crispy Onion (H\u00c0NH T\u00c2Y T\u1ea8M GIA V\u1eca CHI\u00caN GI\u00d2N)","description":"H\u00e0nh t\u00e2y t\u1ea9m gia v\u1ecb, chi\u00ean gi\u00f2n h\u1ea5p d\u1eabn t\u1ea1i nh\u00e0 h\u00e0ng \u1ea4n \u0110\u1ed9 Tandoor Vietnam. M\u00f3n khai v\u1ecb \u0111\u1eb7c tr\u01b0ng, h\u01b0\u01a1ng v\u1ecb \u0111\u1ed9c \u0111\u00e1o t\u1eeb \u1ea4n \u0110\u1ed9.","robots":{"index":"index","follow":"follow","max-snippet":"max-snippet:-1","max-image-preview":"max-image-preview:large","max-video-preview":"max-video-preview:-1"},"canonical":"https:\/\/tandoorvietnam.com\/vi\/sanpham\/cac-mon-khai-vi\/hanh-tay-tam-gia-vi-chien-gion\/","og_locale":"vi_VN","og_type":"article","og_title":"Crispy Onion (H\u00c0NH T\u00c2Y T\u1ea8M GIA V\u1eca CHI\u00caN GI\u00d2N)","og_description":"H\u00e0nh t\u00e2y t\u1ea9m gia v\u1ecb, chi\u00ean gi\u00f2n h\u1ea5p d\u1eabn t\u1ea1i nh\u00e0 h\u00e0ng \u1ea4n \u0110\u1ed9 Tandoor Vietnam. M\u00f3n khai v\u1ecb \u0111\u1eb7c tr\u01b0ng, h\u01b0\u01a1ng v\u1ecb \u0111\u1ed9c \u0111\u00e1o t\u1eeb \u1ea4n \u0110\u1ed9.","og_url":"https:\/\/tandoorvietnam.com\/vi\/sanpham\/cac-mon-khai-vi\/hanh-tay-tam-gia-vi-chien-gion\/","og_site_name":"Tandoor Vi\u1ec7t Nam","article_publisher":"https:\/\/www.facebook.com\/tandoor.hcmc\/","article_modified_time":"2025-12-26T11:41:49+00:00","og_image":[{"width":800,"height":800,"url":"https:\/\/tandoorvietnam.com\/wp-content\/uploads\/2020\/09\/Crispy-Onion.jpg","type":"image\/jpeg"}],"twitter_card":"summary_large_image","twitter_misc":{"Est. reading time":"1 minute"},"schema":{"@context":"https:\/\/schema.org","@graph":[{"@type":"WebPage","@id":"https:\/\/tandoorvietnam.com\/vi\/sanpham\/cac-mon-khai-vi\/hanh-tay-tam-gia-vi-chien-gion\/","url":"https:\/\/tandoorvietnam.com\/vi\/sanpham\/cac-mon-khai-vi\/hanh-tay-tam-gia-vi-chien-gion\/","name":"Crispy Onion (H\u00c0NH T\u00c2Y T\u1ea8M GIA V\u1eca CHI\u00caN GI\u00d2N)","isPartOf":{"@id":"https:\/\/tandoorvietnam.com\/vi\/#website"},"primaryImageOfPage":{"@id":"https:\/\/tandoorvietnam.com\/vi\/sanpham\/cac-mon-khai-vi\/hanh-tay-tam-gia-vi-chien-gion\/#primaryimage"},"image":{"@id":"https:\/\/tandoorvietnam.com\/vi\/sanpham\/cac-mon-khai-vi\/hanh-tay-tam-gia-vi-chien-gion\/#primaryimage"},"thumbnailUrl":"https:\/\/tandoorvietnam.com\/wp-content\/uploads\/2020\/09\/Crispy-Onion.jpg","datePublished":"2020-09-15T06:04:18+00:00","dateModified":"2025-12-26T11:41:49+00:00","description":"H\u00e0nh t\u00e2y t\u1ea9m gia v\u1ecb, chi\u00ean gi\u00f2n h\u1ea5p d\u1eabn t\u1ea1i nh\u00e0 h\u00e0ng \u1ea4n \u0110\u1ed9 Tandoor Vietnam. M\u00f3n khai v\u1ecb \u0111\u1eb7c tr\u01b0ng, h\u01b0\u01a1ng v\u1ecb \u0111\u1ed9c \u0111\u00e1o t\u1eeb \u1ea4n \u0110\u1ed9.","breadcrumb":{"@id":"https:\/\/tandoorvietnam.com\/vi\/sanpham\/cac-mon-khai-vi\/hanh-tay-tam-gia-vi-chien-gion\/#breadcrumb"},"inLanguage":"vi-VN","potentialAction":[{"@type":"ReadAction","target":["https:\/\/tandoorvietnam.com\/vi\/sanpham\/cac-mon-khai-vi\/hanh-tay-tam-gia-vi-chien-gion\/"]}]},{"@type":"ImageObject","inLanguage":"vi-VN","@id":"https:\/\/tandoorvietnam.com\/vi\/sanpham\/cac-mon-khai-vi\/hanh-tay-tam-gia-vi-chien-gion\/#primaryimage","url":"https:\/\/tandoorvietnam.com\/wp-content\/uploads\/2020\/09\/Crispy-Onion.jpg","contentUrl":"https:\/\/tandoorvietnam.com\/wp-content\/uploads\/2020\/09\/Crispy-Onion.jpg","width":800,"height":800,"caption":"H\u00c0NH T\u00c2Y T\u1ea8M GIA V\u1eca CHI\u00caN GI\u00d2N"},{"@type":"BreadcrumbList","@id":"https:\/\/tandoorvietnam.com\/vi\/sanpham\/cac-mon-khai-vi\/hanh-tay-tam-gia-vi-chien-gion\/#breadcrumb","itemListElement":[{"@type":"ListItem","position":1,"name":"Trang Ch\u1ee7","item":"https:\/\/tandoorvietnam.com\/vi\/"},{"@type":"ListItem","position":2,"name":"Shop","item":"https:\/\/tandoorvietnam.com\/shop\/"},{"@type":"ListItem","position":3,"name":"Crispy Onion (H\u00c0NH T\u00c2Y T\u1ea8M GIA V\u1eca CHI\u00caN GI\u00d2N)"}]},{"@type":"WebSite","@id":"https:\/\/tandoorvietnam.com\/vi\/#website","url":"https:\/\/tandoorvietnam.com\/vi\/","name":"Tandoor Vietnam","description":"Nh\u00e0 h\u00e0ng ngon h\u1ed3 ch\u00ed minh","publisher":{"@id":"https:\/\/tandoorvietnam.com\/vi\/#organization"},"potentialAction":[{"@type":"SearchAction","target":{"@type":"EntryPoint","urlTemplate":"https:\/\/tandoorvietnam.com\/vi\/?s={search_term_string}"},"query-input":{"@type":"PropertyValueSpecification","valueRequired":true,"valueName":"search_term_string"}}],"inLanguage":"vi-VN"},{"@type":"Organization","@id":"https:\/\/tandoorvietnam.com\/vi\/#organization","name":"Tandoor Vietnam","url":"https:\/\/tandoorvietnam.com\/vi\/","logo":{"@type":"ImageObject","inLanguage":"vi-VN","@id":"https:\/\/tandoorvietnam.com\/vi\/#\/schema\/logo\/image\/","url":"https:\/\/tandoorvietnam.com\/wp-content\/uploads\/2020\/07\/logo.png","contentUrl":"https:\/\/tandoorvietnam.com\/wp-content\/uploads\/2020\/07\/logo.png","width":133,"height":75,"caption":"Tandoor Vietnam"},"image":{"@id":"https:\/\/tandoorvietnam.com\/vi\/#\/schema\/logo\/image\/"},"sameAs":["https:\/\/www.facebook.com\/tandoor.hcmc\/"]}]}},"_links":{"self":[{"href":"https:\/\/tandoorvietnam.com\/vi\/wp-json\/wp\/v2\/product\/2923","targetHints":{"allow":["GET"]}}],"collection":[{"href":"https:\/\/tandoorvietnam.com\/vi\/wp-json\/wp\/v2\/product"}],"about":[{"href":"https:\/\/tandoorvietnam.com\/vi\/wp-json\/wp\/v2\/types\/product"}],"wp:featuredmedia":[{"embeddable":true,"href":"https:\/\/tandoorvietnam.com\/vi\/wp-json\/wp\/v2\/media\/2924"}],"wp:attachment":[{"href":"https:\/\/tandoorvietnam.com\/vi\/wp-json\/wp\/v2\/media?parent=2923"}],"wp:term":[{"taxonomy":"product_brand","embeddable":true,"href":"https:\/\/tandoorvietnam.com\/vi\/wp-json\/wp\/v2\/product_brand?post=2923"},{"taxonomy":"product_cat","embeddable":true,"href":"https:\/\/tandoorvietnam.com\/vi\/wp-json\/wp\/v2\/product_cat?post=2923"},{"taxonomy":"product_tag","embeddable":true,"href":"https:\/\/tandoorvietnam.com\/vi\/wp-json\/wp\/v2\/product_tag?post=2923"}],"curies":[{"name":"wp","href":"https:\/\/api.w.org\/{rel}","templated":true}]}}