{"id":2927,"date":"2020-06-26T11:37:28","date_gmt":"2020-06-26T11:37:28","guid":{"rendered":"http:\/\/tandoorvietnam.com\/product\/uncategorized\/ca-chem-cay-chien-gion\/"},"modified":"2023-05-15T10:34:16","modified_gmt":"2023-05-15T10:34:16","slug":"ca-chem-cay-chien-gion","status":"publish","type":"product","link":"https:\/\/tandoorvietnam.com\/vi\/sanpham\/cac-mon-khai-vi\/ca-chem-cay-chien-gion\/","title":{"rendered":"Fish Pakora (C\u00c1 CH\u1ebcM CAY CHI\u00caN GI\u00d2N)"},"content":{"rendered":"<p>C\u00e1 ch\u1ebdm cay chi\u00ean gi\u00f2n l\u00e0 m\u1ed9t m\u00f3n khai v\u1ecb h\u1ea5p d\u1eabn t\u1ea1i Tandoor Vietnam. Ch\u00fang t\u00f4i s\u1eed d\u1ee5ng c\u00e1 ch\u1ebdm t\u01b0\u01a1i ngon v\u00e0 t\u1ea9m \u01b0\u1edbp trong m\u1ed9t h\u1ed7n h\u1ee3p gia v\u1ecb \u0111\u1eb7c bi\u1ec7t.<\/p>\n<p>\u0110\u1eb7c tr\u01b0ng c\u1ee7a m\u00f3n \u0103n n\u00e0y l\u00e0 v\u1ecb cay n\u1ed3ng h\u00f2a quy\u1ec7n v\u1edbi l\u1edbp v\u1ecf gi\u00f2n tan. Ch\u00fang t\u00f4i chi\u00ean c\u00e1 ch\u1ebdm t\u1edbi khi ngo\u00e0i l\u1edbp v\u1ecf v\u00e0ng \u01b0\u01a1m v\u00e0 gi\u00f2n r\u1ee5m. Khi c\u1eafn v\u00e0o, b\u1ea1n s\u1ebd c\u1ea3m nh\u1eadn \u0111\u01b0\u1ee3c v\u1ecb cay n\u1ed3ng ngay t\u1eeb l\u1edbp v\u1ecf, v\u00e0 b\u00ean trong l\u00e0 th\u1ecbt c\u00e1 m\u1ec1m m\u1ecdng, ng\u1ecdt ng\u00e0o.<\/p>\n<p>Fish Pakora l\u00e0 m\u1ed9t s\u1ef1 k\u1ebft h\u1ee3p ho\u00e0n h\u1ea3o gi\u1eefa v\u1ecb cay v\u00e0 v\u1ecb ng\u1ecdt c\u1ee7a c\u00e1. M\u00f3n \u0103n n\u00e0y th\u01b0\u1eddng \u0111\u01b0\u1ee3c \u0103n k\u00e8m v\u1edbi rau s\u1ed1ng t\u01b0\u01a1i m\u00e1t, t\u1ea1o ra m\u1ed9t c\u1ea3m gi\u00e1c c\u00e2n b\u1eb1ng v\u00e0 h\u00f2a quy\u1ec7n gi\u1eefa c\u00e1c h\u01b0\u01a1ng v\u1ecb.<\/p>\n<p>T\u1ea1i Tandoor Vietnam, ch\u00fang t\u00f4i cam k\u1ebft s\u1eed d\u1ee5ng nguy\u00ean li\u1ec7u t\u01b0\u01a1i ngon v\u00e0 ch\u1ea5t l\u01b0\u1ee3ng \u0111\u1ec3 \u0111\u1ea3m b\u1ea3o m\u00f3n \u0103n lu\u00f4n th\u01a1m ngon v\u00e0 an to\u00e0n cho kh\u00e1ch h\u00e0ng. C\u00e1 ch\u1ebdm cay chi\u00ean gi\u00f2n l\u00e0 m\u1ed9t m\u00f3n khai v\u1ecb tuy\u1ec7t v\u1eddi cho b\u1eefa \u0103n gia \u0111\u00ecnh, ti\u1ec7c t\u00f9ng ho\u1eb7c h\u1ecdp m\u1eb7t b\u1ea1n b\u00e8.<\/p>\n<p>H\u00e3y \u0111\u1ebfn <a href=\"https:\/\/tandoorvietnam.com\/\">nh\u00e0 h\u00e0ng Tandoor Vietnam<\/a> v\u00e0 th\u01b0\u1edfng th\u1ee9c m\u00f3n Fish Pakora ngon l\u00e0nh. H\u01b0\u01a1ng v\u1ecb \u0111\u1ed9c \u0111\u00e1o c\u1ee7a m\u00f3n \u0103n n\u00e0y s\u1ebd khi\u1ebfn b\u1ea1n kh\u00f4ng th\u1ec3 qu\u00ean v\u00e0 tr\u1edf th\u00e0nh m\u1ed9t l\u1ef1a ch\u1ecdn \u01b0a th\u00edch trong th\u1ef1c \u0111\u01a1n c\u1ee7a b\u1ea1n.<\/p>\n","protected":false},"excerpt":{"rendered":"<p>&nbsp;<\/p>\n<table width=\"723\">\n<tbody>\n<tr>\n<td width=\"412\">Minced Seabass fritter with curry leaves and spices<\/td>\n<\/tr>\n<tr>\n<td width=\"412\"><em>C\u00e1 ch\u1ebdm tr\u1ed9n gia v\u1ecb cay v\u00e0 l\u00e1 cari chi\u00ean gi\u00f2n<\/em><\/td>\n<\/tr>\n<\/tbody>\n<\/table>\n","protected":false},"featured_media":2928,"template":"","meta":[],"product_brand":[],"product_cat":[213],"product_tag":[],"class_list":{"0":"post-2927","1":"product","2":"type-product","3":"status-publish","4":"has-post-thumbnail","6":"product_cat-cac-mon-khai-vi","8":"first","9":"instock","10":"purchasable","11":"product-type-simple"},"yoast_head":"<!-- This site is optimized with the Yoast SEO Premium plugin v22.3 (Yoast SEO v27.4) - https:\/\/yoast.com\/product\/yoast-seo-premium-wordpress\/ -->\n<title>Fish Pakora (C\u00c1 CH\u1ebcM CAY CHI\u00caN GI\u00d2N) - Tandoor Vi\u1ec7t Nam<\/title>\n<meta name=\"description\" content=\"C\u00e1 ch\u1ebdm cay chi\u00ean gi\u00f2n t\u1ea1i Tandoor Vietnam. V\u1ecb cay n\u1ed3ng h\u00f2a quy\u1ec7n v\u1edbi l\u1edbp v\u1ecf gi\u00f2n tan, m\u00f3n khai v\u1ecb h\u1ea5p d\u1eabn kh\u00f4ng th\u1ec3 b\u1ecf qua.\" \/>\n<meta name=\"robots\" content=\"index, follow, max-snippet:-1, max-image-preview:large, max-video-preview:-1\" \/>\n<link rel=\"canonical\" href=\"https:\/\/tandoorvietnam.com\/vi\/sanpham\/cac-mon-khai-vi\/ca-chem-cay-chien-gion\/\" \/>\n<meta property=\"og:locale\" content=\"vi_VN\" \/>\n<meta property=\"og:type\" content=\"article\" \/>\n<meta property=\"og:title\" content=\"Fish Pakora (C\u00c1 CH\u1ebcM CAY CHI\u00caN GI\u00d2N)\" \/>\n<meta property=\"og:description\" content=\"C\u00e1 ch\u1ebdm cay chi\u00ean gi\u00f2n t\u1ea1i Tandoor Vietnam. V\u1ecb cay n\u1ed3ng h\u00f2a quy\u1ec7n v\u1edbi l\u1edbp v\u1ecf gi\u00f2n tan, m\u00f3n khai v\u1ecb h\u1ea5p d\u1eabn kh\u00f4ng th\u1ec3 b\u1ecf qua.\" \/>\n<meta property=\"og:url\" content=\"https:\/\/tandoorvietnam.com\/vi\/sanpham\/cac-mon-khai-vi\/ca-chem-cay-chien-gion\/\" \/>\n<meta property=\"og:site_name\" content=\"Tandoor Vi\u1ec7t Nam\" \/>\n<meta property=\"article:publisher\" content=\"https:\/\/www.facebook.com\/tandoor.hcmc\/\" \/>\n<meta property=\"article:modified_time\" content=\"2023-05-15T10:34:16+00:00\" \/>\n<meta property=\"og:image\" content=\"https:\/\/tandoorvietnam.com\/wp-content\/uploads\/2020\/06\/Fish-pakora.jpg\" \/>\n\t<meta property=\"og:image:width\" content=\"800\" \/>\n\t<meta property=\"og:image:height\" content=\"533\" \/>\n\t<meta property=\"og:image:type\" content=\"image\/jpeg\" \/>\n<meta name=\"twitter:card\" content=\"summary_large_image\" \/>\n<meta name=\"twitter:label1\" content=\"Est. reading time\" \/>\n\t<meta name=\"twitter:data1\" content=\"2 minutes\" \/>\n<script type=\"application\/ld+json\" class=\"yoast-schema-graph\">{\"@context\":\"https:\\\/\\\/schema.org\",\"@graph\":[{\"@type\":\"WebPage\",\"@id\":\"https:\\\/\\\/tandoorvietnam.com\\\/vi\\\/sanpham\\\/cac-mon-khai-vi\\\/ca-chem-cay-chien-gion\\\/\",\"url\":\"https:\\\/\\\/tandoorvietnam.com\\\/vi\\\/sanpham\\\/cac-mon-khai-vi\\\/ca-chem-cay-chien-gion\\\/\",\"name\":\"Fish Pakora (C\u00c1 CH\u1ebcM CAY CHI\u00caN GI\u00d2N) - Tandoor Vi\u1ec7t Nam\",\"isPartOf\":{\"@id\":\"https:\\\/\\\/tandoorvietnam.com\\\/vi\\\/#website\"},\"primaryImageOfPage\":{\"@id\":\"https:\\\/\\\/tandoorvietnam.com\\\/vi\\\/sanpham\\\/cac-mon-khai-vi\\\/ca-chem-cay-chien-gion\\\/#primaryimage\"},\"image\":{\"@id\":\"https:\\\/\\\/tandoorvietnam.com\\\/vi\\\/sanpham\\\/cac-mon-khai-vi\\\/ca-chem-cay-chien-gion\\\/#primaryimage\"},\"thumbnailUrl\":\"https:\\\/\\\/tandoorvietnam.com\\\/wp-content\\\/uploads\\\/2020\\\/06\\\/Fish-pakora.jpg\",\"datePublished\":\"2020-06-26T11:37:28+00:00\",\"dateModified\":\"2023-05-15T10:34:16+00:00\",\"description\":\"C\u00e1 ch\u1ebdm cay chi\u00ean gi\u00f2n t\u1ea1i Tandoor Vietnam. V\u1ecb cay n\u1ed3ng h\u00f2a quy\u1ec7n v\u1edbi l\u1edbp v\u1ecf gi\u00f2n tan, m\u00f3n khai v\u1ecb h\u1ea5p d\u1eabn kh\u00f4ng th\u1ec3 b\u1ecf qua.\",\"breadcrumb\":{\"@id\":\"https:\\\/\\\/tandoorvietnam.com\\\/vi\\\/sanpham\\\/cac-mon-khai-vi\\\/ca-chem-cay-chien-gion\\\/#breadcrumb\"},\"inLanguage\":\"vi-VN\",\"potentialAction\":[{\"@type\":\"ReadAction\",\"target\":[\"https:\\\/\\\/tandoorvietnam.com\\\/vi\\\/sanpham\\\/cac-mon-khai-vi\\\/ca-chem-cay-chien-gion\\\/\"]}]},{\"@type\":\"ImageObject\",\"inLanguage\":\"vi-VN\",\"@id\":\"https:\\\/\\\/tandoorvietnam.com\\\/vi\\\/sanpham\\\/cac-mon-khai-vi\\\/ca-chem-cay-chien-gion\\\/#primaryimage\",\"url\":\"https:\\\/\\\/tandoorvietnam.com\\\/wp-content\\\/uploads\\\/2020\\\/06\\\/Fish-pakora.jpg\",\"contentUrl\":\"https:\\\/\\\/tandoorvietnam.com\\\/wp-content\\\/uploads\\\/2020\\\/06\\\/Fish-pakora.jpg\",\"width\":800,\"height\":533,\"caption\":\"C\u00c1 CH\u1ebcM CAY CHI\u00caN GI\u00d2N\"},{\"@type\":\"BreadcrumbList\",\"@id\":\"https:\\\/\\\/tandoorvietnam.com\\\/vi\\\/sanpham\\\/cac-mon-khai-vi\\\/ca-chem-cay-chien-gion\\\/#breadcrumb\",\"itemListElement\":[{\"@type\":\"ListItem\",\"position\":1,\"name\":\"Trang Ch\u1ee7\",\"item\":\"https:\\\/\\\/tandoorvietnam.com\\\/vi\\\/\"},{\"@type\":\"ListItem\",\"position\":2,\"name\":\"Shop\",\"item\":\"https:\\\/\\\/tandoorvietnam.com\\\/shop\\\/\"},{\"@type\":\"ListItem\",\"position\":3,\"name\":\"Fish Pakora (C\u00c1 CH\u1ebcM CAY CHI\u00caN GI\u00d2N)\"}]},{\"@type\":\"WebSite\",\"@id\":\"https:\\\/\\\/tandoorvietnam.com\\\/vi\\\/#website\",\"url\":\"https:\\\/\\\/tandoorvietnam.com\\\/vi\\\/\",\"name\":\"Tandoor Vietnam\",\"description\":\"Nh\u00e0 h\u00e0ng ngon h\u1ed3 ch\u00ed minh\",\"publisher\":{\"@id\":\"https:\\\/\\\/tandoorvietnam.com\\\/vi\\\/#organization\"},\"potentialAction\":[{\"@type\":\"SearchAction\",\"target\":{\"@type\":\"EntryPoint\",\"urlTemplate\":\"https:\\\/\\\/tandoorvietnam.com\\\/vi\\\/?s={search_term_string}\"},\"query-input\":{\"@type\":\"PropertyValueSpecification\",\"valueRequired\":true,\"valueName\":\"search_term_string\"}}],\"inLanguage\":\"vi-VN\"},{\"@type\":\"Organization\",\"@id\":\"https:\\\/\\\/tandoorvietnam.com\\\/vi\\\/#organization\",\"name\":\"Tandoor Vietnam\",\"url\":\"https:\\\/\\\/tandoorvietnam.com\\\/vi\\\/\",\"logo\":{\"@type\":\"ImageObject\",\"inLanguage\":\"vi-VN\",\"@id\":\"https:\\\/\\\/tandoorvietnam.com\\\/vi\\\/#\\\/schema\\\/logo\\\/image\\\/\",\"url\":\"https:\\\/\\\/tandoorvietnam.com\\\/wp-content\\\/uploads\\\/2020\\\/07\\\/logo.png\",\"contentUrl\":\"https:\\\/\\\/tandoorvietnam.com\\\/wp-content\\\/uploads\\\/2020\\\/07\\\/logo.png\",\"width\":133,\"height\":75,\"caption\":\"Tandoor Vietnam\"},\"image\":{\"@id\":\"https:\\\/\\\/tandoorvietnam.com\\\/vi\\\/#\\\/schema\\\/logo\\\/image\\\/\"},\"sameAs\":[\"https:\\\/\\\/www.facebook.com\\\/tandoor.hcmc\\\/\"]}]}<\/script>\n<!-- \/ Yoast SEO Premium plugin. -->","yoast_head_json":{"title":"Fish Pakora (C\u00c1 CH\u1ebcM CAY CHI\u00caN GI\u00d2N) - Tandoor Vi\u1ec7t Nam","description":"C\u00e1 ch\u1ebdm cay chi\u00ean gi\u00f2n t\u1ea1i Tandoor Vietnam. V\u1ecb cay n\u1ed3ng h\u00f2a quy\u1ec7n v\u1edbi l\u1edbp v\u1ecf gi\u00f2n tan, m\u00f3n khai v\u1ecb h\u1ea5p d\u1eabn kh\u00f4ng th\u1ec3 b\u1ecf qua.","robots":{"index":"index","follow":"follow","max-snippet":"max-snippet:-1","max-image-preview":"max-image-preview:large","max-video-preview":"max-video-preview:-1"},"canonical":"https:\/\/tandoorvietnam.com\/vi\/sanpham\/cac-mon-khai-vi\/ca-chem-cay-chien-gion\/","og_locale":"vi_VN","og_type":"article","og_title":"Fish Pakora (C\u00c1 CH\u1ebcM CAY CHI\u00caN GI\u00d2N)","og_description":"C\u00e1 ch\u1ebdm cay chi\u00ean gi\u00f2n t\u1ea1i Tandoor Vietnam. V\u1ecb cay n\u1ed3ng h\u00f2a quy\u1ec7n v\u1edbi l\u1edbp v\u1ecf gi\u00f2n tan, m\u00f3n khai v\u1ecb h\u1ea5p d\u1eabn kh\u00f4ng th\u1ec3 b\u1ecf qua.","og_url":"https:\/\/tandoorvietnam.com\/vi\/sanpham\/cac-mon-khai-vi\/ca-chem-cay-chien-gion\/","og_site_name":"Tandoor Vi\u1ec7t Nam","article_publisher":"https:\/\/www.facebook.com\/tandoor.hcmc\/","article_modified_time":"2023-05-15T10:34:16+00:00","og_image":[{"width":800,"height":533,"url":"https:\/\/tandoorvietnam.com\/wp-content\/uploads\/2020\/06\/Fish-pakora.jpg","type":"image\/jpeg"}],"twitter_card":"summary_large_image","twitter_misc":{"Est. reading time":"2 minutes"},"schema":{"@context":"https:\/\/schema.org","@graph":[{"@type":"WebPage","@id":"https:\/\/tandoorvietnam.com\/vi\/sanpham\/cac-mon-khai-vi\/ca-chem-cay-chien-gion\/","url":"https:\/\/tandoorvietnam.com\/vi\/sanpham\/cac-mon-khai-vi\/ca-chem-cay-chien-gion\/","name":"Fish Pakora (C\u00c1 CH\u1ebcM CAY CHI\u00caN GI\u00d2N) - Tandoor Vi\u1ec7t Nam","isPartOf":{"@id":"https:\/\/tandoorvietnam.com\/vi\/#website"},"primaryImageOfPage":{"@id":"https:\/\/tandoorvietnam.com\/vi\/sanpham\/cac-mon-khai-vi\/ca-chem-cay-chien-gion\/#primaryimage"},"image":{"@id":"https:\/\/tandoorvietnam.com\/vi\/sanpham\/cac-mon-khai-vi\/ca-chem-cay-chien-gion\/#primaryimage"},"thumbnailUrl":"https:\/\/tandoorvietnam.com\/wp-content\/uploads\/2020\/06\/Fish-pakora.jpg","datePublished":"2020-06-26T11:37:28+00:00","dateModified":"2023-05-15T10:34:16+00:00","description":"C\u00e1 ch\u1ebdm cay chi\u00ean gi\u00f2n t\u1ea1i Tandoor Vietnam. V\u1ecb cay n\u1ed3ng h\u00f2a quy\u1ec7n v\u1edbi l\u1edbp v\u1ecf gi\u00f2n tan, m\u00f3n khai v\u1ecb h\u1ea5p d\u1eabn kh\u00f4ng th\u1ec3 b\u1ecf qua.","breadcrumb":{"@id":"https:\/\/tandoorvietnam.com\/vi\/sanpham\/cac-mon-khai-vi\/ca-chem-cay-chien-gion\/#breadcrumb"},"inLanguage":"vi-VN","potentialAction":[{"@type":"ReadAction","target":["https:\/\/tandoorvietnam.com\/vi\/sanpham\/cac-mon-khai-vi\/ca-chem-cay-chien-gion\/"]}]},{"@type":"ImageObject","inLanguage":"vi-VN","@id":"https:\/\/tandoorvietnam.com\/vi\/sanpham\/cac-mon-khai-vi\/ca-chem-cay-chien-gion\/#primaryimage","url":"https:\/\/tandoorvietnam.com\/wp-content\/uploads\/2020\/06\/Fish-pakora.jpg","contentUrl":"https:\/\/tandoorvietnam.com\/wp-content\/uploads\/2020\/06\/Fish-pakora.jpg","width":800,"height":533,"caption":"C\u00c1 CH\u1ebcM CAY CHI\u00caN GI\u00d2N"},{"@type":"BreadcrumbList","@id":"https:\/\/tandoorvietnam.com\/vi\/sanpham\/cac-mon-khai-vi\/ca-chem-cay-chien-gion\/#breadcrumb","itemListElement":[{"@type":"ListItem","position":1,"name":"Trang Ch\u1ee7","item":"https:\/\/tandoorvietnam.com\/vi\/"},{"@type":"ListItem","position":2,"name":"Shop","item":"https:\/\/tandoorvietnam.com\/shop\/"},{"@type":"ListItem","position":3,"name":"Fish Pakora (C\u00c1 CH\u1ebcM CAY CHI\u00caN GI\u00d2N)"}]},{"@type":"WebSite","@id":"https:\/\/tandoorvietnam.com\/vi\/#website","url":"https:\/\/tandoorvietnam.com\/vi\/","name":"Tandoor Vietnam","description":"Nh\u00e0 h\u00e0ng ngon h\u1ed3 ch\u00ed minh","publisher":{"@id":"https:\/\/tandoorvietnam.com\/vi\/#organization"},"potentialAction":[{"@type":"SearchAction","target":{"@type":"EntryPoint","urlTemplate":"https:\/\/tandoorvietnam.com\/vi\/?s={search_term_string}"},"query-input":{"@type":"PropertyValueSpecification","valueRequired":true,"valueName":"search_term_string"}}],"inLanguage":"vi-VN"},{"@type":"Organization","@id":"https:\/\/tandoorvietnam.com\/vi\/#organization","name":"Tandoor Vietnam","url":"https:\/\/tandoorvietnam.com\/vi\/","logo":{"@type":"ImageObject","inLanguage":"vi-VN","@id":"https:\/\/tandoorvietnam.com\/vi\/#\/schema\/logo\/image\/","url":"https:\/\/tandoorvietnam.com\/wp-content\/uploads\/2020\/07\/logo.png","contentUrl":"https:\/\/tandoorvietnam.com\/wp-content\/uploads\/2020\/07\/logo.png","width":133,"height":75,"caption":"Tandoor Vietnam"},"image":{"@id":"https:\/\/tandoorvietnam.com\/vi\/#\/schema\/logo\/image\/"},"sameAs":["https:\/\/www.facebook.com\/tandoor.hcmc\/"]}]}},"_links":{"self":[{"href":"https:\/\/tandoorvietnam.com\/vi\/wp-json\/wp\/v2\/product\/2927","targetHints":{"allow":["GET"]}}],"collection":[{"href":"https:\/\/tandoorvietnam.com\/vi\/wp-json\/wp\/v2\/product"}],"about":[{"href":"https:\/\/tandoorvietnam.com\/vi\/wp-json\/wp\/v2\/types\/product"}],"wp:featuredmedia":[{"embeddable":true,"href":"https:\/\/tandoorvietnam.com\/vi\/wp-json\/wp\/v2\/media\/2928"}],"wp:attachment":[{"href":"https:\/\/tandoorvietnam.com\/vi\/wp-json\/wp\/v2\/media?parent=2927"}],"wp:term":[{"taxonomy":"product_brand","embeddable":true,"href":"https:\/\/tandoorvietnam.com\/vi\/wp-json\/wp\/v2\/product_brand?post=2927"},{"taxonomy":"product_cat","embeddable":true,"href":"https:\/\/tandoorvietnam.com\/vi\/wp-json\/wp\/v2\/product_cat?post=2927"},{"taxonomy":"product_tag","embeddable":true,"href":"https:\/\/tandoorvietnam.com\/vi\/wp-json\/wp\/v2\/product_tag?post=2927"}],"curies":[{"name":"wp","href":"https:\/\/api.w.org\/{rel}","templated":true}]}}