{"id":2929,"date":"2020-06-16T14:23:05","date_gmt":"2020-06-16T14:23:05","guid":{"rendered":"http:\/\/tandoorvietnam.com\/product\/uncategorized\/sup-lo-xao-kho-cay\/"},"modified":"2025-10-16T17:21:33","modified_gmt":"2025-10-16T10:21:33","slug":"sup-lo-xao-kho-cay","status":"publish","type":"product","link":"https:\/\/tandoorvietnam.com\/vi\/sanpham\/cac-mon-khai-vi\/sup-lo-xao-kho-cay\/","title":{"rendered":"S\u00daP L\u01a0 X\u00c0O KH\u00d4 CAY"},"content":{"rendered":"<p>S\u00fap L\u01a1 X\u00e0o Kh\u00f4 Cay l\u00e0 m\u1ed9t m\u00f3n khai v\u1ecb \u0111\u1ed9c \u0111\u00e1o v\u00e0 h\u1ea5p d\u1eabn trong th\u1ef1c \u0111\u01a1n c\u1ee7a Tandoor Vietnam. Ch\u00fang t\u00f4i s\u1eed d\u1ee5ng l\u01a1 t\u01b0\u01a1i v\u00e0 c\u00e1c lo\u1ea1i gia v\u1ecb \u0111\u1eb7c tr\u01b0ng \u0111\u1ec3 t\u1ea1o ra m\u1ed9t m\u00f3n s\u00fap \u0111\u1eadm \u0111\u00e0 v\u00e0 h\u01b0\u01a1ng v\u1ecb cay n\u1ed3ng.<\/p>\n<p>L\u01a1 \u0111\u01b0\u1ee3c x\u00e0o kh\u00f4 t\u1edbi khi m\u1ec1m v\u00e0 gi\u1eef \u0111\u01b0\u1ee3c \u0111\u1ed9 t\u01b0\u01a1i ngon c\u1ee7a n\u00f3. Ch\u00fang t\u00f4i s\u1eed d\u1ee5ng c\u00e1c lo\u1ea1i gia v\u1ecb \u0111\u1eb7c bi\u1ec7t, bao g\u1ed3m ti\u00eau, \u1edbt, h\u00e0nh v\u00e0 c\u00e1c lo\u1ea1i gia v\u1ecb b\u00ed truy\u1ec1n c\u1ee7a \u1ea4n \u0110\u1ed9, \u0111\u1ec3 t\u1ea1o ra h\u01b0\u01a1ng v\u1ecb cay n\u1ed3ng \u0111\u1eb7c tr\u01b0ng. S\u1ef1 k\u1ebft h\u1ee3p gi\u1eefa l\u01a1 t\u01b0\u01a1i v\u00e0 h\u01b0\u01a1ng v\u1ecb cay t\u1ea1o ra m\u1ed9t tr\u1ea3i nghi\u1ec7m \u1ea9m th\u1ef1c \u0111\u1ed9c \u0111\u00e1o v\u00e0 h\u1ea5p d\u1eabn.<\/p>\n<p>S\u00fap L\u01a1 X\u00e0o Kh\u00f4 Cay l\u00e0 m\u1ed9t m\u00f3n khai v\u1ecb tuy\u1ec7t v\u1eddi \u0111\u1ec3 kh\u1edfi \u0111\u1ea7u b\u1eefa \u0103n t\u1ea1i Tandoor Vietnam. H\u01b0\u01a1ng v\u1ecb \u0111\u1eadm \u0111\u00e0 v\u00e0 cay n\u1ed3ng c\u1ee7a m\u00f3n s\u00fap n\u00e0y s\u1ebd k\u00edch th\u00edch v\u1ecb gi\u00e1c c\u1ee7a b\u1ea1n v\u00e0 chu\u1ea9n b\u1ecb cho nh\u1eefng m\u00f3n ch\u00ednh v\u00e0 tr\u00e1ng mi\u1ec7ng s\u1eafp t\u1edbi.<\/p>\n<p>Ch\u00fang t\u00f4i cam k\u1ebft s\u1eed d\u1ee5ng nguy\u00ean li\u1ec7u t\u01b0\u01a1i ngon v\u00e0 ch\u1ebf bi\u1ebfn tinh t\u1ebf \u0111\u1ec3 \u0111\u1ea3m b\u1ea3o ch\u1ea5t l\u01b0\u1ee3ng c\u1ee7a m\u00f3n \u0103n. S\u00fap L\u01a1 X\u00e0o Kh\u00f4 Cay \u0111\u01b0\u1ee3c ch\u1ebf bi\u1ebfn theo c\u00e1ch ri\u00eang bi\u1ec7t \u0111\u1ec3 t\u1ea1o ra h\u01b0\u01a1ng v\u1ecb \u0111\u1ed9c \u0111\u00e1o v\u00e0 tinh t\u1ebf nh\u1ea5t.<\/p>\n<p>H\u00e3y th\u01b0\u1edfng th\u1ee9c Gobi 65 t\u1ea1i <a href=\"https:\/\/tandoorvietnam.com\/vi\/\">nh\u00e0 h\u00e0ng Tandoor Vietnam<\/a> v\u00e0 kh\u00e1m ph\u00e1 h\u01b0\u01a1ng v\u1ecb \u0111\u1ed9c \u0111\u00e1o c\u1ee7a m\u00f3n khai v\u1ecb n\u00e0y. B\u1ea1n s\u1ebd \u0111\u01b0\u1ee3c tr\u1ea3i nghi\u1ec7m m\u1ed9t s\u1ef1 k\u1ebft h\u1ee3p tuy\u1ec7t v\u1eddi gi\u1eefa h\u01b0\u01a1ng v\u1ecb cay n\u1ed3ng v\u00e0 \u0111\u1ed9 m\u1ec1m m\u1ecbn c\u1ee7a l\u01a1, t\u1ea1o n\u00ean m\u1ed9t tr\u1ea3i nghi\u1ec7m \u1ea9m th\u1ef1c \u0111\u1ed9c \u0111\u00e1o v\u00e0 th\u00fa v\u1ecb.<\/p>\n","protected":false},"excerpt":{"rendered":"<table width=\"723\">\n<tbody>\n<tr>\n<td width=\"412\">S\u00fap l\u01a1 m\u1ec1m cay (12 mi\u1ebfng)<\/td>\n<\/tr>\n<tr>\n<td width=\"412\">\n    <em>S\u00fap l\u01a1 x\u1eaft vu\u00f4ng xoa gia v\u1ecb cay kh\u00f4 v\u1edbi s\u1eefa chua v\u00e0 l\u00e1 cari<\/em>\n  <\/td>\n<\/tr>\n<\/tbody>\n<\/table>\n","protected":false},"featured_media":2930,"template":"","meta":[],"product_brand":[],"product_cat":[213],"product_tag":[],"class_list":{"0":"post-2929","1":"product","2":"type-product","3":"status-publish","4":"has-post-thumbnail","6":"product_cat-cac-mon-khai-vi","8":"first","9":"instock","10":"taxable","11":"shipping-taxable","12":"purchasable","13":"product-type-simple"},"yoast_head":"<!-- This site is optimized with the Yoast SEO Premium plugin v22.3 (Yoast SEO v27.5) - https:\/\/yoast.com\/product\/yoast-seo-premium-wordpress\/ -->\n<title>S\u00daP L\u01a0 X\u00c0O KH\u00d4 CAY - Tandoor Vi\u1ec7t Nam<\/title>\n<meta name=\"description\" content=\"S\u00fap L\u01a1 X\u00e0o Kh\u00f4 Cay - M\u1ed9t m\u00f3n khai v\u1ecb \u0111\u1ed9c \u0111\u00e1o v\u1edbi l\u01a1 x\u00e0o kh\u00f4 cay h\u1ea5p d\u1eabn t\u1ea1i Tandoor Vietnam. Kh\u00e1m ph\u00e1 h\u01b0\u01a1ng v\u1ecb \u0111\u1ed9c \u0111\u00e1o c\u1ee7a m\u00f3n n\u00e0y ngay!\" \/>\n<meta name=\"robots\" content=\"index, follow, max-snippet:-1, max-image-preview:large, max-video-preview:-1\" \/>\n<link rel=\"canonical\" href=\"https:\/\/tandoorvietnam.com\/vi\/sanpham\/cac-mon-khai-vi\/sup-lo-xao-kho-cay\/\" \/>\n<meta property=\"og:locale\" content=\"vi_VN\" \/>\n<meta property=\"og:type\" content=\"article\" \/>\n<meta property=\"og:title\" content=\"S\u00daP L\u01a0 X\u00c0O KH\u00d4 CAY\" \/>\n<meta property=\"og:description\" content=\"S\u00fap L\u01a1 X\u00e0o Kh\u00f4 Cay - M\u1ed9t m\u00f3n khai v\u1ecb \u0111\u1ed9c \u0111\u00e1o v\u1edbi l\u01a1 x\u00e0o kh\u00f4 cay h\u1ea5p d\u1eabn t\u1ea1i Tandoor Vietnam. Kh\u00e1m ph\u00e1 h\u01b0\u01a1ng v\u1ecb \u0111\u1ed9c \u0111\u00e1o c\u1ee7a m\u00f3n n\u00e0y ngay!\" \/>\n<meta property=\"og:url\" content=\"https:\/\/tandoorvietnam.com\/vi\/sanpham\/cac-mon-khai-vi\/sup-lo-xao-kho-cay\/\" \/>\n<meta property=\"og:site_name\" content=\"Tandoor Vi\u1ec7t Nam\" \/>\n<meta property=\"article:publisher\" content=\"https:\/\/www.facebook.com\/tandoor.hcmc\/\" \/>\n<meta property=\"article:modified_time\" content=\"2025-10-16T10:21:33+00:00\" \/>\n<meta property=\"og:image\" content=\"https:\/\/tandoorvietnam.com\/wp-content\/uploads\/2020\/06\/Gobi-65.jpg\" \/>\n\t<meta property=\"og:image:width\" content=\"1400\" \/>\n\t<meta property=\"og:image:height\" content=\"933\" \/>\n\t<meta property=\"og:image:type\" content=\"image\/jpeg\" \/>\n<meta name=\"twitter:card\" content=\"summary_large_image\" \/>\n<meta name=\"twitter:label1\" content=\"Est. reading time\" \/>\n\t<meta name=\"twitter:data1\" content=\"2 minutes\" \/>\n<script type=\"application\/ld+json\" class=\"yoast-schema-graph\">{\"@context\":\"https:\\\/\\\/schema.org\",\"@graph\":[{\"@type\":\"WebPage\",\"@id\":\"https:\\\/\\\/tandoorvietnam.com\\\/vi\\\/sanpham\\\/cac-mon-khai-vi\\\/sup-lo-xao-kho-cay\\\/\",\"url\":\"https:\\\/\\\/tandoorvietnam.com\\\/vi\\\/sanpham\\\/cac-mon-khai-vi\\\/sup-lo-xao-kho-cay\\\/\",\"name\":\"S\u00daP L\u01a0 X\u00c0O KH\u00d4 CAY - Tandoor Vi\u1ec7t Nam\",\"isPartOf\":{\"@id\":\"https:\\\/\\\/tandoorvietnam.com\\\/vi\\\/#website\"},\"primaryImageOfPage\":{\"@id\":\"https:\\\/\\\/tandoorvietnam.com\\\/vi\\\/sanpham\\\/cac-mon-khai-vi\\\/sup-lo-xao-kho-cay\\\/#primaryimage\"},\"image\":{\"@id\":\"https:\\\/\\\/tandoorvietnam.com\\\/vi\\\/sanpham\\\/cac-mon-khai-vi\\\/sup-lo-xao-kho-cay\\\/#primaryimage\"},\"thumbnailUrl\":\"https:\\\/\\\/tandoorvietnam.com\\\/wp-content\\\/uploads\\\/2020\\\/06\\\/Gobi-65.jpg\",\"datePublished\":\"2020-06-16T14:23:05+00:00\",\"dateModified\":\"2025-10-16T10:21:33+00:00\",\"description\":\"S\u00fap L\u01a1 X\u00e0o Kh\u00f4 Cay - M\u1ed9t m\u00f3n khai v\u1ecb \u0111\u1ed9c \u0111\u00e1o v\u1edbi l\u01a1 x\u00e0o kh\u00f4 cay h\u1ea5p d\u1eabn t\u1ea1i Tandoor Vietnam. Kh\u00e1m ph\u00e1 h\u01b0\u01a1ng v\u1ecb \u0111\u1ed9c \u0111\u00e1o c\u1ee7a m\u00f3n n\u00e0y ngay!\",\"breadcrumb\":{\"@id\":\"https:\\\/\\\/tandoorvietnam.com\\\/vi\\\/sanpham\\\/cac-mon-khai-vi\\\/sup-lo-xao-kho-cay\\\/#breadcrumb\"},\"inLanguage\":\"vi-VN\",\"potentialAction\":[{\"@type\":\"ReadAction\",\"target\":[\"https:\\\/\\\/tandoorvietnam.com\\\/vi\\\/sanpham\\\/cac-mon-khai-vi\\\/sup-lo-xao-kho-cay\\\/\"]}]},{\"@type\":\"ImageObject\",\"inLanguage\":\"vi-VN\",\"@id\":\"https:\\\/\\\/tandoorvietnam.com\\\/vi\\\/sanpham\\\/cac-mon-khai-vi\\\/sup-lo-xao-kho-cay\\\/#primaryimage\",\"url\":\"https:\\\/\\\/tandoorvietnam.com\\\/wp-content\\\/uploads\\\/2020\\\/06\\\/Gobi-65.jpg\",\"contentUrl\":\"https:\\\/\\\/tandoorvietnam.com\\\/wp-content\\\/uploads\\\/2020\\\/06\\\/Gobi-65.jpg\",\"width\":1400,\"height\":933,\"caption\":\"S\u00daP L\u01a0 X\u00c0O KH\u00d4 CAY\"},{\"@type\":\"BreadcrumbList\",\"@id\":\"https:\\\/\\\/tandoorvietnam.com\\\/vi\\\/sanpham\\\/cac-mon-khai-vi\\\/sup-lo-xao-kho-cay\\\/#breadcrumb\",\"itemListElement\":[{\"@type\":\"ListItem\",\"position\":1,\"name\":\"Trang Ch\u1ee7\",\"item\":\"https:\\\/\\\/tandoorvietnam.com\\\/vi\\\/\"},{\"@type\":\"ListItem\",\"position\":2,\"name\":\"Shop\",\"item\":\"https:\\\/\\\/tandoorvietnam.com\\\/shop\\\/\"},{\"@type\":\"ListItem\",\"position\":3,\"name\":\"S\u00daP L\u01a0 X\u00c0O KH\u00d4 CAY\"}]},{\"@type\":\"WebSite\",\"@id\":\"https:\\\/\\\/tandoorvietnam.com\\\/vi\\\/#website\",\"url\":\"https:\\\/\\\/tandoorvietnam.com\\\/vi\\\/\",\"name\":\"Tandoor Vietnam\",\"description\":\"Nh\u00e0 h\u00e0ng ngon h\u1ed3 ch\u00ed minh\",\"publisher\":{\"@id\":\"https:\\\/\\\/tandoorvietnam.com\\\/vi\\\/#organization\"},\"potentialAction\":[{\"@type\":\"SearchAction\",\"target\":{\"@type\":\"EntryPoint\",\"urlTemplate\":\"https:\\\/\\\/tandoorvietnam.com\\\/vi\\\/?s={search_term_string}\"},\"query-input\":{\"@type\":\"PropertyValueSpecification\",\"valueRequired\":true,\"valueName\":\"search_term_string\"}}],\"inLanguage\":\"vi-VN\"},{\"@type\":\"Organization\",\"@id\":\"https:\\\/\\\/tandoorvietnam.com\\\/vi\\\/#organization\",\"name\":\"Tandoor Vietnam\",\"url\":\"https:\\\/\\\/tandoorvietnam.com\\\/vi\\\/\",\"logo\":{\"@type\":\"ImageObject\",\"inLanguage\":\"vi-VN\",\"@id\":\"https:\\\/\\\/tandoorvietnam.com\\\/vi\\\/#\\\/schema\\\/logo\\\/image\\\/\",\"url\":\"https:\\\/\\\/tandoorvietnam.com\\\/wp-content\\\/uploads\\\/2020\\\/07\\\/logo.png\",\"contentUrl\":\"https:\\\/\\\/tandoorvietnam.com\\\/wp-content\\\/uploads\\\/2020\\\/07\\\/logo.png\",\"width\":133,\"height\":75,\"caption\":\"Tandoor Vietnam\"},\"image\":{\"@id\":\"https:\\\/\\\/tandoorvietnam.com\\\/vi\\\/#\\\/schema\\\/logo\\\/image\\\/\"},\"sameAs\":[\"https:\\\/\\\/www.facebook.com\\\/tandoor.hcmc\\\/\"]}]}<\/script>\n<!-- \/ Yoast SEO Premium plugin. -->","yoast_head_json":{"title":"S\u00daP L\u01a0 X\u00c0O KH\u00d4 CAY - Tandoor Vi\u1ec7t Nam","description":"S\u00fap L\u01a1 X\u00e0o Kh\u00f4 Cay - M\u1ed9t m\u00f3n khai v\u1ecb \u0111\u1ed9c \u0111\u00e1o v\u1edbi l\u01a1 x\u00e0o kh\u00f4 cay h\u1ea5p d\u1eabn t\u1ea1i Tandoor Vietnam. Kh\u00e1m ph\u00e1 h\u01b0\u01a1ng v\u1ecb \u0111\u1ed9c \u0111\u00e1o c\u1ee7a m\u00f3n n\u00e0y ngay!","robots":{"index":"index","follow":"follow","max-snippet":"max-snippet:-1","max-image-preview":"max-image-preview:large","max-video-preview":"max-video-preview:-1"},"canonical":"https:\/\/tandoorvietnam.com\/vi\/sanpham\/cac-mon-khai-vi\/sup-lo-xao-kho-cay\/","og_locale":"vi_VN","og_type":"article","og_title":"S\u00daP L\u01a0 X\u00c0O KH\u00d4 CAY","og_description":"S\u00fap L\u01a1 X\u00e0o Kh\u00f4 Cay - M\u1ed9t m\u00f3n khai v\u1ecb \u0111\u1ed9c \u0111\u00e1o v\u1edbi l\u01a1 x\u00e0o kh\u00f4 cay h\u1ea5p d\u1eabn t\u1ea1i Tandoor Vietnam. Kh\u00e1m ph\u00e1 h\u01b0\u01a1ng v\u1ecb \u0111\u1ed9c \u0111\u00e1o c\u1ee7a m\u00f3n n\u00e0y ngay!","og_url":"https:\/\/tandoorvietnam.com\/vi\/sanpham\/cac-mon-khai-vi\/sup-lo-xao-kho-cay\/","og_site_name":"Tandoor Vi\u1ec7t Nam","article_publisher":"https:\/\/www.facebook.com\/tandoor.hcmc\/","article_modified_time":"2025-10-16T10:21:33+00:00","og_image":[{"width":1400,"height":933,"url":"https:\/\/tandoorvietnam.com\/wp-content\/uploads\/2020\/06\/Gobi-65.jpg","type":"image\/jpeg"}],"twitter_card":"summary_large_image","twitter_misc":{"Est. reading time":"2 minutes"},"schema":{"@context":"https:\/\/schema.org","@graph":[{"@type":"WebPage","@id":"https:\/\/tandoorvietnam.com\/vi\/sanpham\/cac-mon-khai-vi\/sup-lo-xao-kho-cay\/","url":"https:\/\/tandoorvietnam.com\/vi\/sanpham\/cac-mon-khai-vi\/sup-lo-xao-kho-cay\/","name":"S\u00daP L\u01a0 X\u00c0O KH\u00d4 CAY - Tandoor Vi\u1ec7t Nam","isPartOf":{"@id":"https:\/\/tandoorvietnam.com\/vi\/#website"},"primaryImageOfPage":{"@id":"https:\/\/tandoorvietnam.com\/vi\/sanpham\/cac-mon-khai-vi\/sup-lo-xao-kho-cay\/#primaryimage"},"image":{"@id":"https:\/\/tandoorvietnam.com\/vi\/sanpham\/cac-mon-khai-vi\/sup-lo-xao-kho-cay\/#primaryimage"},"thumbnailUrl":"https:\/\/tandoorvietnam.com\/wp-content\/uploads\/2020\/06\/Gobi-65.jpg","datePublished":"2020-06-16T14:23:05+00:00","dateModified":"2025-10-16T10:21:33+00:00","description":"S\u00fap L\u01a1 X\u00e0o Kh\u00f4 Cay - M\u1ed9t m\u00f3n khai v\u1ecb \u0111\u1ed9c \u0111\u00e1o v\u1edbi l\u01a1 x\u00e0o kh\u00f4 cay h\u1ea5p d\u1eabn t\u1ea1i Tandoor Vietnam. Kh\u00e1m ph\u00e1 h\u01b0\u01a1ng v\u1ecb \u0111\u1ed9c \u0111\u00e1o c\u1ee7a m\u00f3n n\u00e0y ngay!","breadcrumb":{"@id":"https:\/\/tandoorvietnam.com\/vi\/sanpham\/cac-mon-khai-vi\/sup-lo-xao-kho-cay\/#breadcrumb"},"inLanguage":"vi-VN","potentialAction":[{"@type":"ReadAction","target":["https:\/\/tandoorvietnam.com\/vi\/sanpham\/cac-mon-khai-vi\/sup-lo-xao-kho-cay\/"]}]},{"@type":"ImageObject","inLanguage":"vi-VN","@id":"https:\/\/tandoorvietnam.com\/vi\/sanpham\/cac-mon-khai-vi\/sup-lo-xao-kho-cay\/#primaryimage","url":"https:\/\/tandoorvietnam.com\/wp-content\/uploads\/2020\/06\/Gobi-65.jpg","contentUrl":"https:\/\/tandoorvietnam.com\/wp-content\/uploads\/2020\/06\/Gobi-65.jpg","width":1400,"height":933,"caption":"S\u00daP L\u01a0 X\u00c0O KH\u00d4 CAY"},{"@type":"BreadcrumbList","@id":"https:\/\/tandoorvietnam.com\/vi\/sanpham\/cac-mon-khai-vi\/sup-lo-xao-kho-cay\/#breadcrumb","itemListElement":[{"@type":"ListItem","position":1,"name":"Trang Ch\u1ee7","item":"https:\/\/tandoorvietnam.com\/vi\/"},{"@type":"ListItem","position":2,"name":"Shop","item":"https:\/\/tandoorvietnam.com\/shop\/"},{"@type":"ListItem","position":3,"name":"S\u00daP L\u01a0 X\u00c0O KH\u00d4 CAY"}]},{"@type":"WebSite","@id":"https:\/\/tandoorvietnam.com\/vi\/#website","url":"https:\/\/tandoorvietnam.com\/vi\/","name":"Tandoor Vietnam","description":"Nh\u00e0 h\u00e0ng ngon h\u1ed3 ch\u00ed minh","publisher":{"@id":"https:\/\/tandoorvietnam.com\/vi\/#organization"},"potentialAction":[{"@type":"SearchAction","target":{"@type":"EntryPoint","urlTemplate":"https:\/\/tandoorvietnam.com\/vi\/?s={search_term_string}"},"query-input":{"@type":"PropertyValueSpecification","valueRequired":true,"valueName":"search_term_string"}}],"inLanguage":"vi-VN"},{"@type":"Organization","@id":"https:\/\/tandoorvietnam.com\/vi\/#organization","name":"Tandoor Vietnam","url":"https:\/\/tandoorvietnam.com\/vi\/","logo":{"@type":"ImageObject","inLanguage":"vi-VN","@id":"https:\/\/tandoorvietnam.com\/vi\/#\/schema\/logo\/image\/","url":"https:\/\/tandoorvietnam.com\/wp-content\/uploads\/2020\/07\/logo.png","contentUrl":"https:\/\/tandoorvietnam.com\/wp-content\/uploads\/2020\/07\/logo.png","width":133,"height":75,"caption":"Tandoor Vietnam"},"image":{"@id":"https:\/\/tandoorvietnam.com\/vi\/#\/schema\/logo\/image\/"},"sameAs":["https:\/\/www.facebook.com\/tandoor.hcmc\/"]}]}},"_links":{"self":[{"href":"https:\/\/tandoorvietnam.com\/vi\/wp-json\/wp\/v2\/product\/2929","targetHints":{"allow":["GET"]}}],"collection":[{"href":"https:\/\/tandoorvietnam.com\/vi\/wp-json\/wp\/v2\/product"}],"about":[{"href":"https:\/\/tandoorvietnam.com\/vi\/wp-json\/wp\/v2\/types\/product"}],"wp:featuredmedia":[{"embeddable":true,"href":"https:\/\/tandoorvietnam.com\/vi\/wp-json\/wp\/v2\/media\/2930"}],"wp:attachment":[{"href":"https:\/\/tandoorvietnam.com\/vi\/wp-json\/wp\/v2\/media?parent=2929"}],"wp:term":[{"taxonomy":"product_brand","embeddable":true,"href":"https:\/\/tandoorvietnam.com\/vi\/wp-json\/wp\/v2\/product_brand?post=2929"},{"taxonomy":"product_cat","embeddable":true,"href":"https:\/\/tandoorvietnam.com\/vi\/wp-json\/wp\/v2\/product_cat?post=2929"},{"taxonomy":"product_tag","embeddable":true,"href":"https:\/\/tandoorvietnam.com\/vi\/wp-json\/wp\/v2\/product_tag?post=2929"}],"curies":[{"name":"wp","href":"https:\/\/api.w.org\/{rel}","templated":true}]}}