{"id":2931,"date":"2020-06-16T14:22:46","date_gmt":"2020-06-16T14:22:46","guid":{"rendered":"http:\/\/tandoorvietnam.com\/product\/uncategorized\/sup-lo-uop-hanh-ot-xao-kho-cay\/"},"modified":"2025-10-16T17:22:11","modified_gmt":"2025-10-16T10:22:11","slug":"sup-lo-uop-hanh-ot-xao-kho-cay","status":"publish","type":"product","link":"https:\/\/tandoorvietnam.com\/vi\/sanpham\/cac-mon-khai-vi\/sup-lo-uop-hanh-ot-xao-kho-cay\/","title":{"rendered":"Gobi Manchurian (S\u00daP L\u01a0 \u01af\u1edaP H\u00c0NH \u1edaT X\u00c0O KH\u00d4 CAY)"},"content":{"rendered":"<p>N\u1ebfu b\u1ea1n \u0111ang t\u00ecm ki\u1ebfm m\u1ed9t m\u00f3n khai v\u1ecb \u0111\u1ed9c \u0111\u00e1o v\u00e0 th\u00fa v\u1ecb \u0111\u1ec3 b\u1eaft \u0111\u1ea7u b\u1eefa \u0103n, s\u00fap l\u01a1 \u01b0\u1edbp h\u00e0nh \u1edbt x\u00e0o kh\u00f4 s\u1ebd l\u00e0 m\u1ed9t l\u1ef1a ch\u1ecdn tuy\u1ec7t v\u1eddi t\u1ea1i Tandoor Vietnam. \u0110\u01b0\u1ee3c ch\u1ebf bi\u1ebfn t\u1eeb nh\u1eefng nguy\u00ean li\u1ec7u t\u01b0\u01a1i ngon nh\u1ea5t, m\u00f3n x\u00fap n\u00e0y mang \u0111\u1ebfn cho th\u1ef1c kh\u00e1ch m\u1ed9t h\u01b0\u01a1ng v\u1ecb cay cay, \u0111\u1eb7c tr\u01b0ng c\u1ee7a \u1ea4n \u0110\u1ed9.<\/p>\n<p>S\u00fap l\u01a1 l\u00e0 nguy\u00ean li\u1ec7u ch\u00ednh c\u1ee7a m\u00f3n n\u00e0y, \u0111\u01b0\u1ee3c \u01b0\u1edbp v\u1edbi c\u00e1c gia v\u1ecb cay nh\u01b0 \u1edbt v\u00e0 h\u00e0nh, sau \u0111\u00f3 \u0111\u01b0\u1ee3c x\u00e0o kh\u00f4 \u0111\u1ec3 gi\u1eef nguy\u00ean h\u01b0\u01a1ng v\u1ecb v\u00e0 \u0111\u1ed9 gi\u00f2n. M\u00f3n \u0103n \u0111\u01b0\u1ee3c t\u1ea1o ra v\u1edbi s\u1ef1 k\u1ebft h\u1ee3p tuy\u1ec7t v\u1eddi c\u1ee7a c\u00e1c gia v\u1ecb v\u00e0 th\u1ef1c ph\u1ea9m, cho ph\u00e9p th\u1ef1c kh\u00e1ch c\u00f3 \u0111\u01b0\u1ee3c m\u1ed9t m\u00f3n \u0103n \u0111\u1ea7y \u0111\u1ee7 h\u01b0\u01a1ng v\u1ecb v\u00e0 v\u1ecb gi\u00f2n.<\/p>\n<p>\u0110\u1ec3 t\u0103ng th\u00eam h\u01b0\u01a1ng v\u1ecb v\u00e0 m\u00e0u s\u1eafc cho m\u00f3n x\u00fap l\u01a1, nh\u1eefng m\u1ea9u b\u00e1nh m\u00ec gi\u00f2n \u0111\u01b0\u1ee3c ch\u1ebf bi\u1ebfn c\u00f9ng v\u1edbi n\u00f3. Nh\u1eefng m\u1ea9u b\u00e1nh m\u00ec gi\u00f2n \u0111\u01b0\u1ee3c l\u00e0m t\u1eeb b\u1ed9t m\u00ec v\u00e0 t\u1ea9m \u01b0\u1edbp v\u1edbi c\u00e1c gia v\u1ecb \u0111\u1eb7c bi\u1ec7t, sau \u0111\u00f3 \u0111\u01b0\u1ee3c chi\u00ean gi\u00f2n \u0111\u1ec3 t\u1ea1o ra m\u1ed9t l\u1edbp v\u1ecf gi\u00f2n tan, k\u1ebft h\u1ee3p tuy\u1ec7t v\u1eddi v\u1edbi m\u00f3n x\u00fap.<\/p>\n<p>N\u1ebfu b\u1ea1n l\u00e0 ng\u01b0\u1eddi y\u00eau th\u00edch \u1ea9m th\u1ef1c \u1ea4n \u0110\u1ed9 v\u00e0 mu\u1ed1n th\u01b0\u1edfng th\u1ee9c m\u1ed9t m\u00f3n \u0103n \u0111\u1ed9c \u0111\u00e1o, s\u00fap l\u01a1 \u01b0\u1edbp h\u00e0nh \u1edbt x\u00e0o kh\u00f4 l\u00e0 m\u1ed9t l\u1ef1a ch\u1ecdn tuy\u1ec7t v\u1eddi. V\u1edbi h\u01b0\u01a1ng v\u1ecb cay cay, \u0111\u1eb7c tr\u01b0ng c\u1ee7a \u1ea4n \u0110\u1ed9, m\u00f3n \u0103n n\u00e0y s\u1ebd mang \u0111\u1ebfn cho b\u1ea1n m\u1ed9t tr\u1ea3i nghi\u1ec7m \u1ea9m th\u1ef1c tuy\u1ec7t v\u1eddi. H\u00e3y \u0111\u1ebfn <a href=\"https:\/\/tandoorvietnam.com\/vi\/\">nh\u00e0 h\u00e0ng Tandoor<\/a> v\u00e0 th\u01b0\u1edfng th\u1ee9c ngay h\u00f4m nay!<\/p>\n","protected":false},"excerpt":{"rendered":"<table width=\"723\">\n<tbody>\n<tr>\n<td width=\"412\">S\u00fap l\u01a1 m\u1ec1m cay (12 mi\u1ebfng)<\/td>\n<\/tr>\n<tr>\n<td width=\"412\">\n    <em>X\u00fap l\u01a1 t\u0103ng gia v\u1ecb cay gi\u00f3 kh\u00f4 v\u1edbi h\u00e0nh v\u00e0 \u1edbt<\/em>\n  <\/td>\n<\/tr>\n<\/tbody>\n<\/table>\n","protected":false},"featured_media":2932,"template":"","meta":[],"product_brand":[],"product_cat":[213],"product_tag":[],"class_list":{"0":"post-2931","1":"product","2":"type-product","3":"status-publish","4":"has-post-thumbnail","6":"product_cat-cac-mon-khai-vi","8":"first","9":"instock","10":"taxable","11":"shipping-taxable","12":"purchasable","13":"product-type-simple"},"yoast_head":"<!-- This site is optimized with the Yoast SEO Premium plugin v22.3 (Yoast SEO v27.4) - https:\/\/yoast.com\/product\/yoast-seo-premium-wordpress\/ -->\n<title>Gobi Manchurian (S\u00daP L\u01a0 \u01af\u1edaP H\u00c0NH \u1edaT X\u00c0O KH\u00d4 CAY)<\/title>\n<meta name=\"description\" content=\"T\u1eadn h\u01b0\u1edfng ngay m\u00f3n s\u00fap l\u01a1 \u01b0\u1edbp gia v\u1ecb cay x\u00e0o kh\u00f4 v\u1edbi h\u00e0nh v\u00e0 \u1edbt t\u1ea1i nh\u00e0 h\u00e0ng Tandoor Vietnam, m\u00f3n khai v\u1ecb \u0111\u1ed9c \u0111\u00e1o t\u1eeb \u1ea4n \u0110\u1ed9.\" \/>\n<meta name=\"robots\" content=\"index, follow, max-snippet:-1, max-image-preview:large, max-video-preview:-1\" \/>\n<link rel=\"canonical\" href=\"https:\/\/tandoorvietnam.com\/vi\/sanpham\/cac-mon-khai-vi\/sup-lo-uop-hanh-ot-xao-kho-cay\/\" \/>\n<meta property=\"og:locale\" content=\"vi_VN\" \/>\n<meta property=\"og:type\" content=\"article\" \/>\n<meta property=\"og:title\" content=\"Gobi Manchurian (S\u00daP L\u01a0 \u01af\u1edaP H\u00c0NH \u1edaT X\u00c0O KH\u00d4 CAY)\" \/>\n<meta property=\"og:description\" content=\"T\u1eadn h\u01b0\u1edfng ngay m\u00f3n s\u00fap l\u01a1 \u01b0\u1edbp gia v\u1ecb cay x\u00e0o kh\u00f4 v\u1edbi h\u00e0nh v\u00e0 \u1edbt t\u1ea1i nh\u00e0 h\u00e0ng Tandoor Vietnam, m\u00f3n khai v\u1ecb \u0111\u1ed9c \u0111\u00e1o t\u1eeb \u1ea4n \u0110\u1ed9.\" \/>\n<meta property=\"og:url\" content=\"https:\/\/tandoorvietnam.com\/vi\/sanpham\/cac-mon-khai-vi\/sup-lo-uop-hanh-ot-xao-kho-cay\/\" \/>\n<meta property=\"og:site_name\" content=\"Tandoor Vi\u1ec7t Nam\" \/>\n<meta property=\"article:publisher\" content=\"https:\/\/www.facebook.com\/tandoor.hcmc\/\" \/>\n<meta property=\"article:modified_time\" content=\"2025-10-16T10:22:11+00:00\" \/>\n<meta property=\"og:image\" content=\"https:\/\/tandoorvietnam.com\/wp-content\/uploads\/2020\/06\/Gobi-manchurian.jpg\" \/>\n\t<meta property=\"og:image:width\" content=\"1400\" \/>\n\t<meta property=\"og:image:height\" content=\"1400\" \/>\n\t<meta property=\"og:image:type\" content=\"image\/jpeg\" \/>\n<meta name=\"twitter:card\" content=\"summary_large_image\" \/>\n<meta name=\"twitter:label1\" content=\"Est. reading time\" \/>\n\t<meta name=\"twitter:data1\" content=\"2 minutes\" \/>\n<script type=\"application\/ld+json\" class=\"yoast-schema-graph\">{\"@context\":\"https:\\\/\\\/schema.org\",\"@graph\":[{\"@type\":\"WebPage\",\"@id\":\"https:\\\/\\\/tandoorvietnam.com\\\/vi\\\/sanpham\\\/cac-mon-khai-vi\\\/sup-lo-uop-hanh-ot-xao-kho-cay\\\/\",\"url\":\"https:\\\/\\\/tandoorvietnam.com\\\/vi\\\/sanpham\\\/cac-mon-khai-vi\\\/sup-lo-uop-hanh-ot-xao-kho-cay\\\/\",\"name\":\"Gobi Manchurian (S\u00daP L\u01a0 \u01af\u1edaP H\u00c0NH \u1edaT X\u00c0O KH\u00d4 CAY)\",\"isPartOf\":{\"@id\":\"https:\\\/\\\/tandoorvietnam.com\\\/vi\\\/#website\"},\"primaryImageOfPage\":{\"@id\":\"https:\\\/\\\/tandoorvietnam.com\\\/vi\\\/sanpham\\\/cac-mon-khai-vi\\\/sup-lo-uop-hanh-ot-xao-kho-cay\\\/#primaryimage\"},\"image\":{\"@id\":\"https:\\\/\\\/tandoorvietnam.com\\\/vi\\\/sanpham\\\/cac-mon-khai-vi\\\/sup-lo-uop-hanh-ot-xao-kho-cay\\\/#primaryimage\"},\"thumbnailUrl\":\"https:\\\/\\\/tandoorvietnam.com\\\/wp-content\\\/uploads\\\/2020\\\/06\\\/Gobi-manchurian.jpg\",\"datePublished\":\"2020-06-16T14:22:46+00:00\",\"dateModified\":\"2025-10-16T10:22:11+00:00\",\"description\":\"T\u1eadn h\u01b0\u1edfng ngay m\u00f3n s\u00fap l\u01a1 \u01b0\u1edbp gia v\u1ecb cay x\u00e0o kh\u00f4 v\u1edbi h\u00e0nh v\u00e0 \u1edbt t\u1ea1i nh\u00e0 h\u00e0ng Tandoor Vietnam, m\u00f3n khai v\u1ecb \u0111\u1ed9c \u0111\u00e1o t\u1eeb \u1ea4n \u0110\u1ed9.\",\"breadcrumb\":{\"@id\":\"https:\\\/\\\/tandoorvietnam.com\\\/vi\\\/sanpham\\\/cac-mon-khai-vi\\\/sup-lo-uop-hanh-ot-xao-kho-cay\\\/#breadcrumb\"},\"inLanguage\":\"vi-VN\",\"potentialAction\":[{\"@type\":\"ReadAction\",\"target\":[\"https:\\\/\\\/tandoorvietnam.com\\\/vi\\\/sanpham\\\/cac-mon-khai-vi\\\/sup-lo-uop-hanh-ot-xao-kho-cay\\\/\"]}]},{\"@type\":\"ImageObject\",\"inLanguage\":\"vi-VN\",\"@id\":\"https:\\\/\\\/tandoorvietnam.com\\\/vi\\\/sanpham\\\/cac-mon-khai-vi\\\/sup-lo-uop-hanh-ot-xao-kho-cay\\\/#primaryimage\",\"url\":\"https:\\\/\\\/tandoorvietnam.com\\\/wp-content\\\/uploads\\\/2020\\\/06\\\/Gobi-manchurian.jpg\",\"contentUrl\":\"https:\\\/\\\/tandoorvietnam.com\\\/wp-content\\\/uploads\\\/2020\\\/06\\\/Gobi-manchurian.jpg\",\"width\":1400,\"height\":1400,\"caption\":\"S\u00daP L\u01a0 \u01af\u1edaP H\u00c0NH \u1edaT X\u00c0O KH\u00d4 CAY\"},{\"@type\":\"BreadcrumbList\",\"@id\":\"https:\\\/\\\/tandoorvietnam.com\\\/vi\\\/sanpham\\\/cac-mon-khai-vi\\\/sup-lo-uop-hanh-ot-xao-kho-cay\\\/#breadcrumb\",\"itemListElement\":[{\"@type\":\"ListItem\",\"position\":1,\"name\":\"Trang Ch\u1ee7\",\"item\":\"https:\\\/\\\/tandoorvietnam.com\\\/vi\\\/\"},{\"@type\":\"ListItem\",\"position\":2,\"name\":\"Shop\",\"item\":\"https:\\\/\\\/tandoorvietnam.com\\\/shop\\\/\"},{\"@type\":\"ListItem\",\"position\":3,\"name\":\"Gobi Manchurian (S\u00daP L\u01a0 \u01af\u1edaP H\u00c0NH \u1edaT X\u00c0O KH\u00d4 CAY)\"}]},{\"@type\":\"WebSite\",\"@id\":\"https:\\\/\\\/tandoorvietnam.com\\\/vi\\\/#website\",\"url\":\"https:\\\/\\\/tandoorvietnam.com\\\/vi\\\/\",\"name\":\"Tandoor Vietnam\",\"description\":\"Nh\u00e0 h\u00e0ng ngon h\u1ed3 ch\u00ed minh\",\"publisher\":{\"@id\":\"https:\\\/\\\/tandoorvietnam.com\\\/vi\\\/#organization\"},\"potentialAction\":[{\"@type\":\"SearchAction\",\"target\":{\"@type\":\"EntryPoint\",\"urlTemplate\":\"https:\\\/\\\/tandoorvietnam.com\\\/vi\\\/?s={search_term_string}\"},\"query-input\":{\"@type\":\"PropertyValueSpecification\",\"valueRequired\":true,\"valueName\":\"search_term_string\"}}],\"inLanguage\":\"vi-VN\"},{\"@type\":\"Organization\",\"@id\":\"https:\\\/\\\/tandoorvietnam.com\\\/vi\\\/#organization\",\"name\":\"Tandoor Vietnam\",\"url\":\"https:\\\/\\\/tandoorvietnam.com\\\/vi\\\/\",\"logo\":{\"@type\":\"ImageObject\",\"inLanguage\":\"vi-VN\",\"@id\":\"https:\\\/\\\/tandoorvietnam.com\\\/vi\\\/#\\\/schema\\\/logo\\\/image\\\/\",\"url\":\"https:\\\/\\\/tandoorvietnam.com\\\/wp-content\\\/uploads\\\/2020\\\/07\\\/logo.png\",\"contentUrl\":\"https:\\\/\\\/tandoorvietnam.com\\\/wp-content\\\/uploads\\\/2020\\\/07\\\/logo.png\",\"width\":133,\"height\":75,\"caption\":\"Tandoor Vietnam\"},\"image\":{\"@id\":\"https:\\\/\\\/tandoorvietnam.com\\\/vi\\\/#\\\/schema\\\/logo\\\/image\\\/\"},\"sameAs\":[\"https:\\\/\\\/www.facebook.com\\\/tandoor.hcmc\\\/\"]}]}<\/script>\n<!-- \/ Yoast SEO Premium plugin. -->","yoast_head_json":{"title":"Gobi Manchurian (S\u00daP L\u01a0 \u01af\u1edaP H\u00c0NH \u1edaT X\u00c0O KH\u00d4 CAY)","description":"T\u1eadn h\u01b0\u1edfng ngay m\u00f3n s\u00fap l\u01a1 \u01b0\u1edbp gia v\u1ecb cay x\u00e0o kh\u00f4 v\u1edbi h\u00e0nh v\u00e0 \u1edbt t\u1ea1i nh\u00e0 h\u00e0ng Tandoor Vietnam, m\u00f3n khai v\u1ecb \u0111\u1ed9c \u0111\u00e1o t\u1eeb \u1ea4n \u0110\u1ed9.","robots":{"index":"index","follow":"follow","max-snippet":"max-snippet:-1","max-image-preview":"max-image-preview:large","max-video-preview":"max-video-preview:-1"},"canonical":"https:\/\/tandoorvietnam.com\/vi\/sanpham\/cac-mon-khai-vi\/sup-lo-uop-hanh-ot-xao-kho-cay\/","og_locale":"vi_VN","og_type":"article","og_title":"Gobi Manchurian (S\u00daP L\u01a0 \u01af\u1edaP H\u00c0NH \u1edaT X\u00c0O KH\u00d4 CAY)","og_description":"T\u1eadn h\u01b0\u1edfng ngay m\u00f3n s\u00fap l\u01a1 \u01b0\u1edbp gia v\u1ecb cay x\u00e0o kh\u00f4 v\u1edbi h\u00e0nh v\u00e0 \u1edbt t\u1ea1i nh\u00e0 h\u00e0ng Tandoor Vietnam, m\u00f3n khai v\u1ecb \u0111\u1ed9c \u0111\u00e1o t\u1eeb \u1ea4n \u0110\u1ed9.","og_url":"https:\/\/tandoorvietnam.com\/vi\/sanpham\/cac-mon-khai-vi\/sup-lo-uop-hanh-ot-xao-kho-cay\/","og_site_name":"Tandoor Vi\u1ec7t Nam","article_publisher":"https:\/\/www.facebook.com\/tandoor.hcmc\/","article_modified_time":"2025-10-16T10:22:11+00:00","og_image":[{"width":1400,"height":1400,"url":"https:\/\/tandoorvietnam.com\/wp-content\/uploads\/2020\/06\/Gobi-manchurian.jpg","type":"image\/jpeg"}],"twitter_card":"summary_large_image","twitter_misc":{"Est. reading time":"2 minutes"},"schema":{"@context":"https:\/\/schema.org","@graph":[{"@type":"WebPage","@id":"https:\/\/tandoorvietnam.com\/vi\/sanpham\/cac-mon-khai-vi\/sup-lo-uop-hanh-ot-xao-kho-cay\/","url":"https:\/\/tandoorvietnam.com\/vi\/sanpham\/cac-mon-khai-vi\/sup-lo-uop-hanh-ot-xao-kho-cay\/","name":"Gobi Manchurian (S\u00daP L\u01a0 \u01af\u1edaP H\u00c0NH \u1edaT X\u00c0O KH\u00d4 CAY)","isPartOf":{"@id":"https:\/\/tandoorvietnam.com\/vi\/#website"},"primaryImageOfPage":{"@id":"https:\/\/tandoorvietnam.com\/vi\/sanpham\/cac-mon-khai-vi\/sup-lo-uop-hanh-ot-xao-kho-cay\/#primaryimage"},"image":{"@id":"https:\/\/tandoorvietnam.com\/vi\/sanpham\/cac-mon-khai-vi\/sup-lo-uop-hanh-ot-xao-kho-cay\/#primaryimage"},"thumbnailUrl":"https:\/\/tandoorvietnam.com\/wp-content\/uploads\/2020\/06\/Gobi-manchurian.jpg","datePublished":"2020-06-16T14:22:46+00:00","dateModified":"2025-10-16T10:22:11+00:00","description":"T\u1eadn h\u01b0\u1edfng ngay m\u00f3n s\u00fap l\u01a1 \u01b0\u1edbp gia v\u1ecb cay x\u00e0o kh\u00f4 v\u1edbi h\u00e0nh v\u00e0 \u1edbt t\u1ea1i nh\u00e0 h\u00e0ng Tandoor Vietnam, m\u00f3n khai v\u1ecb \u0111\u1ed9c \u0111\u00e1o t\u1eeb \u1ea4n \u0110\u1ed9.","breadcrumb":{"@id":"https:\/\/tandoorvietnam.com\/vi\/sanpham\/cac-mon-khai-vi\/sup-lo-uop-hanh-ot-xao-kho-cay\/#breadcrumb"},"inLanguage":"vi-VN","potentialAction":[{"@type":"ReadAction","target":["https:\/\/tandoorvietnam.com\/vi\/sanpham\/cac-mon-khai-vi\/sup-lo-uop-hanh-ot-xao-kho-cay\/"]}]},{"@type":"ImageObject","inLanguage":"vi-VN","@id":"https:\/\/tandoorvietnam.com\/vi\/sanpham\/cac-mon-khai-vi\/sup-lo-uop-hanh-ot-xao-kho-cay\/#primaryimage","url":"https:\/\/tandoorvietnam.com\/wp-content\/uploads\/2020\/06\/Gobi-manchurian.jpg","contentUrl":"https:\/\/tandoorvietnam.com\/wp-content\/uploads\/2020\/06\/Gobi-manchurian.jpg","width":1400,"height":1400,"caption":"S\u00daP L\u01a0 \u01af\u1edaP H\u00c0NH \u1edaT X\u00c0O KH\u00d4 CAY"},{"@type":"BreadcrumbList","@id":"https:\/\/tandoorvietnam.com\/vi\/sanpham\/cac-mon-khai-vi\/sup-lo-uop-hanh-ot-xao-kho-cay\/#breadcrumb","itemListElement":[{"@type":"ListItem","position":1,"name":"Trang Ch\u1ee7","item":"https:\/\/tandoorvietnam.com\/vi\/"},{"@type":"ListItem","position":2,"name":"Shop","item":"https:\/\/tandoorvietnam.com\/shop\/"},{"@type":"ListItem","position":3,"name":"Gobi Manchurian (S\u00daP L\u01a0 \u01af\u1edaP H\u00c0NH \u1edaT X\u00c0O KH\u00d4 CAY)"}]},{"@type":"WebSite","@id":"https:\/\/tandoorvietnam.com\/vi\/#website","url":"https:\/\/tandoorvietnam.com\/vi\/","name":"Tandoor Vietnam","description":"Nh\u00e0 h\u00e0ng ngon h\u1ed3 ch\u00ed minh","publisher":{"@id":"https:\/\/tandoorvietnam.com\/vi\/#organization"},"potentialAction":[{"@type":"SearchAction","target":{"@type":"EntryPoint","urlTemplate":"https:\/\/tandoorvietnam.com\/vi\/?s={search_term_string}"},"query-input":{"@type":"PropertyValueSpecification","valueRequired":true,"valueName":"search_term_string"}}],"inLanguage":"vi-VN"},{"@type":"Organization","@id":"https:\/\/tandoorvietnam.com\/vi\/#organization","name":"Tandoor Vietnam","url":"https:\/\/tandoorvietnam.com\/vi\/","logo":{"@type":"ImageObject","inLanguage":"vi-VN","@id":"https:\/\/tandoorvietnam.com\/vi\/#\/schema\/logo\/image\/","url":"https:\/\/tandoorvietnam.com\/wp-content\/uploads\/2020\/07\/logo.png","contentUrl":"https:\/\/tandoorvietnam.com\/wp-content\/uploads\/2020\/07\/logo.png","width":133,"height":75,"caption":"Tandoor Vietnam"},"image":{"@id":"https:\/\/tandoorvietnam.com\/vi\/#\/schema\/logo\/image\/"},"sameAs":["https:\/\/www.facebook.com\/tandoor.hcmc\/"]}]}},"_links":{"self":[{"href":"https:\/\/tandoorvietnam.com\/vi\/wp-json\/wp\/v2\/product\/2931","targetHints":{"allow":["GET"]}}],"collection":[{"href":"https:\/\/tandoorvietnam.com\/vi\/wp-json\/wp\/v2\/product"}],"about":[{"href":"https:\/\/tandoorvietnam.com\/vi\/wp-json\/wp\/v2\/types\/product"}],"wp:featuredmedia":[{"embeddable":true,"href":"https:\/\/tandoorvietnam.com\/vi\/wp-json\/wp\/v2\/media\/2932"}],"wp:attachment":[{"href":"https:\/\/tandoorvietnam.com\/vi\/wp-json\/wp\/v2\/media?parent=2931"}],"wp:term":[{"taxonomy":"product_brand","embeddable":true,"href":"https:\/\/tandoorvietnam.com\/vi\/wp-json\/wp\/v2\/product_brand?post=2931"},{"taxonomy":"product_cat","embeddable":true,"href":"https:\/\/tandoorvietnam.com\/vi\/wp-json\/wp\/v2\/product_cat?post=2931"},{"taxonomy":"product_tag","embeddable":true,"href":"https:\/\/tandoorvietnam.com\/vi\/wp-json\/wp\/v2\/product_tag?post=2931"}],"curies":[{"name":"wp","href":"https:\/\/api.w.org\/{rel}","templated":true}]}}