{"id":2933,"date":"2020-06-16T14:04:23","date_gmt":"2020-06-16T14:04:23","guid":{"rendered":"http:\/\/tandoorvietnam.com\/product\/uncategorized\/sup-lo-chien-gion\/"},"modified":"2025-10-16T17:23:01","modified_gmt":"2025-10-16T10:23:01","slug":"sup-lo-chien-gion","status":"publish","type":"product","link":"https:\/\/tandoorvietnam.com\/vi\/sanpham\/cac-mon-khai-vi\/sup-lo-chien-gion\/","title":{"rendered":"Gobi Pakora (S\u00daP L\u01a0 CHI\u00caN GI\u00d2N)"},"content":{"rendered":"<p>S\u00fap L\u01a1 Chi\u00ean Gi\u00f2n l\u00e0 m\u1ed9t m\u00f3n khai v\u1ecb \u0111\u1ed9c \u0111\u00e1o t\u1ea1i Tandoor Vietnam. Ch\u00fang t\u00f4i s\u1eed d\u1ee5ng l\u01a1 xanh t\u01b0\u01a1i ngon v\u00e0 k\u1ef9 thu\u1eadt chi\u00ean gi\u00f2n \u0111\u1ec3 t\u1ea1o ra m\u1ed9t m\u00f3n \u0103n \u0111\u1eb7c bi\u1ec7t v\u00e0 h\u1ea5p d\u1eabn.<\/p>\n<p>L\u01a1 xanh \u0111\u01b0\u1ee3c ch\u1ecdn l\u1ecdc k\u1ef9 c\u00e0ng v\u00e0 ch\u1ebf bi\u1ebfn tinh t\u1ebf \u0111\u1ec3 gi\u1eef nguy\u00ean \u0111\u1ed9 t\u01b0\u01a1i m\u00e1t v\u00e0 ch\u1ea5t dinh d\u01b0\u1ee1ng. B\u1ea1n s\u1ebd c\u1ea3m nh\u1eadn \u0111\u01b0\u1ee3c s\u1ef1 t\u01b0\u01a1i ngon v\u00e0 m\u00e1t l\u1ea1nh c\u1ee7a l\u01a1 trong t\u1eebng mi\u1ebfng.<\/p>\n<p>Ch\u00fang t\u00f4i chi\u00ean l\u01a1 xanh v\u1edbi k\u1ef9 thu\u1eadt \u0111\u1eb7c bi\u1ec7t \u0111\u1ec3 t\u1ea1o ra v\u1ecb gi\u00f2n gi\u00f2n b\u00ean ngo\u00e0i, \u0111\u1ed3ng th\u1eddi gi\u1eef \u0111\u01b0\u1ee3c \u0111\u1ed9 ngon v\u00e0 m\u1ec1m m\u1ecbn b\u00ean trong. S\u1ef1 k\u1ebft h\u1ee3p gi\u1eefa l\u01a1 xanh t\u01b0\u01a1i ngon v\u00e0 v\u1ecb gi\u00f2n gi\u00f2n c\u1ee7a chi\u00ean gi\u00f2n t\u1ea1o ra m\u1ed9t tr\u1ea3i nghi\u1ec7m \u1ea9m th\u1ef1c \u0111\u1ed9c \u0111\u00e1o.<\/p>\n<p>Gobi Pakora c\u00f3 th\u1ec3 \u0111\u01b0\u1ee3c th\u01b0\u1edfng th\u1ee9c nh\u01b0 m\u1ed9t m\u00f3n khai v\u1ecb ho\u1eb7c m\u1ed9t m\u00f3n \u0103n nh\u1eb9 trong su\u1ed1t c\u1ea3 ng\u00e0y. \u0110\u00e2y l\u00e0 m\u1ed9t s\u1ef1 l\u1ef1a ch\u1ecdn tuy\u1ec7t v\u1eddi cho nh\u1eefng ai y\u00eau th\u00edch h\u01b0\u01a1ng v\u1ecb t\u01b0\u01a1i ngon v\u00e0 c\u1ea3m gi\u00e1c gi\u00f2n tan tr\u00ean \u0111\u1ea7u l\u01b0\u1ee1i.<\/p>\n<p>T\u1ea1i <a href=\"https:\/\/tandoorvietnam.com\/vi\/\">Tandoor Vietnam<\/a>, ch\u00fang t\u00f4i cam k\u1ebft \u0111\u1ea3m b\u1ea3o ch\u1ea5t l\u01b0\u1ee3ng v\u00e0 s\u1ef1 t\u01b0\u01a1i ngon c\u1ee7a m\u00f3n \u0103n. M\u1ed7i mi\u1ebfng S\u00fap L\u01a1 Chi\u00ean Gi\u00f2n \u0111\u01b0\u1ee3c ch\u1ebf bi\u1ebfn \u0111\u1ed9c quy\u1ec1n v\u00e0 s\u1ebd mang \u0111\u1ebfn cho b\u1ea1n tr\u1ea3i nghi\u1ec7m \u1ea9m th\u1ef1c tuy\u1ec7t v\u1eddi.<\/p>\n<p>H\u00e3y \u0111\u1ebfn v\u00e0 th\u01b0\u1edfng th\u1ee9c S\u00fap L\u01a1 Chi\u00ean Gi\u00f2n t\u1ea1i Tandoor Vietnam, n\u01a1i b\u1ea1n s\u1ebd \u0111\u01b0\u1ee3c tr\u1ea3i nghi\u1ec7m nh\u1eefng m\u00f3n \u0103n \u0111\u1ed9c \u0111\u00e1o v\u00e0 h\u01b0\u01a1ng v\u1ecb \u1ea5n t\u01b0\u1ee3ng c\u1ee7a \u1ea9m th\u1ef1c \u1ea4n \u0110\u1ed9.<\/p>\n","protected":false},"excerpt":{"rendered":"<table width=\"723\">\n<tbody>\n<tr>\n<td width=\"412\">B\u00e1nh r\u00e1n s\u00fap l\u01a1 (12 mi\u1ebfng)<\/td>\n<\/tr>\n<tr>\n<td width=\"412\">\n    <em>X\u00fap kh\u1ed1i nh\u00fang v\u00e0 gia v\u1ecb gi\u00f2n gi\u00f2n<\/em>\n  <\/td>\n<\/tr>\n<\/tbody>\n<\/table>\n","protected":false},"featured_media":2934,"template":"","meta":[],"product_brand":[],"product_cat":[213],"product_tag":[],"class_list":{"0":"post-2933","1":"product","2":"type-product","3":"status-publish","4":"has-post-thumbnail","6":"product_cat-cac-mon-khai-vi","8":"first","9":"instock","10":"taxable","11":"shipping-taxable","12":"purchasable","13":"product-type-simple"},"yoast_head":"<!-- This site is optimized with the Yoast SEO Premium plugin v22.3 (Yoast SEO v27.4) - https:\/\/yoast.com\/product\/yoast-seo-premium-wordpress\/ -->\n<title>Gobi Pakora (S\u00daP L\u01a0 CHI\u00caN GI\u00d2N) - Tandoor Vi\u1ec7t Nam<\/title>\n<meta name=\"description\" content=\"S\u00fap L\u01a1 Chi\u00ean Gi\u00f2n - M\u00f3n khai v\u1ecb \u0111\u1ed9c \u0111\u00e1o t\u1ea1i Tandoor Vietnam. S\u1ef1 k\u1ebft h\u1ee3p gi\u1eefa l\u01a1 xanh t\u01b0\u01a1i ngon v\u00e0 v\u1ecb gi\u00f2n gi\u00f2n c\u1ee7a chi\u00ean gi\u00f2n s\u1ebd l\u00e0m b\u1ea1n th\u00edch th\u00fa.\" \/>\n<meta name=\"robots\" content=\"index, follow, max-snippet:-1, max-image-preview:large, max-video-preview:-1\" \/>\n<link rel=\"canonical\" href=\"https:\/\/tandoorvietnam.com\/vi\/sanpham\/cac-mon-khai-vi\/sup-lo-chien-gion\/\" \/>\n<meta property=\"og:locale\" content=\"vi_VN\" \/>\n<meta property=\"og:type\" content=\"article\" \/>\n<meta property=\"og:title\" content=\"Gobi Pakora (S\u00daP L\u01a0 CHI\u00caN GI\u00d2N)\" \/>\n<meta property=\"og:description\" content=\"S\u00fap L\u01a1 Chi\u00ean Gi\u00f2n - M\u00f3n khai v\u1ecb \u0111\u1ed9c \u0111\u00e1o t\u1ea1i Tandoor Vietnam. S\u1ef1 k\u1ebft h\u1ee3p gi\u1eefa l\u01a1 xanh t\u01b0\u01a1i ngon v\u00e0 v\u1ecb gi\u00f2n gi\u00f2n c\u1ee7a chi\u00ean gi\u00f2n s\u1ebd l\u00e0m b\u1ea1n th\u00edch th\u00fa.\" \/>\n<meta property=\"og:url\" content=\"https:\/\/tandoorvietnam.com\/vi\/sanpham\/cac-mon-khai-vi\/sup-lo-chien-gion\/\" \/>\n<meta property=\"og:site_name\" content=\"Tandoor Vi\u1ec7t Nam\" \/>\n<meta property=\"article:publisher\" content=\"https:\/\/www.facebook.com\/tandoor.hcmc\/\" \/>\n<meta property=\"article:modified_time\" content=\"2025-10-16T10:23:01+00:00\" \/>\n<meta property=\"og:image\" content=\"https:\/\/tandoorvietnam.com\/wp-content\/uploads\/2020\/06\/Gobi-pakora.jpg\" \/>\n\t<meta property=\"og:image:width\" content=\"1400\" \/>\n\t<meta property=\"og:image:height\" content=\"933\" \/>\n\t<meta property=\"og:image:type\" content=\"image\/jpeg\" \/>\n<meta name=\"twitter:card\" content=\"summary_large_image\" \/>\n<meta name=\"twitter:label1\" content=\"Est. reading time\" \/>\n\t<meta name=\"twitter:data1\" content=\"2 minutes\" \/>\n<script type=\"application\/ld+json\" class=\"yoast-schema-graph\">{\"@context\":\"https:\\\/\\\/schema.org\",\"@graph\":[{\"@type\":\"WebPage\",\"@id\":\"https:\\\/\\\/tandoorvietnam.com\\\/vi\\\/sanpham\\\/cac-mon-khai-vi\\\/sup-lo-chien-gion\\\/\",\"url\":\"https:\\\/\\\/tandoorvietnam.com\\\/vi\\\/sanpham\\\/cac-mon-khai-vi\\\/sup-lo-chien-gion\\\/\",\"name\":\"Gobi Pakora (S\u00daP L\u01a0 CHI\u00caN GI\u00d2N) - Tandoor Vi\u1ec7t Nam\",\"isPartOf\":{\"@id\":\"https:\\\/\\\/tandoorvietnam.com\\\/vi\\\/#website\"},\"primaryImageOfPage\":{\"@id\":\"https:\\\/\\\/tandoorvietnam.com\\\/vi\\\/sanpham\\\/cac-mon-khai-vi\\\/sup-lo-chien-gion\\\/#primaryimage\"},\"image\":{\"@id\":\"https:\\\/\\\/tandoorvietnam.com\\\/vi\\\/sanpham\\\/cac-mon-khai-vi\\\/sup-lo-chien-gion\\\/#primaryimage\"},\"thumbnailUrl\":\"https:\\\/\\\/tandoorvietnam.com\\\/wp-content\\\/uploads\\\/2020\\\/06\\\/Gobi-pakora.jpg\",\"datePublished\":\"2020-06-16T14:04:23+00:00\",\"dateModified\":\"2025-10-16T10:23:01+00:00\",\"description\":\"S\u00fap L\u01a1 Chi\u00ean Gi\u00f2n - M\u00f3n khai v\u1ecb \u0111\u1ed9c \u0111\u00e1o t\u1ea1i Tandoor Vietnam. S\u1ef1 k\u1ebft h\u1ee3p gi\u1eefa l\u01a1 xanh t\u01b0\u01a1i ngon v\u00e0 v\u1ecb gi\u00f2n gi\u00f2n c\u1ee7a chi\u00ean gi\u00f2n s\u1ebd l\u00e0m b\u1ea1n th\u00edch th\u00fa.\",\"breadcrumb\":{\"@id\":\"https:\\\/\\\/tandoorvietnam.com\\\/vi\\\/sanpham\\\/cac-mon-khai-vi\\\/sup-lo-chien-gion\\\/#breadcrumb\"},\"inLanguage\":\"vi-VN\",\"potentialAction\":[{\"@type\":\"ReadAction\",\"target\":[\"https:\\\/\\\/tandoorvietnam.com\\\/vi\\\/sanpham\\\/cac-mon-khai-vi\\\/sup-lo-chien-gion\\\/\"]}]},{\"@type\":\"ImageObject\",\"inLanguage\":\"vi-VN\",\"@id\":\"https:\\\/\\\/tandoorvietnam.com\\\/vi\\\/sanpham\\\/cac-mon-khai-vi\\\/sup-lo-chien-gion\\\/#primaryimage\",\"url\":\"https:\\\/\\\/tandoorvietnam.com\\\/wp-content\\\/uploads\\\/2020\\\/06\\\/Gobi-pakora.jpg\",\"contentUrl\":\"https:\\\/\\\/tandoorvietnam.com\\\/wp-content\\\/uploads\\\/2020\\\/06\\\/Gobi-pakora.jpg\",\"width\":1400,\"height\":933,\"caption\":\"S\u00daP L\u01a0 CHI\u00caN GI\u00d2N\"},{\"@type\":\"BreadcrumbList\",\"@id\":\"https:\\\/\\\/tandoorvietnam.com\\\/vi\\\/sanpham\\\/cac-mon-khai-vi\\\/sup-lo-chien-gion\\\/#breadcrumb\",\"itemListElement\":[{\"@type\":\"ListItem\",\"position\":1,\"name\":\"Trang Ch\u1ee7\",\"item\":\"https:\\\/\\\/tandoorvietnam.com\\\/vi\\\/\"},{\"@type\":\"ListItem\",\"position\":2,\"name\":\"Shop\",\"item\":\"https:\\\/\\\/tandoorvietnam.com\\\/shop\\\/\"},{\"@type\":\"ListItem\",\"position\":3,\"name\":\"Gobi Pakora (S\u00daP L\u01a0 CHI\u00caN GI\u00d2N)\"}]},{\"@type\":\"WebSite\",\"@id\":\"https:\\\/\\\/tandoorvietnam.com\\\/vi\\\/#website\",\"url\":\"https:\\\/\\\/tandoorvietnam.com\\\/vi\\\/\",\"name\":\"Tandoor Vietnam\",\"description\":\"Nh\u00e0 h\u00e0ng ngon h\u1ed3 ch\u00ed minh\",\"publisher\":{\"@id\":\"https:\\\/\\\/tandoorvietnam.com\\\/vi\\\/#organization\"},\"potentialAction\":[{\"@type\":\"SearchAction\",\"target\":{\"@type\":\"EntryPoint\",\"urlTemplate\":\"https:\\\/\\\/tandoorvietnam.com\\\/vi\\\/?s={search_term_string}\"},\"query-input\":{\"@type\":\"PropertyValueSpecification\",\"valueRequired\":true,\"valueName\":\"search_term_string\"}}],\"inLanguage\":\"vi-VN\"},{\"@type\":\"Organization\",\"@id\":\"https:\\\/\\\/tandoorvietnam.com\\\/vi\\\/#organization\",\"name\":\"Tandoor Vietnam\",\"url\":\"https:\\\/\\\/tandoorvietnam.com\\\/vi\\\/\",\"logo\":{\"@type\":\"ImageObject\",\"inLanguage\":\"vi-VN\",\"@id\":\"https:\\\/\\\/tandoorvietnam.com\\\/vi\\\/#\\\/schema\\\/logo\\\/image\\\/\",\"url\":\"https:\\\/\\\/tandoorvietnam.com\\\/wp-content\\\/uploads\\\/2020\\\/07\\\/logo.png\",\"contentUrl\":\"https:\\\/\\\/tandoorvietnam.com\\\/wp-content\\\/uploads\\\/2020\\\/07\\\/logo.png\",\"width\":133,\"height\":75,\"caption\":\"Tandoor Vietnam\"},\"image\":{\"@id\":\"https:\\\/\\\/tandoorvietnam.com\\\/vi\\\/#\\\/schema\\\/logo\\\/image\\\/\"},\"sameAs\":[\"https:\\\/\\\/www.facebook.com\\\/tandoor.hcmc\\\/\"]}]}<\/script>\n<!-- \/ Yoast SEO Premium plugin. -->","yoast_head_json":{"title":"Gobi Pakora (S\u00daP L\u01a0 CHI\u00caN GI\u00d2N) - Tandoor Vi\u1ec7t Nam","description":"S\u00fap L\u01a1 Chi\u00ean Gi\u00f2n - M\u00f3n khai v\u1ecb \u0111\u1ed9c \u0111\u00e1o t\u1ea1i Tandoor Vietnam. S\u1ef1 k\u1ebft h\u1ee3p gi\u1eefa l\u01a1 xanh t\u01b0\u01a1i ngon v\u00e0 v\u1ecb gi\u00f2n gi\u00f2n c\u1ee7a chi\u00ean gi\u00f2n s\u1ebd l\u00e0m b\u1ea1n th\u00edch th\u00fa.","robots":{"index":"index","follow":"follow","max-snippet":"max-snippet:-1","max-image-preview":"max-image-preview:large","max-video-preview":"max-video-preview:-1"},"canonical":"https:\/\/tandoorvietnam.com\/vi\/sanpham\/cac-mon-khai-vi\/sup-lo-chien-gion\/","og_locale":"vi_VN","og_type":"article","og_title":"Gobi Pakora (S\u00daP L\u01a0 CHI\u00caN GI\u00d2N)","og_description":"S\u00fap L\u01a1 Chi\u00ean Gi\u00f2n - M\u00f3n khai v\u1ecb \u0111\u1ed9c \u0111\u00e1o t\u1ea1i Tandoor Vietnam. S\u1ef1 k\u1ebft h\u1ee3p gi\u1eefa l\u01a1 xanh t\u01b0\u01a1i ngon v\u00e0 v\u1ecb gi\u00f2n gi\u00f2n c\u1ee7a chi\u00ean gi\u00f2n s\u1ebd l\u00e0m b\u1ea1n th\u00edch th\u00fa.","og_url":"https:\/\/tandoorvietnam.com\/vi\/sanpham\/cac-mon-khai-vi\/sup-lo-chien-gion\/","og_site_name":"Tandoor Vi\u1ec7t Nam","article_publisher":"https:\/\/www.facebook.com\/tandoor.hcmc\/","article_modified_time":"2025-10-16T10:23:01+00:00","og_image":[{"width":1400,"height":933,"url":"https:\/\/tandoorvietnam.com\/wp-content\/uploads\/2020\/06\/Gobi-pakora.jpg","type":"image\/jpeg"}],"twitter_card":"summary_large_image","twitter_misc":{"Est. reading time":"2 minutes"},"schema":{"@context":"https:\/\/schema.org","@graph":[{"@type":"WebPage","@id":"https:\/\/tandoorvietnam.com\/vi\/sanpham\/cac-mon-khai-vi\/sup-lo-chien-gion\/","url":"https:\/\/tandoorvietnam.com\/vi\/sanpham\/cac-mon-khai-vi\/sup-lo-chien-gion\/","name":"Gobi Pakora (S\u00daP L\u01a0 CHI\u00caN GI\u00d2N) - Tandoor Vi\u1ec7t Nam","isPartOf":{"@id":"https:\/\/tandoorvietnam.com\/vi\/#website"},"primaryImageOfPage":{"@id":"https:\/\/tandoorvietnam.com\/vi\/sanpham\/cac-mon-khai-vi\/sup-lo-chien-gion\/#primaryimage"},"image":{"@id":"https:\/\/tandoorvietnam.com\/vi\/sanpham\/cac-mon-khai-vi\/sup-lo-chien-gion\/#primaryimage"},"thumbnailUrl":"https:\/\/tandoorvietnam.com\/wp-content\/uploads\/2020\/06\/Gobi-pakora.jpg","datePublished":"2020-06-16T14:04:23+00:00","dateModified":"2025-10-16T10:23:01+00:00","description":"S\u00fap L\u01a1 Chi\u00ean Gi\u00f2n - M\u00f3n khai v\u1ecb \u0111\u1ed9c \u0111\u00e1o t\u1ea1i Tandoor Vietnam. S\u1ef1 k\u1ebft h\u1ee3p gi\u1eefa l\u01a1 xanh t\u01b0\u01a1i ngon v\u00e0 v\u1ecb gi\u00f2n gi\u00f2n c\u1ee7a chi\u00ean gi\u00f2n s\u1ebd l\u00e0m b\u1ea1n th\u00edch th\u00fa.","breadcrumb":{"@id":"https:\/\/tandoorvietnam.com\/vi\/sanpham\/cac-mon-khai-vi\/sup-lo-chien-gion\/#breadcrumb"},"inLanguage":"vi-VN","potentialAction":[{"@type":"ReadAction","target":["https:\/\/tandoorvietnam.com\/vi\/sanpham\/cac-mon-khai-vi\/sup-lo-chien-gion\/"]}]},{"@type":"ImageObject","inLanguage":"vi-VN","@id":"https:\/\/tandoorvietnam.com\/vi\/sanpham\/cac-mon-khai-vi\/sup-lo-chien-gion\/#primaryimage","url":"https:\/\/tandoorvietnam.com\/wp-content\/uploads\/2020\/06\/Gobi-pakora.jpg","contentUrl":"https:\/\/tandoorvietnam.com\/wp-content\/uploads\/2020\/06\/Gobi-pakora.jpg","width":1400,"height":933,"caption":"S\u00daP L\u01a0 CHI\u00caN GI\u00d2N"},{"@type":"BreadcrumbList","@id":"https:\/\/tandoorvietnam.com\/vi\/sanpham\/cac-mon-khai-vi\/sup-lo-chien-gion\/#breadcrumb","itemListElement":[{"@type":"ListItem","position":1,"name":"Trang Ch\u1ee7","item":"https:\/\/tandoorvietnam.com\/vi\/"},{"@type":"ListItem","position":2,"name":"Shop","item":"https:\/\/tandoorvietnam.com\/shop\/"},{"@type":"ListItem","position":3,"name":"Gobi Pakora (S\u00daP L\u01a0 CHI\u00caN GI\u00d2N)"}]},{"@type":"WebSite","@id":"https:\/\/tandoorvietnam.com\/vi\/#website","url":"https:\/\/tandoorvietnam.com\/vi\/","name":"Tandoor Vietnam","description":"Nh\u00e0 h\u00e0ng ngon h\u1ed3 ch\u00ed minh","publisher":{"@id":"https:\/\/tandoorvietnam.com\/vi\/#organization"},"potentialAction":[{"@type":"SearchAction","target":{"@type":"EntryPoint","urlTemplate":"https:\/\/tandoorvietnam.com\/vi\/?s={search_term_string}"},"query-input":{"@type":"PropertyValueSpecification","valueRequired":true,"valueName":"search_term_string"}}],"inLanguage":"vi-VN"},{"@type":"Organization","@id":"https:\/\/tandoorvietnam.com\/vi\/#organization","name":"Tandoor Vietnam","url":"https:\/\/tandoorvietnam.com\/vi\/","logo":{"@type":"ImageObject","inLanguage":"vi-VN","@id":"https:\/\/tandoorvietnam.com\/vi\/#\/schema\/logo\/image\/","url":"https:\/\/tandoorvietnam.com\/wp-content\/uploads\/2020\/07\/logo.png","contentUrl":"https:\/\/tandoorvietnam.com\/wp-content\/uploads\/2020\/07\/logo.png","width":133,"height":75,"caption":"Tandoor Vietnam"},"image":{"@id":"https:\/\/tandoorvietnam.com\/vi\/#\/schema\/logo\/image\/"},"sameAs":["https:\/\/www.facebook.com\/tandoor.hcmc\/"]}]}},"_links":{"self":[{"href":"https:\/\/tandoorvietnam.com\/vi\/wp-json\/wp\/v2\/product\/2933","targetHints":{"allow":["GET"]}}],"collection":[{"href":"https:\/\/tandoorvietnam.com\/vi\/wp-json\/wp\/v2\/product"}],"about":[{"href":"https:\/\/tandoorvietnam.com\/vi\/wp-json\/wp\/v2\/types\/product"}],"wp:featuredmedia":[{"embeddable":true,"href":"https:\/\/tandoorvietnam.com\/vi\/wp-json\/wp\/v2\/media\/2934"}],"wp:attachment":[{"href":"https:\/\/tandoorvietnam.com\/vi\/wp-json\/wp\/v2\/media?parent=2933"}],"wp:term":[{"taxonomy":"product_brand","embeddable":true,"href":"https:\/\/tandoorvietnam.com\/vi\/wp-json\/wp\/v2\/product_brand?post=2933"},{"taxonomy":"product_cat","embeddable":true,"href":"https:\/\/tandoorvietnam.com\/vi\/wp-json\/wp\/v2\/product_cat?post=2933"},{"taxonomy":"product_tag","embeddable":true,"href":"https:\/\/tandoorvietnam.com\/vi\/wp-json\/wp\/v2\/product_tag?post=2933"}],"curies":[{"name":"wp","href":"https:\/\/api.w.org\/{rel}","templated":true}]}}