{"id":2935,"date":"2020-06-26T11:36:52","date_gmt":"2020-06-26T11:36:52","guid":{"rendered":"http:\/\/tandoorvietnam.com\/product\/uncategorized\/rau-cu-tron-pho-mai-chien-gion\/"},"modified":"2025-12-26T18:45:11","modified_gmt":"2025-12-26T11:45:11","slug":"rau-cu-tron-pho-mai-chien-gion","status":"publish","type":"product","link":"https:\/\/tandoorvietnam.com\/vi\/sanpham\/cac-mon-khai-vi\/rau-cu-tron-pho-mai-chien-gion\/","title":{"rendered":"RAU C\u1ee6 TR\u1ed8N PH\u00d4 MAI CHI\u00caN GI\u00d2N"},"content":{"rendered":"<p>Rau c\u1ee7 tr\u1ed9n ph\u00f4 mai chi\u00ean gi\u00f2n (Hara Bara Kebab) l\u00e0 m\u1ed9t m\u00f3n khai v\u1ecb h\u1ea5p d\u1eabn t\u1ea1i Tandoor Vietnam. Ch\u00fang t\u00f4i t\u1eadn d\u1ee5ng s\u1ef1 t\u01b0\u01a1i ngon c\u1ee7a c\u00e1c lo\u1ea1i rau c\u1ee7 nh\u01b0 c\u00e0 r\u1ed1t, c\u1ee7 c\u1ea3i, v\u00e0 d\u01b0a leo. Nh\u1eefng lo\u1ea1i rau c\u1ee7 n\u00e0y \u0111\u01b0\u1ee3c ch\u1ebf bi\u1ebfn m\u1ed9t c\u00e1ch t\u1ec9 m\u1ec9, t\u1ea1o n\u00ean s\u1ef1 gi\u00f2n r\u1ee5m \u0111\u1eb7c tr\u01b0ng.<\/p>\n<p>\u0110\u1eb7c bi\u1ec7t, ch\u00fang t\u00f4i th\u00eam ph\u00f4 mai v\u00e0o h\u1ed7n h\u1ee3p rau c\u1ee7 \u0111\u1ec3 t\u0103ng th\u00eam h\u01b0\u01a1ng v\u1ecb v\u00e0 \u0111\u1ed9 ngon cho m\u00f3n \u0103n. Ph\u00f4 mai \u0111\u01b0\u1ee3c l\u1ef1a ch\u1ecdn k\u1ef9 c\u00e0ng v\u00e0 k\u1ebft h\u1ee3p ho\u00e0n h\u1ea3o v\u1edbi rau c\u1ee7, t\u1ea1o ra m\u1ed9t s\u1ef1 k\u1ebft h\u1ee3p th\u00fa v\u1ecb.<\/p>\n<p>Sau khi tr\u1ed9n \u0111\u1ec1u, ch\u00fang t\u00f4i ti\u1ebfn h\u00e0nh chi\u00ean gi\u00f2n m\u00f3n \u0103n. Qu\u00e1 tr\u00ecnh chi\u00ean gi\u00f2n gi\u00fap l\u00e0m t\u0103ng \u0111\u1ed9 gi\u00f2n r\u1ee5m c\u1ee7a rau c\u1ee7 v\u00e0 l\u00e0m ph\u00f4 mai tan ch\u1ea3y, t\u1ea1o n\u00ean m\u1ed9t h\u01b0\u01a1ng v\u1ecb \u0111\u1ed9c \u0111\u00e1o v\u00e0 h\u1ea5p d\u1eabn.<\/p>\n<p>Hara Bara Kebab l\u00e0 m\u1ed9t m\u00f3n \u0103n khai v\u1ecb tuy\u1ec7t v\u1eddi, mang \u0111\u1ebfn s\u1ef1 k\u1ebft h\u1ee3p ho\u00e0n h\u1ea3o gi\u1eefa h\u01b0\u01a1ng v\u1ecb t\u01b0\u01a1i ngon c\u1ee7a rau c\u1ee7 v\u00e0 s\u1ef1 ngon mi\u1ec7ng c\u1ee7a ph\u00f4 mai chi\u00ean gi\u00f2n. \u0110\u00e2y l\u00e0 l\u1ef1a ch\u1ecdn l\u00fd t\u01b0\u1edfng \u0111\u1ec3 b\u1eaft \u0111\u1ea7u b\u1eefa \u0103n ho\u1eb7c th\u01b0\u1edfng th\u1ee9c nh\u1eefng m\u00f3n ch\u00ednh \u1edf <a href=\"https:\/\/tandoorvietnam.com\/vi\/\">Tandoor Vietnam<\/a>.<\/p>\n<p>B\u1ea1n c\u00f3 th\u1ec3 th\u01b0\u1edfng th\u1ee9c m\u00f3n rau c\u1ee7 tr\u1ed9n ph\u00f4 mai chi\u00ean gi\u00f2n c\u00f9ng v\u1edbi gia \u0111\u00ecnh v\u00e0 b\u1ea1n b\u00e8. M\u00f3n \u0103n n\u00e0y kh\u00f4ng ch\u1ec9 ngon mi\u1ec7ng m\u00e0 c\u00f2n b\u1ed5 d\u01b0\u1ee1ng, \u0111em l\u1ea1i s\u1ef1 h\u00e0i l\u00f2ng cho v\u1ecb gi\u00e1c c\u1ee7a b\u1ea1n.<\/p>\n","protected":false},"excerpt":{"rendered":"<table width=\"723\">\n<tbody>\n<tr>\n<td width=\"412\">B\u00e1nh rau c\u1ee7 b\u0103m nh\u1ecf \u0111\u1eb7c bi\u1ec7t c\u1ee7a \u0111\u1ea7u b\u1ebfp (4 c\u00e1i)<\/td>\n<\/tr>\n<tr>\n<td width=\"412\"><em>Rau c\u1ee7 tr\u1ed9n th\u1eadp c\u1ea9m v\u00e0 phomai gi\u00f2n gi\u00f2n, m\u00f3n \u0103n \u0111\u1eb7c s\u1ea3n c\u1ee7a \u0111\u1ea7u b\u1ebfp Tandoor<\/em><\/td>\n<\/tr>\n<\/tbody>\n<\/table>\n","protected":false},"featured_media":2936,"template":"","meta":[],"product_brand":[],"product_cat":[213],"product_tag":[],"class_list":{"0":"post-2935","1":"product","2":"type-product","3":"status-publish","4":"has-post-thumbnail","6":"product_cat-cac-mon-khai-vi","8":"first","9":"instock","10":"purchasable","11":"product-type-simple"},"yoast_head":"<!-- This site is optimized with the Yoast SEO Premium plugin v22.3 (Yoast SEO v27.4) - https:\/\/yoast.com\/product\/yoast-seo-premium-wordpress\/ -->\n<title>RAU C\u1ee6 TR\u1ed8N PH\u00d4 MAI CHI\u00caN GI\u00d2N<\/title>\n<meta name=\"description\" content=\"Rau c\u1ee7 tr\u1ed9n ph\u00f4 mai chi\u00ean gi\u00f2n - m\u1ed9t m\u00f3n khai v\u1ecb h\u1ea5p d\u1eabn v\u1edbi s\u1ef1 k\u1ebft h\u1ee3p \u0111\u1ed9c \u0111\u00e1o gi\u1eefa rau c\u1ee7 t\u01b0\u01a1i v\u00e0 l\u1edbp ph\u00f4 mai gi\u00f2n tan. Th\u01b0\u1edfng th\u1ee9c t\u1ea1i Tandoor Vietnam.\" \/>\n<meta name=\"robots\" content=\"index, follow, max-snippet:-1, max-image-preview:large, max-video-preview:-1\" \/>\n<link rel=\"canonical\" href=\"https:\/\/tandoorvietnam.com\/vi\/sanpham\/cac-mon-khai-vi\/rau-cu-tron-pho-mai-chien-gion\/\" \/>\n<meta property=\"og:locale\" content=\"vi_VN\" \/>\n<meta property=\"og:type\" content=\"article\" \/>\n<meta property=\"og:title\" content=\"RAU C\u1ee6 TR\u1ed8N PH\u00d4 MAI CHI\u00caN GI\u00d2N\" \/>\n<meta property=\"og:description\" content=\"Rau c\u1ee7 tr\u1ed9n ph\u00f4 mai chi\u00ean gi\u00f2n - m\u1ed9t m\u00f3n khai v\u1ecb h\u1ea5p d\u1eabn v\u1edbi s\u1ef1 k\u1ebft h\u1ee3p \u0111\u1ed9c \u0111\u00e1o gi\u1eefa rau c\u1ee7 t\u01b0\u01a1i v\u00e0 l\u1edbp ph\u00f4 mai gi\u00f2n tan. Th\u01b0\u1edfng th\u1ee9c t\u1ea1i Tandoor Vietnam.\" \/>\n<meta property=\"og:url\" content=\"https:\/\/tandoorvietnam.com\/vi\/sanpham\/cac-mon-khai-vi\/rau-cu-tron-pho-mai-chien-gion\/\" \/>\n<meta property=\"og:site_name\" content=\"Tandoor Vi\u1ec7t Nam\" \/>\n<meta property=\"article:publisher\" content=\"https:\/\/www.facebook.com\/tandoor.hcmc\/\" \/>\n<meta property=\"article:modified_time\" content=\"2025-12-26T11:45:11+00:00\" \/>\n<meta property=\"og:image\" content=\"https:\/\/tandoorvietnam.com\/wp-content\/uploads\/2020\/06\/Hara-Bara-Kebab-scaled.jpg\" \/>\n\t<meta property=\"og:image:width\" content=\"4912\" \/>\n\t<meta property=\"og:image:height\" content=\"3264\" \/>\n\t<meta property=\"og:image:type\" content=\"image\/jpeg\" \/>\n<meta name=\"twitter:card\" content=\"summary_large_image\" \/>\n<meta name=\"twitter:label1\" content=\"Est. reading time\" \/>\n\t<meta name=\"twitter:data1\" content=\"2 minutes\" \/>\n<script type=\"application\/ld+json\" class=\"yoast-schema-graph\">{\"@context\":\"https:\\\/\\\/schema.org\",\"@graph\":[{\"@type\":\"WebPage\",\"@id\":\"https:\\\/\\\/tandoorvietnam.com\\\/vi\\\/sanpham\\\/cac-mon-khai-vi\\\/rau-cu-tron-pho-mai-chien-gion\\\/\",\"url\":\"https:\\\/\\\/tandoorvietnam.com\\\/vi\\\/sanpham\\\/cac-mon-khai-vi\\\/rau-cu-tron-pho-mai-chien-gion\\\/\",\"name\":\"RAU C\u1ee6 TR\u1ed8N PH\u00d4 MAI CHI\u00caN GI\u00d2N\",\"isPartOf\":{\"@id\":\"https:\\\/\\\/tandoorvietnam.com\\\/vi\\\/#website\"},\"primaryImageOfPage\":{\"@id\":\"https:\\\/\\\/tandoorvietnam.com\\\/vi\\\/sanpham\\\/cac-mon-khai-vi\\\/rau-cu-tron-pho-mai-chien-gion\\\/#primaryimage\"},\"image\":{\"@id\":\"https:\\\/\\\/tandoorvietnam.com\\\/vi\\\/sanpham\\\/cac-mon-khai-vi\\\/rau-cu-tron-pho-mai-chien-gion\\\/#primaryimage\"},\"thumbnailUrl\":\"https:\\\/\\\/tandoorvietnam.com\\\/wp-content\\\/uploads\\\/2020\\\/06\\\/Hara-Bara-Kebab-scaled.jpg\",\"datePublished\":\"2020-06-26T11:36:52+00:00\",\"dateModified\":\"2025-12-26T11:45:11+00:00\",\"description\":\"Rau c\u1ee7 tr\u1ed9n ph\u00f4 mai chi\u00ean gi\u00f2n - m\u1ed9t m\u00f3n khai v\u1ecb h\u1ea5p d\u1eabn v\u1edbi s\u1ef1 k\u1ebft h\u1ee3p \u0111\u1ed9c \u0111\u00e1o gi\u1eefa rau c\u1ee7 t\u01b0\u01a1i v\u00e0 l\u1edbp ph\u00f4 mai gi\u00f2n tan. Th\u01b0\u1edfng th\u1ee9c t\u1ea1i Tandoor Vietnam.\",\"breadcrumb\":{\"@id\":\"https:\\\/\\\/tandoorvietnam.com\\\/vi\\\/sanpham\\\/cac-mon-khai-vi\\\/rau-cu-tron-pho-mai-chien-gion\\\/#breadcrumb\"},\"inLanguage\":\"vi-VN\",\"potentialAction\":[{\"@type\":\"ReadAction\",\"target\":[\"https:\\\/\\\/tandoorvietnam.com\\\/vi\\\/sanpham\\\/cac-mon-khai-vi\\\/rau-cu-tron-pho-mai-chien-gion\\\/\"]}]},{\"@type\":\"ImageObject\",\"inLanguage\":\"vi-VN\",\"@id\":\"https:\\\/\\\/tandoorvietnam.com\\\/vi\\\/sanpham\\\/cac-mon-khai-vi\\\/rau-cu-tron-pho-mai-chien-gion\\\/#primaryimage\",\"url\":\"https:\\\/\\\/tandoorvietnam.com\\\/wp-content\\\/uploads\\\/2020\\\/06\\\/Hara-Bara-Kebab-scaled.jpg\",\"contentUrl\":\"https:\\\/\\\/tandoorvietnam.com\\\/wp-content\\\/uploads\\\/2020\\\/06\\\/Hara-Bara-Kebab-scaled.jpg\",\"width\":4912,\"height\":3264,\"caption\":\"RAU C\u1ee6 TR\u1ed8N PH\u00d4 MAI CHI\u00caN GI\u00d2N\"},{\"@type\":\"BreadcrumbList\",\"@id\":\"https:\\\/\\\/tandoorvietnam.com\\\/vi\\\/sanpham\\\/cac-mon-khai-vi\\\/rau-cu-tron-pho-mai-chien-gion\\\/#breadcrumb\",\"itemListElement\":[{\"@type\":\"ListItem\",\"position\":1,\"name\":\"Trang Ch\u1ee7\",\"item\":\"https:\\\/\\\/tandoorvietnam.com\\\/vi\\\/\"},{\"@type\":\"ListItem\",\"position\":2,\"name\":\"Shop\",\"item\":\"https:\\\/\\\/tandoorvietnam.com\\\/shop\\\/\"},{\"@type\":\"ListItem\",\"position\":3,\"name\":\"RAU C\u1ee6 TR\u1ed8N PH\u00d4 MAI CHI\u00caN GI\u00d2N\"}]},{\"@type\":\"WebSite\",\"@id\":\"https:\\\/\\\/tandoorvietnam.com\\\/vi\\\/#website\",\"url\":\"https:\\\/\\\/tandoorvietnam.com\\\/vi\\\/\",\"name\":\"Tandoor Vietnam\",\"description\":\"Nh\u00e0 h\u00e0ng ngon h\u1ed3 ch\u00ed minh\",\"publisher\":{\"@id\":\"https:\\\/\\\/tandoorvietnam.com\\\/vi\\\/#organization\"},\"potentialAction\":[{\"@type\":\"SearchAction\",\"target\":{\"@type\":\"EntryPoint\",\"urlTemplate\":\"https:\\\/\\\/tandoorvietnam.com\\\/vi\\\/?s={search_term_string}\"},\"query-input\":{\"@type\":\"PropertyValueSpecification\",\"valueRequired\":true,\"valueName\":\"search_term_string\"}}],\"inLanguage\":\"vi-VN\"},{\"@type\":\"Organization\",\"@id\":\"https:\\\/\\\/tandoorvietnam.com\\\/vi\\\/#organization\",\"name\":\"Tandoor Vietnam\",\"url\":\"https:\\\/\\\/tandoorvietnam.com\\\/vi\\\/\",\"logo\":{\"@type\":\"ImageObject\",\"inLanguage\":\"vi-VN\",\"@id\":\"https:\\\/\\\/tandoorvietnam.com\\\/vi\\\/#\\\/schema\\\/logo\\\/image\\\/\",\"url\":\"https:\\\/\\\/tandoorvietnam.com\\\/wp-content\\\/uploads\\\/2020\\\/07\\\/logo.png\",\"contentUrl\":\"https:\\\/\\\/tandoorvietnam.com\\\/wp-content\\\/uploads\\\/2020\\\/07\\\/logo.png\",\"width\":133,\"height\":75,\"caption\":\"Tandoor Vietnam\"},\"image\":{\"@id\":\"https:\\\/\\\/tandoorvietnam.com\\\/vi\\\/#\\\/schema\\\/logo\\\/image\\\/\"},\"sameAs\":[\"https:\\\/\\\/www.facebook.com\\\/tandoor.hcmc\\\/\"]}]}<\/script>\n<!-- \/ Yoast SEO Premium plugin. -->","yoast_head_json":{"title":"RAU C\u1ee6 TR\u1ed8N PH\u00d4 MAI CHI\u00caN GI\u00d2N","description":"Rau c\u1ee7 tr\u1ed9n ph\u00f4 mai chi\u00ean gi\u00f2n - m\u1ed9t m\u00f3n khai v\u1ecb h\u1ea5p d\u1eabn v\u1edbi s\u1ef1 k\u1ebft h\u1ee3p \u0111\u1ed9c \u0111\u00e1o gi\u1eefa rau c\u1ee7 t\u01b0\u01a1i v\u00e0 l\u1edbp ph\u00f4 mai gi\u00f2n tan. Th\u01b0\u1edfng th\u1ee9c t\u1ea1i Tandoor Vietnam.","robots":{"index":"index","follow":"follow","max-snippet":"max-snippet:-1","max-image-preview":"max-image-preview:large","max-video-preview":"max-video-preview:-1"},"canonical":"https:\/\/tandoorvietnam.com\/vi\/sanpham\/cac-mon-khai-vi\/rau-cu-tron-pho-mai-chien-gion\/","og_locale":"vi_VN","og_type":"article","og_title":"RAU C\u1ee6 TR\u1ed8N PH\u00d4 MAI CHI\u00caN GI\u00d2N","og_description":"Rau c\u1ee7 tr\u1ed9n ph\u00f4 mai chi\u00ean gi\u00f2n - m\u1ed9t m\u00f3n khai v\u1ecb h\u1ea5p d\u1eabn v\u1edbi s\u1ef1 k\u1ebft h\u1ee3p \u0111\u1ed9c \u0111\u00e1o gi\u1eefa rau c\u1ee7 t\u01b0\u01a1i v\u00e0 l\u1edbp ph\u00f4 mai gi\u00f2n tan. Th\u01b0\u1edfng th\u1ee9c t\u1ea1i Tandoor Vietnam.","og_url":"https:\/\/tandoorvietnam.com\/vi\/sanpham\/cac-mon-khai-vi\/rau-cu-tron-pho-mai-chien-gion\/","og_site_name":"Tandoor Vi\u1ec7t Nam","article_publisher":"https:\/\/www.facebook.com\/tandoor.hcmc\/","article_modified_time":"2025-12-26T11:45:11+00:00","og_image":[{"width":4912,"height":3264,"url":"https:\/\/tandoorvietnam.com\/wp-content\/uploads\/2020\/06\/Hara-Bara-Kebab-scaled.jpg","type":"image\/jpeg"}],"twitter_card":"summary_large_image","twitter_misc":{"Est. reading time":"2 minutes"},"schema":{"@context":"https:\/\/schema.org","@graph":[{"@type":"WebPage","@id":"https:\/\/tandoorvietnam.com\/vi\/sanpham\/cac-mon-khai-vi\/rau-cu-tron-pho-mai-chien-gion\/","url":"https:\/\/tandoorvietnam.com\/vi\/sanpham\/cac-mon-khai-vi\/rau-cu-tron-pho-mai-chien-gion\/","name":"RAU C\u1ee6 TR\u1ed8N PH\u00d4 MAI CHI\u00caN GI\u00d2N","isPartOf":{"@id":"https:\/\/tandoorvietnam.com\/vi\/#website"},"primaryImageOfPage":{"@id":"https:\/\/tandoorvietnam.com\/vi\/sanpham\/cac-mon-khai-vi\/rau-cu-tron-pho-mai-chien-gion\/#primaryimage"},"image":{"@id":"https:\/\/tandoorvietnam.com\/vi\/sanpham\/cac-mon-khai-vi\/rau-cu-tron-pho-mai-chien-gion\/#primaryimage"},"thumbnailUrl":"https:\/\/tandoorvietnam.com\/wp-content\/uploads\/2020\/06\/Hara-Bara-Kebab-scaled.jpg","datePublished":"2020-06-26T11:36:52+00:00","dateModified":"2025-12-26T11:45:11+00:00","description":"Rau c\u1ee7 tr\u1ed9n ph\u00f4 mai chi\u00ean gi\u00f2n - m\u1ed9t m\u00f3n khai v\u1ecb h\u1ea5p d\u1eabn v\u1edbi s\u1ef1 k\u1ebft h\u1ee3p \u0111\u1ed9c \u0111\u00e1o gi\u1eefa rau c\u1ee7 t\u01b0\u01a1i v\u00e0 l\u1edbp ph\u00f4 mai gi\u00f2n tan. Th\u01b0\u1edfng th\u1ee9c t\u1ea1i Tandoor Vietnam.","breadcrumb":{"@id":"https:\/\/tandoorvietnam.com\/vi\/sanpham\/cac-mon-khai-vi\/rau-cu-tron-pho-mai-chien-gion\/#breadcrumb"},"inLanguage":"vi-VN","potentialAction":[{"@type":"ReadAction","target":["https:\/\/tandoorvietnam.com\/vi\/sanpham\/cac-mon-khai-vi\/rau-cu-tron-pho-mai-chien-gion\/"]}]},{"@type":"ImageObject","inLanguage":"vi-VN","@id":"https:\/\/tandoorvietnam.com\/vi\/sanpham\/cac-mon-khai-vi\/rau-cu-tron-pho-mai-chien-gion\/#primaryimage","url":"https:\/\/tandoorvietnam.com\/wp-content\/uploads\/2020\/06\/Hara-Bara-Kebab-scaled.jpg","contentUrl":"https:\/\/tandoorvietnam.com\/wp-content\/uploads\/2020\/06\/Hara-Bara-Kebab-scaled.jpg","width":4912,"height":3264,"caption":"RAU C\u1ee6 TR\u1ed8N PH\u00d4 MAI CHI\u00caN GI\u00d2N"},{"@type":"BreadcrumbList","@id":"https:\/\/tandoorvietnam.com\/vi\/sanpham\/cac-mon-khai-vi\/rau-cu-tron-pho-mai-chien-gion\/#breadcrumb","itemListElement":[{"@type":"ListItem","position":1,"name":"Trang Ch\u1ee7","item":"https:\/\/tandoorvietnam.com\/vi\/"},{"@type":"ListItem","position":2,"name":"Shop","item":"https:\/\/tandoorvietnam.com\/shop\/"},{"@type":"ListItem","position":3,"name":"RAU C\u1ee6 TR\u1ed8N PH\u00d4 MAI CHI\u00caN GI\u00d2N"}]},{"@type":"WebSite","@id":"https:\/\/tandoorvietnam.com\/vi\/#website","url":"https:\/\/tandoorvietnam.com\/vi\/","name":"Tandoor Vietnam","description":"Nh\u00e0 h\u00e0ng ngon h\u1ed3 ch\u00ed minh","publisher":{"@id":"https:\/\/tandoorvietnam.com\/vi\/#organization"},"potentialAction":[{"@type":"SearchAction","target":{"@type":"EntryPoint","urlTemplate":"https:\/\/tandoorvietnam.com\/vi\/?s={search_term_string}"},"query-input":{"@type":"PropertyValueSpecification","valueRequired":true,"valueName":"search_term_string"}}],"inLanguage":"vi-VN"},{"@type":"Organization","@id":"https:\/\/tandoorvietnam.com\/vi\/#organization","name":"Tandoor Vietnam","url":"https:\/\/tandoorvietnam.com\/vi\/","logo":{"@type":"ImageObject","inLanguage":"vi-VN","@id":"https:\/\/tandoorvietnam.com\/vi\/#\/schema\/logo\/image\/","url":"https:\/\/tandoorvietnam.com\/wp-content\/uploads\/2020\/07\/logo.png","contentUrl":"https:\/\/tandoorvietnam.com\/wp-content\/uploads\/2020\/07\/logo.png","width":133,"height":75,"caption":"Tandoor Vietnam"},"image":{"@id":"https:\/\/tandoorvietnam.com\/vi\/#\/schema\/logo\/image\/"},"sameAs":["https:\/\/www.facebook.com\/tandoor.hcmc\/"]}]}},"_links":{"self":[{"href":"https:\/\/tandoorvietnam.com\/vi\/wp-json\/wp\/v2\/product\/2935","targetHints":{"allow":["GET"]}}],"collection":[{"href":"https:\/\/tandoorvietnam.com\/vi\/wp-json\/wp\/v2\/product"}],"about":[{"href":"https:\/\/tandoorvietnam.com\/vi\/wp-json\/wp\/v2\/types\/product"}],"wp:featuredmedia":[{"embeddable":true,"href":"https:\/\/tandoorvietnam.com\/vi\/wp-json\/wp\/v2\/media\/2936"}],"wp:attachment":[{"href":"https:\/\/tandoorvietnam.com\/vi\/wp-json\/wp\/v2\/media?parent=2935"}],"wp:term":[{"taxonomy":"product_brand","embeddable":true,"href":"https:\/\/tandoorvietnam.com\/vi\/wp-json\/wp\/v2\/product_brand?post=2935"},{"taxonomy":"product_cat","embeddable":true,"href":"https:\/\/tandoorvietnam.com\/vi\/wp-json\/wp\/v2\/product_cat?post=2935"},{"taxonomy":"product_tag","embeddable":true,"href":"https:\/\/tandoorvietnam.com\/vi\/wp-json\/wp\/v2\/product_tag?post=2935"}],"curies":[{"name":"wp","href":"https:\/\/api.w.org\/{rel}","templated":true}]}}