{"id":2937,"date":"2020-06-26T11:30:54","date_gmt":"2020-06-26T11:30:54","guid":{"rendered":"http:\/\/tandoorvietnam.com\/product\/uncategorized\/samosa-cuu\/"},"modified":"2025-12-26T18:45:28","modified_gmt":"2025-12-26T11:45:28","slug":"samosa-cuu","status":"publish","type":"product","link":"https:\/\/tandoorvietnam.com\/vi\/sanpham\/cac-mon-khai-vi\/samosa-cuu\/","title":{"rendered":"Lamb Samosa (SAMOSA C\u1eeaU)"},"content":{"rendered":"<p>Samosa C\u1eebu l\u00e0 m\u1ed9t m\u00f3n \u0103n khai v\u1ecb truy\u1ec1n th\u1ed1ng c\u1ee7a \u1ea4n \u0110\u1ed9. T\u1ea1i Tandoor Vietnam, ch\u00fang t\u00f4i mang \u0111\u1ebfn cho b\u1ea1n m\u1ed9t phi\u00ean b\u1ea3n \u0111\u1eb7c bi\u1ec7t v\u1edbi nh\u00e2n c\u1eebu t\u01b0\u01a1i ngon, h\u00f2a quy\u1ec7n v\u1edbi c\u00e1c lo\u1ea1i gia v\u1ecb tinh t\u1ebf, v\u00e0 v\u1ecf b\u00e1nh gi\u00f2n r\u1ee5m.<\/p>\n<p>\u0110\u1ea7u ti\u00ean, ch\u00fang t\u00f4i ch\u1ecdn l\u1ef1a c\u1eebu t\u01b0\u01a1i ngon, sau \u0111\u00f3 th\u00e1i nh\u1ecf v\u00e0 n\u1ea5u ch\u00edn k\u1ef9 c\u00f9ng v\u1edbi c\u00e1c lo\u1ea1i gia v\u1ecb nh\u01b0 h\u00e0nh, t\u1ecfi, \u1edbt v\u00e0 c\u00e1c gia v\u1ecb \u1ea4n \u0110\u1ed9 \u0111\u1eb7c tr\u01b0ng. Nh\u00e2n c\u1eebu \u0111\u01b0\u1ee3c h\u00f2a quy\u1ec7n m\u1ed9t c\u00e1ch tinh t\u1ebf, t\u1ea1o ra h\u01b0\u01a1ng v\u1ecb \u0111\u1eadm \u0111\u00e0 v\u00e0 th\u01a1m ngon.<\/p>\n<p>V\u1ecf b\u00e1nh Samosa \u0111\u01b0\u1ee3c l\u00e0m t\u1eeb b\u1ed9t m\u00ec m\u1ecbn, \u0111\u01b0\u1ee3c nh\u1ed3i v\u00e0 u\u1ed1n cong theo h\u00ecnh tam gi\u00e1c. Sau \u0111\u00f3, ch\u00fang t\u00f4i chi\u00ean n\u00f3ng v\u1ecf b\u00e1nh cho \u0111\u1ebfn khi n\u00f3 tr\u1edf n\u00ean gi\u00f2n r\u1ee5m v\u00e0 v\u00e0ng \u00f3ng. S\u1ef1 k\u1ebft h\u1ee3p gi\u1eefa nh\u00e2n c\u1eebu th\u01a1m ngon v\u00e0 v\u1ecf b\u00e1nh gi\u00f2n r\u1ee5m t\u1ea1o n\u00ean m\u1ed9t tr\u1ea3i nghi\u1ec7m \u1ea9m th\u1ef1c tuy\u1ec7t v\u1eddi.<\/p>\n<p>Samosa C\u1eebu l\u00e0 m\u1ed9t m\u00f3n \u0103n khai v\u1ecb ph\u1ed5 bi\u1ebfn trong \u1ea9m th\u1ef1c \u1ea4n \u0110\u1ed9. \u0110\u00e2y l\u00e0 m\u00f3n \u0103n truy\u1ec1n th\u1ed1ng th\u01b0\u1eddng \u0111\u01b0\u1ee3c th\u01b0\u1edfng th\u1ee9c trong c\u00e1c bu\u1ed5i ti\u1ec7c v\u00e0 c\u0169ng l\u00e0 m\u1ed9t m\u00f3n \u0103n v\u1eb7t ph\u1ed5 bi\u1ebfn. B\u1ea1n c\u00f3 th\u1ec3 th\u01b0\u1edfng th\u1ee9c Samosa C\u1eebu m\u1ed9t m\u00ecnh ho\u1eb7c chia s\u1ebb c\u00f9ng b\u1ea1n b\u00e8 v\u00e0 gia \u0111\u00ecnh.<\/p>\n<p>T\u1ea1i <a href=\"https:\/\/tandoorvietnam.com\/vi\/\">Tandoor Vietnam<\/a>, ch\u00fang t\u00f4i cam k\u1ebft \u0111em \u0111\u1ebfn cho b\u1ea1n Samosa C\u1eebu t\u01b0\u01a1i ngon v\u00e0 \u0111\u00fang v\u1edbi h\u01b0\u01a1ng v\u1ecb truy\u1ec1n th\u1ed1ng c\u1ee7a \u1ea4n \u0110\u1ed9. H\u00e3y \u0111\u1ebfn v\u00e0 kh\u00e1m ph\u00e1 h\u01b0\u01a1ng v\u1ecb \u0111\u1eb7c tr\u01b0ng n\u00e0y v\u00e0 t\u1eadn h\u01b0\u1edfng nh\u1eefng tr\u1ea3i nghi\u1ec7m \u1ea9m th\u1ef1c tuy\u1ec7t v\u1eddi t\u1ea1i nh\u00e0 h\u00e0ng c\u1ee7a ch\u00fang t\u00f4i.<\/p>\n","protected":false},"excerpt":{"rendered":"<table width=\"723\">\n<tbody>\n<tr>\n<td width=\"412\">\u0110\u1eadu H\u00e0 Lan xanh v\u00e0 th\u1ecbt c\u1eebu b\u0103m nh\u1ecf cay (2 mi\u1ebfng)<\/td>\n<\/tr>\n<tr>\n<td width=\"412\"><em>B\u00e1nh g\u1ed1i gi\u00f2n gi\u00f2n \u0111\u1eadu tibo v\u00e0 th\u1ecbt x\u1ed1p b\u1eb1m<\/em><\/td>\n<\/tr>\n<\/tbody>\n<\/table>\n","protected":false},"featured_media":2938,"template":"","meta":[],"product_brand":[],"product_cat":[213],"product_tag":[],"class_list":{"0":"post-2937","1":"product","2":"type-product","3":"status-publish","4":"has-post-thumbnail","6":"product_cat-cac-mon-khai-vi","8":"first","9":"instock","10":"purchasable","11":"product-type-simple"},"yoast_head":"<!-- This site is optimized with the Yoast SEO Premium plugin v22.3 (Yoast SEO v27.4) - https:\/\/yoast.com\/product\/yoast-seo-premium-wordpress\/ -->\n<title>Lamb Samosa (SAMOSA C\u1eeaU) - Tandoor Vi\u1ec7t Nam<\/title>\n<meta name=\"description\" content=\"M\u00f3n Samosa C\u1eebu \u0111\u1eadm \u0111\u00e0 v\u1edbi nh\u00e2n c\u1eebu t\u01b0\u01a1i ngon, gia v\u1ecb tinh t\u1ebf v\u00e0 v\u1ecf b\u00e1nh gi\u00f2n r\u1ee5m. H\u00e3y kh\u00e1m ph\u00e1 h\u01b0\u01a1ng v\u1ecb \u0111\u1eb7c tr\u01b0ng c\u1ee7a \u1ea4n \u0110\u1ed9 t\u1ea1i Tandoor Vietnam.\" \/>\n<meta name=\"robots\" content=\"index, follow, max-snippet:-1, max-image-preview:large, max-video-preview:-1\" \/>\n<link rel=\"canonical\" href=\"https:\/\/tandoorvietnam.com\/vi\/sanpham\/cac-mon-khai-vi\/samosa-cuu\/\" \/>\n<meta property=\"og:locale\" content=\"vi_VN\" \/>\n<meta property=\"og:type\" content=\"article\" \/>\n<meta property=\"og:title\" content=\"Lamb Samosa (SAMOSA C\u1eeaU)\" \/>\n<meta property=\"og:description\" content=\"M\u00f3n Samosa C\u1eebu \u0111\u1eadm \u0111\u00e0 v\u1edbi nh\u00e2n c\u1eebu t\u01b0\u01a1i ngon, gia v\u1ecb tinh t\u1ebf v\u00e0 v\u1ecf b\u00e1nh gi\u00f2n r\u1ee5m. H\u00e3y kh\u00e1m ph\u00e1 h\u01b0\u01a1ng v\u1ecb \u0111\u1eb7c tr\u01b0ng c\u1ee7a \u1ea4n \u0110\u1ed9 t\u1ea1i Tandoor Vietnam.\" \/>\n<meta property=\"og:url\" content=\"https:\/\/tandoorvietnam.com\/vi\/sanpham\/cac-mon-khai-vi\/samosa-cuu\/\" \/>\n<meta property=\"og:site_name\" content=\"Tandoor Vi\u1ec7t Nam\" \/>\n<meta property=\"article:publisher\" content=\"https:\/\/www.facebook.com\/tandoor.hcmc\/\" \/>\n<meta property=\"article:modified_time\" content=\"2025-12-26T11:45:28+00:00\" \/>\n<meta property=\"og:image\" content=\"https:\/\/tandoorvietnam.com\/wp-content\/uploads\/2020\/06\/Lamb-Samosa.jpg\" \/>\n\t<meta property=\"og:image:width\" content=\"800\" \/>\n\t<meta property=\"og:image:height\" content=\"532\" \/>\n\t<meta property=\"og:image:type\" content=\"image\/jpeg\" \/>\n<meta name=\"twitter:card\" content=\"summary_large_image\" \/>\n<meta name=\"twitter:label1\" content=\"Est. reading time\" \/>\n\t<meta name=\"twitter:data1\" content=\"2 minutes\" \/>\n<script type=\"application\/ld+json\" class=\"yoast-schema-graph\">{\"@context\":\"https:\\\/\\\/schema.org\",\"@graph\":[{\"@type\":\"WebPage\",\"@id\":\"https:\\\/\\\/tandoorvietnam.com\\\/vi\\\/sanpham\\\/cac-mon-khai-vi\\\/samosa-cuu\\\/\",\"url\":\"https:\\\/\\\/tandoorvietnam.com\\\/vi\\\/sanpham\\\/cac-mon-khai-vi\\\/samosa-cuu\\\/\",\"name\":\"Lamb Samosa (SAMOSA C\u1eeaU) - Tandoor Vi\u1ec7t Nam\",\"isPartOf\":{\"@id\":\"https:\\\/\\\/tandoorvietnam.com\\\/vi\\\/#website\"},\"primaryImageOfPage\":{\"@id\":\"https:\\\/\\\/tandoorvietnam.com\\\/vi\\\/sanpham\\\/cac-mon-khai-vi\\\/samosa-cuu\\\/#primaryimage\"},\"image\":{\"@id\":\"https:\\\/\\\/tandoorvietnam.com\\\/vi\\\/sanpham\\\/cac-mon-khai-vi\\\/samosa-cuu\\\/#primaryimage\"},\"thumbnailUrl\":\"https:\\\/\\\/tandoorvietnam.com\\\/wp-content\\\/uploads\\\/2020\\\/06\\\/Lamb-Samosa.jpg\",\"datePublished\":\"2020-06-26T11:30:54+00:00\",\"dateModified\":\"2025-12-26T11:45:28+00:00\",\"description\":\"M\u00f3n Samosa C\u1eebu \u0111\u1eadm \u0111\u00e0 v\u1edbi nh\u00e2n c\u1eebu t\u01b0\u01a1i ngon, gia v\u1ecb tinh t\u1ebf v\u00e0 v\u1ecf b\u00e1nh gi\u00f2n r\u1ee5m. H\u00e3y kh\u00e1m ph\u00e1 h\u01b0\u01a1ng v\u1ecb \u0111\u1eb7c tr\u01b0ng c\u1ee7a \u1ea4n \u0110\u1ed9 t\u1ea1i Tandoor Vietnam.\",\"breadcrumb\":{\"@id\":\"https:\\\/\\\/tandoorvietnam.com\\\/vi\\\/sanpham\\\/cac-mon-khai-vi\\\/samosa-cuu\\\/#breadcrumb\"},\"inLanguage\":\"vi-VN\",\"potentialAction\":[{\"@type\":\"ReadAction\",\"target\":[\"https:\\\/\\\/tandoorvietnam.com\\\/vi\\\/sanpham\\\/cac-mon-khai-vi\\\/samosa-cuu\\\/\"]}]},{\"@type\":\"ImageObject\",\"inLanguage\":\"vi-VN\",\"@id\":\"https:\\\/\\\/tandoorvietnam.com\\\/vi\\\/sanpham\\\/cac-mon-khai-vi\\\/samosa-cuu\\\/#primaryimage\",\"url\":\"https:\\\/\\\/tandoorvietnam.com\\\/wp-content\\\/uploads\\\/2020\\\/06\\\/Lamb-Samosa.jpg\",\"contentUrl\":\"https:\\\/\\\/tandoorvietnam.com\\\/wp-content\\\/uploads\\\/2020\\\/06\\\/Lamb-Samosa.jpg\",\"width\":800,\"height\":532,\"caption\":\"SAMOSA C\u1eeaU\"},{\"@type\":\"BreadcrumbList\",\"@id\":\"https:\\\/\\\/tandoorvietnam.com\\\/vi\\\/sanpham\\\/cac-mon-khai-vi\\\/samosa-cuu\\\/#breadcrumb\",\"itemListElement\":[{\"@type\":\"ListItem\",\"position\":1,\"name\":\"Trang Ch\u1ee7\",\"item\":\"https:\\\/\\\/tandoorvietnam.com\\\/vi\\\/\"},{\"@type\":\"ListItem\",\"position\":2,\"name\":\"Shop\",\"item\":\"https:\\\/\\\/tandoorvietnam.com\\\/shop\\\/\"},{\"@type\":\"ListItem\",\"position\":3,\"name\":\"Lamb Samosa (SAMOSA C\u1eeaU)\"}]},{\"@type\":\"WebSite\",\"@id\":\"https:\\\/\\\/tandoorvietnam.com\\\/vi\\\/#website\",\"url\":\"https:\\\/\\\/tandoorvietnam.com\\\/vi\\\/\",\"name\":\"Tandoor Vietnam\",\"description\":\"Nh\u00e0 h\u00e0ng ngon h\u1ed3 ch\u00ed minh\",\"publisher\":{\"@id\":\"https:\\\/\\\/tandoorvietnam.com\\\/vi\\\/#organization\"},\"potentialAction\":[{\"@type\":\"SearchAction\",\"target\":{\"@type\":\"EntryPoint\",\"urlTemplate\":\"https:\\\/\\\/tandoorvietnam.com\\\/vi\\\/?s={search_term_string}\"},\"query-input\":{\"@type\":\"PropertyValueSpecification\",\"valueRequired\":true,\"valueName\":\"search_term_string\"}}],\"inLanguage\":\"vi-VN\"},{\"@type\":\"Organization\",\"@id\":\"https:\\\/\\\/tandoorvietnam.com\\\/vi\\\/#organization\",\"name\":\"Tandoor Vietnam\",\"url\":\"https:\\\/\\\/tandoorvietnam.com\\\/vi\\\/\",\"logo\":{\"@type\":\"ImageObject\",\"inLanguage\":\"vi-VN\",\"@id\":\"https:\\\/\\\/tandoorvietnam.com\\\/vi\\\/#\\\/schema\\\/logo\\\/image\\\/\",\"url\":\"https:\\\/\\\/tandoorvietnam.com\\\/wp-content\\\/uploads\\\/2020\\\/07\\\/logo.png\",\"contentUrl\":\"https:\\\/\\\/tandoorvietnam.com\\\/wp-content\\\/uploads\\\/2020\\\/07\\\/logo.png\",\"width\":133,\"height\":75,\"caption\":\"Tandoor Vietnam\"},\"image\":{\"@id\":\"https:\\\/\\\/tandoorvietnam.com\\\/vi\\\/#\\\/schema\\\/logo\\\/image\\\/\"},\"sameAs\":[\"https:\\\/\\\/www.facebook.com\\\/tandoor.hcmc\\\/\"]}]}<\/script>\n<!-- \/ Yoast SEO Premium plugin. -->","yoast_head_json":{"title":"Lamb Samosa (SAMOSA C\u1eeaU) - Tandoor Vi\u1ec7t Nam","description":"M\u00f3n Samosa C\u1eebu \u0111\u1eadm \u0111\u00e0 v\u1edbi nh\u00e2n c\u1eebu t\u01b0\u01a1i ngon, gia v\u1ecb tinh t\u1ebf v\u00e0 v\u1ecf b\u00e1nh gi\u00f2n r\u1ee5m. H\u00e3y kh\u00e1m ph\u00e1 h\u01b0\u01a1ng v\u1ecb \u0111\u1eb7c tr\u01b0ng c\u1ee7a \u1ea4n \u0110\u1ed9 t\u1ea1i Tandoor Vietnam.","robots":{"index":"index","follow":"follow","max-snippet":"max-snippet:-1","max-image-preview":"max-image-preview:large","max-video-preview":"max-video-preview:-1"},"canonical":"https:\/\/tandoorvietnam.com\/vi\/sanpham\/cac-mon-khai-vi\/samosa-cuu\/","og_locale":"vi_VN","og_type":"article","og_title":"Lamb Samosa (SAMOSA C\u1eeaU)","og_description":"M\u00f3n Samosa C\u1eebu \u0111\u1eadm \u0111\u00e0 v\u1edbi nh\u00e2n c\u1eebu t\u01b0\u01a1i ngon, gia v\u1ecb tinh t\u1ebf v\u00e0 v\u1ecf b\u00e1nh gi\u00f2n r\u1ee5m. H\u00e3y kh\u00e1m ph\u00e1 h\u01b0\u01a1ng v\u1ecb \u0111\u1eb7c tr\u01b0ng c\u1ee7a \u1ea4n \u0110\u1ed9 t\u1ea1i Tandoor Vietnam.","og_url":"https:\/\/tandoorvietnam.com\/vi\/sanpham\/cac-mon-khai-vi\/samosa-cuu\/","og_site_name":"Tandoor Vi\u1ec7t Nam","article_publisher":"https:\/\/www.facebook.com\/tandoor.hcmc\/","article_modified_time":"2025-12-26T11:45:28+00:00","og_image":[{"width":800,"height":532,"url":"https:\/\/tandoorvietnam.com\/wp-content\/uploads\/2020\/06\/Lamb-Samosa.jpg","type":"image\/jpeg"}],"twitter_card":"summary_large_image","twitter_misc":{"Est. reading time":"2 minutes"},"schema":{"@context":"https:\/\/schema.org","@graph":[{"@type":"WebPage","@id":"https:\/\/tandoorvietnam.com\/vi\/sanpham\/cac-mon-khai-vi\/samosa-cuu\/","url":"https:\/\/tandoorvietnam.com\/vi\/sanpham\/cac-mon-khai-vi\/samosa-cuu\/","name":"Lamb Samosa (SAMOSA C\u1eeaU) - Tandoor Vi\u1ec7t Nam","isPartOf":{"@id":"https:\/\/tandoorvietnam.com\/vi\/#website"},"primaryImageOfPage":{"@id":"https:\/\/tandoorvietnam.com\/vi\/sanpham\/cac-mon-khai-vi\/samosa-cuu\/#primaryimage"},"image":{"@id":"https:\/\/tandoorvietnam.com\/vi\/sanpham\/cac-mon-khai-vi\/samosa-cuu\/#primaryimage"},"thumbnailUrl":"https:\/\/tandoorvietnam.com\/wp-content\/uploads\/2020\/06\/Lamb-Samosa.jpg","datePublished":"2020-06-26T11:30:54+00:00","dateModified":"2025-12-26T11:45:28+00:00","description":"M\u00f3n Samosa C\u1eebu \u0111\u1eadm \u0111\u00e0 v\u1edbi nh\u00e2n c\u1eebu t\u01b0\u01a1i ngon, gia v\u1ecb tinh t\u1ebf v\u00e0 v\u1ecf b\u00e1nh gi\u00f2n r\u1ee5m. H\u00e3y kh\u00e1m ph\u00e1 h\u01b0\u01a1ng v\u1ecb \u0111\u1eb7c tr\u01b0ng c\u1ee7a \u1ea4n \u0110\u1ed9 t\u1ea1i Tandoor Vietnam.","breadcrumb":{"@id":"https:\/\/tandoorvietnam.com\/vi\/sanpham\/cac-mon-khai-vi\/samosa-cuu\/#breadcrumb"},"inLanguage":"vi-VN","potentialAction":[{"@type":"ReadAction","target":["https:\/\/tandoorvietnam.com\/vi\/sanpham\/cac-mon-khai-vi\/samosa-cuu\/"]}]},{"@type":"ImageObject","inLanguage":"vi-VN","@id":"https:\/\/tandoorvietnam.com\/vi\/sanpham\/cac-mon-khai-vi\/samosa-cuu\/#primaryimage","url":"https:\/\/tandoorvietnam.com\/wp-content\/uploads\/2020\/06\/Lamb-Samosa.jpg","contentUrl":"https:\/\/tandoorvietnam.com\/wp-content\/uploads\/2020\/06\/Lamb-Samosa.jpg","width":800,"height":532,"caption":"SAMOSA C\u1eeaU"},{"@type":"BreadcrumbList","@id":"https:\/\/tandoorvietnam.com\/vi\/sanpham\/cac-mon-khai-vi\/samosa-cuu\/#breadcrumb","itemListElement":[{"@type":"ListItem","position":1,"name":"Trang Ch\u1ee7","item":"https:\/\/tandoorvietnam.com\/vi\/"},{"@type":"ListItem","position":2,"name":"Shop","item":"https:\/\/tandoorvietnam.com\/shop\/"},{"@type":"ListItem","position":3,"name":"Lamb Samosa (SAMOSA C\u1eeaU)"}]},{"@type":"WebSite","@id":"https:\/\/tandoorvietnam.com\/vi\/#website","url":"https:\/\/tandoorvietnam.com\/vi\/","name":"Tandoor Vietnam","description":"Nh\u00e0 h\u00e0ng ngon h\u1ed3 ch\u00ed minh","publisher":{"@id":"https:\/\/tandoorvietnam.com\/vi\/#organization"},"potentialAction":[{"@type":"SearchAction","target":{"@type":"EntryPoint","urlTemplate":"https:\/\/tandoorvietnam.com\/vi\/?s={search_term_string}"},"query-input":{"@type":"PropertyValueSpecification","valueRequired":true,"valueName":"search_term_string"}}],"inLanguage":"vi-VN"},{"@type":"Organization","@id":"https:\/\/tandoorvietnam.com\/vi\/#organization","name":"Tandoor Vietnam","url":"https:\/\/tandoorvietnam.com\/vi\/","logo":{"@type":"ImageObject","inLanguage":"vi-VN","@id":"https:\/\/tandoorvietnam.com\/vi\/#\/schema\/logo\/image\/","url":"https:\/\/tandoorvietnam.com\/wp-content\/uploads\/2020\/07\/logo.png","contentUrl":"https:\/\/tandoorvietnam.com\/wp-content\/uploads\/2020\/07\/logo.png","width":133,"height":75,"caption":"Tandoor Vietnam"},"image":{"@id":"https:\/\/tandoorvietnam.com\/vi\/#\/schema\/logo\/image\/"},"sameAs":["https:\/\/www.facebook.com\/tandoor.hcmc\/"]}]}},"_links":{"self":[{"href":"https:\/\/tandoorvietnam.com\/vi\/wp-json\/wp\/v2\/product\/2937","targetHints":{"allow":["GET"]}}],"collection":[{"href":"https:\/\/tandoorvietnam.com\/vi\/wp-json\/wp\/v2\/product"}],"about":[{"href":"https:\/\/tandoorvietnam.com\/vi\/wp-json\/wp\/v2\/types\/product"}],"wp:featuredmedia":[{"embeddable":true,"href":"https:\/\/tandoorvietnam.com\/vi\/wp-json\/wp\/v2\/media\/2938"}],"wp:attachment":[{"href":"https:\/\/tandoorvietnam.com\/vi\/wp-json\/wp\/v2\/media?parent=2937"}],"wp:term":[{"taxonomy":"product_brand","embeddable":true,"href":"https:\/\/tandoorvietnam.com\/vi\/wp-json\/wp\/v2\/product_brand?post=2937"},{"taxonomy":"product_cat","embeddable":true,"href":"https:\/\/tandoorvietnam.com\/vi\/wp-json\/wp\/v2\/product_cat?post=2937"},{"taxonomy":"product_tag","embeddable":true,"href":"https:\/\/tandoorvietnam.com\/vi\/wp-json\/wp\/v2\/product_tag?post=2937"}],"curies":[{"name":"wp","href":"https:\/\/api.w.org\/{rel}","templated":true}]}}