{"id":2939,"date":"2020-06-26T11:29:46","date_gmt":"2020-06-26T11:29:46","guid":{"rendered":"http:\/\/tandoorvietnam.com\/product\/uncategorized\/khai-vi-thap-cam-lon\/"},"modified":"2023-05-20T14:06:04","modified_gmt":"2023-05-20T14:06:04","slug":"khai-vi-thap-cam-lon","status":"publish","type":"product","link":"https:\/\/tandoorvietnam.com\/vi\/sanpham\/cac-mon-khai-vi\/khai-vi-thap-cam-lon\/","title":{"rendered":"Mix platter Big - 3 pcs of 7 items (KHAI V\u1eca TH\u1eacP C\u1ea8M L\u1edaN)"},"content":{"rendered":"<p>Khai v\u1ecb th\u1eadp c\u1ea9m l\u1edbn t\u1ea1i Tandoor Vietnam l\u00e0 m\u1ed9t tr\u1ea3i nghi\u1ec7m \u1ea9m th\u1ef1c tuy\u1ec7t v\u1eddi d\u00e0nh cho nh\u1eefng ng\u01b0\u1eddi y\u00eau th\u00edch h\u01b0\u01a1ng v\u1ecb \u1ea4n \u0110\u1ed9 \u0111a d\u1ea1ng. \u0110\u01b0\u1ee3c ph\u1ee5c v\u1ee5 tr\u00ean m\u1ed9t \u0111\u0129a l\u1edbn, khai v\u1ecb n\u00e0y bao g\u1ed3m m\u1ed9t lo\u1ea1t c\u00e1c m\u00f3n \u0103n khai v\u1ecb truy\u1ec1n th\u1ed1ng v\u00e0 \u0111\u1eb7c s\u1eafc.<\/p>\n<p>\u0110\u0129a khai v\u1ecb th\u1eadp c\u1ea9m l\u1edbn g\u1ed3m c\u00f3 c\u00e1c m\u00f3n nh\u01b0 Pakora (b\u00e1nh r\u00e1n chi\u00ean gi\u00f2n), Samosa (b\u00e1nh s\u00e2m-b\u00f4-sa nh\u00e2n rau), Paneer Tikka (\u0111\u1eadu ph\u1ee5 n\u01b0\u1edbng gia v\u1ecb), Chicken Tikka (th\u1ecbt g\u00e0 n\u01b0\u1edbng gia v\u1ecb), Seekh Kebab (k\u1eb9p x\u00f4i n\u01b0\u1edbng), v\u00e0 nhi\u1ec1u m\u00f3n kh\u00e1c. M\u1ed7i m\u00f3n \u0111\u1ec1u c\u00f3 h\u01b0\u01a1ng v\u1ecb ri\u00eang bi\u1ec7t v\u00e0 k\u1ebft h\u1ee3p c\u00f9ng nhau t\u1ea1o th\u00e0nh m\u1ed9t tr\u1ea3i nghi\u1ec7m \u1ea9m th\u1ef1c \u0111a d\u1ea1ng v\u00e0 phong ph\u00fa.<\/p>\n<p>C\u00e1c m\u00f3n khai v\u1ecb trong \u0111\u0129a th\u1eadp c\u1ea9m l\u1edbn \u0111\u01b0\u1ee3c ch\u1ebf bi\u1ebfn t\u1eeb c\u00e1c nguy\u00ean li\u1ec7u t\u01b0\u01a1i ngon v\u00e0 \u0111\u01b0\u1ee3c \u01b0\u1edbp th\u1ea5m gia v\u1ecb \u1ea4n \u0110\u1ed9 \u0111\u1eb7c tr\u01b0ng. T\u1eeb nh\u1eefng m\u00f3n nh\u00e2n rau \u0111\u1eadm \u0111\u00e0 cho \u0111\u1ebfn nh\u1eefng m\u00f3n th\u1ecbt g\u00e0 n\u01b0\u1edbng th\u01a1m ngon, m\u1ed7i mi\u1ebfng khai v\u1ecb mang \u0111\u1ebfn m\u1ed9t h\u01b0\u01a1ng v\u1ecb \u0111\u1ed9c \u0111\u00e1o v\u00e0 h\u1ea5p d\u1eabn.<\/p>\n<p>Mix platter Big l\u00e0 l\u1ef1a ch\u1ecdn ho\u00e0n h\u1ea3o \u0111\u1ec3 b\u1eaft \u0111\u1ea7u b\u1eefa \u0103n t\u1ea1i Tandoor Vietnam. N\u00f3 kh\u00f4ng ch\u1ec9 l\u00e0 m\u1ed9t b\u01b0\u1edbc v\u00e0o th\u1ebf gi\u1edbi \u1ea9m th\u1ef1c \u1ea4n \u0110\u1ed9 m\u00e0 c\u00f2n l\u00e0 m\u1ed9t c\u00e1ch tuy\u1ec7t v\u1eddi \u0111\u1ec3 kh\u00e1m ph\u00e1 \u0111a d\u1ea1ng v\u00e0 phong ph\u00fa c\u1ee7a h\u01b0\u01a1ng v\u1ecb v\u00e0 m\u00f3n \u0103n truy\u1ec1n th\u1ed1ng.<\/p>\n<p>\u0110\u1ebfn v\u1edbi <a href=\"https:\/\/tandoorvietnam.com\/\">Tandoor Vietnam<\/a> v\u00e0 th\u01b0\u1edfng th\u1ee9c \u0111\u0129a Mix platter Big, b\u1ea1n s\u1ebd \u0111\u01b0\u1ee3c tr\u1ea3i nghi\u1ec7m m\u1ed9t h\u00e0nh tr\u00ecnh \u1ea9m th\u1ef1c \u0111\u1eb7c bi\u1ec7t, t\u1eeb nh\u1eefng mi\u1ebfng nh\u1ea5m nh\u00e1p \u0111\u1ea7u ti\u00ean cho \u0111\u1ebfn nh\u1eefng tr\u00f2 chuy\u1ec7n v\u00e0 c\u1ea3m nh\u1eadn h\u01b0\u01a1ng v\u1ecb \u0111\u1ed9c \u0111\u00e1o c\u1ee7a \u1ea9m th\u1ef1c \u1ea4n \u0110\u1ed9.<\/p>\n","protected":false},"excerpt":{"rendered":"<p>S\u1ef1 l\u1ef1a ch\u1ecdn c\u1ee7a b\u1ea1n: Cocktail veg Samosa, Veg Pakora, Gobi Pakora, Paneer Pakora, Egg pakora, Potato \/ Onion \/ Capsicum \/ chilli Bhaji, Aloo Tikki.<\/p>\n<p><strong>L\u1edbn<\/strong><\/p>\n","protected":false},"featured_media":2940,"template":"","meta":[],"product_brand":[],"product_cat":[213],"product_tag":[],"class_list":{"0":"post-2939","1":"product","2":"type-product","3":"status-publish","4":"has-post-thumbnail","6":"product_cat-cac-mon-khai-vi","8":"first","9":"instock","10":"purchasable","11":"product-type-simple"},"yoast_head":"<!-- This site is optimized with the Yoast SEO Premium plugin v22.3 (Yoast SEO v27.4) - https:\/\/yoast.com\/product\/yoast-seo-premium-wordpress\/ -->\n<title>Mix platter Big - 3 pcs of 7 items (KHAI V\u1eca TH\u1eacP C\u1ea8M L\u1edaN)<\/title>\n<meta name=\"description\" content=\"Khai v\u1ecb th\u1eadp c\u1ea9m l\u1edbn t\u1ea1i Tandoor Vietnam - m\u1ed9t s\u1ef1 k\u1ebft h\u1ee3p tuy\u1ec7t v\u1eddi c\u1ee7a c\u00e1c m\u00f3n khai v\u1ecb \u0111a d\u1ea1ng, \u0111\u1eadm \u0111\u00e0 v\u00e0 \u0111\u1eb7c s\u1eafc t\u1eeb \u1ea4n \u0110\u1ed9.\" \/>\n<meta name=\"robots\" content=\"index, follow, max-snippet:-1, max-image-preview:large, max-video-preview:-1\" \/>\n<link rel=\"canonical\" href=\"https:\/\/tandoorvietnam.com\/vi\/sanpham\/cac-mon-khai-vi\/khai-vi-thap-cam-lon\/\" \/>\n<meta property=\"og:locale\" content=\"vi_VN\" \/>\n<meta property=\"og:type\" content=\"article\" \/>\n<meta property=\"og:title\" content=\"Mix platter Big - 3 pcs of 7 items (KHAI V\u1eca TH\u1eacP C\u1ea8M L\u1edaN)\" \/>\n<meta property=\"og:description\" content=\"Khai v\u1ecb th\u1eadp c\u1ea9m l\u1edbn t\u1ea1i Tandoor Vietnam - m\u1ed9t s\u1ef1 k\u1ebft h\u1ee3p tuy\u1ec7t v\u1eddi c\u1ee7a c\u00e1c m\u00f3n khai v\u1ecb \u0111a d\u1ea1ng, \u0111\u1eadm \u0111\u00e0 v\u00e0 \u0111\u1eb7c s\u1eafc t\u1eeb \u1ea4n \u0110\u1ed9.\" \/>\n<meta property=\"og:url\" content=\"https:\/\/tandoorvietnam.com\/vi\/sanpham\/cac-mon-khai-vi\/khai-vi-thap-cam-lon\/\" \/>\n<meta property=\"og:site_name\" content=\"Tandoor Vi\u1ec7t Nam\" \/>\n<meta property=\"article:publisher\" content=\"https:\/\/www.facebook.com\/tandoor.hcmc\/\" \/>\n<meta property=\"article:modified_time\" content=\"2023-05-20T14:06:04+00:00\" \/>\n<meta property=\"og:image\" content=\"https:\/\/tandoorvietnam.com\/wp-content\/uploads\/2020\/06\/Mix-platter-big.jpg\" \/>\n\t<meta property=\"og:image:width\" content=\"800\" \/>\n\t<meta property=\"og:image:height\" content=\"800\" \/>\n\t<meta property=\"og:image:type\" content=\"image\/jpeg\" \/>\n<meta name=\"twitter:card\" content=\"summary_large_image\" \/>\n<meta name=\"twitter:label1\" content=\"Est. reading time\" \/>\n\t<meta name=\"twitter:data1\" content=\"2 minutes\" \/>\n<script type=\"application\/ld+json\" class=\"yoast-schema-graph\">{\"@context\":\"https:\\\/\\\/schema.org\",\"@graph\":[{\"@type\":\"WebPage\",\"@id\":\"https:\\\/\\\/tandoorvietnam.com\\\/vi\\\/sanpham\\\/cac-mon-khai-vi\\\/khai-vi-thap-cam-lon\\\/\",\"url\":\"https:\\\/\\\/tandoorvietnam.com\\\/vi\\\/sanpham\\\/cac-mon-khai-vi\\\/khai-vi-thap-cam-lon\\\/\",\"name\":\"Mix platter Big - 3 pcs of 7 items (KHAI V\u1eca TH\u1eacP C\u1ea8M L\u1edaN)\",\"isPartOf\":{\"@id\":\"https:\\\/\\\/tandoorvietnam.com\\\/vi\\\/#website\"},\"primaryImageOfPage\":{\"@id\":\"https:\\\/\\\/tandoorvietnam.com\\\/vi\\\/sanpham\\\/cac-mon-khai-vi\\\/khai-vi-thap-cam-lon\\\/#primaryimage\"},\"image\":{\"@id\":\"https:\\\/\\\/tandoorvietnam.com\\\/vi\\\/sanpham\\\/cac-mon-khai-vi\\\/khai-vi-thap-cam-lon\\\/#primaryimage\"},\"thumbnailUrl\":\"https:\\\/\\\/tandoorvietnam.com\\\/wp-content\\\/uploads\\\/2020\\\/06\\\/Mix-platter-big.jpg\",\"datePublished\":\"2020-06-26T11:29:46+00:00\",\"dateModified\":\"2023-05-20T14:06:04+00:00\",\"description\":\"Khai v\u1ecb th\u1eadp c\u1ea9m l\u1edbn t\u1ea1i Tandoor Vietnam - m\u1ed9t s\u1ef1 k\u1ebft h\u1ee3p tuy\u1ec7t v\u1eddi c\u1ee7a c\u00e1c m\u00f3n khai v\u1ecb \u0111a d\u1ea1ng, \u0111\u1eadm \u0111\u00e0 v\u00e0 \u0111\u1eb7c s\u1eafc t\u1eeb \u1ea4n \u0110\u1ed9.\",\"breadcrumb\":{\"@id\":\"https:\\\/\\\/tandoorvietnam.com\\\/vi\\\/sanpham\\\/cac-mon-khai-vi\\\/khai-vi-thap-cam-lon\\\/#breadcrumb\"},\"inLanguage\":\"vi-VN\",\"potentialAction\":[{\"@type\":\"ReadAction\",\"target\":[\"https:\\\/\\\/tandoorvietnam.com\\\/vi\\\/sanpham\\\/cac-mon-khai-vi\\\/khai-vi-thap-cam-lon\\\/\"]}]},{\"@type\":\"ImageObject\",\"inLanguage\":\"vi-VN\",\"@id\":\"https:\\\/\\\/tandoorvietnam.com\\\/vi\\\/sanpham\\\/cac-mon-khai-vi\\\/khai-vi-thap-cam-lon\\\/#primaryimage\",\"url\":\"https:\\\/\\\/tandoorvietnam.com\\\/wp-content\\\/uploads\\\/2020\\\/06\\\/Mix-platter-big.jpg\",\"contentUrl\":\"https:\\\/\\\/tandoorvietnam.com\\\/wp-content\\\/uploads\\\/2020\\\/06\\\/Mix-platter-big.jpg\",\"width\":800,\"height\":800,\"caption\":\"KHAI V\u1eca TH\u1eacP C\u1ea8M L\u1edaN\"},{\"@type\":\"BreadcrumbList\",\"@id\":\"https:\\\/\\\/tandoorvietnam.com\\\/vi\\\/sanpham\\\/cac-mon-khai-vi\\\/khai-vi-thap-cam-lon\\\/#breadcrumb\",\"itemListElement\":[{\"@type\":\"ListItem\",\"position\":1,\"name\":\"Trang Ch\u1ee7\",\"item\":\"https:\\\/\\\/tandoorvietnam.com\\\/vi\\\/\"},{\"@type\":\"ListItem\",\"position\":2,\"name\":\"Shop\",\"item\":\"https:\\\/\\\/tandoorvietnam.com\\\/shop\\\/\"},{\"@type\":\"ListItem\",\"position\":3,\"name\":\"Mix platter Big &#8211; 3 pcs of 7 items (KHAI V\u1eca TH\u1eacP C\u1ea8M L\u1edaN)\"}]},{\"@type\":\"WebSite\",\"@id\":\"https:\\\/\\\/tandoorvietnam.com\\\/vi\\\/#website\",\"url\":\"https:\\\/\\\/tandoorvietnam.com\\\/vi\\\/\",\"name\":\"Tandoor Vietnam\",\"description\":\"Nh\u00e0 h\u00e0ng ngon h\u1ed3 ch\u00ed minh\",\"publisher\":{\"@id\":\"https:\\\/\\\/tandoorvietnam.com\\\/vi\\\/#organization\"},\"potentialAction\":[{\"@type\":\"SearchAction\",\"target\":{\"@type\":\"EntryPoint\",\"urlTemplate\":\"https:\\\/\\\/tandoorvietnam.com\\\/vi\\\/?s={search_term_string}\"},\"query-input\":{\"@type\":\"PropertyValueSpecification\",\"valueRequired\":true,\"valueName\":\"search_term_string\"}}],\"inLanguage\":\"vi-VN\"},{\"@type\":\"Organization\",\"@id\":\"https:\\\/\\\/tandoorvietnam.com\\\/vi\\\/#organization\",\"name\":\"Tandoor Vietnam\",\"url\":\"https:\\\/\\\/tandoorvietnam.com\\\/vi\\\/\",\"logo\":{\"@type\":\"ImageObject\",\"inLanguage\":\"vi-VN\",\"@id\":\"https:\\\/\\\/tandoorvietnam.com\\\/vi\\\/#\\\/schema\\\/logo\\\/image\\\/\",\"url\":\"https:\\\/\\\/tandoorvietnam.com\\\/wp-content\\\/uploads\\\/2020\\\/07\\\/logo.png\",\"contentUrl\":\"https:\\\/\\\/tandoorvietnam.com\\\/wp-content\\\/uploads\\\/2020\\\/07\\\/logo.png\",\"width\":133,\"height\":75,\"caption\":\"Tandoor Vietnam\"},\"image\":{\"@id\":\"https:\\\/\\\/tandoorvietnam.com\\\/vi\\\/#\\\/schema\\\/logo\\\/image\\\/\"},\"sameAs\":[\"https:\\\/\\\/www.facebook.com\\\/tandoor.hcmc\\\/\"]}]}<\/script>\n<!-- \/ Yoast SEO Premium plugin. -->","yoast_head_json":{"title":"Mix platter Big - 3 pcs of 7 items (KHAI V\u1eca TH\u1eacP C\u1ea8M L\u1edaN)","description":"Khai v\u1ecb th\u1eadp c\u1ea9m l\u1edbn t\u1ea1i Tandoor Vietnam - m\u1ed9t s\u1ef1 k\u1ebft h\u1ee3p tuy\u1ec7t v\u1eddi c\u1ee7a c\u00e1c m\u00f3n khai v\u1ecb \u0111a d\u1ea1ng, \u0111\u1eadm \u0111\u00e0 v\u00e0 \u0111\u1eb7c s\u1eafc t\u1eeb \u1ea4n \u0110\u1ed9.","robots":{"index":"index","follow":"follow","max-snippet":"max-snippet:-1","max-image-preview":"max-image-preview:large","max-video-preview":"max-video-preview:-1"},"canonical":"https:\/\/tandoorvietnam.com\/vi\/sanpham\/cac-mon-khai-vi\/khai-vi-thap-cam-lon\/","og_locale":"vi_VN","og_type":"article","og_title":"Mix platter Big - 3 pcs of 7 items (KHAI V\u1eca TH\u1eacP C\u1ea8M L\u1edaN)","og_description":"Khai v\u1ecb th\u1eadp c\u1ea9m l\u1edbn t\u1ea1i Tandoor Vietnam - m\u1ed9t s\u1ef1 k\u1ebft h\u1ee3p tuy\u1ec7t v\u1eddi c\u1ee7a c\u00e1c m\u00f3n khai v\u1ecb \u0111a d\u1ea1ng, \u0111\u1eadm \u0111\u00e0 v\u00e0 \u0111\u1eb7c s\u1eafc t\u1eeb \u1ea4n \u0110\u1ed9.","og_url":"https:\/\/tandoorvietnam.com\/vi\/sanpham\/cac-mon-khai-vi\/khai-vi-thap-cam-lon\/","og_site_name":"Tandoor Vi\u1ec7t Nam","article_publisher":"https:\/\/www.facebook.com\/tandoor.hcmc\/","article_modified_time":"2023-05-20T14:06:04+00:00","og_image":[{"width":800,"height":800,"url":"https:\/\/tandoorvietnam.com\/wp-content\/uploads\/2020\/06\/Mix-platter-big.jpg","type":"image\/jpeg"}],"twitter_card":"summary_large_image","twitter_misc":{"Est. reading time":"2 minutes"},"schema":{"@context":"https:\/\/schema.org","@graph":[{"@type":"WebPage","@id":"https:\/\/tandoorvietnam.com\/vi\/sanpham\/cac-mon-khai-vi\/khai-vi-thap-cam-lon\/","url":"https:\/\/tandoorvietnam.com\/vi\/sanpham\/cac-mon-khai-vi\/khai-vi-thap-cam-lon\/","name":"Mix platter Big - 3 pcs of 7 items (KHAI V\u1eca TH\u1eacP C\u1ea8M L\u1edaN)","isPartOf":{"@id":"https:\/\/tandoorvietnam.com\/vi\/#website"},"primaryImageOfPage":{"@id":"https:\/\/tandoorvietnam.com\/vi\/sanpham\/cac-mon-khai-vi\/khai-vi-thap-cam-lon\/#primaryimage"},"image":{"@id":"https:\/\/tandoorvietnam.com\/vi\/sanpham\/cac-mon-khai-vi\/khai-vi-thap-cam-lon\/#primaryimage"},"thumbnailUrl":"https:\/\/tandoorvietnam.com\/wp-content\/uploads\/2020\/06\/Mix-platter-big.jpg","datePublished":"2020-06-26T11:29:46+00:00","dateModified":"2023-05-20T14:06:04+00:00","description":"Khai v\u1ecb th\u1eadp c\u1ea9m l\u1edbn t\u1ea1i Tandoor Vietnam - m\u1ed9t s\u1ef1 k\u1ebft h\u1ee3p tuy\u1ec7t v\u1eddi c\u1ee7a c\u00e1c m\u00f3n khai v\u1ecb \u0111a d\u1ea1ng, \u0111\u1eadm \u0111\u00e0 v\u00e0 \u0111\u1eb7c s\u1eafc t\u1eeb \u1ea4n \u0110\u1ed9.","breadcrumb":{"@id":"https:\/\/tandoorvietnam.com\/vi\/sanpham\/cac-mon-khai-vi\/khai-vi-thap-cam-lon\/#breadcrumb"},"inLanguage":"vi-VN","potentialAction":[{"@type":"ReadAction","target":["https:\/\/tandoorvietnam.com\/vi\/sanpham\/cac-mon-khai-vi\/khai-vi-thap-cam-lon\/"]}]},{"@type":"ImageObject","inLanguage":"vi-VN","@id":"https:\/\/tandoorvietnam.com\/vi\/sanpham\/cac-mon-khai-vi\/khai-vi-thap-cam-lon\/#primaryimage","url":"https:\/\/tandoorvietnam.com\/wp-content\/uploads\/2020\/06\/Mix-platter-big.jpg","contentUrl":"https:\/\/tandoorvietnam.com\/wp-content\/uploads\/2020\/06\/Mix-platter-big.jpg","width":800,"height":800,"caption":"KHAI V\u1eca TH\u1eacP C\u1ea8M L\u1edaN"},{"@type":"BreadcrumbList","@id":"https:\/\/tandoorvietnam.com\/vi\/sanpham\/cac-mon-khai-vi\/khai-vi-thap-cam-lon\/#breadcrumb","itemListElement":[{"@type":"ListItem","position":1,"name":"Trang Ch\u1ee7","item":"https:\/\/tandoorvietnam.com\/vi\/"},{"@type":"ListItem","position":2,"name":"Shop","item":"https:\/\/tandoorvietnam.com\/shop\/"},{"@type":"ListItem","position":3,"name":"Mix platter Big &#8211; 3 pcs of 7 items (KHAI V\u1eca TH\u1eacP C\u1ea8M L\u1edaN)"}]},{"@type":"WebSite","@id":"https:\/\/tandoorvietnam.com\/vi\/#website","url":"https:\/\/tandoorvietnam.com\/vi\/","name":"Tandoor Vietnam","description":"Nh\u00e0 h\u00e0ng ngon h\u1ed3 ch\u00ed minh","publisher":{"@id":"https:\/\/tandoorvietnam.com\/vi\/#organization"},"potentialAction":[{"@type":"SearchAction","target":{"@type":"EntryPoint","urlTemplate":"https:\/\/tandoorvietnam.com\/vi\/?s={search_term_string}"},"query-input":{"@type":"PropertyValueSpecification","valueRequired":true,"valueName":"search_term_string"}}],"inLanguage":"vi-VN"},{"@type":"Organization","@id":"https:\/\/tandoorvietnam.com\/vi\/#organization","name":"Tandoor Vietnam","url":"https:\/\/tandoorvietnam.com\/vi\/","logo":{"@type":"ImageObject","inLanguage":"vi-VN","@id":"https:\/\/tandoorvietnam.com\/vi\/#\/schema\/logo\/image\/","url":"https:\/\/tandoorvietnam.com\/wp-content\/uploads\/2020\/07\/logo.png","contentUrl":"https:\/\/tandoorvietnam.com\/wp-content\/uploads\/2020\/07\/logo.png","width":133,"height":75,"caption":"Tandoor Vietnam"},"image":{"@id":"https:\/\/tandoorvietnam.com\/vi\/#\/schema\/logo\/image\/"},"sameAs":["https:\/\/www.facebook.com\/tandoor.hcmc\/"]}]}},"_links":{"self":[{"href":"https:\/\/tandoorvietnam.com\/vi\/wp-json\/wp\/v2\/product\/2939","targetHints":{"allow":["GET"]}}],"collection":[{"href":"https:\/\/tandoorvietnam.com\/vi\/wp-json\/wp\/v2\/product"}],"about":[{"href":"https:\/\/tandoorvietnam.com\/vi\/wp-json\/wp\/v2\/types\/product"}],"wp:featuredmedia":[{"embeddable":true,"href":"https:\/\/tandoorvietnam.com\/vi\/wp-json\/wp\/v2\/media\/2940"}],"wp:attachment":[{"href":"https:\/\/tandoorvietnam.com\/vi\/wp-json\/wp\/v2\/media?parent=2939"}],"wp:term":[{"taxonomy":"product_brand","embeddable":true,"href":"https:\/\/tandoorvietnam.com\/vi\/wp-json\/wp\/v2\/product_brand?post=2939"},{"taxonomy":"product_cat","embeddable":true,"href":"https:\/\/tandoorvietnam.com\/vi\/wp-json\/wp\/v2\/product_cat?post=2939"},{"taxonomy":"product_tag","embeddable":true,"href":"https:\/\/tandoorvietnam.com\/vi\/wp-json\/wp\/v2\/product_tag?post=2939"}],"curies":[{"name":"wp","href":"https:\/\/api.w.org\/{rel}","templated":true}]}}