{"id":2944,"date":"2020-06-16T14:10:58","date_gmt":"2021-04-10T11:43:19","guid":{"rendered":"http:\/\/tandoorvietnam.com\/product\/uncategorized\/hanh-tay-cay-chien-gion\/"},"modified":"2023-05-20T16:26:17","modified_gmt":"2023-05-20T16:26:17","slug":"hanh-tay-cay-chien-gion","status":"publish","type":"product","link":"https:\/\/tandoorvietnam.com\/vi\/sanpham\/cac-mon-khai-vi\/hanh-tay-cay-chien-gion\/","title":{"rendered":"Onion bhaji (H\u00c0NH T\u00c2Y CAY CHI\u00caN GI\u00d2N)"},"content":{"rendered":"<p>H\u00e0nh t\u00e2y cay chi\u00ean gi\u00f2n (Onion bhaji)\u00a0 l\u00e0 m\u1ed9t m\u00f3n khai v\u1ecb \u0111\u1ed9c \u0111\u00e1o t\u1ea1i Tandoor Vietnam. Ch\u00fang t\u00f4i s\u1eed d\u1ee5ng h\u00e0nh t\u00e2y t\u01b0\u01a1i ngon v\u00e0 t\u1ea9m \u01b0\u1edbp v\u1edbi gia v\u1ecb cay \u0111\u1ec3 t\u1ea1o ra h\u01b0\u01a1ng v\u1ecb \u0111\u1eb7c tr\u01b0ng. Sau \u0111\u00f3, h\u00e0nh t\u00e2y \u0111\u01b0\u1ee3c chi\u00ean gi\u00f2n, t\u1ea1o n\u00ean l\u1edbp v\u1ecf b\u00ean ngo\u00e0i gi\u00f2n tan v\u00e0 h\u1ea5p d\u1eabn.<\/p>\n<p>Onion bhaji l\u00e0 s\u1ef1 k\u1ebft h\u1ee3p ho\u00e0n h\u1ea3o gi\u1eefa v\u1ecb cay, m\u1eb7n v\u00e0 gi\u00f2n tan. Khi c\u1eafn v\u00e0o, b\u1ea1n s\u1ebd c\u1ea3m nh\u1eadn \u0111\u01b0\u1ee3c s\u1ef1 ng\u1ecdt m\u00e1t c\u1ee7a h\u00e0nh t\u00e2y k\u1ebft h\u1ee3p v\u1edbi h\u01b0\u01a1ng v\u1ecb cay n\u1ed3ng, t\u1ea1o n\u00ean m\u1ed9t tr\u1ea3i nghi\u1ec7m \u1ea9m th\u1ef1c \u0111\u1eb7c bi\u1ec7t.<\/p>\n<p>\u0110\u00e2y l\u00e0 m\u1ed9t m\u00f3n khai v\u1ecb ph\u1ed5 bi\u1ebfn trong \u1ea9m th\u1ef1c \u1ea4n \u0110\u1ed9, v\u00e0 t\u1ea1i Tandoor Vietnam, ch\u00fang t\u00f4i mang \u0111\u1ebfn cho b\u1ea1n m\u1ed9t phi\u00ean b\u1ea3n \u0111\u1ed9c \u0111\u00e1o v\u00e0 ngon mi\u1ec7ng. Ch\u00fang t\u00f4i lu\u00f4n ch\u00fa tr\u1ecdng \u0111\u1ebfn ch\u1ea5t l\u01b0\u1ee3ng v\u00e0 t\u01b0\u01a1i ngon c\u1ee7a nguy\u00ean li\u1ec7u s\u1eed d\u1ee5ng \u0111\u1ec3 t\u1ea1o ra m\u00f3n h\u00e0nh t\u00e2y cay chi\u00ean gi\u00f2n.<\/p>\n<p>Onion bhaji l\u00e0 m\u1ed9t l\u1ef1a ch\u1ecdn tuy\u1ec7t v\u1eddi cho b\u1eefa ti\u1ec7c, g\u1eb7p g\u1ee1 b\u1ea1n b\u00e8 ho\u1eb7c ch\u1ec9 \u0111\u01a1n gi\u1ea3n l\u00e0 th\u01b0\u1edfng th\u1ee9c ri\u00eang. M\u00f3n \u0103n n\u00e0y th\u01b0\u1eddng \u0111\u01b0\u1ee3c \u0103n k\u00e8m v\u1edbi s\u1ed1t chua ng\u1ecdt ho\u1eb7c s\u1ed1t c\u00e0 chua t\u01b0\u01a1i m\u00e1t.<\/p>\n<p>V\u1edbi h\u01b0\u01a1ng v\u1ecb cay, gi\u00f2n tan v\u00e0 h\u1ea5p d\u1eabn, Onion bhaji\u00a0l\u00e0 m\u1ed9t m\u00f3n khai v\u1ecb kh\u00f4ng th\u1ec3 b\u1ecf qua khi \u0111\u1ebfn <a href=\"https:\/\/tandoorvietnam.com\/\">Tandoor Vietnam<\/a>. H\u00e3y \u0111\u1ec3 ch\u00fang t\u00f4i mang \u0111\u1ebfn cho b\u1ea1n m\u1ed9t tr\u1ea3i nghi\u1ec7m \u1ea9m th\u1ef1c \u0111\u1eb7c bi\u1ec7t v\u1edbi h\u00e0nh t\u00e2y cay chi\u00ean gi\u00f2n t\u1ea1i nh\u00e0 h\u00e0ng c\u1ee7a ch\u00fang t\u00f4i.<\/p>\n","protected":false},"excerpt":{"rendered":"<p>&nbsp;<\/p>\n<table width=\"723\">\n<tbody>\n<tr>\n<td width=\"412\">Sliced onion fritters (8 pcs)<\/td>\n<\/tr>\n<tr>\n<td width=\"412\"><em>H\u00e0nh t\u00e2y nh\u00fang b\u1ed9t v\u00e0 gia v\u1ecb cay chi\u00ean gi\u00f2n <\/em><\/td>\n<\/tr>\n<\/tbody>\n<\/table>\n","protected":false},"featured_media":2945,"template":"","meta":[],"product_brand":[],"product_cat":[213],"product_tag":[],"class_list":{"0":"post-2944","1":"product","2":"type-product","3":"status-publish","4":"has-post-thumbnail","6":"product_cat-cac-mon-khai-vi","8":"first","9":"instock","10":"taxable","11":"shipping-taxable","12":"purchasable","13":"product-type-simple"},"yoast_head":"<!-- This site is optimized with the Yoast SEO Premium plugin v22.3 (Yoast SEO v27.4) - https:\/\/yoast.com\/product\/yoast-seo-premium-wordpress\/ -->\n<title>Onion bhaji (H\u00c0NH T\u00c2Y CAY CHI\u00caN GI\u00d2N) - Tandoor Vi\u1ec7t Nam<\/title>\n<meta name=\"description\" content=\"H\u00e0nh t\u00e2y cay chi\u00ean gi\u00f2n - m\u00f3n khai v\u1ecb \u0111\u1ed9c \u0111\u00e1o t\u1ea1i nh\u00e0 h\u00e0ng \u1ea4n \u0110\u1ed9 Tandoor Vietnam, mang \u0111\u1ebfn h\u01b0\u01a1ng v\u1ecb cay, gi\u00f2n tan v\u00e0 h\u1ea5p d\u1eabn.\" \/>\n<meta name=\"robots\" content=\"index, follow, max-snippet:-1, max-image-preview:large, max-video-preview:-1\" \/>\n<link rel=\"canonical\" href=\"https:\/\/tandoorvietnam.com\/vi\/sanpham\/cac-mon-khai-vi\/hanh-tay-cay-chien-gion\/\" \/>\n<meta property=\"og:locale\" content=\"vi_VN\" \/>\n<meta property=\"og:type\" content=\"article\" \/>\n<meta property=\"og:title\" content=\"Onion bhaji (H\u00c0NH T\u00c2Y CAY CHI\u00caN GI\u00d2N)\" \/>\n<meta property=\"og:description\" content=\"H\u00e0nh t\u00e2y cay chi\u00ean gi\u00f2n - m\u00f3n khai v\u1ecb \u0111\u1ed9c \u0111\u00e1o t\u1ea1i nh\u00e0 h\u00e0ng \u1ea4n \u0110\u1ed9 Tandoor Vietnam, mang \u0111\u1ebfn h\u01b0\u01a1ng v\u1ecb cay, gi\u00f2n tan v\u00e0 h\u1ea5p d\u1eabn.\" \/>\n<meta property=\"og:url\" content=\"https:\/\/tandoorvietnam.com\/vi\/sanpham\/cac-mon-khai-vi\/hanh-tay-cay-chien-gion\/\" \/>\n<meta property=\"og:site_name\" content=\"Tandoor Vi\u1ec7t Nam\" \/>\n<meta property=\"article:publisher\" content=\"https:\/\/www.facebook.com\/tandoor.hcmc\/\" \/>\n<meta property=\"article:modified_time\" content=\"2023-05-20T16:26:17+00:00\" \/>\n<meta property=\"og:image\" content=\"https:\/\/tandoorvietnam.com\/wp-content\/uploads\/2020\/06\/Onion-bhaji.jpg\" \/>\n\t<meta property=\"og:image:width\" content=\"800\" \/>\n\t<meta property=\"og:image:height\" content=\"800\" \/>\n\t<meta property=\"og:image:type\" content=\"image\/jpeg\" \/>\n<meta name=\"twitter:card\" content=\"summary_large_image\" \/>\n<meta name=\"twitter:label1\" content=\"Est. reading time\" \/>\n\t<meta name=\"twitter:data1\" content=\"2 minutes\" \/>\n<script type=\"application\/ld+json\" class=\"yoast-schema-graph\">{\"@context\":\"https:\\\/\\\/schema.org\",\"@graph\":[{\"@type\":\"WebPage\",\"@id\":\"https:\\\/\\\/tandoorvietnam.com\\\/vi\\\/sanpham\\\/cac-mon-khai-vi\\\/hanh-tay-cay-chien-gion\\\/\",\"url\":\"https:\\\/\\\/tandoorvietnam.com\\\/vi\\\/sanpham\\\/cac-mon-khai-vi\\\/hanh-tay-cay-chien-gion\\\/\",\"name\":\"Onion bhaji (H\u00c0NH T\u00c2Y CAY CHI\u00caN GI\u00d2N) - Tandoor Vi\u1ec7t Nam\",\"isPartOf\":{\"@id\":\"https:\\\/\\\/tandoorvietnam.com\\\/vi\\\/#website\"},\"primaryImageOfPage\":{\"@id\":\"https:\\\/\\\/tandoorvietnam.com\\\/vi\\\/sanpham\\\/cac-mon-khai-vi\\\/hanh-tay-cay-chien-gion\\\/#primaryimage\"},\"image\":{\"@id\":\"https:\\\/\\\/tandoorvietnam.com\\\/vi\\\/sanpham\\\/cac-mon-khai-vi\\\/hanh-tay-cay-chien-gion\\\/#primaryimage\"},\"thumbnailUrl\":\"https:\\\/\\\/tandoorvietnam.com\\\/wp-content\\\/uploads\\\/2020\\\/06\\\/Onion-bhaji.jpg\",\"datePublished\":\"2021-04-10T11:43:19+00:00\",\"dateModified\":\"2023-05-20T16:26:17+00:00\",\"description\":\"H\u00e0nh t\u00e2y cay chi\u00ean gi\u00f2n - m\u00f3n khai v\u1ecb \u0111\u1ed9c \u0111\u00e1o t\u1ea1i nh\u00e0 h\u00e0ng \u1ea4n \u0110\u1ed9 Tandoor Vietnam, mang \u0111\u1ebfn h\u01b0\u01a1ng v\u1ecb cay, gi\u00f2n tan v\u00e0 h\u1ea5p d\u1eabn.\",\"breadcrumb\":{\"@id\":\"https:\\\/\\\/tandoorvietnam.com\\\/vi\\\/sanpham\\\/cac-mon-khai-vi\\\/hanh-tay-cay-chien-gion\\\/#breadcrumb\"},\"inLanguage\":\"vi-VN\",\"potentialAction\":[{\"@type\":\"ReadAction\",\"target\":[\"https:\\\/\\\/tandoorvietnam.com\\\/vi\\\/sanpham\\\/cac-mon-khai-vi\\\/hanh-tay-cay-chien-gion\\\/\"]}]},{\"@type\":\"ImageObject\",\"inLanguage\":\"vi-VN\",\"@id\":\"https:\\\/\\\/tandoorvietnam.com\\\/vi\\\/sanpham\\\/cac-mon-khai-vi\\\/hanh-tay-cay-chien-gion\\\/#primaryimage\",\"url\":\"https:\\\/\\\/tandoorvietnam.com\\\/wp-content\\\/uploads\\\/2020\\\/06\\\/Onion-bhaji.jpg\",\"contentUrl\":\"https:\\\/\\\/tandoorvietnam.com\\\/wp-content\\\/uploads\\\/2020\\\/06\\\/Onion-bhaji.jpg\",\"width\":800,\"height\":800,\"caption\":\"H\u00c0NH T\u00c2Y CAY CHI\u00caN GI\u00d2N\"},{\"@type\":\"BreadcrumbList\",\"@id\":\"https:\\\/\\\/tandoorvietnam.com\\\/vi\\\/sanpham\\\/cac-mon-khai-vi\\\/hanh-tay-cay-chien-gion\\\/#breadcrumb\",\"itemListElement\":[{\"@type\":\"ListItem\",\"position\":1,\"name\":\"Trang Ch\u1ee7\",\"item\":\"https:\\\/\\\/tandoorvietnam.com\\\/vi\\\/\"},{\"@type\":\"ListItem\",\"position\":2,\"name\":\"Shop\",\"item\":\"https:\\\/\\\/tandoorvietnam.com\\\/shop\\\/\"},{\"@type\":\"ListItem\",\"position\":3,\"name\":\"Onion bhaji (H\u00c0NH T\u00c2Y CAY CHI\u00caN GI\u00d2N)\"}]},{\"@type\":\"WebSite\",\"@id\":\"https:\\\/\\\/tandoorvietnam.com\\\/vi\\\/#website\",\"url\":\"https:\\\/\\\/tandoorvietnam.com\\\/vi\\\/\",\"name\":\"Tandoor Vietnam\",\"description\":\"Nh\u00e0 h\u00e0ng ngon h\u1ed3 ch\u00ed minh\",\"publisher\":{\"@id\":\"https:\\\/\\\/tandoorvietnam.com\\\/vi\\\/#organization\"},\"potentialAction\":[{\"@type\":\"SearchAction\",\"target\":{\"@type\":\"EntryPoint\",\"urlTemplate\":\"https:\\\/\\\/tandoorvietnam.com\\\/vi\\\/?s={search_term_string}\"},\"query-input\":{\"@type\":\"PropertyValueSpecification\",\"valueRequired\":true,\"valueName\":\"search_term_string\"}}],\"inLanguage\":\"vi-VN\"},{\"@type\":\"Organization\",\"@id\":\"https:\\\/\\\/tandoorvietnam.com\\\/vi\\\/#organization\",\"name\":\"Tandoor Vietnam\",\"url\":\"https:\\\/\\\/tandoorvietnam.com\\\/vi\\\/\",\"logo\":{\"@type\":\"ImageObject\",\"inLanguage\":\"vi-VN\",\"@id\":\"https:\\\/\\\/tandoorvietnam.com\\\/vi\\\/#\\\/schema\\\/logo\\\/image\\\/\",\"url\":\"https:\\\/\\\/tandoorvietnam.com\\\/wp-content\\\/uploads\\\/2020\\\/07\\\/logo.png\",\"contentUrl\":\"https:\\\/\\\/tandoorvietnam.com\\\/wp-content\\\/uploads\\\/2020\\\/07\\\/logo.png\",\"width\":133,\"height\":75,\"caption\":\"Tandoor Vietnam\"},\"image\":{\"@id\":\"https:\\\/\\\/tandoorvietnam.com\\\/vi\\\/#\\\/schema\\\/logo\\\/image\\\/\"},\"sameAs\":[\"https:\\\/\\\/www.facebook.com\\\/tandoor.hcmc\\\/\"]}]}<\/script>\n<!-- \/ Yoast SEO Premium plugin. -->","yoast_head_json":{"title":"Onion bhaji (H\u00c0NH T\u00c2Y CAY CHI\u00caN GI\u00d2N) - Tandoor Vi\u1ec7t Nam","description":"H\u00e0nh t\u00e2y cay chi\u00ean gi\u00f2n - m\u00f3n khai v\u1ecb \u0111\u1ed9c \u0111\u00e1o t\u1ea1i nh\u00e0 h\u00e0ng \u1ea4n \u0110\u1ed9 Tandoor Vietnam, mang \u0111\u1ebfn h\u01b0\u01a1ng v\u1ecb cay, gi\u00f2n tan v\u00e0 h\u1ea5p d\u1eabn.","robots":{"index":"index","follow":"follow","max-snippet":"max-snippet:-1","max-image-preview":"max-image-preview:large","max-video-preview":"max-video-preview:-1"},"canonical":"https:\/\/tandoorvietnam.com\/vi\/sanpham\/cac-mon-khai-vi\/hanh-tay-cay-chien-gion\/","og_locale":"vi_VN","og_type":"article","og_title":"Onion bhaji (H\u00c0NH T\u00c2Y CAY CHI\u00caN GI\u00d2N)","og_description":"H\u00e0nh t\u00e2y cay chi\u00ean gi\u00f2n - m\u00f3n khai v\u1ecb \u0111\u1ed9c \u0111\u00e1o t\u1ea1i nh\u00e0 h\u00e0ng \u1ea4n \u0110\u1ed9 Tandoor Vietnam, mang \u0111\u1ebfn h\u01b0\u01a1ng v\u1ecb cay, gi\u00f2n tan v\u00e0 h\u1ea5p d\u1eabn.","og_url":"https:\/\/tandoorvietnam.com\/vi\/sanpham\/cac-mon-khai-vi\/hanh-tay-cay-chien-gion\/","og_site_name":"Tandoor Vi\u1ec7t Nam","article_publisher":"https:\/\/www.facebook.com\/tandoor.hcmc\/","article_modified_time":"2023-05-20T16:26:17+00:00","og_image":[{"width":800,"height":800,"url":"https:\/\/tandoorvietnam.com\/wp-content\/uploads\/2020\/06\/Onion-bhaji.jpg","type":"image\/jpeg"}],"twitter_card":"summary_large_image","twitter_misc":{"Est. reading time":"2 minutes"},"schema":{"@context":"https:\/\/schema.org","@graph":[{"@type":"WebPage","@id":"https:\/\/tandoorvietnam.com\/vi\/sanpham\/cac-mon-khai-vi\/hanh-tay-cay-chien-gion\/","url":"https:\/\/tandoorvietnam.com\/vi\/sanpham\/cac-mon-khai-vi\/hanh-tay-cay-chien-gion\/","name":"Onion bhaji (H\u00c0NH T\u00c2Y CAY CHI\u00caN GI\u00d2N) - Tandoor Vi\u1ec7t Nam","isPartOf":{"@id":"https:\/\/tandoorvietnam.com\/vi\/#website"},"primaryImageOfPage":{"@id":"https:\/\/tandoorvietnam.com\/vi\/sanpham\/cac-mon-khai-vi\/hanh-tay-cay-chien-gion\/#primaryimage"},"image":{"@id":"https:\/\/tandoorvietnam.com\/vi\/sanpham\/cac-mon-khai-vi\/hanh-tay-cay-chien-gion\/#primaryimage"},"thumbnailUrl":"https:\/\/tandoorvietnam.com\/wp-content\/uploads\/2020\/06\/Onion-bhaji.jpg","datePublished":"2021-04-10T11:43:19+00:00","dateModified":"2023-05-20T16:26:17+00:00","description":"H\u00e0nh t\u00e2y cay chi\u00ean gi\u00f2n - m\u00f3n khai v\u1ecb \u0111\u1ed9c \u0111\u00e1o t\u1ea1i nh\u00e0 h\u00e0ng \u1ea4n \u0110\u1ed9 Tandoor Vietnam, mang \u0111\u1ebfn h\u01b0\u01a1ng v\u1ecb cay, gi\u00f2n tan v\u00e0 h\u1ea5p d\u1eabn.","breadcrumb":{"@id":"https:\/\/tandoorvietnam.com\/vi\/sanpham\/cac-mon-khai-vi\/hanh-tay-cay-chien-gion\/#breadcrumb"},"inLanguage":"vi-VN","potentialAction":[{"@type":"ReadAction","target":["https:\/\/tandoorvietnam.com\/vi\/sanpham\/cac-mon-khai-vi\/hanh-tay-cay-chien-gion\/"]}]},{"@type":"ImageObject","inLanguage":"vi-VN","@id":"https:\/\/tandoorvietnam.com\/vi\/sanpham\/cac-mon-khai-vi\/hanh-tay-cay-chien-gion\/#primaryimage","url":"https:\/\/tandoorvietnam.com\/wp-content\/uploads\/2020\/06\/Onion-bhaji.jpg","contentUrl":"https:\/\/tandoorvietnam.com\/wp-content\/uploads\/2020\/06\/Onion-bhaji.jpg","width":800,"height":800,"caption":"H\u00c0NH T\u00c2Y CAY CHI\u00caN GI\u00d2N"},{"@type":"BreadcrumbList","@id":"https:\/\/tandoorvietnam.com\/vi\/sanpham\/cac-mon-khai-vi\/hanh-tay-cay-chien-gion\/#breadcrumb","itemListElement":[{"@type":"ListItem","position":1,"name":"Trang Ch\u1ee7","item":"https:\/\/tandoorvietnam.com\/vi\/"},{"@type":"ListItem","position":2,"name":"Shop","item":"https:\/\/tandoorvietnam.com\/shop\/"},{"@type":"ListItem","position":3,"name":"Onion bhaji (H\u00c0NH T\u00c2Y CAY CHI\u00caN GI\u00d2N)"}]},{"@type":"WebSite","@id":"https:\/\/tandoorvietnam.com\/vi\/#website","url":"https:\/\/tandoorvietnam.com\/vi\/","name":"Tandoor Vietnam","description":"Nh\u00e0 h\u00e0ng ngon h\u1ed3 ch\u00ed minh","publisher":{"@id":"https:\/\/tandoorvietnam.com\/vi\/#organization"},"potentialAction":[{"@type":"SearchAction","target":{"@type":"EntryPoint","urlTemplate":"https:\/\/tandoorvietnam.com\/vi\/?s={search_term_string}"},"query-input":{"@type":"PropertyValueSpecification","valueRequired":true,"valueName":"search_term_string"}}],"inLanguage":"vi-VN"},{"@type":"Organization","@id":"https:\/\/tandoorvietnam.com\/vi\/#organization","name":"Tandoor Vietnam","url":"https:\/\/tandoorvietnam.com\/vi\/","logo":{"@type":"ImageObject","inLanguage":"vi-VN","@id":"https:\/\/tandoorvietnam.com\/vi\/#\/schema\/logo\/image\/","url":"https:\/\/tandoorvietnam.com\/wp-content\/uploads\/2020\/07\/logo.png","contentUrl":"https:\/\/tandoorvietnam.com\/wp-content\/uploads\/2020\/07\/logo.png","width":133,"height":75,"caption":"Tandoor Vietnam"},"image":{"@id":"https:\/\/tandoorvietnam.com\/vi\/#\/schema\/logo\/image\/"},"sameAs":["https:\/\/www.facebook.com\/tandoor.hcmc\/"]}]}},"_links":{"self":[{"href":"https:\/\/tandoorvietnam.com\/vi\/wp-json\/wp\/v2\/product\/2944","targetHints":{"allow":["GET"]}}],"collection":[{"href":"https:\/\/tandoorvietnam.com\/vi\/wp-json\/wp\/v2\/product"}],"about":[{"href":"https:\/\/tandoorvietnam.com\/vi\/wp-json\/wp\/v2\/types\/product"}],"wp:featuredmedia":[{"embeddable":true,"href":"https:\/\/tandoorvietnam.com\/vi\/wp-json\/wp\/v2\/media\/2945"}],"wp:attachment":[{"href":"https:\/\/tandoorvietnam.com\/vi\/wp-json\/wp\/v2\/media?parent=2944"}],"wp:term":[{"taxonomy":"product_brand","embeddable":true,"href":"https:\/\/tandoorvietnam.com\/vi\/wp-json\/wp\/v2\/product_brand?post=2944"},{"taxonomy":"product_cat","embeddable":true,"href":"https:\/\/tandoorvietnam.com\/vi\/wp-json\/wp\/v2\/product_cat?post=2944"},{"taxonomy":"product_tag","embeddable":true,"href":"https:\/\/tandoorvietnam.com\/vi\/wp-json\/wp\/v2\/product_tag?post=2944"}],"curies":[{"name":"wp","href":"https:\/\/api.w.org\/{rel}","templated":true}]}}