{"id":2949,"date":"2020-06-16T14:07:55","date_gmt":"2020-06-16T14:07:55","guid":{"rendered":"http:\/\/tandoorvietnam.com\/product\/uncategorized\/pho-mai-paneer-cay-chien-gion\/"},"modified":"2025-10-16T17:23:47","modified_gmt":"2025-10-16T10:23:47","slug":"pho-mai-paneer-cay-chien-gion","status":"publish","type":"product","link":"https:\/\/tandoorvietnam.com\/vi\/sanpham\/cac-mon-khai-vi\/pho-mai-paneer-cay-chien-gion\/","title":{"rendered":"Paneer Pakora (PH\u00d4 MAI PANEER CAY CHI\u00caN GI\u00d2N)"},"content":{"rendered":"<p>Ph\u00f4 Mai Paneer Cay Chi\u00ean Gi\u00f2n (Paneer Pakora) l\u00e0 m\u1ed9t m\u00f3n khai v\u1ecb \u0111\u1ed9c \u0111\u00e1o v\u00e0 h\u1ea5p d\u1eabn t\u1ea1i Tandoor Vietnam. Ch\u00fang t\u00f4i s\u1eed d\u1ee5ng ph\u00f4 mai Paneer, m\u1ed9t lo\u1ea1i ph\u00f4 mai truy\u1ec1n th\u1ed1ng \u1ea4n \u0110\u1ed9 \u0111\u01b0\u1ee3c l\u00e0m t\u1eeb s\u1eefa, \u0111\u1ec3 t\u1ea1o ra l\u1edbp v\u1ecf gi\u00f2n tan b\u00ean ngo\u00e0i v\u00e0 nh\u00e2n ph\u00f4 mai b\u00ean trong.<\/p>\n<p>Ph\u00f4 Mai Paneer \u0111\u01b0\u1ee3c chi\u00ean gi\u00f2n v\u00e0 c\u00f3 h\u01b0\u01a1ng v\u1ecb cay n\u1ed3ng \u0111\u1eb7c tr\u01b0ng. Ch\u00fang t\u00f4i s\u1eed d\u1ee5ng c\u00e1c lo\u1ea1i gia v\u1ecb \u0111\u1eadm \u0111\u00e0 v\u00e0 \u1edbt cay \u0111\u1ec3 t\u1ea1o n\u00ean m\u1ed9t m\u00f3n khai v\u1ecb m\u00e0 b\u1ea1n kh\u00f4ng th\u1ec3 c\u01b0\u1ee1ng l\u1ea1i. Khi b\u1ea1n c\u1eafn v\u00e0o m\u00f3n \u0103n n\u00e0y, b\u1ea1n s\u1ebd c\u1ea3m nh\u1eadn \u0111\u01b0\u1ee3c s\u1ef1 k\u1ebft h\u1ee3p tuy\u1ec7t v\u1eddi gi\u1eefa l\u1edbp v\u1ecf gi\u00f2n tan, nh\u00e2n ph\u00f4 mai m\u1ec1m m\u1ecbn v\u00e0 h\u01b0\u01a1ng v\u1ecb cay n\u1ed3ng.<\/p>\n<p>Paneer Pakora l\u00e0 m\u1ed9t l\u1ef1a ch\u1ecdn ho\u00e0n h\u1ea3o \u0111\u1ec3 b\u1eaft \u0111\u1ea7u b\u1eefa \u0103n t\u1ea1i Tandoor Vietnam. M\u00f3n \u0103n n\u00e0y c\u00f3 th\u1ec3 \u0111\u01b0\u1ee3c \u0103n k\u00e8m v\u1edbi c\u00e1c lo\u1ea1i s\u1ed1t ch\u1ea5m t\u00f9y \u00fd \u0111\u1ec3 t\u0103ng th\u00eam h\u01b0\u01a1ng v\u1ecb v\u00e0 s\u1ef1 \u0111a d\u1ea1ng. B\u1ea1n c\u00f3 th\u1ec3 t\u1eadn h\u01b0\u1edfng m\u00f3n n\u00e0y nh\u01b0 m\u1ed9t m\u00f3n khai v\u1ecb tr\u01b0\u1edbc khi th\u01b0\u1edfng th\u1ee9c c\u00e1c m\u00f3n ch\u00ednh \u1ea4n \u0110\u1ed9 h\u1ea5p d\u1eabn kh\u00e1c.<\/p>\n<p>Ch\u00fang t\u00f4i cam k\u1ebft s\u1eed d\u1ee5ng nguy\u00ean li\u1ec7u t\u01b0\u01a1i ngon v\u00e0 ch\u1ea5t l\u01b0\u1ee3ng cao \u0111\u1ec3 t\u1ea1o ra m\u00f3n Ph\u00f4 Mai Paneer Cay Chi\u00ean Gi\u00f2n t\u1ea1i Tandoor Vietnam. M\u1ed7i mi\u1ebfng ph\u00f4 mai Paneer \u0111\u01b0\u1ee3c chi\u00ean gi\u00f2n v\u00e0 tr\u1edf th\u00e0nh m\u1ed9t t\u00e1c ph\u1ea9m ngh\u1ec7 thu\u1eadt \u1ea9m th\u1ef1c \u0111\u1ed9c \u0111\u00e1o.<\/p>\n<p>H\u00e3y \u0111\u1ebfn v\u00e0 th\u01b0\u1edfng th\u1ee9c Ph\u00f4 Mai Paneer Cay Chi\u00ean Gi\u00f2n t\u1ea1i <a href=\"https:\/\/tandoorvietnam.com\/vi\/\">Tandoor Vietnam<\/a> \u0111\u1ec3 kh\u00e1m ph\u00e1 h\u01b0\u01a1ng v\u1ecb \u0111\u1ed9c \u0111\u00e1o c\u1ee7a \u1ea9m th\u1ef1c \u1ea4n \u0110\u1ed9 v\u00e0 tr\u1ea3i nghi\u1ec7m s\u1ef1 k\u1ebft h\u1ee3p tuy\u1ec7t v\u1eddi gi\u1eefa gi\u00f2n tan, ph\u00f4 mai m\u1ec1m m\u1ecbn v\u00e0 h\u01b0\u01a1ng v\u1ecb cay n\u1ed3ng.<\/p>\n","protected":false},"excerpt":{"rendered":"<table width=\"723\">\n<tbody>\n<tr>\n<td width=\"412\">B\u00e1nh r\u00e1n ph\u00f4 mai t\u01b0\u01a1i (8 mi\u1ebfng)<\/td>\n<\/tr>\n<tr>\n<td width=\"412\">\n    <em>Phomat tr\u1eafng kh\u00f4ng b\u00e9o t\u0103ng c\u01b0\u1eddng nh\u00fang b\u1ed9t gi\u00f2n<\/em>\n  <\/td>\n<\/tr>\n<\/tbody>\n<\/table>\n","protected":false},"featured_media":2950,"template":"","meta":[],"product_brand":[],"product_cat":[213],"product_tag":[],"class_list":{"0":"post-2949","1":"product","2":"type-product","3":"status-publish","4":"has-post-thumbnail","6":"product_cat-cac-mon-khai-vi","8":"first","9":"instock","10":"taxable","11":"shipping-taxable","12":"purchasable","13":"product-type-simple"},"yoast_head":"<!-- This site is optimized with the Yoast SEO Premium plugin v22.3 (Yoast SEO v27.4) - https:\/\/yoast.com\/product\/yoast-seo-premium-wordpress\/ -->\n<title>Paneer Pakora (PH\u00d4 MAI PANEER CAY CHI\u00caN GI\u00d2N)<\/title>\n<meta name=\"description\" content=\"Ph\u00f4 Mai Paneer Cay Chi\u00ean Gi\u00f2n - M\u00f3n khai v\u1ecb \u0111\u1eb7c bi\u1ec7t t\u1ea1i Tandoor Vietnam. S\u1ef1 k\u1ebft h\u1ee3p ho\u00e0n h\u1ea3o gi\u1eefa ph\u00f4 mai paneer cay v\u00e0 l\u1edbp v\u1ecf gi\u00f2n tan.\" \/>\n<meta name=\"robots\" content=\"index, follow, max-snippet:-1, max-image-preview:large, max-video-preview:-1\" \/>\n<link rel=\"canonical\" href=\"https:\/\/tandoorvietnam.com\/vi\/sanpham\/cac-mon-khai-vi\/pho-mai-paneer-cay-chien-gion\/\" \/>\n<meta property=\"og:locale\" content=\"vi_VN\" \/>\n<meta property=\"og:type\" content=\"article\" \/>\n<meta property=\"og:title\" content=\"Paneer Pakora (PH\u00d4 MAI PANEER CAY CHI\u00caN GI\u00d2N)\" \/>\n<meta property=\"og:description\" content=\"Ph\u00f4 Mai Paneer Cay Chi\u00ean Gi\u00f2n - M\u00f3n khai v\u1ecb \u0111\u1eb7c bi\u1ec7t t\u1ea1i Tandoor Vietnam. S\u1ef1 k\u1ebft h\u1ee3p ho\u00e0n h\u1ea3o gi\u1eefa ph\u00f4 mai paneer cay v\u00e0 l\u1edbp v\u1ecf gi\u00f2n tan.\" \/>\n<meta property=\"og:url\" content=\"https:\/\/tandoorvietnam.com\/vi\/sanpham\/cac-mon-khai-vi\/pho-mai-paneer-cay-chien-gion\/\" \/>\n<meta property=\"og:site_name\" content=\"Tandoor Vi\u1ec7t Nam\" \/>\n<meta property=\"article:publisher\" content=\"https:\/\/www.facebook.com\/tandoor.hcmc\/\" \/>\n<meta property=\"article:modified_time\" content=\"2025-10-16T10:23:47+00:00\" \/>\n<meta property=\"og:image\" content=\"https:\/\/tandoorvietnam.com\/wp-content\/uploads\/2020\/06\/Paneer-pakora1.jpg\" \/>\n\t<meta property=\"og:image:width\" content=\"1400\" \/>\n\t<meta property=\"og:image:height\" content=\"1400\" \/>\n\t<meta property=\"og:image:type\" content=\"image\/jpeg\" \/>\n<meta name=\"twitter:card\" content=\"summary_large_image\" \/>\n<meta name=\"twitter:label1\" content=\"Est. reading time\" \/>\n\t<meta name=\"twitter:data1\" content=\"2 minutes\" \/>\n<script type=\"application\/ld+json\" class=\"yoast-schema-graph\">{\"@context\":\"https:\\\/\\\/schema.org\",\"@graph\":[{\"@type\":\"WebPage\",\"@id\":\"https:\\\/\\\/tandoorvietnam.com\\\/vi\\\/sanpham\\\/cac-mon-khai-vi\\\/pho-mai-paneer-cay-chien-gion\\\/\",\"url\":\"https:\\\/\\\/tandoorvietnam.com\\\/vi\\\/sanpham\\\/cac-mon-khai-vi\\\/pho-mai-paneer-cay-chien-gion\\\/\",\"name\":\"Paneer Pakora (PH\u00d4 MAI PANEER CAY CHI\u00caN GI\u00d2N)\",\"isPartOf\":{\"@id\":\"https:\\\/\\\/tandoorvietnam.com\\\/vi\\\/#website\"},\"primaryImageOfPage\":{\"@id\":\"https:\\\/\\\/tandoorvietnam.com\\\/vi\\\/sanpham\\\/cac-mon-khai-vi\\\/pho-mai-paneer-cay-chien-gion\\\/#primaryimage\"},\"image\":{\"@id\":\"https:\\\/\\\/tandoorvietnam.com\\\/vi\\\/sanpham\\\/cac-mon-khai-vi\\\/pho-mai-paneer-cay-chien-gion\\\/#primaryimage\"},\"thumbnailUrl\":\"https:\\\/\\\/tandoorvietnam.com\\\/wp-content\\\/uploads\\\/2020\\\/06\\\/Paneer-pakora1.jpg\",\"datePublished\":\"2020-06-16T14:07:55+00:00\",\"dateModified\":\"2025-10-16T10:23:47+00:00\",\"description\":\"Ph\u00f4 Mai Paneer Cay Chi\u00ean Gi\u00f2n - M\u00f3n khai v\u1ecb \u0111\u1eb7c bi\u1ec7t t\u1ea1i Tandoor Vietnam. S\u1ef1 k\u1ebft h\u1ee3p ho\u00e0n h\u1ea3o gi\u1eefa ph\u00f4 mai paneer cay v\u00e0 l\u1edbp v\u1ecf gi\u00f2n tan.\",\"breadcrumb\":{\"@id\":\"https:\\\/\\\/tandoorvietnam.com\\\/vi\\\/sanpham\\\/cac-mon-khai-vi\\\/pho-mai-paneer-cay-chien-gion\\\/#breadcrumb\"},\"inLanguage\":\"vi-VN\",\"potentialAction\":[{\"@type\":\"ReadAction\",\"target\":[\"https:\\\/\\\/tandoorvietnam.com\\\/vi\\\/sanpham\\\/cac-mon-khai-vi\\\/pho-mai-paneer-cay-chien-gion\\\/\"]}]},{\"@type\":\"ImageObject\",\"inLanguage\":\"vi-VN\",\"@id\":\"https:\\\/\\\/tandoorvietnam.com\\\/vi\\\/sanpham\\\/cac-mon-khai-vi\\\/pho-mai-paneer-cay-chien-gion\\\/#primaryimage\",\"url\":\"https:\\\/\\\/tandoorvietnam.com\\\/wp-content\\\/uploads\\\/2020\\\/06\\\/Paneer-pakora1.jpg\",\"contentUrl\":\"https:\\\/\\\/tandoorvietnam.com\\\/wp-content\\\/uploads\\\/2020\\\/06\\\/Paneer-pakora1.jpg\",\"width\":1400,\"height\":1400,\"caption\":\"PH\u00d4 MAI PANEER CAY CHI\u00caN GI\u00d2N\"},{\"@type\":\"BreadcrumbList\",\"@id\":\"https:\\\/\\\/tandoorvietnam.com\\\/vi\\\/sanpham\\\/cac-mon-khai-vi\\\/pho-mai-paneer-cay-chien-gion\\\/#breadcrumb\",\"itemListElement\":[{\"@type\":\"ListItem\",\"position\":1,\"name\":\"Trang Ch\u1ee7\",\"item\":\"https:\\\/\\\/tandoorvietnam.com\\\/vi\\\/\"},{\"@type\":\"ListItem\",\"position\":2,\"name\":\"Shop\",\"item\":\"https:\\\/\\\/tandoorvietnam.com\\\/shop\\\/\"},{\"@type\":\"ListItem\",\"position\":3,\"name\":\"Paneer Pakora (PH\u00d4 MAI PANEER CAY CHI\u00caN GI\u00d2N)\"}]},{\"@type\":\"WebSite\",\"@id\":\"https:\\\/\\\/tandoorvietnam.com\\\/vi\\\/#website\",\"url\":\"https:\\\/\\\/tandoorvietnam.com\\\/vi\\\/\",\"name\":\"Tandoor Vietnam\",\"description\":\"Nh\u00e0 h\u00e0ng ngon h\u1ed3 ch\u00ed minh\",\"publisher\":{\"@id\":\"https:\\\/\\\/tandoorvietnam.com\\\/vi\\\/#organization\"},\"potentialAction\":[{\"@type\":\"SearchAction\",\"target\":{\"@type\":\"EntryPoint\",\"urlTemplate\":\"https:\\\/\\\/tandoorvietnam.com\\\/vi\\\/?s={search_term_string}\"},\"query-input\":{\"@type\":\"PropertyValueSpecification\",\"valueRequired\":true,\"valueName\":\"search_term_string\"}}],\"inLanguage\":\"vi-VN\"},{\"@type\":\"Organization\",\"@id\":\"https:\\\/\\\/tandoorvietnam.com\\\/vi\\\/#organization\",\"name\":\"Tandoor Vietnam\",\"url\":\"https:\\\/\\\/tandoorvietnam.com\\\/vi\\\/\",\"logo\":{\"@type\":\"ImageObject\",\"inLanguage\":\"vi-VN\",\"@id\":\"https:\\\/\\\/tandoorvietnam.com\\\/vi\\\/#\\\/schema\\\/logo\\\/image\\\/\",\"url\":\"https:\\\/\\\/tandoorvietnam.com\\\/wp-content\\\/uploads\\\/2020\\\/07\\\/logo.png\",\"contentUrl\":\"https:\\\/\\\/tandoorvietnam.com\\\/wp-content\\\/uploads\\\/2020\\\/07\\\/logo.png\",\"width\":133,\"height\":75,\"caption\":\"Tandoor Vietnam\"},\"image\":{\"@id\":\"https:\\\/\\\/tandoorvietnam.com\\\/vi\\\/#\\\/schema\\\/logo\\\/image\\\/\"},\"sameAs\":[\"https:\\\/\\\/www.facebook.com\\\/tandoor.hcmc\\\/\"]}]}<\/script>\n<!-- \/ Yoast SEO Premium plugin. -->","yoast_head_json":{"title":"Paneer Pakora (PH\u00d4 MAI PANEER CAY CHI\u00caN GI\u00d2N)","description":"Ph\u00f4 Mai Paneer Cay Chi\u00ean Gi\u00f2n - M\u00f3n khai v\u1ecb \u0111\u1eb7c bi\u1ec7t t\u1ea1i Tandoor Vietnam. S\u1ef1 k\u1ebft h\u1ee3p ho\u00e0n h\u1ea3o gi\u1eefa ph\u00f4 mai paneer cay v\u00e0 l\u1edbp v\u1ecf gi\u00f2n tan.","robots":{"index":"index","follow":"follow","max-snippet":"max-snippet:-1","max-image-preview":"max-image-preview:large","max-video-preview":"max-video-preview:-1"},"canonical":"https:\/\/tandoorvietnam.com\/vi\/sanpham\/cac-mon-khai-vi\/pho-mai-paneer-cay-chien-gion\/","og_locale":"vi_VN","og_type":"article","og_title":"Paneer Pakora (PH\u00d4 MAI PANEER CAY CHI\u00caN GI\u00d2N)","og_description":"Ph\u00f4 Mai Paneer Cay Chi\u00ean Gi\u00f2n - M\u00f3n khai v\u1ecb \u0111\u1eb7c bi\u1ec7t t\u1ea1i Tandoor Vietnam. S\u1ef1 k\u1ebft h\u1ee3p ho\u00e0n h\u1ea3o gi\u1eefa ph\u00f4 mai paneer cay v\u00e0 l\u1edbp v\u1ecf gi\u00f2n tan.","og_url":"https:\/\/tandoorvietnam.com\/vi\/sanpham\/cac-mon-khai-vi\/pho-mai-paneer-cay-chien-gion\/","og_site_name":"Tandoor Vi\u1ec7t Nam","article_publisher":"https:\/\/www.facebook.com\/tandoor.hcmc\/","article_modified_time":"2025-10-16T10:23:47+00:00","og_image":[{"width":1400,"height":1400,"url":"https:\/\/tandoorvietnam.com\/wp-content\/uploads\/2020\/06\/Paneer-pakora1.jpg","type":"image\/jpeg"}],"twitter_card":"summary_large_image","twitter_misc":{"Est. reading time":"2 minutes"},"schema":{"@context":"https:\/\/schema.org","@graph":[{"@type":"WebPage","@id":"https:\/\/tandoorvietnam.com\/vi\/sanpham\/cac-mon-khai-vi\/pho-mai-paneer-cay-chien-gion\/","url":"https:\/\/tandoorvietnam.com\/vi\/sanpham\/cac-mon-khai-vi\/pho-mai-paneer-cay-chien-gion\/","name":"Paneer Pakora (PH\u00d4 MAI PANEER CAY CHI\u00caN GI\u00d2N)","isPartOf":{"@id":"https:\/\/tandoorvietnam.com\/vi\/#website"},"primaryImageOfPage":{"@id":"https:\/\/tandoorvietnam.com\/vi\/sanpham\/cac-mon-khai-vi\/pho-mai-paneer-cay-chien-gion\/#primaryimage"},"image":{"@id":"https:\/\/tandoorvietnam.com\/vi\/sanpham\/cac-mon-khai-vi\/pho-mai-paneer-cay-chien-gion\/#primaryimage"},"thumbnailUrl":"https:\/\/tandoorvietnam.com\/wp-content\/uploads\/2020\/06\/Paneer-pakora1.jpg","datePublished":"2020-06-16T14:07:55+00:00","dateModified":"2025-10-16T10:23:47+00:00","description":"Ph\u00f4 Mai Paneer Cay Chi\u00ean Gi\u00f2n - M\u00f3n khai v\u1ecb \u0111\u1eb7c bi\u1ec7t t\u1ea1i Tandoor Vietnam. S\u1ef1 k\u1ebft h\u1ee3p ho\u00e0n h\u1ea3o gi\u1eefa ph\u00f4 mai paneer cay v\u00e0 l\u1edbp v\u1ecf gi\u00f2n tan.","breadcrumb":{"@id":"https:\/\/tandoorvietnam.com\/vi\/sanpham\/cac-mon-khai-vi\/pho-mai-paneer-cay-chien-gion\/#breadcrumb"},"inLanguage":"vi-VN","potentialAction":[{"@type":"ReadAction","target":["https:\/\/tandoorvietnam.com\/vi\/sanpham\/cac-mon-khai-vi\/pho-mai-paneer-cay-chien-gion\/"]}]},{"@type":"ImageObject","inLanguage":"vi-VN","@id":"https:\/\/tandoorvietnam.com\/vi\/sanpham\/cac-mon-khai-vi\/pho-mai-paneer-cay-chien-gion\/#primaryimage","url":"https:\/\/tandoorvietnam.com\/wp-content\/uploads\/2020\/06\/Paneer-pakora1.jpg","contentUrl":"https:\/\/tandoorvietnam.com\/wp-content\/uploads\/2020\/06\/Paneer-pakora1.jpg","width":1400,"height":1400,"caption":"PH\u00d4 MAI PANEER CAY CHI\u00caN GI\u00d2N"},{"@type":"BreadcrumbList","@id":"https:\/\/tandoorvietnam.com\/vi\/sanpham\/cac-mon-khai-vi\/pho-mai-paneer-cay-chien-gion\/#breadcrumb","itemListElement":[{"@type":"ListItem","position":1,"name":"Trang Ch\u1ee7","item":"https:\/\/tandoorvietnam.com\/vi\/"},{"@type":"ListItem","position":2,"name":"Shop","item":"https:\/\/tandoorvietnam.com\/shop\/"},{"@type":"ListItem","position":3,"name":"Paneer Pakora (PH\u00d4 MAI PANEER CAY CHI\u00caN GI\u00d2N)"}]},{"@type":"WebSite","@id":"https:\/\/tandoorvietnam.com\/vi\/#website","url":"https:\/\/tandoorvietnam.com\/vi\/","name":"Tandoor Vietnam","description":"Nh\u00e0 h\u00e0ng ngon h\u1ed3 ch\u00ed minh","publisher":{"@id":"https:\/\/tandoorvietnam.com\/vi\/#organization"},"potentialAction":[{"@type":"SearchAction","target":{"@type":"EntryPoint","urlTemplate":"https:\/\/tandoorvietnam.com\/vi\/?s={search_term_string}"},"query-input":{"@type":"PropertyValueSpecification","valueRequired":true,"valueName":"search_term_string"}}],"inLanguage":"vi-VN"},{"@type":"Organization","@id":"https:\/\/tandoorvietnam.com\/vi\/#organization","name":"Tandoor Vietnam","url":"https:\/\/tandoorvietnam.com\/vi\/","logo":{"@type":"ImageObject","inLanguage":"vi-VN","@id":"https:\/\/tandoorvietnam.com\/vi\/#\/schema\/logo\/image\/","url":"https:\/\/tandoorvietnam.com\/wp-content\/uploads\/2020\/07\/logo.png","contentUrl":"https:\/\/tandoorvietnam.com\/wp-content\/uploads\/2020\/07\/logo.png","width":133,"height":75,"caption":"Tandoor Vietnam"},"image":{"@id":"https:\/\/tandoorvietnam.com\/vi\/#\/schema\/logo\/image\/"},"sameAs":["https:\/\/www.facebook.com\/tandoor.hcmc\/"]}]}},"_links":{"self":[{"href":"https:\/\/tandoorvietnam.com\/vi\/wp-json\/wp\/v2\/product\/2949","targetHints":{"allow":["GET"]}}],"collection":[{"href":"https:\/\/tandoorvietnam.com\/vi\/wp-json\/wp\/v2\/product"}],"about":[{"href":"https:\/\/tandoorvietnam.com\/vi\/wp-json\/wp\/v2\/types\/product"}],"wp:featuredmedia":[{"embeddable":true,"href":"https:\/\/tandoorvietnam.com\/vi\/wp-json\/wp\/v2\/media\/2950"}],"wp:attachment":[{"href":"https:\/\/tandoorvietnam.com\/vi\/wp-json\/wp\/v2\/media?parent=2949"}],"wp:term":[{"taxonomy":"product_brand","embeddable":true,"href":"https:\/\/tandoorvietnam.com\/vi\/wp-json\/wp\/v2\/product_brand?post=2949"},{"taxonomy":"product_cat","embeddable":true,"href":"https:\/\/tandoorvietnam.com\/vi\/wp-json\/wp\/v2\/product_cat?post=2949"},{"taxonomy":"product_tag","embeddable":true,"href":"https:\/\/tandoorvietnam.com\/vi\/wp-json\/wp\/v2\/product_tag?post=2949"}],"curies":[{"name":"wp","href":"https:\/\/api.w.org\/{rel}","templated":true}]}}