{"id":2955,"date":"2020-06-16T14:01:29","date_gmt":"2020-06-16T14:01:29","guid":{"rendered":"http:\/\/tandoorvietnam.com\/product\/uncategorized\/rau-thap-cam-chien-gion\/"},"modified":"2025-10-16T17:23:59","modified_gmt":"2025-10-16T10:23:59","slug":"rau-thap-cam-chien-gion","status":"publish","type":"product","link":"https:\/\/tandoorvietnam.com\/vi\/sanpham\/cac-mon-khai-vi\/rau-thap-cam-chien-gion\/","title":{"rendered":"RAU TH\u1eacP C\u1ea8M CHI\u00caN GI\u00d2N"},"content":{"rendered":"<p>Rau th\u1eadp c\u1ea9m chi\u00ean gi\u00f2n (Vegetable Pakora) l\u00e0 m\u1ed9t m\u00f3n khai v\u1ecb h\u1ea5p d\u1eabn t\u1ea1i Tandoor Vietnam. Ch\u00fang t\u00f4i t\u1ec9 m\u1ec9 l\u1ef1a ch\u1ecdn c\u00e1c lo\u1ea1i rau t\u01b0\u01a1i ngon nh\u01b0 b\u00f4ng c\u1ea3i xanh, c\u00e0 chua, c\u00e0 r\u1ed1t, h\u00e0nh t\u00e2y, \u1edbt, v\u00e0 c\u00e1c lo\u1ea1i rau qu\u1ea3 kh\u00e1c \u0111\u1ec3 t\u1ea1o n\u00ean m\u1ed9t s\u1ef1 k\u1ebft h\u1ee3p \u0111a d\u1ea1ng v\u00e0 phong ph\u00fa.<\/p>\n<p>M\u1ed7i mi\u1ebfng rau \u0111\u01b0\u1ee3c ch\u1ebf bi\u1ebfn b\u1eb1ng c\u00e1ch chi\u00ean gi\u00f2n, mang l\u1ea1i v\u1ecb gi\u00f2n tan \u0111\u1eb7c tr\u01b0ng. Qu\u00e1 tr\u00ecnh chi\u00ean gi\u00f2n gi\u00fap rau gi\u1eef \u0111\u01b0\u1ee3c \u0111\u1ed9 t\u01b0\u01a1i ngon v\u00e0 t\u1ea1o ra m\u1ed9t l\u1edbp v\u1ecf gi\u00f2n m\u00e0 b\u00ean trong v\u1eabn gi\u1eef nguy\u00ean \u0111\u1ed9 m\u1ec1m m\u1ecbn c\u1ee7a rau.<\/p>\n<p>M\u00f3n Vegetable Pakora\u00a0l\u00e0 m\u1ed9t l\u1ef1a ch\u1ecdn tuy\u1ec7t v\u1eddi cho nh\u1eefng ai y\u00eau th\u00edch \u1ea9m th\u1ef1c v\u1edbi h\u01b0\u01a1ng v\u1ecb t\u01b0\u01a1i ngon v\u00e0 c\u1ea3m gi\u00e1c gi\u00f2n r\u1ee5m. N\u00f3 kh\u00f4ng ch\u1ec9 l\u00e0 m\u1ed9t m\u00f3n khai v\u1ecb ph\u1ed5 bi\u1ebfn, m\u00e0 c\u00f2n l\u00e0 m\u1ed9t m\u00f3n \u0103n b\u1ed5 d\u01b0\u1ee1ng v\u1edbi c\u00e1c lo\u1ea1i rau gi\u00e0u ch\u1ea5t dinh d\u01b0\u1ee1ng.<\/p>\n<p>T\u1ea1i Tandoor Vietnam, ch\u00fang t\u00f4i cam k\u1ebft mang \u0111\u1ebfn cho kh\u00e1ch h\u00e0ng nh\u1eefng s\u1ea3n ph\u1ea9m ch\u1ea5t l\u01b0\u1ee3ng v\u00e0 t\u01b0\u01a1i ngon nh\u1ea5t. Rau th\u1eadp c\u1ea9m chi\u00ean gi\u00f2n kh\u00f4ng ch\u1ec9 l\u00e0 m\u1ed9t m\u00f3n \u0103n h\u1ea5p d\u1eabn, m\u00e0 c\u00f2n l\u00e0 m\u1ed9t s\u1ef1 k\u1ebft h\u1ee3p ho\u00e0n h\u1ea3o c\u1ee7a c\u00e1c lo\u1ea1i rau t\u01b0\u01a1i ngon.<\/p>\n<p>B\u1ea1n c\u00f3 th\u1ec3 th\u01b0\u1edfng th\u1ee9c m\u00f3n Vegetable Pakora b\u1ea5t k\u1ef3 l\u00fac n\u00e0o trong ng\u00e0y, t\u1eeb b\u1eefa tr\u01b0a cho \u0111\u1ebfn b\u1eefa t\u1ed1i. M\u00f3n n\u00e0y th\u00edch h\u1ee3p \u0111\u1ec3 chia s\u1ebb v\u1edbi gia \u0111\u00ecnh v\u00e0 b\u1ea1n b\u00e8 ho\u1eb7c l\u00e0m m\u00f3n khai v\u1ecb t\u1ea1i c\u00e1c bu\u1ed5i ti\u1ec7c. H\u00e3y \u0111\u1ebfn <a href=\"https:\/\/tandoorvietnam.com\/vi\/\">Tandoor Vietnam<\/a> v\u00e0 kh\u00e1m ph\u00e1 h\u01b0\u01a1ng v\u1ecb tuy\u1ec7t v\u1eddi c\u1ee7a rau th\u1eadp c\u1ea9m chi\u00ean gi\u00f2n \u0111\u1ed9c \u0111\u00e1o!<\/p>\n","protected":false},"excerpt":{"rendered":"<table width=\"723\">\n<tbody>\n<tr>\n<td width=\"412\">Rau x\u00e0o th\u1eadp c\u1ea9m (8 mi\u1ebfng)<\/td>\n<\/tr>\n<tr>\n<td width=\"412\">\n    <em>Rau th\u1eadp c\u1ea9m t\u1ea9m gia v\u1ecb, gi\u00f2n gi\u00f2n t\u1eebng v\u1eaft<\/em>\n  <\/td>\n<\/tr>\n<\/tbody>\n<\/table>\n","protected":false},"featured_media":2956,"template":"","meta":[],"product_brand":[],"product_cat":[213],"product_tag":[],"class_list":{"0":"post-2955","1":"product","2":"type-product","3":"status-publish","4":"has-post-thumbnail","6":"product_cat-cac-mon-khai-vi","8":"first","9":"instock","10":"taxable","11":"shipping-taxable","12":"purchasable","13":"product-type-simple"},"yoast_head":"<!-- This site is optimized with the Yoast SEO Premium plugin v22.3 (Yoast SEO v27.4) - https:\/\/yoast.com\/product\/yoast-seo-premium-wordpress\/ -->\n<title>RAU TH\u1eacP C\u1ea8M CHI\u00caN GI\u00d2N<\/title>\n<meta name=\"description\" content=\"Rau th\u1eadp c\u1ea9m chi\u00ean gi\u00f2n t\u1ea1i Tandoor Vietnam - M\u1ed9t s\u1ef1 k\u1ebft h\u1ee3p \u0111a d\u1ea1ng c\u1ee7a c\u00e1c lo\u1ea1i rau t\u01b0\u01a1i ngon, \u0111\u01b0\u1ee3c chi\u00ean gi\u00f2n v\u00e0 t\u1ea1o n\u00ean m\u00f3n \u0103n th\u01a1m ngon v\u00e0 h\u1ea5p d\u1eabn.\" \/>\n<meta name=\"robots\" content=\"index, follow, max-snippet:-1, max-image-preview:large, max-video-preview:-1\" \/>\n<link rel=\"canonical\" href=\"https:\/\/tandoorvietnam.com\/vi\/sanpham\/cac-mon-khai-vi\/rau-thap-cam-chien-gion\/\" \/>\n<meta property=\"og:locale\" content=\"vi_VN\" \/>\n<meta property=\"og:type\" content=\"article\" \/>\n<meta property=\"og:title\" content=\"RAU TH\u1eacP C\u1ea8M CHI\u00caN GI\u00d2N\" \/>\n<meta property=\"og:description\" content=\"Rau th\u1eadp c\u1ea9m chi\u00ean gi\u00f2n t\u1ea1i Tandoor Vietnam - M\u1ed9t s\u1ef1 k\u1ebft h\u1ee3p \u0111a d\u1ea1ng c\u1ee7a c\u00e1c lo\u1ea1i rau t\u01b0\u01a1i ngon, \u0111\u01b0\u1ee3c chi\u00ean gi\u00f2n v\u00e0 t\u1ea1o n\u00ean m\u00f3n \u0103n th\u01a1m ngon v\u00e0 h\u1ea5p d\u1eabn.\" \/>\n<meta property=\"og:url\" content=\"https:\/\/tandoorvietnam.com\/vi\/sanpham\/cac-mon-khai-vi\/rau-thap-cam-chien-gion\/\" \/>\n<meta property=\"og:site_name\" content=\"Tandoor Vi\u1ec7t Nam\" \/>\n<meta property=\"article:publisher\" content=\"https:\/\/www.facebook.com\/tandoor.hcmc\/\" \/>\n<meta property=\"article:modified_time\" content=\"2025-10-16T10:23:59+00:00\" \/>\n<meta property=\"og:image\" content=\"https:\/\/tandoorvietnam.com\/wp-content\/uploads\/2020\/06\/Vegetable-Pakora.jpg\" \/>\n\t<meta property=\"og:image:width\" content=\"1400\" \/>\n\t<meta property=\"og:image:height\" content=\"1400\" \/>\n\t<meta property=\"og:image:type\" content=\"image\/jpeg\" \/>\n<meta name=\"twitter:card\" content=\"summary_large_image\" \/>\n<meta name=\"twitter:label1\" content=\"Est. reading time\" \/>\n\t<meta name=\"twitter:data1\" content=\"2 minutes\" \/>\n<script type=\"application\/ld+json\" class=\"yoast-schema-graph\">{\"@context\":\"https:\\\/\\\/schema.org\",\"@graph\":[{\"@type\":\"WebPage\",\"@id\":\"https:\\\/\\\/tandoorvietnam.com\\\/vi\\\/sanpham\\\/cac-mon-khai-vi\\\/rau-thap-cam-chien-gion\\\/\",\"url\":\"https:\\\/\\\/tandoorvietnam.com\\\/vi\\\/sanpham\\\/cac-mon-khai-vi\\\/rau-thap-cam-chien-gion\\\/\",\"name\":\"RAU TH\u1eacP C\u1ea8M CHI\u00caN GI\u00d2N\",\"isPartOf\":{\"@id\":\"https:\\\/\\\/tandoorvietnam.com\\\/vi\\\/#website\"},\"primaryImageOfPage\":{\"@id\":\"https:\\\/\\\/tandoorvietnam.com\\\/vi\\\/sanpham\\\/cac-mon-khai-vi\\\/rau-thap-cam-chien-gion\\\/#primaryimage\"},\"image\":{\"@id\":\"https:\\\/\\\/tandoorvietnam.com\\\/vi\\\/sanpham\\\/cac-mon-khai-vi\\\/rau-thap-cam-chien-gion\\\/#primaryimage\"},\"thumbnailUrl\":\"https:\\\/\\\/tandoorvietnam.com\\\/wp-content\\\/uploads\\\/2020\\\/06\\\/Vegetable-Pakora.jpg\",\"datePublished\":\"2020-06-16T14:01:29+00:00\",\"dateModified\":\"2025-10-16T10:23:59+00:00\",\"description\":\"Rau th\u1eadp c\u1ea9m chi\u00ean gi\u00f2n t\u1ea1i Tandoor Vietnam - M\u1ed9t s\u1ef1 k\u1ebft h\u1ee3p \u0111a d\u1ea1ng c\u1ee7a c\u00e1c lo\u1ea1i rau t\u01b0\u01a1i ngon, \u0111\u01b0\u1ee3c chi\u00ean gi\u00f2n v\u00e0 t\u1ea1o n\u00ean m\u00f3n \u0103n th\u01a1m ngon v\u00e0 h\u1ea5p d\u1eabn.\",\"breadcrumb\":{\"@id\":\"https:\\\/\\\/tandoorvietnam.com\\\/vi\\\/sanpham\\\/cac-mon-khai-vi\\\/rau-thap-cam-chien-gion\\\/#breadcrumb\"},\"inLanguage\":\"vi-VN\",\"potentialAction\":[{\"@type\":\"ReadAction\",\"target\":[\"https:\\\/\\\/tandoorvietnam.com\\\/vi\\\/sanpham\\\/cac-mon-khai-vi\\\/rau-thap-cam-chien-gion\\\/\"]}]},{\"@type\":\"ImageObject\",\"inLanguage\":\"vi-VN\",\"@id\":\"https:\\\/\\\/tandoorvietnam.com\\\/vi\\\/sanpham\\\/cac-mon-khai-vi\\\/rau-thap-cam-chien-gion\\\/#primaryimage\",\"url\":\"https:\\\/\\\/tandoorvietnam.com\\\/wp-content\\\/uploads\\\/2020\\\/06\\\/Vegetable-Pakora.jpg\",\"contentUrl\":\"https:\\\/\\\/tandoorvietnam.com\\\/wp-content\\\/uploads\\\/2020\\\/06\\\/Vegetable-Pakora.jpg\",\"width\":1400,\"height\":1400,\"caption\":\"RAU TH\u1eacP C\u1ea8M CHI\u00caN GI\u00d2N\"},{\"@type\":\"BreadcrumbList\",\"@id\":\"https:\\\/\\\/tandoorvietnam.com\\\/vi\\\/sanpham\\\/cac-mon-khai-vi\\\/rau-thap-cam-chien-gion\\\/#breadcrumb\",\"itemListElement\":[{\"@type\":\"ListItem\",\"position\":1,\"name\":\"Trang Ch\u1ee7\",\"item\":\"https:\\\/\\\/tandoorvietnam.com\\\/vi\\\/\"},{\"@type\":\"ListItem\",\"position\":2,\"name\":\"Shop\",\"item\":\"https:\\\/\\\/tandoorvietnam.com\\\/shop\\\/\"},{\"@type\":\"ListItem\",\"position\":3,\"name\":\"RAU TH\u1eacP C\u1ea8M CHI\u00caN GI\u00d2N\"}]},{\"@type\":\"WebSite\",\"@id\":\"https:\\\/\\\/tandoorvietnam.com\\\/vi\\\/#website\",\"url\":\"https:\\\/\\\/tandoorvietnam.com\\\/vi\\\/\",\"name\":\"Tandoor Vietnam\",\"description\":\"Nh\u00e0 h\u00e0ng ngon h\u1ed3 ch\u00ed minh\",\"publisher\":{\"@id\":\"https:\\\/\\\/tandoorvietnam.com\\\/vi\\\/#organization\"},\"potentialAction\":[{\"@type\":\"SearchAction\",\"target\":{\"@type\":\"EntryPoint\",\"urlTemplate\":\"https:\\\/\\\/tandoorvietnam.com\\\/vi\\\/?s={search_term_string}\"},\"query-input\":{\"@type\":\"PropertyValueSpecification\",\"valueRequired\":true,\"valueName\":\"search_term_string\"}}],\"inLanguage\":\"vi-VN\"},{\"@type\":\"Organization\",\"@id\":\"https:\\\/\\\/tandoorvietnam.com\\\/vi\\\/#organization\",\"name\":\"Tandoor Vietnam\",\"url\":\"https:\\\/\\\/tandoorvietnam.com\\\/vi\\\/\",\"logo\":{\"@type\":\"ImageObject\",\"inLanguage\":\"vi-VN\",\"@id\":\"https:\\\/\\\/tandoorvietnam.com\\\/vi\\\/#\\\/schema\\\/logo\\\/image\\\/\",\"url\":\"https:\\\/\\\/tandoorvietnam.com\\\/wp-content\\\/uploads\\\/2020\\\/07\\\/logo.png\",\"contentUrl\":\"https:\\\/\\\/tandoorvietnam.com\\\/wp-content\\\/uploads\\\/2020\\\/07\\\/logo.png\",\"width\":133,\"height\":75,\"caption\":\"Tandoor Vietnam\"},\"image\":{\"@id\":\"https:\\\/\\\/tandoorvietnam.com\\\/vi\\\/#\\\/schema\\\/logo\\\/image\\\/\"},\"sameAs\":[\"https:\\\/\\\/www.facebook.com\\\/tandoor.hcmc\\\/\"]}]}<\/script>\n<!-- \/ Yoast SEO Premium plugin. -->","yoast_head_json":{"title":"RAU TH\u1eacP C\u1ea8M CHI\u00caN GI\u00d2N","description":"Rau th\u1eadp c\u1ea9m chi\u00ean gi\u00f2n t\u1ea1i Tandoor Vietnam - M\u1ed9t s\u1ef1 k\u1ebft h\u1ee3p \u0111a d\u1ea1ng c\u1ee7a c\u00e1c lo\u1ea1i rau t\u01b0\u01a1i ngon, \u0111\u01b0\u1ee3c chi\u00ean gi\u00f2n v\u00e0 t\u1ea1o n\u00ean m\u00f3n \u0103n th\u01a1m ngon v\u00e0 h\u1ea5p d\u1eabn.","robots":{"index":"index","follow":"follow","max-snippet":"max-snippet:-1","max-image-preview":"max-image-preview:large","max-video-preview":"max-video-preview:-1"},"canonical":"https:\/\/tandoorvietnam.com\/vi\/sanpham\/cac-mon-khai-vi\/rau-thap-cam-chien-gion\/","og_locale":"vi_VN","og_type":"article","og_title":"RAU TH\u1eacP C\u1ea8M CHI\u00caN GI\u00d2N","og_description":"Rau th\u1eadp c\u1ea9m chi\u00ean gi\u00f2n t\u1ea1i Tandoor Vietnam - M\u1ed9t s\u1ef1 k\u1ebft h\u1ee3p \u0111a d\u1ea1ng c\u1ee7a c\u00e1c lo\u1ea1i rau t\u01b0\u01a1i ngon, \u0111\u01b0\u1ee3c chi\u00ean gi\u00f2n v\u00e0 t\u1ea1o n\u00ean m\u00f3n \u0103n th\u01a1m ngon v\u00e0 h\u1ea5p d\u1eabn.","og_url":"https:\/\/tandoorvietnam.com\/vi\/sanpham\/cac-mon-khai-vi\/rau-thap-cam-chien-gion\/","og_site_name":"Tandoor Vi\u1ec7t Nam","article_publisher":"https:\/\/www.facebook.com\/tandoor.hcmc\/","article_modified_time":"2025-10-16T10:23:59+00:00","og_image":[{"width":1400,"height":1400,"url":"https:\/\/tandoorvietnam.com\/wp-content\/uploads\/2020\/06\/Vegetable-Pakora.jpg","type":"image\/jpeg"}],"twitter_card":"summary_large_image","twitter_misc":{"Est. reading time":"2 minutes"},"schema":{"@context":"https:\/\/schema.org","@graph":[{"@type":"WebPage","@id":"https:\/\/tandoorvietnam.com\/vi\/sanpham\/cac-mon-khai-vi\/rau-thap-cam-chien-gion\/","url":"https:\/\/tandoorvietnam.com\/vi\/sanpham\/cac-mon-khai-vi\/rau-thap-cam-chien-gion\/","name":"RAU TH\u1eacP C\u1ea8M CHI\u00caN GI\u00d2N","isPartOf":{"@id":"https:\/\/tandoorvietnam.com\/vi\/#website"},"primaryImageOfPage":{"@id":"https:\/\/tandoorvietnam.com\/vi\/sanpham\/cac-mon-khai-vi\/rau-thap-cam-chien-gion\/#primaryimage"},"image":{"@id":"https:\/\/tandoorvietnam.com\/vi\/sanpham\/cac-mon-khai-vi\/rau-thap-cam-chien-gion\/#primaryimage"},"thumbnailUrl":"https:\/\/tandoorvietnam.com\/wp-content\/uploads\/2020\/06\/Vegetable-Pakora.jpg","datePublished":"2020-06-16T14:01:29+00:00","dateModified":"2025-10-16T10:23:59+00:00","description":"Rau th\u1eadp c\u1ea9m chi\u00ean gi\u00f2n t\u1ea1i Tandoor Vietnam - M\u1ed9t s\u1ef1 k\u1ebft h\u1ee3p \u0111a d\u1ea1ng c\u1ee7a c\u00e1c lo\u1ea1i rau t\u01b0\u01a1i ngon, \u0111\u01b0\u1ee3c chi\u00ean gi\u00f2n v\u00e0 t\u1ea1o n\u00ean m\u00f3n \u0103n th\u01a1m ngon v\u00e0 h\u1ea5p d\u1eabn.","breadcrumb":{"@id":"https:\/\/tandoorvietnam.com\/vi\/sanpham\/cac-mon-khai-vi\/rau-thap-cam-chien-gion\/#breadcrumb"},"inLanguage":"vi-VN","potentialAction":[{"@type":"ReadAction","target":["https:\/\/tandoorvietnam.com\/vi\/sanpham\/cac-mon-khai-vi\/rau-thap-cam-chien-gion\/"]}]},{"@type":"ImageObject","inLanguage":"vi-VN","@id":"https:\/\/tandoorvietnam.com\/vi\/sanpham\/cac-mon-khai-vi\/rau-thap-cam-chien-gion\/#primaryimage","url":"https:\/\/tandoorvietnam.com\/wp-content\/uploads\/2020\/06\/Vegetable-Pakora.jpg","contentUrl":"https:\/\/tandoorvietnam.com\/wp-content\/uploads\/2020\/06\/Vegetable-Pakora.jpg","width":1400,"height":1400,"caption":"RAU TH\u1eacP C\u1ea8M CHI\u00caN GI\u00d2N"},{"@type":"BreadcrumbList","@id":"https:\/\/tandoorvietnam.com\/vi\/sanpham\/cac-mon-khai-vi\/rau-thap-cam-chien-gion\/#breadcrumb","itemListElement":[{"@type":"ListItem","position":1,"name":"Trang Ch\u1ee7","item":"https:\/\/tandoorvietnam.com\/vi\/"},{"@type":"ListItem","position":2,"name":"Shop","item":"https:\/\/tandoorvietnam.com\/shop\/"},{"@type":"ListItem","position":3,"name":"RAU TH\u1eacP C\u1ea8M CHI\u00caN GI\u00d2N"}]},{"@type":"WebSite","@id":"https:\/\/tandoorvietnam.com\/vi\/#website","url":"https:\/\/tandoorvietnam.com\/vi\/","name":"Tandoor Vietnam","description":"Nh\u00e0 h\u00e0ng ngon h\u1ed3 ch\u00ed minh","publisher":{"@id":"https:\/\/tandoorvietnam.com\/vi\/#organization"},"potentialAction":[{"@type":"SearchAction","target":{"@type":"EntryPoint","urlTemplate":"https:\/\/tandoorvietnam.com\/vi\/?s={search_term_string}"},"query-input":{"@type":"PropertyValueSpecification","valueRequired":true,"valueName":"search_term_string"}}],"inLanguage":"vi-VN"},{"@type":"Organization","@id":"https:\/\/tandoorvietnam.com\/vi\/#organization","name":"Tandoor Vietnam","url":"https:\/\/tandoorvietnam.com\/vi\/","logo":{"@type":"ImageObject","inLanguage":"vi-VN","@id":"https:\/\/tandoorvietnam.com\/vi\/#\/schema\/logo\/image\/","url":"https:\/\/tandoorvietnam.com\/wp-content\/uploads\/2020\/07\/logo.png","contentUrl":"https:\/\/tandoorvietnam.com\/wp-content\/uploads\/2020\/07\/logo.png","width":133,"height":75,"caption":"Tandoor Vietnam"},"image":{"@id":"https:\/\/tandoorvietnam.com\/vi\/#\/schema\/logo\/image\/"},"sameAs":["https:\/\/www.facebook.com\/tandoor.hcmc\/"]}]}},"_links":{"self":[{"href":"https:\/\/tandoorvietnam.com\/vi\/wp-json\/wp\/v2\/product\/2955","targetHints":{"allow":["GET"]}}],"collection":[{"href":"https:\/\/tandoorvietnam.com\/vi\/wp-json\/wp\/v2\/product"}],"about":[{"href":"https:\/\/tandoorvietnam.com\/vi\/wp-json\/wp\/v2\/types\/product"}],"wp:featuredmedia":[{"embeddable":true,"href":"https:\/\/tandoorvietnam.com\/vi\/wp-json\/wp\/v2\/media\/2956"}],"wp:attachment":[{"href":"https:\/\/tandoorvietnam.com\/vi\/wp-json\/wp\/v2\/media?parent=2955"}],"wp:term":[{"taxonomy":"product_brand","embeddable":true,"href":"https:\/\/tandoorvietnam.com\/vi\/wp-json\/wp\/v2\/product_brand?post=2955"},{"taxonomy":"product_cat","embeddable":true,"href":"https:\/\/tandoorvietnam.com\/vi\/wp-json\/wp\/v2\/product_cat?post=2955"},{"taxonomy":"product_tag","embeddable":true,"href":"https:\/\/tandoorvietnam.com\/vi\/wp-json\/wp\/v2\/product_tag?post=2955"}],"curies":[{"name":"wp","href":"https:\/\/api.w.org\/{rel}","templated":true}]}}