{"id":2957,"date":"2020-06-26T11:30:13","date_gmt":"2020-06-26T11:30:13","guid":{"rendered":"http:\/\/tandoorvietnam.com\/product\/uncategorized\/samosa-rau-cu\/"},"modified":"2025-12-26T18:46:05","modified_gmt":"2025-12-26T11:46:05","slug":"samosa-rau-cu","status":"publish","type":"product","link":"https:\/\/tandoorvietnam.com\/vi\/sanpham\/cac-mon-khai-vi\/samosa-rau-cu\/","title":{"rendered":"Vegetable Samosa (SAMOSA RAU C\u1ee6)"},"content":{"rendered":"<p>Samosa Rau C\u1ee7 (Vegetable Samosa) l\u00e0 m\u1ed9t m\u00f3n khai v\u1ecb \u0111\u1ed9c \u0111\u00e1o c\u00f3 ngu\u1ed3n g\u1ed1c t\u1eeb \u1ea4n \u0110\u1ed9. T\u1ea1i <a href=\"https:\/\/tandoorvietnam.com\/vi\/\">Tandoor Vietnam<\/a>, ch\u00fang t\u00f4i t\u1ea1o ra nh\u1eefng chi\u1ebfc samosa \u0111\u1eb7c bi\u1ec7t v\u1edbi l\u1edbp v\u1ecf gi\u00f2n tan b\u00ean ngo\u00e0i v\u00e0 nh\u00e2n rau c\u1ee7 th\u01a1m ngon b\u00ean trong.<\/p>\n<p>V\u1edbi s\u1ef1 k\u1ebft h\u1ee3p tinh t\u1ebf c\u1ee7a c\u00e1c lo\u1ea1i rau c\u1ee7 nh\u01b0 khoai t\u00e2y, c\u00e0 r\u1ed1t, h\u00e0nh t\u00e2y v\u00e0 h\u01b0\u01a1ng v\u1ecb \u0111\u1eb7c tr\u01b0ng c\u1ee7a c\u00e1c gia v\u1ecb \u1ea4n \u0110\u1ed9, Samosa Rau C\u1ee7 mang \u0111\u1ebfn m\u1ed9t tr\u1ea3i nghi\u1ec7m \u1ea9m th\u1ef1c tuy\u1ec7t v\u1eddi cho th\u1ef1c kh\u00e1ch.<\/p>\n<p>V\u1ecf b\u00e1nh samosa \u0111\u01b0\u1ee3c l\u00e0m t\u1eeb b\u1ed9t m\u00ec v\u00e0 b\u01a1, cho ph\u00e9p t\u1ea1o ra m\u1ed9t l\u1edbp v\u1ecf gi\u00f2n tan khi n\u01b0\u1edbng ch\u00edn. Khi \u0103n, b\u1ea1n s\u1ebd c\u1ea3m nh\u1eadn \u0111\u01b0\u1ee3c s\u1ef1 h\u00f2a quy\u1ec7n c\u1ee7a v\u1ecb ng\u1ecdt c\u1ee7a c\u00e0 r\u1ed1t, v\u1ecb \u0111\u1eadm \u0111\u00e0 c\u1ee7a khoai t\u00e2y, v\u00e0 v\u1ecb th\u01a1m c\u1ee7a h\u00e0nh t\u00e2y.<\/p>\n<p>Vegetable Samosa l\u00e0 m\u1ed9t m\u00f3n \u0103n khai v\u1ecb ph\u1ed5 bi\u1ebfn v\u00e0 \u0111\u01b0\u1ee3c \u01b0a chu\u1ed9ng kh\u00f4ng ch\u1ec9 \u1edf \u1ea4n \u0110\u1ed9 m\u00e0 c\u00f2n tr\u00ean to\u00e0n th\u1ebf gi\u1edbi. T\u1ea1i Tandoor Vietnam, ch\u00fang t\u00f4i cam k\u1ebft \u0111\u1ea3m b\u1ea3o ch\u1ea5t l\u01b0\u1ee3ng v\u00e0 s\u1ef1 t\u01b0\u01a1i ngon c\u1ee7a c\u00e1c nguy\u00ean li\u1ec7u s\u1eed d\u1ee5ng \u0111\u1ec3 t\u1ea1o ra m\u00f3n \u0103n n\u00e0y.<\/p>\n<p>B\u1ea1n c\u00f3 th\u1ec3 th\u01b0\u1edfng th\u1ee9c Vegetable Samosa nh\u01b0 m\u1ed9t m\u00f3n khai v\u1ecb tr\u01b0\u1edbc b\u1eefa ch\u00ednh ho\u1eb7c k\u00e8m theo n\u01b0\u1edbc ch\u1ea5m t\u01b0\u01a1ng \u1edbt \u0111\u1eb7c tr\u01b0ng. Samosa Rau C\u1ee7 l\u00e0 s\u1ef1 l\u1ef1a ch\u1ecdn tuy\u1ec7t v\u1eddi cho nh\u1eefng ai y\u00eau th\u00edch h\u01b0\u01a1ng v\u1ecb \u1ea4n \u0110\u1ed9 v\u00e0 mu\u1ed1n kh\u00e1m ph\u00e1 th\u00eam nh\u1eefng m\u00f3n \u0103n \u0111\u1ed9c \u0111\u00e1o t\u1eeb v\u0103n h\u00f3a \u1ea9m th\u1ef1c n\u00e0y.<\/p>\n","protected":false},"excerpt":{"rendered":"<table width=\"723\">\n<tbody>\n<tr>\n<td width=\"412\">M\u00f3n m\u1eb7n v\u1edbi \u0111\u1eadu H\u00e0 Lan v\u00e0 khoai t\u00e2y t\u1ea9m gia v\u1ecb (2 mi\u1ebfng)<\/td>\n<\/tr>\n<tr>\n<td width=\"412\"><em>B\u00e1nh g\u1ed1i gi\u00f2n gi\u00f2n \u0111\u1eadu tibo v\u00e0 khoai t\u00e2y<\/em><\/td>\n<\/tr>\n<\/tbody>\n<\/table>\n","protected":false},"featured_media":2958,"template":"","meta":[],"product_brand":[],"product_cat":[213],"product_tag":[],"class_list":{"0":"post-2957","1":"product","2":"type-product","3":"status-publish","4":"has-post-thumbnail","6":"product_cat-cac-mon-khai-vi","8":"first","9":"instock","10":"purchasable","11":"product-type-simple"},"yoast_head":"<!-- This site is optimized with the Yoast SEO Premium plugin v22.3 (Yoast SEO v27.4) - https:\/\/yoast.com\/product\/yoast-seo-premium-wordpress\/ -->\n<title>Vegetable Samosa (SAMOSA RAU C\u1ee6) - Tandoor Vi\u1ec7t Nam<\/title>\n<meta name=\"description\" content=\"Samosa Rau C\u1ee7 - M\u00f3n khai v\u1ecb \u0111\u1ed9c \u0111\u00e1o v\u1edbi nh\u00e2n rau c\u1ee7 th\u01a1m ngon, \u0111\u01b0\u1ee3c b\u1ecdc trong l\u1edbp v\u1ecf gi\u00f2n tan. H\u00e3y kh\u00e1m ph\u00e1 h\u01b0\u01a1ng v\u1ecb \u1ea4n \u0110\u1ed9 t\u1ea1i Tandoor Vietnam.\" \/>\n<meta name=\"robots\" content=\"index, follow, max-snippet:-1, max-image-preview:large, max-video-preview:-1\" \/>\n<link rel=\"canonical\" href=\"https:\/\/tandoorvietnam.com\/vi\/sanpham\/cac-mon-khai-vi\/samosa-rau-cu\/\" \/>\n<meta property=\"og:locale\" content=\"vi_VN\" \/>\n<meta property=\"og:type\" content=\"article\" \/>\n<meta property=\"og:title\" content=\"Vegetable Samosa (SAMOSA RAU C\u1ee6)\" \/>\n<meta property=\"og:description\" content=\"Samosa Rau C\u1ee7 - M\u00f3n khai v\u1ecb \u0111\u1ed9c \u0111\u00e1o v\u1edbi nh\u00e2n rau c\u1ee7 th\u01a1m ngon, \u0111\u01b0\u1ee3c b\u1ecdc trong l\u1edbp v\u1ecf gi\u00f2n tan. H\u00e3y kh\u00e1m ph\u00e1 h\u01b0\u01a1ng v\u1ecb \u1ea4n \u0110\u1ed9 t\u1ea1i Tandoor Vietnam.\" \/>\n<meta property=\"og:url\" content=\"https:\/\/tandoorvietnam.com\/vi\/sanpham\/cac-mon-khai-vi\/samosa-rau-cu\/\" \/>\n<meta property=\"og:site_name\" content=\"Tandoor Vi\u1ec7t Nam\" \/>\n<meta property=\"article:publisher\" content=\"https:\/\/www.facebook.com\/tandoor.hcmc\/\" \/>\n<meta property=\"article:modified_time\" content=\"2025-12-26T11:46:05+00:00\" \/>\n<meta property=\"og:image\" content=\"https:\/\/tandoorvietnam.com\/wp-content\/uploads\/2020\/06\/Vegetable-samosa.jpg\" \/>\n\t<meta property=\"og:image:width\" content=\"800\" \/>\n\t<meta property=\"og:image:height\" content=\"532\" \/>\n\t<meta property=\"og:image:type\" content=\"image\/jpeg\" \/>\n<meta name=\"twitter:card\" content=\"summary_large_image\" \/>\n<meta name=\"twitter:label1\" content=\"Est. reading time\" \/>\n\t<meta name=\"twitter:data1\" content=\"2 minutes\" \/>\n<script type=\"application\/ld+json\" class=\"yoast-schema-graph\">{\"@context\":\"https:\\\/\\\/schema.org\",\"@graph\":[{\"@type\":\"WebPage\",\"@id\":\"https:\\\/\\\/tandoorvietnam.com\\\/vi\\\/sanpham\\\/cac-mon-khai-vi\\\/samosa-rau-cu\\\/\",\"url\":\"https:\\\/\\\/tandoorvietnam.com\\\/vi\\\/sanpham\\\/cac-mon-khai-vi\\\/samosa-rau-cu\\\/\",\"name\":\"Vegetable Samosa (SAMOSA RAU C\u1ee6) - Tandoor Vi\u1ec7t Nam\",\"isPartOf\":{\"@id\":\"https:\\\/\\\/tandoorvietnam.com\\\/vi\\\/#website\"},\"primaryImageOfPage\":{\"@id\":\"https:\\\/\\\/tandoorvietnam.com\\\/vi\\\/sanpham\\\/cac-mon-khai-vi\\\/samosa-rau-cu\\\/#primaryimage\"},\"image\":{\"@id\":\"https:\\\/\\\/tandoorvietnam.com\\\/vi\\\/sanpham\\\/cac-mon-khai-vi\\\/samosa-rau-cu\\\/#primaryimage\"},\"thumbnailUrl\":\"https:\\\/\\\/tandoorvietnam.com\\\/wp-content\\\/uploads\\\/2020\\\/06\\\/Vegetable-samosa.jpg\",\"datePublished\":\"2020-06-26T11:30:13+00:00\",\"dateModified\":\"2025-12-26T11:46:05+00:00\",\"description\":\"Samosa Rau C\u1ee7 - M\u00f3n khai v\u1ecb \u0111\u1ed9c \u0111\u00e1o v\u1edbi nh\u00e2n rau c\u1ee7 th\u01a1m ngon, \u0111\u01b0\u1ee3c b\u1ecdc trong l\u1edbp v\u1ecf gi\u00f2n tan. H\u00e3y kh\u00e1m ph\u00e1 h\u01b0\u01a1ng v\u1ecb \u1ea4n \u0110\u1ed9 t\u1ea1i Tandoor Vietnam.\",\"breadcrumb\":{\"@id\":\"https:\\\/\\\/tandoorvietnam.com\\\/vi\\\/sanpham\\\/cac-mon-khai-vi\\\/samosa-rau-cu\\\/#breadcrumb\"},\"inLanguage\":\"vi-VN\",\"potentialAction\":[{\"@type\":\"ReadAction\",\"target\":[\"https:\\\/\\\/tandoorvietnam.com\\\/vi\\\/sanpham\\\/cac-mon-khai-vi\\\/samosa-rau-cu\\\/\"]}]},{\"@type\":\"ImageObject\",\"inLanguage\":\"vi-VN\",\"@id\":\"https:\\\/\\\/tandoorvietnam.com\\\/vi\\\/sanpham\\\/cac-mon-khai-vi\\\/samosa-rau-cu\\\/#primaryimage\",\"url\":\"https:\\\/\\\/tandoorvietnam.com\\\/wp-content\\\/uploads\\\/2020\\\/06\\\/Vegetable-samosa.jpg\",\"contentUrl\":\"https:\\\/\\\/tandoorvietnam.com\\\/wp-content\\\/uploads\\\/2020\\\/06\\\/Vegetable-samosa.jpg\",\"width\":800,\"height\":532,\"caption\":\"SAMOSA RAU C\u1ee6\"},{\"@type\":\"BreadcrumbList\",\"@id\":\"https:\\\/\\\/tandoorvietnam.com\\\/vi\\\/sanpham\\\/cac-mon-khai-vi\\\/samosa-rau-cu\\\/#breadcrumb\",\"itemListElement\":[{\"@type\":\"ListItem\",\"position\":1,\"name\":\"Trang Ch\u1ee7\",\"item\":\"https:\\\/\\\/tandoorvietnam.com\\\/vi\\\/\"},{\"@type\":\"ListItem\",\"position\":2,\"name\":\"Shop\",\"item\":\"https:\\\/\\\/tandoorvietnam.com\\\/shop\\\/\"},{\"@type\":\"ListItem\",\"position\":3,\"name\":\"Vegetable Samosa (SAMOSA RAU C\u1ee6)\"}]},{\"@type\":\"WebSite\",\"@id\":\"https:\\\/\\\/tandoorvietnam.com\\\/vi\\\/#website\",\"url\":\"https:\\\/\\\/tandoorvietnam.com\\\/vi\\\/\",\"name\":\"Tandoor Vietnam\",\"description\":\"Nh\u00e0 h\u00e0ng ngon h\u1ed3 ch\u00ed minh\",\"publisher\":{\"@id\":\"https:\\\/\\\/tandoorvietnam.com\\\/vi\\\/#organization\"},\"potentialAction\":[{\"@type\":\"SearchAction\",\"target\":{\"@type\":\"EntryPoint\",\"urlTemplate\":\"https:\\\/\\\/tandoorvietnam.com\\\/vi\\\/?s={search_term_string}\"},\"query-input\":{\"@type\":\"PropertyValueSpecification\",\"valueRequired\":true,\"valueName\":\"search_term_string\"}}],\"inLanguage\":\"vi-VN\"},{\"@type\":\"Organization\",\"@id\":\"https:\\\/\\\/tandoorvietnam.com\\\/vi\\\/#organization\",\"name\":\"Tandoor Vietnam\",\"url\":\"https:\\\/\\\/tandoorvietnam.com\\\/vi\\\/\",\"logo\":{\"@type\":\"ImageObject\",\"inLanguage\":\"vi-VN\",\"@id\":\"https:\\\/\\\/tandoorvietnam.com\\\/vi\\\/#\\\/schema\\\/logo\\\/image\\\/\",\"url\":\"https:\\\/\\\/tandoorvietnam.com\\\/wp-content\\\/uploads\\\/2020\\\/07\\\/logo.png\",\"contentUrl\":\"https:\\\/\\\/tandoorvietnam.com\\\/wp-content\\\/uploads\\\/2020\\\/07\\\/logo.png\",\"width\":133,\"height\":75,\"caption\":\"Tandoor Vietnam\"},\"image\":{\"@id\":\"https:\\\/\\\/tandoorvietnam.com\\\/vi\\\/#\\\/schema\\\/logo\\\/image\\\/\"},\"sameAs\":[\"https:\\\/\\\/www.facebook.com\\\/tandoor.hcmc\\\/\"]}]}<\/script>\n<!-- \/ Yoast SEO Premium plugin. -->","yoast_head_json":{"title":"Vegetable Samosa (SAMOSA RAU C\u1ee6) - Tandoor Vi\u1ec7t Nam","description":"Samosa Rau C\u1ee7 - M\u00f3n khai v\u1ecb \u0111\u1ed9c \u0111\u00e1o v\u1edbi nh\u00e2n rau c\u1ee7 th\u01a1m ngon, \u0111\u01b0\u1ee3c b\u1ecdc trong l\u1edbp v\u1ecf gi\u00f2n tan. H\u00e3y kh\u00e1m ph\u00e1 h\u01b0\u01a1ng v\u1ecb \u1ea4n \u0110\u1ed9 t\u1ea1i Tandoor Vietnam.","robots":{"index":"index","follow":"follow","max-snippet":"max-snippet:-1","max-image-preview":"max-image-preview:large","max-video-preview":"max-video-preview:-1"},"canonical":"https:\/\/tandoorvietnam.com\/vi\/sanpham\/cac-mon-khai-vi\/samosa-rau-cu\/","og_locale":"vi_VN","og_type":"article","og_title":"Vegetable Samosa (SAMOSA RAU C\u1ee6)","og_description":"Samosa Rau C\u1ee7 - M\u00f3n khai v\u1ecb \u0111\u1ed9c \u0111\u00e1o v\u1edbi nh\u00e2n rau c\u1ee7 th\u01a1m ngon, \u0111\u01b0\u1ee3c b\u1ecdc trong l\u1edbp v\u1ecf gi\u00f2n tan. H\u00e3y kh\u00e1m ph\u00e1 h\u01b0\u01a1ng v\u1ecb \u1ea4n \u0110\u1ed9 t\u1ea1i Tandoor Vietnam.","og_url":"https:\/\/tandoorvietnam.com\/vi\/sanpham\/cac-mon-khai-vi\/samosa-rau-cu\/","og_site_name":"Tandoor Vi\u1ec7t Nam","article_publisher":"https:\/\/www.facebook.com\/tandoor.hcmc\/","article_modified_time":"2025-12-26T11:46:05+00:00","og_image":[{"width":800,"height":532,"url":"https:\/\/tandoorvietnam.com\/wp-content\/uploads\/2020\/06\/Vegetable-samosa.jpg","type":"image\/jpeg"}],"twitter_card":"summary_large_image","twitter_misc":{"Est. reading time":"2 minutes"},"schema":{"@context":"https:\/\/schema.org","@graph":[{"@type":"WebPage","@id":"https:\/\/tandoorvietnam.com\/vi\/sanpham\/cac-mon-khai-vi\/samosa-rau-cu\/","url":"https:\/\/tandoorvietnam.com\/vi\/sanpham\/cac-mon-khai-vi\/samosa-rau-cu\/","name":"Vegetable Samosa (SAMOSA RAU C\u1ee6) - Tandoor Vi\u1ec7t Nam","isPartOf":{"@id":"https:\/\/tandoorvietnam.com\/vi\/#website"},"primaryImageOfPage":{"@id":"https:\/\/tandoorvietnam.com\/vi\/sanpham\/cac-mon-khai-vi\/samosa-rau-cu\/#primaryimage"},"image":{"@id":"https:\/\/tandoorvietnam.com\/vi\/sanpham\/cac-mon-khai-vi\/samosa-rau-cu\/#primaryimage"},"thumbnailUrl":"https:\/\/tandoorvietnam.com\/wp-content\/uploads\/2020\/06\/Vegetable-samosa.jpg","datePublished":"2020-06-26T11:30:13+00:00","dateModified":"2025-12-26T11:46:05+00:00","description":"Samosa Rau C\u1ee7 - M\u00f3n khai v\u1ecb \u0111\u1ed9c \u0111\u00e1o v\u1edbi nh\u00e2n rau c\u1ee7 th\u01a1m ngon, \u0111\u01b0\u1ee3c b\u1ecdc trong l\u1edbp v\u1ecf gi\u00f2n tan. H\u00e3y kh\u00e1m ph\u00e1 h\u01b0\u01a1ng v\u1ecb \u1ea4n \u0110\u1ed9 t\u1ea1i Tandoor Vietnam.","breadcrumb":{"@id":"https:\/\/tandoorvietnam.com\/vi\/sanpham\/cac-mon-khai-vi\/samosa-rau-cu\/#breadcrumb"},"inLanguage":"vi-VN","potentialAction":[{"@type":"ReadAction","target":["https:\/\/tandoorvietnam.com\/vi\/sanpham\/cac-mon-khai-vi\/samosa-rau-cu\/"]}]},{"@type":"ImageObject","inLanguage":"vi-VN","@id":"https:\/\/tandoorvietnam.com\/vi\/sanpham\/cac-mon-khai-vi\/samosa-rau-cu\/#primaryimage","url":"https:\/\/tandoorvietnam.com\/wp-content\/uploads\/2020\/06\/Vegetable-samosa.jpg","contentUrl":"https:\/\/tandoorvietnam.com\/wp-content\/uploads\/2020\/06\/Vegetable-samosa.jpg","width":800,"height":532,"caption":"SAMOSA RAU C\u1ee6"},{"@type":"BreadcrumbList","@id":"https:\/\/tandoorvietnam.com\/vi\/sanpham\/cac-mon-khai-vi\/samosa-rau-cu\/#breadcrumb","itemListElement":[{"@type":"ListItem","position":1,"name":"Trang Ch\u1ee7","item":"https:\/\/tandoorvietnam.com\/vi\/"},{"@type":"ListItem","position":2,"name":"Shop","item":"https:\/\/tandoorvietnam.com\/shop\/"},{"@type":"ListItem","position":3,"name":"Vegetable Samosa (SAMOSA RAU C\u1ee6)"}]},{"@type":"WebSite","@id":"https:\/\/tandoorvietnam.com\/vi\/#website","url":"https:\/\/tandoorvietnam.com\/vi\/","name":"Tandoor Vietnam","description":"Nh\u00e0 h\u00e0ng ngon h\u1ed3 ch\u00ed minh","publisher":{"@id":"https:\/\/tandoorvietnam.com\/vi\/#organization"},"potentialAction":[{"@type":"SearchAction","target":{"@type":"EntryPoint","urlTemplate":"https:\/\/tandoorvietnam.com\/vi\/?s={search_term_string}"},"query-input":{"@type":"PropertyValueSpecification","valueRequired":true,"valueName":"search_term_string"}}],"inLanguage":"vi-VN"},{"@type":"Organization","@id":"https:\/\/tandoorvietnam.com\/vi\/#organization","name":"Tandoor Vietnam","url":"https:\/\/tandoorvietnam.com\/vi\/","logo":{"@type":"ImageObject","inLanguage":"vi-VN","@id":"https:\/\/tandoorvietnam.com\/vi\/#\/schema\/logo\/image\/","url":"https:\/\/tandoorvietnam.com\/wp-content\/uploads\/2020\/07\/logo.png","contentUrl":"https:\/\/tandoorvietnam.com\/wp-content\/uploads\/2020\/07\/logo.png","width":133,"height":75,"caption":"Tandoor Vietnam"},"image":{"@id":"https:\/\/tandoorvietnam.com\/vi\/#\/schema\/logo\/image\/"},"sameAs":["https:\/\/www.facebook.com\/tandoor.hcmc\/"]}]}},"_links":{"self":[{"href":"https:\/\/tandoorvietnam.com\/vi\/wp-json\/wp\/v2\/product\/2957","targetHints":{"allow":["GET"]}}],"collection":[{"href":"https:\/\/tandoorvietnam.com\/vi\/wp-json\/wp\/v2\/product"}],"about":[{"href":"https:\/\/tandoorvietnam.com\/vi\/wp-json\/wp\/v2\/types\/product"}],"wp:featuredmedia":[{"embeddable":true,"href":"https:\/\/tandoorvietnam.com\/vi\/wp-json\/wp\/v2\/media\/2958"}],"wp:attachment":[{"href":"https:\/\/tandoorvietnam.com\/vi\/wp-json\/wp\/v2\/media?parent=2957"}],"wp:term":[{"taxonomy":"product_brand","embeddable":true,"href":"https:\/\/tandoorvietnam.com\/vi\/wp-json\/wp\/v2\/product_brand?post=2957"},{"taxonomy":"product_cat","embeddable":true,"href":"https:\/\/tandoorvietnam.com\/vi\/wp-json\/wp\/v2\/product_cat?post=2957"},{"taxonomy":"product_tag","embeddable":true,"href":"https:\/\/tandoorvietnam.com\/vi\/wp-json\/wp\/v2\/product_tag?post=2957"}],"curies":[{"name":"wp","href":"https:\/\/api.w.org\/{rel}","templated":true}]}}