{"id":2961,"date":"2020-06-20T10:33:03","date_gmt":"2021-04-11T12:06:26","guid":{"rendered":"http:\/\/tandoorvietnam.com\/product\/uncategorized\/salad-dau-nang-vang-dua-leo-ot-chuong\/"},"modified":"2023-05-10T09:59:09","modified_gmt":"2023-05-10T09:59:09","slug":"salad-dau-nang-vang-dua-leo-ot-chuong","status":"publish","type":"product","link":"https:\/\/tandoorvietnam.com\/vi\/sanpham\/cac-mon-salad\/salad-dau-nang-vang-dua-leo-ot-chuong\/","title":{"rendered":"Chana Salad (SALAD \u0110\u1eacU N\u0102NG V\u00c0NG, D\u01afA LEO, \u1edaT CHU\u00d4NG)"},"content":{"rendered":"<p>Salad \u0111\u1eadu n\u0103ng v\u00e0ng, d\u01b0a leo, \u1edbt chu\u00f4ng l\u00e0 m\u1ed9t m\u00f3n \u0103n t\u01b0\u01a1i ngon v\u00e0 b\u1ed5 d\u01b0\u1ee1ng, \u0111\u1eb7c bi\u1ec7t th\u00edch h\u1ee3p cho nh\u1eefng ng\u01b0\u1eddi mu\u1ed1n \u0103n ki\u00eang ho\u1eb7c \u0111ang t\u1eadp luy\u1ec7n th\u1ec3 thao. T\u1ea1i Tandoor Vietnam, ch\u00fang t\u00f4i \u0111\u00e3 \u0111\u01b0a ra phi\u00ean b\u1ea3n \u0111\u1ed9c \u0111\u00e1o c\u1ee7a m\u00f3n \u0103n\u00a0n\u00e0y, k\u1ebft h\u1ee3p gi\u1eefa \u0111\u1eadu n\u0103ng v\u00e0ng, d\u01b0a leo t\u01b0\u01a1i, \u1edbt chu\u00f4ng v\u00e0 rau xanh t\u01b0\u01a1i.<\/p>\n<p>Salad \u0111\u01b0\u1ee3c \u01b0\u1edbp s\u1ed1t \u0111\u1eadm \u0111\u00e0, m\u1ed9t h\u1ed7n h\u1ee3p c\u1ee7a gia v\u1ecb \u1ea4n \u0110\u1ed9 v\u00e0 s\u1eefa chua t\u01b0\u01a1i, t\u1ea1o ra m\u1ed9t h\u01b0\u01a1ng v\u1ecb th\u01a1m ngon, \u0111\u1eadm \u0111\u00e0 v\u00e0 thanh m\u00e1t. Ch\u00fang t\u00f4i s\u1eed d\u1ee5ng \u0111\u1eadu n\u0103ng v\u00e0ng, d\u01b0a leo v\u00e0 \u1edbt chu\u00f4ng t\u01b0\u01a1i ngon, c\u1eaft th\u00e0nh nh\u1eefng mi\u1ebfng nh\u1ecf \u0111\u1ec3 t\u1ea1o n\u00ean m\u1ed9t m\u00f3n Chana Salad\u00a0h\u1ea5p d\u1eabn v\u00e0 d\u1ec5 \u0103n.<\/p>\n<p>M\u00f3n salad n\u00e0y r\u1ea5t gi\u00e0u ch\u1ea5t x\u01a1, vitamin v\u00e0 kho\u00e1ng ch\u1ea5t, gi\u00fap t\u0103ng c\u01b0\u1eddng s\u1ee9c kh\u1ecfe v\u00e0 h\u1ed7 tr\u1ee3 cho qu\u00e1 tr\u00ecnh gi\u1ea3m c\u00e2n. Chana Salad\u00a0c\u0169ng th\u00edch h\u1ee3p \u0111\u1ec3 \u0103n tr\u01b0a ho\u1eb7c \u0103n nh\u1eb9 v\u00e0o b\u1ea5t c\u1ee9 th\u1eddi \u0111i\u1ec3m n\u00e0o trong ng\u00e0y.<\/p>\n<p>H\u00e3y \u0111\u1ebfn <a href=\"https:\/\/tandoorvietnam.com\/\">Tandoor Vietnam<\/a> \u0111\u1ec3 th\u01b0\u1edfng th\u1ee9c m\u00f3n Chana Salad t\u01b0\u01a1i ngon v\u00e0 b\u1ed5 d\u01b0\u1ee1ng n\u00e0y, \u0111\u01b0\u1ee3c ch\u1ebf bi\u1ebfn v\u00e0 ph\u1ee5c v\u1ee5 b\u1edfi \u0111\u1ed9i ng\u0169 \u0111\u1ea7u b\u1ebfp chuy\u00ean nghi\u1ec7p c\u1ee7a ch\u00fang t\u00f4i.<\/p>\n","protected":false},"excerpt":{"rendered":"<p>&nbsp;<\/p>\n<table width=\"723\">\n<tbody>\n<tr>\n<td width=\"412\">Chickpeas and onion + bell pepper + cucumber with lemon, chat and crushed paneer<\/td>\n<\/tr>\n<tr>\n<td width=\"412\"><em>Salad \u0111\u1eadu n\u0103ng v\u00e0ng v\u00e0 d\u01b0a leo + \u1edbt chu\u00f4ng + h\u00e0nh t\u00e2y tr\u1ed9n chanh v\u00e0 gia v\u1ecb , ph\u1ee5 phomai tr\u1eafng kh\u00f4ng b\u00e9o nghi\u1ec1n <\/em><\/td>\n<\/tr>\n<\/tbody>\n<\/table>\n","protected":false},"featured_media":2962,"template":"","meta":[],"product_brand":[],"product_cat":[214],"product_tag":[],"class_list":{"0":"post-2961","1":"product","2":"type-product","3":"status-publish","4":"has-post-thumbnail","6":"product_cat-cac-mon-salad","8":"first","9":"instock","10":"taxable","11":"shipping-taxable","12":"purchasable","13":"product-type-simple"},"yoast_head":"<!-- This site is optimized with the Yoast SEO Premium plugin v22.3 (Yoast SEO v27.6) - https:\/\/yoast.com\/product\/yoast-seo-premium-wordpress\/ -->\n<title>SALAD \u0110\u1eacU N\u0102NG V\u00c0NG, D\u01afA LEO, \u1edaT CHU\u00d4NG<\/title>\n<meta name=\"description\" content=\"T\u1eadn h\u01b0\u1edfng h\u01b0\u01a1ng v\u1ecb t\u01b0\u01a1i ngon v\u00e0 b\u1ed5 d\u01b0\u1ee1ng c\u1ee7a salad \u0111\u1eadu n\u0103ng v\u00e0ng, d\u01b0a leo, \u1edbt chu\u00f4ng t\u1ea1i Tandoor Vietnam - nh\u00e0 h\u00e0ng \u1ea4n \u0110\u1ed9 uy t\u00edn.\" \/>\n<meta name=\"robots\" content=\"index, follow, max-snippet:-1, max-image-preview:large, max-video-preview:-1\" \/>\n<link rel=\"canonical\" href=\"https:\/\/tandoorvietnam.com\/vi\/sanpham\/cac-mon-salad\/salad-dau-nang-vang-dua-leo-ot-chuong\/\" \/>\n<meta property=\"og:locale\" content=\"vi_VN\" \/>\n<meta property=\"og:type\" content=\"article\" \/>\n<meta property=\"og:title\" content=\"Chana Salad (SALAD \u0110\u1eacU N\u0102NG V\u00c0NG, D\u01afA LEO, \u1edaT CHU\u00d4NG)\" \/>\n<meta property=\"og:description\" content=\"T\u1eadn h\u01b0\u1edfng h\u01b0\u01a1ng v\u1ecb t\u01b0\u01a1i ngon v\u00e0 b\u1ed5 d\u01b0\u1ee1ng c\u1ee7a salad \u0111\u1eadu n\u0103ng v\u00e0ng, d\u01b0a leo, \u1edbt chu\u00f4ng t\u1ea1i Tandoor Vietnam - nh\u00e0 h\u00e0ng \u1ea4n \u0110\u1ed9 uy t\u00edn.\" \/>\n<meta property=\"og:url\" content=\"https:\/\/tandoorvietnam.com\/vi\/sanpham\/cac-mon-salad\/salad-dau-nang-vang-dua-leo-ot-chuong\/\" \/>\n<meta property=\"og:site_name\" content=\"Tandoor Vi\u1ec7t Nam\" \/>\n<meta property=\"article:publisher\" content=\"https:\/\/www.facebook.com\/tandoor.hcmc\/\" \/>\n<meta property=\"article:modified_time\" content=\"2023-05-10T09:59:09+00:00\" \/>\n<meta property=\"og:image\" content=\"https:\/\/tandoorvietnam.com\/wp-content\/uploads\/2020\/06\/Chana-salad.jpg\" \/>\n\t<meta property=\"og:image:width\" content=\"800\" \/>\n\t<meta property=\"og:image:height\" content=\"800\" \/>\n\t<meta property=\"og:image:type\" content=\"image\/jpeg\" \/>\n<meta name=\"twitter:card\" content=\"summary_large_image\" \/>\n<meta name=\"twitter:label1\" content=\"Est. reading time\" \/>\n\t<meta name=\"twitter:data1\" content=\"1 minute\" \/>\n<script type=\"application\/ld+json\" class=\"yoast-schema-graph\">{\"@context\":\"https:\\\/\\\/schema.org\",\"@graph\":[{\"@type\":\"WebPage\",\"@id\":\"https:\\\/\\\/tandoorvietnam.com\\\/vi\\\/sanpham\\\/cac-mon-salad\\\/salad-dau-nang-vang-dua-leo-ot-chuong\\\/\",\"url\":\"https:\\\/\\\/tandoorvietnam.com\\\/vi\\\/sanpham\\\/cac-mon-salad\\\/salad-dau-nang-vang-dua-leo-ot-chuong\\\/\",\"name\":\"SALAD \u0110\u1eacU N\u0102NG V\u00c0NG, D\u01afA LEO, \u1edaT CHU\u00d4NG\",\"isPartOf\":{\"@id\":\"https:\\\/\\\/tandoorvietnam.com\\\/vi\\\/#website\"},\"primaryImageOfPage\":{\"@id\":\"https:\\\/\\\/tandoorvietnam.com\\\/vi\\\/sanpham\\\/cac-mon-salad\\\/salad-dau-nang-vang-dua-leo-ot-chuong\\\/#primaryimage\"},\"image\":{\"@id\":\"https:\\\/\\\/tandoorvietnam.com\\\/vi\\\/sanpham\\\/cac-mon-salad\\\/salad-dau-nang-vang-dua-leo-ot-chuong\\\/#primaryimage\"},\"thumbnailUrl\":\"https:\\\/\\\/tandoorvietnam.com\\\/wp-content\\\/uploads\\\/2020\\\/06\\\/Chana-salad.jpg\",\"datePublished\":\"2021-04-11T12:06:26+00:00\",\"dateModified\":\"2023-05-10T09:59:09+00:00\",\"description\":\"T\u1eadn h\u01b0\u1edfng h\u01b0\u01a1ng v\u1ecb t\u01b0\u01a1i ngon v\u00e0 b\u1ed5 d\u01b0\u1ee1ng c\u1ee7a salad \u0111\u1eadu n\u0103ng v\u00e0ng, d\u01b0a leo, \u1edbt chu\u00f4ng t\u1ea1i Tandoor Vietnam - nh\u00e0 h\u00e0ng \u1ea4n \u0110\u1ed9 uy t\u00edn.\",\"breadcrumb\":{\"@id\":\"https:\\\/\\\/tandoorvietnam.com\\\/vi\\\/sanpham\\\/cac-mon-salad\\\/salad-dau-nang-vang-dua-leo-ot-chuong\\\/#breadcrumb\"},\"inLanguage\":\"vi-VN\",\"potentialAction\":[{\"@type\":\"ReadAction\",\"target\":[\"https:\\\/\\\/tandoorvietnam.com\\\/vi\\\/sanpham\\\/cac-mon-salad\\\/salad-dau-nang-vang-dua-leo-ot-chuong\\\/\"]}]},{\"@type\":\"ImageObject\",\"inLanguage\":\"vi-VN\",\"@id\":\"https:\\\/\\\/tandoorvietnam.com\\\/vi\\\/sanpham\\\/cac-mon-salad\\\/salad-dau-nang-vang-dua-leo-ot-chuong\\\/#primaryimage\",\"url\":\"https:\\\/\\\/tandoorvietnam.com\\\/wp-content\\\/uploads\\\/2020\\\/06\\\/Chana-salad.jpg\",\"contentUrl\":\"https:\\\/\\\/tandoorvietnam.com\\\/wp-content\\\/uploads\\\/2020\\\/06\\\/Chana-salad.jpg\",\"width\":800,\"height\":800,\"caption\":\"SALAD \u0110\u1eacU N\u0102NG V\u00c0NG, D\u01afA LEO, \u1edaT CHU\u00d4NG\"},{\"@type\":\"BreadcrumbList\",\"@id\":\"https:\\\/\\\/tandoorvietnam.com\\\/vi\\\/sanpham\\\/cac-mon-salad\\\/salad-dau-nang-vang-dua-leo-ot-chuong\\\/#breadcrumb\",\"itemListElement\":[{\"@type\":\"ListItem\",\"position\":1,\"name\":\"Trang Ch\u1ee7\",\"item\":\"https:\\\/\\\/tandoorvietnam.com\\\/vi\\\/\"},{\"@type\":\"ListItem\",\"position\":2,\"name\":\"Shop\",\"item\":\"https:\\\/\\\/tandoorvietnam.com\\\/shop\\\/\"},{\"@type\":\"ListItem\",\"position\":3,\"name\":\"Chana Salad (SALAD \u0110\u1eacU N\u0102NG V\u00c0NG, D\u01afA LEO, \u1edaT CHU\u00d4NG)\"}]},{\"@type\":\"WebSite\",\"@id\":\"https:\\\/\\\/tandoorvietnam.com\\\/vi\\\/#website\",\"url\":\"https:\\\/\\\/tandoorvietnam.com\\\/vi\\\/\",\"name\":\"Tandoor Vietnam\",\"description\":\"Nh\u00e0 h\u00e0ng ngon h\u1ed3 ch\u00ed minh\",\"publisher\":{\"@id\":\"https:\\\/\\\/tandoorvietnam.com\\\/vi\\\/#organization\"},\"potentialAction\":[{\"@type\":\"SearchAction\",\"target\":{\"@type\":\"EntryPoint\",\"urlTemplate\":\"https:\\\/\\\/tandoorvietnam.com\\\/vi\\\/?s={search_term_string}\"},\"query-input\":{\"@type\":\"PropertyValueSpecification\",\"valueRequired\":true,\"valueName\":\"search_term_string\"}}],\"inLanguage\":\"vi-VN\"},{\"@type\":\"Organization\",\"@id\":\"https:\\\/\\\/tandoorvietnam.com\\\/vi\\\/#organization\",\"name\":\"Tandoor Vietnam\",\"url\":\"https:\\\/\\\/tandoorvietnam.com\\\/vi\\\/\",\"logo\":{\"@type\":\"ImageObject\",\"inLanguage\":\"vi-VN\",\"@id\":\"https:\\\/\\\/tandoorvietnam.com\\\/vi\\\/#\\\/schema\\\/logo\\\/image\\\/\",\"url\":\"https:\\\/\\\/tandoorvietnam.com\\\/wp-content\\\/uploads\\\/2020\\\/07\\\/logo.png\",\"contentUrl\":\"https:\\\/\\\/tandoorvietnam.com\\\/wp-content\\\/uploads\\\/2020\\\/07\\\/logo.png\",\"width\":133,\"height\":75,\"caption\":\"Tandoor Vietnam\"},\"image\":{\"@id\":\"https:\\\/\\\/tandoorvietnam.com\\\/vi\\\/#\\\/schema\\\/logo\\\/image\\\/\"},\"sameAs\":[\"https:\\\/\\\/www.facebook.com\\\/tandoor.hcmc\\\/\"]}]}<\/script>\n<!-- \/ Yoast SEO Premium plugin. -->","yoast_head_json":{"title":"SALAD \u0110\u1eacU N\u0102NG V\u00c0NG, D\u01afA LEO, \u1edaT CHU\u00d4NG","description":"T\u1eadn h\u01b0\u1edfng h\u01b0\u01a1ng v\u1ecb t\u01b0\u01a1i ngon v\u00e0 b\u1ed5 d\u01b0\u1ee1ng c\u1ee7a salad \u0111\u1eadu n\u0103ng v\u00e0ng, d\u01b0a leo, \u1edbt chu\u00f4ng t\u1ea1i Tandoor Vietnam - nh\u00e0 h\u00e0ng \u1ea4n \u0110\u1ed9 uy t\u00edn.","robots":{"index":"index","follow":"follow","max-snippet":"max-snippet:-1","max-image-preview":"max-image-preview:large","max-video-preview":"max-video-preview:-1"},"canonical":"https:\/\/tandoorvietnam.com\/vi\/sanpham\/cac-mon-salad\/salad-dau-nang-vang-dua-leo-ot-chuong\/","og_locale":"vi_VN","og_type":"article","og_title":"Chana Salad (SALAD \u0110\u1eacU N\u0102NG V\u00c0NG, D\u01afA LEO, \u1edaT CHU\u00d4NG)","og_description":"T\u1eadn h\u01b0\u1edfng h\u01b0\u01a1ng v\u1ecb t\u01b0\u01a1i ngon v\u00e0 b\u1ed5 d\u01b0\u1ee1ng c\u1ee7a salad \u0111\u1eadu n\u0103ng v\u00e0ng, d\u01b0a leo, \u1edbt chu\u00f4ng t\u1ea1i Tandoor Vietnam - nh\u00e0 h\u00e0ng \u1ea4n \u0110\u1ed9 uy t\u00edn.","og_url":"https:\/\/tandoorvietnam.com\/vi\/sanpham\/cac-mon-salad\/salad-dau-nang-vang-dua-leo-ot-chuong\/","og_site_name":"Tandoor Vi\u1ec7t Nam","article_publisher":"https:\/\/www.facebook.com\/tandoor.hcmc\/","article_modified_time":"2023-05-10T09:59:09+00:00","og_image":[{"width":800,"height":800,"url":"https:\/\/tandoorvietnam.com\/wp-content\/uploads\/2020\/06\/Chana-salad.jpg","type":"image\/jpeg"}],"twitter_card":"summary_large_image","twitter_misc":{"Est. reading time":"1 minute"},"schema":{"@context":"https:\/\/schema.org","@graph":[{"@type":"WebPage","@id":"https:\/\/tandoorvietnam.com\/vi\/sanpham\/cac-mon-salad\/salad-dau-nang-vang-dua-leo-ot-chuong\/","url":"https:\/\/tandoorvietnam.com\/vi\/sanpham\/cac-mon-salad\/salad-dau-nang-vang-dua-leo-ot-chuong\/","name":"SALAD \u0110\u1eacU N\u0102NG V\u00c0NG, D\u01afA LEO, \u1edaT CHU\u00d4NG","isPartOf":{"@id":"https:\/\/tandoorvietnam.com\/vi\/#website"},"primaryImageOfPage":{"@id":"https:\/\/tandoorvietnam.com\/vi\/sanpham\/cac-mon-salad\/salad-dau-nang-vang-dua-leo-ot-chuong\/#primaryimage"},"image":{"@id":"https:\/\/tandoorvietnam.com\/vi\/sanpham\/cac-mon-salad\/salad-dau-nang-vang-dua-leo-ot-chuong\/#primaryimage"},"thumbnailUrl":"https:\/\/tandoorvietnam.com\/wp-content\/uploads\/2020\/06\/Chana-salad.jpg","datePublished":"2021-04-11T12:06:26+00:00","dateModified":"2023-05-10T09:59:09+00:00","description":"T\u1eadn h\u01b0\u1edfng h\u01b0\u01a1ng v\u1ecb t\u01b0\u01a1i ngon v\u00e0 b\u1ed5 d\u01b0\u1ee1ng c\u1ee7a salad \u0111\u1eadu n\u0103ng v\u00e0ng, d\u01b0a leo, \u1edbt chu\u00f4ng t\u1ea1i Tandoor Vietnam - nh\u00e0 h\u00e0ng \u1ea4n \u0110\u1ed9 uy t\u00edn.","breadcrumb":{"@id":"https:\/\/tandoorvietnam.com\/vi\/sanpham\/cac-mon-salad\/salad-dau-nang-vang-dua-leo-ot-chuong\/#breadcrumb"},"inLanguage":"vi-VN","potentialAction":[{"@type":"ReadAction","target":["https:\/\/tandoorvietnam.com\/vi\/sanpham\/cac-mon-salad\/salad-dau-nang-vang-dua-leo-ot-chuong\/"]}]},{"@type":"ImageObject","inLanguage":"vi-VN","@id":"https:\/\/tandoorvietnam.com\/vi\/sanpham\/cac-mon-salad\/salad-dau-nang-vang-dua-leo-ot-chuong\/#primaryimage","url":"https:\/\/tandoorvietnam.com\/wp-content\/uploads\/2020\/06\/Chana-salad.jpg","contentUrl":"https:\/\/tandoorvietnam.com\/wp-content\/uploads\/2020\/06\/Chana-salad.jpg","width":800,"height":800,"caption":"SALAD \u0110\u1eacU N\u0102NG V\u00c0NG, D\u01afA LEO, \u1edaT CHU\u00d4NG"},{"@type":"BreadcrumbList","@id":"https:\/\/tandoorvietnam.com\/vi\/sanpham\/cac-mon-salad\/salad-dau-nang-vang-dua-leo-ot-chuong\/#breadcrumb","itemListElement":[{"@type":"ListItem","position":1,"name":"Trang Ch\u1ee7","item":"https:\/\/tandoorvietnam.com\/vi\/"},{"@type":"ListItem","position":2,"name":"Shop","item":"https:\/\/tandoorvietnam.com\/shop\/"},{"@type":"ListItem","position":3,"name":"Chana Salad (SALAD \u0110\u1eacU N\u0102NG V\u00c0NG, D\u01afA LEO, \u1edaT CHU\u00d4NG)"}]},{"@type":"WebSite","@id":"https:\/\/tandoorvietnam.com\/vi\/#website","url":"https:\/\/tandoorvietnam.com\/vi\/","name":"Tandoor Vietnam","description":"Nh\u00e0 h\u00e0ng ngon h\u1ed3 ch\u00ed minh","publisher":{"@id":"https:\/\/tandoorvietnam.com\/vi\/#organization"},"potentialAction":[{"@type":"SearchAction","target":{"@type":"EntryPoint","urlTemplate":"https:\/\/tandoorvietnam.com\/vi\/?s={search_term_string}"},"query-input":{"@type":"PropertyValueSpecification","valueRequired":true,"valueName":"search_term_string"}}],"inLanguage":"vi-VN"},{"@type":"Organization","@id":"https:\/\/tandoorvietnam.com\/vi\/#organization","name":"Tandoor Vietnam","url":"https:\/\/tandoorvietnam.com\/vi\/","logo":{"@type":"ImageObject","inLanguage":"vi-VN","@id":"https:\/\/tandoorvietnam.com\/vi\/#\/schema\/logo\/image\/","url":"https:\/\/tandoorvietnam.com\/wp-content\/uploads\/2020\/07\/logo.png","contentUrl":"https:\/\/tandoorvietnam.com\/wp-content\/uploads\/2020\/07\/logo.png","width":133,"height":75,"caption":"Tandoor Vietnam"},"image":{"@id":"https:\/\/tandoorvietnam.com\/vi\/#\/schema\/logo\/image\/"},"sameAs":["https:\/\/www.facebook.com\/tandoor.hcmc\/"]}]}},"_links":{"self":[{"href":"https:\/\/tandoorvietnam.com\/vi\/wp-json\/wp\/v2\/product\/2961","targetHints":{"allow":["GET"]}}],"collection":[{"href":"https:\/\/tandoorvietnam.com\/vi\/wp-json\/wp\/v2\/product"}],"about":[{"href":"https:\/\/tandoorvietnam.com\/vi\/wp-json\/wp\/v2\/types\/product"}],"wp:featuredmedia":[{"embeddable":true,"href":"https:\/\/tandoorvietnam.com\/vi\/wp-json\/wp\/v2\/media\/2962"}],"wp:attachment":[{"href":"https:\/\/tandoorvietnam.com\/vi\/wp-json\/wp\/v2\/media?parent=2961"}],"wp:term":[{"taxonomy":"product_brand","embeddable":true,"href":"https:\/\/tandoorvietnam.com\/vi\/wp-json\/wp\/v2\/product_brand?post=2961"},{"taxonomy":"product_cat","embeddable":true,"href":"https:\/\/tandoorvietnam.com\/vi\/wp-json\/wp\/v2\/product_cat?post=2961"},{"taxonomy":"product_tag","embeddable":true,"href":"https:\/\/tandoorvietnam.com\/vi\/wp-json\/wp\/v2\/product_tag?post=2961"}],"curies":[{"name":"wp","href":"https:\/\/api.w.org\/{rel}","templated":true}]}}