{"id":2963,"date":"2020-06-26T11:47:16","date_gmt":"2020-06-26T11:47:16","guid":{"rendered":"http:\/\/tandoorvietnam.com\/product\/uncategorized\/salad-tron-dua-leo-bap-cai-dau-olive-dam-den\/"},"modified":"2025-12-26T18:42:15","modified_gmt":"2025-12-26T11:42:15","slug":"salad-tron-dua-leo-bap-cai-dau-olive-dam-den","status":"publish","type":"product","link":"https:\/\/tandoorvietnam.com\/vi\/sanpham\/cac-mon-salad\/salad-tron-dua-leo-bap-cai-dau-olive-dam-den\/","title":{"rendered":"Mixed Salad (SALAD TR\u1ed8N D\u01afA LEO, B\u1eaeP C\u1ea2I, D\u1ea6U OLIVE D\u1ea4M \u0110EN)"},"content":{"rendered":"<p>Salad tr\u1ed9n d\u01b0a leo, b\u1eafp c\u1ea3i v\u1edbi d\u1ea7u olive d\u1ea5m \u0111en l\u00e0 m\u1ed9t m\u00f3n \u0103n l\u00e0nh m\u1ea1nh v\u00e0 b\u1ed5 d\u01b0\u1ee1ng t\u1ea1i Tandoor Vietnam. Ch\u00fang t\u00f4i t\u1eadn d\u1ee5ng s\u1ef1 t\u01b0\u01a1i ngon c\u1ee7a d\u01b0a leo v\u00e0 b\u1eafp c\u1ea3i \u0111\u1ec3 t\u1ea1o ra m\u1ed9t m\u00f3n salad t\u01b0\u01a1i m\u00e1t v\u00e0 gi\u00e0u ch\u1ea5t dinh d\u01b0\u1ee1ng.<\/p>\n<p>Ch\u00fang t\u00f4i s\u1eed d\u1ee5ng d\u1ea7u olive nguy\u00ean ch\u1ea5t v\u00e0 d\u1ea5m \u0111en \u0111\u1eb7c bi\u1ec7t \u0111\u1ec3 t\u0103ng c\u01b0\u1eddng h\u01b0\u01a1ng v\u1ecb cho salad. D\u1ea7u olive gi\u00e0u ch\u1ea5t ch\u1ed1ng oxy h\u00f3a v\u00e0 c\u00f3 t\u00e1c d\u1ee5ng b\u1ea3o v\u1ec7 s\u1ee9c kh\u1ecfe tim m\u1ea1ch. D\u1ea5m \u0111en cung c\u1ea5p h\u01b0\u01a1ng v\u1ecb \u0111\u1eb7c bi\u1ec7t v\u00e0 gi\u00e0u axit amin, gi\u00fap c\u00e2n b\u1eb1ng h\u00e0m l\u01b0\u1ee3ng cholesterol trong c\u01a1 th\u1ec3.<\/p>\n<p>Salad tr\u1ed9n d\u01b0a leo, b\u1eafp c\u1ea3i v\u1edbi d\u1ea7u olive d\u1ea5m \u0111en kh\u00f4ng ch\u1ec9 l\u00e0 m\u1ed9t m\u00f3n \u0103n ngon m\u00e0 c\u00f2n mang l\u1ea1i nhi\u1ec1u l\u1ee3i \u00edch cho s\u1ee9c kh\u1ecfe. D\u01b0a leo l\u00e0 ngu\u1ed3n cung c\u1ea5p ch\u1ea5t ch\u1ed1ng oxy h\u00f3a v\u00e0 ch\u1ea5t x\u01a1, gi\u00fap c\u1ea3i thi\u1ec7n ti\u00eau h\u00f3a v\u00e0 t\u0103ng c\u01b0\u1eddng h\u1ec7 mi\u1ec5n d\u1ecbch. B\u1eafp c\u1ea3i ch\u1ee9a nhi\u1ec1u vitamin C v\u00e0 K, cung c\u1ea5p ch\u1ea5t ch\u1ed1ng vi khu\u1ea9n v\u00e0 gi\u00fap b\u1ea3o v\u1ec7 s\u1ee9c kh\u1ecfe x\u01b0\u01a1ng.<\/p>\n<p>Salad tr\u1ed9n d\u01b0a leo, b\u1eafp c\u1ea3i v\u1edbi d\u1ea7u olive d\u1ea5m \u0111en l\u00e0 l\u1ef1a ch\u1ecdn ho\u00e0n h\u1ea3o cho nh\u1eefng ai y\u00eau th\u00edch m\u1ed9t b\u1eefa \u0103n l\u00e0nh m\u1ea1nh v\u00e0 ngon mi\u1ec7ng. B\u1ea1n c\u00f3 th\u1ec3 th\u01b0\u1edfng th\u1ee9c m\u00f3n salad n\u00e0y l\u00e0m m\u1ed9t b\u1eefa tr\u01b0a hay m\u1ed9t b\u1eefa t\u1ed1i nh\u1eb9 nh\u00e0ng.<\/p>\n<p>T\u1ea1i <a href=\"https:\/\/tandoorvietnam.com\/vi\/\">Tandoor Vietnam<\/a>, ch\u00fang t\u00f4i cam k\u1ebft s\u1eed d\u1ee5ng nguy\u00ean li\u1ec7u t\u01b0\u01a1i ngon v\u00e0 ch\u1ea5t l\u01b0\u1ee3ng \u0111\u1ec3 t\u1ea1o ra nh\u1eefng m\u00f3n \u0103n \u0111a d\u1ea1ng v\u00e0 ngon mi\u1ec7ng. Salad tr\u1ed9n d\u01b0a leo, b\u1eafp c\u1ea3i v\u1edbi d\u1ea7u olive d\u1ea5m \u0111en l\u00e0 m\u1ed9t s\u1ef1 k\u1ebft h\u1ee3p ho\u00e0n h\u1ea3o gi\u1eefa h\u01b0\u01a1ng v\u1ecb v\u00e0 dinh d\u01b0\u1ee1ng, \u0111em \u0111\u1ebfn cho b\u1ea1n tr\u1ea3i nghi\u1ec7m \u1ea9m th\u1ef1c tuy\u1ec7t v\u1eddi.<\/p>\n","protected":false},"excerpt":{"rendered":"<table width=\"723\">\n<tbody>\n<tr>\n<td width=\"412\">Salad t\u01b0\u01a1i t\u1ef1 l\u00e0m v\u1edbi d\u1ea7u \u00f4 liu v\u00e0 gi\u1ea5m balsamic.<\/td>\n<\/tr>\n<tr>\n<td width=\"412\"><em>Salad t<\/em> <em>\u01b0\u01a1i tr\u1ed9n c\u00e0 chua, d\u01b0a leo, b\u1eafp c\u1ea3i v\u1edbi<\/em> <em>d\u1ea7u \u00f4 liu v\u00e0 m\u01a1 \u0111en<\/em><\/td>\n<\/tr>\n<\/tbody>\n<\/table>\n","protected":false},"featured_media":2964,"template":"","meta":[],"product_brand":[],"product_cat":[214],"product_tag":[],"class_list":{"0":"post-2963","1":"product","2":"type-product","3":"status-publish","4":"has-post-thumbnail","6":"product_cat-cac-mon-salad","8":"first","9":"instock","10":"purchasable","11":"product-type-simple"},"yoast_head":"<!-- This site is optimized with the Yoast SEO Premium plugin v22.3 (Yoast SEO v27.4) - https:\/\/yoast.com\/product\/yoast-seo-premium-wordpress\/ -->\n<title>SALAD TR\u1ed8N D\u01afA LEO, B\u1eaeP C\u1ea2I, D\u1ea6U OLIVE D\u1ea4M \u0110EN<\/title>\n<meta name=\"description\" content=\"Salad tr\u1ed9n d\u01b0a leo, b\u1eafp c\u1ea3i v\u1edbi d\u1ea7u olive d\u1ea5m \u0111en t\u1ea1i Tandoor Vietnam. S\u1ef1 k\u1ebft h\u1ee3p t\u01b0\u01a1i ngon v\u00e0 b\u1ed5 d\u01b0\u1ee1ng cho b\u1eefa \u0103n l\u00e0nh m\u1ea1nh c\u1ee7a b\u1ea1n.\" \/>\n<meta name=\"robots\" content=\"index, follow, max-snippet:-1, max-image-preview:large, max-video-preview:-1\" \/>\n<link rel=\"canonical\" href=\"https:\/\/tandoorvietnam.com\/vi\/sanpham\/cac-mon-salad\/salad-tron-dua-leo-bap-cai-dau-olive-dam-den\/\" \/>\n<meta property=\"og:locale\" content=\"vi_VN\" \/>\n<meta property=\"og:type\" content=\"article\" \/>\n<meta property=\"og:title\" content=\"Mixed Salad (SALAD TR\u1ed8N D\u01afA LEO, B\u1eaeP C\u1ea2I, D\u1ea6U OLIVE D\u1ea4M \u0110EN)\" \/>\n<meta property=\"og:description\" content=\"Salad tr\u1ed9n d\u01b0a leo, b\u1eafp c\u1ea3i v\u1edbi d\u1ea7u olive d\u1ea5m \u0111en t\u1ea1i Tandoor Vietnam. S\u1ef1 k\u1ebft h\u1ee3p t\u01b0\u01a1i ngon v\u00e0 b\u1ed5 d\u01b0\u1ee1ng cho b\u1eefa \u0103n l\u00e0nh m\u1ea1nh c\u1ee7a b\u1ea1n.\" \/>\n<meta property=\"og:url\" content=\"https:\/\/tandoorvietnam.com\/vi\/sanpham\/cac-mon-salad\/salad-tron-dua-leo-bap-cai-dau-olive-dam-den\/\" \/>\n<meta property=\"og:site_name\" content=\"Tandoor Vi\u1ec7t Nam\" \/>\n<meta property=\"article:publisher\" content=\"https:\/\/www.facebook.com\/tandoor.hcmc\/\" \/>\n<meta property=\"article:modified_time\" content=\"2025-12-26T11:42:15+00:00\" \/>\n<meta property=\"og:image\" content=\"https:\/\/tandoorvietnam.com\/wp-content\/uploads\/2020\/06\/Mixed-Salad1-scaled.jpg\" \/>\n\t<meta property=\"og:image:width\" content=\"2048\" \/>\n\t<meta property=\"og:image:height\" content=\"2048\" \/>\n\t<meta property=\"og:image:type\" content=\"image\/jpeg\" \/>\n<meta name=\"twitter:card\" content=\"summary_large_image\" \/>\n<meta name=\"twitter:label1\" content=\"Est. reading time\" \/>\n\t<meta name=\"twitter:data1\" content=\"2 minutes\" \/>\n<script type=\"application\/ld+json\" class=\"yoast-schema-graph\">{\"@context\":\"https:\\\/\\\/schema.org\",\"@graph\":[{\"@type\":\"WebPage\",\"@id\":\"https:\\\/\\\/tandoorvietnam.com\\\/vi\\\/sanpham\\\/cac-mon-salad\\\/salad-tron-dua-leo-bap-cai-dau-olive-dam-den\\\/\",\"url\":\"https:\\\/\\\/tandoorvietnam.com\\\/vi\\\/sanpham\\\/cac-mon-salad\\\/salad-tron-dua-leo-bap-cai-dau-olive-dam-den\\\/\",\"name\":\"SALAD TR\u1ed8N D\u01afA LEO, B\u1eaeP C\u1ea2I, D\u1ea6U OLIVE D\u1ea4M \u0110EN\",\"isPartOf\":{\"@id\":\"https:\\\/\\\/tandoorvietnam.com\\\/vi\\\/#website\"},\"primaryImageOfPage\":{\"@id\":\"https:\\\/\\\/tandoorvietnam.com\\\/vi\\\/sanpham\\\/cac-mon-salad\\\/salad-tron-dua-leo-bap-cai-dau-olive-dam-den\\\/#primaryimage\"},\"image\":{\"@id\":\"https:\\\/\\\/tandoorvietnam.com\\\/vi\\\/sanpham\\\/cac-mon-salad\\\/salad-tron-dua-leo-bap-cai-dau-olive-dam-den\\\/#primaryimage\"},\"thumbnailUrl\":\"https:\\\/\\\/tandoorvietnam.com\\\/wp-content\\\/uploads\\\/2020\\\/06\\\/Mixed-Salad1-scaled.jpg\",\"datePublished\":\"2020-06-26T11:47:16+00:00\",\"dateModified\":\"2025-12-26T11:42:15+00:00\",\"description\":\"Salad tr\u1ed9n d\u01b0a leo, b\u1eafp c\u1ea3i v\u1edbi d\u1ea7u olive d\u1ea5m \u0111en t\u1ea1i Tandoor Vietnam. S\u1ef1 k\u1ebft h\u1ee3p t\u01b0\u01a1i ngon v\u00e0 b\u1ed5 d\u01b0\u1ee1ng cho b\u1eefa \u0103n l\u00e0nh m\u1ea1nh c\u1ee7a b\u1ea1n.\",\"breadcrumb\":{\"@id\":\"https:\\\/\\\/tandoorvietnam.com\\\/vi\\\/sanpham\\\/cac-mon-salad\\\/salad-tron-dua-leo-bap-cai-dau-olive-dam-den\\\/#breadcrumb\"},\"inLanguage\":\"vi-VN\",\"potentialAction\":[{\"@type\":\"ReadAction\",\"target\":[\"https:\\\/\\\/tandoorvietnam.com\\\/vi\\\/sanpham\\\/cac-mon-salad\\\/salad-tron-dua-leo-bap-cai-dau-olive-dam-den\\\/\"]}]},{\"@type\":\"ImageObject\",\"inLanguage\":\"vi-VN\",\"@id\":\"https:\\\/\\\/tandoorvietnam.com\\\/vi\\\/sanpham\\\/cac-mon-salad\\\/salad-tron-dua-leo-bap-cai-dau-olive-dam-den\\\/#primaryimage\",\"url\":\"https:\\\/\\\/tandoorvietnam.com\\\/wp-content\\\/uploads\\\/2020\\\/06\\\/Mixed-Salad1-scaled.jpg\",\"contentUrl\":\"https:\\\/\\\/tandoorvietnam.com\\\/wp-content\\\/uploads\\\/2020\\\/06\\\/Mixed-Salad1-scaled.jpg\",\"width\":2048,\"height\":2048,\"caption\":\"SALAD TR\u1ed8N D\u01afA LEO, B\u1eaeP C\u1ea2I, D\u1ea6U OLIVE D\u1ea4M \u0110EN(1)\"},{\"@type\":\"BreadcrumbList\",\"@id\":\"https:\\\/\\\/tandoorvietnam.com\\\/vi\\\/sanpham\\\/cac-mon-salad\\\/salad-tron-dua-leo-bap-cai-dau-olive-dam-den\\\/#breadcrumb\",\"itemListElement\":[{\"@type\":\"ListItem\",\"position\":1,\"name\":\"Trang Ch\u1ee7\",\"item\":\"https:\\\/\\\/tandoorvietnam.com\\\/vi\\\/\"},{\"@type\":\"ListItem\",\"position\":2,\"name\":\"Shop\",\"item\":\"https:\\\/\\\/tandoorvietnam.com\\\/shop\\\/\"},{\"@type\":\"ListItem\",\"position\":3,\"name\":\"Mixed Salad (SALAD TR\u1ed8N D\u01afA LEO, B\u1eaeP C\u1ea2I, D\u1ea6U OLIVE D\u1ea4M \u0110EN)\"}]},{\"@type\":\"WebSite\",\"@id\":\"https:\\\/\\\/tandoorvietnam.com\\\/vi\\\/#website\",\"url\":\"https:\\\/\\\/tandoorvietnam.com\\\/vi\\\/\",\"name\":\"Tandoor Vietnam\",\"description\":\"Nh\u00e0 h\u00e0ng ngon h\u1ed3 ch\u00ed minh\",\"publisher\":{\"@id\":\"https:\\\/\\\/tandoorvietnam.com\\\/vi\\\/#organization\"},\"potentialAction\":[{\"@type\":\"SearchAction\",\"target\":{\"@type\":\"EntryPoint\",\"urlTemplate\":\"https:\\\/\\\/tandoorvietnam.com\\\/vi\\\/?s={search_term_string}\"},\"query-input\":{\"@type\":\"PropertyValueSpecification\",\"valueRequired\":true,\"valueName\":\"search_term_string\"}}],\"inLanguage\":\"vi-VN\"},{\"@type\":\"Organization\",\"@id\":\"https:\\\/\\\/tandoorvietnam.com\\\/vi\\\/#organization\",\"name\":\"Tandoor Vietnam\",\"url\":\"https:\\\/\\\/tandoorvietnam.com\\\/vi\\\/\",\"logo\":{\"@type\":\"ImageObject\",\"inLanguage\":\"vi-VN\",\"@id\":\"https:\\\/\\\/tandoorvietnam.com\\\/vi\\\/#\\\/schema\\\/logo\\\/image\\\/\",\"url\":\"https:\\\/\\\/tandoorvietnam.com\\\/wp-content\\\/uploads\\\/2020\\\/07\\\/logo.png\",\"contentUrl\":\"https:\\\/\\\/tandoorvietnam.com\\\/wp-content\\\/uploads\\\/2020\\\/07\\\/logo.png\",\"width\":133,\"height\":75,\"caption\":\"Tandoor Vietnam\"},\"image\":{\"@id\":\"https:\\\/\\\/tandoorvietnam.com\\\/vi\\\/#\\\/schema\\\/logo\\\/image\\\/\"},\"sameAs\":[\"https:\\\/\\\/www.facebook.com\\\/tandoor.hcmc\\\/\"]}]}<\/script>\n<!-- \/ Yoast SEO Premium plugin. -->","yoast_head_json":{"title":"SALAD TR\u1ed8N D\u01afA LEO, B\u1eaeP C\u1ea2I, D\u1ea6U OLIVE D\u1ea4M \u0110EN","description":"Salad tr\u1ed9n d\u01b0a leo, b\u1eafp c\u1ea3i v\u1edbi d\u1ea7u olive d\u1ea5m \u0111en t\u1ea1i Tandoor Vietnam. S\u1ef1 k\u1ebft h\u1ee3p t\u01b0\u01a1i ngon v\u00e0 b\u1ed5 d\u01b0\u1ee1ng cho b\u1eefa \u0103n l\u00e0nh m\u1ea1nh c\u1ee7a b\u1ea1n.","robots":{"index":"index","follow":"follow","max-snippet":"max-snippet:-1","max-image-preview":"max-image-preview:large","max-video-preview":"max-video-preview:-1"},"canonical":"https:\/\/tandoorvietnam.com\/vi\/sanpham\/cac-mon-salad\/salad-tron-dua-leo-bap-cai-dau-olive-dam-den\/","og_locale":"vi_VN","og_type":"article","og_title":"Mixed Salad (SALAD TR\u1ed8N D\u01afA LEO, B\u1eaeP C\u1ea2I, D\u1ea6U OLIVE D\u1ea4M \u0110EN)","og_description":"Salad tr\u1ed9n d\u01b0a leo, b\u1eafp c\u1ea3i v\u1edbi d\u1ea7u olive d\u1ea5m \u0111en t\u1ea1i Tandoor Vietnam. S\u1ef1 k\u1ebft h\u1ee3p t\u01b0\u01a1i ngon v\u00e0 b\u1ed5 d\u01b0\u1ee1ng cho b\u1eefa \u0103n l\u00e0nh m\u1ea1nh c\u1ee7a b\u1ea1n.","og_url":"https:\/\/tandoorvietnam.com\/vi\/sanpham\/cac-mon-salad\/salad-tron-dua-leo-bap-cai-dau-olive-dam-den\/","og_site_name":"Tandoor Vi\u1ec7t Nam","article_publisher":"https:\/\/www.facebook.com\/tandoor.hcmc\/","article_modified_time":"2025-12-26T11:42:15+00:00","og_image":[{"width":2048,"height":2048,"url":"https:\/\/tandoorvietnam.com\/wp-content\/uploads\/2020\/06\/Mixed-Salad1-scaled.jpg","type":"image\/jpeg"}],"twitter_card":"summary_large_image","twitter_misc":{"Est. reading time":"2 minutes"},"schema":{"@context":"https:\/\/schema.org","@graph":[{"@type":"WebPage","@id":"https:\/\/tandoorvietnam.com\/vi\/sanpham\/cac-mon-salad\/salad-tron-dua-leo-bap-cai-dau-olive-dam-den\/","url":"https:\/\/tandoorvietnam.com\/vi\/sanpham\/cac-mon-salad\/salad-tron-dua-leo-bap-cai-dau-olive-dam-den\/","name":"SALAD TR\u1ed8N D\u01afA LEO, B\u1eaeP C\u1ea2I, D\u1ea6U OLIVE D\u1ea4M \u0110EN","isPartOf":{"@id":"https:\/\/tandoorvietnam.com\/vi\/#website"},"primaryImageOfPage":{"@id":"https:\/\/tandoorvietnam.com\/vi\/sanpham\/cac-mon-salad\/salad-tron-dua-leo-bap-cai-dau-olive-dam-den\/#primaryimage"},"image":{"@id":"https:\/\/tandoorvietnam.com\/vi\/sanpham\/cac-mon-salad\/salad-tron-dua-leo-bap-cai-dau-olive-dam-den\/#primaryimage"},"thumbnailUrl":"https:\/\/tandoorvietnam.com\/wp-content\/uploads\/2020\/06\/Mixed-Salad1-scaled.jpg","datePublished":"2020-06-26T11:47:16+00:00","dateModified":"2025-12-26T11:42:15+00:00","description":"Salad tr\u1ed9n d\u01b0a leo, b\u1eafp c\u1ea3i v\u1edbi d\u1ea7u olive d\u1ea5m \u0111en t\u1ea1i Tandoor Vietnam. S\u1ef1 k\u1ebft h\u1ee3p t\u01b0\u01a1i ngon v\u00e0 b\u1ed5 d\u01b0\u1ee1ng cho b\u1eefa \u0103n l\u00e0nh m\u1ea1nh c\u1ee7a b\u1ea1n.","breadcrumb":{"@id":"https:\/\/tandoorvietnam.com\/vi\/sanpham\/cac-mon-salad\/salad-tron-dua-leo-bap-cai-dau-olive-dam-den\/#breadcrumb"},"inLanguage":"vi-VN","potentialAction":[{"@type":"ReadAction","target":["https:\/\/tandoorvietnam.com\/vi\/sanpham\/cac-mon-salad\/salad-tron-dua-leo-bap-cai-dau-olive-dam-den\/"]}]},{"@type":"ImageObject","inLanguage":"vi-VN","@id":"https:\/\/tandoorvietnam.com\/vi\/sanpham\/cac-mon-salad\/salad-tron-dua-leo-bap-cai-dau-olive-dam-den\/#primaryimage","url":"https:\/\/tandoorvietnam.com\/wp-content\/uploads\/2020\/06\/Mixed-Salad1-scaled.jpg","contentUrl":"https:\/\/tandoorvietnam.com\/wp-content\/uploads\/2020\/06\/Mixed-Salad1-scaled.jpg","width":2048,"height":2048,"caption":"SALAD TR\u1ed8N D\u01afA LEO, B\u1eaeP C\u1ea2I, D\u1ea6U OLIVE D\u1ea4M \u0110EN(1)"},{"@type":"BreadcrumbList","@id":"https:\/\/tandoorvietnam.com\/vi\/sanpham\/cac-mon-salad\/salad-tron-dua-leo-bap-cai-dau-olive-dam-den\/#breadcrumb","itemListElement":[{"@type":"ListItem","position":1,"name":"Trang Ch\u1ee7","item":"https:\/\/tandoorvietnam.com\/vi\/"},{"@type":"ListItem","position":2,"name":"Shop","item":"https:\/\/tandoorvietnam.com\/shop\/"},{"@type":"ListItem","position":3,"name":"Mixed Salad (SALAD TR\u1ed8N D\u01afA LEO, B\u1eaeP C\u1ea2I, D\u1ea6U OLIVE D\u1ea4M \u0110EN)"}]},{"@type":"WebSite","@id":"https:\/\/tandoorvietnam.com\/vi\/#website","url":"https:\/\/tandoorvietnam.com\/vi\/","name":"Tandoor Vietnam","description":"Nh\u00e0 h\u00e0ng ngon h\u1ed3 ch\u00ed minh","publisher":{"@id":"https:\/\/tandoorvietnam.com\/vi\/#organization"},"potentialAction":[{"@type":"SearchAction","target":{"@type":"EntryPoint","urlTemplate":"https:\/\/tandoorvietnam.com\/vi\/?s={search_term_string}"},"query-input":{"@type":"PropertyValueSpecification","valueRequired":true,"valueName":"search_term_string"}}],"inLanguage":"vi-VN"},{"@type":"Organization","@id":"https:\/\/tandoorvietnam.com\/vi\/#organization","name":"Tandoor Vietnam","url":"https:\/\/tandoorvietnam.com\/vi\/","logo":{"@type":"ImageObject","inLanguage":"vi-VN","@id":"https:\/\/tandoorvietnam.com\/vi\/#\/schema\/logo\/image\/","url":"https:\/\/tandoorvietnam.com\/wp-content\/uploads\/2020\/07\/logo.png","contentUrl":"https:\/\/tandoorvietnam.com\/wp-content\/uploads\/2020\/07\/logo.png","width":133,"height":75,"caption":"Tandoor Vietnam"},"image":{"@id":"https:\/\/tandoorvietnam.com\/vi\/#\/schema\/logo\/image\/"},"sameAs":["https:\/\/www.facebook.com\/tandoor.hcmc\/"]}]}},"_links":{"self":[{"href":"https:\/\/tandoorvietnam.com\/vi\/wp-json\/wp\/v2\/product\/2963","targetHints":{"allow":["GET"]}}],"collection":[{"href":"https:\/\/tandoorvietnam.com\/vi\/wp-json\/wp\/v2\/product"}],"about":[{"href":"https:\/\/tandoorvietnam.com\/vi\/wp-json\/wp\/v2\/types\/product"}],"wp:featuredmedia":[{"embeddable":true,"href":"https:\/\/tandoorvietnam.com\/vi\/wp-json\/wp\/v2\/media\/2964"}],"wp:attachment":[{"href":"https:\/\/tandoorvietnam.com\/vi\/wp-json\/wp\/v2\/media?parent=2963"}],"wp:term":[{"taxonomy":"product_brand","embeddable":true,"href":"https:\/\/tandoorvietnam.com\/vi\/wp-json\/wp\/v2\/product_brand?post=2963"},{"taxonomy":"product_cat","embeddable":true,"href":"https:\/\/tandoorvietnam.com\/vi\/wp-json\/wp\/v2\/product_cat?post=2963"},{"taxonomy":"product_tag","embeddable":true,"href":"https:\/\/tandoorvietnam.com\/vi\/wp-json\/wp\/v2\/product_tag?post=2963"}],"curies":[{"name":"wp","href":"https:\/\/api.w.org\/{rel}","templated":true}]}}