{"id":2965,"date":"2020-06-20T10:31:17","date_gmt":"2021-04-11T12:07:43","guid":{"rendered":"http:\/\/tandoorvietnam.com\/product\/uncategorized\/salad-sup-lo-rau-cu-nuong-lo\/"},"modified":"2023-05-10T09:50:44","modified_gmt":"2023-05-10T09:50:44","slug":"salad-sup-lo-rau-cu-nuong-lo","status":"publish","type":"product","link":"https:\/\/tandoorvietnam.com\/vi\/sanpham\/cac-mon-salad\/salad-sup-lo-rau-cu-nuong-lo\/","title":{"rendered":"Tandoori Salad (SALAD S\u00daP L\u01a0, RAU C\u1ee6 T\u1ea8M GIA V\u1eca N\u01af\u1edaNG L\u00d2)"},"content":{"rendered":"<p>Salad s\u00fap l\u01a1, rau c\u1ee7 t\u1ea9m gia v\u1ecb n\u01b0\u1edbng l\u00f2 l\u00e0 m\u1ed9t trong nh\u1eefng m\u00f3n \u0103n \u0111\u1eb7c bi\u1ec7t c\u1ee7a Tandoor Vietnam. B\u00ean c\u1ea1nh s\u1ef1 \u0111a d\u1ea1ng v\u1ec1 lo\u1ea1i rau c\u1ee7 v\u00e0 s\u1ef1 t\u01b0\u01a1i ngon c\u1ee7a ch\u00fang, salad x\u00fap l\u01a1 n\u00e0y c\u00f2n c\u00f3 s\u1ef1 k\u1ebft h\u1ee3p tuy\u1ec7t v\u1eddi v\u1edbi rau c\u1ee7 \u0111\u01b0\u1ee3c n\u01b0\u1edbng l\u00f2 th\u01a1m ngon.<\/p>\n<p>Nh\u1eefng l\u00e1t c\u1ee7 c\u1ea3i tr\u1eafng, c\u1ee7 c\u1ea3i \u0111\u1ecf, h\u00e0nh t\u00e2y v\u00e0 c\u00e0 r\u1ed1t \u0111\u01b0\u1ee3c ch\u1ecdn l\u1ecdc v\u00e0 c\u1eaft m\u1ecfng, sau \u0111\u00f3 \u0111\u01b0\u1ee3c \u01b0\u1edbp gia v\u1ecb v\u00e0 n\u01b0\u1edbng l\u00ean trong l\u00f2 n\u01b0\u1edbng. \u0110i\u1ec3m nh\u1ea5n c\u1ee7a salad n\u00e0y l\u00e0 s\u1ef1 pha tr\u1ed9n ho\u00e0n h\u1ea3o gi\u1eefa x\u00fap l\u01a1 + \u1edbt xanh + c\u00e0 chua + h\u00e0nh t\u00e2y t\u1ea9m masala gia v\u1ecb cay n\u01b0\u1edbng l\u00f2 Tandoor.<\/p>\n<p>Salad s\u00fap l\u01a1, rau c\u1ee7 t\u1ea9m gia v\u1ecb n\u01b0\u1edbng l\u00f2 l\u00e0 m\u00f3n \u0103n tuy\u1ec7t v\u1eddi cho nh\u1eefng ng\u01b0\u1eddi \u01b0a th\u00edch \u0103n u\u1ed1ng l\u00e0nh m\u1ea1nh v\u00e0 th\u1ef1c ph\u1ea9m s\u1ea1ch. Kh\u00f4ng ch\u1ec9 l\u00e0 m\u1ed9t m\u00f3n \u0103n ngon m\u00e0 salad s\u00fap l\u01a1 c\u00f2n cung c\u1ea5p cho b\u1ea1n nh\u1eefng ch\u1ea5t dinh d\u01b0\u1ee1ng quan tr\u1ecdng nh\u01b0 ch\u1ea5t x\u01a1, vitamin v\u00e0 kho\u00e1ng ch\u1ea5t. Salad c\u00f2n \u0111\u01b0\u1ee3c ph\u1ee7 l\u00ean m\u1ed9t l\u1edbp s\u1ed1t chua ng\u1ecdt tuy\u1ec7t v\u1eddi, gi\u00fap t\u0103ng th\u00eam h\u01b0\u01a1ng v\u1ecb \u0111\u1eb7c tr\u01b0ng c\u1ee7a m\u00f3n \u0103n.<\/p>\n<p>H\u00e3y \u0111\u1ebfn <a href=\"https:\/\/tandoorvietnam.com\/\">Tandoor Vietnam<\/a> \u0111\u1ec3 th\u01b0\u1edfng th\u1ee9c Tandoori Salad, m\u00f3n \u0103n \u0111\u1ea7y h\u1ea5p d\u1eabn v\u00e0 dinh d\u01b0\u1ee1ng t\u1ed1t cho s\u1ee9c kh\u1ecfe.<\/p>\n","protected":false},"excerpt":{"rendered":"<p>&nbsp;<\/p>\n<table width=\"723\">\n<tbody>\n<tr>\n<td width=\"412\">Mix Vegetables Grilled in Tandoor oven<\/td>\n<\/tr>\n<tr>\n<td width=\"412\"><em>X\u00fap l\u01a1 + \u1edbt xanh + c\u00e0 chua + h\u00e0nh t\u00e2y t\u1ea9m masala gia v\u1ecb cay n\u01b0\u1edbng l\u00f2 Tandoor<\/em><\/td>\n<\/tr>\n<\/tbody>\n<\/table>\n","protected":false},"featured_media":2966,"template":"","meta":[],"product_brand":[],"product_cat":[214],"product_tag":[],"class_list":{"0":"post-2965","1":"product","2":"type-product","3":"status-publish","4":"has-post-thumbnail","6":"product_cat-cac-mon-salad","8":"first","9":"instock","10":"taxable","11":"shipping-taxable","12":"purchasable","13":"product-type-simple"},"yoast_head":"<!-- This site is optimized with the Yoast SEO Premium plugin v22.3 (Yoast SEO v27.4) - https:\/\/yoast.com\/product\/yoast-seo-premium-wordpress\/ -->\n<title>SALAD S\u00daP L\u01a0, RAU C\u1ee6 T\u1ea8M GIA V\u1eca N\u01af\u1edaNG L\u00d2<\/title>\n<meta name=\"description\" content=\"H\u00f2a quy\u1ec7n v\u1ecb ng\u1ecdt c\u1ee7a rau c\u1ee7 t\u01b0\u01a1i, v\u1ecb chua s\u1ed1t vinaigrette, salad s\u00fap l\u01a1, rau c\u1ee7 t\u1ea9m gia v\u1ecb n\u01b0\u1edbng l\u00f2 l\u00e0 l\u1ef1a ch\u1ecdn ho\u00e0n h\u1ea3o cho b\u1eefa \u0103n nh\u1eb9 Tandoor Vietnam.\" \/>\n<meta name=\"robots\" content=\"index, follow, max-snippet:-1, max-image-preview:large, max-video-preview:-1\" \/>\n<link rel=\"canonical\" href=\"https:\/\/tandoorvietnam.com\/vi\/sanpham\/cac-mon-salad\/salad-sup-lo-rau-cu-nuong-lo\/\" \/>\n<meta property=\"og:locale\" content=\"vi_VN\" \/>\n<meta property=\"og:type\" content=\"article\" \/>\n<meta property=\"og:title\" content=\"Tandoori Salad (SALAD S\u00daP L\u01a0, RAU C\u1ee6 T\u1ea8M GIA V\u1eca N\u01af\u1edaNG L\u00d2)\" \/>\n<meta property=\"og:description\" content=\"H\u00f2a quy\u1ec7n v\u1ecb ng\u1ecdt c\u1ee7a rau c\u1ee7 t\u01b0\u01a1i, v\u1ecb chua s\u1ed1t vinaigrette, salad s\u00fap l\u01a1, rau c\u1ee7 t\u1ea9m gia v\u1ecb n\u01b0\u1edbng l\u00f2 l\u00e0 l\u1ef1a ch\u1ecdn ho\u00e0n h\u1ea3o cho b\u1eefa \u0103n nh\u1eb9 Tandoor Vietnam.\" \/>\n<meta property=\"og:url\" content=\"https:\/\/tandoorvietnam.com\/vi\/sanpham\/cac-mon-salad\/salad-sup-lo-rau-cu-nuong-lo\/\" \/>\n<meta property=\"og:site_name\" content=\"Tandoor Vi\u1ec7t Nam\" \/>\n<meta property=\"article:publisher\" content=\"https:\/\/www.facebook.com\/tandoor.hcmc\/\" \/>\n<meta property=\"article:modified_time\" content=\"2023-05-10T09:50:44+00:00\" \/>\n<meta property=\"og:image\" content=\"https:\/\/tandoorvietnam.com\/wp-content\/uploads\/2020\/06\/Tandoori-Salad.jpg\" \/>\n\t<meta property=\"og:image:width\" content=\"1400\" \/>\n\t<meta property=\"og:image:height\" content=\"1400\" \/>\n\t<meta property=\"og:image:type\" content=\"image\/jpeg\" \/>\n<meta name=\"twitter:card\" content=\"summary_large_image\" \/>\n<meta name=\"twitter:label1\" content=\"Est. reading time\" \/>\n\t<meta name=\"twitter:data1\" content=\"1 minute\" \/>\n<script type=\"application\/ld+json\" class=\"yoast-schema-graph\">{\"@context\":\"https:\\\/\\\/schema.org\",\"@graph\":[{\"@type\":\"WebPage\",\"@id\":\"https:\\\/\\\/tandoorvietnam.com\\\/vi\\\/sanpham\\\/cac-mon-salad\\\/salad-sup-lo-rau-cu-nuong-lo\\\/\",\"url\":\"https:\\\/\\\/tandoorvietnam.com\\\/vi\\\/sanpham\\\/cac-mon-salad\\\/salad-sup-lo-rau-cu-nuong-lo\\\/\",\"name\":\"SALAD S\u00daP L\u01a0, RAU C\u1ee6 T\u1ea8M GIA V\u1eca N\u01af\u1edaNG L\u00d2\",\"isPartOf\":{\"@id\":\"https:\\\/\\\/tandoorvietnam.com\\\/vi\\\/#website\"},\"primaryImageOfPage\":{\"@id\":\"https:\\\/\\\/tandoorvietnam.com\\\/vi\\\/sanpham\\\/cac-mon-salad\\\/salad-sup-lo-rau-cu-nuong-lo\\\/#primaryimage\"},\"image\":{\"@id\":\"https:\\\/\\\/tandoorvietnam.com\\\/vi\\\/sanpham\\\/cac-mon-salad\\\/salad-sup-lo-rau-cu-nuong-lo\\\/#primaryimage\"},\"thumbnailUrl\":\"https:\\\/\\\/tandoorvietnam.com\\\/wp-content\\\/uploads\\\/2020\\\/06\\\/Tandoori-Salad.jpg\",\"datePublished\":\"2021-04-11T12:07:43+00:00\",\"dateModified\":\"2023-05-10T09:50:44+00:00\",\"description\":\"H\u00f2a quy\u1ec7n v\u1ecb ng\u1ecdt c\u1ee7a rau c\u1ee7 t\u01b0\u01a1i, v\u1ecb chua s\u1ed1t vinaigrette, salad s\u00fap l\u01a1, rau c\u1ee7 t\u1ea9m gia v\u1ecb n\u01b0\u1edbng l\u00f2 l\u00e0 l\u1ef1a ch\u1ecdn ho\u00e0n h\u1ea3o cho b\u1eefa \u0103n nh\u1eb9 Tandoor Vietnam.\",\"breadcrumb\":{\"@id\":\"https:\\\/\\\/tandoorvietnam.com\\\/vi\\\/sanpham\\\/cac-mon-salad\\\/salad-sup-lo-rau-cu-nuong-lo\\\/#breadcrumb\"},\"inLanguage\":\"vi-VN\",\"potentialAction\":[{\"@type\":\"ReadAction\",\"target\":[\"https:\\\/\\\/tandoorvietnam.com\\\/vi\\\/sanpham\\\/cac-mon-salad\\\/salad-sup-lo-rau-cu-nuong-lo\\\/\"]}]},{\"@type\":\"ImageObject\",\"inLanguage\":\"vi-VN\",\"@id\":\"https:\\\/\\\/tandoorvietnam.com\\\/vi\\\/sanpham\\\/cac-mon-salad\\\/salad-sup-lo-rau-cu-nuong-lo\\\/#primaryimage\",\"url\":\"https:\\\/\\\/tandoorvietnam.com\\\/wp-content\\\/uploads\\\/2020\\\/06\\\/Tandoori-Salad.jpg\",\"contentUrl\":\"https:\\\/\\\/tandoorvietnam.com\\\/wp-content\\\/uploads\\\/2020\\\/06\\\/Tandoori-Salad.jpg\",\"width\":1400,\"height\":1400,\"caption\":\"SALAD S\u00daP L\u01a0, RAU C\u1ee6 T\u1ea8M GIA V\u1eca N\u01af\u1edaNG L\u00d2\"},{\"@type\":\"BreadcrumbList\",\"@id\":\"https:\\\/\\\/tandoorvietnam.com\\\/vi\\\/sanpham\\\/cac-mon-salad\\\/salad-sup-lo-rau-cu-nuong-lo\\\/#breadcrumb\",\"itemListElement\":[{\"@type\":\"ListItem\",\"position\":1,\"name\":\"Trang Ch\u1ee7\",\"item\":\"https:\\\/\\\/tandoorvietnam.com\\\/vi\\\/\"},{\"@type\":\"ListItem\",\"position\":2,\"name\":\"Shop\",\"item\":\"https:\\\/\\\/tandoorvietnam.com\\\/shop\\\/\"},{\"@type\":\"ListItem\",\"position\":3,\"name\":\"Tandoori Salad (SALAD S\u00daP L\u01a0, RAU C\u1ee6 T\u1ea8M GIA V\u1eca N\u01af\u1edaNG L\u00d2)\"}]},{\"@type\":\"WebSite\",\"@id\":\"https:\\\/\\\/tandoorvietnam.com\\\/vi\\\/#website\",\"url\":\"https:\\\/\\\/tandoorvietnam.com\\\/vi\\\/\",\"name\":\"Tandoor Vietnam\",\"description\":\"Nh\u00e0 h\u00e0ng ngon h\u1ed3 ch\u00ed minh\",\"publisher\":{\"@id\":\"https:\\\/\\\/tandoorvietnam.com\\\/vi\\\/#organization\"},\"potentialAction\":[{\"@type\":\"SearchAction\",\"target\":{\"@type\":\"EntryPoint\",\"urlTemplate\":\"https:\\\/\\\/tandoorvietnam.com\\\/vi\\\/?s={search_term_string}\"},\"query-input\":{\"@type\":\"PropertyValueSpecification\",\"valueRequired\":true,\"valueName\":\"search_term_string\"}}],\"inLanguage\":\"vi-VN\"},{\"@type\":\"Organization\",\"@id\":\"https:\\\/\\\/tandoorvietnam.com\\\/vi\\\/#organization\",\"name\":\"Tandoor Vietnam\",\"url\":\"https:\\\/\\\/tandoorvietnam.com\\\/vi\\\/\",\"logo\":{\"@type\":\"ImageObject\",\"inLanguage\":\"vi-VN\",\"@id\":\"https:\\\/\\\/tandoorvietnam.com\\\/vi\\\/#\\\/schema\\\/logo\\\/image\\\/\",\"url\":\"https:\\\/\\\/tandoorvietnam.com\\\/wp-content\\\/uploads\\\/2020\\\/07\\\/logo.png\",\"contentUrl\":\"https:\\\/\\\/tandoorvietnam.com\\\/wp-content\\\/uploads\\\/2020\\\/07\\\/logo.png\",\"width\":133,\"height\":75,\"caption\":\"Tandoor Vietnam\"},\"image\":{\"@id\":\"https:\\\/\\\/tandoorvietnam.com\\\/vi\\\/#\\\/schema\\\/logo\\\/image\\\/\"},\"sameAs\":[\"https:\\\/\\\/www.facebook.com\\\/tandoor.hcmc\\\/\"]}]}<\/script>\n<!-- \/ Yoast SEO Premium plugin. -->","yoast_head_json":{"title":"SALAD S\u00daP L\u01a0, RAU C\u1ee6 T\u1ea8M GIA V\u1eca N\u01af\u1edaNG L\u00d2","description":"H\u00f2a quy\u1ec7n v\u1ecb ng\u1ecdt c\u1ee7a rau c\u1ee7 t\u01b0\u01a1i, v\u1ecb chua s\u1ed1t vinaigrette, salad s\u00fap l\u01a1, rau c\u1ee7 t\u1ea9m gia v\u1ecb n\u01b0\u1edbng l\u00f2 l\u00e0 l\u1ef1a ch\u1ecdn ho\u00e0n h\u1ea3o cho b\u1eefa \u0103n nh\u1eb9 Tandoor Vietnam.","robots":{"index":"index","follow":"follow","max-snippet":"max-snippet:-1","max-image-preview":"max-image-preview:large","max-video-preview":"max-video-preview:-1"},"canonical":"https:\/\/tandoorvietnam.com\/vi\/sanpham\/cac-mon-salad\/salad-sup-lo-rau-cu-nuong-lo\/","og_locale":"vi_VN","og_type":"article","og_title":"Tandoori Salad (SALAD S\u00daP L\u01a0, RAU C\u1ee6 T\u1ea8M GIA V\u1eca N\u01af\u1edaNG L\u00d2)","og_description":"H\u00f2a quy\u1ec7n v\u1ecb ng\u1ecdt c\u1ee7a rau c\u1ee7 t\u01b0\u01a1i, v\u1ecb chua s\u1ed1t vinaigrette, salad s\u00fap l\u01a1, rau c\u1ee7 t\u1ea9m gia v\u1ecb n\u01b0\u1edbng l\u00f2 l\u00e0 l\u1ef1a ch\u1ecdn ho\u00e0n h\u1ea3o cho b\u1eefa \u0103n nh\u1eb9 Tandoor Vietnam.","og_url":"https:\/\/tandoorvietnam.com\/vi\/sanpham\/cac-mon-salad\/salad-sup-lo-rau-cu-nuong-lo\/","og_site_name":"Tandoor Vi\u1ec7t Nam","article_publisher":"https:\/\/www.facebook.com\/tandoor.hcmc\/","article_modified_time":"2023-05-10T09:50:44+00:00","og_image":[{"width":1400,"height":1400,"url":"https:\/\/tandoorvietnam.com\/wp-content\/uploads\/2020\/06\/Tandoori-Salad.jpg","type":"image\/jpeg"}],"twitter_card":"summary_large_image","twitter_misc":{"Est. reading time":"1 minute"},"schema":{"@context":"https:\/\/schema.org","@graph":[{"@type":"WebPage","@id":"https:\/\/tandoorvietnam.com\/vi\/sanpham\/cac-mon-salad\/salad-sup-lo-rau-cu-nuong-lo\/","url":"https:\/\/tandoorvietnam.com\/vi\/sanpham\/cac-mon-salad\/salad-sup-lo-rau-cu-nuong-lo\/","name":"SALAD S\u00daP L\u01a0, RAU C\u1ee6 T\u1ea8M GIA V\u1eca N\u01af\u1edaNG L\u00d2","isPartOf":{"@id":"https:\/\/tandoorvietnam.com\/vi\/#website"},"primaryImageOfPage":{"@id":"https:\/\/tandoorvietnam.com\/vi\/sanpham\/cac-mon-salad\/salad-sup-lo-rau-cu-nuong-lo\/#primaryimage"},"image":{"@id":"https:\/\/tandoorvietnam.com\/vi\/sanpham\/cac-mon-salad\/salad-sup-lo-rau-cu-nuong-lo\/#primaryimage"},"thumbnailUrl":"https:\/\/tandoorvietnam.com\/wp-content\/uploads\/2020\/06\/Tandoori-Salad.jpg","datePublished":"2021-04-11T12:07:43+00:00","dateModified":"2023-05-10T09:50:44+00:00","description":"H\u00f2a quy\u1ec7n v\u1ecb ng\u1ecdt c\u1ee7a rau c\u1ee7 t\u01b0\u01a1i, v\u1ecb chua s\u1ed1t vinaigrette, salad s\u00fap l\u01a1, rau c\u1ee7 t\u1ea9m gia v\u1ecb n\u01b0\u1edbng l\u00f2 l\u00e0 l\u1ef1a ch\u1ecdn ho\u00e0n h\u1ea3o cho b\u1eefa \u0103n nh\u1eb9 Tandoor Vietnam.","breadcrumb":{"@id":"https:\/\/tandoorvietnam.com\/vi\/sanpham\/cac-mon-salad\/salad-sup-lo-rau-cu-nuong-lo\/#breadcrumb"},"inLanguage":"vi-VN","potentialAction":[{"@type":"ReadAction","target":["https:\/\/tandoorvietnam.com\/vi\/sanpham\/cac-mon-salad\/salad-sup-lo-rau-cu-nuong-lo\/"]}]},{"@type":"ImageObject","inLanguage":"vi-VN","@id":"https:\/\/tandoorvietnam.com\/vi\/sanpham\/cac-mon-salad\/salad-sup-lo-rau-cu-nuong-lo\/#primaryimage","url":"https:\/\/tandoorvietnam.com\/wp-content\/uploads\/2020\/06\/Tandoori-Salad.jpg","contentUrl":"https:\/\/tandoorvietnam.com\/wp-content\/uploads\/2020\/06\/Tandoori-Salad.jpg","width":1400,"height":1400,"caption":"SALAD S\u00daP L\u01a0, RAU C\u1ee6 T\u1ea8M GIA V\u1eca N\u01af\u1edaNG L\u00d2"},{"@type":"BreadcrumbList","@id":"https:\/\/tandoorvietnam.com\/vi\/sanpham\/cac-mon-salad\/salad-sup-lo-rau-cu-nuong-lo\/#breadcrumb","itemListElement":[{"@type":"ListItem","position":1,"name":"Trang Ch\u1ee7","item":"https:\/\/tandoorvietnam.com\/vi\/"},{"@type":"ListItem","position":2,"name":"Shop","item":"https:\/\/tandoorvietnam.com\/shop\/"},{"@type":"ListItem","position":3,"name":"Tandoori Salad (SALAD S\u00daP L\u01a0, RAU C\u1ee6 T\u1ea8M GIA V\u1eca N\u01af\u1edaNG L\u00d2)"}]},{"@type":"WebSite","@id":"https:\/\/tandoorvietnam.com\/vi\/#website","url":"https:\/\/tandoorvietnam.com\/vi\/","name":"Tandoor Vietnam","description":"Nh\u00e0 h\u00e0ng ngon h\u1ed3 ch\u00ed minh","publisher":{"@id":"https:\/\/tandoorvietnam.com\/vi\/#organization"},"potentialAction":[{"@type":"SearchAction","target":{"@type":"EntryPoint","urlTemplate":"https:\/\/tandoorvietnam.com\/vi\/?s={search_term_string}"},"query-input":{"@type":"PropertyValueSpecification","valueRequired":true,"valueName":"search_term_string"}}],"inLanguage":"vi-VN"},{"@type":"Organization","@id":"https:\/\/tandoorvietnam.com\/vi\/#organization","name":"Tandoor Vietnam","url":"https:\/\/tandoorvietnam.com\/vi\/","logo":{"@type":"ImageObject","inLanguage":"vi-VN","@id":"https:\/\/tandoorvietnam.com\/vi\/#\/schema\/logo\/image\/","url":"https:\/\/tandoorvietnam.com\/wp-content\/uploads\/2020\/07\/logo.png","contentUrl":"https:\/\/tandoorvietnam.com\/wp-content\/uploads\/2020\/07\/logo.png","width":133,"height":75,"caption":"Tandoor Vietnam"},"image":{"@id":"https:\/\/tandoorvietnam.com\/vi\/#\/schema\/logo\/image\/"},"sameAs":["https:\/\/www.facebook.com\/tandoor.hcmc\/"]}]}},"_links":{"self":[{"href":"https:\/\/tandoorvietnam.com\/vi\/wp-json\/wp\/v2\/product\/2965","targetHints":{"allow":["GET"]}}],"collection":[{"href":"https:\/\/tandoorvietnam.com\/vi\/wp-json\/wp\/v2\/product"}],"about":[{"href":"https:\/\/tandoorvietnam.com\/vi\/wp-json\/wp\/v2\/types\/product"}],"wp:featuredmedia":[{"embeddable":true,"href":"https:\/\/tandoorvietnam.com\/vi\/wp-json\/wp\/v2\/media\/2966"}],"wp:attachment":[{"href":"https:\/\/tandoorvietnam.com\/vi\/wp-json\/wp\/v2\/media?parent=2965"}],"wp:term":[{"taxonomy":"product_brand","embeddable":true,"href":"https:\/\/tandoorvietnam.com\/vi\/wp-json\/wp\/v2\/product_brand?post=2965"},{"taxonomy":"product_cat","embeddable":true,"href":"https:\/\/tandoorvietnam.com\/vi\/wp-json\/wp\/v2\/product_cat?post=2965"},{"taxonomy":"product_tag","embeddable":true,"href":"https:\/\/tandoorvietnam.com\/vi\/wp-json\/wp\/v2\/product_tag?post=2965"}],"curies":[{"name":"wp","href":"https:\/\/api.w.org\/{rel}","templated":true}]}}