{"id":2967,"date":"2020-06-16T15:32:47","date_gmt":"2021-04-11T12:07:44","guid":{"rendered":"http:\/\/tandoorvietnam.com\/product\/uncategorized\/salad-dua-leo-ca-chua-ca-rot-ot-chuong\/"},"modified":"2023-05-20T09:22:45","modified_gmt":"2023-05-20T09:22:45","slug":"salad-dua-leo-ca-chua-ca-rot-ot-chuong","status":"publish","type":"product","link":"https:\/\/tandoorvietnam.com\/vi\/sanpham\/cac-mon-salad\/salad-dua-leo-ca-chua-ca-rot-ot-chuong\/","title":{"rendered":"Green salad (SALAD D\u01afA LEO, C\u00c0 CHUA, C\u00c0 R\u1ed0T, \u1edaT CHU\u00d4NG)"},"content":{"rendered":"<p>Salad D\u01b0a Leo, C\u00e0 Chua, C\u00e0 R\u1ed1t, \u1edat Chu\u00f4ng (Green salad) l\u00e0 m\u1ed9t s\u1ef1 k\u1ebft h\u1ee3p tuy\u1ec7t v\u1eddi c\u1ee7a c\u00e1c lo\u1ea1i rau qu\u1ea3 t\u01b0\u01a1i ngon t\u1ea1i Tandoor Vietnam. Ch\u00fang t\u00f4i ch\u1ecdn nh\u1eefng d\u01b0a leo t\u01b0\u01a1i m\u00e1t, c\u00e0 chua ch\u00edn \u0111\u1ecf, c\u00e0 r\u1ed1t m\u1ecdng n\u01b0\u1edbc v\u00e0 \u1edbt chu\u00f4ng m\u00e0u s\u1eafc t\u01b0\u01a1i s\u00e1ng \u0111\u1ec3 t\u1ea1o ra m\u1ed9t m\u00f3n salad h\u1ea5p d\u1eabn v\u00e0 b\u1ed5 d\u01b0\u1ee1ng.<\/p>\n<p>Salad D\u01b0a Leo, C\u00e0 Chua, C\u00e0 R\u1ed1t, \u1edat Chu\u00f4ng kh\u00f4ng ch\u1ec9 l\u00e0 m\u1ed9t m\u00f3n \u0103n m\u00e1t l\u00e0nh m\u00e0 c\u00f2n cung c\u1ea5p nhi\u1ec1u d\u01b0\u1ee1ng ch\u1ea5t quan tr\u1ecdng cho c\u01a1 th\u1ec3. D\u01b0a leo gi\u00e0u vitamin v\u00e0 kho\u00e1ng ch\u1ea5t, gi\u00fap cung c\u1ea5p n\u01b0\u1edbc v\u00e0 gi\u1ea3m c\u0103ng th\u1eb3ng.<\/p>\n<p>C\u00e0 chua l\u00e0 ngu\u1ed3n cung c\u1ea5p lycopene, m\u1ed9t ch\u1ea5t ch\u1ed1ng oxy h\u00f3a m\u1ea1nh c\u00f3 l\u1ee3i cho s\u1ee9c kh\u1ecfe tim m\u1ea1ch. C\u00e0 r\u1ed1t gi\u00e0u vitamin A v\u00e0 ch\u1ea5t ch\u1ed1ng oxi h\u00f3a, t\u1ed1t cho th\u1ecb l\u1ef1c v\u00e0 da. \u1edat chu\u00f4ng cung c\u1ea5p vitamin C v\u00e0 capsaicin, gi\u00fap t\u0103ng c\u01b0\u1eddng mi\u1ec5n d\u1ecbch v\u00e0 \u0111\u1ed1t ch\u00e1y ch\u1ea5t b\u00e9o.<\/p>\n<p>Ch\u00fang t\u00f4i ch\u1ebf bi\u1ebfn Green salad\u00a0v\u1edbi s\u1ef1 t\u1ec9 m\u1ec9 v\u00e0 tinh t\u1ebf. C\u00e1c lo\u1ea1i rau qu\u1ea3 \u0111\u01b0\u1ee3c c\u1eaft nh\u1ecf v\u00e0 tr\u00ecnh b\u00e0y t\u01b0\u01a1i m\u00e1t tr\u00ean \u0111\u0129a. Ch\u00fang t\u00f4i s\u1eed d\u1ee5ng m\u1ed9t s\u1ed1 gia v\u1ecb v\u00e0 n\u01b0\u1edbc s\u1ed1t nh\u1eb9 \u0111\u1ec3 t\u0103ng th\u00eam h\u01b0\u01a1ng v\u1ecb v\u00e0 s\u1ef1 h\u1ea5p d\u1eabn cho m\u00f3n salad.<\/p>\n<p>Green salad l\u00e0 m\u1ed9t l\u1ef1a ch\u1ecdn tuy\u1ec7t v\u1eddi cho nh\u1eefng ai y\u00eau th\u00edch \u1ea9m th\u1ef1c m\u00e1t l\u00e0nh v\u00e0 mu\u1ed1n t\u1eadn h\u01b0\u1edfng h\u01b0\u01a1ng v\u1ecb t\u01b0\u01a1i ngon t\u1eeb rau qu\u1ea3 t\u01b0\u01a1i s\u1ed1ng. B\u1ea1n c\u00f3 th\u1ec3 th\u01b0\u1edfng th\u1ee9c m\u00f3n salad n\u00e0y nh\u01b0 m\u1ed9t m\u00f3n khai v\u1ecb tr\u01b0\u1edbc b\u1eefa ch\u00ednh ho\u1eb7c l\u00e0 m\u1ed9t b\u1eefa \u0103n nh\u1eb9 trong ng\u00e0y t\u1ea1i <a href=\"https:\/\/tandoorvietnam.com\/\">Tandoor Vietnam<\/a><\/p>\n","protected":false},"excerpt":{"rendered":"<p>&nbsp;<\/p>\n<table width=\"723\">\n<tbody>\n<tr>\n<td width=\"412\">Sliced cutting of tomato, onion, cucumber,carrot and capsicum<\/td>\n<\/tr>\n<tr>\n<td width=\"412\"><em>D\u01b0a leo + c\u00e0 chua + carot + h\u00e0nh t\u00e2y + \u1edbt chu\u00f4ng xanh c\u1eaft l\u00e1t<\/em><\/td>\n<\/tr>\n<\/tbody>\n<\/table>\n","protected":false},"featured_media":2968,"template":"","meta":[],"product_brand":[],"product_cat":[214],"product_tag":[],"class_list":{"0":"post-2967","1":"product","2":"type-product","3":"status-publish","4":"has-post-thumbnail","6":"product_cat-cac-mon-salad","8":"first","9":"instock","10":"taxable","11":"shipping-taxable","12":"purchasable","13":"product-type-simple"},"yoast_head":"<!-- This site is optimized with the Yoast SEO Premium plugin v22.3 (Yoast SEO v27.4) - https:\/\/yoast.com\/product\/yoast-seo-premium-wordpress\/ -->\n<title>SALAD D\u01afA LEO, C\u00c0 CHUA, C\u00c0 R\u1ed0T, \u1edaT CHU\u00d4NG<\/title>\n<meta name=\"description\" content=\"Salad m\u00e1t l\u00e0nh v\u1edbi d\u01b0a leo, c\u00e0 chua, c\u00e0 r\u1ed1t v\u00e0 \u1edbt chu\u00f4ng t\u1ea1i Tandoor Vietnam. H\u01b0\u01a1ng v\u1ecb t\u01b0\u01a1i ngon, b\u1ed5 d\u01b0\u1ee1ng t\u1eeb nh\u1eefng nguy\u00ean li\u1ec7u t\u01b0\u01a1i s\u1ed1ng.\" \/>\n<meta name=\"robots\" content=\"index, follow, max-snippet:-1, max-image-preview:large, max-video-preview:-1\" \/>\n<link rel=\"canonical\" href=\"https:\/\/tandoorvietnam.com\/vi\/sanpham\/cac-mon-salad\/salad-dua-leo-ca-chua-ca-rot-ot-chuong\/\" \/>\n<meta property=\"og:locale\" content=\"vi_VN\" \/>\n<meta property=\"og:type\" content=\"article\" \/>\n<meta property=\"og:title\" content=\"Green salad (SALAD D\u01afA LEO, C\u00c0 CHUA, C\u00c0 R\u1ed0T, \u1edaT CHU\u00d4NG)\" \/>\n<meta property=\"og:description\" content=\"Salad m\u00e1t l\u00e0nh v\u1edbi d\u01b0a leo, c\u00e0 chua, c\u00e0 r\u1ed1t v\u00e0 \u1edbt chu\u00f4ng t\u1ea1i Tandoor Vietnam. H\u01b0\u01a1ng v\u1ecb t\u01b0\u01a1i ngon, b\u1ed5 d\u01b0\u1ee1ng t\u1eeb nh\u1eefng nguy\u00ean li\u1ec7u t\u01b0\u01a1i s\u1ed1ng.\" \/>\n<meta property=\"og:url\" content=\"https:\/\/tandoorvietnam.com\/vi\/sanpham\/cac-mon-salad\/salad-dua-leo-ca-chua-ca-rot-ot-chuong\/\" \/>\n<meta property=\"og:site_name\" content=\"Tandoor Vi\u1ec7t Nam\" \/>\n<meta property=\"article:publisher\" content=\"https:\/\/www.facebook.com\/tandoor.hcmc\/\" \/>\n<meta property=\"article:modified_time\" content=\"2023-05-20T09:22:45+00:00\" \/>\n<meta property=\"og:image\" content=\"https:\/\/tandoorvietnam.com\/wp-content\/uploads\/2020\/06\/Green-Salad.jpg\" \/>\n\t<meta property=\"og:image:width\" content=\"1400\" \/>\n\t<meta property=\"og:image:height\" content=\"1400\" \/>\n\t<meta property=\"og:image:type\" content=\"image\/jpeg\" \/>\n<meta name=\"twitter:card\" content=\"summary_large_image\" \/>\n<meta name=\"twitter:label1\" content=\"Est. reading time\" \/>\n\t<meta name=\"twitter:data1\" content=\"2 minutes\" \/>\n<script type=\"application\/ld+json\" class=\"yoast-schema-graph\">{\"@context\":\"https:\\\/\\\/schema.org\",\"@graph\":[{\"@type\":\"WebPage\",\"@id\":\"https:\\\/\\\/tandoorvietnam.com\\\/vi\\\/sanpham\\\/cac-mon-salad\\\/salad-dua-leo-ca-chua-ca-rot-ot-chuong\\\/\",\"url\":\"https:\\\/\\\/tandoorvietnam.com\\\/vi\\\/sanpham\\\/cac-mon-salad\\\/salad-dua-leo-ca-chua-ca-rot-ot-chuong\\\/\",\"name\":\"SALAD D\u01afA LEO, C\u00c0 CHUA, C\u00c0 R\u1ed0T, \u1edaT CHU\u00d4NG\",\"isPartOf\":{\"@id\":\"https:\\\/\\\/tandoorvietnam.com\\\/vi\\\/#website\"},\"primaryImageOfPage\":{\"@id\":\"https:\\\/\\\/tandoorvietnam.com\\\/vi\\\/sanpham\\\/cac-mon-salad\\\/salad-dua-leo-ca-chua-ca-rot-ot-chuong\\\/#primaryimage\"},\"image\":{\"@id\":\"https:\\\/\\\/tandoorvietnam.com\\\/vi\\\/sanpham\\\/cac-mon-salad\\\/salad-dua-leo-ca-chua-ca-rot-ot-chuong\\\/#primaryimage\"},\"thumbnailUrl\":\"https:\\\/\\\/tandoorvietnam.com\\\/wp-content\\\/uploads\\\/2020\\\/06\\\/Green-Salad.jpg\",\"datePublished\":\"2021-04-11T12:07:44+00:00\",\"dateModified\":\"2023-05-20T09:22:45+00:00\",\"description\":\"Salad m\u00e1t l\u00e0nh v\u1edbi d\u01b0a leo, c\u00e0 chua, c\u00e0 r\u1ed1t v\u00e0 \u1edbt chu\u00f4ng t\u1ea1i Tandoor Vietnam. H\u01b0\u01a1ng v\u1ecb t\u01b0\u01a1i ngon, b\u1ed5 d\u01b0\u1ee1ng t\u1eeb nh\u1eefng nguy\u00ean li\u1ec7u t\u01b0\u01a1i s\u1ed1ng.\",\"breadcrumb\":{\"@id\":\"https:\\\/\\\/tandoorvietnam.com\\\/vi\\\/sanpham\\\/cac-mon-salad\\\/salad-dua-leo-ca-chua-ca-rot-ot-chuong\\\/#breadcrumb\"},\"inLanguage\":\"vi-VN\",\"potentialAction\":[{\"@type\":\"ReadAction\",\"target\":[\"https:\\\/\\\/tandoorvietnam.com\\\/vi\\\/sanpham\\\/cac-mon-salad\\\/salad-dua-leo-ca-chua-ca-rot-ot-chuong\\\/\"]}]},{\"@type\":\"ImageObject\",\"inLanguage\":\"vi-VN\",\"@id\":\"https:\\\/\\\/tandoorvietnam.com\\\/vi\\\/sanpham\\\/cac-mon-salad\\\/salad-dua-leo-ca-chua-ca-rot-ot-chuong\\\/#primaryimage\",\"url\":\"https:\\\/\\\/tandoorvietnam.com\\\/wp-content\\\/uploads\\\/2020\\\/06\\\/Green-Salad.jpg\",\"contentUrl\":\"https:\\\/\\\/tandoorvietnam.com\\\/wp-content\\\/uploads\\\/2020\\\/06\\\/Green-Salad.jpg\",\"width\":1400,\"height\":1400,\"caption\":\"SALAD D\u01afA LEO, C\u00c0 CHUA, C\u00c0 R\u1ed0T, \u1edaT CHU\u00d4NG\"},{\"@type\":\"BreadcrumbList\",\"@id\":\"https:\\\/\\\/tandoorvietnam.com\\\/vi\\\/sanpham\\\/cac-mon-salad\\\/salad-dua-leo-ca-chua-ca-rot-ot-chuong\\\/#breadcrumb\",\"itemListElement\":[{\"@type\":\"ListItem\",\"position\":1,\"name\":\"Trang Ch\u1ee7\",\"item\":\"https:\\\/\\\/tandoorvietnam.com\\\/vi\\\/\"},{\"@type\":\"ListItem\",\"position\":2,\"name\":\"Shop\",\"item\":\"https:\\\/\\\/tandoorvietnam.com\\\/shop\\\/\"},{\"@type\":\"ListItem\",\"position\":3,\"name\":\"Green salad (SALAD D\u01afA LEO, C\u00c0 CHUA, C\u00c0 R\u1ed0T, \u1edaT CHU\u00d4NG)\"}]},{\"@type\":\"WebSite\",\"@id\":\"https:\\\/\\\/tandoorvietnam.com\\\/vi\\\/#website\",\"url\":\"https:\\\/\\\/tandoorvietnam.com\\\/vi\\\/\",\"name\":\"Tandoor Vietnam\",\"description\":\"Nh\u00e0 h\u00e0ng ngon h\u1ed3 ch\u00ed minh\",\"publisher\":{\"@id\":\"https:\\\/\\\/tandoorvietnam.com\\\/vi\\\/#organization\"},\"potentialAction\":[{\"@type\":\"SearchAction\",\"target\":{\"@type\":\"EntryPoint\",\"urlTemplate\":\"https:\\\/\\\/tandoorvietnam.com\\\/vi\\\/?s={search_term_string}\"},\"query-input\":{\"@type\":\"PropertyValueSpecification\",\"valueRequired\":true,\"valueName\":\"search_term_string\"}}],\"inLanguage\":\"vi-VN\"},{\"@type\":\"Organization\",\"@id\":\"https:\\\/\\\/tandoorvietnam.com\\\/vi\\\/#organization\",\"name\":\"Tandoor Vietnam\",\"url\":\"https:\\\/\\\/tandoorvietnam.com\\\/vi\\\/\",\"logo\":{\"@type\":\"ImageObject\",\"inLanguage\":\"vi-VN\",\"@id\":\"https:\\\/\\\/tandoorvietnam.com\\\/vi\\\/#\\\/schema\\\/logo\\\/image\\\/\",\"url\":\"https:\\\/\\\/tandoorvietnam.com\\\/wp-content\\\/uploads\\\/2020\\\/07\\\/logo.png\",\"contentUrl\":\"https:\\\/\\\/tandoorvietnam.com\\\/wp-content\\\/uploads\\\/2020\\\/07\\\/logo.png\",\"width\":133,\"height\":75,\"caption\":\"Tandoor Vietnam\"},\"image\":{\"@id\":\"https:\\\/\\\/tandoorvietnam.com\\\/vi\\\/#\\\/schema\\\/logo\\\/image\\\/\"},\"sameAs\":[\"https:\\\/\\\/www.facebook.com\\\/tandoor.hcmc\\\/\"]}]}<\/script>\n<!-- \/ Yoast SEO Premium plugin. -->","yoast_head_json":{"title":"SALAD D\u01afA LEO, C\u00c0 CHUA, C\u00c0 R\u1ed0T, \u1edaT CHU\u00d4NG","description":"Salad m\u00e1t l\u00e0nh v\u1edbi d\u01b0a leo, c\u00e0 chua, c\u00e0 r\u1ed1t v\u00e0 \u1edbt chu\u00f4ng t\u1ea1i Tandoor Vietnam. H\u01b0\u01a1ng v\u1ecb t\u01b0\u01a1i ngon, b\u1ed5 d\u01b0\u1ee1ng t\u1eeb nh\u1eefng nguy\u00ean li\u1ec7u t\u01b0\u01a1i s\u1ed1ng.","robots":{"index":"index","follow":"follow","max-snippet":"max-snippet:-1","max-image-preview":"max-image-preview:large","max-video-preview":"max-video-preview:-1"},"canonical":"https:\/\/tandoorvietnam.com\/vi\/sanpham\/cac-mon-salad\/salad-dua-leo-ca-chua-ca-rot-ot-chuong\/","og_locale":"vi_VN","og_type":"article","og_title":"Green salad (SALAD D\u01afA LEO, C\u00c0 CHUA, C\u00c0 R\u1ed0T, \u1edaT CHU\u00d4NG)","og_description":"Salad m\u00e1t l\u00e0nh v\u1edbi d\u01b0a leo, c\u00e0 chua, c\u00e0 r\u1ed1t v\u00e0 \u1edbt chu\u00f4ng t\u1ea1i Tandoor Vietnam. H\u01b0\u01a1ng v\u1ecb t\u01b0\u01a1i ngon, b\u1ed5 d\u01b0\u1ee1ng t\u1eeb nh\u1eefng nguy\u00ean li\u1ec7u t\u01b0\u01a1i s\u1ed1ng.","og_url":"https:\/\/tandoorvietnam.com\/vi\/sanpham\/cac-mon-salad\/salad-dua-leo-ca-chua-ca-rot-ot-chuong\/","og_site_name":"Tandoor Vi\u1ec7t Nam","article_publisher":"https:\/\/www.facebook.com\/tandoor.hcmc\/","article_modified_time":"2023-05-20T09:22:45+00:00","og_image":[{"width":1400,"height":1400,"url":"https:\/\/tandoorvietnam.com\/wp-content\/uploads\/2020\/06\/Green-Salad.jpg","type":"image\/jpeg"}],"twitter_card":"summary_large_image","twitter_misc":{"Est. reading time":"2 minutes"},"schema":{"@context":"https:\/\/schema.org","@graph":[{"@type":"WebPage","@id":"https:\/\/tandoorvietnam.com\/vi\/sanpham\/cac-mon-salad\/salad-dua-leo-ca-chua-ca-rot-ot-chuong\/","url":"https:\/\/tandoorvietnam.com\/vi\/sanpham\/cac-mon-salad\/salad-dua-leo-ca-chua-ca-rot-ot-chuong\/","name":"SALAD D\u01afA LEO, C\u00c0 CHUA, C\u00c0 R\u1ed0T, \u1edaT CHU\u00d4NG","isPartOf":{"@id":"https:\/\/tandoorvietnam.com\/vi\/#website"},"primaryImageOfPage":{"@id":"https:\/\/tandoorvietnam.com\/vi\/sanpham\/cac-mon-salad\/salad-dua-leo-ca-chua-ca-rot-ot-chuong\/#primaryimage"},"image":{"@id":"https:\/\/tandoorvietnam.com\/vi\/sanpham\/cac-mon-salad\/salad-dua-leo-ca-chua-ca-rot-ot-chuong\/#primaryimage"},"thumbnailUrl":"https:\/\/tandoorvietnam.com\/wp-content\/uploads\/2020\/06\/Green-Salad.jpg","datePublished":"2021-04-11T12:07:44+00:00","dateModified":"2023-05-20T09:22:45+00:00","description":"Salad m\u00e1t l\u00e0nh v\u1edbi d\u01b0a leo, c\u00e0 chua, c\u00e0 r\u1ed1t v\u00e0 \u1edbt chu\u00f4ng t\u1ea1i Tandoor Vietnam. H\u01b0\u01a1ng v\u1ecb t\u01b0\u01a1i ngon, b\u1ed5 d\u01b0\u1ee1ng t\u1eeb nh\u1eefng nguy\u00ean li\u1ec7u t\u01b0\u01a1i s\u1ed1ng.","breadcrumb":{"@id":"https:\/\/tandoorvietnam.com\/vi\/sanpham\/cac-mon-salad\/salad-dua-leo-ca-chua-ca-rot-ot-chuong\/#breadcrumb"},"inLanguage":"vi-VN","potentialAction":[{"@type":"ReadAction","target":["https:\/\/tandoorvietnam.com\/vi\/sanpham\/cac-mon-salad\/salad-dua-leo-ca-chua-ca-rot-ot-chuong\/"]}]},{"@type":"ImageObject","inLanguage":"vi-VN","@id":"https:\/\/tandoorvietnam.com\/vi\/sanpham\/cac-mon-salad\/salad-dua-leo-ca-chua-ca-rot-ot-chuong\/#primaryimage","url":"https:\/\/tandoorvietnam.com\/wp-content\/uploads\/2020\/06\/Green-Salad.jpg","contentUrl":"https:\/\/tandoorvietnam.com\/wp-content\/uploads\/2020\/06\/Green-Salad.jpg","width":1400,"height":1400,"caption":"SALAD D\u01afA LEO, C\u00c0 CHUA, C\u00c0 R\u1ed0T, \u1edaT CHU\u00d4NG"},{"@type":"BreadcrumbList","@id":"https:\/\/tandoorvietnam.com\/vi\/sanpham\/cac-mon-salad\/salad-dua-leo-ca-chua-ca-rot-ot-chuong\/#breadcrumb","itemListElement":[{"@type":"ListItem","position":1,"name":"Trang Ch\u1ee7","item":"https:\/\/tandoorvietnam.com\/vi\/"},{"@type":"ListItem","position":2,"name":"Shop","item":"https:\/\/tandoorvietnam.com\/shop\/"},{"@type":"ListItem","position":3,"name":"Green salad (SALAD D\u01afA LEO, C\u00c0 CHUA, C\u00c0 R\u1ed0T, \u1edaT CHU\u00d4NG)"}]},{"@type":"WebSite","@id":"https:\/\/tandoorvietnam.com\/vi\/#website","url":"https:\/\/tandoorvietnam.com\/vi\/","name":"Tandoor Vietnam","description":"Nh\u00e0 h\u00e0ng ngon h\u1ed3 ch\u00ed minh","publisher":{"@id":"https:\/\/tandoorvietnam.com\/vi\/#organization"},"potentialAction":[{"@type":"SearchAction","target":{"@type":"EntryPoint","urlTemplate":"https:\/\/tandoorvietnam.com\/vi\/?s={search_term_string}"},"query-input":{"@type":"PropertyValueSpecification","valueRequired":true,"valueName":"search_term_string"}}],"inLanguage":"vi-VN"},{"@type":"Organization","@id":"https:\/\/tandoorvietnam.com\/vi\/#organization","name":"Tandoor Vietnam","url":"https:\/\/tandoorvietnam.com\/vi\/","logo":{"@type":"ImageObject","inLanguage":"vi-VN","@id":"https:\/\/tandoorvietnam.com\/vi\/#\/schema\/logo\/image\/","url":"https:\/\/tandoorvietnam.com\/wp-content\/uploads\/2020\/07\/logo.png","contentUrl":"https:\/\/tandoorvietnam.com\/wp-content\/uploads\/2020\/07\/logo.png","width":133,"height":75,"caption":"Tandoor Vietnam"},"image":{"@id":"https:\/\/tandoorvietnam.com\/vi\/#\/schema\/logo\/image\/"},"sameAs":["https:\/\/www.facebook.com\/tandoor.hcmc\/"]}]}},"_links":{"self":[{"href":"https:\/\/tandoorvietnam.com\/vi\/wp-json\/wp\/v2\/product\/2967","targetHints":{"allow":["GET"]}}],"collection":[{"href":"https:\/\/tandoorvietnam.com\/vi\/wp-json\/wp\/v2\/product"}],"about":[{"href":"https:\/\/tandoorvietnam.com\/vi\/wp-json\/wp\/v2\/types\/product"}],"wp:featuredmedia":[{"embeddable":true,"href":"https:\/\/tandoorvietnam.com\/vi\/wp-json\/wp\/v2\/media\/2968"}],"wp:attachment":[{"href":"https:\/\/tandoorvietnam.com\/vi\/wp-json\/wp\/v2\/media?parent=2967"}],"wp:term":[{"taxonomy":"product_brand","embeddable":true,"href":"https:\/\/tandoorvietnam.com\/vi\/wp-json\/wp\/v2\/product_brand?post=2967"},{"taxonomy":"product_cat","embeddable":true,"href":"https:\/\/tandoorvietnam.com\/vi\/wp-json\/wp\/v2\/product_cat?post=2967"},{"taxonomy":"product_tag","embeddable":true,"href":"https:\/\/tandoorvietnam.com\/vi\/wp-json\/wp\/v2\/product_tag?post=2967"}],"curies":[{"name":"wp","href":"https:\/\/api.w.org\/{rel}","templated":true}]}}