{"id":2969,"date":"2020-06-16T15:29:47","date_gmt":"2021-04-11T12:15:59","guid":{"rendered":"http:\/\/tandoorvietnam.com\/product\/uncategorized\/sua-chua-nguyen-chat\/"},"modified":"2023-05-17T06:08:05","modified_gmt":"2023-05-17T06:08:05","slug":"sua-chua-nguyen-chat","status":"publish","type":"product","link":"https:\/\/tandoorvietnam.com\/vi\/sanpham\/cac-mon-phu-sua-chua-raita\/sua-chua-nguyen-chat\/","title":{"rendered":"Plain Raita - Curds (S\u1eeeA CHUA NGUY\u00caN CH\u1ea4T)"},"content":{"rendered":"<p>S\u1eefa chua nguy\u00ean ch\u1ea5t l\u00e0 m\u1ed9t m\u00f3n \u0103n ph\u1ed5 bi\u1ebfn v\u00e0 \u0111\u01b0\u1ee3c y\u00eau th\u00edch tr\u00ean kh\u1eafp th\u1ebf gi\u1edbi. T\u1ea1i Tandoor Vietnam, ch\u00fang t\u00f4i t\u1ef1 h\u00e0o mang \u0111\u1ebfn cho b\u1ea1n s\u1eefa chua t\u01b0\u01a1i m\u00e1t v\u00e0 th\u01a1m ngon, \u0111\u01b0\u1ee3c l\u00e0m t\u1eeb nguy\u00ean li\u1ec7u ch\u1ea5t l\u01b0\u1ee3ng cao.<\/p>\n<p>Plain Raita - Curds c\u1ee7a ch\u00fang t\u00f4i \u0111\u01b0\u1ee3c l\u00e0m t\u1eeb s\u1eefa t\u01b0\u01a1i t\u1ef1 nhi\u00ean, kh\u00f4ng c\u00f3 ch\u1ea5t b\u1ea3o qu\u1ea3n hay ph\u1ee5 gia h\u00f3a h\u1ecdc. Ch\u00fang t\u00f4i tu\u00e2n th\u1ee7 quy tr\u00ecnh s\u1ea3n xu\u1ea5t nghi\u00eam ng\u1eb7t \u0111\u1ec3 \u0111\u1ea3m b\u1ea3o s\u1ef1 t\u01b0\u01a1i ngon v\u00e0 ch\u1ea5t l\u01b0\u1ee3ng c\u1ee7a s\u1ea3n ph\u1ea9m. S\u1eefa chua c\u00f3 v\u1ecb chua nh\u1eb9 v\u00e0 m\u1ec1m m\u1ecbn, \u0111\u1eb7c tr\u01b0ng c\u1ee7a s\u1eefa chua nguy\u00ean ch\u1ea5t ch\u1ea5t l\u01b0\u1ee3ng.<\/p>\n<p>Plain Raita - Curds kh\u00f4ng ch\u1ec9 c\u00f3 h\u01b0\u01a1ng v\u1ecb tuy\u1ec7t v\u1eddi m\u00e0 c\u00f2n mang l\u1ea1i nhi\u1ec1u l\u1ee3i \u00edch dinh d\u01b0\u1ee1ng. N\u00f3 gi\u00e0u ch\u1ea5t x\u01a1, protein v\u00e0 canxi, gi\u00fap t\u0103ng c\u01b0\u1eddng h\u1ec7 ti\u00eau h\u00f3a v\u00e0 cung c\u1ea5p dinh d\u01b0\u1ee1ng c\u1ea7n thi\u1ebft cho c\u01a1 th\u1ec3. S\u1eefa chua c\u0169ng l\u00e0 m\u1ed9t ngu\u1ed3n probiotics t\u1ef1 nhi\u00ean, gi\u00fap c\u00e2n b\u1eb1ng h\u1ec7 vi sinh \u0111\u01b0\u1eddng ru\u1ed9t v\u00e0 t\u0103ng c\u01b0\u1eddng s\u1ee9c kh\u1ecfe.<\/p>\n<p>B\u1ea1n c\u00f3 th\u1ec3 th\u01b0\u1edfng th\u1ee9c s\u1eefa chua nguy\u00ean ch\u1ea5t v\u00e0o b\u1ea5t k\u1ef3 th\u1eddi \u0111i\u1ec3m n\u00e0o trong ng\u00e0y. N\u00f3 l\u00e0 m\u1ed9t m\u00f3n \u0103n ho\u00e0n h\u1ea3o \u0111\u1ec3 \u0103n k\u00e8m v\u1edbi tr\u00e1i c\u00e2y t\u01b0\u01a1i, m\u1ee9t ho\u1eb7c granola. S\u1eefa chua c\u0169ng l\u00e0 th\u00e0nh ph\u1ea7n quan tr\u1ecdng trong c\u00e1c m\u00f3n tr\u00e1ng mi\u1ec7ng v\u00e0 c\u00e1c m\u00f3n \u0103n truy\u1ec1n th\u1ed1ng c\u1ee7a \u1ea4n \u0110\u1ed9 nh\u01b0 Raita.<\/p>\n<p>V\u1edbi Plain Raita - Curds t\u1eeb <a href=\"https:\/\/tandoorvietnam.com\/\">Tandoor Vietnam<\/a>, b\u1ea1n c\u00f3 th\u1ec3 t\u1eadn h\u01b0\u1edfng h\u01b0\u01a1ng v\u1ecb t\u1ef1 nhi\u00ean v\u00e0 l\u1ee3i \u00edch dinh d\u01b0\u1ee1ng c\u1ee7a s\u1eefa chua ch\u1ea5t l\u01b0\u1ee3ng cao. Ch\u00fang t\u00f4i cam k\u1ebft mang \u0111\u1ebfn cho b\u1ea1n nh\u1eefng s\u1ea3n ph\u1ea9m t\u1ed1t nh\u1ea5t v\u00e0 \u0111\u00e1p \u1ee9ng s\u1ef1 mong \u0111\u1ee3i c\u1ee7a kh\u00e1ch h\u00e0ng v\u1ec1 ch\u1ea5t l\u01b0\u1ee3ng v\u00e0 s\u1ef1 t\u01b0\u01a1i ngon.<\/p>\n","protected":false},"excerpt":{"rendered":"<p>&nbsp;<\/p>\n<table width=\"723\">\n<tbody>\n<tr>\n<td width=\"412\">Typical Indian plain yoghurt<\/td>\n<\/tr>\n<tr>\n<td width=\"412\"><em>S\u1eefa chua nguy\u00ean ch\u1ea5t kh\u00f4ng \u0111\u01b0\u1eddng<\/em><\/td>\n<\/tr>\n<\/tbody>\n<\/table>\n","protected":false},"featured_media":2970,"template":"","meta":[],"product_brand":[],"product_cat":[215],"product_tag":[],"class_list":{"0":"post-2969","1":"product","2":"type-product","3":"status-publish","4":"has-post-thumbnail","6":"product_cat-cac-mon-phu-sua-chua-raita","8":"first","9":"instock","10":"taxable","11":"shipping-taxable","12":"purchasable","13":"product-type-simple"},"yoast_head":"<!-- This site is optimized with the Yoast SEO Premium plugin v22.3 (Yoast SEO v27.4) - https:\/\/yoast.com\/product\/yoast-seo-premium-wordpress\/ -->\n<title>Plain Raita - Curds (S\u1eeeA CHUA NGUY\u00caN CH\u1ea4T)<\/title>\n<meta name=\"description\" content=\"S\u1eefa chua nguy\u00ean ch\u1ea5t t\u01b0\u01a1i m\u00e1t v\u00e0 th\u01a1m ngon t\u1ea1i Tandoor Vietnam. T\u1eadn h\u01b0\u1edfng h\u01b0\u01a1ng v\u1ecb t\u1ef1 nhi\u00ean v\u00e0 l\u1ee3i \u00edch dinh d\u01b0\u1ee1ng c\u1ee7a s\u1eefa chua ch\u1ea5t l\u01b0\u1ee3ng cao.\" \/>\n<meta name=\"robots\" content=\"index, follow, max-snippet:-1, max-image-preview:large, max-video-preview:-1\" \/>\n<link rel=\"canonical\" href=\"https:\/\/tandoorvietnam.com\/vi\/sanpham\/cac-mon-phu-sua-chua-raita\/sua-chua-nguyen-chat\/\" \/>\n<meta property=\"og:locale\" content=\"vi_VN\" \/>\n<meta property=\"og:type\" content=\"article\" \/>\n<meta property=\"og:title\" content=\"Plain Raita - Curds (S\u1eeeA CHUA NGUY\u00caN CH\u1ea4T)\" \/>\n<meta property=\"og:description\" content=\"S\u1eefa chua nguy\u00ean ch\u1ea5t t\u01b0\u01a1i m\u00e1t v\u00e0 th\u01a1m ngon t\u1ea1i Tandoor Vietnam. T\u1eadn h\u01b0\u1edfng h\u01b0\u01a1ng v\u1ecb t\u1ef1 nhi\u00ean v\u00e0 l\u1ee3i \u00edch dinh d\u01b0\u1ee1ng c\u1ee7a s\u1eefa chua ch\u1ea5t l\u01b0\u1ee3ng cao.\" \/>\n<meta property=\"og:url\" content=\"https:\/\/tandoorvietnam.com\/vi\/sanpham\/cac-mon-phu-sua-chua-raita\/sua-chua-nguyen-chat\/\" \/>\n<meta property=\"og:site_name\" content=\"Tandoor Vi\u1ec7t Nam\" \/>\n<meta property=\"article:publisher\" content=\"https:\/\/www.facebook.com\/tandoor.hcmc\/\" \/>\n<meta property=\"article:modified_time\" content=\"2023-05-17T06:08:05+00:00\" \/>\n<meta property=\"og:image\" content=\"https:\/\/tandoorvietnam.com\/wp-content\/uploads\/2020\/06\/Plain-curds.jpg\" \/>\n\t<meta property=\"og:image:width\" content=\"1400\" \/>\n\t<meta property=\"og:image:height\" content=\"1400\" \/>\n\t<meta property=\"og:image:type\" content=\"image\/jpeg\" \/>\n<meta name=\"twitter:card\" content=\"summary_large_image\" \/>\n<meta name=\"twitter:label1\" content=\"Est. reading time\" \/>\n\t<meta name=\"twitter:data1\" content=\"2 minutes\" \/>\n<script type=\"application\/ld+json\" class=\"yoast-schema-graph\">{\"@context\":\"https:\\\/\\\/schema.org\",\"@graph\":[{\"@type\":\"WebPage\",\"@id\":\"https:\\\/\\\/tandoorvietnam.com\\\/vi\\\/sanpham\\\/cac-mon-phu-sua-chua-raita\\\/sua-chua-nguyen-chat\\\/\",\"url\":\"https:\\\/\\\/tandoorvietnam.com\\\/vi\\\/sanpham\\\/cac-mon-phu-sua-chua-raita\\\/sua-chua-nguyen-chat\\\/\",\"name\":\"Plain Raita - Curds (S\u1eeeA CHUA NGUY\u00caN CH\u1ea4T)\",\"isPartOf\":{\"@id\":\"https:\\\/\\\/tandoorvietnam.com\\\/vi\\\/#website\"},\"primaryImageOfPage\":{\"@id\":\"https:\\\/\\\/tandoorvietnam.com\\\/vi\\\/sanpham\\\/cac-mon-phu-sua-chua-raita\\\/sua-chua-nguyen-chat\\\/#primaryimage\"},\"image\":{\"@id\":\"https:\\\/\\\/tandoorvietnam.com\\\/vi\\\/sanpham\\\/cac-mon-phu-sua-chua-raita\\\/sua-chua-nguyen-chat\\\/#primaryimage\"},\"thumbnailUrl\":\"https:\\\/\\\/tandoorvietnam.com\\\/wp-content\\\/uploads\\\/2020\\\/06\\\/Plain-curds.jpg\",\"datePublished\":\"2021-04-11T12:15:59+00:00\",\"dateModified\":\"2023-05-17T06:08:05+00:00\",\"description\":\"S\u1eefa chua nguy\u00ean ch\u1ea5t t\u01b0\u01a1i m\u00e1t v\u00e0 th\u01a1m ngon t\u1ea1i Tandoor Vietnam. T\u1eadn h\u01b0\u1edfng h\u01b0\u01a1ng v\u1ecb t\u1ef1 nhi\u00ean v\u00e0 l\u1ee3i \u00edch dinh d\u01b0\u1ee1ng c\u1ee7a s\u1eefa chua ch\u1ea5t l\u01b0\u1ee3ng cao.\",\"breadcrumb\":{\"@id\":\"https:\\\/\\\/tandoorvietnam.com\\\/vi\\\/sanpham\\\/cac-mon-phu-sua-chua-raita\\\/sua-chua-nguyen-chat\\\/#breadcrumb\"},\"inLanguage\":\"vi-VN\",\"potentialAction\":[{\"@type\":\"ReadAction\",\"target\":[\"https:\\\/\\\/tandoorvietnam.com\\\/vi\\\/sanpham\\\/cac-mon-phu-sua-chua-raita\\\/sua-chua-nguyen-chat\\\/\"]}]},{\"@type\":\"ImageObject\",\"inLanguage\":\"vi-VN\",\"@id\":\"https:\\\/\\\/tandoorvietnam.com\\\/vi\\\/sanpham\\\/cac-mon-phu-sua-chua-raita\\\/sua-chua-nguyen-chat\\\/#primaryimage\",\"url\":\"https:\\\/\\\/tandoorvietnam.com\\\/wp-content\\\/uploads\\\/2020\\\/06\\\/Plain-curds.jpg\",\"contentUrl\":\"https:\\\/\\\/tandoorvietnam.com\\\/wp-content\\\/uploads\\\/2020\\\/06\\\/Plain-curds.jpg\",\"width\":1400,\"height\":1400,\"caption\":\"S\u1eeeA CHUA NGUY\u00caN CH\u1ea4T\"},{\"@type\":\"BreadcrumbList\",\"@id\":\"https:\\\/\\\/tandoorvietnam.com\\\/vi\\\/sanpham\\\/cac-mon-phu-sua-chua-raita\\\/sua-chua-nguyen-chat\\\/#breadcrumb\",\"itemListElement\":[{\"@type\":\"ListItem\",\"position\":1,\"name\":\"Trang Ch\u1ee7\",\"item\":\"https:\\\/\\\/tandoorvietnam.com\\\/vi\\\/\"},{\"@type\":\"ListItem\",\"position\":2,\"name\":\"Shop\",\"item\":\"https:\\\/\\\/tandoorvietnam.com\\\/shop\\\/\"},{\"@type\":\"ListItem\",\"position\":3,\"name\":\"Plain Raita &#8211; Curds (S\u1eeeA CHUA NGUY\u00caN CH\u1ea4T)\"}]},{\"@type\":\"WebSite\",\"@id\":\"https:\\\/\\\/tandoorvietnam.com\\\/vi\\\/#website\",\"url\":\"https:\\\/\\\/tandoorvietnam.com\\\/vi\\\/\",\"name\":\"Tandoor Vietnam\",\"description\":\"Nh\u00e0 h\u00e0ng ngon h\u1ed3 ch\u00ed minh\",\"publisher\":{\"@id\":\"https:\\\/\\\/tandoorvietnam.com\\\/vi\\\/#organization\"},\"potentialAction\":[{\"@type\":\"SearchAction\",\"target\":{\"@type\":\"EntryPoint\",\"urlTemplate\":\"https:\\\/\\\/tandoorvietnam.com\\\/vi\\\/?s={search_term_string}\"},\"query-input\":{\"@type\":\"PropertyValueSpecification\",\"valueRequired\":true,\"valueName\":\"search_term_string\"}}],\"inLanguage\":\"vi-VN\"},{\"@type\":\"Organization\",\"@id\":\"https:\\\/\\\/tandoorvietnam.com\\\/vi\\\/#organization\",\"name\":\"Tandoor Vietnam\",\"url\":\"https:\\\/\\\/tandoorvietnam.com\\\/vi\\\/\",\"logo\":{\"@type\":\"ImageObject\",\"inLanguage\":\"vi-VN\",\"@id\":\"https:\\\/\\\/tandoorvietnam.com\\\/vi\\\/#\\\/schema\\\/logo\\\/image\\\/\",\"url\":\"https:\\\/\\\/tandoorvietnam.com\\\/wp-content\\\/uploads\\\/2020\\\/07\\\/logo.png\",\"contentUrl\":\"https:\\\/\\\/tandoorvietnam.com\\\/wp-content\\\/uploads\\\/2020\\\/07\\\/logo.png\",\"width\":133,\"height\":75,\"caption\":\"Tandoor Vietnam\"},\"image\":{\"@id\":\"https:\\\/\\\/tandoorvietnam.com\\\/vi\\\/#\\\/schema\\\/logo\\\/image\\\/\"},\"sameAs\":[\"https:\\\/\\\/www.facebook.com\\\/tandoor.hcmc\\\/\"]}]}<\/script>\n<!-- \/ Yoast SEO Premium plugin. -->","yoast_head_json":{"title":"Plain Raita - Curds (S\u1eeeA CHUA NGUY\u00caN CH\u1ea4T)","description":"S\u1eefa chua nguy\u00ean ch\u1ea5t t\u01b0\u01a1i m\u00e1t v\u00e0 th\u01a1m ngon t\u1ea1i Tandoor Vietnam. T\u1eadn h\u01b0\u1edfng h\u01b0\u01a1ng v\u1ecb t\u1ef1 nhi\u00ean v\u00e0 l\u1ee3i \u00edch dinh d\u01b0\u1ee1ng c\u1ee7a s\u1eefa chua ch\u1ea5t l\u01b0\u1ee3ng cao.","robots":{"index":"index","follow":"follow","max-snippet":"max-snippet:-1","max-image-preview":"max-image-preview:large","max-video-preview":"max-video-preview:-1"},"canonical":"https:\/\/tandoorvietnam.com\/vi\/sanpham\/cac-mon-phu-sua-chua-raita\/sua-chua-nguyen-chat\/","og_locale":"vi_VN","og_type":"article","og_title":"Plain Raita - Curds (S\u1eeeA CHUA NGUY\u00caN CH\u1ea4T)","og_description":"S\u1eefa chua nguy\u00ean ch\u1ea5t t\u01b0\u01a1i m\u00e1t v\u00e0 th\u01a1m ngon t\u1ea1i Tandoor Vietnam. T\u1eadn h\u01b0\u1edfng h\u01b0\u01a1ng v\u1ecb t\u1ef1 nhi\u00ean v\u00e0 l\u1ee3i \u00edch dinh d\u01b0\u1ee1ng c\u1ee7a s\u1eefa chua ch\u1ea5t l\u01b0\u1ee3ng cao.","og_url":"https:\/\/tandoorvietnam.com\/vi\/sanpham\/cac-mon-phu-sua-chua-raita\/sua-chua-nguyen-chat\/","og_site_name":"Tandoor Vi\u1ec7t Nam","article_publisher":"https:\/\/www.facebook.com\/tandoor.hcmc\/","article_modified_time":"2023-05-17T06:08:05+00:00","og_image":[{"width":1400,"height":1400,"url":"https:\/\/tandoorvietnam.com\/wp-content\/uploads\/2020\/06\/Plain-curds.jpg","type":"image\/jpeg"}],"twitter_card":"summary_large_image","twitter_misc":{"Est. reading time":"2 minutes"},"schema":{"@context":"https:\/\/schema.org","@graph":[{"@type":"WebPage","@id":"https:\/\/tandoorvietnam.com\/vi\/sanpham\/cac-mon-phu-sua-chua-raita\/sua-chua-nguyen-chat\/","url":"https:\/\/tandoorvietnam.com\/vi\/sanpham\/cac-mon-phu-sua-chua-raita\/sua-chua-nguyen-chat\/","name":"Plain Raita - Curds (S\u1eeeA CHUA NGUY\u00caN CH\u1ea4T)","isPartOf":{"@id":"https:\/\/tandoorvietnam.com\/vi\/#website"},"primaryImageOfPage":{"@id":"https:\/\/tandoorvietnam.com\/vi\/sanpham\/cac-mon-phu-sua-chua-raita\/sua-chua-nguyen-chat\/#primaryimage"},"image":{"@id":"https:\/\/tandoorvietnam.com\/vi\/sanpham\/cac-mon-phu-sua-chua-raita\/sua-chua-nguyen-chat\/#primaryimage"},"thumbnailUrl":"https:\/\/tandoorvietnam.com\/wp-content\/uploads\/2020\/06\/Plain-curds.jpg","datePublished":"2021-04-11T12:15:59+00:00","dateModified":"2023-05-17T06:08:05+00:00","description":"S\u1eefa chua nguy\u00ean ch\u1ea5t t\u01b0\u01a1i m\u00e1t v\u00e0 th\u01a1m ngon t\u1ea1i Tandoor Vietnam. T\u1eadn h\u01b0\u1edfng h\u01b0\u01a1ng v\u1ecb t\u1ef1 nhi\u00ean v\u00e0 l\u1ee3i \u00edch dinh d\u01b0\u1ee1ng c\u1ee7a s\u1eefa chua ch\u1ea5t l\u01b0\u1ee3ng cao.","breadcrumb":{"@id":"https:\/\/tandoorvietnam.com\/vi\/sanpham\/cac-mon-phu-sua-chua-raita\/sua-chua-nguyen-chat\/#breadcrumb"},"inLanguage":"vi-VN","potentialAction":[{"@type":"ReadAction","target":["https:\/\/tandoorvietnam.com\/vi\/sanpham\/cac-mon-phu-sua-chua-raita\/sua-chua-nguyen-chat\/"]}]},{"@type":"ImageObject","inLanguage":"vi-VN","@id":"https:\/\/tandoorvietnam.com\/vi\/sanpham\/cac-mon-phu-sua-chua-raita\/sua-chua-nguyen-chat\/#primaryimage","url":"https:\/\/tandoorvietnam.com\/wp-content\/uploads\/2020\/06\/Plain-curds.jpg","contentUrl":"https:\/\/tandoorvietnam.com\/wp-content\/uploads\/2020\/06\/Plain-curds.jpg","width":1400,"height":1400,"caption":"S\u1eeeA CHUA NGUY\u00caN CH\u1ea4T"},{"@type":"BreadcrumbList","@id":"https:\/\/tandoorvietnam.com\/vi\/sanpham\/cac-mon-phu-sua-chua-raita\/sua-chua-nguyen-chat\/#breadcrumb","itemListElement":[{"@type":"ListItem","position":1,"name":"Trang Ch\u1ee7","item":"https:\/\/tandoorvietnam.com\/vi\/"},{"@type":"ListItem","position":2,"name":"Shop","item":"https:\/\/tandoorvietnam.com\/shop\/"},{"@type":"ListItem","position":3,"name":"Plain Raita &#8211; Curds (S\u1eeeA CHUA NGUY\u00caN CH\u1ea4T)"}]},{"@type":"WebSite","@id":"https:\/\/tandoorvietnam.com\/vi\/#website","url":"https:\/\/tandoorvietnam.com\/vi\/","name":"Tandoor Vietnam","description":"Nh\u00e0 h\u00e0ng ngon h\u1ed3 ch\u00ed minh","publisher":{"@id":"https:\/\/tandoorvietnam.com\/vi\/#organization"},"potentialAction":[{"@type":"SearchAction","target":{"@type":"EntryPoint","urlTemplate":"https:\/\/tandoorvietnam.com\/vi\/?s={search_term_string}"},"query-input":{"@type":"PropertyValueSpecification","valueRequired":true,"valueName":"search_term_string"}}],"inLanguage":"vi-VN"},{"@type":"Organization","@id":"https:\/\/tandoorvietnam.com\/vi\/#organization","name":"Tandoor Vietnam","url":"https:\/\/tandoorvietnam.com\/vi\/","logo":{"@type":"ImageObject","inLanguage":"vi-VN","@id":"https:\/\/tandoorvietnam.com\/vi\/#\/schema\/logo\/image\/","url":"https:\/\/tandoorvietnam.com\/wp-content\/uploads\/2020\/07\/logo.png","contentUrl":"https:\/\/tandoorvietnam.com\/wp-content\/uploads\/2020\/07\/logo.png","width":133,"height":75,"caption":"Tandoor Vietnam"},"image":{"@id":"https:\/\/tandoorvietnam.com\/vi\/#\/schema\/logo\/image\/"},"sameAs":["https:\/\/www.facebook.com\/tandoor.hcmc\/"]}]}},"_links":{"self":[{"href":"https:\/\/tandoorvietnam.com\/vi\/wp-json\/wp\/v2\/product\/2969","targetHints":{"allow":["GET"]}}],"collection":[{"href":"https:\/\/tandoorvietnam.com\/vi\/wp-json\/wp\/v2\/product"}],"about":[{"href":"https:\/\/tandoorvietnam.com\/vi\/wp-json\/wp\/v2\/types\/product"}],"wp:featuredmedia":[{"embeddable":true,"href":"https:\/\/tandoorvietnam.com\/vi\/wp-json\/wp\/v2\/media\/2970"}],"wp:attachment":[{"href":"https:\/\/tandoorvietnam.com\/vi\/wp-json\/wp\/v2\/media?parent=2969"}],"wp:term":[{"taxonomy":"product_brand","embeddable":true,"href":"https:\/\/tandoorvietnam.com\/vi\/wp-json\/wp\/v2\/product_brand?post=2969"},{"taxonomy":"product_cat","embeddable":true,"href":"https:\/\/tandoorvietnam.com\/vi\/wp-json\/wp\/v2\/product_cat?post=2969"},{"taxonomy":"product_tag","embeddable":true,"href":"https:\/\/tandoorvietnam.com\/vi\/wp-json\/wp\/v2\/product_tag?post=2969"}],"curies":[{"name":"wp","href":"https:\/\/api.w.org\/{rel}","templated":true}]}}