{"id":2973,"date":"2020-06-26T11:44:18","date_gmt":"2020-06-26T11:44:18","guid":{"rendered":"http:\/\/tandoorvietnam.com\/product\/uncategorized\/dua-leo-sua-chua\/"},"modified":"2025-12-26T18:42:47","modified_gmt":"2025-12-26T11:42:47","slug":"dua-leo-sua-chua","status":"publish","type":"product","link":"https:\/\/tandoorvietnam.com\/vi\/sanpham\/cac-mon-phu-sua-chua-raita\/dua-leo-sua-chua\/","title":{"rendered":"Cucumber Raita (D\u01afA LEO PH\u1ee6 S\u1eeeA CHUA)"},"content":{"rendered":"<p>D\u01b0a leo l\u00e0 m\u1ed9t lo\u1ea1i rau quen thu\u1ed9c trong b\u1eefa \u0103n h\u00e0ng ng\u00e0y c\u1ee7a nhi\u1ec1u ng\u01b0\u1eddi, \u0111\u1eb7c bi\u1ec7t l\u00e0 trong m\u00f9a h\u00e8. T\u1ea1i Tandoor Vietnam, ch\u00fang t\u00f4i \u0111\u00e3 t\u1ea1o ra m\u1ed9t m\u00f3n \u0103n ph\u1ee5 tr\u1ee3 tuy\u1ec7t v\u1eddi v\u1edbi d\u01b0a leo v\u00e0 s\u1eefa chua mang t\u00ean Raita.<\/p>\n<p>M\u00f3n Cucumber Raita t\u1ea1i Tandoor Vietnam l\u00e0 s\u1ef1 k\u1ebft h\u1ee3p tinh t\u1ebf gi\u1eefa d\u01b0a leo t\u01b0\u01a1i gi\u00f2n v\u00e0 s\u1eefa chua m\u00e1t l\u1ea1nh, k\u1ebft h\u1ee3p v\u1edbi m\u1ed9t s\u1ed1 gia v\u1ecb \u0111\u1eb7c tr\u01b0ng c\u1ee7a \u1ea8n \u0110\u1ed9 nh\u01b0 mu\u1ed1i, h\u1ea1t cumin, b\u1ed9t \u1edbt v\u00e0 rau th\u01a1m. M\u00f3n \u0103n n\u00e0y kh\u00f4ng ch\u1ec9 c\u00f3 v\u1ecb chua ng\u1ecdt thanh m\u00e1t, m\u00e0 c\u00f2n c\u00f3 t\u00ednh gi\u1ea3i nhi\u1ec7t tuy\u1ec7t v\u1eddi trong nh\u1eefng ng\u00e0y h\u00e8 oi b\u1ee9c.<\/p>\n<p>Cucumber Raita th\u01b0\u1eddng \u0111\u01b0\u1ee3c s\u1eed d\u1ee5ng l\u00e0m m\u00f3n ph\u1ee5 tr\u1ee3 trong b\u1eefa \u0103n \u1ea4n \u0110\u1ed9. V\u1edbi h\u01b0\u01a1ng v\u1ecb \u0111\u1ed9c \u0111\u00e1o v\u00e0 \u0111\u1ed9 gi\u00f2n c\u1ee7a d\u01b0a leo c\u00f9ng s\u1ef1 k\u1ebft h\u1ee3p h\u00e0i h\u00f2a c\u1ee7a s\u1eefa chua v\u00e0 gia v\u1ecb, Raita l\u00e0 m\u00f3n ph\u1ee5 tr\u1ee3 tuy\u1ec7t v\u1eddi cho b\u1ea5t k\u1ef3 m\u00f3n \u0103n \u1ea4n \u0110\u1ed9 n\u00e0o, \u0111\u1eb7c bi\u1ec7t l\u00e0 c\u00e1c m\u00f3n n\u01b0\u1edbc ch\u1ea5m nh\u01b0 Biryani hay c\u00e1c m\u00f3n c\u01a1m tr\u1ed9n.<\/p>\n<p>T\u1ea1i Tandoor Vietnam, ch\u00fang t\u00f4i cam k\u1ebft s\u1eed d\u1ee5ng c\u00e1c nguy\u00ean li\u1ec7u t\u01b0\u01a1i ngon nh\u1ea5t \u0111\u1ec3 \u0111\u1ea3m b\u1ea3o cho kh\u00e1ch h\u00e0ng c\u1ee7a ch\u00fang t\u00f4i \u0111\u01b0\u1ee3c th\u01b0\u1edfng th\u1ee9c m\u00f3n \u0103n ngon nh\u1ea5t v\u00e0 an to\u00e0n nh\u1ea5t. \u0110\u1ebfn v\u1edbi <a href=\"https:\/\/tandoorvietnam.com\/vi\/\">Tandoor Vietnam<\/a> v\u00e0 th\u1eed ngay m\u00f3n Cucumber Raita th\u01a1m ngon, m\u00e1t l\u1ea1nh t\u1ea1i nh\u00e0 h\u00e0ng c\u1ee7a ch\u00fang t\u00f4i.<\/p>\n","protected":false},"excerpt":{"rendered":"<table width=\"723\">\n<tbody>\n<tr>\n<td width=\"412\">D\u01b0a chu\u1ed9t v\u1edbi s\u1eefa chua<\/td>\n<\/tr>\n<tr>\n<td width=\"412\"><em>D\u01b0a leo h\u1ea1t ph\u1ee7 s\u1eefa chua<\/em><\/td>\n<\/tr>\n<\/tbody>\n<\/table>\n","protected":false},"featured_media":2974,"template":"","meta":[],"product_brand":[],"product_cat":[215],"product_tag":[],"class_list":{"0":"post-2973","1":"product","2":"type-product","3":"status-publish","4":"has-post-thumbnail","6":"product_cat-cac-mon-phu-sua-chua-raita","8":"first","9":"instock","10":"purchasable","11":"product-type-simple"},"yoast_head":"<!-- This site is optimized with the Yoast SEO Premium plugin v22.3 (Yoast SEO v27.4) - https:\/\/yoast.com\/product\/yoast-seo-premium-wordpress\/ -->\n<title>Cucumber Raita (D\u01afA LEO PH\u1ee6 S\u1eeeA CHUA) - Tandoor Vi\u1ec7t Nam<\/title>\n<meta name=\"description\" content=\"D\u01b0a leo t\u01b0\u01a1i gi\u00f2n, k\u1ebft h\u1ee3p v\u1edbi s\u1eefa chua m\u00e1t l\u1ea1nh v\u00e0 gia v\u1ecb \u0111\u1eb7c tr\u01b0ng c\u1ee7a Raita l\u00e0 m\u00f3n ph\u1ee5 tr\u1ee3 tuy\u1ec7t v\u1eddi cho m\u1ecdi m\u00f3n \u0103n \u1ea4n \u0110\u1ed9. Th\u1eed ngay t\u1ea1i Tandoor Vietnam!\" \/>\n<meta name=\"robots\" content=\"index, follow, max-snippet:-1, max-image-preview:large, max-video-preview:-1\" \/>\n<link rel=\"canonical\" href=\"https:\/\/tandoorvietnam.com\/vi\/sanpham\/cac-mon-phu-sua-chua-raita\/dua-leo-sua-chua\/\" \/>\n<meta property=\"og:locale\" content=\"vi_VN\" \/>\n<meta property=\"og:type\" content=\"article\" \/>\n<meta property=\"og:title\" content=\"Cucumber Raita (D\u01afA LEO PH\u1ee6 S\u1eeeA CHUA)\" \/>\n<meta property=\"og:description\" content=\"D\u01b0a leo t\u01b0\u01a1i gi\u00f2n, k\u1ebft h\u1ee3p v\u1edbi s\u1eefa chua m\u00e1t l\u1ea1nh v\u00e0 gia v\u1ecb \u0111\u1eb7c tr\u01b0ng c\u1ee7a Raita l\u00e0 m\u00f3n ph\u1ee5 tr\u1ee3 tuy\u1ec7t v\u1eddi cho m\u1ecdi m\u00f3n \u0103n \u1ea4n \u0110\u1ed9. Th\u1eed ngay t\u1ea1i Tandoor Vietnam!\" \/>\n<meta property=\"og:url\" content=\"https:\/\/tandoorvietnam.com\/vi\/sanpham\/cac-mon-phu-sua-chua-raita\/dua-leo-sua-chua\/\" \/>\n<meta property=\"og:site_name\" content=\"Tandoor Vi\u1ec7t Nam\" \/>\n<meta property=\"article:publisher\" content=\"https:\/\/www.facebook.com\/tandoor.hcmc\/\" \/>\n<meta property=\"article:modified_time\" content=\"2025-12-26T11:42:47+00:00\" \/>\n<meta property=\"og:image\" content=\"https:\/\/tandoorvietnam.com\/wp-content\/uploads\/2020\/06\/Cucumber-raita.jpg\" \/>\n\t<meta property=\"og:image:width\" content=\"800\" \/>\n\t<meta property=\"og:image:height\" content=\"800\" \/>\n\t<meta property=\"og:image:type\" content=\"image\/jpeg\" \/>\n<meta name=\"twitter:card\" content=\"summary_large_image\" \/>\n<meta name=\"twitter:label1\" content=\"Est. reading time\" \/>\n\t<meta name=\"twitter:data1\" content=\"2 minutes\" \/>\n<script type=\"application\/ld+json\" class=\"yoast-schema-graph\">{\"@context\":\"https:\\\/\\\/schema.org\",\"@graph\":[{\"@type\":\"WebPage\",\"@id\":\"https:\\\/\\\/tandoorvietnam.com\\\/vi\\\/sanpham\\\/cac-mon-phu-sua-chua-raita\\\/dua-leo-sua-chua\\\/\",\"url\":\"https:\\\/\\\/tandoorvietnam.com\\\/vi\\\/sanpham\\\/cac-mon-phu-sua-chua-raita\\\/dua-leo-sua-chua\\\/\",\"name\":\"Cucumber Raita (D\u01afA LEO PH\u1ee6 S\u1eeeA CHUA) - Tandoor Vi\u1ec7t Nam\",\"isPartOf\":{\"@id\":\"https:\\\/\\\/tandoorvietnam.com\\\/vi\\\/#website\"},\"primaryImageOfPage\":{\"@id\":\"https:\\\/\\\/tandoorvietnam.com\\\/vi\\\/sanpham\\\/cac-mon-phu-sua-chua-raita\\\/dua-leo-sua-chua\\\/#primaryimage\"},\"image\":{\"@id\":\"https:\\\/\\\/tandoorvietnam.com\\\/vi\\\/sanpham\\\/cac-mon-phu-sua-chua-raita\\\/dua-leo-sua-chua\\\/#primaryimage\"},\"thumbnailUrl\":\"https:\\\/\\\/tandoorvietnam.com\\\/wp-content\\\/uploads\\\/2020\\\/06\\\/Cucumber-raita.jpg\",\"datePublished\":\"2020-06-26T11:44:18+00:00\",\"dateModified\":\"2025-12-26T11:42:47+00:00\",\"description\":\"D\u01b0a leo t\u01b0\u01a1i gi\u00f2n, k\u1ebft h\u1ee3p v\u1edbi s\u1eefa chua m\u00e1t l\u1ea1nh v\u00e0 gia v\u1ecb \u0111\u1eb7c tr\u01b0ng c\u1ee7a Raita l\u00e0 m\u00f3n ph\u1ee5 tr\u1ee3 tuy\u1ec7t v\u1eddi cho m\u1ecdi m\u00f3n \u0103n \u1ea4n \u0110\u1ed9. Th\u1eed ngay t\u1ea1i Tandoor Vietnam!\",\"breadcrumb\":{\"@id\":\"https:\\\/\\\/tandoorvietnam.com\\\/vi\\\/sanpham\\\/cac-mon-phu-sua-chua-raita\\\/dua-leo-sua-chua\\\/#breadcrumb\"},\"inLanguage\":\"vi-VN\",\"potentialAction\":[{\"@type\":\"ReadAction\",\"target\":[\"https:\\\/\\\/tandoorvietnam.com\\\/vi\\\/sanpham\\\/cac-mon-phu-sua-chua-raita\\\/dua-leo-sua-chua\\\/\"]}]},{\"@type\":\"ImageObject\",\"inLanguage\":\"vi-VN\",\"@id\":\"https:\\\/\\\/tandoorvietnam.com\\\/vi\\\/sanpham\\\/cac-mon-phu-sua-chua-raita\\\/dua-leo-sua-chua\\\/#primaryimage\",\"url\":\"https:\\\/\\\/tandoorvietnam.com\\\/wp-content\\\/uploads\\\/2020\\\/06\\\/Cucumber-raita.jpg\",\"contentUrl\":\"https:\\\/\\\/tandoorvietnam.com\\\/wp-content\\\/uploads\\\/2020\\\/06\\\/Cucumber-raita.jpg\",\"width\":800,\"height\":800,\"caption\":\"D\u01afA LEO PH\u1ee6 S\u1eeeA CHUA\"},{\"@type\":\"BreadcrumbList\",\"@id\":\"https:\\\/\\\/tandoorvietnam.com\\\/vi\\\/sanpham\\\/cac-mon-phu-sua-chua-raita\\\/dua-leo-sua-chua\\\/#breadcrumb\",\"itemListElement\":[{\"@type\":\"ListItem\",\"position\":1,\"name\":\"Trang Ch\u1ee7\",\"item\":\"https:\\\/\\\/tandoorvietnam.com\\\/vi\\\/\"},{\"@type\":\"ListItem\",\"position\":2,\"name\":\"Shop\",\"item\":\"https:\\\/\\\/tandoorvietnam.com\\\/shop\\\/\"},{\"@type\":\"ListItem\",\"position\":3,\"name\":\"Cucumber Raita (D\u01afA LEO PH\u1ee6 S\u1eeeA CHUA)\"}]},{\"@type\":\"WebSite\",\"@id\":\"https:\\\/\\\/tandoorvietnam.com\\\/vi\\\/#website\",\"url\":\"https:\\\/\\\/tandoorvietnam.com\\\/vi\\\/\",\"name\":\"Tandoor Vietnam\",\"description\":\"Nh\u00e0 h\u00e0ng ngon h\u1ed3 ch\u00ed minh\",\"publisher\":{\"@id\":\"https:\\\/\\\/tandoorvietnam.com\\\/vi\\\/#organization\"},\"potentialAction\":[{\"@type\":\"SearchAction\",\"target\":{\"@type\":\"EntryPoint\",\"urlTemplate\":\"https:\\\/\\\/tandoorvietnam.com\\\/vi\\\/?s={search_term_string}\"},\"query-input\":{\"@type\":\"PropertyValueSpecification\",\"valueRequired\":true,\"valueName\":\"search_term_string\"}}],\"inLanguage\":\"vi-VN\"},{\"@type\":\"Organization\",\"@id\":\"https:\\\/\\\/tandoorvietnam.com\\\/vi\\\/#organization\",\"name\":\"Tandoor Vietnam\",\"url\":\"https:\\\/\\\/tandoorvietnam.com\\\/vi\\\/\",\"logo\":{\"@type\":\"ImageObject\",\"inLanguage\":\"vi-VN\",\"@id\":\"https:\\\/\\\/tandoorvietnam.com\\\/vi\\\/#\\\/schema\\\/logo\\\/image\\\/\",\"url\":\"https:\\\/\\\/tandoorvietnam.com\\\/wp-content\\\/uploads\\\/2020\\\/07\\\/logo.png\",\"contentUrl\":\"https:\\\/\\\/tandoorvietnam.com\\\/wp-content\\\/uploads\\\/2020\\\/07\\\/logo.png\",\"width\":133,\"height\":75,\"caption\":\"Tandoor Vietnam\"},\"image\":{\"@id\":\"https:\\\/\\\/tandoorvietnam.com\\\/vi\\\/#\\\/schema\\\/logo\\\/image\\\/\"},\"sameAs\":[\"https:\\\/\\\/www.facebook.com\\\/tandoor.hcmc\\\/\"]}]}<\/script>\n<!-- \/ Yoast SEO Premium plugin. -->","yoast_head_json":{"title":"Cucumber Raita (D\u01afA LEO PH\u1ee6 S\u1eeeA CHUA) - Tandoor Vi\u1ec7t Nam","description":"D\u01b0a leo t\u01b0\u01a1i gi\u00f2n, k\u1ebft h\u1ee3p v\u1edbi s\u1eefa chua m\u00e1t l\u1ea1nh v\u00e0 gia v\u1ecb \u0111\u1eb7c tr\u01b0ng c\u1ee7a Raita l\u00e0 m\u00f3n ph\u1ee5 tr\u1ee3 tuy\u1ec7t v\u1eddi cho m\u1ecdi m\u00f3n \u0103n \u1ea4n \u0110\u1ed9. Th\u1eed ngay t\u1ea1i Tandoor Vietnam!","robots":{"index":"index","follow":"follow","max-snippet":"max-snippet:-1","max-image-preview":"max-image-preview:large","max-video-preview":"max-video-preview:-1"},"canonical":"https:\/\/tandoorvietnam.com\/vi\/sanpham\/cac-mon-phu-sua-chua-raita\/dua-leo-sua-chua\/","og_locale":"vi_VN","og_type":"article","og_title":"Cucumber Raita (D\u01afA LEO PH\u1ee6 S\u1eeeA CHUA)","og_description":"D\u01b0a leo t\u01b0\u01a1i gi\u00f2n, k\u1ebft h\u1ee3p v\u1edbi s\u1eefa chua m\u00e1t l\u1ea1nh v\u00e0 gia v\u1ecb \u0111\u1eb7c tr\u01b0ng c\u1ee7a Raita l\u00e0 m\u00f3n ph\u1ee5 tr\u1ee3 tuy\u1ec7t v\u1eddi cho m\u1ecdi m\u00f3n \u0103n \u1ea4n \u0110\u1ed9. Th\u1eed ngay t\u1ea1i Tandoor Vietnam!","og_url":"https:\/\/tandoorvietnam.com\/vi\/sanpham\/cac-mon-phu-sua-chua-raita\/dua-leo-sua-chua\/","og_site_name":"Tandoor Vi\u1ec7t Nam","article_publisher":"https:\/\/www.facebook.com\/tandoor.hcmc\/","article_modified_time":"2025-12-26T11:42:47+00:00","og_image":[{"width":800,"height":800,"url":"https:\/\/tandoorvietnam.com\/wp-content\/uploads\/2020\/06\/Cucumber-raita.jpg","type":"image\/jpeg"}],"twitter_card":"summary_large_image","twitter_misc":{"Est. reading time":"2 minutes"},"schema":{"@context":"https:\/\/schema.org","@graph":[{"@type":"WebPage","@id":"https:\/\/tandoorvietnam.com\/vi\/sanpham\/cac-mon-phu-sua-chua-raita\/dua-leo-sua-chua\/","url":"https:\/\/tandoorvietnam.com\/vi\/sanpham\/cac-mon-phu-sua-chua-raita\/dua-leo-sua-chua\/","name":"Cucumber Raita (D\u01afA LEO PH\u1ee6 S\u1eeeA CHUA) - Tandoor Vi\u1ec7t Nam","isPartOf":{"@id":"https:\/\/tandoorvietnam.com\/vi\/#website"},"primaryImageOfPage":{"@id":"https:\/\/tandoorvietnam.com\/vi\/sanpham\/cac-mon-phu-sua-chua-raita\/dua-leo-sua-chua\/#primaryimage"},"image":{"@id":"https:\/\/tandoorvietnam.com\/vi\/sanpham\/cac-mon-phu-sua-chua-raita\/dua-leo-sua-chua\/#primaryimage"},"thumbnailUrl":"https:\/\/tandoorvietnam.com\/wp-content\/uploads\/2020\/06\/Cucumber-raita.jpg","datePublished":"2020-06-26T11:44:18+00:00","dateModified":"2025-12-26T11:42:47+00:00","description":"D\u01b0a leo t\u01b0\u01a1i gi\u00f2n, k\u1ebft h\u1ee3p v\u1edbi s\u1eefa chua m\u00e1t l\u1ea1nh v\u00e0 gia v\u1ecb \u0111\u1eb7c tr\u01b0ng c\u1ee7a Raita l\u00e0 m\u00f3n ph\u1ee5 tr\u1ee3 tuy\u1ec7t v\u1eddi cho m\u1ecdi m\u00f3n \u0103n \u1ea4n \u0110\u1ed9. Th\u1eed ngay t\u1ea1i Tandoor Vietnam!","breadcrumb":{"@id":"https:\/\/tandoorvietnam.com\/vi\/sanpham\/cac-mon-phu-sua-chua-raita\/dua-leo-sua-chua\/#breadcrumb"},"inLanguage":"vi-VN","potentialAction":[{"@type":"ReadAction","target":["https:\/\/tandoorvietnam.com\/vi\/sanpham\/cac-mon-phu-sua-chua-raita\/dua-leo-sua-chua\/"]}]},{"@type":"ImageObject","inLanguage":"vi-VN","@id":"https:\/\/tandoorvietnam.com\/vi\/sanpham\/cac-mon-phu-sua-chua-raita\/dua-leo-sua-chua\/#primaryimage","url":"https:\/\/tandoorvietnam.com\/wp-content\/uploads\/2020\/06\/Cucumber-raita.jpg","contentUrl":"https:\/\/tandoorvietnam.com\/wp-content\/uploads\/2020\/06\/Cucumber-raita.jpg","width":800,"height":800,"caption":"D\u01afA LEO PH\u1ee6 S\u1eeeA CHUA"},{"@type":"BreadcrumbList","@id":"https:\/\/tandoorvietnam.com\/vi\/sanpham\/cac-mon-phu-sua-chua-raita\/dua-leo-sua-chua\/#breadcrumb","itemListElement":[{"@type":"ListItem","position":1,"name":"Trang Ch\u1ee7","item":"https:\/\/tandoorvietnam.com\/vi\/"},{"@type":"ListItem","position":2,"name":"Shop","item":"https:\/\/tandoorvietnam.com\/shop\/"},{"@type":"ListItem","position":3,"name":"Cucumber Raita (D\u01afA LEO PH\u1ee6 S\u1eeeA CHUA)"}]},{"@type":"WebSite","@id":"https:\/\/tandoorvietnam.com\/vi\/#website","url":"https:\/\/tandoorvietnam.com\/vi\/","name":"Tandoor Vietnam","description":"Nh\u00e0 h\u00e0ng ngon h\u1ed3 ch\u00ed minh","publisher":{"@id":"https:\/\/tandoorvietnam.com\/vi\/#organization"},"potentialAction":[{"@type":"SearchAction","target":{"@type":"EntryPoint","urlTemplate":"https:\/\/tandoorvietnam.com\/vi\/?s={search_term_string}"},"query-input":{"@type":"PropertyValueSpecification","valueRequired":true,"valueName":"search_term_string"}}],"inLanguage":"vi-VN"},{"@type":"Organization","@id":"https:\/\/tandoorvietnam.com\/vi\/#organization","name":"Tandoor Vietnam","url":"https:\/\/tandoorvietnam.com\/vi\/","logo":{"@type":"ImageObject","inLanguage":"vi-VN","@id":"https:\/\/tandoorvietnam.com\/vi\/#\/schema\/logo\/image\/","url":"https:\/\/tandoorvietnam.com\/wp-content\/uploads\/2020\/07\/logo.png","contentUrl":"https:\/\/tandoorvietnam.com\/wp-content\/uploads\/2020\/07\/logo.png","width":133,"height":75,"caption":"Tandoor Vietnam"},"image":{"@id":"https:\/\/tandoorvietnam.com\/vi\/#\/schema\/logo\/image\/"},"sameAs":["https:\/\/www.facebook.com\/tandoor.hcmc\/"]}]}},"_links":{"self":[{"href":"https:\/\/tandoorvietnam.com\/vi\/wp-json\/wp\/v2\/product\/2973","targetHints":{"allow":["GET"]}}],"collection":[{"href":"https:\/\/tandoorvietnam.com\/vi\/wp-json\/wp\/v2\/product"}],"about":[{"href":"https:\/\/tandoorvietnam.com\/vi\/wp-json\/wp\/v2\/types\/product"}],"wp:featuredmedia":[{"embeddable":true,"href":"https:\/\/tandoorvietnam.com\/vi\/wp-json\/wp\/v2\/media\/2974"}],"wp:attachment":[{"href":"https:\/\/tandoorvietnam.com\/vi\/wp-json\/wp\/v2\/media?parent=2973"}],"wp:term":[{"taxonomy":"product_brand","embeddable":true,"href":"https:\/\/tandoorvietnam.com\/vi\/wp-json\/wp\/v2\/product_brand?post=2973"},{"taxonomy":"product_cat","embeddable":true,"href":"https:\/\/tandoorvietnam.com\/vi\/wp-json\/wp\/v2\/product_cat?post=2973"},{"taxonomy":"product_tag","embeddable":true,"href":"https:\/\/tandoorvietnam.com\/vi\/wp-json\/wp\/v2\/product_tag?post=2973"}],"curies":[{"name":"wp","href":"https:\/\/api.w.org\/{rel}","templated":true}]}}