{"id":2977,"date":"2020-06-16T13:49:38","date_gmt":"2021-04-11T12:20:43","guid":{"rendered":"http:\/\/tandoorvietnam.com\/product\/uncategorized\/sup-ga-trung\/"},"modified":"2023-05-11T04:27:47","modified_gmt":"2023-05-11T04:27:47","slug":"sup-ga-trung","status":"publish","type":"product","link":"https:\/\/tandoorvietnam.com\/vi\/sanpham\/cac-mon-sup\/sup-ga-trung\/","title":{"rendered":"Chicken Soup (S\u00daP G\u00c0 TR\u1ee8NG)"},"content":{"rendered":"<p>S\u00fap g\u00e0 tr\u1ee9ng l\u00e0 m\u1ed9t m\u00f3n \u0103n ngon v\u00e0 b\u1ed5 d\u01b0\u1ee1ng, \u0111\u01b0\u1ee3c \u01b0a chu\u1ed9ng \u1edf nhi\u1ec1u qu\u1ed1c gia tr\u00ean th\u1ebf gi\u1edbi, v\u00e0 t\u1ea1i Tandoor Vietnam ch\u00fang t\u00f4i \u0111\u00e3 mang \u0111\u1ebfn cho kh\u00e1ch h\u00e0ng c\u1ee7a m\u00ecnh m\u1ed9t phi\u00ean b\u1ea3n \u0111\u1eb7c bi\u1ec7t c\u1ee7a m\u00f3n \u0103n n\u00e0y. V\u1edbi h\u01b0\u01a1ng v\u1ecb \u0111\u1eadm \u0111\u00e0 c\u1ee7a th\u1ecbt g\u00e0 t\u01b0\u01a1i, ch\u1eafc v\u00e0 tr\u1ee9ng m\u1ec1m, Chicken Soup\u00a0s\u1ebd l\u00e0 m\u00f3n \u0103n ho\u00e0n h\u1ea3o cho b\u1eefa \u0103n c\u1ee7a b\u1ea1n.<\/p>\n<p>Ch\u00fang t\u00f4i s\u1eed d\u1ee5ng nh\u1eefng nguy\u00ean li\u1ec7u t\u01b0\u01a1i ngon v\u00e0 ch\u1ea5t l\u01b0\u1ee3ng \u0111\u1ec3 t\u1ea1o n\u00ean s\u1ef1 k\u1ebft h\u1ee3p tuy\u1ec7t v\u1eddi n\u00e0y. Th\u1ecbt g\u00e0 t\u01b0\u01a1i \u0111\u01b0\u1ee3c s\u1eed d\u1ee5ng \u0111\u1ec3 n\u1ea5u s\u00fap, t\u1ea1o ra h\u01b0\u01a1ng v\u1ecb \u0111\u1eb7c tr\u01b0ng v\u00e0 \u0111\u1eadm \u0111\u00e0. Tr\u1ee9ng \u0111\u01b0\u1ee3c \u0111\u00e1nh tan v\u00e0 \u0111\u1ed5 v\u00e0o s\u00fap, t\u1ea1o ra s\u1ef1 k\u1ebft h\u1ee3p ho\u00e0n h\u1ea3o v\u1edbi th\u1ecbt g\u00e0. \u0110\u1ec3 t\u0103ng th\u00eam \u0111\u1ed9 th\u01a1m ngon v\u00e0 \u0111\u1ed9 b\u1ed5 d\u01b0\u1ee1ng, ch\u00fang t\u00f4i th\u00eam v\u00e0o m\u1ed9t s\u1ed1 lo\u1ea1i rau c\u1ee7 nh\u01b0 c\u00e0 r\u1ed1t, khoai t\u00e2y, c\u1ea3i b\u00f3 x\u00f4i v\u00e0 h\u00e0nh t\u00e2y.<\/p>\n<p>S\u00fap g\u00e0 tr\u1ee9ng \u0111\u01b0\u1ee3c n\u1ea5u ch\u00edn \u0111\u1ebfn \u0111\u1ed9 ho\u00e0n h\u1ea3o, \u0111\u1ea3m b\u1ea3o v\u1ecb gi\u00f2n c\u1ee7a rau c\u1ee7 v\u00e0 s\u1ef1 ch\u00edn m\u1ec1m c\u1ee7a th\u1ecbt g\u00e0. N\u00f3 \u0111\u01b0\u1ee3c ph\u1ee5c v\u1ee5 n\u00f3ng h\u1ed5i, v\u1edbi h\u01b0\u01a1ng v\u1ecb tuy\u1ec7t v\u1eddi v\u00e0 h\u1ea5p d\u1eabn. B\u00ean c\u1ea1nh \u0111\u00f3, s\u00fap g\u00e0 tr\u1ee9ng c\u00f2n r\u1ea5t gi\u00e0u dinh d\u01b0\u1ee1ng, cung c\u1ea5p cho b\u1ea1n m\u1ed9t l\u01b0\u1ee3ng protein v\u00e0 ch\u1ea5t b\u00e9o c\u1ea7n thi\u1ebft cho c\u01a1 th\u1ec3.<\/p>\n<p>V\u1edbi Chicken Soup c\u1ee7a <a href=\"https:\/\/tandoorvietnam.com\/\">Tandoor Vietnam<\/a>, b\u1ea1n s\u1ebd th\u01b0\u1edfng th\u1ee9c \u0111\u01b0\u1ee3c m\u1ed9t m\u00f3n \u0103n ngon v\u00e0 b\u1ed5 d\u01b0\u1ee1ng, v\u1edbi h\u01b0\u01a1ng v\u1ecb \u0111\u1eadm \u0111\u00e0 v\u00e0 c\u00e1c th\u00e0nh ph\u1ea7n ch\u1ea5t l\u01b0\u1ee3ng cao. B\u1ea1n c\u00f3 th\u1ec3 th\u01b0\u1edfng th\u1ee9c m\u00f3n \u0103n n\u00e0y trong b\u1eefa s\u00e1ng, b\u1eefa tr\u01b0a ho\u1eb7c b\u1eefa t\u1ed1i, ho\u1eb7c b\u1ea5t c\u1ee9 l\u00fac n\u00e0o b\u1ea1n c\u1ea7n m\u1ed9t m\u00f3n \u0103n ngon mi\u1ec7ng v\u00e0 b\u1ed5 d\u01b0\u1ee1ng.<\/p>\n","protected":false},"excerpt":{"rendered":"<p>Clear chicken soup an egg<\/p>\n<p>S\u00fap g\u00e0 v\u00e0 tr\u1ee9ng<\/p>\n","protected":false},"featured_media":2978,"template":"","meta":[],"product_brand":[],"product_cat":[217],"product_tag":[],"class_list":{"0":"post-2977","1":"product","2":"type-product","3":"status-publish","4":"has-post-thumbnail","6":"product_cat-cac-mon-sup","8":"first","9":"instock","10":"taxable","11":"shipping-taxable","12":"purchasable","13":"product-type-simple"},"yoast_head":"<!-- This site is optimized with the Yoast SEO Premium plugin v22.3 (Yoast SEO v27.6) - https:\/\/yoast.com\/product\/yoast-seo-premium-wordpress\/ -->\n<title>Chicken Soup (S\u00daP G\u00c0 TR\u1ee8NG) - Tandoor Vi\u1ec7t Nam<\/title>\n<meta name=\"description\" content=\"Th\u01b0\u1edfng th\u1ee9c s\u00fap g\u00e0 tr\u1ee9ng n\u00f3ng h\u1ed5i \u0111\u1ea7y dinh d\u01b0\u1ee1ng t\u1ea1i Tandoor Vietnam. M\u1ed9t s\u1ef1 k\u1ebft h\u1ee3p tuy\u1ec7t v\u1eddi c\u1ee7a th\u1ecbt g\u00e0 t\u01b0\u01a1i, tr\u1ee9ng v\u00e0 c\u00e1c lo\u1ea1i rau c\u1ee7.\" \/>\n<meta name=\"robots\" content=\"index, follow, max-snippet:-1, max-image-preview:large, max-video-preview:-1\" \/>\n<link rel=\"canonical\" href=\"https:\/\/tandoorvietnam.com\/vi\/sanpham\/cac-mon-sup\/sup-ga-trung\/\" \/>\n<meta property=\"og:locale\" content=\"vi_VN\" \/>\n<meta property=\"og:type\" content=\"article\" \/>\n<meta property=\"og:title\" content=\"Chicken Soup (S\u00daP G\u00c0 TR\u1ee8NG)\" \/>\n<meta property=\"og:description\" content=\"Th\u01b0\u1edfng th\u1ee9c s\u00fap g\u00e0 tr\u1ee9ng n\u00f3ng h\u1ed5i \u0111\u1ea7y dinh d\u01b0\u1ee1ng t\u1ea1i Tandoor Vietnam. M\u1ed9t s\u1ef1 k\u1ebft h\u1ee3p tuy\u1ec7t v\u1eddi c\u1ee7a th\u1ecbt g\u00e0 t\u01b0\u01a1i, tr\u1ee9ng v\u00e0 c\u00e1c lo\u1ea1i rau c\u1ee7.\" \/>\n<meta property=\"og:url\" content=\"https:\/\/tandoorvietnam.com\/vi\/sanpham\/cac-mon-sup\/sup-ga-trung\/\" \/>\n<meta property=\"og:site_name\" content=\"Tandoor Vi\u1ec7t Nam\" \/>\n<meta property=\"article:publisher\" content=\"https:\/\/www.facebook.com\/tandoor.hcmc\/\" \/>\n<meta property=\"article:modified_time\" content=\"2023-05-11T04:27:47+00:00\" \/>\n<meta property=\"og:image\" content=\"https:\/\/tandoorvietnam.com\/wp-content\/uploads\/2020\/06\/Chicken-soup.jpg\" \/>\n\t<meta property=\"og:image:width\" content=\"1400\" \/>\n\t<meta property=\"og:image:height\" content=\"1400\" \/>\n\t<meta property=\"og:image:type\" content=\"image\/jpeg\" \/>\n<meta name=\"twitter:card\" content=\"summary_large_image\" \/>\n<meta name=\"twitter:label1\" content=\"Est. reading time\" \/>\n\t<meta name=\"twitter:data1\" content=\"2 minutes\" \/>\n<script type=\"application\/ld+json\" class=\"yoast-schema-graph\">{\"@context\":\"https:\\\/\\\/schema.org\",\"@graph\":[{\"@type\":\"WebPage\",\"@id\":\"https:\\\/\\\/tandoorvietnam.com\\\/vi\\\/sanpham\\\/cac-mon-sup\\\/sup-ga-trung\\\/\",\"url\":\"https:\\\/\\\/tandoorvietnam.com\\\/vi\\\/sanpham\\\/cac-mon-sup\\\/sup-ga-trung\\\/\",\"name\":\"Chicken Soup (S\u00daP G\u00c0 TR\u1ee8NG) - Tandoor Vi\u1ec7t Nam\",\"isPartOf\":{\"@id\":\"https:\\\/\\\/tandoorvietnam.com\\\/vi\\\/#website\"},\"primaryImageOfPage\":{\"@id\":\"https:\\\/\\\/tandoorvietnam.com\\\/vi\\\/sanpham\\\/cac-mon-sup\\\/sup-ga-trung\\\/#primaryimage\"},\"image\":{\"@id\":\"https:\\\/\\\/tandoorvietnam.com\\\/vi\\\/sanpham\\\/cac-mon-sup\\\/sup-ga-trung\\\/#primaryimage\"},\"thumbnailUrl\":\"https:\\\/\\\/tandoorvietnam.com\\\/wp-content\\\/uploads\\\/2020\\\/06\\\/Chicken-soup.jpg\",\"datePublished\":\"2021-04-11T12:20:43+00:00\",\"dateModified\":\"2023-05-11T04:27:47+00:00\",\"description\":\"Th\u01b0\u1edfng th\u1ee9c s\u00fap g\u00e0 tr\u1ee9ng n\u00f3ng h\u1ed5i \u0111\u1ea7y dinh d\u01b0\u1ee1ng t\u1ea1i Tandoor Vietnam. M\u1ed9t s\u1ef1 k\u1ebft h\u1ee3p tuy\u1ec7t v\u1eddi c\u1ee7a th\u1ecbt g\u00e0 t\u01b0\u01a1i, tr\u1ee9ng v\u00e0 c\u00e1c lo\u1ea1i rau c\u1ee7.\",\"breadcrumb\":{\"@id\":\"https:\\\/\\\/tandoorvietnam.com\\\/vi\\\/sanpham\\\/cac-mon-sup\\\/sup-ga-trung\\\/#breadcrumb\"},\"inLanguage\":\"vi-VN\",\"potentialAction\":[{\"@type\":\"ReadAction\",\"target\":[\"https:\\\/\\\/tandoorvietnam.com\\\/vi\\\/sanpham\\\/cac-mon-sup\\\/sup-ga-trung\\\/\"]}]},{\"@type\":\"ImageObject\",\"inLanguage\":\"vi-VN\",\"@id\":\"https:\\\/\\\/tandoorvietnam.com\\\/vi\\\/sanpham\\\/cac-mon-sup\\\/sup-ga-trung\\\/#primaryimage\",\"url\":\"https:\\\/\\\/tandoorvietnam.com\\\/wp-content\\\/uploads\\\/2020\\\/06\\\/Chicken-soup.jpg\",\"contentUrl\":\"https:\\\/\\\/tandoorvietnam.com\\\/wp-content\\\/uploads\\\/2020\\\/06\\\/Chicken-soup.jpg\",\"width\":1400,\"height\":1400,\"caption\":\"S\u00daP G\u00c0 TR\u1ee8NG\"},{\"@type\":\"BreadcrumbList\",\"@id\":\"https:\\\/\\\/tandoorvietnam.com\\\/vi\\\/sanpham\\\/cac-mon-sup\\\/sup-ga-trung\\\/#breadcrumb\",\"itemListElement\":[{\"@type\":\"ListItem\",\"position\":1,\"name\":\"Trang Ch\u1ee7\",\"item\":\"https:\\\/\\\/tandoorvietnam.com\\\/vi\\\/\"},{\"@type\":\"ListItem\",\"position\":2,\"name\":\"Shop\",\"item\":\"https:\\\/\\\/tandoorvietnam.com\\\/shop\\\/\"},{\"@type\":\"ListItem\",\"position\":3,\"name\":\"Chicken Soup (S\u00daP G\u00c0 TR\u1ee8NG)\"}]},{\"@type\":\"WebSite\",\"@id\":\"https:\\\/\\\/tandoorvietnam.com\\\/vi\\\/#website\",\"url\":\"https:\\\/\\\/tandoorvietnam.com\\\/vi\\\/\",\"name\":\"Tandoor Vietnam\",\"description\":\"Nh\u00e0 h\u00e0ng ngon h\u1ed3 ch\u00ed minh\",\"publisher\":{\"@id\":\"https:\\\/\\\/tandoorvietnam.com\\\/vi\\\/#organization\"},\"potentialAction\":[{\"@type\":\"SearchAction\",\"target\":{\"@type\":\"EntryPoint\",\"urlTemplate\":\"https:\\\/\\\/tandoorvietnam.com\\\/vi\\\/?s={search_term_string}\"},\"query-input\":{\"@type\":\"PropertyValueSpecification\",\"valueRequired\":true,\"valueName\":\"search_term_string\"}}],\"inLanguage\":\"vi-VN\"},{\"@type\":\"Organization\",\"@id\":\"https:\\\/\\\/tandoorvietnam.com\\\/vi\\\/#organization\",\"name\":\"Tandoor Vietnam\",\"url\":\"https:\\\/\\\/tandoorvietnam.com\\\/vi\\\/\",\"logo\":{\"@type\":\"ImageObject\",\"inLanguage\":\"vi-VN\",\"@id\":\"https:\\\/\\\/tandoorvietnam.com\\\/vi\\\/#\\\/schema\\\/logo\\\/image\\\/\",\"url\":\"https:\\\/\\\/tandoorvietnam.com\\\/wp-content\\\/uploads\\\/2020\\\/07\\\/logo.png\",\"contentUrl\":\"https:\\\/\\\/tandoorvietnam.com\\\/wp-content\\\/uploads\\\/2020\\\/07\\\/logo.png\",\"width\":133,\"height\":75,\"caption\":\"Tandoor Vietnam\"},\"image\":{\"@id\":\"https:\\\/\\\/tandoorvietnam.com\\\/vi\\\/#\\\/schema\\\/logo\\\/image\\\/\"},\"sameAs\":[\"https:\\\/\\\/www.facebook.com\\\/tandoor.hcmc\\\/\"]}]}<\/script>\n<!-- \/ Yoast SEO Premium plugin. -->","yoast_head_json":{"title":"Chicken Soup (S\u00daP G\u00c0 TR\u1ee8NG) - Tandoor Vi\u1ec7t Nam","description":"Th\u01b0\u1edfng th\u1ee9c s\u00fap g\u00e0 tr\u1ee9ng n\u00f3ng h\u1ed5i \u0111\u1ea7y dinh d\u01b0\u1ee1ng t\u1ea1i Tandoor Vietnam. M\u1ed9t s\u1ef1 k\u1ebft h\u1ee3p tuy\u1ec7t v\u1eddi c\u1ee7a th\u1ecbt g\u00e0 t\u01b0\u01a1i, tr\u1ee9ng v\u00e0 c\u00e1c lo\u1ea1i rau c\u1ee7.","robots":{"index":"index","follow":"follow","max-snippet":"max-snippet:-1","max-image-preview":"max-image-preview:large","max-video-preview":"max-video-preview:-1"},"canonical":"https:\/\/tandoorvietnam.com\/vi\/sanpham\/cac-mon-sup\/sup-ga-trung\/","og_locale":"vi_VN","og_type":"article","og_title":"Chicken Soup (S\u00daP G\u00c0 TR\u1ee8NG)","og_description":"Th\u01b0\u1edfng th\u1ee9c s\u00fap g\u00e0 tr\u1ee9ng n\u00f3ng h\u1ed5i \u0111\u1ea7y dinh d\u01b0\u1ee1ng t\u1ea1i Tandoor Vietnam. M\u1ed9t s\u1ef1 k\u1ebft h\u1ee3p tuy\u1ec7t v\u1eddi c\u1ee7a th\u1ecbt g\u00e0 t\u01b0\u01a1i, tr\u1ee9ng v\u00e0 c\u00e1c lo\u1ea1i rau c\u1ee7.","og_url":"https:\/\/tandoorvietnam.com\/vi\/sanpham\/cac-mon-sup\/sup-ga-trung\/","og_site_name":"Tandoor Vi\u1ec7t Nam","article_publisher":"https:\/\/www.facebook.com\/tandoor.hcmc\/","article_modified_time":"2023-05-11T04:27:47+00:00","og_image":[{"width":1400,"height":1400,"url":"https:\/\/tandoorvietnam.com\/wp-content\/uploads\/2020\/06\/Chicken-soup.jpg","type":"image\/jpeg"}],"twitter_card":"summary_large_image","twitter_misc":{"Est. reading time":"2 minutes"},"schema":{"@context":"https:\/\/schema.org","@graph":[{"@type":"WebPage","@id":"https:\/\/tandoorvietnam.com\/vi\/sanpham\/cac-mon-sup\/sup-ga-trung\/","url":"https:\/\/tandoorvietnam.com\/vi\/sanpham\/cac-mon-sup\/sup-ga-trung\/","name":"Chicken Soup (S\u00daP G\u00c0 TR\u1ee8NG) - Tandoor Vi\u1ec7t Nam","isPartOf":{"@id":"https:\/\/tandoorvietnam.com\/vi\/#website"},"primaryImageOfPage":{"@id":"https:\/\/tandoorvietnam.com\/vi\/sanpham\/cac-mon-sup\/sup-ga-trung\/#primaryimage"},"image":{"@id":"https:\/\/tandoorvietnam.com\/vi\/sanpham\/cac-mon-sup\/sup-ga-trung\/#primaryimage"},"thumbnailUrl":"https:\/\/tandoorvietnam.com\/wp-content\/uploads\/2020\/06\/Chicken-soup.jpg","datePublished":"2021-04-11T12:20:43+00:00","dateModified":"2023-05-11T04:27:47+00:00","description":"Th\u01b0\u1edfng th\u1ee9c s\u00fap g\u00e0 tr\u1ee9ng n\u00f3ng h\u1ed5i \u0111\u1ea7y dinh d\u01b0\u1ee1ng t\u1ea1i Tandoor Vietnam. M\u1ed9t s\u1ef1 k\u1ebft h\u1ee3p tuy\u1ec7t v\u1eddi c\u1ee7a th\u1ecbt g\u00e0 t\u01b0\u01a1i, tr\u1ee9ng v\u00e0 c\u00e1c lo\u1ea1i rau c\u1ee7.","breadcrumb":{"@id":"https:\/\/tandoorvietnam.com\/vi\/sanpham\/cac-mon-sup\/sup-ga-trung\/#breadcrumb"},"inLanguage":"vi-VN","potentialAction":[{"@type":"ReadAction","target":["https:\/\/tandoorvietnam.com\/vi\/sanpham\/cac-mon-sup\/sup-ga-trung\/"]}]},{"@type":"ImageObject","inLanguage":"vi-VN","@id":"https:\/\/tandoorvietnam.com\/vi\/sanpham\/cac-mon-sup\/sup-ga-trung\/#primaryimage","url":"https:\/\/tandoorvietnam.com\/wp-content\/uploads\/2020\/06\/Chicken-soup.jpg","contentUrl":"https:\/\/tandoorvietnam.com\/wp-content\/uploads\/2020\/06\/Chicken-soup.jpg","width":1400,"height":1400,"caption":"S\u00daP G\u00c0 TR\u1ee8NG"},{"@type":"BreadcrumbList","@id":"https:\/\/tandoorvietnam.com\/vi\/sanpham\/cac-mon-sup\/sup-ga-trung\/#breadcrumb","itemListElement":[{"@type":"ListItem","position":1,"name":"Trang Ch\u1ee7","item":"https:\/\/tandoorvietnam.com\/vi\/"},{"@type":"ListItem","position":2,"name":"Shop","item":"https:\/\/tandoorvietnam.com\/shop\/"},{"@type":"ListItem","position":3,"name":"Chicken Soup (S\u00daP G\u00c0 TR\u1ee8NG)"}]},{"@type":"WebSite","@id":"https:\/\/tandoorvietnam.com\/vi\/#website","url":"https:\/\/tandoorvietnam.com\/vi\/","name":"Tandoor Vietnam","description":"Nh\u00e0 h\u00e0ng ngon h\u1ed3 ch\u00ed minh","publisher":{"@id":"https:\/\/tandoorvietnam.com\/vi\/#organization"},"potentialAction":[{"@type":"SearchAction","target":{"@type":"EntryPoint","urlTemplate":"https:\/\/tandoorvietnam.com\/vi\/?s={search_term_string}"},"query-input":{"@type":"PropertyValueSpecification","valueRequired":true,"valueName":"search_term_string"}}],"inLanguage":"vi-VN"},{"@type":"Organization","@id":"https:\/\/tandoorvietnam.com\/vi\/#organization","name":"Tandoor Vietnam","url":"https:\/\/tandoorvietnam.com\/vi\/","logo":{"@type":"ImageObject","inLanguage":"vi-VN","@id":"https:\/\/tandoorvietnam.com\/vi\/#\/schema\/logo\/image\/","url":"https:\/\/tandoorvietnam.com\/wp-content\/uploads\/2020\/07\/logo.png","contentUrl":"https:\/\/tandoorvietnam.com\/wp-content\/uploads\/2020\/07\/logo.png","width":133,"height":75,"caption":"Tandoor Vietnam"},"image":{"@id":"https:\/\/tandoorvietnam.com\/vi\/#\/schema\/logo\/image\/"},"sameAs":["https:\/\/www.facebook.com\/tandoor.hcmc\/"]}]}},"_links":{"self":[{"href":"https:\/\/tandoorvietnam.com\/vi\/wp-json\/wp\/v2\/product\/2977","targetHints":{"allow":["GET"]}}],"collection":[{"href":"https:\/\/tandoorvietnam.com\/vi\/wp-json\/wp\/v2\/product"}],"about":[{"href":"https:\/\/tandoorvietnam.com\/vi\/wp-json\/wp\/v2\/types\/product"}],"wp:featuredmedia":[{"embeddable":true,"href":"https:\/\/tandoorvietnam.com\/vi\/wp-json\/wp\/v2\/media\/2978"}],"wp:attachment":[{"href":"https:\/\/tandoorvietnam.com\/vi\/wp-json\/wp\/v2\/media?parent=2977"}],"wp:term":[{"taxonomy":"product_brand","embeddable":true,"href":"https:\/\/tandoorvietnam.com\/vi\/wp-json\/wp\/v2\/product_brand?post=2977"},{"taxonomy":"product_cat","embeddable":true,"href":"https:\/\/tandoorvietnam.com\/vi\/wp-json\/wp\/v2\/product_cat?post=2977"},{"taxonomy":"product_tag","embeddable":true,"href":"https:\/\/tandoorvietnam.com\/vi\/wp-json\/wp\/v2\/product_tag?post=2977"}],"curies":[{"name":"wp","href":"https:\/\/api.w.org\/{rel}","templated":true}]}}