{"id":2979,"date":"2020-06-16T13:44:01","date_gmt":"2021-04-11T12:21:32","guid":{"rendered":"http:\/\/tandoorvietnam.com\/product\/uncategorized\/sup-ca-chua-kem\/"},"modified":"2023-05-14T04:15:29","modified_gmt":"2023-05-14T04:15:29","slug":"sup-ca-chua-kem","status":"publish","type":"product","link":"https:\/\/tandoorvietnam.com\/vi\/sanpham\/cac-mon-sup\/sup-ca-chua-kem\/","title":{"rendered":"Creamy Tomato Soup (S\u00daP C\u00c0 CHUA KEM)"},"content":{"rendered":"<p>S\u00fap c\u00e0 chua kem l\u00e0 m\u1ed9t trong nh\u1eefng m\u00f3n \u0103n \u0111\u1eb7c tr\u01b0ng c\u1ee7a \u1ea4n \u0110\u1ed9 v\u00e0 \u0111\u00e3 tr\u1edf th\u00e0nh m\u1ed9t trong nh\u1eefng m\u00f3n \u0103n ph\u1ed5 bi\u1ebfn c\u1ee7a Tandoor Vietnam. V\u1edbi h\u01b0\u01a1ng v\u1ecb th\u01a1m ngon c\u1ee7a c\u00e0 chua v\u00e0 kem, Creamy Tomato Soup kh\u00f4ng ch\u1ec9 mang l\u1ea1i h\u01b0\u01a1ng v\u1ecb \u0111\u1eadm \u0111\u00e0 m\u00e0 c\u00f2n gi\u1eef \u0111\u01b0\u1ee3c \u0111\u1ed9 ng\u1ecdt t\u1ef1 nhi\u00ean c\u1ee7a c\u00e0 chua.<\/p>\n<p>S\u00fap c\u00e0 chua kem c\u1ee7a Tandoor Vietnam \u0111\u01b0\u1ee3c ch\u1ebf bi\u1ebfn t\u1eeb nh\u1eefng nguy\u00ean li\u1ec7u t\u01b0\u01a1i ngon v\u00e0 ch\u1ea5t l\u01b0\u1ee3ng, \u0111\u1ea3m b\u1ea3o mang l\u1ea1i s\u1ef1 h\u00e0i l\u00f2ng cho th\u1ef1c kh\u00e1ch. \u0110i\u1ec3m nh\u1ea5n c\u1ee7a m\u00f3n \u0103n n\u00e0y l\u00e0 c\u00e1ch pha ch\u1ebf \u0111\u1ed9c \u0111\u00e1o, t\u1ea1o n\u00ean m\u1ed9t s\u1ef1 k\u1ebft h\u1ee3p tuy\u1ec7t v\u1eddi gi\u1eefa h\u01b0\u01a1ng v\u1ecb chua c\u1ee7a c\u00e0 chua v\u00e0 \u0111\u1ed9 b\u00e9o ng\u1eady c\u1ee7a kem.<\/p>\n<p>Creamy Tomato Soup c\u00f3 th\u1ec3 \u0111\u01b0\u1ee3c th\u01b0\u1edfng th\u1ee9c nh\u01b0 m\u1ed9t m\u00f3n \u0103n khai v\u1ecb ho\u1eb7c \u0111\u01b0\u1ee3c d\u00f9ng k\u00e8m v\u1edbi b\u00e1nh m\u00ec n\u01b0\u1edbng gi\u00f2n \u0111\u1ec3 t\u0103ng th\u00eam s\u1ef1 ngon mi\u1ec7ng. Ngo\u00e0i ra, m\u00f3n \u0103n c\u0169ng r\u1ea5t ph\u00f9 h\u1ee3p \u0111\u1ec3 d\u00f9ng v\u00e0o c\u00e1c bu\u1ed5i ti\u1ec7c ho\u1eb7c c\u00e1c b\u1eefa \u0103n gia \u0111\u00ecnh.<\/p>\n<p>H\u00e3y \u0111\u1ebfn <a href=\"https:\/\/tandoorvietnam.com\/\">Tandoor Vietnam<\/a> \u0111\u1ec3 tr\u1ea3i nghi\u1ec7m s\u1ef1 k\u1ebft h\u1ee3p tuy\u1ec7t v\u1eddi gi\u1eefa h\u01b0\u01a1ng v\u1ecb chua cay c\u1ee7a c\u00e0 chua v\u00e0 \u0111\u1ed9 b\u00e9o ng\u1eady c\u1ee7a kem t\u01b0\u01a1i, t\u1ea1o n\u00ean m\u1ed9t m\u00f3n s\u00fap \u0111\u1ea7y h\u1ea5p d\u1eabn v\u00e0 \u0111\u1eadm \u0111\u00e0. Ch\u00fang t\u00f4i cam k\u1ebft \u0111em \u0111\u1ebfn cho th\u1ef1c kh\u00e1ch nh\u1eefng tr\u1ea3i nghi\u1ec7m \u1ea9m th\u1ef1c tuy\u1ec7t v\u1eddi nh\u1ea5t.<\/p>\n","protected":false},"excerpt":{"rendered":"<p>A tomato soup flavoured with Indian Spices an cream<\/p>\n<p>S\u00fap c\u00e0 chua n\u1ea5u l\u1ecfng v\u1edbi gia v\u1ecb \u1ea4n v\u00e0 kem<\/p>\n","protected":false},"featured_media":2980,"template":"","meta":[],"product_brand":[],"product_cat":[217],"product_tag":[],"class_list":{"0":"post-2979","1":"product","2":"type-product","3":"status-publish","4":"has-post-thumbnail","6":"product_cat-cac-mon-sup","8":"first","9":"instock","10":"taxable","11":"shipping-taxable","12":"purchasable","13":"product-type-simple"},"yoast_head":"<!-- This site is optimized with the Yoast SEO Premium plugin v22.3 (Yoast SEO v27.5) - https:\/\/yoast.com\/product\/yoast-seo-premium-wordpress\/ -->\n<title>Creamy Tomato Soup (S\u00daP C\u00c0 CHUA KEM) - Tandoor Vi\u1ec7t Nam<\/title>\n<meta name=\"description\" content=\"T\u1eadn h\u01b0\u1edfng h\u01b0\u01a1ng v\u1ecb b\u1ed5 d\u01b0\u1ee1ng v\u00e0 th\u01a1m ngon c\u1ee7a s\u00fap c\u00e0 chua kem t\u1ea1i Tandoor Vietnam - m\u00f3n \u0103n ch\u1ea5t l\u01b0\u1ee3ng t\u1eeb nguy\u00ean li\u1ec7u t\u01b0\u01a1i ngon v\u00e0 \u0111\u01b0\u1ee3c ch\u1ebf bi\u1ebfn tinh t\u1ebf.\" \/>\n<meta name=\"robots\" content=\"index, follow, max-snippet:-1, max-image-preview:large, max-video-preview:-1\" \/>\n<link rel=\"canonical\" href=\"https:\/\/tandoorvietnam.com\/vi\/sanpham\/cac-mon-sup\/sup-ca-chua-kem\/\" \/>\n<meta property=\"og:locale\" content=\"vi_VN\" \/>\n<meta property=\"og:type\" content=\"article\" \/>\n<meta property=\"og:title\" content=\"Creamy Tomato Soup (S\u00daP C\u00c0 CHUA KEM)\" \/>\n<meta property=\"og:description\" content=\"T\u1eadn h\u01b0\u1edfng h\u01b0\u01a1ng v\u1ecb b\u1ed5 d\u01b0\u1ee1ng v\u00e0 th\u01a1m ngon c\u1ee7a s\u00fap c\u00e0 chua kem t\u1ea1i Tandoor Vietnam - m\u00f3n \u0103n ch\u1ea5t l\u01b0\u1ee3ng t\u1eeb nguy\u00ean li\u1ec7u t\u01b0\u01a1i ngon v\u00e0 \u0111\u01b0\u1ee3c ch\u1ebf bi\u1ebfn tinh t\u1ebf.\" \/>\n<meta property=\"og:url\" content=\"https:\/\/tandoorvietnam.com\/vi\/sanpham\/cac-mon-sup\/sup-ca-chua-kem\/\" \/>\n<meta property=\"og:site_name\" content=\"Tandoor Vi\u1ec7t Nam\" \/>\n<meta property=\"article:publisher\" content=\"https:\/\/www.facebook.com\/tandoor.hcmc\/\" \/>\n<meta property=\"article:modified_time\" content=\"2023-05-14T04:15:29+00:00\" \/>\n<meta property=\"og:image\" content=\"https:\/\/tandoorvietnam.com\/wp-content\/uploads\/2020\/06\/Creamy-tomato-soup.jpg\" \/>\n\t<meta property=\"og:image:width\" content=\"1400\" \/>\n\t<meta property=\"og:image:height\" content=\"1400\" \/>\n\t<meta property=\"og:image:type\" content=\"image\/jpeg\" \/>\n<meta name=\"twitter:card\" content=\"summary_large_image\" \/>\n<meta name=\"twitter:label1\" content=\"Est. reading time\" \/>\n\t<meta name=\"twitter:data1\" content=\"1 minute\" \/>\n<script type=\"application\/ld+json\" class=\"yoast-schema-graph\">{\"@context\":\"https:\\\/\\\/schema.org\",\"@graph\":[{\"@type\":\"WebPage\",\"@id\":\"https:\\\/\\\/tandoorvietnam.com\\\/vi\\\/sanpham\\\/cac-mon-sup\\\/sup-ca-chua-kem\\\/\",\"url\":\"https:\\\/\\\/tandoorvietnam.com\\\/vi\\\/sanpham\\\/cac-mon-sup\\\/sup-ca-chua-kem\\\/\",\"name\":\"Creamy Tomato Soup (S\u00daP C\u00c0 CHUA KEM) - Tandoor Vi\u1ec7t Nam\",\"isPartOf\":{\"@id\":\"https:\\\/\\\/tandoorvietnam.com\\\/vi\\\/#website\"},\"primaryImageOfPage\":{\"@id\":\"https:\\\/\\\/tandoorvietnam.com\\\/vi\\\/sanpham\\\/cac-mon-sup\\\/sup-ca-chua-kem\\\/#primaryimage\"},\"image\":{\"@id\":\"https:\\\/\\\/tandoorvietnam.com\\\/vi\\\/sanpham\\\/cac-mon-sup\\\/sup-ca-chua-kem\\\/#primaryimage\"},\"thumbnailUrl\":\"https:\\\/\\\/tandoorvietnam.com\\\/wp-content\\\/uploads\\\/2020\\\/06\\\/Creamy-tomato-soup.jpg\",\"datePublished\":\"2021-04-11T12:21:32+00:00\",\"dateModified\":\"2023-05-14T04:15:29+00:00\",\"description\":\"T\u1eadn h\u01b0\u1edfng h\u01b0\u01a1ng v\u1ecb b\u1ed5 d\u01b0\u1ee1ng v\u00e0 th\u01a1m ngon c\u1ee7a s\u00fap c\u00e0 chua kem t\u1ea1i Tandoor Vietnam - m\u00f3n \u0103n ch\u1ea5t l\u01b0\u1ee3ng t\u1eeb nguy\u00ean li\u1ec7u t\u01b0\u01a1i ngon v\u00e0 \u0111\u01b0\u1ee3c ch\u1ebf bi\u1ebfn tinh t\u1ebf.\",\"breadcrumb\":{\"@id\":\"https:\\\/\\\/tandoorvietnam.com\\\/vi\\\/sanpham\\\/cac-mon-sup\\\/sup-ca-chua-kem\\\/#breadcrumb\"},\"inLanguage\":\"vi-VN\",\"potentialAction\":[{\"@type\":\"ReadAction\",\"target\":[\"https:\\\/\\\/tandoorvietnam.com\\\/vi\\\/sanpham\\\/cac-mon-sup\\\/sup-ca-chua-kem\\\/\"]}]},{\"@type\":\"ImageObject\",\"inLanguage\":\"vi-VN\",\"@id\":\"https:\\\/\\\/tandoorvietnam.com\\\/vi\\\/sanpham\\\/cac-mon-sup\\\/sup-ca-chua-kem\\\/#primaryimage\",\"url\":\"https:\\\/\\\/tandoorvietnam.com\\\/wp-content\\\/uploads\\\/2020\\\/06\\\/Creamy-tomato-soup.jpg\",\"contentUrl\":\"https:\\\/\\\/tandoorvietnam.com\\\/wp-content\\\/uploads\\\/2020\\\/06\\\/Creamy-tomato-soup.jpg\",\"width\":1400,\"height\":1400,\"caption\":\"S\u00daP C\u00c0 CHUA KEM\"},{\"@type\":\"BreadcrumbList\",\"@id\":\"https:\\\/\\\/tandoorvietnam.com\\\/vi\\\/sanpham\\\/cac-mon-sup\\\/sup-ca-chua-kem\\\/#breadcrumb\",\"itemListElement\":[{\"@type\":\"ListItem\",\"position\":1,\"name\":\"Trang Ch\u1ee7\",\"item\":\"https:\\\/\\\/tandoorvietnam.com\\\/vi\\\/\"},{\"@type\":\"ListItem\",\"position\":2,\"name\":\"Shop\",\"item\":\"https:\\\/\\\/tandoorvietnam.com\\\/shop\\\/\"},{\"@type\":\"ListItem\",\"position\":3,\"name\":\"Creamy Tomato Soup (S\u00daP C\u00c0 CHUA KEM)\"}]},{\"@type\":\"WebSite\",\"@id\":\"https:\\\/\\\/tandoorvietnam.com\\\/vi\\\/#website\",\"url\":\"https:\\\/\\\/tandoorvietnam.com\\\/vi\\\/\",\"name\":\"Tandoor Vietnam\",\"description\":\"Nh\u00e0 h\u00e0ng ngon h\u1ed3 ch\u00ed minh\",\"publisher\":{\"@id\":\"https:\\\/\\\/tandoorvietnam.com\\\/vi\\\/#organization\"},\"potentialAction\":[{\"@type\":\"SearchAction\",\"target\":{\"@type\":\"EntryPoint\",\"urlTemplate\":\"https:\\\/\\\/tandoorvietnam.com\\\/vi\\\/?s={search_term_string}\"},\"query-input\":{\"@type\":\"PropertyValueSpecification\",\"valueRequired\":true,\"valueName\":\"search_term_string\"}}],\"inLanguage\":\"vi-VN\"},{\"@type\":\"Organization\",\"@id\":\"https:\\\/\\\/tandoorvietnam.com\\\/vi\\\/#organization\",\"name\":\"Tandoor Vietnam\",\"url\":\"https:\\\/\\\/tandoorvietnam.com\\\/vi\\\/\",\"logo\":{\"@type\":\"ImageObject\",\"inLanguage\":\"vi-VN\",\"@id\":\"https:\\\/\\\/tandoorvietnam.com\\\/vi\\\/#\\\/schema\\\/logo\\\/image\\\/\",\"url\":\"https:\\\/\\\/tandoorvietnam.com\\\/wp-content\\\/uploads\\\/2020\\\/07\\\/logo.png\",\"contentUrl\":\"https:\\\/\\\/tandoorvietnam.com\\\/wp-content\\\/uploads\\\/2020\\\/07\\\/logo.png\",\"width\":133,\"height\":75,\"caption\":\"Tandoor Vietnam\"},\"image\":{\"@id\":\"https:\\\/\\\/tandoorvietnam.com\\\/vi\\\/#\\\/schema\\\/logo\\\/image\\\/\"},\"sameAs\":[\"https:\\\/\\\/www.facebook.com\\\/tandoor.hcmc\\\/\"]}]}<\/script>\n<!-- \/ Yoast SEO Premium plugin. -->","yoast_head_json":{"title":"Creamy Tomato Soup (S\u00daP C\u00c0 CHUA KEM) - Tandoor Vi\u1ec7t Nam","description":"T\u1eadn h\u01b0\u1edfng h\u01b0\u01a1ng v\u1ecb b\u1ed5 d\u01b0\u1ee1ng v\u00e0 th\u01a1m ngon c\u1ee7a s\u00fap c\u00e0 chua kem t\u1ea1i Tandoor Vietnam - m\u00f3n \u0103n ch\u1ea5t l\u01b0\u1ee3ng t\u1eeb nguy\u00ean li\u1ec7u t\u01b0\u01a1i ngon v\u00e0 \u0111\u01b0\u1ee3c ch\u1ebf bi\u1ebfn tinh t\u1ebf.","robots":{"index":"index","follow":"follow","max-snippet":"max-snippet:-1","max-image-preview":"max-image-preview:large","max-video-preview":"max-video-preview:-1"},"canonical":"https:\/\/tandoorvietnam.com\/vi\/sanpham\/cac-mon-sup\/sup-ca-chua-kem\/","og_locale":"vi_VN","og_type":"article","og_title":"Creamy Tomato Soup (S\u00daP C\u00c0 CHUA KEM)","og_description":"T\u1eadn h\u01b0\u1edfng h\u01b0\u01a1ng v\u1ecb b\u1ed5 d\u01b0\u1ee1ng v\u00e0 th\u01a1m ngon c\u1ee7a s\u00fap c\u00e0 chua kem t\u1ea1i Tandoor Vietnam - m\u00f3n \u0103n ch\u1ea5t l\u01b0\u1ee3ng t\u1eeb nguy\u00ean li\u1ec7u t\u01b0\u01a1i ngon v\u00e0 \u0111\u01b0\u1ee3c ch\u1ebf bi\u1ebfn tinh t\u1ebf.","og_url":"https:\/\/tandoorvietnam.com\/vi\/sanpham\/cac-mon-sup\/sup-ca-chua-kem\/","og_site_name":"Tandoor Vi\u1ec7t Nam","article_publisher":"https:\/\/www.facebook.com\/tandoor.hcmc\/","article_modified_time":"2023-05-14T04:15:29+00:00","og_image":[{"width":1400,"height":1400,"url":"https:\/\/tandoorvietnam.com\/wp-content\/uploads\/2020\/06\/Creamy-tomato-soup.jpg","type":"image\/jpeg"}],"twitter_card":"summary_large_image","twitter_misc":{"Est. reading time":"1 minute"},"schema":{"@context":"https:\/\/schema.org","@graph":[{"@type":"WebPage","@id":"https:\/\/tandoorvietnam.com\/vi\/sanpham\/cac-mon-sup\/sup-ca-chua-kem\/","url":"https:\/\/tandoorvietnam.com\/vi\/sanpham\/cac-mon-sup\/sup-ca-chua-kem\/","name":"Creamy Tomato Soup (S\u00daP C\u00c0 CHUA KEM) - Tandoor Vi\u1ec7t Nam","isPartOf":{"@id":"https:\/\/tandoorvietnam.com\/vi\/#website"},"primaryImageOfPage":{"@id":"https:\/\/tandoorvietnam.com\/vi\/sanpham\/cac-mon-sup\/sup-ca-chua-kem\/#primaryimage"},"image":{"@id":"https:\/\/tandoorvietnam.com\/vi\/sanpham\/cac-mon-sup\/sup-ca-chua-kem\/#primaryimage"},"thumbnailUrl":"https:\/\/tandoorvietnam.com\/wp-content\/uploads\/2020\/06\/Creamy-tomato-soup.jpg","datePublished":"2021-04-11T12:21:32+00:00","dateModified":"2023-05-14T04:15:29+00:00","description":"T\u1eadn h\u01b0\u1edfng h\u01b0\u01a1ng v\u1ecb b\u1ed5 d\u01b0\u1ee1ng v\u00e0 th\u01a1m ngon c\u1ee7a s\u00fap c\u00e0 chua kem t\u1ea1i Tandoor Vietnam - m\u00f3n \u0103n ch\u1ea5t l\u01b0\u1ee3ng t\u1eeb nguy\u00ean li\u1ec7u t\u01b0\u01a1i ngon v\u00e0 \u0111\u01b0\u1ee3c ch\u1ebf bi\u1ebfn tinh t\u1ebf.","breadcrumb":{"@id":"https:\/\/tandoorvietnam.com\/vi\/sanpham\/cac-mon-sup\/sup-ca-chua-kem\/#breadcrumb"},"inLanguage":"vi-VN","potentialAction":[{"@type":"ReadAction","target":["https:\/\/tandoorvietnam.com\/vi\/sanpham\/cac-mon-sup\/sup-ca-chua-kem\/"]}]},{"@type":"ImageObject","inLanguage":"vi-VN","@id":"https:\/\/tandoorvietnam.com\/vi\/sanpham\/cac-mon-sup\/sup-ca-chua-kem\/#primaryimage","url":"https:\/\/tandoorvietnam.com\/wp-content\/uploads\/2020\/06\/Creamy-tomato-soup.jpg","contentUrl":"https:\/\/tandoorvietnam.com\/wp-content\/uploads\/2020\/06\/Creamy-tomato-soup.jpg","width":1400,"height":1400,"caption":"S\u00daP C\u00c0 CHUA KEM"},{"@type":"BreadcrumbList","@id":"https:\/\/tandoorvietnam.com\/vi\/sanpham\/cac-mon-sup\/sup-ca-chua-kem\/#breadcrumb","itemListElement":[{"@type":"ListItem","position":1,"name":"Trang Ch\u1ee7","item":"https:\/\/tandoorvietnam.com\/vi\/"},{"@type":"ListItem","position":2,"name":"Shop","item":"https:\/\/tandoorvietnam.com\/shop\/"},{"@type":"ListItem","position":3,"name":"Creamy Tomato Soup (S\u00daP C\u00c0 CHUA KEM)"}]},{"@type":"WebSite","@id":"https:\/\/tandoorvietnam.com\/vi\/#website","url":"https:\/\/tandoorvietnam.com\/vi\/","name":"Tandoor Vietnam","description":"Nh\u00e0 h\u00e0ng ngon h\u1ed3 ch\u00ed minh","publisher":{"@id":"https:\/\/tandoorvietnam.com\/vi\/#organization"},"potentialAction":[{"@type":"SearchAction","target":{"@type":"EntryPoint","urlTemplate":"https:\/\/tandoorvietnam.com\/vi\/?s={search_term_string}"},"query-input":{"@type":"PropertyValueSpecification","valueRequired":true,"valueName":"search_term_string"}}],"inLanguage":"vi-VN"},{"@type":"Organization","@id":"https:\/\/tandoorvietnam.com\/vi\/#organization","name":"Tandoor Vietnam","url":"https:\/\/tandoorvietnam.com\/vi\/","logo":{"@type":"ImageObject","inLanguage":"vi-VN","@id":"https:\/\/tandoorvietnam.com\/vi\/#\/schema\/logo\/image\/","url":"https:\/\/tandoorvietnam.com\/wp-content\/uploads\/2020\/07\/logo.png","contentUrl":"https:\/\/tandoorvietnam.com\/wp-content\/uploads\/2020\/07\/logo.png","width":133,"height":75,"caption":"Tandoor Vietnam"},"image":{"@id":"https:\/\/tandoorvietnam.com\/vi\/#\/schema\/logo\/image\/"},"sameAs":["https:\/\/www.facebook.com\/tandoor.hcmc\/"]}]}},"_links":{"self":[{"href":"https:\/\/tandoorvietnam.com\/vi\/wp-json\/wp\/v2\/product\/2979","targetHints":{"allow":["GET"]}}],"collection":[{"href":"https:\/\/tandoorvietnam.com\/vi\/wp-json\/wp\/v2\/product"}],"about":[{"href":"https:\/\/tandoorvietnam.com\/vi\/wp-json\/wp\/v2\/types\/product"}],"wp:featuredmedia":[{"embeddable":true,"href":"https:\/\/tandoorvietnam.com\/vi\/wp-json\/wp\/v2\/media\/2980"}],"wp:attachment":[{"href":"https:\/\/tandoorvietnam.com\/vi\/wp-json\/wp\/v2\/media?parent=2979"}],"wp:term":[{"taxonomy":"product_brand","embeddable":true,"href":"https:\/\/tandoorvietnam.com\/vi\/wp-json\/wp\/v2\/product_brand?post=2979"},{"taxonomy":"product_cat","embeddable":true,"href":"https:\/\/tandoorvietnam.com\/vi\/wp-json\/wp\/v2\/product_cat?post=2979"},{"taxonomy":"product_tag","embeddable":true,"href":"https:\/\/tandoorvietnam.com\/vi\/wp-json\/wp\/v2\/product_tag?post=2979"}],"curies":[{"name":"wp","href":"https:\/\/api.w.org\/{rel}","templated":true}]}}