{"id":2981,"date":"2020-06-16T13:46:02","date_gmt":"2021-04-11T12:22:39","guid":{"rendered":"http:\/\/tandoorvietnam.com\/product\/uncategorized\/sup-ca-chua-cay\/"},"modified":"2023-05-20T09:05:12","modified_gmt":"2023-05-20T09:05:12","slug":"sup-ca-chua-cay","status":"publish","type":"product","link":"https:\/\/tandoorvietnam.com\/vi\/sanpham\/cac-mon-sup\/sup-ca-chua-cay\/","title":{"rendered":"Tamatar Dhania Shorba (S\u00daP C\u00c0 CHUA CAY)"},"content":{"rendered":"<p>S\u00fap c\u00e0 chua cay (Tamatar Dhania Shorba) l\u00e0 m\u1ed9t m\u00f3n \u0103n truy\u1ec1n th\u1ed1ng \u0111\u1ea7y h\u1ea5p d\u1eabn v\u00e0 ph\u1ed5 bi\u1ebfn trong \u1ea9m th\u1ef1c \u1ea4n \u0110\u1ed9. T\u1ea1i Tandoor Vietnam, ch\u00fang t\u00f4i t\u1ef1 h\u00e0o mang \u0111\u1ebfn cho b\u1ea1n m\u1ed9t phi\u00ean b\u1ea3n \u0111\u1ed9c \u0111\u00e1o c\u1ee7a m\u00f3n s\u00fap n\u00e0y.<\/p>\n<p>S\u00fap c\u00e0 chua cay c\u1ee7a ch\u00fang t\u00f4i \u0111\u01b0\u1ee3c ch\u1ebf bi\u1ebfn t\u1eeb c\u00e0 chua t\u01b0\u01a1i, k\u1ebft h\u1ee3p v\u1edbi c\u00e1c lo\u1ea1i gia v\u1ecb v\u00e0 m\u1ed9t ch\u00fat ti\u00eau \u0111en t\u1ea1o n\u00ean h\u01b0\u01a1ng v\u1ecb cay n\u1ed3ng \u0111\u1eadm \u0111\u00e0. Ch\u00fang t\u00f4i s\u1eed d\u1ee5ng nh\u1eefng nguy\u00ean li\u1ec7u t\u01b0\u01a1i ngon v\u00e0 ch\u1ea5t l\u01b0\u1ee3ng nh\u1ea5t \u0111\u1ec3 \u0111\u1ea3m b\u1ea3o m\u00f3n s\u00fap c\u1ee7a ch\u00fang t\u00f4i c\u00f3 m\u00f9i th\u01a1m h\u1ea5p d\u1eabn v\u00e0 v\u1ecb ngon tuy\u1ec7t v\u1eddi.<\/p>\n<p>M\u00f3n Tamatar Dhania Shorba l\u00e0 m\u1ed9t s\u1ef1 k\u1ebft h\u1ee3p tuy\u1ec7t v\u1eddi gi\u1eefa h\u01b0\u01a1ng v\u1ecb chua c\u1ee7a c\u00e0 chua v\u00e0 v\u1ecb cay n\u1ed3ng c\u1ee7a gia v\u1ecb. \u0110\u00e2y l\u00e0 m\u1ed9t m\u00f3n \u0103n ph\u1ed5 bi\u1ebfn v\u00e0 \u0111\u01b0\u1ee3c y\u00eau th\u00edch kh\u00f4ng ch\u1ec9 trong \u1ea9m th\u1ef1c \u1ea4n \u0110\u1ed9 m\u00e0 c\u00f2n tr\u00ean to\u00e0n th\u1ebf gi\u1edbi.<\/p>\n<p>T\u1ea1i Tandoor Vietnam, ch\u00fang t\u00f4i \u0111\u1ea3m b\u1ea3o r\u1eb1ng s\u00fap c\u00e0 chua cay c\u1ee7a ch\u00fang t\u00f4i lu\u00f4n \u0111\u01b0\u1ee3c n\u1ea5u t\u1eeb c\u00e1c nguy\u00ean li\u1ec7u t\u01b0\u01a1i ngon v\u00e0 t\u1ec9 m\u1ec9 ch\u1ebf bi\u1ebfn \u0111\u1ec3 t\u1ea1o ra m\u1ed9t tr\u1ea3i nghi\u1ec7m \u1ea9m th\u1ef1c tuy\u1ec7t v\u1eddi cho kh\u00e1ch h\u00e0ng c\u1ee7a ch\u00fang t\u00f4i.<\/p>\n<p>Tamatar Dhania Shorba l\u00e0 m\u1ed9t m\u00f3n \u0103n l\u00fd t\u01b0\u1edfng cho nh\u1eefng ng\u00e0y se l\u1ea1nh ho\u1eb7c khi b\u1ea1n mu\u1ed1n th\u01b0\u1edfng th\u1ee9c m\u1ed9t m\u00f3n \u0103n \u1ea5m l\u00f2ng v\u00e0 \u0111\u1ea7y \u0111\u1eb7n. H\u01b0\u01a1ng v\u1ecb \u0111\u1eadm \u0111\u00e0 v\u00e0 cay n\u1ed3ng c\u1ee7a s\u00fap c\u00e0 chua s\u1ebd k\u00edch th\u00edch v\u1ecb gi\u00e1c v\u00e0 mang \u0111\u1ebfn c\u1ea3m gi\u00e1c \u1ea5m \u00e1p.<\/p>\n<p>H\u00e3y \u0111\u1ebfn Tandoor Vietnam v\u00e0 th\u01b0\u1edfng th\u1ee9c Tamatar Dhania Shorba tuy\u1ec7t v\u1eddi c\u1ee7a ch\u00fang t\u00f4i. M\u1ed9t tr\u1ea3i nghi\u1ec7m \u1ea9m th\u1ef1c \u0111\u1ed9c \u0111\u00e1o v\u00e0 \u0111\u1ea7y h\u1ea5p d\u1eabn ch\u1edd \u0111\u00f3n b\u1ea1n.<\/p>\n","protected":false},"excerpt":{"rendered":"<p>A cutting tomato soup with Indian spices an coriander<\/p>\n<p>S\u00fap c\u00e0 chua c\u1eaft nh\u1ecf n\u1ea5u gia v\u1ecb cay v\u00e0 ng\u00f2<\/p>\n","protected":false},"featured_media":2982,"template":"","meta":[],"product_brand":[],"product_cat":[217],"product_tag":[],"class_list":{"0":"post-2981","1":"product","2":"type-product","3":"status-publish","4":"has-post-thumbnail","6":"product_cat-cac-mon-sup","8":"first","9":"instock","10":"taxable","11":"shipping-taxable","12":"purchasable","13":"product-type-simple"},"yoast_head":"<!-- This site is optimized with the Yoast SEO Premium plugin v22.3 (Yoast SEO v27.4) - https:\/\/yoast.com\/product\/yoast-seo-premium-wordpress\/ -->\n<title>Tamatar Dhania Shorba (S\u00daP C\u00c0 CHUA CAY) - Tandoor Vi\u1ec7t Nam<\/title>\n<meta name=\"description\" content=\"S\u00fap c\u00e0 chua cay t\u1ea1i Tandoor Vietnam - h\u01b0\u01a1ng v\u1ecb t\u01b0\u01a1i ngon, cay n\u1ed3ng \u0111\u1eadm \u0111\u00e0. Th\u01b0\u1edfng th\u1ee9c m\u00f3n s\u00fap truy\u1ec1n th\u1ed1ng \u0111\u1ea7y h\u1ea5p d\u1eabn v\u00e0 \u0111\u1eadm ch\u1ea5t \u1ea4n \u0110\u1ed9.\" \/>\n<meta name=\"robots\" content=\"index, follow, max-snippet:-1, max-image-preview:large, max-video-preview:-1\" \/>\n<link rel=\"canonical\" href=\"https:\/\/tandoorvietnam.com\/vi\/sanpham\/cac-mon-sup\/sup-ca-chua-cay\/\" \/>\n<meta property=\"og:locale\" content=\"vi_VN\" \/>\n<meta property=\"og:type\" content=\"article\" \/>\n<meta property=\"og:title\" content=\"Tamatar Dhania Shorba (S\u00daP C\u00c0 CHUA CAY)\" \/>\n<meta property=\"og:description\" content=\"S\u00fap c\u00e0 chua cay t\u1ea1i Tandoor Vietnam - h\u01b0\u01a1ng v\u1ecb t\u01b0\u01a1i ngon, cay n\u1ed3ng \u0111\u1eadm \u0111\u00e0. Th\u01b0\u1edfng th\u1ee9c m\u00f3n s\u00fap truy\u1ec1n th\u1ed1ng \u0111\u1ea7y h\u1ea5p d\u1eabn v\u00e0 \u0111\u1eadm ch\u1ea5t \u1ea4n \u0110\u1ed9.\" \/>\n<meta property=\"og:url\" content=\"https:\/\/tandoorvietnam.com\/vi\/sanpham\/cac-mon-sup\/sup-ca-chua-cay\/\" \/>\n<meta property=\"og:site_name\" content=\"Tandoor Vi\u1ec7t Nam\" \/>\n<meta property=\"article:publisher\" content=\"https:\/\/www.facebook.com\/tandoor.hcmc\/\" \/>\n<meta property=\"article:modified_time\" content=\"2023-05-20T09:05:12+00:00\" \/>\n<meta property=\"og:image\" content=\"https:\/\/tandoorvietnam.com\/wp-content\/uploads\/2020\/06\/Tamarta-Dhania-sorba.jpg\" \/>\n\t<meta property=\"og:image:width\" content=\"1400\" \/>\n\t<meta property=\"og:image:height\" content=\"1400\" \/>\n\t<meta property=\"og:image:type\" content=\"image\/jpeg\" \/>\n<meta name=\"twitter:card\" content=\"summary_large_image\" \/>\n<meta name=\"twitter:label1\" content=\"Est. reading time\" \/>\n\t<meta name=\"twitter:data1\" content=\"2 minutes\" \/>\n<script type=\"application\/ld+json\" class=\"yoast-schema-graph\">{\"@context\":\"https:\\\/\\\/schema.org\",\"@graph\":[{\"@type\":\"WebPage\",\"@id\":\"https:\\\/\\\/tandoorvietnam.com\\\/vi\\\/sanpham\\\/cac-mon-sup\\\/sup-ca-chua-cay\\\/\",\"url\":\"https:\\\/\\\/tandoorvietnam.com\\\/vi\\\/sanpham\\\/cac-mon-sup\\\/sup-ca-chua-cay\\\/\",\"name\":\"Tamatar Dhania Shorba (S\u00daP C\u00c0 CHUA CAY) - Tandoor Vi\u1ec7t Nam\",\"isPartOf\":{\"@id\":\"https:\\\/\\\/tandoorvietnam.com\\\/vi\\\/#website\"},\"primaryImageOfPage\":{\"@id\":\"https:\\\/\\\/tandoorvietnam.com\\\/vi\\\/sanpham\\\/cac-mon-sup\\\/sup-ca-chua-cay\\\/#primaryimage\"},\"image\":{\"@id\":\"https:\\\/\\\/tandoorvietnam.com\\\/vi\\\/sanpham\\\/cac-mon-sup\\\/sup-ca-chua-cay\\\/#primaryimage\"},\"thumbnailUrl\":\"https:\\\/\\\/tandoorvietnam.com\\\/wp-content\\\/uploads\\\/2020\\\/06\\\/Tamarta-Dhania-sorba.jpg\",\"datePublished\":\"2021-04-11T12:22:39+00:00\",\"dateModified\":\"2023-05-20T09:05:12+00:00\",\"description\":\"S\u00fap c\u00e0 chua cay t\u1ea1i Tandoor Vietnam - h\u01b0\u01a1ng v\u1ecb t\u01b0\u01a1i ngon, cay n\u1ed3ng \u0111\u1eadm \u0111\u00e0. Th\u01b0\u1edfng th\u1ee9c m\u00f3n s\u00fap truy\u1ec1n th\u1ed1ng \u0111\u1ea7y h\u1ea5p d\u1eabn v\u00e0 \u0111\u1eadm ch\u1ea5t \u1ea4n \u0110\u1ed9.\",\"breadcrumb\":{\"@id\":\"https:\\\/\\\/tandoorvietnam.com\\\/vi\\\/sanpham\\\/cac-mon-sup\\\/sup-ca-chua-cay\\\/#breadcrumb\"},\"inLanguage\":\"vi-VN\",\"potentialAction\":[{\"@type\":\"ReadAction\",\"target\":[\"https:\\\/\\\/tandoorvietnam.com\\\/vi\\\/sanpham\\\/cac-mon-sup\\\/sup-ca-chua-cay\\\/\"]}]},{\"@type\":\"ImageObject\",\"inLanguage\":\"vi-VN\",\"@id\":\"https:\\\/\\\/tandoorvietnam.com\\\/vi\\\/sanpham\\\/cac-mon-sup\\\/sup-ca-chua-cay\\\/#primaryimage\",\"url\":\"https:\\\/\\\/tandoorvietnam.com\\\/wp-content\\\/uploads\\\/2020\\\/06\\\/Tamarta-Dhania-sorba.jpg\",\"contentUrl\":\"https:\\\/\\\/tandoorvietnam.com\\\/wp-content\\\/uploads\\\/2020\\\/06\\\/Tamarta-Dhania-sorba.jpg\",\"width\":1400,\"height\":1400,\"caption\":\"S\u00daP C\u00c0 CHUA CAY\"},{\"@type\":\"BreadcrumbList\",\"@id\":\"https:\\\/\\\/tandoorvietnam.com\\\/vi\\\/sanpham\\\/cac-mon-sup\\\/sup-ca-chua-cay\\\/#breadcrumb\",\"itemListElement\":[{\"@type\":\"ListItem\",\"position\":1,\"name\":\"Trang Ch\u1ee7\",\"item\":\"https:\\\/\\\/tandoorvietnam.com\\\/vi\\\/\"},{\"@type\":\"ListItem\",\"position\":2,\"name\":\"Shop\",\"item\":\"https:\\\/\\\/tandoorvietnam.com\\\/shop\\\/\"},{\"@type\":\"ListItem\",\"position\":3,\"name\":\"Tamatar Dhania Shorba (S\u00daP C\u00c0 CHUA CAY)\"}]},{\"@type\":\"WebSite\",\"@id\":\"https:\\\/\\\/tandoorvietnam.com\\\/vi\\\/#website\",\"url\":\"https:\\\/\\\/tandoorvietnam.com\\\/vi\\\/\",\"name\":\"Tandoor Vietnam\",\"description\":\"Nh\u00e0 h\u00e0ng ngon h\u1ed3 ch\u00ed minh\",\"publisher\":{\"@id\":\"https:\\\/\\\/tandoorvietnam.com\\\/vi\\\/#organization\"},\"potentialAction\":[{\"@type\":\"SearchAction\",\"target\":{\"@type\":\"EntryPoint\",\"urlTemplate\":\"https:\\\/\\\/tandoorvietnam.com\\\/vi\\\/?s={search_term_string}\"},\"query-input\":{\"@type\":\"PropertyValueSpecification\",\"valueRequired\":true,\"valueName\":\"search_term_string\"}}],\"inLanguage\":\"vi-VN\"},{\"@type\":\"Organization\",\"@id\":\"https:\\\/\\\/tandoorvietnam.com\\\/vi\\\/#organization\",\"name\":\"Tandoor Vietnam\",\"url\":\"https:\\\/\\\/tandoorvietnam.com\\\/vi\\\/\",\"logo\":{\"@type\":\"ImageObject\",\"inLanguage\":\"vi-VN\",\"@id\":\"https:\\\/\\\/tandoorvietnam.com\\\/vi\\\/#\\\/schema\\\/logo\\\/image\\\/\",\"url\":\"https:\\\/\\\/tandoorvietnam.com\\\/wp-content\\\/uploads\\\/2020\\\/07\\\/logo.png\",\"contentUrl\":\"https:\\\/\\\/tandoorvietnam.com\\\/wp-content\\\/uploads\\\/2020\\\/07\\\/logo.png\",\"width\":133,\"height\":75,\"caption\":\"Tandoor Vietnam\"},\"image\":{\"@id\":\"https:\\\/\\\/tandoorvietnam.com\\\/vi\\\/#\\\/schema\\\/logo\\\/image\\\/\"},\"sameAs\":[\"https:\\\/\\\/www.facebook.com\\\/tandoor.hcmc\\\/\"]}]}<\/script>\n<!-- \/ Yoast SEO Premium plugin. -->","yoast_head_json":{"title":"Tamatar Dhania Shorba (S\u00daP C\u00c0 CHUA CAY) - Tandoor Vi\u1ec7t Nam","description":"S\u00fap c\u00e0 chua cay t\u1ea1i Tandoor Vietnam - h\u01b0\u01a1ng v\u1ecb t\u01b0\u01a1i ngon, cay n\u1ed3ng \u0111\u1eadm \u0111\u00e0. Th\u01b0\u1edfng th\u1ee9c m\u00f3n s\u00fap truy\u1ec1n th\u1ed1ng \u0111\u1ea7y h\u1ea5p d\u1eabn v\u00e0 \u0111\u1eadm ch\u1ea5t \u1ea4n \u0110\u1ed9.","robots":{"index":"index","follow":"follow","max-snippet":"max-snippet:-1","max-image-preview":"max-image-preview:large","max-video-preview":"max-video-preview:-1"},"canonical":"https:\/\/tandoorvietnam.com\/vi\/sanpham\/cac-mon-sup\/sup-ca-chua-cay\/","og_locale":"vi_VN","og_type":"article","og_title":"Tamatar Dhania Shorba (S\u00daP C\u00c0 CHUA CAY)","og_description":"S\u00fap c\u00e0 chua cay t\u1ea1i Tandoor Vietnam - h\u01b0\u01a1ng v\u1ecb t\u01b0\u01a1i ngon, cay n\u1ed3ng \u0111\u1eadm \u0111\u00e0. Th\u01b0\u1edfng th\u1ee9c m\u00f3n s\u00fap truy\u1ec1n th\u1ed1ng \u0111\u1ea7y h\u1ea5p d\u1eabn v\u00e0 \u0111\u1eadm ch\u1ea5t \u1ea4n \u0110\u1ed9.","og_url":"https:\/\/tandoorvietnam.com\/vi\/sanpham\/cac-mon-sup\/sup-ca-chua-cay\/","og_site_name":"Tandoor Vi\u1ec7t Nam","article_publisher":"https:\/\/www.facebook.com\/tandoor.hcmc\/","article_modified_time":"2023-05-20T09:05:12+00:00","og_image":[{"width":1400,"height":1400,"url":"https:\/\/tandoorvietnam.com\/wp-content\/uploads\/2020\/06\/Tamarta-Dhania-sorba.jpg","type":"image\/jpeg"}],"twitter_card":"summary_large_image","twitter_misc":{"Est. reading time":"2 minutes"},"schema":{"@context":"https:\/\/schema.org","@graph":[{"@type":"WebPage","@id":"https:\/\/tandoorvietnam.com\/vi\/sanpham\/cac-mon-sup\/sup-ca-chua-cay\/","url":"https:\/\/tandoorvietnam.com\/vi\/sanpham\/cac-mon-sup\/sup-ca-chua-cay\/","name":"Tamatar Dhania Shorba (S\u00daP C\u00c0 CHUA CAY) - Tandoor Vi\u1ec7t Nam","isPartOf":{"@id":"https:\/\/tandoorvietnam.com\/vi\/#website"},"primaryImageOfPage":{"@id":"https:\/\/tandoorvietnam.com\/vi\/sanpham\/cac-mon-sup\/sup-ca-chua-cay\/#primaryimage"},"image":{"@id":"https:\/\/tandoorvietnam.com\/vi\/sanpham\/cac-mon-sup\/sup-ca-chua-cay\/#primaryimage"},"thumbnailUrl":"https:\/\/tandoorvietnam.com\/wp-content\/uploads\/2020\/06\/Tamarta-Dhania-sorba.jpg","datePublished":"2021-04-11T12:22:39+00:00","dateModified":"2023-05-20T09:05:12+00:00","description":"S\u00fap c\u00e0 chua cay t\u1ea1i Tandoor Vietnam - h\u01b0\u01a1ng v\u1ecb t\u01b0\u01a1i ngon, cay n\u1ed3ng \u0111\u1eadm \u0111\u00e0. Th\u01b0\u1edfng th\u1ee9c m\u00f3n s\u00fap truy\u1ec1n th\u1ed1ng \u0111\u1ea7y h\u1ea5p d\u1eabn v\u00e0 \u0111\u1eadm ch\u1ea5t \u1ea4n \u0110\u1ed9.","breadcrumb":{"@id":"https:\/\/tandoorvietnam.com\/vi\/sanpham\/cac-mon-sup\/sup-ca-chua-cay\/#breadcrumb"},"inLanguage":"vi-VN","potentialAction":[{"@type":"ReadAction","target":["https:\/\/tandoorvietnam.com\/vi\/sanpham\/cac-mon-sup\/sup-ca-chua-cay\/"]}]},{"@type":"ImageObject","inLanguage":"vi-VN","@id":"https:\/\/tandoorvietnam.com\/vi\/sanpham\/cac-mon-sup\/sup-ca-chua-cay\/#primaryimage","url":"https:\/\/tandoorvietnam.com\/wp-content\/uploads\/2020\/06\/Tamarta-Dhania-sorba.jpg","contentUrl":"https:\/\/tandoorvietnam.com\/wp-content\/uploads\/2020\/06\/Tamarta-Dhania-sorba.jpg","width":1400,"height":1400,"caption":"S\u00daP C\u00c0 CHUA CAY"},{"@type":"BreadcrumbList","@id":"https:\/\/tandoorvietnam.com\/vi\/sanpham\/cac-mon-sup\/sup-ca-chua-cay\/#breadcrumb","itemListElement":[{"@type":"ListItem","position":1,"name":"Trang Ch\u1ee7","item":"https:\/\/tandoorvietnam.com\/vi\/"},{"@type":"ListItem","position":2,"name":"Shop","item":"https:\/\/tandoorvietnam.com\/shop\/"},{"@type":"ListItem","position":3,"name":"Tamatar Dhania Shorba (S\u00daP C\u00c0 CHUA CAY)"}]},{"@type":"WebSite","@id":"https:\/\/tandoorvietnam.com\/vi\/#website","url":"https:\/\/tandoorvietnam.com\/vi\/","name":"Tandoor Vietnam","description":"Nh\u00e0 h\u00e0ng ngon h\u1ed3 ch\u00ed minh","publisher":{"@id":"https:\/\/tandoorvietnam.com\/vi\/#organization"},"potentialAction":[{"@type":"SearchAction","target":{"@type":"EntryPoint","urlTemplate":"https:\/\/tandoorvietnam.com\/vi\/?s={search_term_string}"},"query-input":{"@type":"PropertyValueSpecification","valueRequired":true,"valueName":"search_term_string"}}],"inLanguage":"vi-VN"},{"@type":"Organization","@id":"https:\/\/tandoorvietnam.com\/vi\/#organization","name":"Tandoor Vietnam","url":"https:\/\/tandoorvietnam.com\/vi\/","logo":{"@type":"ImageObject","inLanguage":"vi-VN","@id":"https:\/\/tandoorvietnam.com\/vi\/#\/schema\/logo\/image\/","url":"https:\/\/tandoorvietnam.com\/wp-content\/uploads\/2020\/07\/logo.png","contentUrl":"https:\/\/tandoorvietnam.com\/wp-content\/uploads\/2020\/07\/logo.png","width":133,"height":75,"caption":"Tandoor Vietnam"},"image":{"@id":"https:\/\/tandoorvietnam.com\/vi\/#\/schema\/logo\/image\/"},"sameAs":["https:\/\/www.facebook.com\/tandoor.hcmc\/"]}]}},"_links":{"self":[{"href":"https:\/\/tandoorvietnam.com\/vi\/wp-json\/wp\/v2\/product\/2981","targetHints":{"allow":["GET"]}}],"collection":[{"href":"https:\/\/tandoorvietnam.com\/vi\/wp-json\/wp\/v2\/product"}],"about":[{"href":"https:\/\/tandoorvietnam.com\/vi\/wp-json\/wp\/v2\/types\/product"}],"wp:featuredmedia":[{"embeddable":true,"href":"https:\/\/tandoorvietnam.com\/vi\/wp-json\/wp\/v2\/media\/2982"}],"wp:attachment":[{"href":"https:\/\/tandoorvietnam.com\/vi\/wp-json\/wp\/v2\/media?parent=2981"}],"wp:term":[{"taxonomy":"product_brand","embeddable":true,"href":"https:\/\/tandoorvietnam.com\/vi\/wp-json\/wp\/v2\/product_brand?post=2981"},{"taxonomy":"product_cat","embeddable":true,"href":"https:\/\/tandoorvietnam.com\/vi\/wp-json\/wp\/v2\/product_cat?post=2981"},{"taxonomy":"product_tag","embeddable":true,"href":"https:\/\/tandoorvietnam.com\/vi\/wp-json\/wp\/v2\/product_tag?post=2981"}],"curies":[{"name":"wp","href":"https:\/\/api.w.org\/{rel}","templated":true}]}}