{"id":2983,"date":"2020-06-16T13:48:04","date_gmt":"2021-04-11T12:24:18","guid":{"rendered":"http:\/\/tandoorvietnam.com\/product\/uncategorized\/sup-rau-chua-cay\/"},"modified":"2023-05-08T10:39:39","modified_gmt":"2023-05-08T10:39:39","slug":"sup-rau-chua-cay","status":"publish","type":"product","link":"https:\/\/tandoorvietnam.com\/vi\/sanpham\/cac-mon-sup\/sup-rau-chua-cay\/","title":{"rendered":"Veg Hot and Sour soup (S\u00daP RAU CHUA CAY)"},"content":{"rendered":"<p>S\u00fap rau chua cay l\u00e0 m\u1ed9t trong nh\u1eefng m\u00f3n \u0103n \u0111\u01b0\u1ee3c y\u00eau th\u00edch t\u1ea1i Tandoor Vietnam. \u0110\u00e2y l\u00e0 m\u1ed9t m\u00f3n s\u00fap truy\u1ec1n th\u1ed1ng c\u1ee7a \u1ea4n \u0110\u1ed9 v\u1edbi h\u01b0\u01a1ng v\u1ecb \u0111\u1eb7c tr\u01b0ng, cay n\u1ed3ng v\u00e0 \u0111\u1ea7y tinh t\u1ebf. M\u00f3n \u0103n n\u00e0y \u0111\u01b0\u1ee3c l\u00e0m t\u1eeb rau c\u1ee7 t\u01b0\u01a1i ngon nh\u01b0 c\u00e0 r\u1ed1t, b\u1eafp c\u1ea3i, c\u00e0 chua, h\u00e0nh t\u00e2y, t\u1ecfi v\u00e0 \u1edbt c\u00f9ng v\u1edbi c\u00e1c lo\u1ea1i gia v\u1ecb \u1ea4n \u0110\u1ed9 \u0111\u1eb7c tr\u01b0ng nh\u01b0 h\u1ea1t cumin, h\u00e0nh kh\u00f4 v\u00e0 ti\u00eau \u0111en.<\/p>\n<p>S\u00fap rau chua cay \u0111\u01b0\u1ee3c n\u1ea5u ch\u00edn \u0111\u1ec1u v\u00e0 h\u00f2a quy\u1ec7n c\u00e1c h\u01b0\u01a1ng v\u1ecb m\u1ed9t c\u00e1ch ho\u00e0n h\u1ea3o, t\u1ea1o n\u00ean m\u1ed9t m\u00f3n s\u00fap th\u01a1m ngon, cay n\u1ed3ng \u0111\u1eadm \u0111\u00e0 v\u00e0 \u0111\u1ea7y tinh t\u1ebf. M\u00f3n \u0103n n\u00e0y \u0111\u01b0\u1ee3c \u0103n k\u00e8m v\u1edbi b\u00e1nh m\u00ec n\u01b0\u1edbng gi\u00f2n ho\u1eb7c b\u00e1nh papadum, t\u1ea1o n\u00ean m\u1ed9t s\u1ef1 k\u1ebft h\u1ee3p tuy\u1ec7t v\u1eddi.<\/p>\n<p>Veg Hot and Sour soup kh\u00f4ng ch\u1ec9 c\u00f3 v\u1ecb ngon tuy\u1ec7t v\u1eddi m\u00e0 c\u00f2n mang l\u1ea1i l\u1ee3i \u00edch cho s\u1ee9c kh\u1ecfe. Rau c\u1ee7 trong m\u00f3n \u0103n n\u00e0y gi\u00e0u ch\u1ea5t dinh d\u01b0\u1ee1ng v\u00e0 ch\u1ea5t x\u01a1, gi\u00fap t\u0103ng c\u01b0\u1eddng h\u1ec7 ti\u00eau h\u00f3a v\u00e0 gi\u1ea3m c\u00e2n hi\u1ec7u qu\u1ea3. H\u01a1n n\u1eefa, c\u00e1c gia v\u1ecb trong s\u00fap c\u0169ng mang l\u1ea1i nh\u1eefng l\u1ee3i \u00edch cho s\u1ee9c kh\u1ecfe nh\u01b0 kh\u00e1ng vi\u00eam, gi\u1ea3m \u0111au, t\u0103ng c\u01b0\u1eddng mi\u1ec5n d\u1ecbch v\u00e0 gi\u1ea3m nguy c\u01a1 m\u1eafc c\u00e1c b\u1ec7nh m\u00e3n t\u00ednh.<\/p>\n<p>H\u00e3y t\u1eadn h\u01b0\u1edfng h\u01b0\u01a1ng v\u1ecb tuy\u1ec7t v\u1eddi c\u1ee7a s\u00fap rau chua cay t\u1ea1i <a href=\"https:\/\/tandoorvietnam.com\/\">Tandoor Vietnam<\/a> v\u00e0 t\u1eadn h\u01b0\u1edfng nh\u1eefng l\u1ee3i \u00edch cho s\u1ee9c kh\u1ecfe m\u00e0 m\u00f3n \u0103n n\u00e0y mang l\u1ea1i.<\/p>\n","protected":false},"excerpt":{"rendered":"<p>Chinese veg soup<\/p>\n<p><em>S\u00fap rau n\u1ea5u chua cay theo ki\u1ec3u Hoa<\/em><\/p>\n","protected":false},"featured_media":2984,"template":"","meta":[],"product_brand":[],"product_cat":[217],"product_tag":[],"class_list":{"0":"post-2983","1":"product","2":"type-product","3":"status-publish","4":"has-post-thumbnail","6":"product_cat-cac-mon-sup","8":"first","9":"instock","10":"taxable","11":"shipping-taxable","12":"purchasable","13":"product-type-simple"},"yoast_head":"<!-- This site is optimized with the Yoast SEO Premium plugin v22.3 (Yoast SEO v27.6) - https:\/\/yoast.com\/product\/yoast-seo-premium-wordpress\/ -->\n<title>Veg Hot and Sour soup (S\u00daP RAU CHUA CAY) - Tandoor Vi\u1ec7t Nam<\/title>\n<meta name=\"description\" content=\"T\u1eadn h\u01b0\u1edfng h\u01b0\u01a1ng v\u1ecb tuy\u1ec7t v\u1eddi c\u1ee7a s\u00fap rau chua cay t\u1ea1i Tandoor Vietnam. S\u1ef1 k\u1ebft h\u1ee3p ho\u00e0n h\u1ea3o c\u1ee7a rau c\u1ee7 t\u01b0\u01a1i ngon v\u00e0 gia v\u1ecb \u0111\u1eb7c bi\u1ec7t.\" \/>\n<meta name=\"robots\" content=\"index, follow, max-snippet:-1, max-image-preview:large, max-video-preview:-1\" \/>\n<link rel=\"canonical\" href=\"https:\/\/tandoorvietnam.com\/vi\/sanpham\/cac-mon-sup\/sup-rau-chua-cay\/\" \/>\n<meta property=\"og:locale\" content=\"vi_VN\" \/>\n<meta property=\"og:type\" content=\"article\" \/>\n<meta property=\"og:title\" content=\"Veg Hot and Sour soup (S\u00daP RAU CHUA CAY)\" \/>\n<meta property=\"og:description\" content=\"T\u1eadn h\u01b0\u1edfng h\u01b0\u01a1ng v\u1ecb tuy\u1ec7t v\u1eddi c\u1ee7a s\u00fap rau chua cay t\u1ea1i Tandoor Vietnam. S\u1ef1 k\u1ebft h\u1ee3p ho\u00e0n h\u1ea3o c\u1ee7a rau c\u1ee7 t\u01b0\u01a1i ngon v\u00e0 gia v\u1ecb \u0111\u1eb7c bi\u1ec7t.\" \/>\n<meta property=\"og:url\" content=\"https:\/\/tandoorvietnam.com\/vi\/sanpham\/cac-mon-sup\/sup-rau-chua-cay\/\" \/>\n<meta property=\"og:site_name\" content=\"Tandoor Vi\u1ec7t Nam\" \/>\n<meta property=\"article:publisher\" content=\"https:\/\/www.facebook.com\/tandoor.hcmc\/\" \/>\n<meta property=\"article:modified_time\" content=\"2023-05-08T10:39:39+00:00\" \/>\n<meta property=\"og:image\" content=\"https:\/\/tandoorvietnam.com\/wp-content\/uploads\/2020\/06\/Vegetable-hot-and-sour-soup.jpg\" \/>\n\t<meta property=\"og:image:width\" content=\"1400\" \/>\n\t<meta property=\"og:image:height\" content=\"1400\" \/>\n\t<meta property=\"og:image:type\" content=\"image\/jpeg\" \/>\n<meta name=\"twitter:card\" content=\"summary_large_image\" \/>\n<meta name=\"twitter:label1\" content=\"Est. reading time\" \/>\n\t<meta name=\"twitter:data1\" content=\"2 minutes\" \/>\n<script type=\"application\/ld+json\" class=\"yoast-schema-graph\">{\"@context\":\"https:\\\/\\\/schema.org\",\"@graph\":[{\"@type\":\"WebPage\",\"@id\":\"https:\\\/\\\/tandoorvietnam.com\\\/vi\\\/sanpham\\\/cac-mon-sup\\\/sup-rau-chua-cay\\\/\",\"url\":\"https:\\\/\\\/tandoorvietnam.com\\\/vi\\\/sanpham\\\/cac-mon-sup\\\/sup-rau-chua-cay\\\/\",\"name\":\"Veg Hot and Sour soup (S\u00daP RAU CHUA CAY) - Tandoor Vi\u1ec7t Nam\",\"isPartOf\":{\"@id\":\"https:\\\/\\\/tandoorvietnam.com\\\/vi\\\/#website\"},\"primaryImageOfPage\":{\"@id\":\"https:\\\/\\\/tandoorvietnam.com\\\/vi\\\/sanpham\\\/cac-mon-sup\\\/sup-rau-chua-cay\\\/#primaryimage\"},\"image\":{\"@id\":\"https:\\\/\\\/tandoorvietnam.com\\\/vi\\\/sanpham\\\/cac-mon-sup\\\/sup-rau-chua-cay\\\/#primaryimage\"},\"thumbnailUrl\":\"https:\\\/\\\/tandoorvietnam.com\\\/wp-content\\\/uploads\\\/2020\\\/06\\\/Vegetable-hot-and-sour-soup.jpg\",\"datePublished\":\"2021-04-11T12:24:18+00:00\",\"dateModified\":\"2023-05-08T10:39:39+00:00\",\"description\":\"T\u1eadn h\u01b0\u1edfng h\u01b0\u01a1ng v\u1ecb tuy\u1ec7t v\u1eddi c\u1ee7a s\u00fap rau chua cay t\u1ea1i Tandoor Vietnam. S\u1ef1 k\u1ebft h\u1ee3p ho\u00e0n h\u1ea3o c\u1ee7a rau c\u1ee7 t\u01b0\u01a1i ngon v\u00e0 gia v\u1ecb \u0111\u1eb7c bi\u1ec7t.\",\"breadcrumb\":{\"@id\":\"https:\\\/\\\/tandoorvietnam.com\\\/vi\\\/sanpham\\\/cac-mon-sup\\\/sup-rau-chua-cay\\\/#breadcrumb\"},\"inLanguage\":\"vi-VN\",\"potentialAction\":[{\"@type\":\"ReadAction\",\"target\":[\"https:\\\/\\\/tandoorvietnam.com\\\/vi\\\/sanpham\\\/cac-mon-sup\\\/sup-rau-chua-cay\\\/\"]}]},{\"@type\":\"ImageObject\",\"inLanguage\":\"vi-VN\",\"@id\":\"https:\\\/\\\/tandoorvietnam.com\\\/vi\\\/sanpham\\\/cac-mon-sup\\\/sup-rau-chua-cay\\\/#primaryimage\",\"url\":\"https:\\\/\\\/tandoorvietnam.com\\\/wp-content\\\/uploads\\\/2020\\\/06\\\/Vegetable-hot-and-sour-soup.jpg\",\"contentUrl\":\"https:\\\/\\\/tandoorvietnam.com\\\/wp-content\\\/uploads\\\/2020\\\/06\\\/Vegetable-hot-and-sour-soup.jpg\",\"width\":1400,\"height\":1400,\"caption\":\"S\u00daP RAU CHUA CAY\"},{\"@type\":\"BreadcrumbList\",\"@id\":\"https:\\\/\\\/tandoorvietnam.com\\\/vi\\\/sanpham\\\/cac-mon-sup\\\/sup-rau-chua-cay\\\/#breadcrumb\",\"itemListElement\":[{\"@type\":\"ListItem\",\"position\":1,\"name\":\"Trang Ch\u1ee7\",\"item\":\"https:\\\/\\\/tandoorvietnam.com\\\/vi\\\/\"},{\"@type\":\"ListItem\",\"position\":2,\"name\":\"Shop\",\"item\":\"https:\\\/\\\/tandoorvietnam.com\\\/shop\\\/\"},{\"@type\":\"ListItem\",\"position\":3,\"name\":\"Veg Hot and Sour soup (S\u00daP RAU CHUA CAY)\"}]},{\"@type\":\"WebSite\",\"@id\":\"https:\\\/\\\/tandoorvietnam.com\\\/vi\\\/#website\",\"url\":\"https:\\\/\\\/tandoorvietnam.com\\\/vi\\\/\",\"name\":\"Tandoor Vietnam\",\"description\":\"Nh\u00e0 h\u00e0ng ngon h\u1ed3 ch\u00ed minh\",\"publisher\":{\"@id\":\"https:\\\/\\\/tandoorvietnam.com\\\/vi\\\/#organization\"},\"potentialAction\":[{\"@type\":\"SearchAction\",\"target\":{\"@type\":\"EntryPoint\",\"urlTemplate\":\"https:\\\/\\\/tandoorvietnam.com\\\/vi\\\/?s={search_term_string}\"},\"query-input\":{\"@type\":\"PropertyValueSpecification\",\"valueRequired\":true,\"valueName\":\"search_term_string\"}}],\"inLanguage\":\"vi-VN\"},{\"@type\":\"Organization\",\"@id\":\"https:\\\/\\\/tandoorvietnam.com\\\/vi\\\/#organization\",\"name\":\"Tandoor Vietnam\",\"url\":\"https:\\\/\\\/tandoorvietnam.com\\\/vi\\\/\",\"logo\":{\"@type\":\"ImageObject\",\"inLanguage\":\"vi-VN\",\"@id\":\"https:\\\/\\\/tandoorvietnam.com\\\/vi\\\/#\\\/schema\\\/logo\\\/image\\\/\",\"url\":\"https:\\\/\\\/tandoorvietnam.com\\\/wp-content\\\/uploads\\\/2020\\\/07\\\/logo.png\",\"contentUrl\":\"https:\\\/\\\/tandoorvietnam.com\\\/wp-content\\\/uploads\\\/2020\\\/07\\\/logo.png\",\"width\":133,\"height\":75,\"caption\":\"Tandoor Vietnam\"},\"image\":{\"@id\":\"https:\\\/\\\/tandoorvietnam.com\\\/vi\\\/#\\\/schema\\\/logo\\\/image\\\/\"},\"sameAs\":[\"https:\\\/\\\/www.facebook.com\\\/tandoor.hcmc\\\/\"]}]}<\/script>\n<!-- \/ Yoast SEO Premium plugin. -->","yoast_head_json":{"title":"Veg Hot and Sour soup (S\u00daP RAU CHUA CAY) - Tandoor Vi\u1ec7t Nam","description":"T\u1eadn h\u01b0\u1edfng h\u01b0\u01a1ng v\u1ecb tuy\u1ec7t v\u1eddi c\u1ee7a s\u00fap rau chua cay t\u1ea1i Tandoor Vietnam. S\u1ef1 k\u1ebft h\u1ee3p ho\u00e0n h\u1ea3o c\u1ee7a rau c\u1ee7 t\u01b0\u01a1i ngon v\u00e0 gia v\u1ecb \u0111\u1eb7c bi\u1ec7t.","robots":{"index":"index","follow":"follow","max-snippet":"max-snippet:-1","max-image-preview":"max-image-preview:large","max-video-preview":"max-video-preview:-1"},"canonical":"https:\/\/tandoorvietnam.com\/vi\/sanpham\/cac-mon-sup\/sup-rau-chua-cay\/","og_locale":"vi_VN","og_type":"article","og_title":"Veg Hot and Sour soup (S\u00daP RAU CHUA CAY)","og_description":"T\u1eadn h\u01b0\u1edfng h\u01b0\u01a1ng v\u1ecb tuy\u1ec7t v\u1eddi c\u1ee7a s\u00fap rau chua cay t\u1ea1i Tandoor Vietnam. S\u1ef1 k\u1ebft h\u1ee3p ho\u00e0n h\u1ea3o c\u1ee7a rau c\u1ee7 t\u01b0\u01a1i ngon v\u00e0 gia v\u1ecb \u0111\u1eb7c bi\u1ec7t.","og_url":"https:\/\/tandoorvietnam.com\/vi\/sanpham\/cac-mon-sup\/sup-rau-chua-cay\/","og_site_name":"Tandoor Vi\u1ec7t Nam","article_publisher":"https:\/\/www.facebook.com\/tandoor.hcmc\/","article_modified_time":"2023-05-08T10:39:39+00:00","og_image":[{"width":1400,"height":1400,"url":"https:\/\/tandoorvietnam.com\/wp-content\/uploads\/2020\/06\/Vegetable-hot-and-sour-soup.jpg","type":"image\/jpeg"}],"twitter_card":"summary_large_image","twitter_misc":{"Est. reading time":"2 minutes"},"schema":{"@context":"https:\/\/schema.org","@graph":[{"@type":"WebPage","@id":"https:\/\/tandoorvietnam.com\/vi\/sanpham\/cac-mon-sup\/sup-rau-chua-cay\/","url":"https:\/\/tandoorvietnam.com\/vi\/sanpham\/cac-mon-sup\/sup-rau-chua-cay\/","name":"Veg Hot and Sour soup (S\u00daP RAU CHUA CAY) - Tandoor Vi\u1ec7t Nam","isPartOf":{"@id":"https:\/\/tandoorvietnam.com\/vi\/#website"},"primaryImageOfPage":{"@id":"https:\/\/tandoorvietnam.com\/vi\/sanpham\/cac-mon-sup\/sup-rau-chua-cay\/#primaryimage"},"image":{"@id":"https:\/\/tandoorvietnam.com\/vi\/sanpham\/cac-mon-sup\/sup-rau-chua-cay\/#primaryimage"},"thumbnailUrl":"https:\/\/tandoorvietnam.com\/wp-content\/uploads\/2020\/06\/Vegetable-hot-and-sour-soup.jpg","datePublished":"2021-04-11T12:24:18+00:00","dateModified":"2023-05-08T10:39:39+00:00","description":"T\u1eadn h\u01b0\u1edfng h\u01b0\u01a1ng v\u1ecb tuy\u1ec7t v\u1eddi c\u1ee7a s\u00fap rau chua cay t\u1ea1i Tandoor Vietnam. S\u1ef1 k\u1ebft h\u1ee3p ho\u00e0n h\u1ea3o c\u1ee7a rau c\u1ee7 t\u01b0\u01a1i ngon v\u00e0 gia v\u1ecb \u0111\u1eb7c bi\u1ec7t.","breadcrumb":{"@id":"https:\/\/tandoorvietnam.com\/vi\/sanpham\/cac-mon-sup\/sup-rau-chua-cay\/#breadcrumb"},"inLanguage":"vi-VN","potentialAction":[{"@type":"ReadAction","target":["https:\/\/tandoorvietnam.com\/vi\/sanpham\/cac-mon-sup\/sup-rau-chua-cay\/"]}]},{"@type":"ImageObject","inLanguage":"vi-VN","@id":"https:\/\/tandoorvietnam.com\/vi\/sanpham\/cac-mon-sup\/sup-rau-chua-cay\/#primaryimage","url":"https:\/\/tandoorvietnam.com\/wp-content\/uploads\/2020\/06\/Vegetable-hot-and-sour-soup.jpg","contentUrl":"https:\/\/tandoorvietnam.com\/wp-content\/uploads\/2020\/06\/Vegetable-hot-and-sour-soup.jpg","width":1400,"height":1400,"caption":"S\u00daP RAU CHUA CAY"},{"@type":"BreadcrumbList","@id":"https:\/\/tandoorvietnam.com\/vi\/sanpham\/cac-mon-sup\/sup-rau-chua-cay\/#breadcrumb","itemListElement":[{"@type":"ListItem","position":1,"name":"Trang Ch\u1ee7","item":"https:\/\/tandoorvietnam.com\/vi\/"},{"@type":"ListItem","position":2,"name":"Shop","item":"https:\/\/tandoorvietnam.com\/shop\/"},{"@type":"ListItem","position":3,"name":"Veg Hot and Sour soup (S\u00daP RAU CHUA CAY)"}]},{"@type":"WebSite","@id":"https:\/\/tandoorvietnam.com\/vi\/#website","url":"https:\/\/tandoorvietnam.com\/vi\/","name":"Tandoor Vietnam","description":"Nh\u00e0 h\u00e0ng ngon h\u1ed3 ch\u00ed minh","publisher":{"@id":"https:\/\/tandoorvietnam.com\/vi\/#organization"},"potentialAction":[{"@type":"SearchAction","target":{"@type":"EntryPoint","urlTemplate":"https:\/\/tandoorvietnam.com\/vi\/?s={search_term_string}"},"query-input":{"@type":"PropertyValueSpecification","valueRequired":true,"valueName":"search_term_string"}}],"inLanguage":"vi-VN"},{"@type":"Organization","@id":"https:\/\/tandoorvietnam.com\/vi\/#organization","name":"Tandoor Vietnam","url":"https:\/\/tandoorvietnam.com\/vi\/","logo":{"@type":"ImageObject","inLanguage":"vi-VN","@id":"https:\/\/tandoorvietnam.com\/vi\/#\/schema\/logo\/image\/","url":"https:\/\/tandoorvietnam.com\/wp-content\/uploads\/2020\/07\/logo.png","contentUrl":"https:\/\/tandoorvietnam.com\/wp-content\/uploads\/2020\/07\/logo.png","width":133,"height":75,"caption":"Tandoor Vietnam"},"image":{"@id":"https:\/\/tandoorvietnam.com\/vi\/#\/schema\/logo\/image\/"},"sameAs":["https:\/\/www.facebook.com\/tandoor.hcmc\/"]}]}},"_links":{"self":[{"href":"https:\/\/tandoorvietnam.com\/vi\/wp-json\/wp\/v2\/product\/2983","targetHints":{"allow":["GET"]}}],"collection":[{"href":"https:\/\/tandoorvietnam.com\/vi\/wp-json\/wp\/v2\/product"}],"about":[{"href":"https:\/\/tandoorvietnam.com\/vi\/wp-json\/wp\/v2\/types\/product"}],"wp:featuredmedia":[{"embeddable":true,"href":"https:\/\/tandoorvietnam.com\/vi\/wp-json\/wp\/v2\/media\/2984"}],"wp:attachment":[{"href":"https:\/\/tandoorvietnam.com\/vi\/wp-json\/wp\/v2\/media?parent=2983"}],"wp:term":[{"taxonomy":"product_brand","embeddable":true,"href":"https:\/\/tandoorvietnam.com\/vi\/wp-json\/wp\/v2\/product_brand?post=2983"},{"taxonomy":"product_cat","embeddable":true,"href":"https:\/\/tandoorvietnam.com\/vi\/wp-json\/wp\/v2\/product_cat?post=2983"},{"taxonomy":"product_tag","embeddable":true,"href":"https:\/\/tandoorvietnam.com\/vi\/wp-json\/wp\/v2\/product_tag?post=2983"}],"curies":[{"name":"wp","href":"https:\/\/api.w.org\/{rel}","templated":true}]}}