{"id":2985,"date":"2020-06-16T13:41:55","date_gmt":"2021-04-11T12:27:28","guid":{"rendered":"http:\/\/tandoorvietnam.com\/product\/uncategorized\/sup-rau-bap\/"},"modified":"2023-05-09T09:01:46","modified_gmt":"2023-05-09T09:01:46","slug":"sup-rau-bap","status":"publish","type":"product","link":"https:\/\/tandoorvietnam.com\/vi\/sanpham\/cac-mon-sup\/sup-rau-bap\/","title":{"rendered":"Veg Sweet Corn Soup (S\u00daP RAU B\u1eaeP)"},"content":{"rendered":"<p>S\u00fap rau v\u00e0 b\u1eafp h\u1ea1t l\u00e0 m\u00f3n s\u00fap \u0111\u01b0\u1ee3c y\u00eau th\u00edch t\u1ea1i Tandoor Vietnam v\u1edbi h\u01b0\u01a1ng v\u1ecb t\u01b0\u01a1i ngon v\u00e0 d\u1ec5 ch\u1ecbu. S\u1ef1 k\u1ebft h\u1ee3p ho\u00e0n h\u1ea3o gi\u1eefa rau c\u1ee7 t\u01b0\u01a1i ngon v\u00e0 b\u1eafp h\u1ea1t gi\u00f2n s\u1ebd mang \u0111\u1ebfn cho b\u1ea1n tr\u1ea3i nghi\u1ec7m \u1ea9m th\u1ef1c tuy\u1ec7t v\u1eddi.<\/p>\n<p>M\u00f3n s\u00fap n\u00e0y kh\u00f4ng ch\u1ec9 c\u00f3 h\u01b0\u01a1ng v\u1ecb \u0111\u1eadm \u0111\u00e0 m\u00e0 c\u00f2n r\u1ea5t b\u1ed5 d\u01b0\u1ee1ng. Rau c\u1ee7 \u0111\u01b0\u1ee3c ch\u1ecdn l\u1ef1a k\u1ef9 c\u00e0ng, \u0111\u01b0\u1ee3c ch\u1ebf bi\u1ebfn tinh t\u1ebf \u0111\u1ec3 gi\u1eef \u0111\u01b0\u1ee3c h\u01b0\u01a1ng v\u1ecb v\u00e0 gi\u00e1 tr\u1ecb dinh d\u01b0\u1ee1ng c\u1ee7a ch\u00fang.<\/p>\n<p>B\u1eafp h\u1ea1t \u0111\u01b0\u1ee3c ch\u1ecdn t\u1eeb nh\u1eefng tr\u00e1i b\u1eafp t\u01b0\u01a1i ngon, \u0111\u01b0\u1ee3c rang gi\u00f2n \u0111\u1ec3 t\u1ea1o ra \u0111\u1ed9 gi\u00f2n v\u00e0 v\u1ecb ngon \u0111\u1eb7c tr\u01b0ng. Khi n\u1ebfm s\u00fap, b\u1ea1n s\u1ebd c\u1ea3m nh\u1eadn \u0111\u01b0\u1ee3c s\u1ef1 h\u00f2a quy\u1ec7n tuy\u1ec7t v\u1eddi c\u1ee7a v\u1ecb ng\u1ecdt t\u1eeb rau v\u00e0 b\u1eafp h\u1ea1t, c\u00f9ng v\u1edbi h\u01b0\u01a1ng v\u1ecb th\u01a1m ngon c\u1ee7a c\u00e1c lo\u1ea1i gia v\u1ecb t\u1ea1o n\u00ean h\u01b0\u01a1ng v\u1ecb \u0111\u1ed9c \u0111\u00e1o cho m\u00f3n s\u00fap. \u0110\u1eb7c bi\u1ec7t, Veg Sweet Corn Soup l\u00e0 m\u00f3n \u0103n b\u1ed5 d\u01b0\u1ee1ng, cung c\u1ea5p cho c\u01a1 th\u1ec3 nhi\u1ec1u ch\u1ea5t dinh d\u01b0\u1ee1ng c\u1ea7n thi\u1ebft cho s\u1ee9c kh\u1ecfe.<\/p>\n<p>Tandoor Vietnam cam k\u1ebft s\u1eed d\u1ee5ng nguy\u00ean li\u1ec7u t\u01b0\u01a1i ngon v\u00e0 ch\u1ea5t l\u01b0\u1ee3ng, \u0111\u01b0\u1ee3c ch\u1ebf bi\u1ebfn v\u1edbi k\u1ef9 thu\u1eadt tinh t\u1ebf \u0111\u1ec3 t\u1ea1o ra m\u00f3n s\u00fap tuy\u1ec7t h\u1ea3o. S\u00fap rau v\u00e0 b\u1eafp h\u1ea1t c\u00f3 th\u1ec3 \u0111\u01b0\u1ee3c d\u00f9ng l\u00e0m m\u00f3n khai v\u1ecb ho\u1eb7c ch\u00ednh, t\u00f9y theo kh\u1ea9u v\u1ecb v\u00e0 nhu c\u1ea7u c\u1ee7a m\u1ed7i ng\u01b0\u1eddi.<\/p>\n<p>N\u1ebfu b\u1ea1n mu\u1ed1n th\u01b0\u1edfng th\u1ee9c m\u00f3n s\u00fap ngon l\u00e0nh, \u0111\u1ea7y \u0111\u1ee7 dinh d\u01b0\u1ee1ng, h\u00e3y \u0111\u1ebfn v\u1edbi n<a href=\"https:\/\/tandoorvietnam.com\/\">h\u00e0 h\u00e0ng Tandoor Vietnam<\/a> v\u00e0 c\u1ea3m nh\u1eadn h\u01b0\u01a1ng v\u1ecb tuy\u1ec7t v\u1eddi c\u1ee7a s\u00fap rau v\u00e0 b\u1eafp h\u1ea1t.<\/p>\n","protected":false},"excerpt":{"rendered":"<p>Garnished with vegetables and corn<\/p>\n<p>S\u00fap rau v\u00e0 b\u0103p h\u1ea1t<\/p>\n","protected":false},"featured_media":2986,"template":"","meta":[],"product_brand":[],"product_cat":[217],"product_tag":[],"class_list":{"0":"post-2985","1":"product","2":"type-product","3":"status-publish","4":"has-post-thumbnail","6":"product_cat-cac-mon-sup","8":"first","9":"instock","10":"taxable","11":"shipping-taxable","12":"purchasable","13":"product-type-simple"},"yoast_head":"<!-- This site is optimized with the Yoast SEO Premium plugin v22.3 (Yoast SEO v27.5) - https:\/\/yoast.com\/product\/yoast-seo-premium-wordpress\/ -->\n<title>Veg Sweet Corn Soup (S\u00daP RAU B\u1eaeP) - Tandoor Vi\u1ec7t Nam<\/title>\n<meta name=\"description\" content=\"Kh\u00e1m ph\u00e1 s\u1ef1 t\u01b0\u01a1i ngon c\u1ee7a S\u00fap Rau B\u1eafp t\u1ea1i nh\u00e0 h\u00e0ng Tandoor Vietnam - n\u01a1i mang \u0111\u1ebfn cho b\u1ea1n nh\u1eefng m\u00f3n \u0103n ngon t\u1eeb \u1ea9m th\u1ef1c \u1ea4n \u0110\u1ed9.\" \/>\n<meta name=\"robots\" content=\"index, follow, max-snippet:-1, max-image-preview:large, max-video-preview:-1\" \/>\n<link rel=\"canonical\" href=\"https:\/\/tandoorvietnam.com\/vi\/sanpham\/cac-mon-sup\/sup-rau-bap\/\" \/>\n<meta property=\"og:locale\" content=\"vi_VN\" \/>\n<meta property=\"og:type\" content=\"article\" \/>\n<meta property=\"og:title\" content=\"Veg Sweet Corn Soup (S\u00daP RAU B\u1eaeP)\" \/>\n<meta property=\"og:description\" content=\"Kh\u00e1m ph\u00e1 s\u1ef1 t\u01b0\u01a1i ngon c\u1ee7a S\u00fap Rau B\u1eafp t\u1ea1i nh\u00e0 h\u00e0ng Tandoor Vietnam - n\u01a1i mang \u0111\u1ebfn cho b\u1ea1n nh\u1eefng m\u00f3n \u0103n ngon t\u1eeb \u1ea9m th\u1ef1c \u1ea4n \u0110\u1ed9.\" \/>\n<meta property=\"og:url\" content=\"https:\/\/tandoorvietnam.com\/vi\/sanpham\/cac-mon-sup\/sup-rau-bap\/\" \/>\n<meta property=\"og:site_name\" content=\"Tandoor Vi\u1ec7t Nam\" \/>\n<meta property=\"article:publisher\" content=\"https:\/\/www.facebook.com\/tandoor.hcmc\/\" \/>\n<meta property=\"article:modified_time\" content=\"2023-05-09T09:01:46+00:00\" \/>\n<meta property=\"og:image\" content=\"https:\/\/tandoorvietnam.com\/wp-content\/uploads\/2020\/06\/Vegetable-sweet-corn-soup.jpg\" \/>\n\t<meta property=\"og:image:width\" content=\"1400\" \/>\n\t<meta property=\"og:image:height\" content=\"1400\" \/>\n\t<meta property=\"og:image:type\" content=\"image\/jpeg\" \/>\n<meta name=\"twitter:card\" content=\"summary_large_image\" \/>\n<meta name=\"twitter:label1\" content=\"Est. reading time\" \/>\n\t<meta name=\"twitter:data1\" content=\"2 minutes\" \/>\n<script type=\"application\/ld+json\" class=\"yoast-schema-graph\">{\"@context\":\"https:\\\/\\\/schema.org\",\"@graph\":[{\"@type\":\"WebPage\",\"@id\":\"https:\\\/\\\/tandoorvietnam.com\\\/vi\\\/sanpham\\\/cac-mon-sup\\\/sup-rau-bap\\\/\",\"url\":\"https:\\\/\\\/tandoorvietnam.com\\\/vi\\\/sanpham\\\/cac-mon-sup\\\/sup-rau-bap\\\/\",\"name\":\"Veg Sweet Corn Soup (S\u00daP RAU B\u1eaeP) - Tandoor Vi\u1ec7t Nam\",\"isPartOf\":{\"@id\":\"https:\\\/\\\/tandoorvietnam.com\\\/vi\\\/#website\"},\"primaryImageOfPage\":{\"@id\":\"https:\\\/\\\/tandoorvietnam.com\\\/vi\\\/sanpham\\\/cac-mon-sup\\\/sup-rau-bap\\\/#primaryimage\"},\"image\":{\"@id\":\"https:\\\/\\\/tandoorvietnam.com\\\/vi\\\/sanpham\\\/cac-mon-sup\\\/sup-rau-bap\\\/#primaryimage\"},\"thumbnailUrl\":\"https:\\\/\\\/tandoorvietnam.com\\\/wp-content\\\/uploads\\\/2020\\\/06\\\/Vegetable-sweet-corn-soup.jpg\",\"datePublished\":\"2021-04-11T12:27:28+00:00\",\"dateModified\":\"2023-05-09T09:01:46+00:00\",\"description\":\"Kh\u00e1m ph\u00e1 s\u1ef1 t\u01b0\u01a1i ngon c\u1ee7a S\u00fap Rau B\u1eafp t\u1ea1i nh\u00e0 h\u00e0ng Tandoor Vietnam - n\u01a1i mang \u0111\u1ebfn cho b\u1ea1n nh\u1eefng m\u00f3n \u0103n ngon t\u1eeb \u1ea9m th\u1ef1c \u1ea4n \u0110\u1ed9.\",\"breadcrumb\":{\"@id\":\"https:\\\/\\\/tandoorvietnam.com\\\/vi\\\/sanpham\\\/cac-mon-sup\\\/sup-rau-bap\\\/#breadcrumb\"},\"inLanguage\":\"vi-VN\",\"potentialAction\":[{\"@type\":\"ReadAction\",\"target\":[\"https:\\\/\\\/tandoorvietnam.com\\\/vi\\\/sanpham\\\/cac-mon-sup\\\/sup-rau-bap\\\/\"]}]},{\"@type\":\"ImageObject\",\"inLanguage\":\"vi-VN\",\"@id\":\"https:\\\/\\\/tandoorvietnam.com\\\/vi\\\/sanpham\\\/cac-mon-sup\\\/sup-rau-bap\\\/#primaryimage\",\"url\":\"https:\\\/\\\/tandoorvietnam.com\\\/wp-content\\\/uploads\\\/2020\\\/06\\\/Vegetable-sweet-corn-soup.jpg\",\"contentUrl\":\"https:\\\/\\\/tandoorvietnam.com\\\/wp-content\\\/uploads\\\/2020\\\/06\\\/Vegetable-sweet-corn-soup.jpg\",\"width\":1400,\"height\":1400,\"caption\":\"S\u00daP RAU B\u1eaeP\"},{\"@type\":\"BreadcrumbList\",\"@id\":\"https:\\\/\\\/tandoorvietnam.com\\\/vi\\\/sanpham\\\/cac-mon-sup\\\/sup-rau-bap\\\/#breadcrumb\",\"itemListElement\":[{\"@type\":\"ListItem\",\"position\":1,\"name\":\"Trang Ch\u1ee7\",\"item\":\"https:\\\/\\\/tandoorvietnam.com\\\/vi\\\/\"},{\"@type\":\"ListItem\",\"position\":2,\"name\":\"Shop\",\"item\":\"https:\\\/\\\/tandoorvietnam.com\\\/shop\\\/\"},{\"@type\":\"ListItem\",\"position\":3,\"name\":\"Veg Sweet Corn Soup (S\u00daP RAU B\u1eaeP)\"}]},{\"@type\":\"WebSite\",\"@id\":\"https:\\\/\\\/tandoorvietnam.com\\\/vi\\\/#website\",\"url\":\"https:\\\/\\\/tandoorvietnam.com\\\/vi\\\/\",\"name\":\"Tandoor Vietnam\",\"description\":\"Nh\u00e0 h\u00e0ng ngon h\u1ed3 ch\u00ed minh\",\"publisher\":{\"@id\":\"https:\\\/\\\/tandoorvietnam.com\\\/vi\\\/#organization\"},\"potentialAction\":[{\"@type\":\"SearchAction\",\"target\":{\"@type\":\"EntryPoint\",\"urlTemplate\":\"https:\\\/\\\/tandoorvietnam.com\\\/vi\\\/?s={search_term_string}\"},\"query-input\":{\"@type\":\"PropertyValueSpecification\",\"valueRequired\":true,\"valueName\":\"search_term_string\"}}],\"inLanguage\":\"vi-VN\"},{\"@type\":\"Organization\",\"@id\":\"https:\\\/\\\/tandoorvietnam.com\\\/vi\\\/#organization\",\"name\":\"Tandoor Vietnam\",\"url\":\"https:\\\/\\\/tandoorvietnam.com\\\/vi\\\/\",\"logo\":{\"@type\":\"ImageObject\",\"inLanguage\":\"vi-VN\",\"@id\":\"https:\\\/\\\/tandoorvietnam.com\\\/vi\\\/#\\\/schema\\\/logo\\\/image\\\/\",\"url\":\"https:\\\/\\\/tandoorvietnam.com\\\/wp-content\\\/uploads\\\/2020\\\/07\\\/logo.png\",\"contentUrl\":\"https:\\\/\\\/tandoorvietnam.com\\\/wp-content\\\/uploads\\\/2020\\\/07\\\/logo.png\",\"width\":133,\"height\":75,\"caption\":\"Tandoor Vietnam\"},\"image\":{\"@id\":\"https:\\\/\\\/tandoorvietnam.com\\\/vi\\\/#\\\/schema\\\/logo\\\/image\\\/\"},\"sameAs\":[\"https:\\\/\\\/www.facebook.com\\\/tandoor.hcmc\\\/\"]}]}<\/script>\n<!-- \/ Yoast SEO Premium plugin. -->","yoast_head_json":{"title":"Veg Sweet Corn Soup (S\u00daP RAU B\u1eaeP) - Tandoor Vi\u1ec7t Nam","description":"Kh\u00e1m ph\u00e1 s\u1ef1 t\u01b0\u01a1i ngon c\u1ee7a S\u00fap Rau B\u1eafp t\u1ea1i nh\u00e0 h\u00e0ng Tandoor Vietnam - n\u01a1i mang \u0111\u1ebfn cho b\u1ea1n nh\u1eefng m\u00f3n \u0103n ngon t\u1eeb \u1ea9m th\u1ef1c \u1ea4n \u0110\u1ed9.","robots":{"index":"index","follow":"follow","max-snippet":"max-snippet:-1","max-image-preview":"max-image-preview:large","max-video-preview":"max-video-preview:-1"},"canonical":"https:\/\/tandoorvietnam.com\/vi\/sanpham\/cac-mon-sup\/sup-rau-bap\/","og_locale":"vi_VN","og_type":"article","og_title":"Veg Sweet Corn Soup (S\u00daP RAU B\u1eaeP)","og_description":"Kh\u00e1m ph\u00e1 s\u1ef1 t\u01b0\u01a1i ngon c\u1ee7a S\u00fap Rau B\u1eafp t\u1ea1i nh\u00e0 h\u00e0ng Tandoor Vietnam - n\u01a1i mang \u0111\u1ebfn cho b\u1ea1n nh\u1eefng m\u00f3n \u0103n ngon t\u1eeb \u1ea9m th\u1ef1c \u1ea4n \u0110\u1ed9.","og_url":"https:\/\/tandoorvietnam.com\/vi\/sanpham\/cac-mon-sup\/sup-rau-bap\/","og_site_name":"Tandoor Vi\u1ec7t Nam","article_publisher":"https:\/\/www.facebook.com\/tandoor.hcmc\/","article_modified_time":"2023-05-09T09:01:46+00:00","og_image":[{"width":1400,"height":1400,"url":"https:\/\/tandoorvietnam.com\/wp-content\/uploads\/2020\/06\/Vegetable-sweet-corn-soup.jpg","type":"image\/jpeg"}],"twitter_card":"summary_large_image","twitter_misc":{"Est. reading time":"2 minutes"},"schema":{"@context":"https:\/\/schema.org","@graph":[{"@type":"WebPage","@id":"https:\/\/tandoorvietnam.com\/vi\/sanpham\/cac-mon-sup\/sup-rau-bap\/","url":"https:\/\/tandoorvietnam.com\/vi\/sanpham\/cac-mon-sup\/sup-rau-bap\/","name":"Veg Sweet Corn Soup (S\u00daP RAU B\u1eaeP) - Tandoor Vi\u1ec7t Nam","isPartOf":{"@id":"https:\/\/tandoorvietnam.com\/vi\/#website"},"primaryImageOfPage":{"@id":"https:\/\/tandoorvietnam.com\/vi\/sanpham\/cac-mon-sup\/sup-rau-bap\/#primaryimage"},"image":{"@id":"https:\/\/tandoorvietnam.com\/vi\/sanpham\/cac-mon-sup\/sup-rau-bap\/#primaryimage"},"thumbnailUrl":"https:\/\/tandoorvietnam.com\/wp-content\/uploads\/2020\/06\/Vegetable-sweet-corn-soup.jpg","datePublished":"2021-04-11T12:27:28+00:00","dateModified":"2023-05-09T09:01:46+00:00","description":"Kh\u00e1m ph\u00e1 s\u1ef1 t\u01b0\u01a1i ngon c\u1ee7a S\u00fap Rau B\u1eafp t\u1ea1i nh\u00e0 h\u00e0ng Tandoor Vietnam - n\u01a1i mang \u0111\u1ebfn cho b\u1ea1n nh\u1eefng m\u00f3n \u0103n ngon t\u1eeb \u1ea9m th\u1ef1c \u1ea4n \u0110\u1ed9.","breadcrumb":{"@id":"https:\/\/tandoorvietnam.com\/vi\/sanpham\/cac-mon-sup\/sup-rau-bap\/#breadcrumb"},"inLanguage":"vi-VN","potentialAction":[{"@type":"ReadAction","target":["https:\/\/tandoorvietnam.com\/vi\/sanpham\/cac-mon-sup\/sup-rau-bap\/"]}]},{"@type":"ImageObject","inLanguage":"vi-VN","@id":"https:\/\/tandoorvietnam.com\/vi\/sanpham\/cac-mon-sup\/sup-rau-bap\/#primaryimage","url":"https:\/\/tandoorvietnam.com\/wp-content\/uploads\/2020\/06\/Vegetable-sweet-corn-soup.jpg","contentUrl":"https:\/\/tandoorvietnam.com\/wp-content\/uploads\/2020\/06\/Vegetable-sweet-corn-soup.jpg","width":1400,"height":1400,"caption":"S\u00daP RAU B\u1eaeP"},{"@type":"BreadcrumbList","@id":"https:\/\/tandoorvietnam.com\/vi\/sanpham\/cac-mon-sup\/sup-rau-bap\/#breadcrumb","itemListElement":[{"@type":"ListItem","position":1,"name":"Trang Ch\u1ee7","item":"https:\/\/tandoorvietnam.com\/vi\/"},{"@type":"ListItem","position":2,"name":"Shop","item":"https:\/\/tandoorvietnam.com\/shop\/"},{"@type":"ListItem","position":3,"name":"Veg Sweet Corn Soup (S\u00daP RAU B\u1eaeP)"}]},{"@type":"WebSite","@id":"https:\/\/tandoorvietnam.com\/vi\/#website","url":"https:\/\/tandoorvietnam.com\/vi\/","name":"Tandoor Vietnam","description":"Nh\u00e0 h\u00e0ng ngon h\u1ed3 ch\u00ed minh","publisher":{"@id":"https:\/\/tandoorvietnam.com\/vi\/#organization"},"potentialAction":[{"@type":"SearchAction","target":{"@type":"EntryPoint","urlTemplate":"https:\/\/tandoorvietnam.com\/vi\/?s={search_term_string}"},"query-input":{"@type":"PropertyValueSpecification","valueRequired":true,"valueName":"search_term_string"}}],"inLanguage":"vi-VN"},{"@type":"Organization","@id":"https:\/\/tandoorvietnam.com\/vi\/#organization","name":"Tandoor Vietnam","url":"https:\/\/tandoorvietnam.com\/vi\/","logo":{"@type":"ImageObject","inLanguage":"vi-VN","@id":"https:\/\/tandoorvietnam.com\/vi\/#\/schema\/logo\/image\/","url":"https:\/\/tandoorvietnam.com\/wp-content\/uploads\/2020\/07\/logo.png","contentUrl":"https:\/\/tandoorvietnam.com\/wp-content\/uploads\/2020\/07\/logo.png","width":133,"height":75,"caption":"Tandoor Vietnam"},"image":{"@id":"https:\/\/tandoorvietnam.com\/vi\/#\/schema\/logo\/image\/"},"sameAs":["https:\/\/www.facebook.com\/tandoor.hcmc\/"]}]}},"_links":{"self":[{"href":"https:\/\/tandoorvietnam.com\/vi\/wp-json\/wp\/v2\/product\/2985","targetHints":{"allow":["GET"]}}],"collection":[{"href":"https:\/\/tandoorvietnam.com\/vi\/wp-json\/wp\/v2\/product"}],"about":[{"href":"https:\/\/tandoorvietnam.com\/vi\/wp-json\/wp\/v2\/types\/product"}],"wp:featuredmedia":[{"embeddable":true,"href":"https:\/\/tandoorvietnam.com\/vi\/wp-json\/wp\/v2\/media\/2986"}],"wp:attachment":[{"href":"https:\/\/tandoorvietnam.com\/vi\/wp-json\/wp\/v2\/media?parent=2985"}],"wp:term":[{"taxonomy":"product_brand","embeddable":true,"href":"https:\/\/tandoorvietnam.com\/vi\/wp-json\/wp\/v2\/product_brand?post=2985"},{"taxonomy":"product_cat","embeddable":true,"href":"https:\/\/tandoorvietnam.com\/vi\/wp-json\/wp\/v2\/product_cat?post=2985"},{"taxonomy":"product_tag","embeddable":true,"href":"https:\/\/tandoorvietnam.com\/vi\/wp-json\/wp\/v2\/product_tag?post=2985"}],"curies":[{"name":"wp","href":"https:\/\/api.w.org\/{rel}","templated":true}]}}