{"id":2987,"date":"2020-06-20T15:44:35","date_gmt":"2021-04-11T12:30:05","guid":{"rendered":"http:\/\/tandoorvietnam.com\/product\/uncategorized\/com-ga-biryani\/"},"modified":"2023-05-15T10:29:59","modified_gmt":"2023-05-15T10:29:59","slug":"com-ga-biryani","status":"publish","type":"product","link":"https:\/\/tandoorvietnam.com\/vi\/sanpham\/cac-mon-com\/com-ga-biryani\/","title":{"rendered":"Chicken Biryani (C\u01a1m g\u00e0 Biryani)"},"content":{"rendered":"<p>C\u01a1m g\u00e0 Biryani l\u00e0 m\u1ed9t m\u00f3n \u0103n \u0111\u1eb7c tr\u01b0ng c\u1ee7a \u1ea4n \u0110\u1ed9, n\u1ed5i ti\u1ebfng v\u1edbi h\u01b0\u01a1ng v\u1ecb h\u1ea5p d\u1eabn v\u00e0 s\u1ef1 k\u1ebft h\u1ee3p tuy\u1ec7t v\u1eddi gi\u1eefa c\u01a1m v\u00e0 gia v\u1ecb. T\u1ea1i Tandoor Vietnam, ch\u00fang t\u00f4i mang \u0111\u1ebfn cho b\u1ea1n tr\u1ea3i nghi\u1ec7m \u1ea9m th\u1ef1c \u0111\u1ed9c \u0111\u00e1o n\u00e0y.<\/p>\n<p>C\u01a1m g\u00e0 Biryani \u0111\u01b0\u1ee3c l\u00e0m t\u1eeb c\u01a1m Basmati th\u01a1m ngon, h\u00f2a quy\u1ec7n v\u1edbi g\u00e0 t\u01b0\u01a1i m\u1ec1m v\u00e0 c\u00e1c lo\u1ea1i gia v\u1ecb \u1ea4n \u0110\u1ed9 \u0111\u1eb7c tr\u01b0ng nh\u01b0 h\u1ea1t cardamom, h\u1ea1t ti\u00eau, h\u1ea1t \u0111i\u1ec1u, gia v\u1ecb Biryani \u0111\u1eb7c bi\u1ec7t v\u00e0 nhi\u1ec1u lo\u1ea1i th\u1ea3o m\u1ed9c t\u01b0\u01a1i ngon. M\u00f3n \u0103n n\u00e0y c\u00f3 m\u1ed9t h\u01b0\u01a1ng v\u1ecb \u0111\u1ed9c \u0111\u00e1o v\u00e0 tinh t\u1ebf, khi\u1ebfn b\u1ea1n kh\u00f4ng th\u1ec3 c\u01b0\u1ee1ng l\u1ea1i.<\/p>\n<p>\u0110\u1eb7c \u0111i\u1ec3m n\u1ed5i b\u1eadt c\u1ee7a Chicken Biryani l\u00e0 qu\u00e1 tr\u00ecnh n\u1ea5u nhanh v\u00e0 kh\u00e9o l\u00e9o, gi\u00fap c\u01a1m h\u00f2a quy\u1ec7n ho\u00e0n h\u1ea3o v\u1edbi gia v\u1ecb v\u00e0 th\u1ecbt g\u00e0. K\u1ebft qu\u1ea3 l\u00e0 m\u1ed9t \u0111\u0129a c\u01a1m g\u00e0 th\u01a1m ngon, h\u1ea5p d\u1eabn m\u00e0 m\u1ed7i h\u1ea1t c\u01a1m \u0111\u1ec1u th\u1ea5m \u0111\u01b0\u1ee3m h\u01b0\u01a1ng v\u1ecb gia v\u1ecb.<\/p>\n<p>T\u1ea1i Tandoor Vietnam, ch\u00fang t\u00f4i lu\u00f4n \u0111\u1ea3m b\u1ea3o ch\u1ea5t l\u01b0\u1ee3ng c\u1ee7a c\u00e1c nguy\u00ean li\u1ec7u s\u1eed d\u1ee5ng \u0111\u1ec3 t\u1ea1o ra m\u00f3n Chicken Biryani. G\u00e0 t\u01b0\u01a1i ngon, c\u01a1m Basmati ch\u1ea5t l\u01b0\u1ee3ng cao v\u00e0 c\u00e1c gia v\u1ecb t\u1ef1 nhi\u00ean \u0111\u01b0\u1ee3c ch\u1ecdn l\u1ef1a k\u1ef9 c\u00e0ng. Ch\u00fang t\u00f4i \u0111\u1ea3m b\u1ea3o m\u00f3n \u0103n s\u1ebd mang \u0111\u1ebfn cho b\u1ea1n m\u1ed9t tr\u1ea3i nghi\u1ec7m \u1ea9m th\u1ef1c tuy\u1ec7t v\u1eddi.<\/p>\n<p>Chicken Biryani th\u01b0\u1eddng \u0111\u01b0\u1ee3c \u0103n k\u00e8m v\u1edbi raita (m\u00f3n s\u1ed1t chua t\u1eeb s\u1eefa chua), salad ho\u1eb7c c\u00e1c lo\u1ea1i chutney \u0111\u1ec3 t\u1ea1o th\u00eam h\u01b0\u01a1ng v\u1ecb \u0111\u1eb7c tr\u01b0ng. B\u1ea1n c\u00f3 th\u1ec3 th\u01b0\u1edfng th\u1ee9c m\u00f3n \u0103n n\u00e0y t\u1ea1i <a href=\"https:\/\/tandoorvietnam.com\/\">Tandoor Vietnam<\/a>, n\u01a1i mang \u0111\u1ebfn cho b\u1ea1n m\u1ed9t tr\u1ea3i nghi\u1ec7m \u1ea9m th\u1ef1c \u1ea4n \u0110\u1ed9 \u0111\u00edch th\u1ef1c v\u00e0 nh\u1eefng m\u00f3n \u0103n \u0111\u1ed9c \u0111\u00e1o.<\/p>\n","protected":false},"excerpt":{"rendered":"<p>&nbsp;<\/p>\n<table width=\"723\">\n<tbody>\n<tr>\n<td width=\"412\">Spiced Basmati Rice with Chicken<\/td>\n<\/tr>\n<tr>\n<td width=\"412\"><em> C\u01a1m n\u1ecb x\u00e0o kh\u00f4 v\u1edbi g\u00e0 v\u00e0 gia v\u1ecb cay<\/em><\/td>\n<\/tr>\n<\/tbody>\n<\/table>\n","protected":false},"featured_media":2988,"template":"","meta":[],"product_brand":[],"product_cat":[216],"product_tag":[],"class_list":{"0":"post-2987","1":"product","2":"type-product","3":"status-publish","4":"has-post-thumbnail","6":"product_cat-cac-mon-com","8":"first","9":"instock","10":"taxable","11":"shipping-taxable","12":"purchasable","13":"product-type-simple"},"yoast_head":"<!-- This site is optimized with the Yoast SEO Premium plugin v22.3 (Yoast SEO v27.4) - https:\/\/yoast.com\/product\/yoast-seo-premium-wordpress\/ -->\n<title>Chicken Biryani (C\u01a1m g\u00e0 Biryani) - Tandoor Vi\u1ec7t Nam<\/title>\n<meta name=\"description\" content=\"M\u00f3n C\u01a1m g\u00e0 Biryani - H\u01b0\u01a1ng v\u1ecb h\u1ea5p d\u1eabn c\u1ee7a c\u01a1m h\u00f2a quy\u1ec7n v\u1edbi gia v\u1ecb \u1ea4n \u0110\u1ed9 t\u1ea1i Tandoor Vietnam. Tr\u1ea3i nghi\u1ec7m \u1ea9m th\u1ef1c \u0111\u1ed9c \u0111\u00e1o!\" \/>\n<meta name=\"robots\" content=\"index, follow, max-snippet:-1, max-image-preview:large, max-video-preview:-1\" \/>\n<link rel=\"canonical\" href=\"https:\/\/tandoorvietnam.com\/vi\/sanpham\/cac-mon-com\/com-ga-biryani\/\" \/>\n<meta property=\"og:locale\" content=\"vi_VN\" \/>\n<meta property=\"og:type\" content=\"article\" \/>\n<meta property=\"og:title\" content=\"Chicken Biryani (C\u01a1m g\u00e0 Biryani)\" \/>\n<meta property=\"og:description\" content=\"M\u00f3n C\u01a1m g\u00e0 Biryani - H\u01b0\u01a1ng v\u1ecb h\u1ea5p d\u1eabn c\u1ee7a c\u01a1m h\u00f2a quy\u1ec7n v\u1edbi gia v\u1ecb \u1ea4n \u0110\u1ed9 t\u1ea1i Tandoor Vietnam. Tr\u1ea3i nghi\u1ec7m \u1ea9m th\u1ef1c \u0111\u1ed9c \u0111\u00e1o!\" \/>\n<meta property=\"og:url\" content=\"https:\/\/tandoorvietnam.com\/vi\/sanpham\/cac-mon-com\/com-ga-biryani\/\" \/>\n<meta property=\"og:site_name\" content=\"Tandoor Vi\u1ec7t Nam\" \/>\n<meta property=\"article:publisher\" content=\"https:\/\/www.facebook.com\/tandoor.hcmc\/\" \/>\n<meta property=\"article:modified_time\" content=\"2023-05-15T10:29:59+00:00\" \/>\n<meta property=\"og:image\" content=\"https:\/\/tandoorvietnam.com\/wp-content\/uploads\/2020\/06\/Chicken-biryani1-10.jpg\" \/>\n\t<meta property=\"og:image:width\" content=\"1400\" \/>\n\t<meta property=\"og:image:height\" content=\"1400\" \/>\n\t<meta property=\"og:image:type\" content=\"image\/jpeg\" \/>\n<meta name=\"twitter:card\" content=\"summary_large_image\" \/>\n<meta name=\"twitter:label1\" content=\"Est. reading time\" \/>\n\t<meta name=\"twitter:data1\" content=\"2 minutes\" \/>\n<script type=\"application\/ld+json\" class=\"yoast-schema-graph\">{\"@context\":\"https:\\\/\\\/schema.org\",\"@graph\":[{\"@type\":\"WebPage\",\"@id\":\"https:\\\/\\\/tandoorvietnam.com\\\/vi\\\/sanpham\\\/cac-mon-com\\\/com-ga-biryani\\\/\",\"url\":\"https:\\\/\\\/tandoorvietnam.com\\\/vi\\\/sanpham\\\/cac-mon-com\\\/com-ga-biryani\\\/\",\"name\":\"Chicken Biryani (C\u01a1m g\u00e0 Biryani) - Tandoor Vi\u1ec7t Nam\",\"isPartOf\":{\"@id\":\"https:\\\/\\\/tandoorvietnam.com\\\/vi\\\/#website\"},\"primaryImageOfPage\":{\"@id\":\"https:\\\/\\\/tandoorvietnam.com\\\/vi\\\/sanpham\\\/cac-mon-com\\\/com-ga-biryani\\\/#primaryimage\"},\"image\":{\"@id\":\"https:\\\/\\\/tandoorvietnam.com\\\/vi\\\/sanpham\\\/cac-mon-com\\\/com-ga-biryani\\\/#primaryimage\"},\"thumbnailUrl\":\"https:\\\/\\\/tandoorvietnam.com\\\/wp-content\\\/uploads\\\/2020\\\/06\\\/Chicken-biryani1-10.jpg\",\"datePublished\":\"2021-04-11T12:30:05+00:00\",\"dateModified\":\"2023-05-15T10:29:59+00:00\",\"description\":\"M\u00f3n C\u01a1m g\u00e0 Biryani - H\u01b0\u01a1ng v\u1ecb h\u1ea5p d\u1eabn c\u1ee7a c\u01a1m h\u00f2a quy\u1ec7n v\u1edbi gia v\u1ecb \u1ea4n \u0110\u1ed9 t\u1ea1i Tandoor Vietnam. Tr\u1ea3i nghi\u1ec7m \u1ea9m th\u1ef1c \u0111\u1ed9c \u0111\u00e1o!\",\"breadcrumb\":{\"@id\":\"https:\\\/\\\/tandoorvietnam.com\\\/vi\\\/sanpham\\\/cac-mon-com\\\/com-ga-biryani\\\/#breadcrumb\"},\"inLanguage\":\"vi-VN\",\"potentialAction\":[{\"@type\":\"ReadAction\",\"target\":[\"https:\\\/\\\/tandoorvietnam.com\\\/vi\\\/sanpham\\\/cac-mon-com\\\/com-ga-biryani\\\/\"]}]},{\"@type\":\"ImageObject\",\"inLanguage\":\"vi-VN\",\"@id\":\"https:\\\/\\\/tandoorvietnam.com\\\/vi\\\/sanpham\\\/cac-mon-com\\\/com-ga-biryani\\\/#primaryimage\",\"url\":\"https:\\\/\\\/tandoorvietnam.com\\\/wp-content\\\/uploads\\\/2020\\\/06\\\/Chicken-biryani1-10.jpg\",\"contentUrl\":\"https:\\\/\\\/tandoorvietnam.com\\\/wp-content\\\/uploads\\\/2020\\\/06\\\/Chicken-biryani1-10.jpg\",\"width\":1400,\"height\":1400,\"caption\":\"C\u01a0M N\u1eca G\u00c0 CAY\"},{\"@type\":\"BreadcrumbList\",\"@id\":\"https:\\\/\\\/tandoorvietnam.com\\\/vi\\\/sanpham\\\/cac-mon-com\\\/com-ga-biryani\\\/#breadcrumb\",\"itemListElement\":[{\"@type\":\"ListItem\",\"position\":1,\"name\":\"Trang Ch\u1ee7\",\"item\":\"https:\\\/\\\/tandoorvietnam.com\\\/vi\\\/\"},{\"@type\":\"ListItem\",\"position\":2,\"name\":\"Shop\",\"item\":\"https:\\\/\\\/tandoorvietnam.com\\\/shop\\\/\"},{\"@type\":\"ListItem\",\"position\":3,\"name\":\"Chicken Biryani (C\u01a1m g\u00e0 Biryani)\"}]},{\"@type\":\"WebSite\",\"@id\":\"https:\\\/\\\/tandoorvietnam.com\\\/vi\\\/#website\",\"url\":\"https:\\\/\\\/tandoorvietnam.com\\\/vi\\\/\",\"name\":\"Tandoor Vietnam\",\"description\":\"Nh\u00e0 h\u00e0ng ngon h\u1ed3 ch\u00ed minh\",\"publisher\":{\"@id\":\"https:\\\/\\\/tandoorvietnam.com\\\/vi\\\/#organization\"},\"potentialAction\":[{\"@type\":\"SearchAction\",\"target\":{\"@type\":\"EntryPoint\",\"urlTemplate\":\"https:\\\/\\\/tandoorvietnam.com\\\/vi\\\/?s={search_term_string}\"},\"query-input\":{\"@type\":\"PropertyValueSpecification\",\"valueRequired\":true,\"valueName\":\"search_term_string\"}}],\"inLanguage\":\"vi-VN\"},{\"@type\":\"Organization\",\"@id\":\"https:\\\/\\\/tandoorvietnam.com\\\/vi\\\/#organization\",\"name\":\"Tandoor Vietnam\",\"url\":\"https:\\\/\\\/tandoorvietnam.com\\\/vi\\\/\",\"logo\":{\"@type\":\"ImageObject\",\"inLanguage\":\"vi-VN\",\"@id\":\"https:\\\/\\\/tandoorvietnam.com\\\/vi\\\/#\\\/schema\\\/logo\\\/image\\\/\",\"url\":\"https:\\\/\\\/tandoorvietnam.com\\\/wp-content\\\/uploads\\\/2020\\\/07\\\/logo.png\",\"contentUrl\":\"https:\\\/\\\/tandoorvietnam.com\\\/wp-content\\\/uploads\\\/2020\\\/07\\\/logo.png\",\"width\":133,\"height\":75,\"caption\":\"Tandoor Vietnam\"},\"image\":{\"@id\":\"https:\\\/\\\/tandoorvietnam.com\\\/vi\\\/#\\\/schema\\\/logo\\\/image\\\/\"},\"sameAs\":[\"https:\\\/\\\/www.facebook.com\\\/tandoor.hcmc\\\/\"]}]}<\/script>\n<!-- \/ Yoast SEO Premium plugin. -->","yoast_head_json":{"title":"Chicken Biryani (C\u01a1m g\u00e0 Biryani) - Tandoor Vi\u1ec7t Nam","description":"M\u00f3n C\u01a1m g\u00e0 Biryani - H\u01b0\u01a1ng v\u1ecb h\u1ea5p d\u1eabn c\u1ee7a c\u01a1m h\u00f2a quy\u1ec7n v\u1edbi gia v\u1ecb \u1ea4n \u0110\u1ed9 t\u1ea1i Tandoor Vietnam. Tr\u1ea3i nghi\u1ec7m \u1ea9m th\u1ef1c \u0111\u1ed9c \u0111\u00e1o!","robots":{"index":"index","follow":"follow","max-snippet":"max-snippet:-1","max-image-preview":"max-image-preview:large","max-video-preview":"max-video-preview:-1"},"canonical":"https:\/\/tandoorvietnam.com\/vi\/sanpham\/cac-mon-com\/com-ga-biryani\/","og_locale":"vi_VN","og_type":"article","og_title":"Chicken Biryani (C\u01a1m g\u00e0 Biryani)","og_description":"M\u00f3n C\u01a1m g\u00e0 Biryani - H\u01b0\u01a1ng v\u1ecb h\u1ea5p d\u1eabn c\u1ee7a c\u01a1m h\u00f2a quy\u1ec7n v\u1edbi gia v\u1ecb \u1ea4n \u0110\u1ed9 t\u1ea1i Tandoor Vietnam. Tr\u1ea3i nghi\u1ec7m \u1ea9m th\u1ef1c \u0111\u1ed9c \u0111\u00e1o!","og_url":"https:\/\/tandoorvietnam.com\/vi\/sanpham\/cac-mon-com\/com-ga-biryani\/","og_site_name":"Tandoor Vi\u1ec7t Nam","article_publisher":"https:\/\/www.facebook.com\/tandoor.hcmc\/","article_modified_time":"2023-05-15T10:29:59+00:00","og_image":[{"width":1400,"height":1400,"url":"https:\/\/tandoorvietnam.com\/wp-content\/uploads\/2020\/06\/Chicken-biryani1-10.jpg","type":"image\/jpeg"}],"twitter_card":"summary_large_image","twitter_misc":{"Est. reading time":"2 minutes"},"schema":{"@context":"https:\/\/schema.org","@graph":[{"@type":"WebPage","@id":"https:\/\/tandoorvietnam.com\/vi\/sanpham\/cac-mon-com\/com-ga-biryani\/","url":"https:\/\/tandoorvietnam.com\/vi\/sanpham\/cac-mon-com\/com-ga-biryani\/","name":"Chicken Biryani (C\u01a1m g\u00e0 Biryani) - Tandoor Vi\u1ec7t Nam","isPartOf":{"@id":"https:\/\/tandoorvietnam.com\/vi\/#website"},"primaryImageOfPage":{"@id":"https:\/\/tandoorvietnam.com\/vi\/sanpham\/cac-mon-com\/com-ga-biryani\/#primaryimage"},"image":{"@id":"https:\/\/tandoorvietnam.com\/vi\/sanpham\/cac-mon-com\/com-ga-biryani\/#primaryimage"},"thumbnailUrl":"https:\/\/tandoorvietnam.com\/wp-content\/uploads\/2020\/06\/Chicken-biryani1-10.jpg","datePublished":"2021-04-11T12:30:05+00:00","dateModified":"2023-05-15T10:29:59+00:00","description":"M\u00f3n C\u01a1m g\u00e0 Biryani - H\u01b0\u01a1ng v\u1ecb h\u1ea5p d\u1eabn c\u1ee7a c\u01a1m h\u00f2a quy\u1ec7n v\u1edbi gia v\u1ecb \u1ea4n \u0110\u1ed9 t\u1ea1i Tandoor Vietnam. Tr\u1ea3i nghi\u1ec7m \u1ea9m th\u1ef1c \u0111\u1ed9c \u0111\u00e1o!","breadcrumb":{"@id":"https:\/\/tandoorvietnam.com\/vi\/sanpham\/cac-mon-com\/com-ga-biryani\/#breadcrumb"},"inLanguage":"vi-VN","potentialAction":[{"@type":"ReadAction","target":["https:\/\/tandoorvietnam.com\/vi\/sanpham\/cac-mon-com\/com-ga-biryani\/"]}]},{"@type":"ImageObject","inLanguage":"vi-VN","@id":"https:\/\/tandoorvietnam.com\/vi\/sanpham\/cac-mon-com\/com-ga-biryani\/#primaryimage","url":"https:\/\/tandoorvietnam.com\/wp-content\/uploads\/2020\/06\/Chicken-biryani1-10.jpg","contentUrl":"https:\/\/tandoorvietnam.com\/wp-content\/uploads\/2020\/06\/Chicken-biryani1-10.jpg","width":1400,"height":1400,"caption":"C\u01a0M N\u1eca G\u00c0 CAY"},{"@type":"BreadcrumbList","@id":"https:\/\/tandoorvietnam.com\/vi\/sanpham\/cac-mon-com\/com-ga-biryani\/#breadcrumb","itemListElement":[{"@type":"ListItem","position":1,"name":"Trang Ch\u1ee7","item":"https:\/\/tandoorvietnam.com\/vi\/"},{"@type":"ListItem","position":2,"name":"Shop","item":"https:\/\/tandoorvietnam.com\/shop\/"},{"@type":"ListItem","position":3,"name":"Chicken Biryani (C\u01a1m g\u00e0 Biryani)"}]},{"@type":"WebSite","@id":"https:\/\/tandoorvietnam.com\/vi\/#website","url":"https:\/\/tandoorvietnam.com\/vi\/","name":"Tandoor Vietnam","description":"Nh\u00e0 h\u00e0ng ngon h\u1ed3 ch\u00ed minh","publisher":{"@id":"https:\/\/tandoorvietnam.com\/vi\/#organization"},"potentialAction":[{"@type":"SearchAction","target":{"@type":"EntryPoint","urlTemplate":"https:\/\/tandoorvietnam.com\/vi\/?s={search_term_string}"},"query-input":{"@type":"PropertyValueSpecification","valueRequired":true,"valueName":"search_term_string"}}],"inLanguage":"vi-VN"},{"@type":"Organization","@id":"https:\/\/tandoorvietnam.com\/vi\/#organization","name":"Tandoor Vietnam","url":"https:\/\/tandoorvietnam.com\/vi\/","logo":{"@type":"ImageObject","inLanguage":"vi-VN","@id":"https:\/\/tandoorvietnam.com\/vi\/#\/schema\/logo\/image\/","url":"https:\/\/tandoorvietnam.com\/wp-content\/uploads\/2020\/07\/logo.png","contentUrl":"https:\/\/tandoorvietnam.com\/wp-content\/uploads\/2020\/07\/logo.png","width":133,"height":75,"caption":"Tandoor Vietnam"},"image":{"@id":"https:\/\/tandoorvietnam.com\/vi\/#\/schema\/logo\/image\/"},"sameAs":["https:\/\/www.facebook.com\/tandoor.hcmc\/"]}]}},"_links":{"self":[{"href":"https:\/\/tandoorvietnam.com\/vi\/wp-json\/wp\/v2\/product\/2987","targetHints":{"allow":["GET"]}}],"collection":[{"href":"https:\/\/tandoorvietnam.com\/vi\/wp-json\/wp\/v2\/product"}],"about":[{"href":"https:\/\/tandoorvietnam.com\/vi\/wp-json\/wp\/v2\/types\/product"}],"wp:featuredmedia":[{"embeddable":true,"href":"https:\/\/tandoorvietnam.com\/vi\/wp-json\/wp\/v2\/media\/2988"}],"wp:attachment":[{"href":"https:\/\/tandoorvietnam.com\/vi\/wp-json\/wp\/v2\/media?parent=2987"}],"wp:term":[{"taxonomy":"product_brand","embeddable":true,"href":"https:\/\/tandoorvietnam.com\/vi\/wp-json\/wp\/v2\/product_brand?post=2987"},{"taxonomy":"product_cat","embeddable":true,"href":"https:\/\/tandoorvietnam.com\/vi\/wp-json\/wp\/v2\/product_cat?post=2987"},{"taxonomy":"product_tag","embeddable":true,"href":"https:\/\/tandoorvietnam.com\/vi\/wp-json\/wp\/v2\/product_tag?post=2987"}],"curies":[{"name":"wp","href":"https:\/\/api.w.org\/{rel}","templated":true}]}}