{"id":2990,"date":"2020-06-20T15:30:29","date_gmt":"2021-04-11T12:37:21","guid":{"rendered":"http:\/\/tandoorvietnam.com\/product\/uncategorized\/com-ni-ga-cay\/"},"modified":"2023-05-14T15:39:48","modified_gmt":"2023-05-14T15:39:48","slug":"com-ni-ga-cay","status":"publish","type":"product","link":"https:\/\/tandoorvietnam.com\/vi\/sanpham\/cac-mon-com\/com-ni-ga-cay\/","title":{"rendered":"Chicken Fried Rice (C\u01a0M N\u1eca G\u00c0 CAY)"},"content":{"rendered":"<p>C\u01a1m n\u1ecb g\u00e0 cay l\u00e0 m\u00f3n \u0103n \u0111\u1eadm \u0111\u00e0, h\u1ea5p d\u1eabn v\u00e0 r\u1ea5t ph\u1ed5 bi\u1ebfn trong \u1ea9m th\u1ef1c \u1ea4n \u0110\u1ed9. T\u1ea1i <a href=\"https:\/\/tandoorvietnam.com\/\">Tandoor Vietnam<\/a>, ch\u00fang t\u00f4i mang \u0111\u1ebfn cho b\u1ea1n m\u1ed9t phi\u00ean b\u1ea3n \u0111\u1eb7c bi\u1ec7t c\u1ee7a m\u00f3n \u0103n n\u00e0y, v\u1edbi g\u00e0 \u0111\u01b0\u1ee3c chi\u00ean gi\u00f2n v\u00e0 ph\u1ee7 l\u1edbp s\u1ed1t cay \u0111\u1eb7c tr\u01b0ng, k\u00e8m v\u1edbi c\u01a1m tr\u1eafng th\u01a1m m\u1ec1m v\u00e0 rau c\u1ea3i t\u01b0\u01a1i ngon.<\/p>\n<p>S\u1ef1 k\u1ebft h\u1ee3p gi\u1eefa v\u1ecb cay, ng\u1ecdt v\u00e0 m\u1eb7n l\u00e0m cho m\u00f3n c\u01a1m n\u1ecb g\u00e0 cay tr\u1edf th\u00e0nh m\u1ed9t m\u00f3n \u0103n v\u00f4 c\u00f9ng th\u00fa v\u1ecb v\u00e0 h\u1ea5p d\u1eabn. G\u00e0 \u0111\u01b0\u1ee3c \u01b0\u1edbp v\u1edbi c\u00e1c gia v\u1ecb \u0111\u1eb7c tr\u01b0ng, sau \u0111\u00f3 \u0111\u01b0\u1ee3c chi\u00ean gi\u00f2n cho \u0111\u1ebfn khi v\u1ecf ngo\u00e0i gi\u00f2n tan v\u00e0 b\u00ean trong th\u1ecbt th\u01a1m ngon.<\/p>\n<p>Sau \u0111\u00f3, g\u00e0 \u0111\u01b0\u1ee3c ph\u1ee7 l\u1edbp s\u1ed1t cay \u0111\u1eadm \u0111\u00e0 v\u00e0 \u0111\u01b0\u1ee3c k\u1ebft h\u1ee3p c\u00f9ng v\u1edbi c\u01a1m tr\u1eafng th\u01a1m m\u1ec1m v\u00e0 rau c\u1ea3i t\u01b0\u01a1i ngon. M\u00f3n c\u01a1m n\u1ecb g\u00e0 cay t\u1ea1i Tandoor Vietnam s\u1ebd l\u00e0m b\u1ea1n th\u01b0\u1edfng th\u1ee9c h\u01b0\u01a1ng v\u1ecb \u1ea4n \u0110\u1ed9 \u0111\u1eb7c tr\u01b0ng m\u1ed9t c\u00e1ch \u0111\u1ea7y \u0111\u1ee7.<\/p>\n<p>Ngo\u00e0i ra, Chicken Fried Rice\u00a0c\u00f2n l\u00e0 m\u1ed9t l\u1ef1a ch\u1ecdn \u0103n u\u1ed1ng r\u1ea5t t\u1ed1t cho s\u1ee9c kh\u1ecfe v\u00ec n\u00f3 cung c\u1ea5p c\u00e1c ch\u1ea5t dinh d\u01b0\u1ee1ng c\u1ea7n thi\u1ebft cho c\u01a1 th\u1ec3. Ch\u00ednh v\u00ec th\u1ebf, m\u00f3n \u0103n n\u00e0y l\u00e0 m\u1ed9t l\u1ef1a ch\u1ecdn tuy\u1ec7t v\u1eddi cho b\u1eefa \u0103n c\u1ee7a b\u1ea1n, \u0111\u1eb7c bi\u1ec7t l\u00e0 khi b\u1ea1n mu\u1ed1n th\u01b0\u1edfng th\u1ee9c m\u1ed9t m\u00f3n \u0103n \u0111\u1eadm \u0111\u00e0, h\u1ea5p d\u1eabn v\u00e0 \u0111\u1ea7y s\u1ee9c s\u1ed1ng.<\/p>\n","protected":false},"excerpt":{"rendered":"<p>&nbsp;<\/p>\n<table width=\"723\">\n<tbody>\n<tr>\n<td width=\"412\">Indian- Chinese fried rice with chicken<\/td>\n<\/tr>\n<tr>\n<td width=\"412\"><em>C\u01a1m chi\u00ean g\u00e0 <\/em><\/td>\n<\/tr>\n<\/tbody>\n<\/table>\n","protected":false},"featured_media":2991,"template":"","meta":[],"product_brand":[],"product_cat":[216],"product_tag":[],"class_list":{"0":"post-2990","1":"product","2":"type-product","3":"status-publish","4":"has-post-thumbnail","6":"product_cat-cac-mon-com","8":"first","9":"instock","10":"taxable","11":"shipping-taxable","12":"purchasable","13":"product-type-simple"},"yoast_head":"<!-- This site is optimized with the Yoast SEO Premium plugin v22.3 (Yoast SEO v27.4) - https:\/\/yoast.com\/product\/yoast-seo-premium-wordpress\/ -->\n<title>Chicken Fried Rice (C\u01a0M N\u1eca G\u00c0 CAY) - Tandoor Vi\u1ec7t Nam<\/title>\n<meta name=\"description\" content=\"Th\u01b0\u1edfng th\u1ee9c c\u01a1m n\u1ecb g\u00e0 cay \u0111\u1eadm \u0111\u00e0, h\u1ea5p d\u1eabn t\u1ea1i Tandoor Vietnam. G\u00e0 \u0111\u01b0\u1ee3c chi\u00ean gi\u00f2n v\u00e0 ph\u1ee7 l\u1edbp s\u1ed1t cay \u0111\u1eb7c tr\u01b0ng, k\u00e8m v\u1edbi c\u01a1m tr\u1eafng th\u01a1m m\u1ec1m v\u00e0 rau c\u1ea3i.\" \/>\n<meta name=\"robots\" content=\"index, follow, max-snippet:-1, max-image-preview:large, max-video-preview:-1\" \/>\n<link rel=\"canonical\" href=\"https:\/\/tandoorvietnam.com\/vi\/sanpham\/cac-mon-com\/com-ni-ga-cay\/\" \/>\n<meta property=\"og:locale\" content=\"vi_VN\" \/>\n<meta property=\"og:type\" content=\"article\" \/>\n<meta property=\"og:title\" content=\"Chicken Fried Rice (C\u01a0M N\u1eca G\u00c0 CAY)\" \/>\n<meta property=\"og:description\" content=\"Th\u01b0\u1edfng th\u1ee9c c\u01a1m n\u1ecb g\u00e0 cay \u0111\u1eadm \u0111\u00e0, h\u1ea5p d\u1eabn t\u1ea1i Tandoor Vietnam. G\u00e0 \u0111\u01b0\u1ee3c chi\u00ean gi\u00f2n v\u00e0 ph\u1ee7 l\u1edbp s\u1ed1t cay \u0111\u1eb7c tr\u01b0ng, k\u00e8m v\u1edbi c\u01a1m tr\u1eafng th\u01a1m m\u1ec1m v\u00e0 rau c\u1ea3i.\" \/>\n<meta property=\"og:url\" content=\"https:\/\/tandoorvietnam.com\/vi\/sanpham\/cac-mon-com\/com-ni-ga-cay\/\" \/>\n<meta property=\"og:site_name\" content=\"Tandoor Vi\u1ec7t Nam\" \/>\n<meta property=\"article:publisher\" content=\"https:\/\/www.facebook.com\/tandoor.hcmc\/\" \/>\n<meta property=\"article:modified_time\" content=\"2023-05-14T15:39:48+00:00\" \/>\n<meta property=\"og:image\" content=\"https:\/\/tandoorvietnam.com\/wp-content\/uploads\/2020\/06\/Chicken-fried-rice.jpg\" \/>\n\t<meta property=\"og:image:width\" content=\"800\" \/>\n\t<meta property=\"og:image:height\" content=\"800\" \/>\n\t<meta property=\"og:image:type\" content=\"image\/jpeg\" \/>\n<meta name=\"twitter:card\" content=\"summary_large_image\" \/>\n<meta name=\"twitter:label1\" content=\"Est. reading time\" \/>\n\t<meta name=\"twitter:data1\" content=\"2 minutes\" \/>\n<script type=\"application\/ld+json\" class=\"yoast-schema-graph\">{\"@context\":\"https:\\\/\\\/schema.org\",\"@graph\":[{\"@type\":\"WebPage\",\"@id\":\"https:\\\/\\\/tandoorvietnam.com\\\/vi\\\/sanpham\\\/cac-mon-com\\\/com-ni-ga-cay\\\/\",\"url\":\"https:\\\/\\\/tandoorvietnam.com\\\/vi\\\/sanpham\\\/cac-mon-com\\\/com-ni-ga-cay\\\/\",\"name\":\"Chicken Fried Rice (C\u01a0M N\u1eca G\u00c0 CAY) - Tandoor Vi\u1ec7t Nam\",\"isPartOf\":{\"@id\":\"https:\\\/\\\/tandoorvietnam.com\\\/vi\\\/#website\"},\"primaryImageOfPage\":{\"@id\":\"https:\\\/\\\/tandoorvietnam.com\\\/vi\\\/sanpham\\\/cac-mon-com\\\/com-ni-ga-cay\\\/#primaryimage\"},\"image\":{\"@id\":\"https:\\\/\\\/tandoorvietnam.com\\\/vi\\\/sanpham\\\/cac-mon-com\\\/com-ni-ga-cay\\\/#primaryimage\"},\"thumbnailUrl\":\"https:\\\/\\\/tandoorvietnam.com\\\/wp-content\\\/uploads\\\/2020\\\/06\\\/Chicken-fried-rice.jpg\",\"datePublished\":\"2021-04-11T12:37:21+00:00\",\"dateModified\":\"2023-05-14T15:39:48+00:00\",\"description\":\"Th\u01b0\u1edfng th\u1ee9c c\u01a1m n\u1ecb g\u00e0 cay \u0111\u1eadm \u0111\u00e0, h\u1ea5p d\u1eabn t\u1ea1i Tandoor Vietnam. G\u00e0 \u0111\u01b0\u1ee3c chi\u00ean gi\u00f2n v\u00e0 ph\u1ee7 l\u1edbp s\u1ed1t cay \u0111\u1eb7c tr\u01b0ng, k\u00e8m v\u1edbi c\u01a1m tr\u1eafng th\u01a1m m\u1ec1m v\u00e0 rau c\u1ea3i.\",\"breadcrumb\":{\"@id\":\"https:\\\/\\\/tandoorvietnam.com\\\/vi\\\/sanpham\\\/cac-mon-com\\\/com-ni-ga-cay\\\/#breadcrumb\"},\"inLanguage\":\"vi-VN\",\"potentialAction\":[{\"@type\":\"ReadAction\",\"target\":[\"https:\\\/\\\/tandoorvietnam.com\\\/vi\\\/sanpham\\\/cac-mon-com\\\/com-ni-ga-cay\\\/\"]}]},{\"@type\":\"ImageObject\",\"inLanguage\":\"vi-VN\",\"@id\":\"https:\\\/\\\/tandoorvietnam.com\\\/vi\\\/sanpham\\\/cac-mon-com\\\/com-ni-ga-cay\\\/#primaryimage\",\"url\":\"https:\\\/\\\/tandoorvietnam.com\\\/wp-content\\\/uploads\\\/2020\\\/06\\\/Chicken-fried-rice.jpg\",\"contentUrl\":\"https:\\\/\\\/tandoorvietnam.com\\\/wp-content\\\/uploads\\\/2020\\\/06\\\/Chicken-fried-rice.jpg\",\"width\":800,\"height\":800,\"caption\":\"C\u01a0M N\u1eca G\u00c0 CAY\"},{\"@type\":\"BreadcrumbList\",\"@id\":\"https:\\\/\\\/tandoorvietnam.com\\\/vi\\\/sanpham\\\/cac-mon-com\\\/com-ni-ga-cay\\\/#breadcrumb\",\"itemListElement\":[{\"@type\":\"ListItem\",\"position\":1,\"name\":\"Trang Ch\u1ee7\",\"item\":\"https:\\\/\\\/tandoorvietnam.com\\\/vi\\\/\"},{\"@type\":\"ListItem\",\"position\":2,\"name\":\"Shop\",\"item\":\"https:\\\/\\\/tandoorvietnam.com\\\/shop\\\/\"},{\"@type\":\"ListItem\",\"position\":3,\"name\":\"Chicken Fried Rice (C\u01a0M N\u1eca G\u00c0 CAY)\"}]},{\"@type\":\"WebSite\",\"@id\":\"https:\\\/\\\/tandoorvietnam.com\\\/vi\\\/#website\",\"url\":\"https:\\\/\\\/tandoorvietnam.com\\\/vi\\\/\",\"name\":\"Tandoor Vietnam\",\"description\":\"Nh\u00e0 h\u00e0ng ngon h\u1ed3 ch\u00ed minh\",\"publisher\":{\"@id\":\"https:\\\/\\\/tandoorvietnam.com\\\/vi\\\/#organization\"},\"potentialAction\":[{\"@type\":\"SearchAction\",\"target\":{\"@type\":\"EntryPoint\",\"urlTemplate\":\"https:\\\/\\\/tandoorvietnam.com\\\/vi\\\/?s={search_term_string}\"},\"query-input\":{\"@type\":\"PropertyValueSpecification\",\"valueRequired\":true,\"valueName\":\"search_term_string\"}}],\"inLanguage\":\"vi-VN\"},{\"@type\":\"Organization\",\"@id\":\"https:\\\/\\\/tandoorvietnam.com\\\/vi\\\/#organization\",\"name\":\"Tandoor Vietnam\",\"url\":\"https:\\\/\\\/tandoorvietnam.com\\\/vi\\\/\",\"logo\":{\"@type\":\"ImageObject\",\"inLanguage\":\"vi-VN\",\"@id\":\"https:\\\/\\\/tandoorvietnam.com\\\/vi\\\/#\\\/schema\\\/logo\\\/image\\\/\",\"url\":\"https:\\\/\\\/tandoorvietnam.com\\\/wp-content\\\/uploads\\\/2020\\\/07\\\/logo.png\",\"contentUrl\":\"https:\\\/\\\/tandoorvietnam.com\\\/wp-content\\\/uploads\\\/2020\\\/07\\\/logo.png\",\"width\":133,\"height\":75,\"caption\":\"Tandoor Vietnam\"},\"image\":{\"@id\":\"https:\\\/\\\/tandoorvietnam.com\\\/vi\\\/#\\\/schema\\\/logo\\\/image\\\/\"},\"sameAs\":[\"https:\\\/\\\/www.facebook.com\\\/tandoor.hcmc\\\/\"]}]}<\/script>\n<!-- \/ Yoast SEO Premium plugin. -->","yoast_head_json":{"title":"Chicken Fried Rice (C\u01a0M N\u1eca G\u00c0 CAY) - Tandoor Vi\u1ec7t Nam","description":"Th\u01b0\u1edfng th\u1ee9c c\u01a1m n\u1ecb g\u00e0 cay \u0111\u1eadm \u0111\u00e0, h\u1ea5p d\u1eabn t\u1ea1i Tandoor Vietnam. G\u00e0 \u0111\u01b0\u1ee3c chi\u00ean gi\u00f2n v\u00e0 ph\u1ee7 l\u1edbp s\u1ed1t cay \u0111\u1eb7c tr\u01b0ng, k\u00e8m v\u1edbi c\u01a1m tr\u1eafng th\u01a1m m\u1ec1m v\u00e0 rau c\u1ea3i.","robots":{"index":"index","follow":"follow","max-snippet":"max-snippet:-1","max-image-preview":"max-image-preview:large","max-video-preview":"max-video-preview:-1"},"canonical":"https:\/\/tandoorvietnam.com\/vi\/sanpham\/cac-mon-com\/com-ni-ga-cay\/","og_locale":"vi_VN","og_type":"article","og_title":"Chicken Fried Rice (C\u01a0M N\u1eca G\u00c0 CAY)","og_description":"Th\u01b0\u1edfng th\u1ee9c c\u01a1m n\u1ecb g\u00e0 cay \u0111\u1eadm \u0111\u00e0, h\u1ea5p d\u1eabn t\u1ea1i Tandoor Vietnam. G\u00e0 \u0111\u01b0\u1ee3c chi\u00ean gi\u00f2n v\u00e0 ph\u1ee7 l\u1edbp s\u1ed1t cay \u0111\u1eb7c tr\u01b0ng, k\u00e8m v\u1edbi c\u01a1m tr\u1eafng th\u01a1m m\u1ec1m v\u00e0 rau c\u1ea3i.","og_url":"https:\/\/tandoorvietnam.com\/vi\/sanpham\/cac-mon-com\/com-ni-ga-cay\/","og_site_name":"Tandoor Vi\u1ec7t Nam","article_publisher":"https:\/\/www.facebook.com\/tandoor.hcmc\/","article_modified_time":"2023-05-14T15:39:48+00:00","og_image":[{"width":800,"height":800,"url":"https:\/\/tandoorvietnam.com\/wp-content\/uploads\/2020\/06\/Chicken-fried-rice.jpg","type":"image\/jpeg"}],"twitter_card":"summary_large_image","twitter_misc":{"Est. reading time":"2 minutes"},"schema":{"@context":"https:\/\/schema.org","@graph":[{"@type":"WebPage","@id":"https:\/\/tandoorvietnam.com\/vi\/sanpham\/cac-mon-com\/com-ni-ga-cay\/","url":"https:\/\/tandoorvietnam.com\/vi\/sanpham\/cac-mon-com\/com-ni-ga-cay\/","name":"Chicken Fried Rice (C\u01a0M N\u1eca G\u00c0 CAY) - Tandoor Vi\u1ec7t Nam","isPartOf":{"@id":"https:\/\/tandoorvietnam.com\/vi\/#website"},"primaryImageOfPage":{"@id":"https:\/\/tandoorvietnam.com\/vi\/sanpham\/cac-mon-com\/com-ni-ga-cay\/#primaryimage"},"image":{"@id":"https:\/\/tandoorvietnam.com\/vi\/sanpham\/cac-mon-com\/com-ni-ga-cay\/#primaryimage"},"thumbnailUrl":"https:\/\/tandoorvietnam.com\/wp-content\/uploads\/2020\/06\/Chicken-fried-rice.jpg","datePublished":"2021-04-11T12:37:21+00:00","dateModified":"2023-05-14T15:39:48+00:00","description":"Th\u01b0\u1edfng th\u1ee9c c\u01a1m n\u1ecb g\u00e0 cay \u0111\u1eadm \u0111\u00e0, h\u1ea5p d\u1eabn t\u1ea1i Tandoor Vietnam. G\u00e0 \u0111\u01b0\u1ee3c chi\u00ean gi\u00f2n v\u00e0 ph\u1ee7 l\u1edbp s\u1ed1t cay \u0111\u1eb7c tr\u01b0ng, k\u00e8m v\u1edbi c\u01a1m tr\u1eafng th\u01a1m m\u1ec1m v\u00e0 rau c\u1ea3i.","breadcrumb":{"@id":"https:\/\/tandoorvietnam.com\/vi\/sanpham\/cac-mon-com\/com-ni-ga-cay\/#breadcrumb"},"inLanguage":"vi-VN","potentialAction":[{"@type":"ReadAction","target":["https:\/\/tandoorvietnam.com\/vi\/sanpham\/cac-mon-com\/com-ni-ga-cay\/"]}]},{"@type":"ImageObject","inLanguage":"vi-VN","@id":"https:\/\/tandoorvietnam.com\/vi\/sanpham\/cac-mon-com\/com-ni-ga-cay\/#primaryimage","url":"https:\/\/tandoorvietnam.com\/wp-content\/uploads\/2020\/06\/Chicken-fried-rice.jpg","contentUrl":"https:\/\/tandoorvietnam.com\/wp-content\/uploads\/2020\/06\/Chicken-fried-rice.jpg","width":800,"height":800,"caption":"C\u01a0M N\u1eca G\u00c0 CAY"},{"@type":"BreadcrumbList","@id":"https:\/\/tandoorvietnam.com\/vi\/sanpham\/cac-mon-com\/com-ni-ga-cay\/#breadcrumb","itemListElement":[{"@type":"ListItem","position":1,"name":"Trang Ch\u1ee7","item":"https:\/\/tandoorvietnam.com\/vi\/"},{"@type":"ListItem","position":2,"name":"Shop","item":"https:\/\/tandoorvietnam.com\/shop\/"},{"@type":"ListItem","position":3,"name":"Chicken Fried Rice (C\u01a0M N\u1eca G\u00c0 CAY)"}]},{"@type":"WebSite","@id":"https:\/\/tandoorvietnam.com\/vi\/#website","url":"https:\/\/tandoorvietnam.com\/vi\/","name":"Tandoor Vietnam","description":"Nh\u00e0 h\u00e0ng ngon h\u1ed3 ch\u00ed minh","publisher":{"@id":"https:\/\/tandoorvietnam.com\/vi\/#organization"},"potentialAction":[{"@type":"SearchAction","target":{"@type":"EntryPoint","urlTemplate":"https:\/\/tandoorvietnam.com\/vi\/?s={search_term_string}"},"query-input":{"@type":"PropertyValueSpecification","valueRequired":true,"valueName":"search_term_string"}}],"inLanguage":"vi-VN"},{"@type":"Organization","@id":"https:\/\/tandoorvietnam.com\/vi\/#organization","name":"Tandoor Vietnam","url":"https:\/\/tandoorvietnam.com\/vi\/","logo":{"@type":"ImageObject","inLanguage":"vi-VN","@id":"https:\/\/tandoorvietnam.com\/vi\/#\/schema\/logo\/image\/","url":"https:\/\/tandoorvietnam.com\/wp-content\/uploads\/2020\/07\/logo.png","contentUrl":"https:\/\/tandoorvietnam.com\/wp-content\/uploads\/2020\/07\/logo.png","width":133,"height":75,"caption":"Tandoor Vietnam"},"image":{"@id":"https:\/\/tandoorvietnam.com\/vi\/#\/schema\/logo\/image\/"},"sameAs":["https:\/\/www.facebook.com\/tandoor.hcmc\/"]}]}},"_links":{"self":[{"href":"https:\/\/tandoorvietnam.com\/vi\/wp-json\/wp\/v2\/product\/2990","targetHints":{"allow":["GET"]}}],"collection":[{"href":"https:\/\/tandoorvietnam.com\/vi\/wp-json\/wp\/v2\/product"}],"about":[{"href":"https:\/\/tandoorvietnam.com\/vi\/wp-json\/wp\/v2\/types\/product"}],"wp:featuredmedia":[{"embeddable":true,"href":"https:\/\/tandoorvietnam.com\/vi\/wp-json\/wp\/v2\/media\/2991"}],"wp:attachment":[{"href":"https:\/\/tandoorvietnam.com\/vi\/wp-json\/wp\/v2\/media?parent=2990"}],"wp:term":[{"taxonomy":"product_brand","embeddable":true,"href":"https:\/\/tandoorvietnam.com\/vi\/wp-json\/wp\/v2\/product_brand?post=2990"},{"taxonomy":"product_cat","embeddable":true,"href":"https:\/\/tandoorvietnam.com\/vi\/wp-json\/wp\/v2\/product_cat?post=2990"},{"taxonomy":"product_tag","embeddable":true,"href":"https:\/\/tandoorvietnam.com\/vi\/wp-json\/wp\/v2\/product_tag?post=2990"}],"curies":[{"name":"wp","href":"https:\/\/api.w.org\/{rel}","templated":true}]}}