{"id":2995,"date":"2020-06-20T15:30:02","date_gmt":"2021-04-11T12:39:40","guid":{"rendered":"http:\/\/tandoorvietnam.com\/product\/uncategorized\/com-sua-chua\/"},"modified":"2023-05-17T10:24:40","modified_gmt":"2023-05-17T10:24:40","slug":"com-sua-chua","status":"publish","type":"product","link":"https:\/\/tandoorvietnam.com\/vi\/sanpham\/cac-mon-com\/com-sua-chua\/","title":{"rendered":"Curd Rice (C\u01a0M S\u1eeeA CHUA)"},"content":{"rendered":"<p>C\u01a1m S\u1eefa Chua (Curd Rice) l\u00e0 m\u1ed9t m\u00f3n \u0103n \u0111\u1ed9c \u0111\u00e1o k\u1ebft h\u1ee3p gi\u1eefa h\u01b0\u01a1ng v\u1ecb c\u01a1m tr\u1eafng tinh khi\u1ebft v\u00e0 s\u1ef1 m\u1ec1m m\u1ecbn c\u1ee7a s\u1eefa chua. T\u1ea1i Tandoor Vietnam, ch\u00fang t\u00f4i ch\u1ecdn l\u1ef1a nh\u1eefng h\u1ea1t g\u1ea1o ch\u1ea5t l\u01b0\u1ee3ng cao v\u00e0 s\u1eed d\u1ee5ng quy tr\u00ecnh n\u1ea5u n\u01b0\u1edbng tinh t\u1ebf \u0111\u1ec3 t\u1ea1o ra m\u1ed9t d\u0129a c\u01a1m tr\u1eafng m\u1ec1m m\u1ecbn.<\/p>\n<p>Curd Rice kh\u00f4ng ch\u1ec9 l\u00e0 m\u1ed9t m\u00f3n \u0103n ngon m\u00e0 c\u00f2n mang \u0111\u1ebfn l\u1ee3i \u00edch dinh d\u01b0\u1ee1ng. S\u1eefa chua cung c\u1ea5p d\u01b0\u1ee1ng ch\u1ea5t quan tr\u1ecdng nh\u01b0 canxi v\u00e0 protein, gi\u00fap t\u0103ng c\u01b0\u1eddng s\u1ee9c kh\u1ecfe x\u01b0\u01a1ng v\u00e0 cung c\u1ea5p n\u0103ng l\u01b0\u1ee3ng cho c\u01a1 th\u1ec3. H\u01b0\u01a1ng v\u1ecb chua nh\u1eb9 c\u1ee7a s\u1eefa chua l\u00e0m t\u0103ng th\u00eam \u0111\u1ed9 ngon c\u1ee7a c\u01a1m tr\u1eafng.<\/p>\n<p>M\u00f3n \u0103n n\u00e0y c\u00f3 th\u1ec3 \u0111\u01b0\u1ee3c \u0103n k\u00e8m v\u1edbi nhi\u1ec1u m\u00f3n kh\u00e1c nhau nh\u01b0 th\u1ecbt, c\u00e1, rau c\u1ee7, ho\u1eb7c m\u00f3n chay. B\u1ea1n c\u0169ng c\u00f3 th\u1ec3 th\u01b0\u1edfng th\u1ee9c Curd Rice\u00a0trong c\u00e1c b\u1eefa \u0103n h\u00e0ng ng\u00e0y ho\u1eb7c trong nh\u1eefng d\u1ecbp \u0111\u1eb7c bi\u1ec7t.<\/p>\n<p>T\u1ea1i <a href=\"https:\/\/tandoorvietnam.com\/\">Tandoor Vietnam<\/a>, ch\u00fang t\u00f4i lu\u00f4n cam k\u1ebft \u0111\u1ea3m b\u1ea3o ch\u1ea5t l\u01b0\u1ee3ng v\u00e0 t\u01b0\u01a1i ngon c\u1ee7a m\u1ed7i d\u0129a Curd Rice. Ch\u00fang t\u00f4i s\u1eed d\u1ee5ng nguy\u00ean li\u1ec7u ch\u1ea5t l\u01b0\u1ee3ng cao v\u00e0 quy tr\u00ecnh ch\u1ebf bi\u1ebfn chuy\u00ean nghi\u1ec7p \u0111\u1ec3 \u0111\u1ea3m b\u1ea3o m\u00f3n \u0103n mang \u0111\u1ebfn tr\u1ea3i nghi\u1ec7m tuy\u1ec7t v\u1eddi cho kh\u00e1ch h\u00e0ng.<\/p>\n<p>H\u00e3y \u0111\u1ebfn Tandoor Vietnam v\u00e0 th\u01b0\u1edfng th\u1ee9c Curd Rice - m\u1ed9t s\u1ef1 k\u1ebft h\u1ee3p ho\u00e0n h\u1ea3o c\u1ee7a h\u01b0\u01a1ng v\u1ecb c\u01a1m tr\u1eafng tinh khi\u1ebft v\u00e0 s\u1ef1 m\u1ec1m m\u1ecbn c\u1ee7a s\u1eefa chua. Ch\u00fang t\u00f4i tin r\u1eb1ng b\u1ea1n s\u1ebd y\u00eau th\u00edch m\u00f3n \u0103n \u0111\u1ed9c \u0111\u00e1o n\u00e0y v\u00e0 tr\u1edf th\u00e0nh m\u1ed9t kh\u00e1ch h\u00e0ng trung th\u00e0nh c\u1ee7a ch\u00fang t\u00f4i.<\/p>\n","protected":false},"excerpt":{"rendered":"<p>&nbsp;<\/p>\n<table width=\"723\">\n<tbody>\n<tr>\n<td width=\"412\">Rice with yogurt and selected herbs and spices<\/td>\n<\/tr>\n<tr>\n<td width=\"412\"><em> C\u01a1m s\u1eefa chua v\u00e0 gia v\u1ecb \u1ea4n \u0110\u1ed9<\/em><\/td>\n<\/tr>\n<\/tbody>\n<\/table>\n","protected":false},"featured_media":2996,"template":"","meta":[],"product_brand":[],"product_cat":[216],"product_tag":[],"class_list":{"0":"post-2995","1":"product","2":"type-product","3":"status-publish","4":"has-post-thumbnail","6":"product_cat-cac-mon-com","8":"first","9":"instock","10":"taxable","11":"shipping-taxable","12":"purchasable","13":"product-type-simple"},"yoast_head":"<!-- This site is optimized with the Yoast SEO Premium plugin v22.3 (Yoast SEO v27.6) - https:\/\/yoast.com\/product\/yoast-seo-premium-wordpress\/ -->\n<title>Curd Rice (C\u01a0M S\u1eeeA CHUA) - Tandoor Vi\u1ec7t Nam<\/title>\n<meta name=\"description\" content=\"C\u01a1m S\u1eefa Chua - M\u1ed9t s\u1ef1 k\u1ebft h\u1ee3p \u0111\u1ed9c \u0111\u00e1o gi\u1eefa h\u01b0\u01a1ng v\u1ecb c\u01a1m tr\u1eafng tinh khi\u1ebft v\u00e0 s\u1ef1 m\u1ec1m m\u1ecbn c\u1ee7a s\u1eefa chua. Th\u01b0\u1edfng th\u1ee9c m\u00f3n \u0103n \u0111\u1ed9c \u0111\u00e1o n\u00e0y t\u1ea1i Tandoor Vietnam.\" \/>\n<meta name=\"robots\" content=\"index, follow, max-snippet:-1, max-image-preview:large, max-video-preview:-1\" \/>\n<link rel=\"canonical\" href=\"https:\/\/tandoorvietnam.com\/vi\/sanpham\/cac-mon-com\/com-sua-chua\/\" \/>\n<meta property=\"og:locale\" content=\"vi_VN\" \/>\n<meta property=\"og:type\" content=\"article\" \/>\n<meta property=\"og:title\" content=\"Curd Rice (C\u01a0M S\u1eeeA CHUA)\" \/>\n<meta property=\"og:description\" content=\"C\u01a1m S\u1eefa Chua - M\u1ed9t s\u1ef1 k\u1ebft h\u1ee3p \u0111\u1ed9c \u0111\u00e1o gi\u1eefa h\u01b0\u01a1ng v\u1ecb c\u01a1m tr\u1eafng tinh khi\u1ebft v\u00e0 s\u1ef1 m\u1ec1m m\u1ecbn c\u1ee7a s\u1eefa chua. Th\u01b0\u1edfng th\u1ee9c m\u00f3n \u0103n \u0111\u1ed9c \u0111\u00e1o n\u00e0y t\u1ea1i Tandoor Vietnam.\" \/>\n<meta property=\"og:url\" content=\"https:\/\/tandoorvietnam.com\/vi\/sanpham\/cac-mon-com\/com-sua-chua\/\" \/>\n<meta property=\"og:site_name\" content=\"Tandoor Vi\u1ec7t Nam\" \/>\n<meta property=\"article:publisher\" content=\"https:\/\/www.facebook.com\/tandoor.hcmc\/\" \/>\n<meta property=\"article:modified_time\" content=\"2023-05-17T10:24:40+00:00\" \/>\n<meta property=\"og:image\" content=\"https:\/\/tandoorvietnam.com\/wp-content\/uploads\/2020\/06\/Curds-rice.jpg\" \/>\n\t<meta property=\"og:image:width\" content=\"800\" \/>\n\t<meta property=\"og:image:height\" content=\"800\" \/>\n\t<meta property=\"og:image:type\" content=\"image\/jpeg\" \/>\n<meta name=\"twitter:card\" content=\"summary_large_image\" \/>\n<meta name=\"twitter:label1\" content=\"Est. reading time\" \/>\n\t<meta name=\"twitter:data1\" content=\"2 minutes\" \/>\n<script type=\"application\/ld+json\" class=\"yoast-schema-graph\">{\"@context\":\"https:\\\/\\\/schema.org\",\"@graph\":[{\"@type\":\"WebPage\",\"@id\":\"https:\\\/\\\/tandoorvietnam.com\\\/vi\\\/sanpham\\\/cac-mon-com\\\/com-sua-chua\\\/\",\"url\":\"https:\\\/\\\/tandoorvietnam.com\\\/vi\\\/sanpham\\\/cac-mon-com\\\/com-sua-chua\\\/\",\"name\":\"Curd Rice (C\u01a0M S\u1eeeA CHUA) - Tandoor Vi\u1ec7t Nam\",\"isPartOf\":{\"@id\":\"https:\\\/\\\/tandoorvietnam.com\\\/vi\\\/#website\"},\"primaryImageOfPage\":{\"@id\":\"https:\\\/\\\/tandoorvietnam.com\\\/vi\\\/sanpham\\\/cac-mon-com\\\/com-sua-chua\\\/#primaryimage\"},\"image\":{\"@id\":\"https:\\\/\\\/tandoorvietnam.com\\\/vi\\\/sanpham\\\/cac-mon-com\\\/com-sua-chua\\\/#primaryimage\"},\"thumbnailUrl\":\"https:\\\/\\\/tandoorvietnam.com\\\/wp-content\\\/uploads\\\/2020\\\/06\\\/Curds-rice.jpg\",\"datePublished\":\"2021-04-11T12:39:40+00:00\",\"dateModified\":\"2023-05-17T10:24:40+00:00\",\"description\":\"C\u01a1m S\u1eefa Chua - M\u1ed9t s\u1ef1 k\u1ebft h\u1ee3p \u0111\u1ed9c \u0111\u00e1o gi\u1eefa h\u01b0\u01a1ng v\u1ecb c\u01a1m tr\u1eafng tinh khi\u1ebft v\u00e0 s\u1ef1 m\u1ec1m m\u1ecbn c\u1ee7a s\u1eefa chua. Th\u01b0\u1edfng th\u1ee9c m\u00f3n \u0103n \u0111\u1ed9c \u0111\u00e1o n\u00e0y t\u1ea1i Tandoor Vietnam.\",\"breadcrumb\":{\"@id\":\"https:\\\/\\\/tandoorvietnam.com\\\/vi\\\/sanpham\\\/cac-mon-com\\\/com-sua-chua\\\/#breadcrumb\"},\"inLanguage\":\"vi-VN\",\"potentialAction\":[{\"@type\":\"ReadAction\",\"target\":[\"https:\\\/\\\/tandoorvietnam.com\\\/vi\\\/sanpham\\\/cac-mon-com\\\/com-sua-chua\\\/\"]}]},{\"@type\":\"ImageObject\",\"inLanguage\":\"vi-VN\",\"@id\":\"https:\\\/\\\/tandoorvietnam.com\\\/vi\\\/sanpham\\\/cac-mon-com\\\/com-sua-chua\\\/#primaryimage\",\"url\":\"https:\\\/\\\/tandoorvietnam.com\\\/wp-content\\\/uploads\\\/2020\\\/06\\\/Curds-rice.jpg\",\"contentUrl\":\"https:\\\/\\\/tandoorvietnam.com\\\/wp-content\\\/uploads\\\/2020\\\/06\\\/Curds-rice.jpg\",\"width\":800,\"height\":800,\"caption\":\"C\u01a0M S\u1eeeA CHUA\"},{\"@type\":\"BreadcrumbList\",\"@id\":\"https:\\\/\\\/tandoorvietnam.com\\\/vi\\\/sanpham\\\/cac-mon-com\\\/com-sua-chua\\\/#breadcrumb\",\"itemListElement\":[{\"@type\":\"ListItem\",\"position\":1,\"name\":\"Trang Ch\u1ee7\",\"item\":\"https:\\\/\\\/tandoorvietnam.com\\\/vi\\\/\"},{\"@type\":\"ListItem\",\"position\":2,\"name\":\"Shop\",\"item\":\"https:\\\/\\\/tandoorvietnam.com\\\/shop\\\/\"},{\"@type\":\"ListItem\",\"position\":3,\"name\":\"Curd Rice (C\u01a0M S\u1eeeA CHUA)\"}]},{\"@type\":\"WebSite\",\"@id\":\"https:\\\/\\\/tandoorvietnam.com\\\/vi\\\/#website\",\"url\":\"https:\\\/\\\/tandoorvietnam.com\\\/vi\\\/\",\"name\":\"Tandoor Vietnam\",\"description\":\"Nh\u00e0 h\u00e0ng ngon h\u1ed3 ch\u00ed minh\",\"publisher\":{\"@id\":\"https:\\\/\\\/tandoorvietnam.com\\\/vi\\\/#organization\"},\"potentialAction\":[{\"@type\":\"SearchAction\",\"target\":{\"@type\":\"EntryPoint\",\"urlTemplate\":\"https:\\\/\\\/tandoorvietnam.com\\\/vi\\\/?s={search_term_string}\"},\"query-input\":{\"@type\":\"PropertyValueSpecification\",\"valueRequired\":true,\"valueName\":\"search_term_string\"}}],\"inLanguage\":\"vi-VN\"},{\"@type\":\"Organization\",\"@id\":\"https:\\\/\\\/tandoorvietnam.com\\\/vi\\\/#organization\",\"name\":\"Tandoor Vietnam\",\"url\":\"https:\\\/\\\/tandoorvietnam.com\\\/vi\\\/\",\"logo\":{\"@type\":\"ImageObject\",\"inLanguage\":\"vi-VN\",\"@id\":\"https:\\\/\\\/tandoorvietnam.com\\\/vi\\\/#\\\/schema\\\/logo\\\/image\\\/\",\"url\":\"https:\\\/\\\/tandoorvietnam.com\\\/wp-content\\\/uploads\\\/2020\\\/07\\\/logo.png\",\"contentUrl\":\"https:\\\/\\\/tandoorvietnam.com\\\/wp-content\\\/uploads\\\/2020\\\/07\\\/logo.png\",\"width\":133,\"height\":75,\"caption\":\"Tandoor Vietnam\"},\"image\":{\"@id\":\"https:\\\/\\\/tandoorvietnam.com\\\/vi\\\/#\\\/schema\\\/logo\\\/image\\\/\"},\"sameAs\":[\"https:\\\/\\\/www.facebook.com\\\/tandoor.hcmc\\\/\"]}]}<\/script>\n<!-- \/ Yoast SEO Premium plugin. -->","yoast_head_json":{"title":"Curd Rice (C\u01a0M S\u1eeeA CHUA) - Tandoor Vi\u1ec7t Nam","description":"C\u01a1m S\u1eefa Chua - M\u1ed9t s\u1ef1 k\u1ebft h\u1ee3p \u0111\u1ed9c \u0111\u00e1o gi\u1eefa h\u01b0\u01a1ng v\u1ecb c\u01a1m tr\u1eafng tinh khi\u1ebft v\u00e0 s\u1ef1 m\u1ec1m m\u1ecbn c\u1ee7a s\u1eefa chua. Th\u01b0\u1edfng th\u1ee9c m\u00f3n \u0103n \u0111\u1ed9c \u0111\u00e1o n\u00e0y t\u1ea1i Tandoor Vietnam.","robots":{"index":"index","follow":"follow","max-snippet":"max-snippet:-1","max-image-preview":"max-image-preview:large","max-video-preview":"max-video-preview:-1"},"canonical":"https:\/\/tandoorvietnam.com\/vi\/sanpham\/cac-mon-com\/com-sua-chua\/","og_locale":"vi_VN","og_type":"article","og_title":"Curd Rice (C\u01a0M S\u1eeeA CHUA)","og_description":"C\u01a1m S\u1eefa Chua - M\u1ed9t s\u1ef1 k\u1ebft h\u1ee3p \u0111\u1ed9c \u0111\u00e1o gi\u1eefa h\u01b0\u01a1ng v\u1ecb c\u01a1m tr\u1eafng tinh khi\u1ebft v\u00e0 s\u1ef1 m\u1ec1m m\u1ecbn c\u1ee7a s\u1eefa chua. Th\u01b0\u1edfng th\u1ee9c m\u00f3n \u0103n \u0111\u1ed9c \u0111\u00e1o n\u00e0y t\u1ea1i Tandoor Vietnam.","og_url":"https:\/\/tandoorvietnam.com\/vi\/sanpham\/cac-mon-com\/com-sua-chua\/","og_site_name":"Tandoor Vi\u1ec7t Nam","article_publisher":"https:\/\/www.facebook.com\/tandoor.hcmc\/","article_modified_time":"2023-05-17T10:24:40+00:00","og_image":[{"width":800,"height":800,"url":"https:\/\/tandoorvietnam.com\/wp-content\/uploads\/2020\/06\/Curds-rice.jpg","type":"image\/jpeg"}],"twitter_card":"summary_large_image","twitter_misc":{"Est. reading time":"2 minutes"},"schema":{"@context":"https:\/\/schema.org","@graph":[{"@type":"WebPage","@id":"https:\/\/tandoorvietnam.com\/vi\/sanpham\/cac-mon-com\/com-sua-chua\/","url":"https:\/\/tandoorvietnam.com\/vi\/sanpham\/cac-mon-com\/com-sua-chua\/","name":"Curd Rice (C\u01a0M S\u1eeeA CHUA) - Tandoor Vi\u1ec7t Nam","isPartOf":{"@id":"https:\/\/tandoorvietnam.com\/vi\/#website"},"primaryImageOfPage":{"@id":"https:\/\/tandoorvietnam.com\/vi\/sanpham\/cac-mon-com\/com-sua-chua\/#primaryimage"},"image":{"@id":"https:\/\/tandoorvietnam.com\/vi\/sanpham\/cac-mon-com\/com-sua-chua\/#primaryimage"},"thumbnailUrl":"https:\/\/tandoorvietnam.com\/wp-content\/uploads\/2020\/06\/Curds-rice.jpg","datePublished":"2021-04-11T12:39:40+00:00","dateModified":"2023-05-17T10:24:40+00:00","description":"C\u01a1m S\u1eefa Chua - M\u1ed9t s\u1ef1 k\u1ebft h\u1ee3p \u0111\u1ed9c \u0111\u00e1o gi\u1eefa h\u01b0\u01a1ng v\u1ecb c\u01a1m tr\u1eafng tinh khi\u1ebft v\u00e0 s\u1ef1 m\u1ec1m m\u1ecbn c\u1ee7a s\u1eefa chua. Th\u01b0\u1edfng th\u1ee9c m\u00f3n \u0103n \u0111\u1ed9c \u0111\u00e1o n\u00e0y t\u1ea1i Tandoor Vietnam.","breadcrumb":{"@id":"https:\/\/tandoorvietnam.com\/vi\/sanpham\/cac-mon-com\/com-sua-chua\/#breadcrumb"},"inLanguage":"vi-VN","potentialAction":[{"@type":"ReadAction","target":["https:\/\/tandoorvietnam.com\/vi\/sanpham\/cac-mon-com\/com-sua-chua\/"]}]},{"@type":"ImageObject","inLanguage":"vi-VN","@id":"https:\/\/tandoorvietnam.com\/vi\/sanpham\/cac-mon-com\/com-sua-chua\/#primaryimage","url":"https:\/\/tandoorvietnam.com\/wp-content\/uploads\/2020\/06\/Curds-rice.jpg","contentUrl":"https:\/\/tandoorvietnam.com\/wp-content\/uploads\/2020\/06\/Curds-rice.jpg","width":800,"height":800,"caption":"C\u01a0M S\u1eeeA CHUA"},{"@type":"BreadcrumbList","@id":"https:\/\/tandoorvietnam.com\/vi\/sanpham\/cac-mon-com\/com-sua-chua\/#breadcrumb","itemListElement":[{"@type":"ListItem","position":1,"name":"Trang Ch\u1ee7","item":"https:\/\/tandoorvietnam.com\/vi\/"},{"@type":"ListItem","position":2,"name":"Shop","item":"https:\/\/tandoorvietnam.com\/shop\/"},{"@type":"ListItem","position":3,"name":"Curd Rice (C\u01a0M S\u1eeeA CHUA)"}]},{"@type":"WebSite","@id":"https:\/\/tandoorvietnam.com\/vi\/#website","url":"https:\/\/tandoorvietnam.com\/vi\/","name":"Tandoor Vietnam","description":"Nh\u00e0 h\u00e0ng ngon h\u1ed3 ch\u00ed minh","publisher":{"@id":"https:\/\/tandoorvietnam.com\/vi\/#organization"},"potentialAction":[{"@type":"SearchAction","target":{"@type":"EntryPoint","urlTemplate":"https:\/\/tandoorvietnam.com\/vi\/?s={search_term_string}"},"query-input":{"@type":"PropertyValueSpecification","valueRequired":true,"valueName":"search_term_string"}}],"inLanguage":"vi-VN"},{"@type":"Organization","@id":"https:\/\/tandoorvietnam.com\/vi\/#organization","name":"Tandoor Vietnam","url":"https:\/\/tandoorvietnam.com\/vi\/","logo":{"@type":"ImageObject","inLanguage":"vi-VN","@id":"https:\/\/tandoorvietnam.com\/vi\/#\/schema\/logo\/image\/","url":"https:\/\/tandoorvietnam.com\/wp-content\/uploads\/2020\/07\/logo.png","contentUrl":"https:\/\/tandoorvietnam.com\/wp-content\/uploads\/2020\/07\/logo.png","width":133,"height":75,"caption":"Tandoor Vietnam"},"image":{"@id":"https:\/\/tandoorvietnam.com\/vi\/#\/schema\/logo\/image\/"},"sameAs":["https:\/\/www.facebook.com\/tandoor.hcmc\/"]}]}},"_links":{"self":[{"href":"https:\/\/tandoorvietnam.com\/vi\/wp-json\/wp\/v2\/product\/2995","targetHints":{"allow":["GET"]}}],"collection":[{"href":"https:\/\/tandoorvietnam.com\/vi\/wp-json\/wp\/v2\/product"}],"about":[{"href":"https:\/\/tandoorvietnam.com\/vi\/wp-json\/wp\/v2\/types\/product"}],"wp:featuredmedia":[{"embeddable":true,"href":"https:\/\/tandoorvietnam.com\/vi\/wp-json\/wp\/v2\/media\/2996"}],"wp:attachment":[{"href":"https:\/\/tandoorvietnam.com\/vi\/wp-json\/wp\/v2\/media?parent=2995"}],"wp:term":[{"taxonomy":"product_brand","embeddable":true,"href":"https:\/\/tandoorvietnam.com\/vi\/wp-json\/wp\/v2\/product_brand?post=2995"},{"taxonomy":"product_cat","embeddable":true,"href":"https:\/\/tandoorvietnam.com\/vi\/wp-json\/wp\/v2\/product_cat?post=2995"},{"taxonomy":"product_tag","embeddable":true,"href":"https:\/\/tandoorvietnam.com\/vi\/wp-json\/wp\/v2\/product_tag?post=2995"}],"curies":[{"name":"wp","href":"https:\/\/api.w.org\/{rel}","templated":true}]}}