{"id":2998,"date":"2020-06-20T15:44:51","date_gmt":"2021-04-11T12:40:45","guid":{"rendered":"http:\/\/tandoorvietnam.com\/product\/uncategorized\/com-ni-trung\/"},"modified":"2023-05-15T10:12:10","modified_gmt":"2023-05-15T10:12:10","slug":"com-ni-trung","status":"publish","type":"product","link":"https:\/\/tandoorvietnam.com\/vi\/sanpham\/cac-mon-com\/com-ni-trung\/","title":{"rendered":"Egg Biryani (C\u01a0M N\u1eca TR\u1ee8NG)"},"content":{"rendered":"<p>C\u01a1m n\u1ecb x\u00e0o kh\u00f4 l\u00e0 m\u1ed9t m\u00f3n \u0103n \u0111\u1ed9c \u0111\u00e1o v\u00e0 h\u1ea5p d\u1eabn t\u1ea1i Tandoor Vietnam. Ch\u00fang t\u00f4i ch\u1ebf bi\u1ebfn m\u00f3n \u0103n n\u00e0y b\u1eb1ng c\u00e1ch x\u00e0o c\u01a1m n\u1ecb v\u1edbi tr\u1ee9ng v\u00e0 gia v\u1ecb cay n\u1ed3ng, t\u1ea1o n\u00ean m\u1ed9t h\u01b0\u01a1ng v\u1ecb \u0111\u1eadm \u0111\u00e0 v\u00e0 th\u00fa v\u1ecb.<\/p>\n<p>C\u01a1m n\u1ecb l\u00e0 lo\u1ea1i c\u01a1m \u0111\u01b0\u1ee3c n\u1ea5u ch\u00edn, sau \u0111\u00f3 \u0111\u01b0\u1ee3c h\u1ea5p kh\u00f4 \u0111\u1ec3 c\u00f3 \u0111\u1ed9 d\u1ebbo v\u00e0 m\u1ec1m v\u1eeba ph\u1ea3i. Khi x\u00e0o, ch\u00fang t\u00f4i th\u00eam tr\u1ee9ng v\u00e0o c\u01a1m n\u1ecb, t\u1ea1o ra m\u1ed9t s\u1ef1 k\u1ebft h\u1ee3p h\u00e0i h\u00f2a gi\u1eefa v\u1ecb ng\u1ecdt c\u1ee7a tr\u1ee9ng v\u00e0 v\u1ecb b\u00f9i b\u00e9o c\u1ee7a c\u01a1m. Gia v\u1ecb cay \u0111\u01b0\u1ee3c s\u1eed d\u1ee5ng \u0111\u1ec3 l\u00e0m t\u0103ng h\u01b0\u01a1ng v\u1ecb v\u00e0 t\u1ea1o c\u1ea3m gi\u00e1c cay n\u1ed3ng cho m\u00f3n \u0103n.<\/p>\n<p>C\u01a1m n\u1ecb x\u00e0o kh\u00f4 l\u00e0 m\u1ed9t m\u00f3n \u0103n \u0111\u01a1n gi\u1ea3n nh\u01b0ng r\u1ea5t ngon mi\u1ec7ng. H\u01b0\u01a1ng v\u1ecb \u0111\u1eadm \u0111\u00e0 v\u00e0 cay n\u1ed3ng c\u1ee7a m\u00f3n \u0103n n\u00e0y s\u1ebd khi\u1ebfn b\u1ea1n th\u00edch th\u00fa. B\u1ea1n c\u00f3 th\u1ec3 th\u01b0\u1edfng th\u1ee9c c\u01a1m n\u1ecb x\u00e0o kh\u00f4 v\u00e0o b\u1ea5t k\u1ef3 b\u1eefa \u0103n n\u00e0o trong ng\u00e0y, t\u1eeb b\u1eefa tr\u01b0a \u0111\u1ebfn b\u1eefa t\u1ed1i. M\u00f3n \u0103n n\u00e0y c\u0169ng th\u00edch h\u1ee3p \u0111\u1ec3 mang \u0111i l\u00e0m b\u1eefa tr\u01b0a ho\u1eb7c th\u01b0\u1edfng th\u1ee9c t\u1ea1i nh\u00e0.<\/p>\n<p>T\u1ea1i <a href=\"https:\/\/tandoorvietnam.com\/\">Tandoor Vietnam<\/a>, ch\u00fang t\u00f4i lu\u00f4n \u0111\u1ea3m b\u1ea3o ch\u1ea5t l\u01b0\u1ee3ng v\u00e0 s\u1ef1 t\u01b0\u01a1i ngon c\u1ee7a c\u00e1c nguy\u00ean li\u1ec7u s\u1eed d\u1ee5ng \u0111\u1ec3 t\u1ea1o ra m\u00f3n \u0103n n\u00e0y. Ch\u00fang t\u00f4i s\u1eed d\u1ee5ng c\u00e1c nguy\u00ean li\u1ec7u t\u01b0\u01a1i ngon v\u00e0 ch\u1ebf bi\u1ebfn m\u00f3n \u0103n v\u1edbi s\u1ef1 t\u1ec9 m\u1ec9 v\u00e0 t\u00e2m huy\u1ebft. C\u01a1m n\u1ecb x\u00e0o kh\u00f4 l\u00e0 m\u1ed9t trong nh\u1eefng m\u00f3n \u0103n \u0111\u1ed9c \u0111\u00e1o v\u00e0 \u0111\u1eb7c bi\u1ec7t m\u00e0 b\u1ea1n kh\u00f4ng n\u00ean b\u1ecf qua khi \u0111\u1ebfn th\u01b0\u1edfng th\u1ee9c \u1ea9m th\u1ef1c t\u1ea1i Tandoor Vietnam.<\/p>\n","protected":false},"excerpt":{"rendered":"<p>Spiced Basmati Rice with Eggs<\/p>\n<p><em>C\u01a1m n\u1ecb x\u00e0o kh\u00f4 v\u1edbi tr\u1ee9ng v\u00e0 gia v\u1ecb cay<\/em><\/p>\n","protected":false},"featured_media":2999,"template":"","meta":[],"product_brand":[],"product_cat":[216],"product_tag":[],"class_list":{"0":"post-2998","1":"product","2":"type-product","3":"status-publish","4":"has-post-thumbnail","6":"product_cat-cac-mon-com","8":"first","9":"instock","10":"taxable","11":"shipping-taxable","12":"purchasable","13":"product-type-simple"},"yoast_head":"<!-- This site is optimized with the Yoast SEO Premium plugin v22.3 (Yoast SEO v27.4) - https:\/\/yoast.com\/product\/yoast-seo-premium-wordpress\/ -->\n<title>Egg Biryani (C\u01a0M N\u1eca TR\u1ee8NG) - Tandoor Vi\u1ec7t Nam<\/title>\n<meta name=\"description\" content=\"C\u01a1m n\u1ecb x\u00e0o kh\u00f4 v\u1edbi tr\u1ee9ng v\u00e0 gia v\u1ecb cay. M\u1ed9t m\u00f3n \u0103n ngon v\u00e0 \u0111\u1ed9c \u0111\u00e1o t\u1ea1i nh\u00e0 h\u00e0ng Tandoor Vietnam, mang \u0111\u1ebfn h\u01b0\u01a1ng v\u1ecb \u0111\u1eadm \u0111\u00e0 v\u00e0 cay n\u1ed3ng.\" \/>\n<meta name=\"robots\" content=\"index, follow, max-snippet:-1, max-image-preview:large, max-video-preview:-1\" \/>\n<link rel=\"canonical\" href=\"https:\/\/tandoorvietnam.com\/vi\/sanpham\/cac-mon-com\/com-ni-trung\/\" \/>\n<meta property=\"og:locale\" content=\"vi_VN\" \/>\n<meta property=\"og:type\" content=\"article\" \/>\n<meta property=\"og:title\" content=\"Egg Biryani (C\u01a0M N\u1eca TR\u1ee8NG)\" \/>\n<meta property=\"og:description\" content=\"C\u01a1m n\u1ecb x\u00e0o kh\u00f4 v\u1edbi tr\u1ee9ng v\u00e0 gia v\u1ecb cay. M\u1ed9t m\u00f3n \u0103n ngon v\u00e0 \u0111\u1ed9c \u0111\u00e1o t\u1ea1i nh\u00e0 h\u00e0ng Tandoor Vietnam, mang \u0111\u1ebfn h\u01b0\u01a1ng v\u1ecb \u0111\u1eadm \u0111\u00e0 v\u00e0 cay n\u1ed3ng.\" \/>\n<meta property=\"og:url\" content=\"https:\/\/tandoorvietnam.com\/vi\/sanpham\/cac-mon-com\/com-ni-trung\/\" \/>\n<meta property=\"og:site_name\" content=\"Tandoor Vi\u1ec7t Nam\" \/>\n<meta property=\"article:publisher\" content=\"https:\/\/www.facebook.com\/tandoor.hcmc\/\" \/>\n<meta property=\"article:modified_time\" content=\"2023-05-15T10:12:10+00:00\" \/>\n<meta property=\"og:image\" content=\"https:\/\/tandoorvietnam.com\/wp-content\/uploads\/2020\/06\/Egg-biryani1.jpg\" \/>\n\t<meta property=\"og:image:width\" content=\"1400\" \/>\n\t<meta property=\"og:image:height\" content=\"933\" \/>\n\t<meta property=\"og:image:type\" content=\"image\/jpeg\" \/>\n<meta name=\"twitter:card\" content=\"summary_large_image\" \/>\n<meta name=\"twitter:label1\" content=\"Est. reading time\" \/>\n\t<meta name=\"twitter:data1\" content=\"2 minutes\" \/>\n<script type=\"application\/ld+json\" class=\"yoast-schema-graph\">{\"@context\":\"https:\\\/\\\/schema.org\",\"@graph\":[{\"@type\":\"WebPage\",\"@id\":\"https:\\\/\\\/tandoorvietnam.com\\\/vi\\\/sanpham\\\/cac-mon-com\\\/com-ni-trung\\\/\",\"url\":\"https:\\\/\\\/tandoorvietnam.com\\\/vi\\\/sanpham\\\/cac-mon-com\\\/com-ni-trung\\\/\",\"name\":\"Egg Biryani (C\u01a0M N\u1eca TR\u1ee8NG) - Tandoor Vi\u1ec7t Nam\",\"isPartOf\":{\"@id\":\"https:\\\/\\\/tandoorvietnam.com\\\/vi\\\/#website\"},\"primaryImageOfPage\":{\"@id\":\"https:\\\/\\\/tandoorvietnam.com\\\/vi\\\/sanpham\\\/cac-mon-com\\\/com-ni-trung\\\/#primaryimage\"},\"image\":{\"@id\":\"https:\\\/\\\/tandoorvietnam.com\\\/vi\\\/sanpham\\\/cac-mon-com\\\/com-ni-trung\\\/#primaryimage\"},\"thumbnailUrl\":\"https:\\\/\\\/tandoorvietnam.com\\\/wp-content\\\/uploads\\\/2020\\\/06\\\/Egg-biryani1.jpg\",\"datePublished\":\"2021-04-11T12:40:45+00:00\",\"dateModified\":\"2023-05-15T10:12:10+00:00\",\"description\":\"C\u01a1m n\u1ecb x\u00e0o kh\u00f4 v\u1edbi tr\u1ee9ng v\u00e0 gia v\u1ecb cay. M\u1ed9t m\u00f3n \u0103n ngon v\u00e0 \u0111\u1ed9c \u0111\u00e1o t\u1ea1i nh\u00e0 h\u00e0ng Tandoor Vietnam, mang \u0111\u1ebfn h\u01b0\u01a1ng v\u1ecb \u0111\u1eadm \u0111\u00e0 v\u00e0 cay n\u1ed3ng.\",\"breadcrumb\":{\"@id\":\"https:\\\/\\\/tandoorvietnam.com\\\/vi\\\/sanpham\\\/cac-mon-com\\\/com-ni-trung\\\/#breadcrumb\"},\"inLanguage\":\"vi-VN\",\"potentialAction\":[{\"@type\":\"ReadAction\",\"target\":[\"https:\\\/\\\/tandoorvietnam.com\\\/vi\\\/sanpham\\\/cac-mon-com\\\/com-ni-trung\\\/\"]}]},{\"@type\":\"ImageObject\",\"inLanguage\":\"vi-VN\",\"@id\":\"https:\\\/\\\/tandoorvietnam.com\\\/vi\\\/sanpham\\\/cac-mon-com\\\/com-ni-trung\\\/#primaryimage\",\"url\":\"https:\\\/\\\/tandoorvietnam.com\\\/wp-content\\\/uploads\\\/2020\\\/06\\\/Egg-biryani1.jpg\",\"contentUrl\":\"https:\\\/\\\/tandoorvietnam.com\\\/wp-content\\\/uploads\\\/2020\\\/06\\\/Egg-biryani1.jpg\",\"width\":1400,\"height\":933,\"caption\":\"C\u01a0M N\u1eca TR\u1ee8NG\"},{\"@type\":\"BreadcrumbList\",\"@id\":\"https:\\\/\\\/tandoorvietnam.com\\\/vi\\\/sanpham\\\/cac-mon-com\\\/com-ni-trung\\\/#breadcrumb\",\"itemListElement\":[{\"@type\":\"ListItem\",\"position\":1,\"name\":\"Trang Ch\u1ee7\",\"item\":\"https:\\\/\\\/tandoorvietnam.com\\\/vi\\\/\"},{\"@type\":\"ListItem\",\"position\":2,\"name\":\"Shop\",\"item\":\"https:\\\/\\\/tandoorvietnam.com\\\/shop\\\/\"},{\"@type\":\"ListItem\",\"position\":3,\"name\":\"Egg Biryani (C\u01a0M N\u1eca TR\u1ee8NG)\"}]},{\"@type\":\"WebSite\",\"@id\":\"https:\\\/\\\/tandoorvietnam.com\\\/vi\\\/#website\",\"url\":\"https:\\\/\\\/tandoorvietnam.com\\\/vi\\\/\",\"name\":\"Tandoor Vietnam\",\"description\":\"Nh\u00e0 h\u00e0ng ngon h\u1ed3 ch\u00ed minh\",\"publisher\":{\"@id\":\"https:\\\/\\\/tandoorvietnam.com\\\/vi\\\/#organization\"},\"potentialAction\":[{\"@type\":\"SearchAction\",\"target\":{\"@type\":\"EntryPoint\",\"urlTemplate\":\"https:\\\/\\\/tandoorvietnam.com\\\/vi\\\/?s={search_term_string}\"},\"query-input\":{\"@type\":\"PropertyValueSpecification\",\"valueRequired\":true,\"valueName\":\"search_term_string\"}}],\"inLanguage\":\"vi-VN\"},{\"@type\":\"Organization\",\"@id\":\"https:\\\/\\\/tandoorvietnam.com\\\/vi\\\/#organization\",\"name\":\"Tandoor Vietnam\",\"url\":\"https:\\\/\\\/tandoorvietnam.com\\\/vi\\\/\",\"logo\":{\"@type\":\"ImageObject\",\"inLanguage\":\"vi-VN\",\"@id\":\"https:\\\/\\\/tandoorvietnam.com\\\/vi\\\/#\\\/schema\\\/logo\\\/image\\\/\",\"url\":\"https:\\\/\\\/tandoorvietnam.com\\\/wp-content\\\/uploads\\\/2020\\\/07\\\/logo.png\",\"contentUrl\":\"https:\\\/\\\/tandoorvietnam.com\\\/wp-content\\\/uploads\\\/2020\\\/07\\\/logo.png\",\"width\":133,\"height\":75,\"caption\":\"Tandoor Vietnam\"},\"image\":{\"@id\":\"https:\\\/\\\/tandoorvietnam.com\\\/vi\\\/#\\\/schema\\\/logo\\\/image\\\/\"},\"sameAs\":[\"https:\\\/\\\/www.facebook.com\\\/tandoor.hcmc\\\/\"]}]}<\/script>\n<!-- \/ Yoast SEO Premium plugin. -->","yoast_head_json":{"title":"Egg Biryani (C\u01a0M N\u1eca TR\u1ee8NG) - Tandoor Vi\u1ec7t Nam","description":"C\u01a1m n\u1ecb x\u00e0o kh\u00f4 v\u1edbi tr\u1ee9ng v\u00e0 gia v\u1ecb cay. M\u1ed9t m\u00f3n \u0103n ngon v\u00e0 \u0111\u1ed9c \u0111\u00e1o t\u1ea1i nh\u00e0 h\u00e0ng Tandoor Vietnam, mang \u0111\u1ebfn h\u01b0\u01a1ng v\u1ecb \u0111\u1eadm \u0111\u00e0 v\u00e0 cay n\u1ed3ng.","robots":{"index":"index","follow":"follow","max-snippet":"max-snippet:-1","max-image-preview":"max-image-preview:large","max-video-preview":"max-video-preview:-1"},"canonical":"https:\/\/tandoorvietnam.com\/vi\/sanpham\/cac-mon-com\/com-ni-trung\/","og_locale":"vi_VN","og_type":"article","og_title":"Egg Biryani (C\u01a0M N\u1eca TR\u1ee8NG)","og_description":"C\u01a1m n\u1ecb x\u00e0o kh\u00f4 v\u1edbi tr\u1ee9ng v\u00e0 gia v\u1ecb cay. M\u1ed9t m\u00f3n \u0103n ngon v\u00e0 \u0111\u1ed9c \u0111\u00e1o t\u1ea1i nh\u00e0 h\u00e0ng Tandoor Vietnam, mang \u0111\u1ebfn h\u01b0\u01a1ng v\u1ecb \u0111\u1eadm \u0111\u00e0 v\u00e0 cay n\u1ed3ng.","og_url":"https:\/\/tandoorvietnam.com\/vi\/sanpham\/cac-mon-com\/com-ni-trung\/","og_site_name":"Tandoor Vi\u1ec7t Nam","article_publisher":"https:\/\/www.facebook.com\/tandoor.hcmc\/","article_modified_time":"2023-05-15T10:12:10+00:00","og_image":[{"width":1400,"height":933,"url":"https:\/\/tandoorvietnam.com\/wp-content\/uploads\/2020\/06\/Egg-biryani1.jpg","type":"image\/jpeg"}],"twitter_card":"summary_large_image","twitter_misc":{"Est. reading time":"2 minutes"},"schema":{"@context":"https:\/\/schema.org","@graph":[{"@type":"WebPage","@id":"https:\/\/tandoorvietnam.com\/vi\/sanpham\/cac-mon-com\/com-ni-trung\/","url":"https:\/\/tandoorvietnam.com\/vi\/sanpham\/cac-mon-com\/com-ni-trung\/","name":"Egg Biryani (C\u01a0M N\u1eca TR\u1ee8NG) - Tandoor Vi\u1ec7t Nam","isPartOf":{"@id":"https:\/\/tandoorvietnam.com\/vi\/#website"},"primaryImageOfPage":{"@id":"https:\/\/tandoorvietnam.com\/vi\/sanpham\/cac-mon-com\/com-ni-trung\/#primaryimage"},"image":{"@id":"https:\/\/tandoorvietnam.com\/vi\/sanpham\/cac-mon-com\/com-ni-trung\/#primaryimage"},"thumbnailUrl":"https:\/\/tandoorvietnam.com\/wp-content\/uploads\/2020\/06\/Egg-biryani1.jpg","datePublished":"2021-04-11T12:40:45+00:00","dateModified":"2023-05-15T10:12:10+00:00","description":"C\u01a1m n\u1ecb x\u00e0o kh\u00f4 v\u1edbi tr\u1ee9ng v\u00e0 gia v\u1ecb cay. M\u1ed9t m\u00f3n \u0103n ngon v\u00e0 \u0111\u1ed9c \u0111\u00e1o t\u1ea1i nh\u00e0 h\u00e0ng Tandoor Vietnam, mang \u0111\u1ebfn h\u01b0\u01a1ng v\u1ecb \u0111\u1eadm \u0111\u00e0 v\u00e0 cay n\u1ed3ng.","breadcrumb":{"@id":"https:\/\/tandoorvietnam.com\/vi\/sanpham\/cac-mon-com\/com-ni-trung\/#breadcrumb"},"inLanguage":"vi-VN","potentialAction":[{"@type":"ReadAction","target":["https:\/\/tandoorvietnam.com\/vi\/sanpham\/cac-mon-com\/com-ni-trung\/"]}]},{"@type":"ImageObject","inLanguage":"vi-VN","@id":"https:\/\/tandoorvietnam.com\/vi\/sanpham\/cac-mon-com\/com-ni-trung\/#primaryimage","url":"https:\/\/tandoorvietnam.com\/wp-content\/uploads\/2020\/06\/Egg-biryani1.jpg","contentUrl":"https:\/\/tandoorvietnam.com\/wp-content\/uploads\/2020\/06\/Egg-biryani1.jpg","width":1400,"height":933,"caption":"C\u01a0M N\u1eca TR\u1ee8NG"},{"@type":"BreadcrumbList","@id":"https:\/\/tandoorvietnam.com\/vi\/sanpham\/cac-mon-com\/com-ni-trung\/#breadcrumb","itemListElement":[{"@type":"ListItem","position":1,"name":"Trang Ch\u1ee7","item":"https:\/\/tandoorvietnam.com\/vi\/"},{"@type":"ListItem","position":2,"name":"Shop","item":"https:\/\/tandoorvietnam.com\/shop\/"},{"@type":"ListItem","position":3,"name":"Egg Biryani (C\u01a0M N\u1eca TR\u1ee8NG)"}]},{"@type":"WebSite","@id":"https:\/\/tandoorvietnam.com\/vi\/#website","url":"https:\/\/tandoorvietnam.com\/vi\/","name":"Tandoor Vietnam","description":"Nh\u00e0 h\u00e0ng ngon h\u1ed3 ch\u00ed minh","publisher":{"@id":"https:\/\/tandoorvietnam.com\/vi\/#organization"},"potentialAction":[{"@type":"SearchAction","target":{"@type":"EntryPoint","urlTemplate":"https:\/\/tandoorvietnam.com\/vi\/?s={search_term_string}"},"query-input":{"@type":"PropertyValueSpecification","valueRequired":true,"valueName":"search_term_string"}}],"inLanguage":"vi-VN"},{"@type":"Organization","@id":"https:\/\/tandoorvietnam.com\/vi\/#organization","name":"Tandoor Vietnam","url":"https:\/\/tandoorvietnam.com\/vi\/","logo":{"@type":"ImageObject","inLanguage":"vi-VN","@id":"https:\/\/tandoorvietnam.com\/vi\/#\/schema\/logo\/image\/","url":"https:\/\/tandoorvietnam.com\/wp-content\/uploads\/2020\/07\/logo.png","contentUrl":"https:\/\/tandoorvietnam.com\/wp-content\/uploads\/2020\/07\/logo.png","width":133,"height":75,"caption":"Tandoor Vietnam"},"image":{"@id":"https:\/\/tandoorvietnam.com\/vi\/#\/schema\/logo\/image\/"},"sameAs":["https:\/\/www.facebook.com\/tandoor.hcmc\/"]}]}},"_links":{"self":[{"href":"https:\/\/tandoorvietnam.com\/vi\/wp-json\/wp\/v2\/product\/2998","targetHints":{"allow":["GET"]}}],"collection":[{"href":"https:\/\/tandoorvietnam.com\/vi\/wp-json\/wp\/v2\/product"}],"about":[{"href":"https:\/\/tandoorvietnam.com\/vi\/wp-json\/wp\/v2\/types\/product"}],"wp:featuredmedia":[{"embeddable":true,"href":"https:\/\/tandoorvietnam.com\/vi\/wp-json\/wp\/v2\/media\/2999"}],"wp:attachment":[{"href":"https:\/\/tandoorvietnam.com\/vi\/wp-json\/wp\/v2\/media?parent=2998"}],"wp:term":[{"taxonomy":"product_brand","embeddable":true,"href":"https:\/\/tandoorvietnam.com\/vi\/wp-json\/wp\/v2\/product_brand?post=2998"},{"taxonomy":"product_cat","embeddable":true,"href":"https:\/\/tandoorvietnam.com\/vi\/wp-json\/wp\/v2\/product_cat?post=2998"},{"taxonomy":"product_tag","embeddable":true,"href":"https:\/\/tandoorvietnam.com\/vi\/wp-json\/wp\/v2\/product_tag?post=2998"}],"curies":[{"name":"wp","href":"https:\/\/api.w.org\/{rel}","templated":true}]}}