{"id":3000,"date":"2020-06-20T14:41:47","date_gmt":"2021-04-11T12:42:02","guid":{"rendered":"http:\/\/tandoorvietnam.com\/product\/uncategorized\/com-basmati-hat-thi-la\/"},"modified":"2023-05-19T15:59:52","modified_gmt":"2023-05-19T15:59:52","slug":"com-basmati-hat-thi-la","status":"publish","type":"product","link":"https:\/\/tandoorvietnam.com\/vi\/sanpham\/cac-mon-com\/com-basmati-hat-thi-la\/","title":{"rendered":"Jeera Pilau (C\u01a0M BASMATI H\u1ea0T TH\u00cc L\u00c0)"},"content":{"rendered":"<p>C\u01a1m Basmati h\u1ea1t th\u00ec l\u00e0 (Jeera Pilau) l\u00e0 m\u1ed9t trong nh\u1eefng m\u00f3n \u0103n truy\u1ec1n th\u1ed1ng c\u1ee7a \u1ea4n \u0110\u1ed9. T\u1ea1i Tandoor Vietnam, ch\u00fang t\u00f4i mang \u0111\u1ebfn cho b\u1ea1n h\u01b0\u01a1ng v\u1ecb tinh t\u1ebf v\u00e0 m\u1ec1m m\u1ecbn c\u1ee7a c\u01a1m Basmati h\u00f2a quy\u1ec7n c\u00f9ng h\u1ea1t th\u00ec l\u00e0 th\u01a1m ngon.<\/p>\n<p>C\u01a1m Basmati l\u00e0 lo\u1ea1i g\u1ea1o c\u00f3 h\u1ea1t d\u00e0i, \u0111\u01b0\u1ee3c tr\u1ed3ng \u1edf v\u00f9ng \u0111\u1ed3ng b\u1eb1ng s\u00f4ng Ganga t\u1ea1i \u1ea4n \u0110\u1ed9. H\u1ea1t c\u01a1m Basmati c\u00f3 m\u00f9i th\u01a1m t\u1ef1 nhi\u00ean v\u00e0 m\u1ec1m m\u1ecbn, t\u1ea1o n\u00ean m\u1ed9t h\u01b0\u01a1ng v\u1ecb \u0111\u1eb7c tr\u01b0ng v\u00e0 l\u00f4i cu\u1ed1n. Khi n\u1ea5u ch\u00edn, c\u01a1m Basmati gi\u1eef \u0111\u01b0\u1ee3c \u0111\u1ed9 ngon, kh\u00f4ng b\u1ecb d\u00ednh v\u00e0 c\u00f3 h\u1ea1t c\u01a1m r\u1eddi r\u1ea1c.<\/p>\n<p>H\u1ea1t th\u00ec l\u00e0, m\u1ed9t lo\u1ea1i gia v\u1ecb t\u1eeb \u1ea4n \u0110\u1ed9, th\u00eam v\u00e0o lo\u1ea1i c\u01a1m n\u00e0y t\u1ea1o ra m\u1ed9t h\u01b0\u01a1ng v\u1ecb \u0111\u1ed9c \u0111\u00e1o. Th\u00ec l\u00e0 c\u00f3 m\u00f9i th\u01a1m \u0111\u1eb7c tr\u01b0ng v\u00e0 cung c\u1ea5p h\u01b0\u01a1ng v\u1ecb th\u01a1m ngon, gi\u00fap n\u00e2ng cao tr\u1ea3i nghi\u1ec7m \u1ea9m th\u1ef1c c\u1ee7a m\u00f3n c\u01a1m n\u00e0y.<\/p>\n<p>Jeera Pilau l\u00e0 m\u1ed9t m\u00f3n \u0103n ph\u1ed5 bi\u1ebfn trong c\u00e1c b\u1eefa \u0103n \u1ea4n \u0110\u1ed9, v\u00e0 t\u1ea1i Tandoor Vietnam, ch\u00fang t\u00f4i lu\u00f4n \u0111\u1ea3m b\u1ea3o s\u1eed d\u1ee5ng c\u01a1m Basmati t\u01b0\u01a1i ngon v\u00e0 h\u1ea1t th\u00ec l\u00e0 ch\u1ea5t l\u01b0\u1ee3ng \u0111\u1ec3 t\u1ea1o ra m\u1ed9t m\u00f3n \u0103n ngon v\u00e0 \u0111\u1eadm \u0111\u00e0.<\/p>\n<p>B\u1ea1n c\u00f3 th\u1ec3 th\u01b0\u1edfng th\u1ee9c Jeera Pilau trong c\u00e1c b\u1eefa tr\u01b0a ho\u1eb7c t\u1ed1i, v\u00e0 n\u00f3 th\u01b0\u1eddng \u0111\u01b0\u1ee3c k\u1ebft h\u1ee3p v\u1edbi c\u00e1c m\u00f3n \u0103n \u1ea4n \u0110\u1ed9 kh\u00e1c nh\u01b0 m\u00f3n c\u00e1, th\u1ecbt ho\u1eb7c rau c\u1ee7. M\u00f3n c\u01a1m n\u00e0y l\u00e0 m\u1ed9t l\u1ef1a ch\u1ecdn tuy\u1ec7t v\u1eddi \u0111\u1ec3 kh\u00e1m ph\u00e1 h\u01b0\u01a1ng v\u1ecb \u0111\u1eb7c tr\u01b0ng v\u00e0 truy\u1ec1n th\u1ed1ng c\u1ee7a \u1ea9m th\u1ef1c \u1ea4n \u0110\u1ed9 t\u1ea1i <a href=\"https:\/\/tandoorvietnam.com\/\">nh\u00e0 h\u00e0ng Tandoor Vi\u1ec7t Nam.<\/a><\/p>\n","protected":false},"excerpt":{"rendered":"<p>&nbsp;<\/p>\n<table width=\"723\">\n<tbody>\n<tr>\n<td width=\"412\">Basmati rice flavoured with cumin seeds<\/td>\n<\/tr>\n<tr>\n<td width=\"412\"><em> C\u01a1m basmati n\u1ea5u v\u1edbi h\u1ea1t th\u00ec l\u00e0<\/em><\/td>\n<\/tr>\n<\/tbody>\n<\/table>\n","protected":false},"featured_media":3001,"template":"","meta":[],"product_brand":[],"product_cat":[216],"product_tag":[],"class_list":{"0":"post-3000","1":"product","2":"type-product","3":"status-publish","4":"has-post-thumbnail","6":"product_cat-cac-mon-com","8":"first","9":"instock","10":"taxable","11":"shipping-taxable","12":"purchasable","13":"product-type-simple"},"yoast_head":"<!-- This site is optimized with the Yoast SEO Premium plugin v22.3 (Yoast SEO v27.4) - https:\/\/yoast.com\/product\/yoast-seo-premium-wordpress\/ -->\n<title>Jeera Pilau (C\u01a0M BASMATI H\u1ea0T TH\u00cc L\u00c0) - Tandoor Vi\u1ec7t Nam<\/title>\n<meta name=\"description\" content=\"C\u01a1m Basmati h\u1ea1t th\u00ec l\u00e0 - H\u01b0\u01a1ng v\u1ecb tinh t\u1ebf v\u00e0 m\u1ec1m m\u1ecbn c\u1ee7a c\u01a1m Basmati h\u00f2a quy\u1ec7n c\u00f9ng h\u1ea1t th\u00ec l\u00e0 t\u1ea1i Tandoor Vietnam, \u1ea4n \u0110\u1ed9 tr\u00ean t\u1eebng d\u0129a.\" \/>\n<meta name=\"robots\" content=\"index, follow, max-snippet:-1, max-image-preview:large, max-video-preview:-1\" \/>\n<link rel=\"canonical\" href=\"https:\/\/tandoorvietnam.com\/vi\/sanpham\/cac-mon-com\/com-basmati-hat-thi-la\/\" \/>\n<meta property=\"og:locale\" content=\"vi_VN\" \/>\n<meta property=\"og:type\" content=\"article\" \/>\n<meta property=\"og:title\" content=\"Jeera Pilau (C\u01a0M BASMATI H\u1ea0T TH\u00cc L\u00c0)\" \/>\n<meta property=\"og:description\" content=\"C\u01a1m Basmati h\u1ea1t th\u00ec l\u00e0 - H\u01b0\u01a1ng v\u1ecb tinh t\u1ebf v\u00e0 m\u1ec1m m\u1ecbn c\u1ee7a c\u01a1m Basmati h\u00f2a quy\u1ec7n c\u00f9ng h\u1ea1t th\u00ec l\u00e0 t\u1ea1i Tandoor Vietnam, \u1ea4n \u0110\u1ed9 tr\u00ean t\u1eebng d\u0129a.\" \/>\n<meta property=\"og:url\" content=\"https:\/\/tandoorvietnam.com\/vi\/sanpham\/cac-mon-com\/com-basmati-hat-thi-la\/\" \/>\n<meta property=\"og:site_name\" content=\"Tandoor Vi\u1ec7t Nam\" \/>\n<meta property=\"article:publisher\" content=\"https:\/\/www.facebook.com\/tandoor.hcmc\/\" \/>\n<meta property=\"article:modified_time\" content=\"2023-05-19T15:59:52+00:00\" \/>\n<meta property=\"og:image\" content=\"https:\/\/tandoorvietnam.com\/wp-content\/uploads\/2020\/06\/Jeera-Pilau.jpg\" \/>\n\t<meta property=\"og:image:width\" content=\"1400\" \/>\n\t<meta property=\"og:image:height\" content=\"1400\" \/>\n\t<meta property=\"og:image:type\" content=\"image\/jpeg\" \/>\n<meta name=\"twitter:card\" content=\"summary_large_image\" \/>\n<meta name=\"twitter:label1\" content=\"Est. reading time\" \/>\n\t<meta name=\"twitter:data1\" content=\"2 minutes\" \/>\n<script type=\"application\/ld+json\" class=\"yoast-schema-graph\">{\"@context\":\"https:\\\/\\\/schema.org\",\"@graph\":[{\"@type\":\"WebPage\",\"@id\":\"https:\\\/\\\/tandoorvietnam.com\\\/vi\\\/sanpham\\\/cac-mon-com\\\/com-basmati-hat-thi-la\\\/\",\"url\":\"https:\\\/\\\/tandoorvietnam.com\\\/vi\\\/sanpham\\\/cac-mon-com\\\/com-basmati-hat-thi-la\\\/\",\"name\":\"Jeera Pilau (C\u01a0M BASMATI H\u1ea0T TH\u00cc L\u00c0) - Tandoor Vi\u1ec7t Nam\",\"isPartOf\":{\"@id\":\"https:\\\/\\\/tandoorvietnam.com\\\/vi\\\/#website\"},\"primaryImageOfPage\":{\"@id\":\"https:\\\/\\\/tandoorvietnam.com\\\/vi\\\/sanpham\\\/cac-mon-com\\\/com-basmati-hat-thi-la\\\/#primaryimage\"},\"image\":{\"@id\":\"https:\\\/\\\/tandoorvietnam.com\\\/vi\\\/sanpham\\\/cac-mon-com\\\/com-basmati-hat-thi-la\\\/#primaryimage\"},\"thumbnailUrl\":\"https:\\\/\\\/tandoorvietnam.com\\\/wp-content\\\/uploads\\\/2020\\\/06\\\/Jeera-Pilau.jpg\",\"datePublished\":\"2021-04-11T12:42:02+00:00\",\"dateModified\":\"2023-05-19T15:59:52+00:00\",\"description\":\"C\u01a1m Basmati h\u1ea1t th\u00ec l\u00e0 - H\u01b0\u01a1ng v\u1ecb tinh t\u1ebf v\u00e0 m\u1ec1m m\u1ecbn c\u1ee7a c\u01a1m Basmati h\u00f2a quy\u1ec7n c\u00f9ng h\u1ea1t th\u00ec l\u00e0 t\u1ea1i Tandoor Vietnam, \u1ea4n \u0110\u1ed9 tr\u00ean t\u1eebng d\u0129a.\",\"breadcrumb\":{\"@id\":\"https:\\\/\\\/tandoorvietnam.com\\\/vi\\\/sanpham\\\/cac-mon-com\\\/com-basmati-hat-thi-la\\\/#breadcrumb\"},\"inLanguage\":\"vi-VN\",\"potentialAction\":[{\"@type\":\"ReadAction\",\"target\":[\"https:\\\/\\\/tandoorvietnam.com\\\/vi\\\/sanpham\\\/cac-mon-com\\\/com-basmati-hat-thi-la\\\/\"]}]},{\"@type\":\"ImageObject\",\"inLanguage\":\"vi-VN\",\"@id\":\"https:\\\/\\\/tandoorvietnam.com\\\/vi\\\/sanpham\\\/cac-mon-com\\\/com-basmati-hat-thi-la\\\/#primaryimage\",\"url\":\"https:\\\/\\\/tandoorvietnam.com\\\/wp-content\\\/uploads\\\/2020\\\/06\\\/Jeera-Pilau.jpg\",\"contentUrl\":\"https:\\\/\\\/tandoorvietnam.com\\\/wp-content\\\/uploads\\\/2020\\\/06\\\/Jeera-Pilau.jpg\",\"width\":1400,\"height\":1400,\"caption\":\"C\u01a0M BASMATI H\u1ea0T TH\u00cc L\u00c0\"},{\"@type\":\"BreadcrumbList\",\"@id\":\"https:\\\/\\\/tandoorvietnam.com\\\/vi\\\/sanpham\\\/cac-mon-com\\\/com-basmati-hat-thi-la\\\/#breadcrumb\",\"itemListElement\":[{\"@type\":\"ListItem\",\"position\":1,\"name\":\"Trang Ch\u1ee7\",\"item\":\"https:\\\/\\\/tandoorvietnam.com\\\/vi\\\/\"},{\"@type\":\"ListItem\",\"position\":2,\"name\":\"Shop\",\"item\":\"https:\\\/\\\/tandoorvietnam.com\\\/shop\\\/\"},{\"@type\":\"ListItem\",\"position\":3,\"name\":\"Jeera Pilau (C\u01a0M BASMATI H\u1ea0T TH\u00cc L\u00c0)\"}]},{\"@type\":\"WebSite\",\"@id\":\"https:\\\/\\\/tandoorvietnam.com\\\/vi\\\/#website\",\"url\":\"https:\\\/\\\/tandoorvietnam.com\\\/vi\\\/\",\"name\":\"Tandoor Vietnam\",\"description\":\"Nh\u00e0 h\u00e0ng ngon h\u1ed3 ch\u00ed minh\",\"publisher\":{\"@id\":\"https:\\\/\\\/tandoorvietnam.com\\\/vi\\\/#organization\"},\"potentialAction\":[{\"@type\":\"SearchAction\",\"target\":{\"@type\":\"EntryPoint\",\"urlTemplate\":\"https:\\\/\\\/tandoorvietnam.com\\\/vi\\\/?s={search_term_string}\"},\"query-input\":{\"@type\":\"PropertyValueSpecification\",\"valueRequired\":true,\"valueName\":\"search_term_string\"}}],\"inLanguage\":\"vi-VN\"},{\"@type\":\"Organization\",\"@id\":\"https:\\\/\\\/tandoorvietnam.com\\\/vi\\\/#organization\",\"name\":\"Tandoor Vietnam\",\"url\":\"https:\\\/\\\/tandoorvietnam.com\\\/vi\\\/\",\"logo\":{\"@type\":\"ImageObject\",\"inLanguage\":\"vi-VN\",\"@id\":\"https:\\\/\\\/tandoorvietnam.com\\\/vi\\\/#\\\/schema\\\/logo\\\/image\\\/\",\"url\":\"https:\\\/\\\/tandoorvietnam.com\\\/wp-content\\\/uploads\\\/2020\\\/07\\\/logo.png\",\"contentUrl\":\"https:\\\/\\\/tandoorvietnam.com\\\/wp-content\\\/uploads\\\/2020\\\/07\\\/logo.png\",\"width\":133,\"height\":75,\"caption\":\"Tandoor Vietnam\"},\"image\":{\"@id\":\"https:\\\/\\\/tandoorvietnam.com\\\/vi\\\/#\\\/schema\\\/logo\\\/image\\\/\"},\"sameAs\":[\"https:\\\/\\\/www.facebook.com\\\/tandoor.hcmc\\\/\"]}]}<\/script>\n<!-- \/ Yoast SEO Premium plugin. -->","yoast_head_json":{"title":"Jeera Pilau (C\u01a0M BASMATI H\u1ea0T TH\u00cc L\u00c0) - Tandoor Vi\u1ec7t Nam","description":"C\u01a1m Basmati h\u1ea1t th\u00ec l\u00e0 - H\u01b0\u01a1ng v\u1ecb tinh t\u1ebf v\u00e0 m\u1ec1m m\u1ecbn c\u1ee7a c\u01a1m Basmati h\u00f2a quy\u1ec7n c\u00f9ng h\u1ea1t th\u00ec l\u00e0 t\u1ea1i Tandoor Vietnam, \u1ea4n \u0110\u1ed9 tr\u00ean t\u1eebng d\u0129a.","robots":{"index":"index","follow":"follow","max-snippet":"max-snippet:-1","max-image-preview":"max-image-preview:large","max-video-preview":"max-video-preview:-1"},"canonical":"https:\/\/tandoorvietnam.com\/vi\/sanpham\/cac-mon-com\/com-basmati-hat-thi-la\/","og_locale":"vi_VN","og_type":"article","og_title":"Jeera Pilau (C\u01a0M BASMATI H\u1ea0T TH\u00cc L\u00c0)","og_description":"C\u01a1m Basmati h\u1ea1t th\u00ec l\u00e0 - H\u01b0\u01a1ng v\u1ecb tinh t\u1ebf v\u00e0 m\u1ec1m m\u1ecbn c\u1ee7a c\u01a1m Basmati h\u00f2a quy\u1ec7n c\u00f9ng h\u1ea1t th\u00ec l\u00e0 t\u1ea1i Tandoor Vietnam, \u1ea4n \u0110\u1ed9 tr\u00ean t\u1eebng d\u0129a.","og_url":"https:\/\/tandoorvietnam.com\/vi\/sanpham\/cac-mon-com\/com-basmati-hat-thi-la\/","og_site_name":"Tandoor Vi\u1ec7t Nam","article_publisher":"https:\/\/www.facebook.com\/tandoor.hcmc\/","article_modified_time":"2023-05-19T15:59:52+00:00","og_image":[{"width":1400,"height":1400,"url":"https:\/\/tandoorvietnam.com\/wp-content\/uploads\/2020\/06\/Jeera-Pilau.jpg","type":"image\/jpeg"}],"twitter_card":"summary_large_image","twitter_misc":{"Est. reading time":"2 minutes"},"schema":{"@context":"https:\/\/schema.org","@graph":[{"@type":"WebPage","@id":"https:\/\/tandoorvietnam.com\/vi\/sanpham\/cac-mon-com\/com-basmati-hat-thi-la\/","url":"https:\/\/tandoorvietnam.com\/vi\/sanpham\/cac-mon-com\/com-basmati-hat-thi-la\/","name":"Jeera Pilau (C\u01a0M BASMATI H\u1ea0T TH\u00cc L\u00c0) - Tandoor Vi\u1ec7t Nam","isPartOf":{"@id":"https:\/\/tandoorvietnam.com\/vi\/#website"},"primaryImageOfPage":{"@id":"https:\/\/tandoorvietnam.com\/vi\/sanpham\/cac-mon-com\/com-basmati-hat-thi-la\/#primaryimage"},"image":{"@id":"https:\/\/tandoorvietnam.com\/vi\/sanpham\/cac-mon-com\/com-basmati-hat-thi-la\/#primaryimage"},"thumbnailUrl":"https:\/\/tandoorvietnam.com\/wp-content\/uploads\/2020\/06\/Jeera-Pilau.jpg","datePublished":"2021-04-11T12:42:02+00:00","dateModified":"2023-05-19T15:59:52+00:00","description":"C\u01a1m Basmati h\u1ea1t th\u00ec l\u00e0 - H\u01b0\u01a1ng v\u1ecb tinh t\u1ebf v\u00e0 m\u1ec1m m\u1ecbn c\u1ee7a c\u01a1m Basmati h\u00f2a quy\u1ec7n c\u00f9ng h\u1ea1t th\u00ec l\u00e0 t\u1ea1i Tandoor Vietnam, \u1ea4n \u0110\u1ed9 tr\u00ean t\u1eebng d\u0129a.","breadcrumb":{"@id":"https:\/\/tandoorvietnam.com\/vi\/sanpham\/cac-mon-com\/com-basmati-hat-thi-la\/#breadcrumb"},"inLanguage":"vi-VN","potentialAction":[{"@type":"ReadAction","target":["https:\/\/tandoorvietnam.com\/vi\/sanpham\/cac-mon-com\/com-basmati-hat-thi-la\/"]}]},{"@type":"ImageObject","inLanguage":"vi-VN","@id":"https:\/\/tandoorvietnam.com\/vi\/sanpham\/cac-mon-com\/com-basmati-hat-thi-la\/#primaryimage","url":"https:\/\/tandoorvietnam.com\/wp-content\/uploads\/2020\/06\/Jeera-Pilau.jpg","contentUrl":"https:\/\/tandoorvietnam.com\/wp-content\/uploads\/2020\/06\/Jeera-Pilau.jpg","width":1400,"height":1400,"caption":"C\u01a0M BASMATI H\u1ea0T TH\u00cc L\u00c0"},{"@type":"BreadcrumbList","@id":"https:\/\/tandoorvietnam.com\/vi\/sanpham\/cac-mon-com\/com-basmati-hat-thi-la\/#breadcrumb","itemListElement":[{"@type":"ListItem","position":1,"name":"Trang Ch\u1ee7","item":"https:\/\/tandoorvietnam.com\/vi\/"},{"@type":"ListItem","position":2,"name":"Shop","item":"https:\/\/tandoorvietnam.com\/shop\/"},{"@type":"ListItem","position":3,"name":"Jeera Pilau (C\u01a0M BASMATI H\u1ea0T TH\u00cc L\u00c0)"}]},{"@type":"WebSite","@id":"https:\/\/tandoorvietnam.com\/vi\/#website","url":"https:\/\/tandoorvietnam.com\/vi\/","name":"Tandoor Vietnam","description":"Nh\u00e0 h\u00e0ng ngon h\u1ed3 ch\u00ed minh","publisher":{"@id":"https:\/\/tandoorvietnam.com\/vi\/#organization"},"potentialAction":[{"@type":"SearchAction","target":{"@type":"EntryPoint","urlTemplate":"https:\/\/tandoorvietnam.com\/vi\/?s={search_term_string}"},"query-input":{"@type":"PropertyValueSpecification","valueRequired":true,"valueName":"search_term_string"}}],"inLanguage":"vi-VN"},{"@type":"Organization","@id":"https:\/\/tandoorvietnam.com\/vi\/#organization","name":"Tandoor Vietnam","url":"https:\/\/tandoorvietnam.com\/vi\/","logo":{"@type":"ImageObject","inLanguage":"vi-VN","@id":"https:\/\/tandoorvietnam.com\/vi\/#\/schema\/logo\/image\/","url":"https:\/\/tandoorvietnam.com\/wp-content\/uploads\/2020\/07\/logo.png","contentUrl":"https:\/\/tandoorvietnam.com\/wp-content\/uploads\/2020\/07\/logo.png","width":133,"height":75,"caption":"Tandoor Vietnam"},"image":{"@id":"https:\/\/tandoorvietnam.com\/vi\/#\/schema\/logo\/image\/"},"sameAs":["https:\/\/www.facebook.com\/tandoor.hcmc\/"]}]}},"_links":{"self":[{"href":"https:\/\/tandoorvietnam.com\/vi\/wp-json\/wp\/v2\/product\/3000","targetHints":{"allow":["GET"]}}],"collection":[{"href":"https:\/\/tandoorvietnam.com\/vi\/wp-json\/wp\/v2\/product"}],"about":[{"href":"https:\/\/tandoorvietnam.com\/vi\/wp-json\/wp\/v2\/types\/product"}],"wp:featuredmedia":[{"embeddable":true,"href":"https:\/\/tandoorvietnam.com\/vi\/wp-json\/wp\/v2\/media\/3001"}],"wp:attachment":[{"href":"https:\/\/tandoorvietnam.com\/vi\/wp-json\/wp\/v2\/media?parent=3000"}],"wp:term":[{"taxonomy":"product_brand","embeddable":true,"href":"https:\/\/tandoorvietnam.com\/vi\/wp-json\/wp\/v2\/product_brand?post=3000"},{"taxonomy":"product_cat","embeddable":true,"href":"https:\/\/tandoorvietnam.com\/vi\/wp-json\/wp\/v2\/product_cat?post=3000"},{"taxonomy":"product_tag","embeddable":true,"href":"https:\/\/tandoorvietnam.com\/vi\/wp-json\/wp\/v2\/product_tag?post=3000"}],"curies":[{"name":"wp","href":"https:\/\/api.w.org\/{rel}","templated":true}]}}