{"id":3002,"date":"2020-06-20T14:56:43","date_gmt":"2021-04-11T12:48:04","guid":{"rendered":"http:\/\/tandoorvietnam.com\/product\/uncategorized\/com-basmati-nho-kho\/"},"modified":"2023-05-17T09:02:22","modified_gmt":"2023-05-17T09:02:22","slug":"com-basmati-nho-kho","status":"publish","type":"product","link":"https:\/\/tandoorvietnam.com\/vi\/sanpham\/cac-mon-com\/com-basmati-nho-kho\/","title":{"rendered":"Kashmir Pilau (C\u01a0M BASMATI NHO KH\u00d4)"},"content":{"rendered":"<div class=\"flex-1 overflow-hidden\">\n<div class=\"react-scroll-to-bottom--css-xueru-79elbk h-full dark:bg-gray-800\">\n<div class=\"react-scroll-to-bottom--css-xueru-1n7m0yu\">\n<div class=\"flex flex-col items-center text-sm dark:bg-gray-800\">\n<div class=\"group w-full text-gray-800 dark:text-gray-100 border-b border-black\/10 dark:border-gray-900\/50 bg-gray-50 dark:bg-[#444654]\">\n<div class=\"flex p-4 gap-4 text-base md:gap-6 md:max-w-2xl lg:max-w-xl xl:max-w-3xl md:py-6 lg:px-0 m-auto\">\n<div class=\"relative flex w-[calc(100%-50px)] flex-col gap-1 md:gap-3 lg:w-[calc(100%-115px)]\">\n<div class=\"flex flex-grow flex-col gap-3\">\n<div class=\"min-h-[20px] flex flex-col items-start gap-4 whitespace-pre-wrap break-words\">\n<div class=\"markdown prose w-full break-words dark:prose-invert light\">\n<p>C\u01a1m Basmati nho kh\u00f4 l\u00e0 m\u1ed9t m\u00f3n \u0103n truy\u1ec1n th\u1ed1ng c\u1ee7a \u1ea4n \u0110\u1ed9 v\u00e0 t\u1ea1i Tandoor Vietnam, ch\u00fang t\u00f4i mang \u0111\u1ebfn h\u01b0\u01a1ng v\u1ecb tuy\u1ec7t v\u1eddi c\u1ee7a c\u01a1m Basmati h\u1ea3o h\u1ea1ng k\u1ebft h\u1ee3p v\u1edbi h\u1ea1t nho kh\u00f4 th\u01a1m ngon.<\/p>\n<p>Ch\u00fang t\u00f4i ch\u1ecdn l\u1ef1a c\u01a1m Basmati ch\u1ea5t l\u01b0\u1ee3ng cao, c\u00f3 h\u1ea1t d\u00e0i, th\u01a1m ngon v\u00e0 c\u00f3 \u0111\u1ed9 d\u1ebbo v\u1eeba ph\u1ea3i. Qua qu\u00e1 tr\u00ecnh n\u1ea5u, c\u01a1m Basmati \u0111\u01b0\u1ee3c ch\u1ebf bi\u1ebfn sao cho m\u1ed7i h\u1ea1t c\u01a1m m\u1ec1m, th\u01a1m v\u00e0 kh\u00f4ng b\u1ecb d\u00ednh.<\/p>\n<p>H\u1ea1t nho kh\u00f4 \u0111\u01b0\u1ee3c s\u1eed d\u1ee5ng trong m\u00f3n \u0103n n\u00e0y cung c\u1ea5p m\u1ed9t h\u01b0\u01a1ng v\u1ecb \u0111\u1eb7c bi\u1ec7t v\u00e0 h\u1ea5p d\u1eabn. H\u1ea1t nho kh\u00f4 th\u00eam \u0111\u1ed9 ng\u1ecdt t\u1ef1 nhi\u00ean v\u00e0 \u0111\u1ed9 gi\u00f2n nh\u1eb9 v\u00e0o c\u01a1m Basmati, t\u1ea1o ra m\u1ed9t s\u1ef1 k\u1ebft h\u1ee3p \u0111\u1ed9c \u0111\u00e1o gi\u1eefa h\u01b0\u01a1ng v\u1ecb tr\u00e1i c\u00e2y v\u00e0 c\u01a1m th\u01a1m ngon.<\/p>\n<p>Kashmir Pilau th\u01b0\u1eddng \u0111\u01b0\u1ee3c ph\u1ee5c v\u1ee5 nh\u01b0 m\u1ed9t m\u00f3n \u0103n ri\u00eang bi\u1ec7t ho\u1eb7c k\u00e8m theo c\u00e1c m\u00f3n \u0103n kh\u00e1c nh\u01b0 m\u00f3n curry, m\u00f3n th\u1ecbt n\u01b0\u1edbng, ho\u1eb7c m\u00f3n h\u1ea3i s\u1ea3n. N\u00f3 l\u00e0 m\u1ed9t l\u1ef1a ch\u1ecdn tuy\u1ec7t v\u1eddi cho nh\u1eefng ng\u01b0\u1eddi y\u00eau th\u00edch \u1ea9m th\u1ef1c \u1ea4n \u0110\u1ed9 v\u00e0 mu\u1ed1n tr\u1ea3i nghi\u1ec7m h\u01b0\u01a1ng v\u1ecb \u0111\u1eb7c tr\u01b0ng c\u1ee7a c\u01a1m Basmati.<\/p>\n<p>T\u1ea1i <a href=\"https:\/\/tandoorvietnam.com\/\">Tandoor Vietnam<\/a>, ch\u00fang t\u00f4i cam k\u1ebft \u0111\u1ea3m b\u1ea3o ch\u1ea5t l\u01b0\u1ee3ng v\u00e0 t\u01b0\u01a1i ngon c\u1ee7a Kashmir Pilau\u00a0trong m\u00f3n \u0103n n\u00e0y. Ch\u00fang t\u00f4i lu\u00f4n s\u1eed d\u1ee5ng nguy\u00ean li\u1ec7u t\u01b0\u01a1i ngon nh\u1ea5t v\u00e0 quy tr\u00ecnh ch\u1ebf bi\u1ebfn tinh t\u1ebf \u0111\u1ec3 mang \u0111\u1ebfn cho b\u1ea1n m\u1ed9t tr\u1ea3i nghi\u1ec7m \u1ea9m th\u1ef1c tuy\u1ec7t v\u1eddi.<\/p>\n<\/div>\n<\/div>\n<\/div>\n<\/div>\n<\/div>\n<\/div>\n<\/div>\n<\/div>\n<\/div>\n<\/div>\n","protected":false},"excerpt":{"rendered":"<p>&nbsp;<\/p>\n<table width=\"723\">\n<tbody>\n<tr>\n<td width=\"412\">Kashmiri basmati rice delicacy with nuts and raisins<\/td>\n<\/tr>\n<tr>\n<td width=\"412\"><em>C\u01a1m basmati n\u1ea5u v\u1edbi nho kh\u00f4 v\u00e0 h\u1ea1t kh\u00f4<\/em><\/td>\n<\/tr>\n<\/tbody>\n<\/table>\n","protected":false},"featured_media":3003,"template":"","meta":[],"product_brand":[],"product_cat":[216],"product_tag":[],"class_list":{"0":"post-3002","1":"product","2":"type-product","3":"status-publish","4":"has-post-thumbnail","6":"product_cat-cac-mon-com","8":"first","9":"instock","10":"taxable","11":"shipping-taxable","12":"purchasable","13":"product-type-simple"},"yoast_head":"<!-- This site is optimized with the Yoast SEO Premium plugin v22.3 (Yoast SEO v27.4) - https:\/\/yoast.com\/product\/yoast-seo-premium-wordpress\/ -->\n<title>Kashmir Pilau (C\u01a0M BASMATI NHO KH\u00d4) - Tandoor Vi\u1ec7t Nam<\/title>\n<meta name=\"description\" content=\"C\u01a1m Basmati nho kh\u00f4 - H\u01b0\u01a1ng v\u1ecb tuy\u1ec7t v\u1eddi c\u1ee7a c\u01a1m Basmati k\u1ebft h\u1ee3p v\u1edbi h\u1ea1t nho kh\u00f4 th\u01a1m ngon t\u1ea1i Tandoor Vietnam. M\u1ed9t m\u00f3n \u0103n truy\u1ec1n th\u1ed1ng c\u1ee7a \u1ea4n \u0110\u1ed9.\" \/>\n<meta name=\"robots\" content=\"index, follow, max-snippet:-1, max-image-preview:large, max-video-preview:-1\" \/>\n<link rel=\"canonical\" href=\"https:\/\/tandoorvietnam.com\/vi\/sanpham\/cac-mon-com\/com-basmati-nho-kho\/\" \/>\n<meta property=\"og:locale\" content=\"vi_VN\" \/>\n<meta property=\"og:type\" content=\"article\" \/>\n<meta property=\"og:title\" content=\"Kashmir Pilau (C\u01a0M BASMATI NHO KH\u00d4)\" \/>\n<meta property=\"og:description\" content=\"C\u01a1m Basmati nho kh\u00f4 - H\u01b0\u01a1ng v\u1ecb tuy\u1ec7t v\u1eddi c\u1ee7a c\u01a1m Basmati k\u1ebft h\u1ee3p v\u1edbi h\u1ea1t nho kh\u00f4 th\u01a1m ngon t\u1ea1i Tandoor Vietnam. M\u1ed9t m\u00f3n \u0103n truy\u1ec1n th\u1ed1ng c\u1ee7a \u1ea4n \u0110\u1ed9.\" \/>\n<meta property=\"og:url\" content=\"https:\/\/tandoorvietnam.com\/vi\/sanpham\/cac-mon-com\/com-basmati-nho-kho\/\" \/>\n<meta property=\"og:site_name\" content=\"Tandoor Vi\u1ec7t Nam\" \/>\n<meta property=\"article:publisher\" content=\"https:\/\/www.facebook.com\/tandoor.hcmc\/\" \/>\n<meta property=\"article:modified_time\" content=\"2023-05-17T09:02:22+00:00\" \/>\n<meta property=\"og:image\" content=\"https:\/\/tandoorvietnam.com\/wp-content\/uploads\/2020\/06\/Kashmir-pilau-1-scaled.jpg\" \/>\n\t<meta property=\"og:image:width\" content=\"1400\" \/>\n\t<meta property=\"og:image:height\" content=\"930\" \/>\n\t<meta property=\"og:image:type\" content=\"image\/jpeg\" \/>\n<meta name=\"twitter:card\" content=\"summary_large_image\" \/>\n<meta name=\"twitter:label1\" content=\"Est. reading time\" \/>\n\t<meta name=\"twitter:data1\" content=\"2 minutes\" \/>\n<script type=\"application\/ld+json\" class=\"yoast-schema-graph\">{\"@context\":\"https:\\\/\\\/schema.org\",\"@graph\":[{\"@type\":\"WebPage\",\"@id\":\"https:\\\/\\\/tandoorvietnam.com\\\/vi\\\/sanpham\\\/cac-mon-com\\\/com-basmati-nho-kho\\\/\",\"url\":\"https:\\\/\\\/tandoorvietnam.com\\\/vi\\\/sanpham\\\/cac-mon-com\\\/com-basmati-nho-kho\\\/\",\"name\":\"Kashmir Pilau (C\u01a0M BASMATI NHO KH\u00d4) - Tandoor Vi\u1ec7t Nam\",\"isPartOf\":{\"@id\":\"https:\\\/\\\/tandoorvietnam.com\\\/vi\\\/#website\"},\"primaryImageOfPage\":{\"@id\":\"https:\\\/\\\/tandoorvietnam.com\\\/vi\\\/sanpham\\\/cac-mon-com\\\/com-basmati-nho-kho\\\/#primaryimage\"},\"image\":{\"@id\":\"https:\\\/\\\/tandoorvietnam.com\\\/vi\\\/sanpham\\\/cac-mon-com\\\/com-basmati-nho-kho\\\/#primaryimage\"},\"thumbnailUrl\":\"https:\\\/\\\/tandoorvietnam.com\\\/wp-content\\\/uploads\\\/2020\\\/06\\\/Kashmir-pilau-1-scaled.jpg\",\"datePublished\":\"2021-04-11T12:48:04+00:00\",\"dateModified\":\"2023-05-17T09:02:22+00:00\",\"description\":\"C\u01a1m Basmati nho kh\u00f4 - H\u01b0\u01a1ng v\u1ecb tuy\u1ec7t v\u1eddi c\u1ee7a c\u01a1m Basmati k\u1ebft h\u1ee3p v\u1edbi h\u1ea1t nho kh\u00f4 th\u01a1m ngon t\u1ea1i Tandoor Vietnam. M\u1ed9t m\u00f3n \u0103n truy\u1ec1n th\u1ed1ng c\u1ee7a \u1ea4n \u0110\u1ed9.\",\"breadcrumb\":{\"@id\":\"https:\\\/\\\/tandoorvietnam.com\\\/vi\\\/sanpham\\\/cac-mon-com\\\/com-basmati-nho-kho\\\/#breadcrumb\"},\"inLanguage\":\"vi-VN\",\"potentialAction\":[{\"@type\":\"ReadAction\",\"target\":[\"https:\\\/\\\/tandoorvietnam.com\\\/vi\\\/sanpham\\\/cac-mon-com\\\/com-basmati-nho-kho\\\/\"]}]},{\"@type\":\"ImageObject\",\"inLanguage\":\"vi-VN\",\"@id\":\"https:\\\/\\\/tandoorvietnam.com\\\/vi\\\/sanpham\\\/cac-mon-com\\\/com-basmati-nho-kho\\\/#primaryimage\",\"url\":\"https:\\\/\\\/tandoorvietnam.com\\\/wp-content\\\/uploads\\\/2020\\\/06\\\/Kashmir-pilau-1-scaled.jpg\",\"contentUrl\":\"https:\\\/\\\/tandoorvietnam.com\\\/wp-content\\\/uploads\\\/2020\\\/06\\\/Kashmir-pilau-1-scaled.jpg\",\"width\":4912,\"height\":3264,\"caption\":\"C\u01a0M BASMATI NHO KH\u00d4\"},{\"@type\":\"BreadcrumbList\",\"@id\":\"https:\\\/\\\/tandoorvietnam.com\\\/vi\\\/sanpham\\\/cac-mon-com\\\/com-basmati-nho-kho\\\/#breadcrumb\",\"itemListElement\":[{\"@type\":\"ListItem\",\"position\":1,\"name\":\"Trang Ch\u1ee7\",\"item\":\"https:\\\/\\\/tandoorvietnam.com\\\/vi\\\/\"},{\"@type\":\"ListItem\",\"position\":2,\"name\":\"Shop\",\"item\":\"https:\\\/\\\/tandoorvietnam.com\\\/shop\\\/\"},{\"@type\":\"ListItem\",\"position\":3,\"name\":\"Kashmir Pilau (C\u01a0M BASMATI NHO KH\u00d4)\"}]},{\"@type\":\"WebSite\",\"@id\":\"https:\\\/\\\/tandoorvietnam.com\\\/vi\\\/#website\",\"url\":\"https:\\\/\\\/tandoorvietnam.com\\\/vi\\\/\",\"name\":\"Tandoor Vietnam\",\"description\":\"Nh\u00e0 h\u00e0ng ngon h\u1ed3 ch\u00ed minh\",\"publisher\":{\"@id\":\"https:\\\/\\\/tandoorvietnam.com\\\/vi\\\/#organization\"},\"potentialAction\":[{\"@type\":\"SearchAction\",\"target\":{\"@type\":\"EntryPoint\",\"urlTemplate\":\"https:\\\/\\\/tandoorvietnam.com\\\/vi\\\/?s={search_term_string}\"},\"query-input\":{\"@type\":\"PropertyValueSpecification\",\"valueRequired\":true,\"valueName\":\"search_term_string\"}}],\"inLanguage\":\"vi-VN\"},{\"@type\":\"Organization\",\"@id\":\"https:\\\/\\\/tandoorvietnam.com\\\/vi\\\/#organization\",\"name\":\"Tandoor Vietnam\",\"url\":\"https:\\\/\\\/tandoorvietnam.com\\\/vi\\\/\",\"logo\":{\"@type\":\"ImageObject\",\"inLanguage\":\"vi-VN\",\"@id\":\"https:\\\/\\\/tandoorvietnam.com\\\/vi\\\/#\\\/schema\\\/logo\\\/image\\\/\",\"url\":\"https:\\\/\\\/tandoorvietnam.com\\\/wp-content\\\/uploads\\\/2020\\\/07\\\/logo.png\",\"contentUrl\":\"https:\\\/\\\/tandoorvietnam.com\\\/wp-content\\\/uploads\\\/2020\\\/07\\\/logo.png\",\"width\":133,\"height\":75,\"caption\":\"Tandoor Vietnam\"},\"image\":{\"@id\":\"https:\\\/\\\/tandoorvietnam.com\\\/vi\\\/#\\\/schema\\\/logo\\\/image\\\/\"},\"sameAs\":[\"https:\\\/\\\/www.facebook.com\\\/tandoor.hcmc\\\/\"]}]}<\/script>\n<!-- \/ Yoast SEO Premium plugin. -->","yoast_head_json":{"title":"Kashmir Pilau (C\u01a0M BASMATI NHO KH\u00d4) - Tandoor Vi\u1ec7t Nam","description":"C\u01a1m Basmati nho kh\u00f4 - H\u01b0\u01a1ng v\u1ecb tuy\u1ec7t v\u1eddi c\u1ee7a c\u01a1m Basmati k\u1ebft h\u1ee3p v\u1edbi h\u1ea1t nho kh\u00f4 th\u01a1m ngon t\u1ea1i Tandoor Vietnam. M\u1ed9t m\u00f3n \u0103n truy\u1ec1n th\u1ed1ng c\u1ee7a \u1ea4n \u0110\u1ed9.","robots":{"index":"index","follow":"follow","max-snippet":"max-snippet:-1","max-image-preview":"max-image-preview:large","max-video-preview":"max-video-preview:-1"},"canonical":"https:\/\/tandoorvietnam.com\/vi\/sanpham\/cac-mon-com\/com-basmati-nho-kho\/","og_locale":"vi_VN","og_type":"article","og_title":"Kashmir Pilau (C\u01a0M BASMATI NHO KH\u00d4)","og_description":"C\u01a1m Basmati nho kh\u00f4 - H\u01b0\u01a1ng v\u1ecb tuy\u1ec7t v\u1eddi c\u1ee7a c\u01a1m Basmati k\u1ebft h\u1ee3p v\u1edbi h\u1ea1t nho kh\u00f4 th\u01a1m ngon t\u1ea1i Tandoor Vietnam. M\u1ed9t m\u00f3n \u0103n truy\u1ec1n th\u1ed1ng c\u1ee7a \u1ea4n \u0110\u1ed9.","og_url":"https:\/\/tandoorvietnam.com\/vi\/sanpham\/cac-mon-com\/com-basmati-nho-kho\/","og_site_name":"Tandoor Vi\u1ec7t Nam","article_publisher":"https:\/\/www.facebook.com\/tandoor.hcmc\/","article_modified_time":"2023-05-17T09:02:22+00:00","og_image":[{"width":1400,"height":930,"url":"https:\/\/tandoorvietnam.com\/wp-content\/uploads\/2020\/06\/Kashmir-pilau-1-scaled.jpg","type":"image\/jpeg"}],"twitter_card":"summary_large_image","twitter_misc":{"Est. reading time":"2 minutes"},"schema":{"@context":"https:\/\/schema.org","@graph":[{"@type":"WebPage","@id":"https:\/\/tandoorvietnam.com\/vi\/sanpham\/cac-mon-com\/com-basmati-nho-kho\/","url":"https:\/\/tandoorvietnam.com\/vi\/sanpham\/cac-mon-com\/com-basmati-nho-kho\/","name":"Kashmir Pilau (C\u01a0M BASMATI NHO KH\u00d4) - Tandoor Vi\u1ec7t Nam","isPartOf":{"@id":"https:\/\/tandoorvietnam.com\/vi\/#website"},"primaryImageOfPage":{"@id":"https:\/\/tandoorvietnam.com\/vi\/sanpham\/cac-mon-com\/com-basmati-nho-kho\/#primaryimage"},"image":{"@id":"https:\/\/tandoorvietnam.com\/vi\/sanpham\/cac-mon-com\/com-basmati-nho-kho\/#primaryimage"},"thumbnailUrl":"https:\/\/tandoorvietnam.com\/wp-content\/uploads\/2020\/06\/Kashmir-pilau-1-scaled.jpg","datePublished":"2021-04-11T12:48:04+00:00","dateModified":"2023-05-17T09:02:22+00:00","description":"C\u01a1m Basmati nho kh\u00f4 - H\u01b0\u01a1ng v\u1ecb tuy\u1ec7t v\u1eddi c\u1ee7a c\u01a1m Basmati k\u1ebft h\u1ee3p v\u1edbi h\u1ea1t nho kh\u00f4 th\u01a1m ngon t\u1ea1i Tandoor Vietnam. M\u1ed9t m\u00f3n \u0103n truy\u1ec1n th\u1ed1ng c\u1ee7a \u1ea4n \u0110\u1ed9.","breadcrumb":{"@id":"https:\/\/tandoorvietnam.com\/vi\/sanpham\/cac-mon-com\/com-basmati-nho-kho\/#breadcrumb"},"inLanguage":"vi-VN","potentialAction":[{"@type":"ReadAction","target":["https:\/\/tandoorvietnam.com\/vi\/sanpham\/cac-mon-com\/com-basmati-nho-kho\/"]}]},{"@type":"ImageObject","inLanguage":"vi-VN","@id":"https:\/\/tandoorvietnam.com\/vi\/sanpham\/cac-mon-com\/com-basmati-nho-kho\/#primaryimage","url":"https:\/\/tandoorvietnam.com\/wp-content\/uploads\/2020\/06\/Kashmir-pilau-1-scaled.jpg","contentUrl":"https:\/\/tandoorvietnam.com\/wp-content\/uploads\/2020\/06\/Kashmir-pilau-1-scaled.jpg","width":4912,"height":3264,"caption":"C\u01a0M BASMATI NHO KH\u00d4"},{"@type":"BreadcrumbList","@id":"https:\/\/tandoorvietnam.com\/vi\/sanpham\/cac-mon-com\/com-basmati-nho-kho\/#breadcrumb","itemListElement":[{"@type":"ListItem","position":1,"name":"Trang Ch\u1ee7","item":"https:\/\/tandoorvietnam.com\/vi\/"},{"@type":"ListItem","position":2,"name":"Shop","item":"https:\/\/tandoorvietnam.com\/shop\/"},{"@type":"ListItem","position":3,"name":"Kashmir Pilau (C\u01a0M BASMATI NHO KH\u00d4)"}]},{"@type":"WebSite","@id":"https:\/\/tandoorvietnam.com\/vi\/#website","url":"https:\/\/tandoorvietnam.com\/vi\/","name":"Tandoor Vietnam","description":"Nh\u00e0 h\u00e0ng ngon h\u1ed3 ch\u00ed minh","publisher":{"@id":"https:\/\/tandoorvietnam.com\/vi\/#organization"},"potentialAction":[{"@type":"SearchAction","target":{"@type":"EntryPoint","urlTemplate":"https:\/\/tandoorvietnam.com\/vi\/?s={search_term_string}"},"query-input":{"@type":"PropertyValueSpecification","valueRequired":true,"valueName":"search_term_string"}}],"inLanguage":"vi-VN"},{"@type":"Organization","@id":"https:\/\/tandoorvietnam.com\/vi\/#organization","name":"Tandoor Vietnam","url":"https:\/\/tandoorvietnam.com\/vi\/","logo":{"@type":"ImageObject","inLanguage":"vi-VN","@id":"https:\/\/tandoorvietnam.com\/vi\/#\/schema\/logo\/image\/","url":"https:\/\/tandoorvietnam.com\/wp-content\/uploads\/2020\/07\/logo.png","contentUrl":"https:\/\/tandoorvietnam.com\/wp-content\/uploads\/2020\/07\/logo.png","width":133,"height":75,"caption":"Tandoor Vietnam"},"image":{"@id":"https:\/\/tandoorvietnam.com\/vi\/#\/schema\/logo\/image\/"},"sameAs":["https:\/\/www.facebook.com\/tandoor.hcmc\/"]}]}},"_links":{"self":[{"href":"https:\/\/tandoorvietnam.com\/vi\/wp-json\/wp\/v2\/product\/3002","targetHints":{"allow":["GET"]}}],"collection":[{"href":"https:\/\/tandoorvietnam.com\/vi\/wp-json\/wp\/v2\/product"}],"about":[{"href":"https:\/\/tandoorvietnam.com\/vi\/wp-json\/wp\/v2\/types\/product"}],"wp:featuredmedia":[{"embeddable":true,"href":"https:\/\/tandoorvietnam.com\/vi\/wp-json\/wp\/v2\/media\/3003"}],"wp:attachment":[{"href":"https:\/\/tandoorvietnam.com\/vi\/wp-json\/wp\/v2\/media?parent=3002"}],"wp:term":[{"taxonomy":"product_brand","embeddable":true,"href":"https:\/\/tandoorvietnam.com\/vi\/wp-json\/wp\/v2\/product_brand?post=3002"},{"taxonomy":"product_cat","embeddable":true,"href":"https:\/\/tandoorvietnam.com\/vi\/wp-json\/wp\/v2\/product_cat?post=3002"},{"taxonomy":"product_tag","embeddable":true,"href":"https:\/\/tandoorvietnam.com\/vi\/wp-json\/wp\/v2\/product_tag?post=3002"}],"curies":[{"name":"wp","href":"https:\/\/api.w.org\/{rel}","templated":true}]}}