{"id":3006,"date":"2020-06-20T15:06:35","date_gmt":"2021-04-11T12:49:27","guid":{"rendered":"http:\/\/tandoorvietnam.com\/product\/uncategorized\/com-dau-nang-vang-cay\/"},"modified":"2023-05-20T09:29:47","modified_gmt":"2023-05-20T09:29:47","slug":"com-dau-nang-vang-cay","status":"publish","type":"product","link":"https:\/\/tandoorvietnam.com\/vi\/sanpham\/cac-mon-com\/com-dau-nang-vang-cay\/","title":{"rendered":"Kichdi (C\u01a0M \u0110\u1eacU N\u0102NG V\u00c0NG CAY)"},"content":{"rendered":"<p>C\u01a1m \u0110\u1eadu N\u0103ng V\u00e0ng Cay l\u00e0 m\u1ed9t m\u00f3n \u0103n \u0111\u1ed9c \u0111\u00e1o t\u1ea1i Tandoor Vietnam, k\u1ebft h\u1ee3p gi\u1eefa h\u01b0\u01a1ng v\u1ecb th\u01a1m ngon c\u1ee7a c\u01a1m v\u00e0 \u0111\u1eadu n\u0103ng, c\u00f9ng v\u1edbi m\u1ed9t ch\u00fat h\u01b0\u01a1ng v\u1ecb cay n\u1ed3ng \u0111\u1eb7c tr\u01b0ng c\u1ee7a gia v\u1ecb \u1ea4n \u0110\u1ed9. M\u00f3n \u0103n n\u00e0y mang \u0111\u1ebfn cho b\u1ea1n m\u1ed9t tr\u1ea3i nghi\u1ec7m \u1ea9m th\u1ef1c tuy\u1ec7t v\u1eddi.<\/p>\n<p>Ch\u00fang t\u00f4i s\u1eed d\u1ee5ng c\u01a1m n\u1ea5u m\u1ec1m m\u1ecbn v\u00e0 \u0111\u1eadu n\u0103ng ch\u00edn gi\u00f2n \u0111\u1ec3 t\u1ea1o n\u00ean m\u1ed9t s\u1ef1 k\u1ebft h\u1ee3p ho\u00e0n h\u1ea3o. \u0110\u1eadu n\u0103ng c\u00f3 v\u1ecb ng\u1ecdt t\u1ef1 nhi\u00ean v\u00e0 h\u01b0\u01a1ng th\u01a1m \u0111\u1eb7c tr\u01b0ng, t\u1ea1o \u0111i\u1ec3m nh\u1ea5n \u0111\u1ed9c \u0111\u00e1o cho m\u00f3n \u0103n. Gia v\u1ecb cay n\u1ed3ng \u0111\u01b0\u1ee3c th\u00eam v\u00e0o, mang \u0111\u1ebfn m\u1ed9t c\u1ea3m gi\u00e1c h\u1ea5p d\u1eabn v\u00e0 n\u1ed3ng n\u00e0n.<\/p>\n<p>C\u01a1m \u0110\u1eadu N\u0103ng V\u00e0ng Cay l\u00e0 m\u1ed9t m\u00f3n \u0103n phong ph\u00fa v\u1ec1 ch\u1ea5t dinh d\u01b0\u1ee1ng. C\u01a1m gi\u00e0u carbohydrate v\u00e0 \u0111\u1eadu n\u0103ng gi\u00e0u protein, cung c\u1ea5p n\u0103ng l\u01b0\u1ee3ng cho c\u01a1 th\u1ec3. Ngo\u00e0i ra, m\u00f3n \u0103n c\u0169ng ch\u1ee9a nhi\u1ec1u vitamin v\u00e0 kho\u00e1ng ch\u1ea5t quan tr\u1ecdng.<\/p>\n<p>B\u1ea1n c\u00f3 th\u1ec3 th\u01b0\u1edfng th\u1ee9c C\u01a1m \u0110\u1eadu N\u0103ng V\u00e0ng Cay nh\u01b0 m\u1ed9t m\u00f3n ch\u00ednh ho\u1eb7c k\u1ebft h\u1ee3p v\u1edbi c\u00e1c m\u00f3n kh\u00e1c trong th\u1ef1c \u0111\u01a1n c\u1ee7a ch\u00fang t\u00f4i. M\u00f3n \u0103n n\u00e0y th\u00edch h\u1ee3p cho c\u1ea3 b\u1eefa tr\u01b0a v\u00e0 b\u1eefa t\u1ed1i.<\/p>\n<p>T\u1ea1i <a href=\"https:\/\/tandoorvietnam.com\/\">Tandoor Vietnam<\/a>, ch\u00fang t\u00f4i cam k\u1ebft s\u1eed d\u1ee5ng nguy\u00ean li\u1ec7u t\u01b0\u01a1i ngon v\u00e0 ch\u1ebf bi\u1ebfn m\u00f3n \u0103n m\u1ed9t c\u00e1ch tinh t\u1ebf. Ch\u00fang t\u00f4i lu\u00f4n \u0111\u1ea3m b\u1ea3o ch\u1ea5t l\u01b0\u1ee3ng v\u00e0 \u0111\u1ed9 an to\u00e0n th\u1ef1c ph\u1ea9m \u0111\u1ec3 mang \u0111\u1ebfn cho b\u1ea1n nh\u1eefng b\u1eefa \u0103n ngon v\u00e0 th\u1ef1c s\u1ef1 \u0111\u00e1ng nh\u1edb.<\/p>\n","protected":false},"excerpt":{"rendered":"<p>&nbsp;<\/p>\n<table width=\"723\">\n<tbody>\n<tr>\n<td width=\"412\">Lentil and rice cooked together tempered with cumin seeds and vegetables, served with raita<\/td>\n<\/tr>\n<tr>\n<td width=\"412\"><em>C\u01a1m \u0111\u1eadu n\u0103ng v\u00e0ng n\u1ea5u v\u1edbi rau c\u1ee7 v\u00e0 gia v\u1ecb cay<\/em><\/td>\n<\/tr>\n<\/tbody>\n<\/table>\n","protected":false},"featured_media":3007,"template":"","meta":[],"product_brand":[],"product_cat":[216],"product_tag":[],"class_list":{"0":"post-3006","1":"product","2":"type-product","3":"status-publish","4":"has-post-thumbnail","6":"product_cat-cac-mon-com","8":"first","9":"instock","10":"taxable","11":"shipping-taxable","12":"purchasable","13":"product-type-simple"},"yoast_head":"<!-- This site is optimized with the Yoast SEO Premium plugin v22.3 (Yoast SEO v27.4) - https:\/\/yoast.com\/product\/yoast-seo-premium-wordpress\/ -->\n<title>Kichdi (C\u01a0M \u0110\u1eacU N\u0102NG V\u00c0NG CAY) - Tandoor Vi\u1ec7t Nam<\/title>\n<meta name=\"description\" content=\"M\u00f3n C\u01a1m \u0110\u1eadu N\u0103ng V\u00e0ng Cay h\u1ea5p d\u1eabn t\u1ea1i Tandoor Vietnam. H\u00f2a quy\u1ec7n v\u1ecb th\u01a1m c\u1ee7a c\u01a1m v\u00e0 \u0111\u1eadu n\u0103ng, k\u1ebft h\u1ee3p v\u1ecb cay n\u1ed3ng, mang \u0111\u1ebfn tr\u1ea3i nghi\u1ec7m \u1ea9m th\u1ef1c \u0111\u1ed9c \u0111\u00e1o.\" \/>\n<meta name=\"robots\" content=\"index, follow, max-snippet:-1, max-image-preview:large, max-video-preview:-1\" \/>\n<link rel=\"canonical\" href=\"https:\/\/tandoorvietnam.com\/vi\/sanpham\/cac-mon-com\/com-dau-nang-vang-cay\/\" \/>\n<meta property=\"og:locale\" content=\"vi_VN\" \/>\n<meta property=\"og:type\" content=\"article\" \/>\n<meta property=\"og:title\" content=\"Kichdi (C\u01a0M \u0110\u1eacU N\u0102NG V\u00c0NG CAY)\" \/>\n<meta property=\"og:description\" content=\"M\u00f3n C\u01a1m \u0110\u1eadu N\u0103ng V\u00e0ng Cay h\u1ea5p d\u1eabn t\u1ea1i Tandoor Vietnam. H\u00f2a quy\u1ec7n v\u1ecb th\u01a1m c\u1ee7a c\u01a1m v\u00e0 \u0111\u1eadu n\u0103ng, k\u1ebft h\u1ee3p v\u1ecb cay n\u1ed3ng, mang \u0111\u1ebfn tr\u1ea3i nghi\u1ec7m \u1ea9m th\u1ef1c \u0111\u1ed9c \u0111\u00e1o.\" \/>\n<meta property=\"og:url\" content=\"https:\/\/tandoorvietnam.com\/vi\/sanpham\/cac-mon-com\/com-dau-nang-vang-cay\/\" \/>\n<meta property=\"og:site_name\" content=\"Tandoor Vi\u1ec7t Nam\" \/>\n<meta property=\"article:publisher\" content=\"https:\/\/www.facebook.com\/tandoor.hcmc\/\" \/>\n<meta property=\"article:modified_time\" content=\"2023-05-20T09:29:47+00:00\" \/>\n<meta property=\"og:image\" content=\"https:\/\/tandoorvietnam.com\/wp-content\/uploads\/2020\/06\/Kichdi.jpg\" \/>\n\t<meta property=\"og:image:width\" content=\"800\" \/>\n\t<meta property=\"og:image:height\" content=\"800\" \/>\n\t<meta property=\"og:image:type\" content=\"image\/jpeg\" \/>\n<meta name=\"twitter:card\" content=\"summary_large_image\" \/>\n<meta name=\"twitter:label1\" content=\"Est. reading time\" \/>\n\t<meta name=\"twitter:data1\" content=\"2 minutes\" \/>\n<script type=\"application\/ld+json\" class=\"yoast-schema-graph\">{\"@context\":\"https:\\\/\\\/schema.org\",\"@graph\":[{\"@type\":\"WebPage\",\"@id\":\"https:\\\/\\\/tandoorvietnam.com\\\/vi\\\/sanpham\\\/cac-mon-com\\\/com-dau-nang-vang-cay\\\/\",\"url\":\"https:\\\/\\\/tandoorvietnam.com\\\/vi\\\/sanpham\\\/cac-mon-com\\\/com-dau-nang-vang-cay\\\/\",\"name\":\"Kichdi (C\u01a0M \u0110\u1eacU N\u0102NG V\u00c0NG CAY) - Tandoor Vi\u1ec7t Nam\",\"isPartOf\":{\"@id\":\"https:\\\/\\\/tandoorvietnam.com\\\/vi\\\/#website\"},\"primaryImageOfPage\":{\"@id\":\"https:\\\/\\\/tandoorvietnam.com\\\/vi\\\/sanpham\\\/cac-mon-com\\\/com-dau-nang-vang-cay\\\/#primaryimage\"},\"image\":{\"@id\":\"https:\\\/\\\/tandoorvietnam.com\\\/vi\\\/sanpham\\\/cac-mon-com\\\/com-dau-nang-vang-cay\\\/#primaryimage\"},\"thumbnailUrl\":\"https:\\\/\\\/tandoorvietnam.com\\\/wp-content\\\/uploads\\\/2020\\\/06\\\/Kichdi.jpg\",\"datePublished\":\"2021-04-11T12:49:27+00:00\",\"dateModified\":\"2023-05-20T09:29:47+00:00\",\"description\":\"M\u00f3n C\u01a1m \u0110\u1eadu N\u0103ng V\u00e0ng Cay h\u1ea5p d\u1eabn t\u1ea1i Tandoor Vietnam. H\u00f2a quy\u1ec7n v\u1ecb th\u01a1m c\u1ee7a c\u01a1m v\u00e0 \u0111\u1eadu n\u0103ng, k\u1ebft h\u1ee3p v\u1ecb cay n\u1ed3ng, mang \u0111\u1ebfn tr\u1ea3i nghi\u1ec7m \u1ea9m th\u1ef1c \u0111\u1ed9c \u0111\u00e1o.\",\"breadcrumb\":{\"@id\":\"https:\\\/\\\/tandoorvietnam.com\\\/vi\\\/sanpham\\\/cac-mon-com\\\/com-dau-nang-vang-cay\\\/#breadcrumb\"},\"inLanguage\":\"vi-VN\",\"potentialAction\":[{\"@type\":\"ReadAction\",\"target\":[\"https:\\\/\\\/tandoorvietnam.com\\\/vi\\\/sanpham\\\/cac-mon-com\\\/com-dau-nang-vang-cay\\\/\"]}]},{\"@type\":\"ImageObject\",\"inLanguage\":\"vi-VN\",\"@id\":\"https:\\\/\\\/tandoorvietnam.com\\\/vi\\\/sanpham\\\/cac-mon-com\\\/com-dau-nang-vang-cay\\\/#primaryimage\",\"url\":\"https:\\\/\\\/tandoorvietnam.com\\\/wp-content\\\/uploads\\\/2020\\\/06\\\/Kichdi.jpg\",\"contentUrl\":\"https:\\\/\\\/tandoorvietnam.com\\\/wp-content\\\/uploads\\\/2020\\\/06\\\/Kichdi.jpg\",\"width\":800,\"height\":800,\"caption\":\"C\u01a0M \u0110\u1eacU N\u0102NG V\u00c0NG CAY\"},{\"@type\":\"BreadcrumbList\",\"@id\":\"https:\\\/\\\/tandoorvietnam.com\\\/vi\\\/sanpham\\\/cac-mon-com\\\/com-dau-nang-vang-cay\\\/#breadcrumb\",\"itemListElement\":[{\"@type\":\"ListItem\",\"position\":1,\"name\":\"Trang Ch\u1ee7\",\"item\":\"https:\\\/\\\/tandoorvietnam.com\\\/vi\\\/\"},{\"@type\":\"ListItem\",\"position\":2,\"name\":\"Shop\",\"item\":\"https:\\\/\\\/tandoorvietnam.com\\\/shop\\\/\"},{\"@type\":\"ListItem\",\"position\":3,\"name\":\"Kichdi (C\u01a0M \u0110\u1eacU N\u0102NG V\u00c0NG CAY)\"}]},{\"@type\":\"WebSite\",\"@id\":\"https:\\\/\\\/tandoorvietnam.com\\\/vi\\\/#website\",\"url\":\"https:\\\/\\\/tandoorvietnam.com\\\/vi\\\/\",\"name\":\"Tandoor Vietnam\",\"description\":\"Nh\u00e0 h\u00e0ng ngon h\u1ed3 ch\u00ed minh\",\"publisher\":{\"@id\":\"https:\\\/\\\/tandoorvietnam.com\\\/vi\\\/#organization\"},\"potentialAction\":[{\"@type\":\"SearchAction\",\"target\":{\"@type\":\"EntryPoint\",\"urlTemplate\":\"https:\\\/\\\/tandoorvietnam.com\\\/vi\\\/?s={search_term_string}\"},\"query-input\":{\"@type\":\"PropertyValueSpecification\",\"valueRequired\":true,\"valueName\":\"search_term_string\"}}],\"inLanguage\":\"vi-VN\"},{\"@type\":\"Organization\",\"@id\":\"https:\\\/\\\/tandoorvietnam.com\\\/vi\\\/#organization\",\"name\":\"Tandoor Vietnam\",\"url\":\"https:\\\/\\\/tandoorvietnam.com\\\/vi\\\/\",\"logo\":{\"@type\":\"ImageObject\",\"inLanguage\":\"vi-VN\",\"@id\":\"https:\\\/\\\/tandoorvietnam.com\\\/vi\\\/#\\\/schema\\\/logo\\\/image\\\/\",\"url\":\"https:\\\/\\\/tandoorvietnam.com\\\/wp-content\\\/uploads\\\/2020\\\/07\\\/logo.png\",\"contentUrl\":\"https:\\\/\\\/tandoorvietnam.com\\\/wp-content\\\/uploads\\\/2020\\\/07\\\/logo.png\",\"width\":133,\"height\":75,\"caption\":\"Tandoor Vietnam\"},\"image\":{\"@id\":\"https:\\\/\\\/tandoorvietnam.com\\\/vi\\\/#\\\/schema\\\/logo\\\/image\\\/\"},\"sameAs\":[\"https:\\\/\\\/www.facebook.com\\\/tandoor.hcmc\\\/\"]}]}<\/script>\n<!-- \/ Yoast SEO Premium plugin. -->","yoast_head_json":{"title":"Kichdi (C\u01a0M \u0110\u1eacU N\u0102NG V\u00c0NG CAY) - Tandoor Vi\u1ec7t Nam","description":"M\u00f3n C\u01a1m \u0110\u1eadu N\u0103ng V\u00e0ng Cay h\u1ea5p d\u1eabn t\u1ea1i Tandoor Vietnam. H\u00f2a quy\u1ec7n v\u1ecb th\u01a1m c\u1ee7a c\u01a1m v\u00e0 \u0111\u1eadu n\u0103ng, k\u1ebft h\u1ee3p v\u1ecb cay n\u1ed3ng, mang \u0111\u1ebfn tr\u1ea3i nghi\u1ec7m \u1ea9m th\u1ef1c \u0111\u1ed9c \u0111\u00e1o.","robots":{"index":"index","follow":"follow","max-snippet":"max-snippet:-1","max-image-preview":"max-image-preview:large","max-video-preview":"max-video-preview:-1"},"canonical":"https:\/\/tandoorvietnam.com\/vi\/sanpham\/cac-mon-com\/com-dau-nang-vang-cay\/","og_locale":"vi_VN","og_type":"article","og_title":"Kichdi (C\u01a0M \u0110\u1eacU N\u0102NG V\u00c0NG CAY)","og_description":"M\u00f3n C\u01a1m \u0110\u1eadu N\u0103ng V\u00e0ng Cay h\u1ea5p d\u1eabn t\u1ea1i Tandoor Vietnam. H\u00f2a quy\u1ec7n v\u1ecb th\u01a1m c\u1ee7a c\u01a1m v\u00e0 \u0111\u1eadu n\u0103ng, k\u1ebft h\u1ee3p v\u1ecb cay n\u1ed3ng, mang \u0111\u1ebfn tr\u1ea3i nghi\u1ec7m \u1ea9m th\u1ef1c \u0111\u1ed9c \u0111\u00e1o.","og_url":"https:\/\/tandoorvietnam.com\/vi\/sanpham\/cac-mon-com\/com-dau-nang-vang-cay\/","og_site_name":"Tandoor Vi\u1ec7t Nam","article_publisher":"https:\/\/www.facebook.com\/tandoor.hcmc\/","article_modified_time":"2023-05-20T09:29:47+00:00","og_image":[{"width":800,"height":800,"url":"https:\/\/tandoorvietnam.com\/wp-content\/uploads\/2020\/06\/Kichdi.jpg","type":"image\/jpeg"}],"twitter_card":"summary_large_image","twitter_misc":{"Est. reading time":"2 minutes"},"schema":{"@context":"https:\/\/schema.org","@graph":[{"@type":"WebPage","@id":"https:\/\/tandoorvietnam.com\/vi\/sanpham\/cac-mon-com\/com-dau-nang-vang-cay\/","url":"https:\/\/tandoorvietnam.com\/vi\/sanpham\/cac-mon-com\/com-dau-nang-vang-cay\/","name":"Kichdi (C\u01a0M \u0110\u1eacU N\u0102NG V\u00c0NG CAY) - Tandoor Vi\u1ec7t Nam","isPartOf":{"@id":"https:\/\/tandoorvietnam.com\/vi\/#website"},"primaryImageOfPage":{"@id":"https:\/\/tandoorvietnam.com\/vi\/sanpham\/cac-mon-com\/com-dau-nang-vang-cay\/#primaryimage"},"image":{"@id":"https:\/\/tandoorvietnam.com\/vi\/sanpham\/cac-mon-com\/com-dau-nang-vang-cay\/#primaryimage"},"thumbnailUrl":"https:\/\/tandoorvietnam.com\/wp-content\/uploads\/2020\/06\/Kichdi.jpg","datePublished":"2021-04-11T12:49:27+00:00","dateModified":"2023-05-20T09:29:47+00:00","description":"M\u00f3n C\u01a1m \u0110\u1eadu N\u0103ng V\u00e0ng Cay h\u1ea5p d\u1eabn t\u1ea1i Tandoor Vietnam. H\u00f2a quy\u1ec7n v\u1ecb th\u01a1m c\u1ee7a c\u01a1m v\u00e0 \u0111\u1eadu n\u0103ng, k\u1ebft h\u1ee3p v\u1ecb cay n\u1ed3ng, mang \u0111\u1ebfn tr\u1ea3i nghi\u1ec7m \u1ea9m th\u1ef1c \u0111\u1ed9c \u0111\u00e1o.","breadcrumb":{"@id":"https:\/\/tandoorvietnam.com\/vi\/sanpham\/cac-mon-com\/com-dau-nang-vang-cay\/#breadcrumb"},"inLanguage":"vi-VN","potentialAction":[{"@type":"ReadAction","target":["https:\/\/tandoorvietnam.com\/vi\/sanpham\/cac-mon-com\/com-dau-nang-vang-cay\/"]}]},{"@type":"ImageObject","inLanguage":"vi-VN","@id":"https:\/\/tandoorvietnam.com\/vi\/sanpham\/cac-mon-com\/com-dau-nang-vang-cay\/#primaryimage","url":"https:\/\/tandoorvietnam.com\/wp-content\/uploads\/2020\/06\/Kichdi.jpg","contentUrl":"https:\/\/tandoorvietnam.com\/wp-content\/uploads\/2020\/06\/Kichdi.jpg","width":800,"height":800,"caption":"C\u01a0M \u0110\u1eacU N\u0102NG V\u00c0NG CAY"},{"@type":"BreadcrumbList","@id":"https:\/\/tandoorvietnam.com\/vi\/sanpham\/cac-mon-com\/com-dau-nang-vang-cay\/#breadcrumb","itemListElement":[{"@type":"ListItem","position":1,"name":"Trang Ch\u1ee7","item":"https:\/\/tandoorvietnam.com\/vi\/"},{"@type":"ListItem","position":2,"name":"Shop","item":"https:\/\/tandoorvietnam.com\/shop\/"},{"@type":"ListItem","position":3,"name":"Kichdi (C\u01a0M \u0110\u1eacU N\u0102NG V\u00c0NG CAY)"}]},{"@type":"WebSite","@id":"https:\/\/tandoorvietnam.com\/vi\/#website","url":"https:\/\/tandoorvietnam.com\/vi\/","name":"Tandoor Vietnam","description":"Nh\u00e0 h\u00e0ng ngon h\u1ed3 ch\u00ed minh","publisher":{"@id":"https:\/\/tandoorvietnam.com\/vi\/#organization"},"potentialAction":[{"@type":"SearchAction","target":{"@type":"EntryPoint","urlTemplate":"https:\/\/tandoorvietnam.com\/vi\/?s={search_term_string}"},"query-input":{"@type":"PropertyValueSpecification","valueRequired":true,"valueName":"search_term_string"}}],"inLanguage":"vi-VN"},{"@type":"Organization","@id":"https:\/\/tandoorvietnam.com\/vi\/#organization","name":"Tandoor Vietnam","url":"https:\/\/tandoorvietnam.com\/vi\/","logo":{"@type":"ImageObject","inLanguage":"vi-VN","@id":"https:\/\/tandoorvietnam.com\/vi\/#\/schema\/logo\/image\/","url":"https:\/\/tandoorvietnam.com\/wp-content\/uploads\/2020\/07\/logo.png","contentUrl":"https:\/\/tandoorvietnam.com\/wp-content\/uploads\/2020\/07\/logo.png","width":133,"height":75,"caption":"Tandoor Vietnam"},"image":{"@id":"https:\/\/tandoorvietnam.com\/vi\/#\/schema\/logo\/image\/"},"sameAs":["https:\/\/www.facebook.com\/tandoor.hcmc\/"]}]}},"_links":{"self":[{"href":"https:\/\/tandoorvietnam.com\/vi\/wp-json\/wp\/v2\/product\/3006","targetHints":{"allow":["GET"]}}],"collection":[{"href":"https:\/\/tandoorvietnam.com\/vi\/wp-json\/wp\/v2\/product"}],"about":[{"href":"https:\/\/tandoorvietnam.com\/vi\/wp-json\/wp\/v2\/types\/product"}],"wp:featuredmedia":[{"embeddable":true,"href":"https:\/\/tandoorvietnam.com\/vi\/wp-json\/wp\/v2\/media\/3007"}],"wp:attachment":[{"href":"https:\/\/tandoorvietnam.com\/vi\/wp-json\/wp\/v2\/media?parent=3006"}],"wp:term":[{"taxonomy":"product_brand","embeddable":true,"href":"https:\/\/tandoorvietnam.com\/vi\/wp-json\/wp\/v2\/product_brand?post=3006"},{"taxonomy":"product_cat","embeddable":true,"href":"https:\/\/tandoorvietnam.com\/vi\/wp-json\/wp\/v2\/product_cat?post=3006"},{"taxonomy":"product_tag","embeddable":true,"href":"https:\/\/tandoorvietnam.com\/vi\/wp-json\/wp\/v2\/product_tag?post=3006"}],"curies":[{"name":"wp","href":"https:\/\/api.w.org\/{rel}","templated":true}]}}