{"id":3009,"date":"2020-06-20T15:43:47","date_gmt":"2021-04-11T12:50:40","guid":{"rendered":"http:\/\/tandoorvietnam.com\/product\/uncategorized\/com-ni-cuu\/"},"modified":"2023-05-20T09:42:48","modified_gmt":"2023-05-20T09:42:48","slug":"com-ni-cuu","status":"publish","type":"product","link":"https:\/\/tandoorvietnam.com\/vi\/sanpham\/cac-mon-com\/com-ni-cuu\/","title":{"rendered":"Lamb Biryani (C\u01a1m tr\u1ed9n c\u1eebu Biryani)"},"content":{"rendered":"<p>C\u01a1m n\u1ecb c\u1eebu (Lamb Biryani) l\u00e0 m\u1ed9t m\u00f3n \u0103n truy\u1ec1n th\u1ed1ng c\u1ee7a \u1ea4n \u0110\u1ed9, v\u00e0 t\u1ea1i Tandoor Vietnam, ch\u00fang t\u00f4i mang \u0111\u1ebfn cho b\u1ea1n tr\u1ea3i nghi\u1ec7m \u1ea9m th\u1ef1c tuy\u1ec7t v\u1eddi v\u1edbi m\u00f3n n\u00e0y. C\u01a1m n\u1ecb c\u1eebu k\u1ebft h\u1ee3p gi\u1eefa th\u1ecbt c\u1eebu th\u01a1m ngon v\u00e0 c\u01a1m m\u1ec1m d\u1ebbo, t\u1ea1o n\u00ean m\u1ed9t m\u00f3n \u0103n \u0111\u1eadm \u0111\u00e0 v\u00e0 l\u00f4i cu\u1ed1n.<\/p>\n<p>Ch\u00fang t\u00f4i s\u1eed d\u1ee5ng nh\u1eefng nguy\u00ean li\u1ec7u t\u01b0\u01a1i ngon v\u00e0 gia v\u1ecb \u0111\u1eb7c tr\u01b0ng c\u1ee7a \u1ea4n \u0110\u1ed9 \u0111\u1ec3 t\u1ea1o n\u00ean h\u01b0\u01a1ng v\u1ecb \u0111\u1ed9c \u0111\u00e1o cho c\u01a1m n\u1ecb c\u1eebu. Th\u1ecbt c\u1eebu \u0111\u01b0\u1ee3c ch\u1ebf bi\u1ebfn k\u1ef9 l\u01b0\u1ee1ng, th\u1ea5m \u0111\u1ec1u h\u01b0\u01a1ng v\u1ecb t\u1eeb gia v\u1ecb v\u00e0 n\u1ea5u ch\u00edn m\u1ec1m m\u1ecbn. C\u01a1m m\u1ec1m d\u1ebbo \u0111\u01b0\u1ee3c n\u1ea5u t\u1eeb g\u1ea1o h\u1ea3o h\u1ea1ng, \u0111\u1ea3m b\u1ea3o h\u01b0\u01a1ng v\u1ecb tinh t\u1ebf v\u00e0 \u0111\u1ed9 ngon tr\u1ecdn v\u1eb9n.<\/p>\n<p>H\u01b0\u01a1ng v\u1ecb \u0111\u1eb7c tr\u01b0ng c\u1ee7a Lamb Biryani\u00a0th\u01b0\u1eddng \u0111\u01b0\u1ee3c t\u0103ng th\u00eam b\u1eb1ng c\u00e1ch s\u1eed d\u1ee5ng c\u00e1c gia v\u1ecb nh\u01b0 h\u00e0nh, t\u1ecfi, \u1edbt v\u00e0 c\u00e1c lo\u1ea1i gia v\u1ecb kh\u00e1c. Nh\u1eefng h\u01b0\u01a1ng th\u01a1m \u0111\u1eb7c tr\u01b0ng n\u00e0y t\u1ea1o ra m\u1ed9t s\u1ef1 pha tr\u1ed9n ho\u00e0n h\u1ea3o v\u00e0 \u0111\u1eadm \u0111\u00e0, khi\u1ebfn c\u01a1m n\u1ecb c\u1eebu tr\u1edf th\u00e0nh m\u1ed9t m\u00f3n \u0103n th\u00fa v\u1ecb v\u00e0 h\u1ea5p d\u1eabn.<\/p>\n<p>Lamb Biryani c\u00f3 th\u1ec3 \u0111\u01b0\u1ee3c \u0103n k\u00e8m v\u1edbi raita (n\u01b0\u1edbc s\u1ed1t s\u1eefa chua) ho\u1eb7c c\u00e1c m\u00f3n \u0103n kh\u00e1c nh\u01b0 m\u00f3n chutney. \u0110\u00e2y l\u00e0 m\u1ed9t m\u00f3n \u0103n ph\u1ed5 bi\u1ebfn trong c\u00e1c d\u1ecbp l\u1ec5 h\u1ed9i v\u00e0 bu\u1ed5i ti\u1ec7c, nh\u01b0ng c\u0169ng ph\u00f9 h\u1ee3p \u0111\u1ec3 th\u01b0\u1edfng th\u1ee9c trong b\u1eefa \u0103n h\u00e0ng ng\u00e0y.<\/p>\n<p>H\u00e3y tr\u1ea3i nghi\u1ec7m h\u01b0\u01a1ng v\u1ecb \u0111\u1eadm \u0111\u00e0 v\u00e0 th\u01a1m ngon c\u1ee7a Lamb Biryani\u00a0t\u1ea1i Tandoor Vietnam. Ch\u00fang t\u00f4i cam k\u1ebft mang \u0111\u1ebfn cho b\u1ea1n m\u1ed9t tr\u1ea3i nghi\u1ec7m \u1ea9m th\u1ef1c tuy\u1ec7t v\u1eddi, n\u00e2ng niu truy\u1ec1n th\u1ed1ng \u1ea9m th\u1ef1c \u1ea4n \u0110\u1ed9 v\u00e0 th\u1ef1c hi\u1ec7n m\u1ed9t chuy\u1ebfn du h\u00e0nh h\u01b0\u01a1ng v\u1ecb \u0111\u00e1ng nh\u1edb.<\/p>\n","protected":false},"excerpt":{"rendered":"<p>&nbsp;<\/p>\n<table width=\"723\">\n<tbody>\n<tr>\n<td width=\"412\">Spiced Basmati Rice with Lamb<\/td>\n<\/tr>\n<tr>\n<td width=\"412\"><em>C\u01a1m n\u1ecb x\u00e0o kh\u00f4 v\u1edbi th\u1ecbt c\u1eebu v\u00e0 gia v\u1ecb cay<\/em><\/td>\n<\/tr>\n<\/tbody>\n<\/table>\n","protected":false},"featured_media":3010,"template":"","meta":[],"product_brand":[],"product_cat":[216],"product_tag":[],"class_list":{"0":"post-3009","1":"product","2":"type-product","3":"status-publish","4":"has-post-thumbnail","6":"product_cat-cac-mon-com","8":"first","9":"instock","10":"taxable","11":"shipping-taxable","12":"purchasable","13":"product-type-simple"},"yoast_head":"<!-- This site is optimized with the Yoast SEO Premium plugin v22.3 (Yoast SEO v27.4) - https:\/\/yoast.com\/product\/yoast-seo-premium-wordpress\/ -->\n<title>Lamb Biryani (C\u01a1m n\u1ecb c\u1eebu Biryani) - Tandoor Vi\u1ec7t Nam<\/title>\n<meta name=\"description\" content=\"C\u01a1m n\u1ecb c\u1eebu t\u1ea1i nh\u00e0 h\u00e0ng \u1ea4n \u0110\u1ed9 Tandoor Vietnam - M\u00f3n \u0103n truy\u1ec1n th\u1ed1ng t\u1eeb \u1ea4n \u0110\u1ed9 v\u1edbi h\u01b0\u01a1ng v\u1ecb \u0111\u1eadm \u0111\u00e0, th\u01a1m ngon v\u00e0 c\u01a1m m\u1ec1m d\u1ebbo.\" \/>\n<meta name=\"robots\" content=\"index, follow, max-snippet:-1, max-image-preview:large, max-video-preview:-1\" \/>\n<link rel=\"canonical\" href=\"https:\/\/tandoorvietnam.com\/vi\/sanpham\/cac-mon-com\/com-ni-cuu\/\" \/>\n<meta property=\"og:locale\" content=\"vi_VN\" \/>\n<meta property=\"og:type\" content=\"article\" \/>\n<meta property=\"og:title\" content=\"Lamb Biryani (C\u01a1m tr\u1ed9n c\u1eebu Biryani)\" \/>\n<meta property=\"og:description\" content=\"C\u01a1m n\u1ecb c\u1eebu t\u1ea1i nh\u00e0 h\u00e0ng \u1ea4n \u0110\u1ed9 Tandoor Vietnam - M\u00f3n \u0103n truy\u1ec1n th\u1ed1ng t\u1eeb \u1ea4n \u0110\u1ed9 v\u1edbi h\u01b0\u01a1ng v\u1ecb \u0111\u1eadm \u0111\u00e0, th\u01a1m ngon v\u00e0 c\u01a1m m\u1ec1m d\u1ebbo.\" \/>\n<meta property=\"og:url\" content=\"https:\/\/tandoorvietnam.com\/vi\/sanpham\/cac-mon-com\/com-ni-cuu\/\" \/>\n<meta property=\"og:site_name\" content=\"Tandoor Vi\u1ec7t Nam\" \/>\n<meta property=\"article:publisher\" content=\"https:\/\/www.facebook.com\/tandoor.hcmc\/\" \/>\n<meta property=\"article:modified_time\" content=\"2023-05-20T09:42:48+00:00\" \/>\n<meta property=\"og:image\" content=\"https:\/\/tandoorvietnam.com\/wp-content\/uploads\/2020\/06\/Lamb-dum-biryani.jpg\" \/>\n\t<meta property=\"og:image:width\" content=\"800\" \/>\n\t<meta property=\"og:image:height\" content=\"800\" \/>\n\t<meta property=\"og:image:type\" content=\"image\/jpeg\" \/>\n<meta name=\"twitter:card\" content=\"summary_large_image\" \/>\n<meta name=\"twitter:label1\" content=\"Est. reading time\" \/>\n\t<meta name=\"twitter:data1\" content=\"2 minutes\" \/>\n<script type=\"application\/ld+json\" class=\"yoast-schema-graph\">{\"@context\":\"https:\\\/\\\/schema.org\",\"@graph\":[{\"@type\":\"WebPage\",\"@id\":\"https:\\\/\\\/tandoorvietnam.com\\\/vi\\\/sanpham\\\/cac-mon-com\\\/com-ni-cuu\\\/\",\"url\":\"https:\\\/\\\/tandoorvietnam.com\\\/vi\\\/sanpham\\\/cac-mon-com\\\/com-ni-cuu\\\/\",\"name\":\"Lamb Biryani (C\u01a1m n\u1ecb c\u1eebu Biryani) - Tandoor Vi\u1ec7t Nam\",\"isPartOf\":{\"@id\":\"https:\\\/\\\/tandoorvietnam.com\\\/vi\\\/#website\"},\"primaryImageOfPage\":{\"@id\":\"https:\\\/\\\/tandoorvietnam.com\\\/vi\\\/sanpham\\\/cac-mon-com\\\/com-ni-cuu\\\/#primaryimage\"},\"image\":{\"@id\":\"https:\\\/\\\/tandoorvietnam.com\\\/vi\\\/sanpham\\\/cac-mon-com\\\/com-ni-cuu\\\/#primaryimage\"},\"thumbnailUrl\":\"https:\\\/\\\/tandoorvietnam.com\\\/wp-content\\\/uploads\\\/2020\\\/06\\\/Lamb-dum-biryani.jpg\",\"datePublished\":\"2021-04-11T12:50:40+00:00\",\"dateModified\":\"2023-05-20T09:42:48+00:00\",\"description\":\"C\u01a1m n\u1ecb c\u1eebu t\u1ea1i nh\u00e0 h\u00e0ng \u1ea4n \u0110\u1ed9 Tandoor Vietnam - M\u00f3n \u0103n truy\u1ec1n th\u1ed1ng t\u1eeb \u1ea4n \u0110\u1ed9 v\u1edbi h\u01b0\u01a1ng v\u1ecb \u0111\u1eadm \u0111\u00e0, th\u01a1m ngon v\u00e0 c\u01a1m m\u1ec1m d\u1ebbo.\",\"breadcrumb\":{\"@id\":\"https:\\\/\\\/tandoorvietnam.com\\\/vi\\\/sanpham\\\/cac-mon-com\\\/com-ni-cuu\\\/#breadcrumb\"},\"inLanguage\":\"vi-VN\",\"potentialAction\":[{\"@type\":\"ReadAction\",\"target\":[\"https:\\\/\\\/tandoorvietnam.com\\\/vi\\\/sanpham\\\/cac-mon-com\\\/com-ni-cuu\\\/\"]}]},{\"@type\":\"ImageObject\",\"inLanguage\":\"vi-VN\",\"@id\":\"https:\\\/\\\/tandoorvietnam.com\\\/vi\\\/sanpham\\\/cac-mon-com\\\/com-ni-cuu\\\/#primaryimage\",\"url\":\"https:\\\/\\\/tandoorvietnam.com\\\/wp-content\\\/uploads\\\/2020\\\/06\\\/Lamb-dum-biryani.jpg\",\"contentUrl\":\"https:\\\/\\\/tandoorvietnam.com\\\/wp-content\\\/uploads\\\/2020\\\/06\\\/Lamb-dum-biryani.jpg\",\"width\":800,\"height\":800,\"caption\":\"C\u01a0M N\u1eca C\u1eeaU\"},{\"@type\":\"BreadcrumbList\",\"@id\":\"https:\\\/\\\/tandoorvietnam.com\\\/vi\\\/sanpham\\\/cac-mon-com\\\/com-ni-cuu\\\/#breadcrumb\",\"itemListElement\":[{\"@type\":\"ListItem\",\"position\":1,\"name\":\"Trang Ch\u1ee7\",\"item\":\"https:\\\/\\\/tandoorvietnam.com\\\/vi\\\/\"},{\"@type\":\"ListItem\",\"position\":2,\"name\":\"Shop\",\"item\":\"https:\\\/\\\/tandoorvietnam.com\\\/shop\\\/\"},{\"@type\":\"ListItem\",\"position\":3,\"name\":\"Lamb Biryani (C\u01a1m tr\u1ed9n c\u1eebu Biryani)\"}]},{\"@type\":\"WebSite\",\"@id\":\"https:\\\/\\\/tandoorvietnam.com\\\/vi\\\/#website\",\"url\":\"https:\\\/\\\/tandoorvietnam.com\\\/vi\\\/\",\"name\":\"Tandoor Vietnam\",\"description\":\"Nh\u00e0 h\u00e0ng ngon h\u1ed3 ch\u00ed minh\",\"publisher\":{\"@id\":\"https:\\\/\\\/tandoorvietnam.com\\\/vi\\\/#organization\"},\"potentialAction\":[{\"@type\":\"SearchAction\",\"target\":{\"@type\":\"EntryPoint\",\"urlTemplate\":\"https:\\\/\\\/tandoorvietnam.com\\\/vi\\\/?s={search_term_string}\"},\"query-input\":{\"@type\":\"PropertyValueSpecification\",\"valueRequired\":true,\"valueName\":\"search_term_string\"}}],\"inLanguage\":\"vi-VN\"},{\"@type\":\"Organization\",\"@id\":\"https:\\\/\\\/tandoorvietnam.com\\\/vi\\\/#organization\",\"name\":\"Tandoor Vietnam\",\"url\":\"https:\\\/\\\/tandoorvietnam.com\\\/vi\\\/\",\"logo\":{\"@type\":\"ImageObject\",\"inLanguage\":\"vi-VN\",\"@id\":\"https:\\\/\\\/tandoorvietnam.com\\\/vi\\\/#\\\/schema\\\/logo\\\/image\\\/\",\"url\":\"https:\\\/\\\/tandoorvietnam.com\\\/wp-content\\\/uploads\\\/2020\\\/07\\\/logo.png\",\"contentUrl\":\"https:\\\/\\\/tandoorvietnam.com\\\/wp-content\\\/uploads\\\/2020\\\/07\\\/logo.png\",\"width\":133,\"height\":75,\"caption\":\"Tandoor Vietnam\"},\"image\":{\"@id\":\"https:\\\/\\\/tandoorvietnam.com\\\/vi\\\/#\\\/schema\\\/logo\\\/image\\\/\"},\"sameAs\":[\"https:\\\/\\\/www.facebook.com\\\/tandoor.hcmc\\\/\"]}]}<\/script>\n<!-- \/ Yoast SEO Premium plugin. -->","yoast_head_json":{"title":"Lamb Biryani (C\u01a1m n\u1ecb c\u1eebu Biryani) - Tandoor Vi\u1ec7t Nam","description":"C\u01a1m n\u1ecb c\u1eebu t\u1ea1i nh\u00e0 h\u00e0ng \u1ea4n \u0110\u1ed9 Tandoor Vietnam - M\u00f3n \u0103n truy\u1ec1n th\u1ed1ng t\u1eeb \u1ea4n \u0110\u1ed9 v\u1edbi h\u01b0\u01a1ng v\u1ecb \u0111\u1eadm \u0111\u00e0, th\u01a1m ngon v\u00e0 c\u01a1m m\u1ec1m d\u1ebbo.","robots":{"index":"index","follow":"follow","max-snippet":"max-snippet:-1","max-image-preview":"max-image-preview:large","max-video-preview":"max-video-preview:-1"},"canonical":"https:\/\/tandoorvietnam.com\/vi\/sanpham\/cac-mon-com\/com-ni-cuu\/","og_locale":"vi_VN","og_type":"article","og_title":"Lamb Biryani (C\u01a1m tr\u1ed9n c\u1eebu Biryani)","og_description":"C\u01a1m n\u1ecb c\u1eebu t\u1ea1i nh\u00e0 h\u00e0ng \u1ea4n \u0110\u1ed9 Tandoor Vietnam - M\u00f3n \u0103n truy\u1ec1n th\u1ed1ng t\u1eeb \u1ea4n \u0110\u1ed9 v\u1edbi h\u01b0\u01a1ng v\u1ecb \u0111\u1eadm \u0111\u00e0, th\u01a1m ngon v\u00e0 c\u01a1m m\u1ec1m d\u1ebbo.","og_url":"https:\/\/tandoorvietnam.com\/vi\/sanpham\/cac-mon-com\/com-ni-cuu\/","og_site_name":"Tandoor Vi\u1ec7t Nam","article_publisher":"https:\/\/www.facebook.com\/tandoor.hcmc\/","article_modified_time":"2023-05-20T09:42:48+00:00","og_image":[{"width":800,"height":800,"url":"https:\/\/tandoorvietnam.com\/wp-content\/uploads\/2020\/06\/Lamb-dum-biryani.jpg","type":"image\/jpeg"}],"twitter_card":"summary_large_image","twitter_misc":{"Est. reading time":"2 minutes"},"schema":{"@context":"https:\/\/schema.org","@graph":[{"@type":"WebPage","@id":"https:\/\/tandoorvietnam.com\/vi\/sanpham\/cac-mon-com\/com-ni-cuu\/","url":"https:\/\/tandoorvietnam.com\/vi\/sanpham\/cac-mon-com\/com-ni-cuu\/","name":"Lamb Biryani (C\u01a1m n\u1ecb c\u1eebu Biryani) - Tandoor Vi\u1ec7t Nam","isPartOf":{"@id":"https:\/\/tandoorvietnam.com\/vi\/#website"},"primaryImageOfPage":{"@id":"https:\/\/tandoorvietnam.com\/vi\/sanpham\/cac-mon-com\/com-ni-cuu\/#primaryimage"},"image":{"@id":"https:\/\/tandoorvietnam.com\/vi\/sanpham\/cac-mon-com\/com-ni-cuu\/#primaryimage"},"thumbnailUrl":"https:\/\/tandoorvietnam.com\/wp-content\/uploads\/2020\/06\/Lamb-dum-biryani.jpg","datePublished":"2021-04-11T12:50:40+00:00","dateModified":"2023-05-20T09:42:48+00:00","description":"C\u01a1m n\u1ecb c\u1eebu t\u1ea1i nh\u00e0 h\u00e0ng \u1ea4n \u0110\u1ed9 Tandoor Vietnam - M\u00f3n \u0103n truy\u1ec1n th\u1ed1ng t\u1eeb \u1ea4n \u0110\u1ed9 v\u1edbi h\u01b0\u01a1ng v\u1ecb \u0111\u1eadm \u0111\u00e0, th\u01a1m ngon v\u00e0 c\u01a1m m\u1ec1m d\u1ebbo.","breadcrumb":{"@id":"https:\/\/tandoorvietnam.com\/vi\/sanpham\/cac-mon-com\/com-ni-cuu\/#breadcrumb"},"inLanguage":"vi-VN","potentialAction":[{"@type":"ReadAction","target":["https:\/\/tandoorvietnam.com\/vi\/sanpham\/cac-mon-com\/com-ni-cuu\/"]}]},{"@type":"ImageObject","inLanguage":"vi-VN","@id":"https:\/\/tandoorvietnam.com\/vi\/sanpham\/cac-mon-com\/com-ni-cuu\/#primaryimage","url":"https:\/\/tandoorvietnam.com\/wp-content\/uploads\/2020\/06\/Lamb-dum-biryani.jpg","contentUrl":"https:\/\/tandoorvietnam.com\/wp-content\/uploads\/2020\/06\/Lamb-dum-biryani.jpg","width":800,"height":800,"caption":"C\u01a0M N\u1eca C\u1eeaU"},{"@type":"BreadcrumbList","@id":"https:\/\/tandoorvietnam.com\/vi\/sanpham\/cac-mon-com\/com-ni-cuu\/#breadcrumb","itemListElement":[{"@type":"ListItem","position":1,"name":"Trang Ch\u1ee7","item":"https:\/\/tandoorvietnam.com\/vi\/"},{"@type":"ListItem","position":2,"name":"Shop","item":"https:\/\/tandoorvietnam.com\/shop\/"},{"@type":"ListItem","position":3,"name":"Lamb Biryani (C\u01a1m tr\u1ed9n c\u1eebu Biryani)"}]},{"@type":"WebSite","@id":"https:\/\/tandoorvietnam.com\/vi\/#website","url":"https:\/\/tandoorvietnam.com\/vi\/","name":"Tandoor Vietnam","description":"Nh\u00e0 h\u00e0ng ngon h\u1ed3 ch\u00ed minh","publisher":{"@id":"https:\/\/tandoorvietnam.com\/vi\/#organization"},"potentialAction":[{"@type":"SearchAction","target":{"@type":"EntryPoint","urlTemplate":"https:\/\/tandoorvietnam.com\/vi\/?s={search_term_string}"},"query-input":{"@type":"PropertyValueSpecification","valueRequired":true,"valueName":"search_term_string"}}],"inLanguage":"vi-VN"},{"@type":"Organization","@id":"https:\/\/tandoorvietnam.com\/vi\/#organization","name":"Tandoor Vietnam","url":"https:\/\/tandoorvietnam.com\/vi\/","logo":{"@type":"ImageObject","inLanguage":"vi-VN","@id":"https:\/\/tandoorvietnam.com\/vi\/#\/schema\/logo\/image\/","url":"https:\/\/tandoorvietnam.com\/wp-content\/uploads\/2020\/07\/logo.png","contentUrl":"https:\/\/tandoorvietnam.com\/wp-content\/uploads\/2020\/07\/logo.png","width":133,"height":75,"caption":"Tandoor Vietnam"},"image":{"@id":"https:\/\/tandoorvietnam.com\/vi\/#\/schema\/logo\/image\/"},"sameAs":["https:\/\/www.facebook.com\/tandoor.hcmc\/"]}]}},"_links":{"self":[{"href":"https:\/\/tandoorvietnam.com\/vi\/wp-json\/wp\/v2\/product\/3009","targetHints":{"allow":["GET"]}}],"collection":[{"href":"https:\/\/tandoorvietnam.com\/vi\/wp-json\/wp\/v2\/product"}],"about":[{"href":"https:\/\/tandoorvietnam.com\/vi\/wp-json\/wp\/v2\/types\/product"}],"wp:featuredmedia":[{"embeddable":true,"href":"https:\/\/tandoorvietnam.com\/vi\/wp-json\/wp\/v2\/media\/3010"}],"wp:attachment":[{"href":"https:\/\/tandoorvietnam.com\/vi\/wp-json\/wp\/v2\/media?parent=3009"}],"wp:term":[{"taxonomy":"product_brand","embeddable":true,"href":"https:\/\/tandoorvietnam.com\/vi\/wp-json\/wp\/v2\/product_brand?post=3009"},{"taxonomy":"product_cat","embeddable":true,"href":"https:\/\/tandoorvietnam.com\/vi\/wp-json\/wp\/v2\/product_cat?post=3009"},{"taxonomy":"product_tag","embeddable":true,"href":"https:\/\/tandoorvietnam.com\/vi\/wp-json\/wp\/v2\/product_tag?post=3009"}],"curies":[{"name":"wp","href":"https:\/\/api.w.org\/{rel}","templated":true}]}}