{"id":3018,"date":"2020-06-20T15:31:13","date_gmt":"2021-04-11T12:52:40","guid":{"rendered":"http:\/\/tandoorvietnam.com\/product\/uncategorized\/com-chien-thap-cam\/"},"modified":"2023-05-08T03:10:40","modified_gmt":"2023-05-08T03:10:40","slug":"com-chien-thap-cam","status":"publish","type":"product","link":"https:\/\/tandoorvietnam.com\/vi\/sanpham\/cac-mon-com\/com-chien-thap-cam\/","title":{"rendered":"Mix fried rice (C\u01a0M CHI\u00caN TH\u1eacP C\u1ea8M)"},"content":{"rendered":"<p>C\u01a1m chi\u00ean l\u00e0 m\u1ed9t m\u00f3n \u0103n ph\u1ed5 bi\u1ebfn tr\u00ean th\u1ebf gi\u1edbi, v\u00e0 trong \u1ea9m th\u1ef1c \u1ea4n \u0110\u1ed9, c\u01a1m chi\u00ean \u0111\u01b0\u1ee3c ch\u1ebf bi\u1ebfn th\u00e0nh nhi\u1ec1u lo\u1ea1i kh\u00e1c nhau, bao g\u1ed3m c\u01a1m chi\u00ean th\u1eadp c\u1ea9m. T\u1ea1i Tandoor Vietnam, ch\u00fang t\u00f4i mang \u0111\u1ebfn cho b\u1ea1n m\u1ed9t phi\u00ean b\u1ea3n \u0111\u1eb7c bi\u1ec7t c\u1ee7a m\u00f3n c\u01a1m chi\u00ean n\u00e0y.<\/p>\n<p>Mix fried rice c\u1ee7a ch\u00fang t\u00f4i \u0111\u01b0\u1ee3c ch\u1ebf bi\u1ebfn t\u1eeb c\u01a1m t\u1ebb v\u00e0 c\u00e1c lo\u1ea1i rau c\u1ee7, \u0111\u01b0\u1ee3c n\u1ea5u ch\u00edn v\u00e0 sau \u0111\u00f3 chi\u00ean gi\u00f2n v\u1edbi tr\u1ee9ng v\u00e0 gia v\u1ecb. C\u01a1m chi\u00ean \u0111\u01b0\u1ee3c tr\u1ed9n \u0111\u1ec1u v\u1edbi c\u00e1c lo\u1ea1i th\u1ecbt nh\u01b0 g\u00e0, heo, t\u00f4m, cua, v\u00e0 h\u1ea3i s\u1ea3n, t\u1ea1o n\u00ean h\u01b0\u01a1ng v\u1ecb \u0111\u1eadm \u0111\u00e0 v\u00e0 th\u01a1m ngon. Ch\u00fang t\u00f4i c\u0169ng th\u00eam m\u1ed9t s\u1ed1 gia v\u1ecb \u0111\u1eb7c tr\u01b0ng c\u1ee7a \u1ea4n \u0110\u1ed9 nh\u01b0 c\u00e0 ri, \u1edbt, h\u00e0nh t\u00e2y, h\u1ea1t ti\u00eau \u0111en v\u00e0 c\u00e1c lo\u1ea1i gia v\u1ecb kh\u00e1c, t\u1ea1o n\u00ean h\u01b0\u01a1ng v\u1ecb \u0111\u1eb7c tr\u01b0ng c\u1ee7a m\u00f3n \u0103n n\u00e0y.<\/p>\n<p>C\u01a1m chi\u00ean th\u1eadp c\u1ea9m c\u1ee7a<a href=\"https:\/\/tandoorvietnam.com\/\"> Tandoor Vietnam<\/a> \u0111\u01b0\u1ee3c ch\u1ebf bi\u1ebfn v\u1edbi s\u1ef1 t\u1eadn t\u00e2m v\u00e0 k\u1ef9 l\u01b0\u1ee1ng c\u1ee7a \u0111\u1ea7u b\u1ebfp chuy\u00ean nghi\u1ec7p, \u0111\u1ea3m b\u1ea3o cho b\u1ea1n m\u1ed9t b\u1eefa \u0103n ngon mi\u1ec7ng v\u00e0 \u0111\u1ea7y \u0111\u1ee7 dinh d\u01b0\u1ee1ng. M\u00f3n \u0103n n\u00e0y c\u00f3 th\u1ec3 \u0111\u01b0\u1ee3c \u0103n m\u1ed9t m\u00ecnh ho\u1eb7c k\u1ebft h\u1ee3p v\u1edbi c\u00e1c m\u00f3n kh\u00e1c nh\u01b0 raita hay m\u00f3n canh truy\u1ec1n th\u1ed1ng c\u1ee7a \u1ea4n \u0110\u1ed9 nh\u01b0 dal makhani hay mulligatawny soup.<\/p>\n<p>H\u00e3y th\u01b0\u1edfng th\u1ee9c m\u00f3n c\u01a1m chi\u00ean th\u1eadp c\u1ea9m \u0111\u1eadm \u0111\u00e0 v\u00e0 h\u01b0\u01a1ng v\u1ecb \u1ea4n \u0110\u1ed9 tuy\u1ec7t v\u1eddi t\u1ea1i Tandoor Vietnam nh\u00e9.<\/p>\n","protected":false},"excerpt":{"rendered":"<p>&nbsp;<\/p>\n<table width=\"723\">\n<tbody>\n<tr>\n<td width=\"412\">Fried rice with prawn, chicken , egg and vegetable<\/td>\n<\/tr>\n<tr>\n<td width=\"412\"><em>C\u01a1m chi\u00ean th\u1eadp c\u1ea9m<\/em><\/td>\n<\/tr>\n<\/tbody>\n<\/table>\n","protected":false},"featured_media":3019,"template":"","meta":[],"product_brand":[],"product_cat":[216],"product_tag":[],"class_list":{"0":"post-3018","1":"product","2":"type-product","3":"status-publish","4":"has-post-thumbnail","6":"product_cat-cac-mon-com","8":"first","9":"instock","10":"taxable","11":"shipping-taxable","12":"purchasable","13":"product-type-simple"},"yoast_head":"<!-- This site is optimized with the Yoast SEO Premium plugin v22.3 (Yoast SEO v27.4) - https:\/\/yoast.com\/product\/yoast-seo-premium-wordpress\/ -->\n<title>Mix fried rice (C\u01a0M CHI\u00caN TH\u1eacP C\u1ea8M) - Tandoor Vi\u1ec7t Nam<\/title>\n<meta name=\"description\" content=\"T\u1eadn h\u01b0\u1edfng h\u01b0\u01a1ng v\u1ecb \u0111\u1eadm \u0111\u00e0 v\u00e0 gi\u00f2n tan c\u1ee7a m\u00f3n C\u01a1m chi\u00ean th\u1eadp c\u1ea9m t\u1eeb Tandoor Vietnam. M\u00f3n \u0103n tuy\u1ec7t v\u1eddi cho m\u1ecdi b\u1eefa \u0103n t\u1ea1i Tandoor.\" \/>\n<meta name=\"robots\" content=\"index, follow, max-snippet:-1, max-image-preview:large, max-video-preview:-1\" \/>\n<link rel=\"canonical\" href=\"https:\/\/tandoorvietnam.com\/vi\/sanpham\/cac-mon-com\/com-chien-thap-cam\/\" \/>\n<meta property=\"og:locale\" content=\"vi_VN\" \/>\n<meta property=\"og:type\" content=\"article\" \/>\n<meta property=\"og:title\" content=\"Mix fried rice (C\u01a0M CHI\u00caN TH\u1eacP C\u1ea8M)\" \/>\n<meta property=\"og:description\" content=\"T\u1eadn h\u01b0\u1edfng h\u01b0\u01a1ng v\u1ecb \u0111\u1eadm \u0111\u00e0 v\u00e0 gi\u00f2n tan c\u1ee7a m\u00f3n C\u01a1m chi\u00ean th\u1eadp c\u1ea9m t\u1eeb Tandoor Vietnam. M\u00f3n \u0103n tuy\u1ec7t v\u1eddi cho m\u1ecdi b\u1eefa \u0103n t\u1ea1i Tandoor.\" \/>\n<meta property=\"og:url\" content=\"https:\/\/tandoorvietnam.com\/vi\/sanpham\/cac-mon-com\/com-chien-thap-cam\/\" \/>\n<meta property=\"og:site_name\" content=\"Tandoor Vi\u1ec7t Nam\" \/>\n<meta property=\"article:publisher\" content=\"https:\/\/www.facebook.com\/tandoor.hcmc\/\" \/>\n<meta property=\"article:modified_time\" content=\"2023-05-08T03:10:40+00:00\" \/>\n<meta property=\"og:image\" content=\"https:\/\/tandoorvietnam.com\/wp-content\/uploads\/2020\/06\/Mix-fried-rice-1-scaled.jpg\" \/>\n\t<meta property=\"og:image:width\" content=\"1400\" \/>\n\t<meta property=\"og:image:height\" content=\"1400\" \/>\n\t<meta property=\"og:image:type\" content=\"image\/jpeg\" \/>\n<meta name=\"twitter:card\" content=\"summary_large_image\" \/>\n<meta name=\"twitter:label1\" content=\"Est. reading time\" \/>\n\t<meta name=\"twitter:data1\" content=\"2 minutes\" \/>\n<script type=\"application\/ld+json\" class=\"yoast-schema-graph\">{\"@context\":\"https:\\\/\\\/schema.org\",\"@graph\":[{\"@type\":\"WebPage\",\"@id\":\"https:\\\/\\\/tandoorvietnam.com\\\/vi\\\/sanpham\\\/cac-mon-com\\\/com-chien-thap-cam\\\/\",\"url\":\"https:\\\/\\\/tandoorvietnam.com\\\/vi\\\/sanpham\\\/cac-mon-com\\\/com-chien-thap-cam\\\/\",\"name\":\"Mix fried rice (C\u01a0M CHI\u00caN TH\u1eacP C\u1ea8M) - Tandoor Vi\u1ec7t Nam\",\"isPartOf\":{\"@id\":\"https:\\\/\\\/tandoorvietnam.com\\\/vi\\\/#website\"},\"primaryImageOfPage\":{\"@id\":\"https:\\\/\\\/tandoorvietnam.com\\\/vi\\\/sanpham\\\/cac-mon-com\\\/com-chien-thap-cam\\\/#primaryimage\"},\"image\":{\"@id\":\"https:\\\/\\\/tandoorvietnam.com\\\/vi\\\/sanpham\\\/cac-mon-com\\\/com-chien-thap-cam\\\/#primaryimage\"},\"thumbnailUrl\":\"https:\\\/\\\/tandoorvietnam.com\\\/wp-content\\\/uploads\\\/2020\\\/06\\\/Mix-fried-rice-1-scaled.jpg\",\"datePublished\":\"2021-04-11T12:52:40+00:00\",\"dateModified\":\"2023-05-08T03:10:40+00:00\",\"description\":\"T\u1eadn h\u01b0\u1edfng h\u01b0\u01a1ng v\u1ecb \u0111\u1eadm \u0111\u00e0 v\u00e0 gi\u00f2n tan c\u1ee7a m\u00f3n C\u01a1m chi\u00ean th\u1eadp c\u1ea9m t\u1eeb Tandoor Vietnam. M\u00f3n \u0103n tuy\u1ec7t v\u1eddi cho m\u1ecdi b\u1eefa \u0103n t\u1ea1i Tandoor.\",\"breadcrumb\":{\"@id\":\"https:\\\/\\\/tandoorvietnam.com\\\/vi\\\/sanpham\\\/cac-mon-com\\\/com-chien-thap-cam\\\/#breadcrumb\"},\"inLanguage\":\"vi-VN\",\"potentialAction\":[{\"@type\":\"ReadAction\",\"target\":[\"https:\\\/\\\/tandoorvietnam.com\\\/vi\\\/sanpham\\\/cac-mon-com\\\/com-chien-thap-cam\\\/\"]}]},{\"@type\":\"ImageObject\",\"inLanguage\":\"vi-VN\",\"@id\":\"https:\\\/\\\/tandoorvietnam.com\\\/vi\\\/sanpham\\\/cac-mon-com\\\/com-chien-thap-cam\\\/#primaryimage\",\"url\":\"https:\\\/\\\/tandoorvietnam.com\\\/wp-content\\\/uploads\\\/2020\\\/06\\\/Mix-fried-rice-1-scaled.jpg\",\"contentUrl\":\"https:\\\/\\\/tandoorvietnam.com\\\/wp-content\\\/uploads\\\/2020\\\/06\\\/Mix-fried-rice-1-scaled.jpg\",\"width\":2048,\"height\":2048,\"caption\":\"C\u01a0M CHI\u00caN TH\u1eacP C\u1ea8M\"},{\"@type\":\"BreadcrumbList\",\"@id\":\"https:\\\/\\\/tandoorvietnam.com\\\/vi\\\/sanpham\\\/cac-mon-com\\\/com-chien-thap-cam\\\/#breadcrumb\",\"itemListElement\":[{\"@type\":\"ListItem\",\"position\":1,\"name\":\"Trang Ch\u1ee7\",\"item\":\"https:\\\/\\\/tandoorvietnam.com\\\/vi\\\/\"},{\"@type\":\"ListItem\",\"position\":2,\"name\":\"Shop\",\"item\":\"https:\\\/\\\/tandoorvietnam.com\\\/shop\\\/\"},{\"@type\":\"ListItem\",\"position\":3,\"name\":\"Mix fried rice (C\u01a0M CHI\u00caN TH\u1eacP C\u1ea8M)\"}]},{\"@type\":\"WebSite\",\"@id\":\"https:\\\/\\\/tandoorvietnam.com\\\/vi\\\/#website\",\"url\":\"https:\\\/\\\/tandoorvietnam.com\\\/vi\\\/\",\"name\":\"Tandoor Vietnam\",\"description\":\"Nh\u00e0 h\u00e0ng ngon h\u1ed3 ch\u00ed minh\",\"publisher\":{\"@id\":\"https:\\\/\\\/tandoorvietnam.com\\\/vi\\\/#organization\"},\"potentialAction\":[{\"@type\":\"SearchAction\",\"target\":{\"@type\":\"EntryPoint\",\"urlTemplate\":\"https:\\\/\\\/tandoorvietnam.com\\\/vi\\\/?s={search_term_string}\"},\"query-input\":{\"@type\":\"PropertyValueSpecification\",\"valueRequired\":true,\"valueName\":\"search_term_string\"}}],\"inLanguage\":\"vi-VN\"},{\"@type\":\"Organization\",\"@id\":\"https:\\\/\\\/tandoorvietnam.com\\\/vi\\\/#organization\",\"name\":\"Tandoor Vietnam\",\"url\":\"https:\\\/\\\/tandoorvietnam.com\\\/vi\\\/\",\"logo\":{\"@type\":\"ImageObject\",\"inLanguage\":\"vi-VN\",\"@id\":\"https:\\\/\\\/tandoorvietnam.com\\\/vi\\\/#\\\/schema\\\/logo\\\/image\\\/\",\"url\":\"https:\\\/\\\/tandoorvietnam.com\\\/wp-content\\\/uploads\\\/2020\\\/07\\\/logo.png\",\"contentUrl\":\"https:\\\/\\\/tandoorvietnam.com\\\/wp-content\\\/uploads\\\/2020\\\/07\\\/logo.png\",\"width\":133,\"height\":75,\"caption\":\"Tandoor Vietnam\"},\"image\":{\"@id\":\"https:\\\/\\\/tandoorvietnam.com\\\/vi\\\/#\\\/schema\\\/logo\\\/image\\\/\"},\"sameAs\":[\"https:\\\/\\\/www.facebook.com\\\/tandoor.hcmc\\\/\"]}]}<\/script>\n<!-- \/ Yoast SEO Premium plugin. -->","yoast_head_json":{"title":"Mix fried rice (C\u01a0M CHI\u00caN TH\u1eacP C\u1ea8M) - Tandoor Vi\u1ec7t Nam","description":"T\u1eadn h\u01b0\u1edfng h\u01b0\u01a1ng v\u1ecb \u0111\u1eadm \u0111\u00e0 v\u00e0 gi\u00f2n tan c\u1ee7a m\u00f3n C\u01a1m chi\u00ean th\u1eadp c\u1ea9m t\u1eeb Tandoor Vietnam. M\u00f3n \u0103n tuy\u1ec7t v\u1eddi cho m\u1ecdi b\u1eefa \u0103n t\u1ea1i Tandoor.","robots":{"index":"index","follow":"follow","max-snippet":"max-snippet:-1","max-image-preview":"max-image-preview:large","max-video-preview":"max-video-preview:-1"},"canonical":"https:\/\/tandoorvietnam.com\/vi\/sanpham\/cac-mon-com\/com-chien-thap-cam\/","og_locale":"vi_VN","og_type":"article","og_title":"Mix fried rice (C\u01a0M CHI\u00caN TH\u1eacP C\u1ea8M)","og_description":"T\u1eadn h\u01b0\u1edfng h\u01b0\u01a1ng v\u1ecb \u0111\u1eadm \u0111\u00e0 v\u00e0 gi\u00f2n tan c\u1ee7a m\u00f3n C\u01a1m chi\u00ean th\u1eadp c\u1ea9m t\u1eeb Tandoor Vietnam. M\u00f3n \u0103n tuy\u1ec7t v\u1eddi cho m\u1ecdi b\u1eefa \u0103n t\u1ea1i Tandoor.","og_url":"https:\/\/tandoorvietnam.com\/vi\/sanpham\/cac-mon-com\/com-chien-thap-cam\/","og_site_name":"Tandoor Vi\u1ec7t Nam","article_publisher":"https:\/\/www.facebook.com\/tandoor.hcmc\/","article_modified_time":"2023-05-08T03:10:40+00:00","og_image":[{"width":1400,"height":1400,"url":"https:\/\/tandoorvietnam.com\/wp-content\/uploads\/2020\/06\/Mix-fried-rice-1-scaled.jpg","type":"image\/jpeg"}],"twitter_card":"summary_large_image","twitter_misc":{"Est. reading time":"2 minutes"},"schema":{"@context":"https:\/\/schema.org","@graph":[{"@type":"WebPage","@id":"https:\/\/tandoorvietnam.com\/vi\/sanpham\/cac-mon-com\/com-chien-thap-cam\/","url":"https:\/\/tandoorvietnam.com\/vi\/sanpham\/cac-mon-com\/com-chien-thap-cam\/","name":"Mix fried rice (C\u01a0M CHI\u00caN TH\u1eacP C\u1ea8M) - Tandoor Vi\u1ec7t Nam","isPartOf":{"@id":"https:\/\/tandoorvietnam.com\/vi\/#website"},"primaryImageOfPage":{"@id":"https:\/\/tandoorvietnam.com\/vi\/sanpham\/cac-mon-com\/com-chien-thap-cam\/#primaryimage"},"image":{"@id":"https:\/\/tandoorvietnam.com\/vi\/sanpham\/cac-mon-com\/com-chien-thap-cam\/#primaryimage"},"thumbnailUrl":"https:\/\/tandoorvietnam.com\/wp-content\/uploads\/2020\/06\/Mix-fried-rice-1-scaled.jpg","datePublished":"2021-04-11T12:52:40+00:00","dateModified":"2023-05-08T03:10:40+00:00","description":"T\u1eadn h\u01b0\u1edfng h\u01b0\u01a1ng v\u1ecb \u0111\u1eadm \u0111\u00e0 v\u00e0 gi\u00f2n tan c\u1ee7a m\u00f3n C\u01a1m chi\u00ean th\u1eadp c\u1ea9m t\u1eeb Tandoor Vietnam. M\u00f3n \u0103n tuy\u1ec7t v\u1eddi cho m\u1ecdi b\u1eefa \u0103n t\u1ea1i Tandoor.","breadcrumb":{"@id":"https:\/\/tandoorvietnam.com\/vi\/sanpham\/cac-mon-com\/com-chien-thap-cam\/#breadcrumb"},"inLanguage":"vi-VN","potentialAction":[{"@type":"ReadAction","target":["https:\/\/tandoorvietnam.com\/vi\/sanpham\/cac-mon-com\/com-chien-thap-cam\/"]}]},{"@type":"ImageObject","inLanguage":"vi-VN","@id":"https:\/\/tandoorvietnam.com\/vi\/sanpham\/cac-mon-com\/com-chien-thap-cam\/#primaryimage","url":"https:\/\/tandoorvietnam.com\/wp-content\/uploads\/2020\/06\/Mix-fried-rice-1-scaled.jpg","contentUrl":"https:\/\/tandoorvietnam.com\/wp-content\/uploads\/2020\/06\/Mix-fried-rice-1-scaled.jpg","width":2048,"height":2048,"caption":"C\u01a0M CHI\u00caN TH\u1eacP C\u1ea8M"},{"@type":"BreadcrumbList","@id":"https:\/\/tandoorvietnam.com\/vi\/sanpham\/cac-mon-com\/com-chien-thap-cam\/#breadcrumb","itemListElement":[{"@type":"ListItem","position":1,"name":"Trang Ch\u1ee7","item":"https:\/\/tandoorvietnam.com\/vi\/"},{"@type":"ListItem","position":2,"name":"Shop","item":"https:\/\/tandoorvietnam.com\/shop\/"},{"@type":"ListItem","position":3,"name":"Mix fried rice (C\u01a0M CHI\u00caN TH\u1eacP C\u1ea8M)"}]},{"@type":"WebSite","@id":"https:\/\/tandoorvietnam.com\/vi\/#website","url":"https:\/\/tandoorvietnam.com\/vi\/","name":"Tandoor Vietnam","description":"Nh\u00e0 h\u00e0ng ngon h\u1ed3 ch\u00ed minh","publisher":{"@id":"https:\/\/tandoorvietnam.com\/vi\/#organization"},"potentialAction":[{"@type":"SearchAction","target":{"@type":"EntryPoint","urlTemplate":"https:\/\/tandoorvietnam.com\/vi\/?s={search_term_string}"},"query-input":{"@type":"PropertyValueSpecification","valueRequired":true,"valueName":"search_term_string"}}],"inLanguage":"vi-VN"},{"@type":"Organization","@id":"https:\/\/tandoorvietnam.com\/vi\/#organization","name":"Tandoor Vietnam","url":"https:\/\/tandoorvietnam.com\/vi\/","logo":{"@type":"ImageObject","inLanguage":"vi-VN","@id":"https:\/\/tandoorvietnam.com\/vi\/#\/schema\/logo\/image\/","url":"https:\/\/tandoorvietnam.com\/wp-content\/uploads\/2020\/07\/logo.png","contentUrl":"https:\/\/tandoorvietnam.com\/wp-content\/uploads\/2020\/07\/logo.png","width":133,"height":75,"caption":"Tandoor Vietnam"},"image":{"@id":"https:\/\/tandoorvietnam.com\/vi\/#\/schema\/logo\/image\/"},"sameAs":["https:\/\/www.facebook.com\/tandoor.hcmc\/"]}]}},"_links":{"self":[{"href":"https:\/\/tandoorvietnam.com\/vi\/wp-json\/wp\/v2\/product\/3018","targetHints":{"allow":["GET"]}}],"collection":[{"href":"https:\/\/tandoorvietnam.com\/vi\/wp-json\/wp\/v2\/product"}],"about":[{"href":"https:\/\/tandoorvietnam.com\/vi\/wp-json\/wp\/v2\/types\/product"}],"wp:featuredmedia":[{"embeddable":true,"href":"https:\/\/tandoorvietnam.com\/vi\/wp-json\/wp\/v2\/media\/3019"}],"wp:attachment":[{"href":"https:\/\/tandoorvietnam.com\/vi\/wp-json\/wp\/v2\/media?parent=3018"}],"wp:term":[{"taxonomy":"product_brand","embeddable":true,"href":"https:\/\/tandoorvietnam.com\/vi\/wp-json\/wp\/v2\/product_brand?post=3018"},{"taxonomy":"product_cat","embeddable":true,"href":"https:\/\/tandoorvietnam.com\/vi\/wp-json\/wp\/v2\/product_cat?post=3018"},{"taxonomy":"product_tag","embeddable":true,"href":"https:\/\/tandoorvietnam.com\/vi\/wp-json\/wp\/v2\/product_tag?post=3018"}],"curies":[{"name":"wp","href":"https:\/\/api.w.org\/{rel}","templated":true}]}}