{"id":3023,"date":"2020-06-20T15:36:57","date_gmt":"2021-04-11T12:55:15","guid":{"rendered":"http:\/\/tandoorvietnam.com\/product\/uncategorized\/com-ni-hanh-cay\/"},"modified":"2023-05-17T10:22:16","modified_gmt":"2023-05-17T10:22:16","slug":"com-ni-hanh-cay","status":"publish","type":"product","link":"https:\/\/tandoorvietnam.com\/vi\/sanpham\/cac-mon-com\/com-ni-hanh-cay\/","title":{"rendered":"Plain Biryani (C\u01a0M N\u1eca H\u00c0NH CAY)"},"content":{"rendered":"<div class=\"flex-1 overflow-hidden\">\n<div class=\"react-scroll-to-bottom--css-yhxfg-79elbk h-full dark:bg-gray-800\">\n<div class=\"react-scroll-to-bottom--css-yhxfg-1n7m0yu\">\n<div class=\"flex flex-col items-center text-sm dark:bg-gray-800\">\n<div class=\"group w-full text-gray-800 dark:text-gray-100 border-b border-black\/10 dark:border-gray-900\/50 bg-gray-50 dark:bg-[#444654]\">\n<div class=\"flex p-4 gap-4 text-base md:gap-6 md:max-w-2xl lg:max-w-xl xl:max-w-3xl md:py-6 lg:px-0 m-auto\">\n<div class=\"relative flex w-[calc(100%-50px)] flex-col gap-1 md:gap-3 lg:w-[calc(100%-115px)]\">\n<div class=\"flex flex-grow flex-col gap-3\">\n<div class=\"min-h-[20px] flex flex-col items-start gap-4 whitespace-pre-wrap break-words\">\n<div class=\"markdown prose w-full break-words dark:prose-invert light\">\n<p>C\u01a1m N\u1ecb H\u00e0nh Cay (Plain Biryani) l\u00e0 m\u1ed9t m\u00f3n \u0103n truy\u1ec1n th\u1ed1ng \u0111\u1eadm \u0111\u00e0 v\u00e0 h\u1ea5p d\u1eabn trong \u1ea9m th\u1ef1c \u1ea4n \u0110\u1ed9. T\u1ea1i Tandoor Vietnam, ch\u00fang t\u00f4i mang \u0111\u1ebfn cho b\u1ea1n m\u1ed9t phi\u00ean b\u1ea3n \u0111\u1ed9c \u0111\u00e1o c\u1ee7a m\u00f3n \u0103n n\u00e0y v\u1edbi h\u01b0\u01a1ng v\u1ecb n\u1ecb h\u00e0nh cay \u0111\u1eb7c tr\u01b0ng.<\/p>\n<p>\u0110\u1ec3 t\u1ea1o ra C\u01a1m N\u1ecb H\u00e0nh Cay, ch\u00fang t\u00f4i s\u1eed d\u1ee5ng nh\u1eefng h\u1ea1t c\u01a1m tr\u1eafng tinh khi\u1ebft v\u00e0 n\u1ea5u ch\u00edn v\u1edbi gia v\u1ecb h\u1ea3o h\u1ea1ng. H\u1ea1t c\u01a1m m\u1ec1m m\u1ecbn, h\u00f2a quy\u1ec7n v\u1edbi m\u00f9i th\u01a1m c\u1ee7a h\u00e0nh t\u00e2y cay n\u1ed3ng, t\u1ea1o ra m\u1ed9t h\u01b0\u01a1ng v\u1ecb \u0111\u1ed9c \u0111\u00e1o v\u00e0 quy\u1ebfn r\u0169.<\/p>\n<p>H\u00e0nh t\u00e2y l\u00e0 th\u00e0nh ph\u1ea7n ch\u00ednh trong m\u00f3n \u0103n n\u00e0y. Ch\u00fang t\u00f4i ch\u1ecdn nh\u1eefng c\u1ee7 h\u00e0nh t\u01b0\u01a1i ngon v\u00e0 c\u1eaft th\u00e0nh l\u00e1t m\u1ecfng, sau \u0111\u00f3 chi\u00ean v\u00e0 n\u01b0\u1edbng cho \u0111\u1ebfn khi ch\u00fang tr\u1edf n\u00ean v\u00e0ng v\u00e0 gi\u00f2n. H\u00e0nh t\u00e2y chi\u00ean gi\u00f2n mang \u0111\u1ebfn m\u1ed9t h\u01b0\u01a1ng v\u1ecb th\u01a1m ngon v\u00e0 m\u1ed9t c\u1ea3m gi\u00e1c gi\u00f2n r\u1ee5m cho m\u00f3n \u0103n.<\/p>\n<p>Plain Biryani c\u00f3 h\u01b0\u01a1ng v\u1ecb cay n\u1ed3ng, t\u1ea1o ra m\u1ed9t s\u1ef1 k\u1ebft h\u1ee3p \u0111\u1ed9c \u0111\u00e1o gi\u1eefa cay n\u1ed3ng v\u00e0 m\u1eb7n ng\u1ecdt. M\u00f3n \u0103n n\u00e0y th\u01b0\u1eddng \u0111\u01b0\u1ee3c \u0103n k\u00e8m v\u1edbi c\u00e1c lo\u1ea1i rau s\u1ed1ng v\u00e0 s\u1ed1t chua ng\u1ecdt \u0111\u1ec3 t\u0103ng th\u00eam s\u1ef1 t\u01b0\u01a1i m\u00e1t v\u00e0 c\u00e2n b\u1eb1ng h\u01b0\u01a1ng v\u1ecb.<\/p>\n<p>T\u1ea1i <a href=\"https:\/\/tandoorvietnam.com\/\">Tandoor Vietnam<\/a>, ch\u00fang t\u00f4i cam k\u1ebft mang \u0111\u1ebfn cho b\u1ea1n nh\u1eefng m\u00f3n \u0103n t\u01b0\u01a1i ngon v\u00e0 ch\u1ea5t l\u01b0\u1ee3ng. C\u01a1m N\u1ecb H\u00e0nh Cay l\u00e0 m\u1ed9t l\u1ef1a ch\u1ecdn tuy\u1ec7t v\u1eddi cho nh\u1eefng ai y\u00eau th\u00edch \u1ea9m th\u1ef1c \u1ea4n \u0110\u1ed9 v\u00e0 mu\u1ed1n kh\u00e1m ph\u00e1 h\u01b0\u01a1ng v\u1ecb \u0111\u1ed9c \u0111\u00e1o c\u1ee7a m\u00f3n \u0103n truy\u1ec1n th\u1ed1ng n\u00e0y. H\u00e3y \u0111\u1ebfn v\u00e0 tr\u1ea3i nghi\u1ec7m t\u1ea1i Tandoor Vietnam ngay h\u00f4m nay!<\/p>\n<\/div>\n<\/div>\n<\/div>\n<\/div>\n<\/div>\n<\/div>\n<\/div>\n<\/div>\n<\/div>\n<\/div>\n","protected":false},"excerpt":{"rendered":"<p>&nbsp;<\/p>\n<table width=\"723\">\n<tbody>\n<tr>\n<td width=\"412\">Spiced Basmati Rice<\/td>\n<\/tr>\n<tr>\n<td width=\"412\"><em>C\u01a1m n\u1ecb x\u00e0o kh\u00f4 v\u1edbi h\u00e0nh phi v\u00e0 gia v\u1ecb cay<\/em><\/td>\n<\/tr>\n<\/tbody>\n<\/table>\n","protected":false},"featured_media":3024,"template":"","meta":[],"product_brand":[],"product_cat":[216],"product_tag":[],"class_list":{"0":"post-3023","1":"product","2":"type-product","3":"status-publish","4":"has-post-thumbnail","6":"product_cat-cac-mon-com","8":"first","9":"instock","10":"taxable","11":"shipping-taxable","12":"purchasable","13":"product-type-simple"},"yoast_head":"<!-- This site is optimized with the Yoast SEO Premium plugin v22.3 (Yoast SEO v27.4) - https:\/\/yoast.com\/product\/yoast-seo-premium-wordpress\/ -->\n<title>Plain Biryani (C\u01a0M N\u1eca H\u00c0NH CAY) - Tandoor Vi\u1ec7t Nam<\/title>\n<meta name=\"description\" content=\"C\u01a1m N\u1ecb H\u00e0nh Cay - M\u1ed9t m\u00f3n \u0103n truy\u1ec1n th\u1ed1ng c\u1ee7a \u1ea4n \u0110\u1ed9 v\u1edbi h\u01b0\u01a1ng v\u1ecb n\u1ecb h\u00e0nh cay \u0111\u1eb7c tr\u01b0ng. Kh\u00e1m ph\u00e1 t\u1ea1i nh\u00e0 h\u00e0ng Tandoor Vietnam.\" \/>\n<meta name=\"robots\" content=\"index, follow, max-snippet:-1, max-image-preview:large, max-video-preview:-1\" \/>\n<link rel=\"canonical\" href=\"https:\/\/tandoorvietnam.com\/vi\/sanpham\/cac-mon-com\/com-ni-hanh-cay\/\" \/>\n<meta property=\"og:locale\" content=\"vi_VN\" \/>\n<meta property=\"og:type\" content=\"article\" \/>\n<meta property=\"og:title\" content=\"Plain Biryani (C\u01a0M N\u1eca H\u00c0NH CAY)\" \/>\n<meta property=\"og:description\" content=\"C\u01a1m N\u1ecb H\u00e0nh Cay - M\u1ed9t m\u00f3n \u0103n truy\u1ec1n th\u1ed1ng c\u1ee7a \u1ea4n \u0110\u1ed9 v\u1edbi h\u01b0\u01a1ng v\u1ecb n\u1ecb h\u00e0nh cay \u0111\u1eb7c tr\u01b0ng. Kh\u00e1m ph\u00e1 t\u1ea1i nh\u00e0 h\u00e0ng Tandoor Vietnam.\" \/>\n<meta property=\"og:url\" content=\"https:\/\/tandoorvietnam.com\/vi\/sanpham\/cac-mon-com\/com-ni-hanh-cay\/\" \/>\n<meta property=\"og:site_name\" content=\"Tandoor Vi\u1ec7t Nam\" \/>\n<meta property=\"article:publisher\" content=\"https:\/\/www.facebook.com\/tandoor.hcmc\/\" \/>\n<meta property=\"article:modified_time\" content=\"2023-05-17T10:22:16+00:00\" \/>\n<meta property=\"og:image\" content=\"https:\/\/tandoorvietnam.com\/wp-content\/uploads\/2020\/06\/Plain-Biryani.jpg\" \/>\n\t<meta property=\"og:image:width\" content=\"800\" \/>\n\t<meta property=\"og:image:height\" content=\"532\" \/>\n\t<meta property=\"og:image:type\" content=\"image\/jpeg\" \/>\n<meta name=\"twitter:card\" content=\"summary_large_image\" \/>\n<meta name=\"twitter:label1\" content=\"Est. reading time\" \/>\n\t<meta name=\"twitter:data1\" content=\"2 minutes\" \/>\n<script type=\"application\/ld+json\" class=\"yoast-schema-graph\">{\"@context\":\"https:\\\/\\\/schema.org\",\"@graph\":[{\"@type\":\"WebPage\",\"@id\":\"https:\\\/\\\/tandoorvietnam.com\\\/vi\\\/sanpham\\\/cac-mon-com\\\/com-ni-hanh-cay\\\/\",\"url\":\"https:\\\/\\\/tandoorvietnam.com\\\/vi\\\/sanpham\\\/cac-mon-com\\\/com-ni-hanh-cay\\\/\",\"name\":\"Plain Biryani (C\u01a0M N\u1eca H\u00c0NH CAY) - Tandoor Vi\u1ec7t Nam\",\"isPartOf\":{\"@id\":\"https:\\\/\\\/tandoorvietnam.com\\\/vi\\\/#website\"},\"primaryImageOfPage\":{\"@id\":\"https:\\\/\\\/tandoorvietnam.com\\\/vi\\\/sanpham\\\/cac-mon-com\\\/com-ni-hanh-cay\\\/#primaryimage\"},\"image\":{\"@id\":\"https:\\\/\\\/tandoorvietnam.com\\\/vi\\\/sanpham\\\/cac-mon-com\\\/com-ni-hanh-cay\\\/#primaryimage\"},\"thumbnailUrl\":\"https:\\\/\\\/tandoorvietnam.com\\\/wp-content\\\/uploads\\\/2020\\\/06\\\/Plain-Biryani.jpg\",\"datePublished\":\"2021-04-11T12:55:15+00:00\",\"dateModified\":\"2023-05-17T10:22:16+00:00\",\"description\":\"C\u01a1m N\u1ecb H\u00e0nh Cay - M\u1ed9t m\u00f3n \u0103n truy\u1ec1n th\u1ed1ng c\u1ee7a \u1ea4n \u0110\u1ed9 v\u1edbi h\u01b0\u01a1ng v\u1ecb n\u1ecb h\u00e0nh cay \u0111\u1eb7c tr\u01b0ng. Kh\u00e1m ph\u00e1 t\u1ea1i nh\u00e0 h\u00e0ng Tandoor Vietnam.\",\"breadcrumb\":{\"@id\":\"https:\\\/\\\/tandoorvietnam.com\\\/vi\\\/sanpham\\\/cac-mon-com\\\/com-ni-hanh-cay\\\/#breadcrumb\"},\"inLanguage\":\"vi-VN\",\"potentialAction\":[{\"@type\":\"ReadAction\",\"target\":[\"https:\\\/\\\/tandoorvietnam.com\\\/vi\\\/sanpham\\\/cac-mon-com\\\/com-ni-hanh-cay\\\/\"]}]},{\"@type\":\"ImageObject\",\"inLanguage\":\"vi-VN\",\"@id\":\"https:\\\/\\\/tandoorvietnam.com\\\/vi\\\/sanpham\\\/cac-mon-com\\\/com-ni-hanh-cay\\\/#primaryimage\",\"url\":\"https:\\\/\\\/tandoorvietnam.com\\\/wp-content\\\/uploads\\\/2020\\\/06\\\/Plain-Biryani.jpg\",\"contentUrl\":\"https:\\\/\\\/tandoorvietnam.com\\\/wp-content\\\/uploads\\\/2020\\\/06\\\/Plain-Biryani.jpg\",\"width\":800,\"height\":532,\"caption\":\"C\u01a0M N\u1eca H\u00c0NH CAY\"},{\"@type\":\"BreadcrumbList\",\"@id\":\"https:\\\/\\\/tandoorvietnam.com\\\/vi\\\/sanpham\\\/cac-mon-com\\\/com-ni-hanh-cay\\\/#breadcrumb\",\"itemListElement\":[{\"@type\":\"ListItem\",\"position\":1,\"name\":\"Trang Ch\u1ee7\",\"item\":\"https:\\\/\\\/tandoorvietnam.com\\\/vi\\\/\"},{\"@type\":\"ListItem\",\"position\":2,\"name\":\"Shop\",\"item\":\"https:\\\/\\\/tandoorvietnam.com\\\/shop\\\/\"},{\"@type\":\"ListItem\",\"position\":3,\"name\":\"Plain Biryani (C\u01a0M N\u1eca H\u00c0NH CAY)\"}]},{\"@type\":\"WebSite\",\"@id\":\"https:\\\/\\\/tandoorvietnam.com\\\/vi\\\/#website\",\"url\":\"https:\\\/\\\/tandoorvietnam.com\\\/vi\\\/\",\"name\":\"Tandoor Vietnam\",\"description\":\"Nh\u00e0 h\u00e0ng ngon h\u1ed3 ch\u00ed minh\",\"publisher\":{\"@id\":\"https:\\\/\\\/tandoorvietnam.com\\\/vi\\\/#organization\"},\"potentialAction\":[{\"@type\":\"SearchAction\",\"target\":{\"@type\":\"EntryPoint\",\"urlTemplate\":\"https:\\\/\\\/tandoorvietnam.com\\\/vi\\\/?s={search_term_string}\"},\"query-input\":{\"@type\":\"PropertyValueSpecification\",\"valueRequired\":true,\"valueName\":\"search_term_string\"}}],\"inLanguage\":\"vi-VN\"},{\"@type\":\"Organization\",\"@id\":\"https:\\\/\\\/tandoorvietnam.com\\\/vi\\\/#organization\",\"name\":\"Tandoor Vietnam\",\"url\":\"https:\\\/\\\/tandoorvietnam.com\\\/vi\\\/\",\"logo\":{\"@type\":\"ImageObject\",\"inLanguage\":\"vi-VN\",\"@id\":\"https:\\\/\\\/tandoorvietnam.com\\\/vi\\\/#\\\/schema\\\/logo\\\/image\\\/\",\"url\":\"https:\\\/\\\/tandoorvietnam.com\\\/wp-content\\\/uploads\\\/2020\\\/07\\\/logo.png\",\"contentUrl\":\"https:\\\/\\\/tandoorvietnam.com\\\/wp-content\\\/uploads\\\/2020\\\/07\\\/logo.png\",\"width\":133,\"height\":75,\"caption\":\"Tandoor Vietnam\"},\"image\":{\"@id\":\"https:\\\/\\\/tandoorvietnam.com\\\/vi\\\/#\\\/schema\\\/logo\\\/image\\\/\"},\"sameAs\":[\"https:\\\/\\\/www.facebook.com\\\/tandoor.hcmc\\\/\"]}]}<\/script>\n<!-- \/ Yoast SEO Premium plugin. -->","yoast_head_json":{"title":"Plain Biryani (C\u01a0M N\u1eca H\u00c0NH CAY) - Tandoor Vi\u1ec7t Nam","description":"C\u01a1m N\u1ecb H\u00e0nh Cay - M\u1ed9t m\u00f3n \u0103n truy\u1ec1n th\u1ed1ng c\u1ee7a \u1ea4n \u0110\u1ed9 v\u1edbi h\u01b0\u01a1ng v\u1ecb n\u1ecb h\u00e0nh cay \u0111\u1eb7c tr\u01b0ng. Kh\u00e1m ph\u00e1 t\u1ea1i nh\u00e0 h\u00e0ng Tandoor Vietnam.","robots":{"index":"index","follow":"follow","max-snippet":"max-snippet:-1","max-image-preview":"max-image-preview:large","max-video-preview":"max-video-preview:-1"},"canonical":"https:\/\/tandoorvietnam.com\/vi\/sanpham\/cac-mon-com\/com-ni-hanh-cay\/","og_locale":"vi_VN","og_type":"article","og_title":"Plain Biryani (C\u01a0M N\u1eca H\u00c0NH CAY)","og_description":"C\u01a1m N\u1ecb H\u00e0nh Cay - M\u1ed9t m\u00f3n \u0103n truy\u1ec1n th\u1ed1ng c\u1ee7a \u1ea4n \u0110\u1ed9 v\u1edbi h\u01b0\u01a1ng v\u1ecb n\u1ecb h\u00e0nh cay \u0111\u1eb7c tr\u01b0ng. Kh\u00e1m ph\u00e1 t\u1ea1i nh\u00e0 h\u00e0ng Tandoor Vietnam.","og_url":"https:\/\/tandoorvietnam.com\/vi\/sanpham\/cac-mon-com\/com-ni-hanh-cay\/","og_site_name":"Tandoor Vi\u1ec7t Nam","article_publisher":"https:\/\/www.facebook.com\/tandoor.hcmc\/","article_modified_time":"2023-05-17T10:22:16+00:00","og_image":[{"width":800,"height":532,"url":"https:\/\/tandoorvietnam.com\/wp-content\/uploads\/2020\/06\/Plain-Biryani.jpg","type":"image\/jpeg"}],"twitter_card":"summary_large_image","twitter_misc":{"Est. reading time":"2 minutes"},"schema":{"@context":"https:\/\/schema.org","@graph":[{"@type":"WebPage","@id":"https:\/\/tandoorvietnam.com\/vi\/sanpham\/cac-mon-com\/com-ni-hanh-cay\/","url":"https:\/\/tandoorvietnam.com\/vi\/sanpham\/cac-mon-com\/com-ni-hanh-cay\/","name":"Plain Biryani (C\u01a0M N\u1eca H\u00c0NH CAY) - Tandoor Vi\u1ec7t Nam","isPartOf":{"@id":"https:\/\/tandoorvietnam.com\/vi\/#website"},"primaryImageOfPage":{"@id":"https:\/\/tandoorvietnam.com\/vi\/sanpham\/cac-mon-com\/com-ni-hanh-cay\/#primaryimage"},"image":{"@id":"https:\/\/tandoorvietnam.com\/vi\/sanpham\/cac-mon-com\/com-ni-hanh-cay\/#primaryimage"},"thumbnailUrl":"https:\/\/tandoorvietnam.com\/wp-content\/uploads\/2020\/06\/Plain-Biryani.jpg","datePublished":"2021-04-11T12:55:15+00:00","dateModified":"2023-05-17T10:22:16+00:00","description":"C\u01a1m N\u1ecb H\u00e0nh Cay - M\u1ed9t m\u00f3n \u0103n truy\u1ec1n th\u1ed1ng c\u1ee7a \u1ea4n \u0110\u1ed9 v\u1edbi h\u01b0\u01a1ng v\u1ecb n\u1ecb h\u00e0nh cay \u0111\u1eb7c tr\u01b0ng. Kh\u00e1m ph\u00e1 t\u1ea1i nh\u00e0 h\u00e0ng Tandoor Vietnam.","breadcrumb":{"@id":"https:\/\/tandoorvietnam.com\/vi\/sanpham\/cac-mon-com\/com-ni-hanh-cay\/#breadcrumb"},"inLanguage":"vi-VN","potentialAction":[{"@type":"ReadAction","target":["https:\/\/tandoorvietnam.com\/vi\/sanpham\/cac-mon-com\/com-ni-hanh-cay\/"]}]},{"@type":"ImageObject","inLanguage":"vi-VN","@id":"https:\/\/tandoorvietnam.com\/vi\/sanpham\/cac-mon-com\/com-ni-hanh-cay\/#primaryimage","url":"https:\/\/tandoorvietnam.com\/wp-content\/uploads\/2020\/06\/Plain-Biryani.jpg","contentUrl":"https:\/\/tandoorvietnam.com\/wp-content\/uploads\/2020\/06\/Plain-Biryani.jpg","width":800,"height":532,"caption":"C\u01a0M N\u1eca H\u00c0NH CAY"},{"@type":"BreadcrumbList","@id":"https:\/\/tandoorvietnam.com\/vi\/sanpham\/cac-mon-com\/com-ni-hanh-cay\/#breadcrumb","itemListElement":[{"@type":"ListItem","position":1,"name":"Trang Ch\u1ee7","item":"https:\/\/tandoorvietnam.com\/vi\/"},{"@type":"ListItem","position":2,"name":"Shop","item":"https:\/\/tandoorvietnam.com\/shop\/"},{"@type":"ListItem","position":3,"name":"Plain Biryani (C\u01a0M N\u1eca H\u00c0NH CAY)"}]},{"@type":"WebSite","@id":"https:\/\/tandoorvietnam.com\/vi\/#website","url":"https:\/\/tandoorvietnam.com\/vi\/","name":"Tandoor Vietnam","description":"Nh\u00e0 h\u00e0ng ngon h\u1ed3 ch\u00ed minh","publisher":{"@id":"https:\/\/tandoorvietnam.com\/vi\/#organization"},"potentialAction":[{"@type":"SearchAction","target":{"@type":"EntryPoint","urlTemplate":"https:\/\/tandoorvietnam.com\/vi\/?s={search_term_string}"},"query-input":{"@type":"PropertyValueSpecification","valueRequired":true,"valueName":"search_term_string"}}],"inLanguage":"vi-VN"},{"@type":"Organization","@id":"https:\/\/tandoorvietnam.com\/vi\/#organization","name":"Tandoor Vietnam","url":"https:\/\/tandoorvietnam.com\/vi\/","logo":{"@type":"ImageObject","inLanguage":"vi-VN","@id":"https:\/\/tandoorvietnam.com\/vi\/#\/schema\/logo\/image\/","url":"https:\/\/tandoorvietnam.com\/wp-content\/uploads\/2020\/07\/logo.png","contentUrl":"https:\/\/tandoorvietnam.com\/wp-content\/uploads\/2020\/07\/logo.png","width":133,"height":75,"caption":"Tandoor Vietnam"},"image":{"@id":"https:\/\/tandoorvietnam.com\/vi\/#\/schema\/logo\/image\/"},"sameAs":["https:\/\/www.facebook.com\/tandoor.hcmc\/"]}]}},"_links":{"self":[{"href":"https:\/\/tandoorvietnam.com\/vi\/wp-json\/wp\/v2\/product\/3023","targetHints":{"allow":["GET"]}}],"collection":[{"href":"https:\/\/tandoorvietnam.com\/vi\/wp-json\/wp\/v2\/product"}],"about":[{"href":"https:\/\/tandoorvietnam.com\/vi\/wp-json\/wp\/v2\/types\/product"}],"wp:featuredmedia":[{"embeddable":true,"href":"https:\/\/tandoorvietnam.com\/vi\/wp-json\/wp\/v2\/media\/3024"}],"wp:attachment":[{"href":"https:\/\/tandoorvietnam.com\/vi\/wp-json\/wp\/v2\/media?parent=3023"}],"wp:term":[{"taxonomy":"product_brand","embeddable":true,"href":"https:\/\/tandoorvietnam.com\/vi\/wp-json\/wp\/v2\/product_brand?post=3023"},{"taxonomy":"product_cat","embeddable":true,"href":"https:\/\/tandoorvietnam.com\/vi\/wp-json\/wp\/v2\/product_cat?post=3023"},{"taxonomy":"product_tag","embeddable":true,"href":"https:\/\/tandoorvietnam.com\/vi\/wp-json\/wp\/v2\/product_tag?post=3023"}],"curies":[{"name":"wp","href":"https:\/\/api.w.org\/{rel}","templated":true}]}}