{"id":3026,"date":"2020-06-20T14:40:00","date_gmt":"2021-04-11T12:56:26","guid":{"rendered":"http:\/\/tandoorvietnam.com\/product\/uncategorized\/com-basmati-bo\/"},"modified":"2023-05-11T04:37:08","modified_gmt":"2023-05-11T04:37:08","slug":"com-basmati-bo","status":"publish","type":"product","link":"https:\/\/tandoorvietnam.com\/vi\/sanpham\/cac-mon-com\/com-basmati-bo\/","title":{"rendered":"Plain Pilau Rice (C\u01a0M BASMATI B\u01a0)"},"content":{"rendered":"<p>C\u01a1m basmati l\u00e0 m\u1ed9t lo\u1ea1i g\u1ea1o \u0111\u01b0\u1ee3c tr\u1ed3ng v\u00e0 s\u1ea3n xu\u1ea5t \u1edf \u1ea4n \u0110\u1ed9 v\u00e0 c\u00e1c qu\u1ed1c gia l\u00e1ng gi\u1ec1ng nh\u01b0 Pakistan v\u00e0 Bangladesh. V\u1edbi h\u1ea1t d\u00e0i v\u00e0 m\u1ea3nh, g\u1ea1o basmati c\u00f3 h\u01b0\u01a1ng v\u1ecb \u0111\u1eb7c tr\u01b0ng, th\u01a1m ngon, h\u01a1i ng\u1ecdt v\u00e0 h\u01a1i \u0111\u1eafng, t\u00f9y thu\u1ed9c v\u00e0o t\u1eebng lo\u1ea1i. T\u1ea1i Tandoor Vietnam, ch\u00fang t\u00f4i s\u1eed d\u1ee5ng g\u1ea1o basmati \u0111\u1ec3 n\u1ea5u c\u01a1m basmati b\u01a1, m\u1ed9t m\u00f3n \u0103n r\u1ea5t ph\u1ed5 bi\u1ebfn v\u00e0 \u0111\u01b0\u1ee3c y\u00eau th\u00edch.<\/p>\n<p>\u0110\u1ec3 l\u00e0m c\u01a1m basmati b\u01a1, ch\u00fang t\u00f4i s\u1eed d\u1ee5ng g\u1ea1o basmati t\u01b0\u01a1i v\u00e0 b\u01a1 ch\u1ea5t l\u01b0\u1ee3ng cao, k\u1ebft h\u1ee3p v\u1edbi m\u1ed9t ch\u00fat mu\u1ed1i v\u00e0 n\u01b0\u1edbc \u0111\u1ec3 n\u1ea5u trong n\u1ed3i c\u01a1m \u0111i\u1ec7n. Khi n\u1ea5u xong, c\u01a1m s\u1ebd c\u00f3 h\u01b0\u01a1ng th\u01a1m ng\u00e0o ng\u1ea1t c\u1ee7a g\u1ea1o basmati, k\u1ebft h\u1ee3p v\u1edbi v\u1ecb b\u01a1 th\u01a1m ng\u1eady.<\/p>\n<p>Plain Pilau Rice c\u00f3 th\u1ec3 \u0111\u01b0\u1ee3c \u0103n k\u00e8m v\u1edbi nhi\u1ec1u m\u00f3n \u0103n kh\u00e1c nhau nh\u01b0 th\u1ecbt x\u00e0o, rau c\u1ee7, n\u1ea5m, tr\u1ee9ng chi\u00ean v\u00e0 nhi\u1ec1u lo\u1ea1i s\u1ed1t kh\u00e1c nhau. T\u1ea1i Tandoor Vietnam, ch\u00fang t\u00f4i th\u01b0\u1eddng k\u1ebft h\u1ee3p Plain Pilau Rice v\u1edbi c\u00e1c m\u00f3n \u0103n \u1ea4n \u0110\u1ed9 nh\u01b0 dhal makhani (\u0111\u1eadu \u0111en h\u1ea7m s\u1ed1t b\u01a1) ho\u1eb7c butter chicken (g\u00e0 s\u1ed1t b\u01a1).<\/p>\n<p>H\u00e3y \u0111\u1ebfn <a href=\"https:\/\/tandoorvietnam.com\/\">nh\u00e0 h\u00e0ng Tandoor Vietnam<\/a> \u0111\u1ec3 th\u01b0\u1edfng th\u1ee9c Plain Pilau Rice\u00a0th\u01a1m ngon v\u00e0 \u0111\u1ea7y h\u01b0\u01a1ng v\u1ecb. Ch\u00fang t\u00f4i cam k\u1ebft s\u1eed d\u1ee5ng nh\u1eefng nguy\u00ean li\u1ec7u t\u01b0\u01a1i ngon v\u00e0 ch\u1ea5t l\u01b0\u1ee3ng nh\u1ea5t \u0111\u1ec3 mang \u0111\u1ebfn cho b\u1ea1n nh\u1eefng tr\u1ea3i nghi\u1ec7m \u1ea9m th\u1ef1c t\u1ed1t nh\u1ea5t.<\/p>\n","protected":false},"excerpt":{"rendered":"<p>&nbsp;<\/p>\n<table width=\"723\">\n<tbody>\n<tr>\n<td width=\"412\">Plain basmati rice with butter<\/td>\n<\/tr>\n<tr>\n<td width=\"412\"><em>C\u01a1m n\u1ea5u b\u1eb1ng g\u1ea1o basmati v\u00e0 b\u01a1<\/em><\/td>\n<\/tr>\n<\/tbody>\n<\/table>\n","protected":false},"featured_media":3027,"template":"","meta":[],"product_brand":[],"product_cat":[216],"product_tag":[],"class_list":{"0":"post-3026","1":"product","2":"type-product","3":"status-publish","4":"has-post-thumbnail","6":"product_cat-cac-mon-com","8":"first","9":"instock","10":"taxable","11":"shipping-taxable","12":"purchasable","13":"product-type-simple"},"yoast_head":"<!-- This site is optimized with the Yoast SEO Premium plugin v22.3 (Yoast SEO v27.6) - https:\/\/yoast.com\/product\/yoast-seo-premium-wordpress\/ -->\n<title>Plain Pilau Rice (C\u01a0M BASMATI B\u01a0) - Tandoor Vi\u1ec7t Nam<\/title>\n<meta name=\"description\" content=\"C\u01a1m Basmati b\u01a1 - m\u00f3n \u0103n \u1ea4n \u0110\u1ed9 \u0111\u1ea7y h\u01b0\u01a1ng v\u1ecb, \u0111\u01b0\u1ee3c n\u1ea5u t\u1eeb g\u1ea1o basmati v\u00e0 b\u01a1 th\u01a1m ngon. Th\u01b0\u1edfng th\u1ee9c \u1ea9m th\u1ef1c \u1ea4n \u0110\u1ed9 t\u1ea1i Tandoor Vietnam ngay!\" \/>\n<meta name=\"robots\" content=\"index, follow, max-snippet:-1, max-image-preview:large, max-video-preview:-1\" \/>\n<link rel=\"canonical\" href=\"https:\/\/tandoorvietnam.com\/vi\/sanpham\/cac-mon-com\/com-basmati-bo\/\" \/>\n<meta property=\"og:locale\" content=\"vi_VN\" \/>\n<meta property=\"og:type\" content=\"article\" \/>\n<meta property=\"og:title\" content=\"Plain Pilau Rice (C\u01a0M BASMATI B\u01a0)\" \/>\n<meta property=\"og:description\" content=\"C\u01a1m Basmati b\u01a1 - m\u00f3n \u0103n \u1ea4n \u0110\u1ed9 \u0111\u1ea7y h\u01b0\u01a1ng v\u1ecb, \u0111\u01b0\u1ee3c n\u1ea5u t\u1eeb g\u1ea1o basmati v\u00e0 b\u01a1 th\u01a1m ngon. Th\u01b0\u1edfng th\u1ee9c \u1ea9m th\u1ef1c \u1ea4n \u0110\u1ed9 t\u1ea1i Tandoor Vietnam ngay!\" \/>\n<meta property=\"og:url\" content=\"https:\/\/tandoorvietnam.com\/vi\/sanpham\/cac-mon-com\/com-basmati-bo\/\" \/>\n<meta property=\"og:site_name\" content=\"Tandoor Vi\u1ec7t Nam\" \/>\n<meta property=\"article:publisher\" content=\"https:\/\/www.facebook.com\/tandoor.hcmc\/\" \/>\n<meta property=\"article:modified_time\" content=\"2023-05-11T04:37:08+00:00\" \/>\n<meta property=\"og:image\" content=\"https:\/\/tandoorvietnam.com\/wp-content\/uploads\/2020\/06\/Plain-pilau-rice.jpg\" \/>\n\t<meta property=\"og:image:width\" content=\"800\" \/>\n\t<meta property=\"og:image:height\" content=\"532\" \/>\n\t<meta property=\"og:image:type\" content=\"image\/jpeg\" \/>\n<meta name=\"twitter:card\" content=\"summary_large_image\" \/>\n<meta name=\"twitter:label1\" content=\"Est. reading time\" \/>\n\t<meta name=\"twitter:data1\" content=\"1 minute\" \/>\n<script type=\"application\/ld+json\" class=\"yoast-schema-graph\">{\"@context\":\"https:\\\/\\\/schema.org\",\"@graph\":[{\"@type\":\"WebPage\",\"@id\":\"https:\\\/\\\/tandoorvietnam.com\\\/vi\\\/sanpham\\\/cac-mon-com\\\/com-basmati-bo\\\/\",\"url\":\"https:\\\/\\\/tandoorvietnam.com\\\/vi\\\/sanpham\\\/cac-mon-com\\\/com-basmati-bo\\\/\",\"name\":\"Plain Pilau Rice (C\u01a0M BASMATI B\u01a0) - Tandoor Vi\u1ec7t Nam\",\"isPartOf\":{\"@id\":\"https:\\\/\\\/tandoorvietnam.com\\\/vi\\\/#website\"},\"primaryImageOfPage\":{\"@id\":\"https:\\\/\\\/tandoorvietnam.com\\\/vi\\\/sanpham\\\/cac-mon-com\\\/com-basmati-bo\\\/#primaryimage\"},\"image\":{\"@id\":\"https:\\\/\\\/tandoorvietnam.com\\\/vi\\\/sanpham\\\/cac-mon-com\\\/com-basmati-bo\\\/#primaryimage\"},\"thumbnailUrl\":\"https:\\\/\\\/tandoorvietnam.com\\\/wp-content\\\/uploads\\\/2020\\\/06\\\/Plain-pilau-rice.jpg\",\"datePublished\":\"2021-04-11T12:56:26+00:00\",\"dateModified\":\"2023-05-11T04:37:08+00:00\",\"description\":\"C\u01a1m Basmati b\u01a1 - m\u00f3n \u0103n \u1ea4n \u0110\u1ed9 \u0111\u1ea7y h\u01b0\u01a1ng v\u1ecb, \u0111\u01b0\u1ee3c n\u1ea5u t\u1eeb g\u1ea1o basmati v\u00e0 b\u01a1 th\u01a1m ngon. Th\u01b0\u1edfng th\u1ee9c \u1ea9m th\u1ef1c \u1ea4n \u0110\u1ed9 t\u1ea1i Tandoor Vietnam ngay!\",\"breadcrumb\":{\"@id\":\"https:\\\/\\\/tandoorvietnam.com\\\/vi\\\/sanpham\\\/cac-mon-com\\\/com-basmati-bo\\\/#breadcrumb\"},\"inLanguage\":\"vi-VN\",\"potentialAction\":[{\"@type\":\"ReadAction\",\"target\":[\"https:\\\/\\\/tandoorvietnam.com\\\/vi\\\/sanpham\\\/cac-mon-com\\\/com-basmati-bo\\\/\"]}]},{\"@type\":\"ImageObject\",\"inLanguage\":\"vi-VN\",\"@id\":\"https:\\\/\\\/tandoorvietnam.com\\\/vi\\\/sanpham\\\/cac-mon-com\\\/com-basmati-bo\\\/#primaryimage\",\"url\":\"https:\\\/\\\/tandoorvietnam.com\\\/wp-content\\\/uploads\\\/2020\\\/06\\\/Plain-pilau-rice.jpg\",\"contentUrl\":\"https:\\\/\\\/tandoorvietnam.com\\\/wp-content\\\/uploads\\\/2020\\\/06\\\/Plain-pilau-rice.jpg\",\"width\":800,\"height\":532,\"caption\":\"C\u01a0M BASMATI B\u01a0\"},{\"@type\":\"BreadcrumbList\",\"@id\":\"https:\\\/\\\/tandoorvietnam.com\\\/vi\\\/sanpham\\\/cac-mon-com\\\/com-basmati-bo\\\/#breadcrumb\",\"itemListElement\":[{\"@type\":\"ListItem\",\"position\":1,\"name\":\"Trang Ch\u1ee7\",\"item\":\"https:\\\/\\\/tandoorvietnam.com\\\/vi\\\/\"},{\"@type\":\"ListItem\",\"position\":2,\"name\":\"Shop\",\"item\":\"https:\\\/\\\/tandoorvietnam.com\\\/shop\\\/\"},{\"@type\":\"ListItem\",\"position\":3,\"name\":\"Plain Pilau Rice (C\u01a0M BASMATI B\u01a0)\"}]},{\"@type\":\"WebSite\",\"@id\":\"https:\\\/\\\/tandoorvietnam.com\\\/vi\\\/#website\",\"url\":\"https:\\\/\\\/tandoorvietnam.com\\\/vi\\\/\",\"name\":\"Tandoor Vietnam\",\"description\":\"Nh\u00e0 h\u00e0ng ngon h\u1ed3 ch\u00ed minh\",\"publisher\":{\"@id\":\"https:\\\/\\\/tandoorvietnam.com\\\/vi\\\/#organization\"},\"potentialAction\":[{\"@type\":\"SearchAction\",\"target\":{\"@type\":\"EntryPoint\",\"urlTemplate\":\"https:\\\/\\\/tandoorvietnam.com\\\/vi\\\/?s={search_term_string}\"},\"query-input\":{\"@type\":\"PropertyValueSpecification\",\"valueRequired\":true,\"valueName\":\"search_term_string\"}}],\"inLanguage\":\"vi-VN\"},{\"@type\":\"Organization\",\"@id\":\"https:\\\/\\\/tandoorvietnam.com\\\/vi\\\/#organization\",\"name\":\"Tandoor Vietnam\",\"url\":\"https:\\\/\\\/tandoorvietnam.com\\\/vi\\\/\",\"logo\":{\"@type\":\"ImageObject\",\"inLanguage\":\"vi-VN\",\"@id\":\"https:\\\/\\\/tandoorvietnam.com\\\/vi\\\/#\\\/schema\\\/logo\\\/image\\\/\",\"url\":\"https:\\\/\\\/tandoorvietnam.com\\\/wp-content\\\/uploads\\\/2020\\\/07\\\/logo.png\",\"contentUrl\":\"https:\\\/\\\/tandoorvietnam.com\\\/wp-content\\\/uploads\\\/2020\\\/07\\\/logo.png\",\"width\":133,\"height\":75,\"caption\":\"Tandoor Vietnam\"},\"image\":{\"@id\":\"https:\\\/\\\/tandoorvietnam.com\\\/vi\\\/#\\\/schema\\\/logo\\\/image\\\/\"},\"sameAs\":[\"https:\\\/\\\/www.facebook.com\\\/tandoor.hcmc\\\/\"]}]}<\/script>\n<!-- \/ Yoast SEO Premium plugin. -->","yoast_head_json":{"title":"Plain Pilau Rice (C\u01a0M BASMATI B\u01a0) - Tandoor Vi\u1ec7t Nam","description":"C\u01a1m Basmati b\u01a1 - m\u00f3n \u0103n \u1ea4n \u0110\u1ed9 \u0111\u1ea7y h\u01b0\u01a1ng v\u1ecb, \u0111\u01b0\u1ee3c n\u1ea5u t\u1eeb g\u1ea1o basmati v\u00e0 b\u01a1 th\u01a1m ngon. Th\u01b0\u1edfng th\u1ee9c \u1ea9m th\u1ef1c \u1ea4n \u0110\u1ed9 t\u1ea1i Tandoor Vietnam ngay!","robots":{"index":"index","follow":"follow","max-snippet":"max-snippet:-1","max-image-preview":"max-image-preview:large","max-video-preview":"max-video-preview:-1"},"canonical":"https:\/\/tandoorvietnam.com\/vi\/sanpham\/cac-mon-com\/com-basmati-bo\/","og_locale":"vi_VN","og_type":"article","og_title":"Plain Pilau Rice (C\u01a0M BASMATI B\u01a0)","og_description":"C\u01a1m Basmati b\u01a1 - m\u00f3n \u0103n \u1ea4n \u0110\u1ed9 \u0111\u1ea7y h\u01b0\u01a1ng v\u1ecb, \u0111\u01b0\u1ee3c n\u1ea5u t\u1eeb g\u1ea1o basmati v\u00e0 b\u01a1 th\u01a1m ngon. Th\u01b0\u1edfng th\u1ee9c \u1ea9m th\u1ef1c \u1ea4n \u0110\u1ed9 t\u1ea1i Tandoor Vietnam ngay!","og_url":"https:\/\/tandoorvietnam.com\/vi\/sanpham\/cac-mon-com\/com-basmati-bo\/","og_site_name":"Tandoor Vi\u1ec7t Nam","article_publisher":"https:\/\/www.facebook.com\/tandoor.hcmc\/","article_modified_time":"2023-05-11T04:37:08+00:00","og_image":[{"width":800,"height":532,"url":"https:\/\/tandoorvietnam.com\/wp-content\/uploads\/2020\/06\/Plain-pilau-rice.jpg","type":"image\/jpeg"}],"twitter_card":"summary_large_image","twitter_misc":{"Est. reading time":"1 minute"},"schema":{"@context":"https:\/\/schema.org","@graph":[{"@type":"WebPage","@id":"https:\/\/tandoorvietnam.com\/vi\/sanpham\/cac-mon-com\/com-basmati-bo\/","url":"https:\/\/tandoorvietnam.com\/vi\/sanpham\/cac-mon-com\/com-basmati-bo\/","name":"Plain Pilau Rice (C\u01a0M BASMATI B\u01a0) - Tandoor Vi\u1ec7t Nam","isPartOf":{"@id":"https:\/\/tandoorvietnam.com\/vi\/#website"},"primaryImageOfPage":{"@id":"https:\/\/tandoorvietnam.com\/vi\/sanpham\/cac-mon-com\/com-basmati-bo\/#primaryimage"},"image":{"@id":"https:\/\/tandoorvietnam.com\/vi\/sanpham\/cac-mon-com\/com-basmati-bo\/#primaryimage"},"thumbnailUrl":"https:\/\/tandoorvietnam.com\/wp-content\/uploads\/2020\/06\/Plain-pilau-rice.jpg","datePublished":"2021-04-11T12:56:26+00:00","dateModified":"2023-05-11T04:37:08+00:00","description":"C\u01a1m Basmati b\u01a1 - m\u00f3n \u0103n \u1ea4n \u0110\u1ed9 \u0111\u1ea7y h\u01b0\u01a1ng v\u1ecb, \u0111\u01b0\u1ee3c n\u1ea5u t\u1eeb g\u1ea1o basmati v\u00e0 b\u01a1 th\u01a1m ngon. Th\u01b0\u1edfng th\u1ee9c \u1ea9m th\u1ef1c \u1ea4n \u0110\u1ed9 t\u1ea1i Tandoor Vietnam ngay!","breadcrumb":{"@id":"https:\/\/tandoorvietnam.com\/vi\/sanpham\/cac-mon-com\/com-basmati-bo\/#breadcrumb"},"inLanguage":"vi-VN","potentialAction":[{"@type":"ReadAction","target":["https:\/\/tandoorvietnam.com\/vi\/sanpham\/cac-mon-com\/com-basmati-bo\/"]}]},{"@type":"ImageObject","inLanguage":"vi-VN","@id":"https:\/\/tandoorvietnam.com\/vi\/sanpham\/cac-mon-com\/com-basmati-bo\/#primaryimage","url":"https:\/\/tandoorvietnam.com\/wp-content\/uploads\/2020\/06\/Plain-pilau-rice.jpg","contentUrl":"https:\/\/tandoorvietnam.com\/wp-content\/uploads\/2020\/06\/Plain-pilau-rice.jpg","width":800,"height":532,"caption":"C\u01a0M BASMATI B\u01a0"},{"@type":"BreadcrumbList","@id":"https:\/\/tandoorvietnam.com\/vi\/sanpham\/cac-mon-com\/com-basmati-bo\/#breadcrumb","itemListElement":[{"@type":"ListItem","position":1,"name":"Trang Ch\u1ee7","item":"https:\/\/tandoorvietnam.com\/vi\/"},{"@type":"ListItem","position":2,"name":"Shop","item":"https:\/\/tandoorvietnam.com\/shop\/"},{"@type":"ListItem","position":3,"name":"Plain Pilau Rice (C\u01a0M BASMATI B\u01a0)"}]},{"@type":"WebSite","@id":"https:\/\/tandoorvietnam.com\/vi\/#website","url":"https:\/\/tandoorvietnam.com\/vi\/","name":"Tandoor Vietnam","description":"Nh\u00e0 h\u00e0ng ngon h\u1ed3 ch\u00ed minh","publisher":{"@id":"https:\/\/tandoorvietnam.com\/vi\/#organization"},"potentialAction":[{"@type":"SearchAction","target":{"@type":"EntryPoint","urlTemplate":"https:\/\/tandoorvietnam.com\/vi\/?s={search_term_string}"},"query-input":{"@type":"PropertyValueSpecification","valueRequired":true,"valueName":"search_term_string"}}],"inLanguage":"vi-VN"},{"@type":"Organization","@id":"https:\/\/tandoorvietnam.com\/vi\/#organization","name":"Tandoor Vietnam","url":"https:\/\/tandoorvietnam.com\/vi\/","logo":{"@type":"ImageObject","inLanguage":"vi-VN","@id":"https:\/\/tandoorvietnam.com\/vi\/#\/schema\/logo\/image\/","url":"https:\/\/tandoorvietnam.com\/wp-content\/uploads\/2020\/07\/logo.png","contentUrl":"https:\/\/tandoorvietnam.com\/wp-content\/uploads\/2020\/07\/logo.png","width":133,"height":75,"caption":"Tandoor Vietnam"},"image":{"@id":"https:\/\/tandoorvietnam.com\/vi\/#\/schema\/logo\/image\/"},"sameAs":["https:\/\/www.facebook.com\/tandoor.hcmc\/"]}]}},"_links":{"self":[{"href":"https:\/\/tandoorvietnam.com\/vi\/wp-json\/wp\/v2\/product\/3026","targetHints":{"allow":["GET"]}}],"collection":[{"href":"https:\/\/tandoorvietnam.com\/vi\/wp-json\/wp\/v2\/product"}],"about":[{"href":"https:\/\/tandoorvietnam.com\/vi\/wp-json\/wp\/v2\/types\/product"}],"wp:featuredmedia":[{"embeddable":true,"href":"https:\/\/tandoorvietnam.com\/vi\/wp-json\/wp\/v2\/media\/3027"}],"wp:attachment":[{"href":"https:\/\/tandoorvietnam.com\/vi\/wp-json\/wp\/v2\/media?parent=3026"}],"wp:term":[{"taxonomy":"product_brand","embeddable":true,"href":"https:\/\/tandoorvietnam.com\/vi\/wp-json\/wp\/v2\/product_brand?post=3026"},{"taxonomy":"product_cat","embeddable":true,"href":"https:\/\/tandoorvietnam.com\/vi\/wp-json\/wp\/v2\/product_cat?post=3026"},{"taxonomy":"product_tag","embeddable":true,"href":"https:\/\/tandoorvietnam.com\/vi\/wp-json\/wp\/v2\/product_tag?post=3026"}],"curies":[{"name":"wp","href":"https:\/\/api.w.org\/{rel}","templated":true}]}}