{"id":3029,"date":"2020-06-20T15:52:38","date_gmt":"2021-04-11T13:20:15","guid":{"rendered":"http:\/\/tandoorvietnam.com\/product\/uncategorized\/com-ni-tom\/"},"modified":"2023-05-14T15:14:05","modified_gmt":"2023-05-14T15:14:05","slug":"com-ni-tom","status":"publish","type":"product","link":"https:\/\/tandoorvietnam.com\/vi\/sanpham\/cac-mon-com\/com-ni-tom\/","title":{"rendered":"Prawn Biryani (C\u01a0M N\u1eca T\u00d4M)"},"content":{"rendered":"<p>M\u00f3n c\u01a1m n\u1ecb x\u00e0o kh\u00f4 l\u00e0 m\u1ed9t trong nh\u1eefng m\u00f3n \u0103n \u0111\u1eb7c tr\u01b0ng c\u1ee7a \u1ea9m th\u1ef1c \u1ea4n \u0110\u1ed9 v\u00e0 \u0111ang \u0111\u01b0\u1ee3c r\u1ea5t nhi\u1ec1u ng\u01b0\u1eddi y\u00eau th\u00edch. T\u1ea1i Tandoor Vietnam, ch\u00fang t\u00f4i t\u1ef1 h\u00e0o gi\u1edbi thi\u1ec7u \u0111\u1ebfn qu\u00fd kh\u00e1ch h\u00e0ng m\u00f3n c\u01a1m n\u1ecb x\u00e0o kh\u00f4 v\u1edbi t\u00f4m, m\u1ed9t m\u00f3n \u0103n v\u00f4 c\u00f9ng h\u1ea5p d\u1eabn v\u00e0 \u0111\u1ea7y m\u00e0u s\u1eafc.<\/p>\n<p>C\u01a1m n\u1ecb x\u00e0o kh\u00f4 \u0111\u01b0\u1ee3c ch\u1ebf bi\u1ebfn t\u1eeb nh\u1eefng h\u1ea1t g\u1ea1o tr\u1eafng tinh khi\u1ebft, x\u00e0o qua v\u1edbi t\u00f4m t\u01b0\u01a1i, h\u00e0nh t\u00edm, \u1edbt cay v\u00e0 c\u00e1c gia v\u1ecb tinh t\u00fay. Khi \u0111\u01b0\u1ee3c \u0103n c\u00f9ng v\u1edbi rau x\u00e0 l\u00e1ch v\u00e0 chutney, m\u00f3n c\u01a1m n\u1ecb x\u00e0o kh\u00f4 t\u1ea1o ra m\u1ed9t h\u01b0\u01a1ng v\u1ecb \u0111\u1ed9c \u0111\u00e1o v\u00e0 kh\u00f3 qu\u00ean.<\/p>\n<p>T\u00f4m l\u00e0 nguy\u00ean li\u1ec7u ch\u00ednh c\u1ee7a m\u00f3n c\u01a1m n\u1ecb x\u00e0o kh\u00f4, v\u00e0 t\u1ea1i Tandoor Vietnam, ch\u00fang t\u00f4i ch\u1ec9 s\u1eed d\u1ee5ng nh\u1eefng con t\u00f4m t\u01b0\u01a1i ngon, \u0111\u1ea3m b\u1ea3o ch\u1ea5t l\u01b0\u1ee3ng v\u00e0 an to\u00e0n th\u1ef1c ph\u1ea9m. Ngo\u00e0i ra, ch\u00fang t\u00f4i c\u0169ng s\u1eed d\u1ee5ng c\u00e1c lo\u1ea1i gia v\u1ecb ch\u1ecdn l\u1ecdc v\u00e0 ch\u1ea5t l\u01b0\u1ee3ng cao \u0111\u1ec3 mang \u0111\u1ebfn h\u01b0\u01a1ng v\u1ecb \u0111\u1eadm \u0111\u00e0, cay n\u1ed3ng v\u00e0 th\u01a1m ngon cho m\u00f3n c\u01a1m n\u1ecb x\u00e0o kh\u00f4.<\/p>\n<p>\u0110\u1eb7c bi\u1ec7t, m\u00f3n c\u01a1m n\u1ecb x\u00e0o kh\u00f4 t\u1ea1i <a href=\"https:\/\/tandoorvietnam.com\/\">nh\u00e0 h\u00e0ng Tandoor Vietnam<\/a> \u0111\u01b0\u1ee3c ch\u1ebf bi\u1ebfn theo ph\u01b0\u01a1ng ph\u00e1p \u0111\u1ed9c quy\u1ec1n c\u1ee7a \u0111\u1ea7u b\u1ebfp chuy\u00ean nghi\u1ec7p v\u00e0 \u0111\u01b0\u1ee3c th\u1ef1c hi\u1ec7n t\u1ea1i b\u1ebfp n\u01b0\u1edbng Tandoor \u0111\u1ec3 t\u1ea1o ra m\u1ed9t h\u01b0\u01a1ng v\u1ecb \u0111\u1eb7c tr\u01b0ng c\u1ee7a \u1ea9m th\u1ef1c \u1ea4n \u0110\u1ed9.<\/p>\n","protected":false},"excerpt":{"rendered":"<p>&nbsp;<\/p>\n<table width=\"723\">\n<tbody>\n<tr>\n<td width=\"412\">Spiced Basmati Rice with Shrimp<\/td>\n<\/tr>\n<tr>\n<td width=\"412\"><em>C\u01a1m n\u1ecb x\u00e0o kh\u00f4 v\u1edbi t\u00f4m v\u00e0 gia v\u1ecb cay<\/em><\/td>\n<\/tr>\n<\/tbody>\n<\/table>\n","protected":false},"featured_media":3030,"template":"","meta":[],"product_brand":[],"product_cat":[216],"product_tag":[],"class_list":{"0":"post-3029","1":"product","2":"type-product","3":"status-publish","4":"has-post-thumbnail","6":"product_cat-cac-mon-com","8":"first","9":"instock","10":"taxable","11":"shipping-taxable","12":"purchasable","13":"product-type-simple"},"yoast_head":"<!-- This site is optimized with the Yoast SEO Premium plugin v22.3 (Yoast SEO v27.4) - https:\/\/yoast.com\/product\/yoast-seo-premium-wordpress\/ -->\n<title>Prawn Biryani (C\u01a0M N\u1eca T\u00d4M) - Tandoor Vi\u1ec7t Nam<\/title>\n<meta name=\"description\" content=\"Th\u01b0\u1edfng th\u1ee9c m\u00f3n c\u01a1m n\u1ecb x\u00e0o kh\u00f4 cay n\u1ed3ng h\u1ea5p d\u1eabn v\u1edbi t\u00f4m t\u1ea1i Tandoor Vietnam. Tr\u1ea3i nghi\u1ec7m \u1ea9m th\u1ee9c \u1ea4n \u0110\u1ed9 t\u1ea1i nh\u00e0 h\u00e0ng Tandoor ngay!\" \/>\n<meta name=\"robots\" content=\"index, follow, max-snippet:-1, max-image-preview:large, max-video-preview:-1\" \/>\n<link rel=\"canonical\" href=\"https:\/\/tandoorvietnam.com\/vi\/sanpham\/cac-mon-com\/com-ni-tom\/\" \/>\n<meta property=\"og:locale\" content=\"vi_VN\" \/>\n<meta property=\"og:type\" content=\"article\" \/>\n<meta property=\"og:title\" content=\"Prawn Biryani (C\u01a0M N\u1eca T\u00d4M)\" \/>\n<meta property=\"og:description\" content=\"Th\u01b0\u1edfng th\u1ee9c m\u00f3n c\u01a1m n\u1ecb x\u00e0o kh\u00f4 cay n\u1ed3ng h\u1ea5p d\u1eabn v\u1edbi t\u00f4m t\u1ea1i Tandoor Vietnam. Tr\u1ea3i nghi\u1ec7m \u1ea9m th\u1ee9c \u1ea4n \u0110\u1ed9 t\u1ea1i nh\u00e0 h\u00e0ng Tandoor ngay!\" \/>\n<meta property=\"og:url\" content=\"https:\/\/tandoorvietnam.com\/vi\/sanpham\/cac-mon-com\/com-ni-tom\/\" \/>\n<meta property=\"og:site_name\" content=\"Tandoor Vi\u1ec7t Nam\" \/>\n<meta property=\"article:publisher\" content=\"https:\/\/www.facebook.com\/tandoor.hcmc\/\" \/>\n<meta property=\"article:modified_time\" content=\"2023-05-14T15:14:05+00:00\" \/>\n<meta property=\"og:image\" content=\"https:\/\/tandoorvietnam.com\/wp-content\/uploads\/2020\/06\/Prawn-biryani.jpg\" \/>\n\t<meta property=\"og:image:width\" content=\"800\" \/>\n\t<meta property=\"og:image:height\" content=\"800\" \/>\n\t<meta property=\"og:image:type\" content=\"image\/jpeg\" \/>\n<meta name=\"twitter:card\" content=\"summary_large_image\" \/>\n<meta name=\"twitter:label1\" content=\"Est. reading time\" \/>\n\t<meta name=\"twitter:data1\" content=\"1 minute\" \/>\n<script type=\"application\/ld+json\" class=\"yoast-schema-graph\">{\"@context\":\"https:\\\/\\\/schema.org\",\"@graph\":[{\"@type\":\"WebPage\",\"@id\":\"https:\\\/\\\/tandoorvietnam.com\\\/vi\\\/sanpham\\\/cac-mon-com\\\/com-ni-tom\\\/\",\"url\":\"https:\\\/\\\/tandoorvietnam.com\\\/vi\\\/sanpham\\\/cac-mon-com\\\/com-ni-tom\\\/\",\"name\":\"Prawn Biryani (C\u01a0M N\u1eca T\u00d4M) - Tandoor Vi\u1ec7t Nam\",\"isPartOf\":{\"@id\":\"https:\\\/\\\/tandoorvietnam.com\\\/vi\\\/#website\"},\"primaryImageOfPage\":{\"@id\":\"https:\\\/\\\/tandoorvietnam.com\\\/vi\\\/sanpham\\\/cac-mon-com\\\/com-ni-tom\\\/#primaryimage\"},\"image\":{\"@id\":\"https:\\\/\\\/tandoorvietnam.com\\\/vi\\\/sanpham\\\/cac-mon-com\\\/com-ni-tom\\\/#primaryimage\"},\"thumbnailUrl\":\"https:\\\/\\\/tandoorvietnam.com\\\/wp-content\\\/uploads\\\/2020\\\/06\\\/Prawn-biryani.jpg\",\"datePublished\":\"2021-04-11T13:20:15+00:00\",\"dateModified\":\"2023-05-14T15:14:05+00:00\",\"description\":\"Th\u01b0\u1edfng th\u1ee9c m\u00f3n c\u01a1m n\u1ecb x\u00e0o kh\u00f4 cay n\u1ed3ng h\u1ea5p d\u1eabn v\u1edbi t\u00f4m t\u1ea1i Tandoor Vietnam. Tr\u1ea3i nghi\u1ec7m \u1ea9m th\u1ee9c \u1ea4n \u0110\u1ed9 t\u1ea1i nh\u00e0 h\u00e0ng Tandoor ngay!\",\"breadcrumb\":{\"@id\":\"https:\\\/\\\/tandoorvietnam.com\\\/vi\\\/sanpham\\\/cac-mon-com\\\/com-ni-tom\\\/#breadcrumb\"},\"inLanguage\":\"vi-VN\",\"potentialAction\":[{\"@type\":\"ReadAction\",\"target\":[\"https:\\\/\\\/tandoorvietnam.com\\\/vi\\\/sanpham\\\/cac-mon-com\\\/com-ni-tom\\\/\"]}]},{\"@type\":\"ImageObject\",\"inLanguage\":\"vi-VN\",\"@id\":\"https:\\\/\\\/tandoorvietnam.com\\\/vi\\\/sanpham\\\/cac-mon-com\\\/com-ni-tom\\\/#primaryimage\",\"url\":\"https:\\\/\\\/tandoorvietnam.com\\\/wp-content\\\/uploads\\\/2020\\\/06\\\/Prawn-biryani.jpg\",\"contentUrl\":\"https:\\\/\\\/tandoorvietnam.com\\\/wp-content\\\/uploads\\\/2020\\\/06\\\/Prawn-biryani.jpg\",\"width\":800,\"height\":800,\"caption\":\"C\u01a0M N\u1eca T\u00d4M\"},{\"@type\":\"BreadcrumbList\",\"@id\":\"https:\\\/\\\/tandoorvietnam.com\\\/vi\\\/sanpham\\\/cac-mon-com\\\/com-ni-tom\\\/#breadcrumb\",\"itemListElement\":[{\"@type\":\"ListItem\",\"position\":1,\"name\":\"Trang Ch\u1ee7\",\"item\":\"https:\\\/\\\/tandoorvietnam.com\\\/vi\\\/\"},{\"@type\":\"ListItem\",\"position\":2,\"name\":\"Shop\",\"item\":\"https:\\\/\\\/tandoorvietnam.com\\\/shop\\\/\"},{\"@type\":\"ListItem\",\"position\":3,\"name\":\"Prawn Biryani (C\u01a0M N\u1eca T\u00d4M)\"}]},{\"@type\":\"WebSite\",\"@id\":\"https:\\\/\\\/tandoorvietnam.com\\\/vi\\\/#website\",\"url\":\"https:\\\/\\\/tandoorvietnam.com\\\/vi\\\/\",\"name\":\"Tandoor Vietnam\",\"description\":\"Nh\u00e0 h\u00e0ng ngon h\u1ed3 ch\u00ed minh\",\"publisher\":{\"@id\":\"https:\\\/\\\/tandoorvietnam.com\\\/vi\\\/#organization\"},\"potentialAction\":[{\"@type\":\"SearchAction\",\"target\":{\"@type\":\"EntryPoint\",\"urlTemplate\":\"https:\\\/\\\/tandoorvietnam.com\\\/vi\\\/?s={search_term_string}\"},\"query-input\":{\"@type\":\"PropertyValueSpecification\",\"valueRequired\":true,\"valueName\":\"search_term_string\"}}],\"inLanguage\":\"vi-VN\"},{\"@type\":\"Organization\",\"@id\":\"https:\\\/\\\/tandoorvietnam.com\\\/vi\\\/#organization\",\"name\":\"Tandoor Vietnam\",\"url\":\"https:\\\/\\\/tandoorvietnam.com\\\/vi\\\/\",\"logo\":{\"@type\":\"ImageObject\",\"inLanguage\":\"vi-VN\",\"@id\":\"https:\\\/\\\/tandoorvietnam.com\\\/vi\\\/#\\\/schema\\\/logo\\\/image\\\/\",\"url\":\"https:\\\/\\\/tandoorvietnam.com\\\/wp-content\\\/uploads\\\/2020\\\/07\\\/logo.png\",\"contentUrl\":\"https:\\\/\\\/tandoorvietnam.com\\\/wp-content\\\/uploads\\\/2020\\\/07\\\/logo.png\",\"width\":133,\"height\":75,\"caption\":\"Tandoor Vietnam\"},\"image\":{\"@id\":\"https:\\\/\\\/tandoorvietnam.com\\\/vi\\\/#\\\/schema\\\/logo\\\/image\\\/\"},\"sameAs\":[\"https:\\\/\\\/www.facebook.com\\\/tandoor.hcmc\\\/\"]}]}<\/script>\n<!-- \/ Yoast SEO Premium plugin. -->","yoast_head_json":{"title":"Prawn Biryani (C\u01a0M N\u1eca T\u00d4M) - Tandoor Vi\u1ec7t Nam","description":"Th\u01b0\u1edfng th\u1ee9c m\u00f3n c\u01a1m n\u1ecb x\u00e0o kh\u00f4 cay n\u1ed3ng h\u1ea5p d\u1eabn v\u1edbi t\u00f4m t\u1ea1i Tandoor Vietnam. Tr\u1ea3i nghi\u1ec7m \u1ea9m th\u1ee9c \u1ea4n \u0110\u1ed9 t\u1ea1i nh\u00e0 h\u00e0ng Tandoor ngay!","robots":{"index":"index","follow":"follow","max-snippet":"max-snippet:-1","max-image-preview":"max-image-preview:large","max-video-preview":"max-video-preview:-1"},"canonical":"https:\/\/tandoorvietnam.com\/vi\/sanpham\/cac-mon-com\/com-ni-tom\/","og_locale":"vi_VN","og_type":"article","og_title":"Prawn Biryani (C\u01a0M N\u1eca T\u00d4M)","og_description":"Th\u01b0\u1edfng th\u1ee9c m\u00f3n c\u01a1m n\u1ecb x\u00e0o kh\u00f4 cay n\u1ed3ng h\u1ea5p d\u1eabn v\u1edbi t\u00f4m t\u1ea1i Tandoor Vietnam. Tr\u1ea3i nghi\u1ec7m \u1ea9m th\u1ee9c \u1ea4n \u0110\u1ed9 t\u1ea1i nh\u00e0 h\u00e0ng Tandoor ngay!","og_url":"https:\/\/tandoorvietnam.com\/vi\/sanpham\/cac-mon-com\/com-ni-tom\/","og_site_name":"Tandoor Vi\u1ec7t Nam","article_publisher":"https:\/\/www.facebook.com\/tandoor.hcmc\/","article_modified_time":"2023-05-14T15:14:05+00:00","og_image":[{"width":800,"height":800,"url":"https:\/\/tandoorvietnam.com\/wp-content\/uploads\/2020\/06\/Prawn-biryani.jpg","type":"image\/jpeg"}],"twitter_card":"summary_large_image","twitter_misc":{"Est. reading time":"1 minute"},"schema":{"@context":"https:\/\/schema.org","@graph":[{"@type":"WebPage","@id":"https:\/\/tandoorvietnam.com\/vi\/sanpham\/cac-mon-com\/com-ni-tom\/","url":"https:\/\/tandoorvietnam.com\/vi\/sanpham\/cac-mon-com\/com-ni-tom\/","name":"Prawn Biryani (C\u01a0M N\u1eca T\u00d4M) - Tandoor Vi\u1ec7t Nam","isPartOf":{"@id":"https:\/\/tandoorvietnam.com\/vi\/#website"},"primaryImageOfPage":{"@id":"https:\/\/tandoorvietnam.com\/vi\/sanpham\/cac-mon-com\/com-ni-tom\/#primaryimage"},"image":{"@id":"https:\/\/tandoorvietnam.com\/vi\/sanpham\/cac-mon-com\/com-ni-tom\/#primaryimage"},"thumbnailUrl":"https:\/\/tandoorvietnam.com\/wp-content\/uploads\/2020\/06\/Prawn-biryani.jpg","datePublished":"2021-04-11T13:20:15+00:00","dateModified":"2023-05-14T15:14:05+00:00","description":"Th\u01b0\u1edfng th\u1ee9c m\u00f3n c\u01a1m n\u1ecb x\u00e0o kh\u00f4 cay n\u1ed3ng h\u1ea5p d\u1eabn v\u1edbi t\u00f4m t\u1ea1i Tandoor Vietnam. Tr\u1ea3i nghi\u1ec7m \u1ea9m th\u1ee9c \u1ea4n \u0110\u1ed9 t\u1ea1i nh\u00e0 h\u00e0ng Tandoor ngay!","breadcrumb":{"@id":"https:\/\/tandoorvietnam.com\/vi\/sanpham\/cac-mon-com\/com-ni-tom\/#breadcrumb"},"inLanguage":"vi-VN","potentialAction":[{"@type":"ReadAction","target":["https:\/\/tandoorvietnam.com\/vi\/sanpham\/cac-mon-com\/com-ni-tom\/"]}]},{"@type":"ImageObject","inLanguage":"vi-VN","@id":"https:\/\/tandoorvietnam.com\/vi\/sanpham\/cac-mon-com\/com-ni-tom\/#primaryimage","url":"https:\/\/tandoorvietnam.com\/wp-content\/uploads\/2020\/06\/Prawn-biryani.jpg","contentUrl":"https:\/\/tandoorvietnam.com\/wp-content\/uploads\/2020\/06\/Prawn-biryani.jpg","width":800,"height":800,"caption":"C\u01a0M N\u1eca T\u00d4M"},{"@type":"BreadcrumbList","@id":"https:\/\/tandoorvietnam.com\/vi\/sanpham\/cac-mon-com\/com-ni-tom\/#breadcrumb","itemListElement":[{"@type":"ListItem","position":1,"name":"Trang Ch\u1ee7","item":"https:\/\/tandoorvietnam.com\/vi\/"},{"@type":"ListItem","position":2,"name":"Shop","item":"https:\/\/tandoorvietnam.com\/shop\/"},{"@type":"ListItem","position":3,"name":"Prawn Biryani (C\u01a0M N\u1eca T\u00d4M)"}]},{"@type":"WebSite","@id":"https:\/\/tandoorvietnam.com\/vi\/#website","url":"https:\/\/tandoorvietnam.com\/vi\/","name":"Tandoor Vietnam","description":"Nh\u00e0 h\u00e0ng ngon h\u1ed3 ch\u00ed minh","publisher":{"@id":"https:\/\/tandoorvietnam.com\/vi\/#organization"},"potentialAction":[{"@type":"SearchAction","target":{"@type":"EntryPoint","urlTemplate":"https:\/\/tandoorvietnam.com\/vi\/?s={search_term_string}"},"query-input":{"@type":"PropertyValueSpecification","valueRequired":true,"valueName":"search_term_string"}}],"inLanguage":"vi-VN"},{"@type":"Organization","@id":"https:\/\/tandoorvietnam.com\/vi\/#organization","name":"Tandoor Vietnam","url":"https:\/\/tandoorvietnam.com\/vi\/","logo":{"@type":"ImageObject","inLanguage":"vi-VN","@id":"https:\/\/tandoorvietnam.com\/vi\/#\/schema\/logo\/image\/","url":"https:\/\/tandoorvietnam.com\/wp-content\/uploads\/2020\/07\/logo.png","contentUrl":"https:\/\/tandoorvietnam.com\/wp-content\/uploads\/2020\/07\/logo.png","width":133,"height":75,"caption":"Tandoor Vietnam"},"image":{"@id":"https:\/\/tandoorvietnam.com\/vi\/#\/schema\/logo\/image\/"},"sameAs":["https:\/\/www.facebook.com\/tandoor.hcmc\/"]}]}},"_links":{"self":[{"href":"https:\/\/tandoorvietnam.com\/vi\/wp-json\/wp\/v2\/product\/3029","targetHints":{"allow":["GET"]}}],"collection":[{"href":"https:\/\/tandoorvietnam.com\/vi\/wp-json\/wp\/v2\/product"}],"about":[{"href":"https:\/\/tandoorvietnam.com\/vi\/wp-json\/wp\/v2\/types\/product"}],"wp:featuredmedia":[{"embeddable":true,"href":"https:\/\/tandoorvietnam.com\/vi\/wp-json\/wp\/v2\/media\/3030"}],"wp:attachment":[{"href":"https:\/\/tandoorvietnam.com\/vi\/wp-json\/wp\/v2\/media?parent=3029"}],"wp:term":[{"taxonomy":"product_brand","embeddable":true,"href":"https:\/\/tandoorvietnam.com\/vi\/wp-json\/wp\/v2\/product_brand?post=3029"},{"taxonomy":"product_cat","embeddable":true,"href":"https:\/\/tandoorvietnam.com\/vi\/wp-json\/wp\/v2\/product_cat?post=3029"},{"taxonomy":"product_tag","embeddable":true,"href":"https:\/\/tandoorvietnam.com\/vi\/wp-json\/wp\/v2\/product_tag?post=3029"}],"curies":[{"name":"wp","href":"https:\/\/api.w.org\/{rel}","templated":true}]}}