{"id":3032,"date":"2020-06-20T14:39:41","date_gmt":"2021-04-11T13:22:23","guid":{"rendered":"http:\/\/tandoorvietnam.com\/product\/uncategorized\/com-trang\/"},"modified":"2023-05-20T10:19:46","modified_gmt":"2023-05-20T10:19:46","slug":"com-trang","status":"publish","type":"product","link":"https:\/\/tandoorvietnam.com\/vi\/sanpham\/cac-mon-com\/com-trang\/","title":{"rendered":"Sada Chawal (C\u01a0M TR\u1eaeNG)"},"content":{"rendered":"<p>C\u01a1m tr\u1eafng (Sada Chawal) l\u00e0 m\u1ed9t m\u00f3n \u0103n \u0111\u01a1n gi\u1ea3n nh\u01b0ng quan tr\u1ecdng trong \u1ea9m th\u1ef1c \u1ea4n \u0110\u1ed9. T\u1ea1i Tandoor Vietnam, ch\u00fang t\u00f4i \u0111\u1ea3m b\u1ea3o mang \u0111\u1ebfn cho b\u1ea1n c\u01a1m tr\u1eafng tinh khi\u1ebft, m\u1ec1m m\u1ecbn v\u00e0 h\u01b0\u01a1ng th\u01a1m t\u1ef1 nhi\u00ean.<\/p>\n<p>Ch\u00fang t\u00f4i s\u1eed d\u1ee5ng c\u00e1c lo\u1ea1i g\u1ea1o ngon nh\u1ea5t, \u0111\u01b0\u1ee3c ch\u1ebf bi\u1ebfn v\u00e0 n\u1ea5u ch\u00edn \u0111\u00fang c\u00e1ch \u0111\u1ec3 t\u1ea1o ra c\u01a1m tr\u1eafng ho\u00e0n h\u1ea3o. H\u1ea1t g\u1ea1o \u0111\u01b0\u1ee3c l\u1ef1a ch\u1ecdn k\u1ef9 c\u00e0ng, \u0111\u1ec3 c\u00f3 \u0111\u01b0\u1ee3c h\u1ea1t c\u01a1m m\u1ec1m m\u1ecbn v\u00e0 kh\u00f4ng b\u1ecb d\u00ednh. Qu\u00e1 tr\u00ecnh n\u1ea5u ch\u00edn c\u1ea9n th\u1eadn gi\u00fap c\u01a1m tr\u1edf n\u00ean nh\u1eb9 nh\u00e0ng v\u00e0 th\u01a1m ngon.<\/p>\n<p>Sada Chawal th\u01b0\u1eddng \u0111\u01b0\u1ee3c s\u1eed d\u1ee5ng l\u00e0m m\u1ed9t ph\u1ea7n kh\u00f4ng th\u1ec3 thi\u1ebfu trong b\u1eefa \u0103n \u1ea4n \u0110\u1ed9. N\u00f3 l\u00e0 m\u1ed9t m\u00f3n \u0103n c\u01a1 b\u1ea3n, c\u00f3 th\u1ec3 k\u1ebft h\u1ee3p v\u1edbi nhi\u1ec1u m\u00f3n ch\u00ednh v\u00e0 m\u00f3n ph\u1ee5 kh\u00e1c nhau. T\u1eeb c\u00e1c m\u00f3n n\u01b0\u1edbng, kho, canh, s\u00fap \u0111\u1ebfn m\u00f3n rau, h\u1ea3i s\u1ea3n hay m\u00f3n c\u00e0 ri, c\u01a1m tr\u1eafng lu\u00f4n l\u00e0 m\u1ed9t l\u1ef1a ch\u1ecdn tuy\u1ec7t v\u1eddi.<\/p>\n<p>Sada Chawal t\u1ea1i Tandoor Vietnam \u0111\u01b0\u1ee3c ch\u1ebf bi\u1ebfn v\u00e0 n\u1ea5u ch\u00edn tinh t\u1ebf \u0111\u1ec3 \u0111\u1ea3m b\u1ea3o v\u1ecb ngon v\u00e0 ch\u1ea5t l\u01b0\u1ee3ng cao nh\u1ea5t. N\u00f3 l\u00e0 m\u1ed9t m\u00f3n \u0103n truy\u1ec1n th\u1ed1ng v\u00e0 c\u0169ng l\u00e0 m\u1ed9t ph\u1ea7n kh\u00f4ng th\u1ec3 thi\u1ebfu c\u1ee7a tr\u1ea3i nghi\u1ec7m \u1ea9m th\u1ef1c \u1ea4n \u0110\u1ed9.<\/p>\n<p>H\u00e3y th\u01b0\u1edfng th\u1ee9c Sada Chawal t\u1ea1i <a href=\"https:\/\/tandoorvietnam.com\/\">Tandoor Vietnam<\/a> v\u00e0 tr\u1ea3i nghi\u1ec7m v\u1ecb ngon \u0111\u01a1n gi\u1ea3n nh\u01b0ng tinh t\u1ebf c\u1ee7a n\u00f3. B\u1ea1n c\u00f3 th\u1ec3 k\u1ebft h\u1ee3p c\u01a1m tr\u1eafng v\u1edbi c\u00e1c m\u00f3n \u0103n kh\u00e1c \u0111\u1ec3 t\u1ea1o ra b\u1eefa \u0103n tr\u1ecdn v\u1eb9n v\u00e0 \u0111a d\u1ea1ng h\u01a1n.<\/p>\n","protected":false},"excerpt":{"rendered":"<p>&nbsp;<\/p>\n<table width=\"723\">\n<tbody>\n<tr>\n<td width=\"412\">Steamed rice<\/td>\n<\/tr>\n<tr>\n<td width=\"412\"><em> C\u01a1m tr\u1eafng<\/em><\/td>\n<\/tr>\n<\/tbody>\n<\/table>\n","protected":false},"featured_media":3033,"template":"","meta":[],"product_brand":[],"product_cat":[216],"product_tag":[],"class_list":{"0":"post-3032","1":"product","2":"type-product","3":"status-publish","4":"has-post-thumbnail","6":"product_cat-cac-mon-com","8":"first","9":"instock","10":"taxable","11":"shipping-taxable","12":"purchasable","13":"product-type-simple"},"yoast_head":"<!-- This site is optimized with the Yoast SEO Premium plugin v22.3 (Yoast SEO v27.4) - https:\/\/yoast.com\/product\/yoast-seo-premium-wordpress\/ -->\n<title>Sada Chawal (C\u01a0M TR\u1eaeNG) - Tandoor Vi\u1ec7t Nam<\/title>\n<meta name=\"description\" content=\"C\u01a1m tr\u1eafng tinh khi\u1ebft, m\u1ec1m m\u1ecbn v\u00e0 h\u01b0\u01a1ng th\u01a1m t\u1ef1 nhi\u00ean t\u1ea1i Tandoor Vietnam. M\u00f3n \u0103n \u0111\u01a1n gi\u1ea3n nh\u01b0ng kh\u00f4ng th\u1ec3 thi\u1ebfu trong \u1ea9m th\u1ef1c \u1ea4n \u0110\u1ed9.\" \/>\n<meta name=\"robots\" content=\"index, follow, max-snippet:-1, max-image-preview:large, max-video-preview:-1\" \/>\n<link rel=\"canonical\" href=\"https:\/\/tandoorvietnam.com\/vi\/sanpham\/cac-mon-com\/com-trang\/\" \/>\n<meta property=\"og:locale\" content=\"vi_VN\" \/>\n<meta property=\"og:type\" content=\"article\" \/>\n<meta property=\"og:title\" content=\"Sada Chawal (C\u01a0M TR\u1eaeNG)\" \/>\n<meta property=\"og:description\" content=\"C\u01a1m tr\u1eafng tinh khi\u1ebft, m\u1ec1m m\u1ecbn v\u00e0 h\u01b0\u01a1ng th\u01a1m t\u1ef1 nhi\u00ean t\u1ea1i Tandoor Vietnam. M\u00f3n \u0103n \u0111\u01a1n gi\u1ea3n nh\u01b0ng kh\u00f4ng th\u1ec3 thi\u1ebfu trong \u1ea9m th\u1ef1c \u1ea4n \u0110\u1ed9.\" \/>\n<meta property=\"og:url\" content=\"https:\/\/tandoorvietnam.com\/vi\/sanpham\/cac-mon-com\/com-trang\/\" \/>\n<meta property=\"og:site_name\" content=\"Tandoor Vi\u1ec7t Nam\" \/>\n<meta property=\"article:publisher\" content=\"https:\/\/www.facebook.com\/tandoor.hcmc\/\" \/>\n<meta property=\"article:modified_time\" content=\"2023-05-20T10:19:46+00:00\" \/>\n<meta property=\"og:image\" content=\"https:\/\/tandoorvietnam.com\/wp-content\/uploads\/2020\/06\/Sada-chawal.jpg\" \/>\n\t<meta property=\"og:image:width\" content=\"800\" \/>\n\t<meta property=\"og:image:height\" content=\"800\" \/>\n\t<meta property=\"og:image:type\" content=\"image\/jpeg\" \/>\n<meta name=\"twitter:card\" content=\"summary_large_image\" \/>\n<meta name=\"twitter:label1\" content=\"Est. reading time\" \/>\n\t<meta name=\"twitter:data1\" content=\"2 minutes\" \/>\n<script type=\"application\/ld+json\" class=\"yoast-schema-graph\">{\"@context\":\"https:\\\/\\\/schema.org\",\"@graph\":[{\"@type\":\"WebPage\",\"@id\":\"https:\\\/\\\/tandoorvietnam.com\\\/vi\\\/sanpham\\\/cac-mon-com\\\/com-trang\\\/\",\"url\":\"https:\\\/\\\/tandoorvietnam.com\\\/vi\\\/sanpham\\\/cac-mon-com\\\/com-trang\\\/\",\"name\":\"Sada Chawal (C\u01a0M TR\u1eaeNG) - Tandoor Vi\u1ec7t Nam\",\"isPartOf\":{\"@id\":\"https:\\\/\\\/tandoorvietnam.com\\\/vi\\\/#website\"},\"primaryImageOfPage\":{\"@id\":\"https:\\\/\\\/tandoorvietnam.com\\\/vi\\\/sanpham\\\/cac-mon-com\\\/com-trang\\\/#primaryimage\"},\"image\":{\"@id\":\"https:\\\/\\\/tandoorvietnam.com\\\/vi\\\/sanpham\\\/cac-mon-com\\\/com-trang\\\/#primaryimage\"},\"thumbnailUrl\":\"https:\\\/\\\/tandoorvietnam.com\\\/wp-content\\\/uploads\\\/2020\\\/06\\\/Sada-chawal.jpg\",\"datePublished\":\"2021-04-11T13:22:23+00:00\",\"dateModified\":\"2023-05-20T10:19:46+00:00\",\"description\":\"C\u01a1m tr\u1eafng tinh khi\u1ebft, m\u1ec1m m\u1ecbn v\u00e0 h\u01b0\u01a1ng th\u01a1m t\u1ef1 nhi\u00ean t\u1ea1i Tandoor Vietnam. M\u00f3n \u0103n \u0111\u01a1n gi\u1ea3n nh\u01b0ng kh\u00f4ng th\u1ec3 thi\u1ebfu trong \u1ea9m th\u1ef1c \u1ea4n \u0110\u1ed9.\",\"breadcrumb\":{\"@id\":\"https:\\\/\\\/tandoorvietnam.com\\\/vi\\\/sanpham\\\/cac-mon-com\\\/com-trang\\\/#breadcrumb\"},\"inLanguage\":\"vi-VN\",\"potentialAction\":[{\"@type\":\"ReadAction\",\"target\":[\"https:\\\/\\\/tandoorvietnam.com\\\/vi\\\/sanpham\\\/cac-mon-com\\\/com-trang\\\/\"]}]},{\"@type\":\"ImageObject\",\"inLanguage\":\"vi-VN\",\"@id\":\"https:\\\/\\\/tandoorvietnam.com\\\/vi\\\/sanpham\\\/cac-mon-com\\\/com-trang\\\/#primaryimage\",\"url\":\"https:\\\/\\\/tandoorvietnam.com\\\/wp-content\\\/uploads\\\/2020\\\/06\\\/Sada-chawal.jpg\",\"contentUrl\":\"https:\\\/\\\/tandoorvietnam.com\\\/wp-content\\\/uploads\\\/2020\\\/06\\\/Sada-chawal.jpg\",\"width\":800,\"height\":800,\"caption\":\"C\u01a0M TR\u1eaeNG\"},{\"@type\":\"BreadcrumbList\",\"@id\":\"https:\\\/\\\/tandoorvietnam.com\\\/vi\\\/sanpham\\\/cac-mon-com\\\/com-trang\\\/#breadcrumb\",\"itemListElement\":[{\"@type\":\"ListItem\",\"position\":1,\"name\":\"Trang Ch\u1ee7\",\"item\":\"https:\\\/\\\/tandoorvietnam.com\\\/vi\\\/\"},{\"@type\":\"ListItem\",\"position\":2,\"name\":\"Shop\",\"item\":\"https:\\\/\\\/tandoorvietnam.com\\\/shop\\\/\"},{\"@type\":\"ListItem\",\"position\":3,\"name\":\"Sada Chawal (C\u01a0M TR\u1eaeNG)\"}]},{\"@type\":\"WebSite\",\"@id\":\"https:\\\/\\\/tandoorvietnam.com\\\/vi\\\/#website\",\"url\":\"https:\\\/\\\/tandoorvietnam.com\\\/vi\\\/\",\"name\":\"Tandoor Vietnam\",\"description\":\"Nh\u00e0 h\u00e0ng ngon h\u1ed3 ch\u00ed minh\",\"publisher\":{\"@id\":\"https:\\\/\\\/tandoorvietnam.com\\\/vi\\\/#organization\"},\"potentialAction\":[{\"@type\":\"SearchAction\",\"target\":{\"@type\":\"EntryPoint\",\"urlTemplate\":\"https:\\\/\\\/tandoorvietnam.com\\\/vi\\\/?s={search_term_string}\"},\"query-input\":{\"@type\":\"PropertyValueSpecification\",\"valueRequired\":true,\"valueName\":\"search_term_string\"}}],\"inLanguage\":\"vi-VN\"},{\"@type\":\"Organization\",\"@id\":\"https:\\\/\\\/tandoorvietnam.com\\\/vi\\\/#organization\",\"name\":\"Tandoor Vietnam\",\"url\":\"https:\\\/\\\/tandoorvietnam.com\\\/vi\\\/\",\"logo\":{\"@type\":\"ImageObject\",\"inLanguage\":\"vi-VN\",\"@id\":\"https:\\\/\\\/tandoorvietnam.com\\\/vi\\\/#\\\/schema\\\/logo\\\/image\\\/\",\"url\":\"https:\\\/\\\/tandoorvietnam.com\\\/wp-content\\\/uploads\\\/2020\\\/07\\\/logo.png\",\"contentUrl\":\"https:\\\/\\\/tandoorvietnam.com\\\/wp-content\\\/uploads\\\/2020\\\/07\\\/logo.png\",\"width\":133,\"height\":75,\"caption\":\"Tandoor Vietnam\"},\"image\":{\"@id\":\"https:\\\/\\\/tandoorvietnam.com\\\/vi\\\/#\\\/schema\\\/logo\\\/image\\\/\"},\"sameAs\":[\"https:\\\/\\\/www.facebook.com\\\/tandoor.hcmc\\\/\"]}]}<\/script>\n<!-- \/ Yoast SEO Premium plugin. -->","yoast_head_json":{"title":"Sada Chawal (C\u01a0M TR\u1eaeNG) - Tandoor Vi\u1ec7t Nam","description":"C\u01a1m tr\u1eafng tinh khi\u1ebft, m\u1ec1m m\u1ecbn v\u00e0 h\u01b0\u01a1ng th\u01a1m t\u1ef1 nhi\u00ean t\u1ea1i Tandoor Vietnam. M\u00f3n \u0103n \u0111\u01a1n gi\u1ea3n nh\u01b0ng kh\u00f4ng th\u1ec3 thi\u1ebfu trong \u1ea9m th\u1ef1c \u1ea4n \u0110\u1ed9.","robots":{"index":"index","follow":"follow","max-snippet":"max-snippet:-1","max-image-preview":"max-image-preview:large","max-video-preview":"max-video-preview:-1"},"canonical":"https:\/\/tandoorvietnam.com\/vi\/sanpham\/cac-mon-com\/com-trang\/","og_locale":"vi_VN","og_type":"article","og_title":"Sada Chawal (C\u01a0M TR\u1eaeNG)","og_description":"C\u01a1m tr\u1eafng tinh khi\u1ebft, m\u1ec1m m\u1ecbn v\u00e0 h\u01b0\u01a1ng th\u01a1m t\u1ef1 nhi\u00ean t\u1ea1i Tandoor Vietnam. M\u00f3n \u0103n \u0111\u01a1n gi\u1ea3n nh\u01b0ng kh\u00f4ng th\u1ec3 thi\u1ebfu trong \u1ea9m th\u1ef1c \u1ea4n \u0110\u1ed9.","og_url":"https:\/\/tandoorvietnam.com\/vi\/sanpham\/cac-mon-com\/com-trang\/","og_site_name":"Tandoor Vi\u1ec7t Nam","article_publisher":"https:\/\/www.facebook.com\/tandoor.hcmc\/","article_modified_time":"2023-05-20T10:19:46+00:00","og_image":[{"width":800,"height":800,"url":"https:\/\/tandoorvietnam.com\/wp-content\/uploads\/2020\/06\/Sada-chawal.jpg","type":"image\/jpeg"}],"twitter_card":"summary_large_image","twitter_misc":{"Est. reading time":"2 minutes"},"schema":{"@context":"https:\/\/schema.org","@graph":[{"@type":"WebPage","@id":"https:\/\/tandoorvietnam.com\/vi\/sanpham\/cac-mon-com\/com-trang\/","url":"https:\/\/tandoorvietnam.com\/vi\/sanpham\/cac-mon-com\/com-trang\/","name":"Sada Chawal (C\u01a0M TR\u1eaeNG) - Tandoor Vi\u1ec7t Nam","isPartOf":{"@id":"https:\/\/tandoorvietnam.com\/vi\/#website"},"primaryImageOfPage":{"@id":"https:\/\/tandoorvietnam.com\/vi\/sanpham\/cac-mon-com\/com-trang\/#primaryimage"},"image":{"@id":"https:\/\/tandoorvietnam.com\/vi\/sanpham\/cac-mon-com\/com-trang\/#primaryimage"},"thumbnailUrl":"https:\/\/tandoorvietnam.com\/wp-content\/uploads\/2020\/06\/Sada-chawal.jpg","datePublished":"2021-04-11T13:22:23+00:00","dateModified":"2023-05-20T10:19:46+00:00","description":"C\u01a1m tr\u1eafng tinh khi\u1ebft, m\u1ec1m m\u1ecbn v\u00e0 h\u01b0\u01a1ng th\u01a1m t\u1ef1 nhi\u00ean t\u1ea1i Tandoor Vietnam. M\u00f3n \u0103n \u0111\u01a1n gi\u1ea3n nh\u01b0ng kh\u00f4ng th\u1ec3 thi\u1ebfu trong \u1ea9m th\u1ef1c \u1ea4n \u0110\u1ed9.","breadcrumb":{"@id":"https:\/\/tandoorvietnam.com\/vi\/sanpham\/cac-mon-com\/com-trang\/#breadcrumb"},"inLanguage":"vi-VN","potentialAction":[{"@type":"ReadAction","target":["https:\/\/tandoorvietnam.com\/vi\/sanpham\/cac-mon-com\/com-trang\/"]}]},{"@type":"ImageObject","inLanguage":"vi-VN","@id":"https:\/\/tandoorvietnam.com\/vi\/sanpham\/cac-mon-com\/com-trang\/#primaryimage","url":"https:\/\/tandoorvietnam.com\/wp-content\/uploads\/2020\/06\/Sada-chawal.jpg","contentUrl":"https:\/\/tandoorvietnam.com\/wp-content\/uploads\/2020\/06\/Sada-chawal.jpg","width":800,"height":800,"caption":"C\u01a0M TR\u1eaeNG"},{"@type":"BreadcrumbList","@id":"https:\/\/tandoorvietnam.com\/vi\/sanpham\/cac-mon-com\/com-trang\/#breadcrumb","itemListElement":[{"@type":"ListItem","position":1,"name":"Trang Ch\u1ee7","item":"https:\/\/tandoorvietnam.com\/vi\/"},{"@type":"ListItem","position":2,"name":"Shop","item":"https:\/\/tandoorvietnam.com\/shop\/"},{"@type":"ListItem","position":3,"name":"Sada Chawal (C\u01a0M TR\u1eaeNG)"}]},{"@type":"WebSite","@id":"https:\/\/tandoorvietnam.com\/vi\/#website","url":"https:\/\/tandoorvietnam.com\/vi\/","name":"Tandoor Vietnam","description":"Nh\u00e0 h\u00e0ng ngon h\u1ed3 ch\u00ed minh","publisher":{"@id":"https:\/\/tandoorvietnam.com\/vi\/#organization"},"potentialAction":[{"@type":"SearchAction","target":{"@type":"EntryPoint","urlTemplate":"https:\/\/tandoorvietnam.com\/vi\/?s={search_term_string}"},"query-input":{"@type":"PropertyValueSpecification","valueRequired":true,"valueName":"search_term_string"}}],"inLanguage":"vi-VN"},{"@type":"Organization","@id":"https:\/\/tandoorvietnam.com\/vi\/#organization","name":"Tandoor Vietnam","url":"https:\/\/tandoorvietnam.com\/vi\/","logo":{"@type":"ImageObject","inLanguage":"vi-VN","@id":"https:\/\/tandoorvietnam.com\/vi\/#\/schema\/logo\/image\/","url":"https:\/\/tandoorvietnam.com\/wp-content\/uploads\/2020\/07\/logo.png","contentUrl":"https:\/\/tandoorvietnam.com\/wp-content\/uploads\/2020\/07\/logo.png","width":133,"height":75,"caption":"Tandoor Vietnam"},"image":{"@id":"https:\/\/tandoorvietnam.com\/vi\/#\/schema\/logo\/image\/"},"sameAs":["https:\/\/www.facebook.com\/tandoor.hcmc\/"]}]}},"_links":{"self":[{"href":"https:\/\/tandoorvietnam.com\/vi\/wp-json\/wp\/v2\/product\/3032","targetHints":{"allow":["GET"]}}],"collection":[{"href":"https:\/\/tandoorvietnam.com\/vi\/wp-json\/wp\/v2\/product"}],"about":[{"href":"https:\/\/tandoorvietnam.com\/vi\/wp-json\/wp\/v2\/types\/product"}],"wp:featuredmedia":[{"embeddable":true,"href":"https:\/\/tandoorvietnam.com\/vi\/wp-json\/wp\/v2\/media\/3033"}],"wp:attachment":[{"href":"https:\/\/tandoorvietnam.com\/vi\/wp-json\/wp\/v2\/media?parent=3032"}],"wp:term":[{"taxonomy":"product_brand","embeddable":true,"href":"https:\/\/tandoorvietnam.com\/vi\/wp-json\/wp\/v2\/product_brand?post=3032"},{"taxonomy":"product_cat","embeddable":true,"href":"https:\/\/tandoorvietnam.com\/vi\/wp-json\/wp\/v2\/product_cat?post=3032"},{"taxonomy":"product_tag","embeddable":true,"href":"https:\/\/tandoorvietnam.com\/vi\/wp-json\/wp\/v2\/product_tag?post=3032"}],"curies":[{"name":"wp","href":"https:\/\/api.w.org\/{rel}","templated":true}]}}