{"id":3035,"date":"2020-06-20T14:43:00","date_gmt":"2021-04-11T13:30:16","guid":{"rendered":"http:\/\/tandoorvietnam.com\/product\/uncategorized\/com-basmati-nhuy-hoa-nghe-tay\/"},"modified":"2023-05-21T04:11:09","modified_gmt":"2023-05-21T04:11:09","slug":"com-basmati-nhuy-hoa-nghe-tay","status":"publish","type":"product","link":"https:\/\/tandoorvietnam.com\/vi\/sanpham\/cac-mon-com\/com-basmati-nhuy-hoa-nghe-tay\/","title":{"rendered":"Saffron Pilau (C\u01a0M BASMATI NH\u1ee4Y HOA NGH\u1ec6 T\u00c2Y)"},"content":{"rendered":"<p>C\u01a1m Basmati nh\u1ee5y hoa ngh\u1ec7 t\u00e2y (Saffron Pilau) l\u00e0 m\u1ed9t m\u00f3n \u0103n truy\u1ec1n th\u1ed1ng c\u1ee7a \u1ea4n \u0110\u1ed9. T\u1ea1i Tandoor Vietnam, ch\u00fang t\u00f4i s\u1eed d\u1ee5ng lo\u1ea1i g\u1ea1o Basmati ch\u1ea5t l\u01b0\u1ee3ng cao v\u00e0 nh\u1ee5y hoa ngh\u1ec7 t\u00e2y t\u01b0\u01a1i ngon \u0111\u1ec3 t\u1ea1o n\u00ean m\u1ed9t m\u00f3n c\u01a1m \u0111\u1eadm \u0111\u00e0 h\u01b0\u01a1ng v\u1ecb v\u00e0 m\u00e0u s\u1eafc \u0111\u1eb9p m\u1eaft.<\/p>\n<p>G\u1ea1o Basmati \u0111\u01b0\u1ee3c tr\u1ed3ng v\u00e0 ch\u1ebf bi\u1ebfn v\u1edbi c\u00f4ng ngh\u1ec7 \u0111\u1eb7c bi\u1ec7t, cho ra h\u1ea1t c\u01a1m d\u00e0i, m\u1ec1m m\u1ecbn v\u00e0 c\u00f3 h\u01b0\u01a1ng th\u01a1m t\u1ef1 nhi\u00ean \u0111\u1eb7c tr\u01b0ng. Nh\u1ee5y hoa ngh\u1ec7 t\u00e2y, \u0111\u01b0\u1ee3c tr\u00edch xu\u1ea5t t\u1eeb c\u00e2y ngh\u1ec7 t\u00e2y t\u1ef1 nhi\u00ean, mang \u0111\u1ebfn m\u1ed9t m\u00e0u v\u00e0ng r\u1ef1c r\u1ee1 cho c\u01a1m, c\u00f9ng v\u1edbi h\u01b0\u01a1ng v\u1ecb \u0111\u1ed9c \u0111\u00e1o v\u00e0 t\u01b0\u01a1i m\u00e1t.<\/p>\n<p>Saffron Pilau l\u00e0 s\u1ef1 k\u1ebft h\u1ee3p h\u00e0i h\u00f2a gi\u1eefa h\u01b0\u01a1ng v\u1ecb th\u01a1m ngon c\u1ee7a g\u1ea1o Basmati v\u00e0 h\u01b0\u01a1ng th\u01a1m t\u1ef1 nhi\u00ean c\u1ee7a ngh\u1ec7 t\u00e2y. \u0110\u00e2y l\u00e0 m\u1ed9t m\u00f3n \u0103n ph\u1ed5 bi\u1ebfn trong \u1ea9m th\u1ef1c \u1ea4n \u0110\u1ed9, \u0111\u01b0\u1ee3c coi l\u00e0 m\u1ed9t ph\u1ea7n kh\u00f4ng th\u1ec3 thi\u1ebfu trong c\u00e1c b\u1eefa c\u01a1m truy\u1ec1n th\u1ed1ng.<\/p>\n<p>T\u1ea1i <a href=\"https:\/\/tandoorvietnam.com\/\">Tandoor Vietnam<\/a>, ch\u00fang t\u00f4i \u0111\u1ea3m b\u1ea3o s\u1eed d\u1ee5ng c\u00e1c nguy\u00ean li\u1ec7u t\u01b0\u01a1i ngon v\u00e0 ch\u1ea5t l\u01b0\u1ee3ng \u0111\u1ec3 n\u1ea5u n\u01b0\u1edbng m\u00f3n c\u01a1m n\u00e0y. Saffron Pilau c\u00f3 th\u1ec3 \u0111\u01b0\u1ee3c k\u1ebft h\u1ee3p v\u1edbi nhi\u1ec1u m\u00f3n \u0103n kh\u00e1c nhau nh\u01b0 c\u00e1c m\u00f3n c\u00e1, th\u1ecbt, rau c\u1ee7 v\u00e0 n\u01b0\u1edbc s\u1ed1t t\u00f9y th\u00edch.<\/p>\n<p>H\u00e3y th\u01b0\u1edfng th\u1ee9c h\u01b0\u01a1ng v\u1ecb \u0111\u1eb7c tr\u01b0ng c\u1ee7a Saffron Pilau\u00a0t\u1ea1i Tandoor Vietnam. M\u00f3n \u0103n n\u00e0y kh\u00f4ng ch\u1ec9 l\u00e0 m\u1ed9t s\u1ef1 l\u1ef1a ch\u1ecdn tuy\u1ec7t v\u1eddi cho nh\u1eefng ng\u01b0\u1eddi y\u00eau th\u00edch \u1ea9m th\u1ef1c \u1ea4n \u0110\u1ed9, m\u00e0 c\u00f2n l\u00e0 m\u1ed9t tr\u1ea3i nghi\u1ec7m \u0111\u1ed9c \u0111\u00e1o \u0111\u1ec3 kh\u00e1m ph\u00e1 h\u01b0\u01a1ng v\u1ecb v\u00e0 v\u0103n h\u00f3a \u1ea9m th\u1ef1c c\u1ee7a \u0111\u1ea5t n\u01b0\u1edbc n\u00e0y.<\/p>\n","protected":false},"excerpt":{"rendered":"<p>&nbsp;<\/p>\n<table width=\"723\">\n<tbody>\n<tr>\n<td width=\"412\">Basmati rice flavoured with saffron<\/td>\n<\/tr>\n<tr>\n<td width=\"412\"><em>C\u01a1m basmati n\u1ea5u v\u1edbi \u0111\u1ea7u nh\u1ee5y hoa ngh\u1ec7 t\u00e2y<\/em><\/td>\n<\/tr>\n<\/tbody>\n<\/table>\n","protected":false},"featured_media":3036,"template":"","meta":[],"product_brand":[],"product_cat":[216],"product_tag":[],"class_list":{"0":"post-3035","1":"product","2":"type-product","3":"status-publish","4":"has-post-thumbnail","6":"product_cat-cac-mon-com","8":"first","9":"instock","10":"taxable","11":"shipping-taxable","12":"purchasable","13":"product-type-simple"},"yoast_head":"<!-- This site is optimized with the Yoast SEO Premium plugin v22.3 (Yoast SEO v27.4) - https:\/\/yoast.com\/product\/yoast-seo-premium-wordpress\/ -->\n<title>Saffron Pilau (C\u01a0M BASMATI NH\u1ee4Y HOA NGH\u1ec6 T\u00c2Y)<\/title>\n<meta name=\"description\" content=\"C\u01a1m Basmati nh\u1ee5y hoa ngh\u1ec7 t\u00e2y - m\u1ed9t m\u00f3n \u0103n truy\u1ec1n th\u1ed1ng \u0111\u1eadm \u0111\u00e0 h\u01b0\u01a1ng v\u1ecb, h\u1ea5p d\u1eabn t\u1ea1i nh\u00e0 h\u00e0ng \u1ea4n \u0110\u1ed9 Tandoor Vietnam. Th\u01b0\u1edfng th\u1ee9c ngay!\" \/>\n<meta name=\"robots\" content=\"index, follow, max-snippet:-1, max-image-preview:large, max-video-preview:-1\" \/>\n<link rel=\"canonical\" href=\"https:\/\/tandoorvietnam.com\/vi\/sanpham\/cac-mon-com\/com-basmati-nhuy-hoa-nghe-tay\/\" \/>\n<meta property=\"og:locale\" content=\"vi_VN\" \/>\n<meta property=\"og:type\" content=\"article\" \/>\n<meta property=\"og:title\" content=\"Saffron Pilau (C\u01a0M BASMATI NH\u1ee4Y HOA NGH\u1ec6 T\u00c2Y)\" \/>\n<meta property=\"og:description\" content=\"C\u01a1m Basmati nh\u1ee5y hoa ngh\u1ec7 t\u00e2y - m\u1ed9t m\u00f3n \u0103n truy\u1ec1n th\u1ed1ng \u0111\u1eadm \u0111\u00e0 h\u01b0\u01a1ng v\u1ecb, h\u1ea5p d\u1eabn t\u1ea1i nh\u00e0 h\u00e0ng \u1ea4n \u0110\u1ed9 Tandoor Vietnam. Th\u01b0\u1edfng th\u1ee9c ngay!\" \/>\n<meta property=\"og:url\" content=\"https:\/\/tandoorvietnam.com\/vi\/sanpham\/cac-mon-com\/com-basmati-nhuy-hoa-nghe-tay\/\" \/>\n<meta property=\"og:site_name\" content=\"Tandoor Vi\u1ec7t Nam\" \/>\n<meta property=\"article:publisher\" content=\"https:\/\/www.facebook.com\/tandoor.hcmc\/\" \/>\n<meta property=\"article:modified_time\" content=\"2023-05-21T04:11:09+00:00\" \/>\n<meta property=\"og:image\" content=\"https:\/\/tandoorvietnam.com\/wp-content\/uploads\/2020\/06\/Saffron-Pilau1.jpg\" \/>\n\t<meta property=\"og:image:width\" content=\"1400\" \/>\n\t<meta property=\"og:image:height\" content=\"1400\" \/>\n\t<meta property=\"og:image:type\" content=\"image\/jpeg\" \/>\n<meta name=\"twitter:card\" content=\"summary_large_image\" \/>\n<meta name=\"twitter:label1\" content=\"Est. reading time\" \/>\n\t<meta name=\"twitter:data1\" content=\"2 minutes\" \/>\n<script type=\"application\/ld+json\" class=\"yoast-schema-graph\">{\"@context\":\"https:\\\/\\\/schema.org\",\"@graph\":[{\"@type\":\"WebPage\",\"@id\":\"https:\\\/\\\/tandoorvietnam.com\\\/vi\\\/sanpham\\\/cac-mon-com\\\/com-basmati-nhuy-hoa-nghe-tay\\\/\",\"url\":\"https:\\\/\\\/tandoorvietnam.com\\\/vi\\\/sanpham\\\/cac-mon-com\\\/com-basmati-nhuy-hoa-nghe-tay\\\/\",\"name\":\"Saffron Pilau (C\u01a0M BASMATI NH\u1ee4Y HOA NGH\u1ec6 T\u00c2Y)\",\"isPartOf\":{\"@id\":\"https:\\\/\\\/tandoorvietnam.com\\\/vi\\\/#website\"},\"primaryImageOfPage\":{\"@id\":\"https:\\\/\\\/tandoorvietnam.com\\\/vi\\\/sanpham\\\/cac-mon-com\\\/com-basmati-nhuy-hoa-nghe-tay\\\/#primaryimage\"},\"image\":{\"@id\":\"https:\\\/\\\/tandoorvietnam.com\\\/vi\\\/sanpham\\\/cac-mon-com\\\/com-basmati-nhuy-hoa-nghe-tay\\\/#primaryimage\"},\"thumbnailUrl\":\"https:\\\/\\\/tandoorvietnam.com\\\/wp-content\\\/uploads\\\/2020\\\/06\\\/Saffron-Pilau1.jpg\",\"datePublished\":\"2021-04-11T13:30:16+00:00\",\"dateModified\":\"2023-05-21T04:11:09+00:00\",\"description\":\"C\u01a1m Basmati nh\u1ee5y hoa ngh\u1ec7 t\u00e2y - m\u1ed9t m\u00f3n \u0103n truy\u1ec1n th\u1ed1ng \u0111\u1eadm \u0111\u00e0 h\u01b0\u01a1ng v\u1ecb, h\u1ea5p d\u1eabn t\u1ea1i nh\u00e0 h\u00e0ng \u1ea4n \u0110\u1ed9 Tandoor Vietnam. Th\u01b0\u1edfng th\u1ee9c ngay!\",\"breadcrumb\":{\"@id\":\"https:\\\/\\\/tandoorvietnam.com\\\/vi\\\/sanpham\\\/cac-mon-com\\\/com-basmati-nhuy-hoa-nghe-tay\\\/#breadcrumb\"},\"inLanguage\":\"vi-VN\",\"potentialAction\":[{\"@type\":\"ReadAction\",\"target\":[\"https:\\\/\\\/tandoorvietnam.com\\\/vi\\\/sanpham\\\/cac-mon-com\\\/com-basmati-nhuy-hoa-nghe-tay\\\/\"]}]},{\"@type\":\"ImageObject\",\"inLanguage\":\"vi-VN\",\"@id\":\"https:\\\/\\\/tandoorvietnam.com\\\/vi\\\/sanpham\\\/cac-mon-com\\\/com-basmati-nhuy-hoa-nghe-tay\\\/#primaryimage\",\"url\":\"https:\\\/\\\/tandoorvietnam.com\\\/wp-content\\\/uploads\\\/2020\\\/06\\\/Saffron-Pilau1.jpg\",\"contentUrl\":\"https:\\\/\\\/tandoorvietnam.com\\\/wp-content\\\/uploads\\\/2020\\\/06\\\/Saffron-Pilau1.jpg\",\"width\":1400,\"height\":1400,\"caption\":\"C\u01a0M BASMATI NH\u1ee4Y HOA NGH\u1ec6 T\u00c2Y\"},{\"@type\":\"BreadcrumbList\",\"@id\":\"https:\\\/\\\/tandoorvietnam.com\\\/vi\\\/sanpham\\\/cac-mon-com\\\/com-basmati-nhuy-hoa-nghe-tay\\\/#breadcrumb\",\"itemListElement\":[{\"@type\":\"ListItem\",\"position\":1,\"name\":\"Trang Ch\u1ee7\",\"item\":\"https:\\\/\\\/tandoorvietnam.com\\\/vi\\\/\"},{\"@type\":\"ListItem\",\"position\":2,\"name\":\"Shop\",\"item\":\"https:\\\/\\\/tandoorvietnam.com\\\/shop\\\/\"},{\"@type\":\"ListItem\",\"position\":3,\"name\":\"Saffron Pilau (C\u01a0M BASMATI NH\u1ee4Y HOA NGH\u1ec6 T\u00c2Y)\"}]},{\"@type\":\"WebSite\",\"@id\":\"https:\\\/\\\/tandoorvietnam.com\\\/vi\\\/#website\",\"url\":\"https:\\\/\\\/tandoorvietnam.com\\\/vi\\\/\",\"name\":\"Tandoor Vietnam\",\"description\":\"Nh\u00e0 h\u00e0ng ngon h\u1ed3 ch\u00ed minh\",\"publisher\":{\"@id\":\"https:\\\/\\\/tandoorvietnam.com\\\/vi\\\/#organization\"},\"potentialAction\":[{\"@type\":\"SearchAction\",\"target\":{\"@type\":\"EntryPoint\",\"urlTemplate\":\"https:\\\/\\\/tandoorvietnam.com\\\/vi\\\/?s={search_term_string}\"},\"query-input\":{\"@type\":\"PropertyValueSpecification\",\"valueRequired\":true,\"valueName\":\"search_term_string\"}}],\"inLanguage\":\"vi-VN\"},{\"@type\":\"Organization\",\"@id\":\"https:\\\/\\\/tandoorvietnam.com\\\/vi\\\/#organization\",\"name\":\"Tandoor Vietnam\",\"url\":\"https:\\\/\\\/tandoorvietnam.com\\\/vi\\\/\",\"logo\":{\"@type\":\"ImageObject\",\"inLanguage\":\"vi-VN\",\"@id\":\"https:\\\/\\\/tandoorvietnam.com\\\/vi\\\/#\\\/schema\\\/logo\\\/image\\\/\",\"url\":\"https:\\\/\\\/tandoorvietnam.com\\\/wp-content\\\/uploads\\\/2020\\\/07\\\/logo.png\",\"contentUrl\":\"https:\\\/\\\/tandoorvietnam.com\\\/wp-content\\\/uploads\\\/2020\\\/07\\\/logo.png\",\"width\":133,\"height\":75,\"caption\":\"Tandoor Vietnam\"},\"image\":{\"@id\":\"https:\\\/\\\/tandoorvietnam.com\\\/vi\\\/#\\\/schema\\\/logo\\\/image\\\/\"},\"sameAs\":[\"https:\\\/\\\/www.facebook.com\\\/tandoor.hcmc\\\/\"]}]}<\/script>\n<!-- \/ Yoast SEO Premium plugin. -->","yoast_head_json":{"title":"Saffron Pilau (C\u01a0M BASMATI NH\u1ee4Y HOA NGH\u1ec6 T\u00c2Y)","description":"C\u01a1m Basmati nh\u1ee5y hoa ngh\u1ec7 t\u00e2y - m\u1ed9t m\u00f3n \u0103n truy\u1ec1n th\u1ed1ng \u0111\u1eadm \u0111\u00e0 h\u01b0\u01a1ng v\u1ecb, h\u1ea5p d\u1eabn t\u1ea1i nh\u00e0 h\u00e0ng \u1ea4n \u0110\u1ed9 Tandoor Vietnam. Th\u01b0\u1edfng th\u1ee9c ngay!","robots":{"index":"index","follow":"follow","max-snippet":"max-snippet:-1","max-image-preview":"max-image-preview:large","max-video-preview":"max-video-preview:-1"},"canonical":"https:\/\/tandoorvietnam.com\/vi\/sanpham\/cac-mon-com\/com-basmati-nhuy-hoa-nghe-tay\/","og_locale":"vi_VN","og_type":"article","og_title":"Saffron Pilau (C\u01a0M BASMATI NH\u1ee4Y HOA NGH\u1ec6 T\u00c2Y)","og_description":"C\u01a1m Basmati nh\u1ee5y hoa ngh\u1ec7 t\u00e2y - m\u1ed9t m\u00f3n \u0103n truy\u1ec1n th\u1ed1ng \u0111\u1eadm \u0111\u00e0 h\u01b0\u01a1ng v\u1ecb, h\u1ea5p d\u1eabn t\u1ea1i nh\u00e0 h\u00e0ng \u1ea4n \u0110\u1ed9 Tandoor Vietnam. Th\u01b0\u1edfng th\u1ee9c ngay!","og_url":"https:\/\/tandoorvietnam.com\/vi\/sanpham\/cac-mon-com\/com-basmati-nhuy-hoa-nghe-tay\/","og_site_name":"Tandoor Vi\u1ec7t Nam","article_publisher":"https:\/\/www.facebook.com\/tandoor.hcmc\/","article_modified_time":"2023-05-21T04:11:09+00:00","og_image":[{"width":1400,"height":1400,"url":"https:\/\/tandoorvietnam.com\/wp-content\/uploads\/2020\/06\/Saffron-Pilau1.jpg","type":"image\/jpeg"}],"twitter_card":"summary_large_image","twitter_misc":{"Est. reading time":"2 minutes"},"schema":{"@context":"https:\/\/schema.org","@graph":[{"@type":"WebPage","@id":"https:\/\/tandoorvietnam.com\/vi\/sanpham\/cac-mon-com\/com-basmati-nhuy-hoa-nghe-tay\/","url":"https:\/\/tandoorvietnam.com\/vi\/sanpham\/cac-mon-com\/com-basmati-nhuy-hoa-nghe-tay\/","name":"Saffron Pilau (C\u01a0M BASMATI NH\u1ee4Y HOA NGH\u1ec6 T\u00c2Y)","isPartOf":{"@id":"https:\/\/tandoorvietnam.com\/vi\/#website"},"primaryImageOfPage":{"@id":"https:\/\/tandoorvietnam.com\/vi\/sanpham\/cac-mon-com\/com-basmati-nhuy-hoa-nghe-tay\/#primaryimage"},"image":{"@id":"https:\/\/tandoorvietnam.com\/vi\/sanpham\/cac-mon-com\/com-basmati-nhuy-hoa-nghe-tay\/#primaryimage"},"thumbnailUrl":"https:\/\/tandoorvietnam.com\/wp-content\/uploads\/2020\/06\/Saffron-Pilau1.jpg","datePublished":"2021-04-11T13:30:16+00:00","dateModified":"2023-05-21T04:11:09+00:00","description":"C\u01a1m Basmati nh\u1ee5y hoa ngh\u1ec7 t\u00e2y - m\u1ed9t m\u00f3n \u0103n truy\u1ec1n th\u1ed1ng \u0111\u1eadm \u0111\u00e0 h\u01b0\u01a1ng v\u1ecb, h\u1ea5p d\u1eabn t\u1ea1i nh\u00e0 h\u00e0ng \u1ea4n \u0110\u1ed9 Tandoor Vietnam. Th\u01b0\u1edfng th\u1ee9c ngay!","breadcrumb":{"@id":"https:\/\/tandoorvietnam.com\/vi\/sanpham\/cac-mon-com\/com-basmati-nhuy-hoa-nghe-tay\/#breadcrumb"},"inLanguage":"vi-VN","potentialAction":[{"@type":"ReadAction","target":["https:\/\/tandoorvietnam.com\/vi\/sanpham\/cac-mon-com\/com-basmati-nhuy-hoa-nghe-tay\/"]}]},{"@type":"ImageObject","inLanguage":"vi-VN","@id":"https:\/\/tandoorvietnam.com\/vi\/sanpham\/cac-mon-com\/com-basmati-nhuy-hoa-nghe-tay\/#primaryimage","url":"https:\/\/tandoorvietnam.com\/wp-content\/uploads\/2020\/06\/Saffron-Pilau1.jpg","contentUrl":"https:\/\/tandoorvietnam.com\/wp-content\/uploads\/2020\/06\/Saffron-Pilau1.jpg","width":1400,"height":1400,"caption":"C\u01a0M BASMATI NH\u1ee4Y HOA NGH\u1ec6 T\u00c2Y"},{"@type":"BreadcrumbList","@id":"https:\/\/tandoorvietnam.com\/vi\/sanpham\/cac-mon-com\/com-basmati-nhuy-hoa-nghe-tay\/#breadcrumb","itemListElement":[{"@type":"ListItem","position":1,"name":"Trang Ch\u1ee7","item":"https:\/\/tandoorvietnam.com\/vi\/"},{"@type":"ListItem","position":2,"name":"Shop","item":"https:\/\/tandoorvietnam.com\/shop\/"},{"@type":"ListItem","position":3,"name":"Saffron Pilau (C\u01a0M BASMATI NH\u1ee4Y HOA NGH\u1ec6 T\u00c2Y)"}]},{"@type":"WebSite","@id":"https:\/\/tandoorvietnam.com\/vi\/#website","url":"https:\/\/tandoorvietnam.com\/vi\/","name":"Tandoor Vietnam","description":"Nh\u00e0 h\u00e0ng ngon h\u1ed3 ch\u00ed minh","publisher":{"@id":"https:\/\/tandoorvietnam.com\/vi\/#organization"},"potentialAction":[{"@type":"SearchAction","target":{"@type":"EntryPoint","urlTemplate":"https:\/\/tandoorvietnam.com\/vi\/?s={search_term_string}"},"query-input":{"@type":"PropertyValueSpecification","valueRequired":true,"valueName":"search_term_string"}}],"inLanguage":"vi-VN"},{"@type":"Organization","@id":"https:\/\/tandoorvietnam.com\/vi\/#organization","name":"Tandoor Vietnam","url":"https:\/\/tandoorvietnam.com\/vi\/","logo":{"@type":"ImageObject","inLanguage":"vi-VN","@id":"https:\/\/tandoorvietnam.com\/vi\/#\/schema\/logo\/image\/","url":"https:\/\/tandoorvietnam.com\/wp-content\/uploads\/2020\/07\/logo.png","contentUrl":"https:\/\/tandoorvietnam.com\/wp-content\/uploads\/2020\/07\/logo.png","width":133,"height":75,"caption":"Tandoor Vietnam"},"image":{"@id":"https:\/\/tandoorvietnam.com\/vi\/#\/schema\/logo\/image\/"},"sameAs":["https:\/\/www.facebook.com\/tandoor.hcmc\/"]}]}},"_links":{"self":[{"href":"https:\/\/tandoorvietnam.com\/vi\/wp-json\/wp\/v2\/product\/3035","targetHints":{"allow":["GET"]}}],"collection":[{"href":"https:\/\/tandoorvietnam.com\/vi\/wp-json\/wp\/v2\/product"}],"about":[{"href":"https:\/\/tandoorvietnam.com\/vi\/wp-json\/wp\/v2\/types\/product"}],"wp:featuredmedia":[{"embeddable":true,"href":"https:\/\/tandoorvietnam.com\/vi\/wp-json\/wp\/v2\/media\/3036"}],"wp:attachment":[{"href":"https:\/\/tandoorvietnam.com\/vi\/wp-json\/wp\/v2\/media?parent=3035"}],"wp:term":[{"taxonomy":"product_brand","embeddable":true,"href":"https:\/\/tandoorvietnam.com\/vi\/wp-json\/wp\/v2\/product_brand?post=3035"},{"taxonomy":"product_cat","embeddable":true,"href":"https:\/\/tandoorvietnam.com\/vi\/wp-json\/wp\/v2\/product_cat?post=3035"},{"taxonomy":"product_tag","embeddable":true,"href":"https:\/\/tandoorvietnam.com\/vi\/wp-json\/wp\/v2\/product_tag?post=3035"}],"curies":[{"name":"wp","href":"https:\/\/api.w.org\/{rel}","templated":true}]}}