{"id":3040,"date":"2020-06-20T15:06:16","date_gmt":"2021-04-11T13:48:27","guid":{"rendered":"http:\/\/tandoorvietnam.com\/product\/uncategorized\/com-xao-ca-chua-gia-vi\/"},"modified":"2023-05-20T10:07:34","modified_gmt":"2023-05-20T10:07:34","slug":"com-xao-ca-chua-gia-vi","status":"publish","type":"product","link":"https:\/\/tandoorvietnam.com\/vi\/sanpham\/cac-mon-com\/com-xao-ca-chua-gia-vi\/","title":{"rendered":"Tomato Rice (C\u01a0M X\u00c0O C\u00c0 CHUA GIA V\u1eca)"},"content":{"rendered":"<p>C\u01a1m x\u00e0o c\u00e0 chua gia v\u1ecb (Tomato Rice)\u00a0 l\u00e0 m\u1ed9t m\u00f3n \u0103n h\u1ea5p d\u1eabn v\u00e0 ngon mi\u1ec7ng t\u1ea1i Tandoor Vietnam. Ch\u00fang t\u00f4i s\u1eed d\u1ee5ng c\u01a1m tr\u1eafng th\u01a1m m\u1ec1m v\u00e0 c\u00e0 chua t\u01b0\u01a1i ngon \u0111\u1ec3 t\u1ea1o n\u00ean h\u01b0\u01a1ng v\u1ecb \u0111\u1eb7c bi\u1ec7t cho m\u00f3n \u0103n n\u00e0y.<\/p>\n<p>C\u00e0 chua \u0111\u01b0\u1ee3c x\u00e0o ch\u00edn m\u1ec1m, gi\u1eef nguy\u00ean \u0111\u1ed9 t\u01b0\u01a1i v\u00e0 \u0111\u1eadm \u0111\u00e0 h\u01b0\u01a1ng v\u1ecb t\u1ef1 nhi\u00ean c\u1ee7a m\u00ecnh. Gia v\u1ecb \u0111\u01b0\u1ee3c s\u1eed d\u1ee5ng \u0111\u1ec3 n\u00e2ng cao h\u01b0\u01a1ng v\u1ecb c\u01a1m x\u00e0o c\u00e0 chua bao g\u1ed3m t\u1ecfi, h\u00e0nh, gia v\u1ecb \u1ea4n \u0110\u1ed9 v\u00e0 c\u00e1c lo\u1ea1i gia v\u1ecb tinh t\u1ebf kh\u00e1c. S\u1ef1 k\u1ebft h\u1ee3p c\u1ee7a c\u00e0 chua t\u01b0\u01a1i v\u00e0 c\u00e1c lo\u1ea1i gia v\u1ecb n\u00e0y t\u1ea1o ra m\u1ed9t h\u01b0\u01a1ng v\u1ecb \u0111\u1eadm \u0111\u00e0, th\u01a1m ngon v\u00e0 l\u00f4i cu\u1ed1n.<\/p>\n<p>Tomato Rice l\u00e0 m\u1ed9t m\u00f3n \u0103n \u0111a d\u1ee5ng v\u00e0 ph\u00f9 h\u1ee3p cho m\u1ecdi b\u1eefa \u0103n trong ng\u00e0y. B\u1ea1n c\u00f3 th\u1ec3 th\u01b0\u1edfng th\u1ee9c n\u00f3 trong b\u1eefa tr\u01b0a hay b\u1eefa t\u1ed1i. \u0110\u00e2y l\u00e0 m\u1ed9t m\u00f3n \u0103n truy\u1ec1n th\u1ed1ng c\u1ee7a \u1ea9m th\u1ef1c \u1ea4n \u0110\u1ed9 v\u00e0 \u0111\u01b0\u1ee3c y\u00eau th\u00edch b\u1edfi s\u1ef1 \u0111\u01a1n gi\u1ea3n v\u00e0 ngon mi\u1ec7ng.<\/p>\n<p>T\u1ea1i Tandoor Vietnam, ch\u00fang t\u00f4i cam k\u1ebft mang \u0111\u1ebfn cho b\u1ea1n nh\u1eefng m\u00f3n \u0103n ngon nh\u1ea5t v\u00e0 ch\u1ea5t l\u01b0\u1ee3ng nh\u1ea5t. Tomato Rice\u00a0c\u1ee7a ch\u00fang t\u00f4i \u0111\u01b0\u1ee3c ch\u1ebf bi\u1ebfn t\u1eeb nh\u1eefng nguy\u00ean li\u1ec7u t\u01b0\u01a1i ngon v\u00e0 \u0111\u01b0\u1ee3c n\u1ea5u v\u1edbi t\u00ecnh y\u00eau v\u00e0 t\u00e2m huy\u1ebft. Ch\u00fang t\u00f4i lu\u00f4n \u0111\u1ea3m b\u1ea3o m\u1ed7i m\u00f3n \u0103n \u0111\u1ebfn tay b\u1ea1n \u0111\u1ec1u \u0111\u00fang chu\u1ea9n v\u1ecb v\u00e0 ch\u1ea5t l\u01b0\u1ee3ng.<\/p>\n<p>H\u00e3y tr\u1ea3i nghi\u1ec7m ngay h\u01b0\u01a1ng v\u1ecb \u0111\u1eb7c bi\u1ec7t c\u1ee7a Tomato Rice\u00a0t\u1ea1i <a href=\"https:\/\/tandoorvietnam.com\/\">Tandoor Vietnam<\/a><\/p>\n","protected":false},"excerpt":{"rendered":"<p>&nbsp;<\/p>\n<table width=\"723\">\n<tbody>\n<tr>\n<td width=\"412\">Flavored rice with tomatoes<\/td>\n<\/tr>\n<tr>\n<td width=\"412\"><em> C\u01a1m n\u1ea5u kh\u00f4 v\u1edbi c\u00e0 chua t\u00e1n nhuy\u1ec5n v\u00e0 gia v\u1ecb cay<\/em><\/td>\n<\/tr>\n<\/tbody>\n<\/table>\n","protected":false},"featured_media":3041,"template":"","meta":[],"product_brand":[],"product_cat":[216],"product_tag":[],"class_list":{"0":"post-3040","1":"product","2":"type-product","3":"status-publish","4":"has-post-thumbnail","6":"product_cat-cac-mon-com","8":"first","9":"instock","10":"taxable","11":"shipping-taxable","12":"purchasable","13":"product-type-simple"},"yoast_head":"<!-- This site is optimized with the Yoast SEO Premium plugin v22.3 (Yoast SEO v27.4) - https:\/\/yoast.com\/product\/yoast-seo-premium-wordpress\/ -->\n<title>Tomato Rice (C\u01a0M X\u00c0O C\u00c0 CHUA GIA V\u1eca) - Tandoor Vi\u1ec7t Nam<\/title>\n<meta name=\"description\" content=\"C\u01a1m x\u00e0o c\u00e0 chua gia v\u1ecb - M\u00f3n \u0103n h\u1ea5p d\u1eabn v\u1edbi h\u01b0\u01a1ng v\u1ecb \u0111\u1eadm \u0111\u00e0 c\u1ee7a c\u00e0 chua v\u00e0 gia v\u1ecb t\u1ea1i Tandoor Vietnam, \u0111\u00e1nh th\u1ee9c v\u1ecb gi\u00e1c c\u1ee7a b\u1ea1n.\" \/>\n<meta name=\"robots\" content=\"index, follow, max-snippet:-1, max-image-preview:large, max-video-preview:-1\" \/>\n<link rel=\"canonical\" href=\"https:\/\/tandoorvietnam.com\/vi\/sanpham\/cac-mon-com\/com-xao-ca-chua-gia-vi\/\" \/>\n<meta property=\"og:locale\" content=\"vi_VN\" \/>\n<meta property=\"og:type\" content=\"article\" \/>\n<meta property=\"og:title\" content=\"Tomato Rice (C\u01a0M X\u00c0O C\u00c0 CHUA GIA V\u1eca)\" \/>\n<meta property=\"og:description\" content=\"C\u01a1m x\u00e0o c\u00e0 chua gia v\u1ecb - M\u00f3n \u0103n h\u1ea5p d\u1eabn v\u1edbi h\u01b0\u01a1ng v\u1ecb \u0111\u1eadm \u0111\u00e0 c\u1ee7a c\u00e0 chua v\u00e0 gia v\u1ecb t\u1ea1i Tandoor Vietnam, \u0111\u00e1nh th\u1ee9c v\u1ecb gi\u00e1c c\u1ee7a b\u1ea1n.\" \/>\n<meta property=\"og:url\" content=\"https:\/\/tandoorvietnam.com\/vi\/sanpham\/cac-mon-com\/com-xao-ca-chua-gia-vi\/\" \/>\n<meta property=\"og:site_name\" content=\"Tandoor Vi\u1ec7t Nam\" \/>\n<meta property=\"article:publisher\" content=\"https:\/\/www.facebook.com\/tandoor.hcmc\/\" \/>\n<meta property=\"article:modified_time\" content=\"2023-05-20T10:07:34+00:00\" \/>\n<meta property=\"og:image\" content=\"https:\/\/tandoorvietnam.com\/wp-content\/uploads\/2020\/06\/Tomato-rice.jpg\" \/>\n\t<meta property=\"og:image:width\" content=\"800\" \/>\n\t<meta property=\"og:image:height\" content=\"800\" \/>\n\t<meta property=\"og:image:type\" content=\"image\/jpeg\" \/>\n<meta name=\"twitter:card\" content=\"summary_large_image\" \/>\n<meta name=\"twitter:label1\" content=\"Est. reading time\" \/>\n\t<meta name=\"twitter:data1\" content=\"2 minutes\" \/>\n<script type=\"application\/ld+json\" class=\"yoast-schema-graph\">{\"@context\":\"https:\\\/\\\/schema.org\",\"@graph\":[{\"@type\":\"WebPage\",\"@id\":\"https:\\\/\\\/tandoorvietnam.com\\\/vi\\\/sanpham\\\/cac-mon-com\\\/com-xao-ca-chua-gia-vi\\\/\",\"url\":\"https:\\\/\\\/tandoorvietnam.com\\\/vi\\\/sanpham\\\/cac-mon-com\\\/com-xao-ca-chua-gia-vi\\\/\",\"name\":\"Tomato Rice (C\u01a0M X\u00c0O C\u00c0 CHUA GIA V\u1eca) - Tandoor Vi\u1ec7t Nam\",\"isPartOf\":{\"@id\":\"https:\\\/\\\/tandoorvietnam.com\\\/vi\\\/#website\"},\"primaryImageOfPage\":{\"@id\":\"https:\\\/\\\/tandoorvietnam.com\\\/vi\\\/sanpham\\\/cac-mon-com\\\/com-xao-ca-chua-gia-vi\\\/#primaryimage\"},\"image\":{\"@id\":\"https:\\\/\\\/tandoorvietnam.com\\\/vi\\\/sanpham\\\/cac-mon-com\\\/com-xao-ca-chua-gia-vi\\\/#primaryimage\"},\"thumbnailUrl\":\"https:\\\/\\\/tandoorvietnam.com\\\/wp-content\\\/uploads\\\/2020\\\/06\\\/Tomato-rice.jpg\",\"datePublished\":\"2021-04-11T13:48:27+00:00\",\"dateModified\":\"2023-05-20T10:07:34+00:00\",\"description\":\"C\u01a1m x\u00e0o c\u00e0 chua gia v\u1ecb - M\u00f3n \u0103n h\u1ea5p d\u1eabn v\u1edbi h\u01b0\u01a1ng v\u1ecb \u0111\u1eadm \u0111\u00e0 c\u1ee7a c\u00e0 chua v\u00e0 gia v\u1ecb t\u1ea1i Tandoor Vietnam, \u0111\u00e1nh th\u1ee9c v\u1ecb gi\u00e1c c\u1ee7a b\u1ea1n.\",\"breadcrumb\":{\"@id\":\"https:\\\/\\\/tandoorvietnam.com\\\/vi\\\/sanpham\\\/cac-mon-com\\\/com-xao-ca-chua-gia-vi\\\/#breadcrumb\"},\"inLanguage\":\"vi-VN\",\"potentialAction\":[{\"@type\":\"ReadAction\",\"target\":[\"https:\\\/\\\/tandoorvietnam.com\\\/vi\\\/sanpham\\\/cac-mon-com\\\/com-xao-ca-chua-gia-vi\\\/\"]}]},{\"@type\":\"ImageObject\",\"inLanguage\":\"vi-VN\",\"@id\":\"https:\\\/\\\/tandoorvietnam.com\\\/vi\\\/sanpham\\\/cac-mon-com\\\/com-xao-ca-chua-gia-vi\\\/#primaryimage\",\"url\":\"https:\\\/\\\/tandoorvietnam.com\\\/wp-content\\\/uploads\\\/2020\\\/06\\\/Tomato-rice.jpg\",\"contentUrl\":\"https:\\\/\\\/tandoorvietnam.com\\\/wp-content\\\/uploads\\\/2020\\\/06\\\/Tomato-rice.jpg\",\"width\":800,\"height\":800,\"caption\":\"C\u01a0M X\u00c0O C\u00c0 CHUA GIA V\u1eca\"},{\"@type\":\"BreadcrumbList\",\"@id\":\"https:\\\/\\\/tandoorvietnam.com\\\/vi\\\/sanpham\\\/cac-mon-com\\\/com-xao-ca-chua-gia-vi\\\/#breadcrumb\",\"itemListElement\":[{\"@type\":\"ListItem\",\"position\":1,\"name\":\"Trang Ch\u1ee7\",\"item\":\"https:\\\/\\\/tandoorvietnam.com\\\/vi\\\/\"},{\"@type\":\"ListItem\",\"position\":2,\"name\":\"Shop\",\"item\":\"https:\\\/\\\/tandoorvietnam.com\\\/shop\\\/\"},{\"@type\":\"ListItem\",\"position\":3,\"name\":\"Tomato Rice (C\u01a0M X\u00c0O C\u00c0 CHUA GIA V\u1eca)\"}]},{\"@type\":\"WebSite\",\"@id\":\"https:\\\/\\\/tandoorvietnam.com\\\/vi\\\/#website\",\"url\":\"https:\\\/\\\/tandoorvietnam.com\\\/vi\\\/\",\"name\":\"Tandoor Vietnam\",\"description\":\"Nh\u00e0 h\u00e0ng ngon h\u1ed3 ch\u00ed minh\",\"publisher\":{\"@id\":\"https:\\\/\\\/tandoorvietnam.com\\\/vi\\\/#organization\"},\"potentialAction\":[{\"@type\":\"SearchAction\",\"target\":{\"@type\":\"EntryPoint\",\"urlTemplate\":\"https:\\\/\\\/tandoorvietnam.com\\\/vi\\\/?s={search_term_string}\"},\"query-input\":{\"@type\":\"PropertyValueSpecification\",\"valueRequired\":true,\"valueName\":\"search_term_string\"}}],\"inLanguage\":\"vi-VN\"},{\"@type\":\"Organization\",\"@id\":\"https:\\\/\\\/tandoorvietnam.com\\\/vi\\\/#organization\",\"name\":\"Tandoor Vietnam\",\"url\":\"https:\\\/\\\/tandoorvietnam.com\\\/vi\\\/\",\"logo\":{\"@type\":\"ImageObject\",\"inLanguage\":\"vi-VN\",\"@id\":\"https:\\\/\\\/tandoorvietnam.com\\\/vi\\\/#\\\/schema\\\/logo\\\/image\\\/\",\"url\":\"https:\\\/\\\/tandoorvietnam.com\\\/wp-content\\\/uploads\\\/2020\\\/07\\\/logo.png\",\"contentUrl\":\"https:\\\/\\\/tandoorvietnam.com\\\/wp-content\\\/uploads\\\/2020\\\/07\\\/logo.png\",\"width\":133,\"height\":75,\"caption\":\"Tandoor Vietnam\"},\"image\":{\"@id\":\"https:\\\/\\\/tandoorvietnam.com\\\/vi\\\/#\\\/schema\\\/logo\\\/image\\\/\"},\"sameAs\":[\"https:\\\/\\\/www.facebook.com\\\/tandoor.hcmc\\\/\"]}]}<\/script>\n<!-- \/ Yoast SEO Premium plugin. -->","yoast_head_json":{"title":"Tomato Rice (C\u01a0M X\u00c0O C\u00c0 CHUA GIA V\u1eca) - Tandoor Vi\u1ec7t Nam","description":"C\u01a1m x\u00e0o c\u00e0 chua gia v\u1ecb - M\u00f3n \u0103n h\u1ea5p d\u1eabn v\u1edbi h\u01b0\u01a1ng v\u1ecb \u0111\u1eadm \u0111\u00e0 c\u1ee7a c\u00e0 chua v\u00e0 gia v\u1ecb t\u1ea1i Tandoor Vietnam, \u0111\u00e1nh th\u1ee9c v\u1ecb gi\u00e1c c\u1ee7a b\u1ea1n.","robots":{"index":"index","follow":"follow","max-snippet":"max-snippet:-1","max-image-preview":"max-image-preview:large","max-video-preview":"max-video-preview:-1"},"canonical":"https:\/\/tandoorvietnam.com\/vi\/sanpham\/cac-mon-com\/com-xao-ca-chua-gia-vi\/","og_locale":"vi_VN","og_type":"article","og_title":"Tomato Rice (C\u01a0M X\u00c0O C\u00c0 CHUA GIA V\u1eca)","og_description":"C\u01a1m x\u00e0o c\u00e0 chua gia v\u1ecb - M\u00f3n \u0103n h\u1ea5p d\u1eabn v\u1edbi h\u01b0\u01a1ng v\u1ecb \u0111\u1eadm \u0111\u00e0 c\u1ee7a c\u00e0 chua v\u00e0 gia v\u1ecb t\u1ea1i Tandoor Vietnam, \u0111\u00e1nh th\u1ee9c v\u1ecb gi\u00e1c c\u1ee7a b\u1ea1n.","og_url":"https:\/\/tandoorvietnam.com\/vi\/sanpham\/cac-mon-com\/com-xao-ca-chua-gia-vi\/","og_site_name":"Tandoor Vi\u1ec7t Nam","article_publisher":"https:\/\/www.facebook.com\/tandoor.hcmc\/","article_modified_time":"2023-05-20T10:07:34+00:00","og_image":[{"width":800,"height":800,"url":"https:\/\/tandoorvietnam.com\/wp-content\/uploads\/2020\/06\/Tomato-rice.jpg","type":"image\/jpeg"}],"twitter_card":"summary_large_image","twitter_misc":{"Est. reading time":"2 minutes"},"schema":{"@context":"https:\/\/schema.org","@graph":[{"@type":"WebPage","@id":"https:\/\/tandoorvietnam.com\/vi\/sanpham\/cac-mon-com\/com-xao-ca-chua-gia-vi\/","url":"https:\/\/tandoorvietnam.com\/vi\/sanpham\/cac-mon-com\/com-xao-ca-chua-gia-vi\/","name":"Tomato Rice (C\u01a0M X\u00c0O C\u00c0 CHUA GIA V\u1eca) - Tandoor Vi\u1ec7t Nam","isPartOf":{"@id":"https:\/\/tandoorvietnam.com\/vi\/#website"},"primaryImageOfPage":{"@id":"https:\/\/tandoorvietnam.com\/vi\/sanpham\/cac-mon-com\/com-xao-ca-chua-gia-vi\/#primaryimage"},"image":{"@id":"https:\/\/tandoorvietnam.com\/vi\/sanpham\/cac-mon-com\/com-xao-ca-chua-gia-vi\/#primaryimage"},"thumbnailUrl":"https:\/\/tandoorvietnam.com\/wp-content\/uploads\/2020\/06\/Tomato-rice.jpg","datePublished":"2021-04-11T13:48:27+00:00","dateModified":"2023-05-20T10:07:34+00:00","description":"C\u01a1m x\u00e0o c\u00e0 chua gia v\u1ecb - M\u00f3n \u0103n h\u1ea5p d\u1eabn v\u1edbi h\u01b0\u01a1ng v\u1ecb \u0111\u1eadm \u0111\u00e0 c\u1ee7a c\u00e0 chua v\u00e0 gia v\u1ecb t\u1ea1i Tandoor Vietnam, \u0111\u00e1nh th\u1ee9c v\u1ecb gi\u00e1c c\u1ee7a b\u1ea1n.","breadcrumb":{"@id":"https:\/\/tandoorvietnam.com\/vi\/sanpham\/cac-mon-com\/com-xao-ca-chua-gia-vi\/#breadcrumb"},"inLanguage":"vi-VN","potentialAction":[{"@type":"ReadAction","target":["https:\/\/tandoorvietnam.com\/vi\/sanpham\/cac-mon-com\/com-xao-ca-chua-gia-vi\/"]}]},{"@type":"ImageObject","inLanguage":"vi-VN","@id":"https:\/\/tandoorvietnam.com\/vi\/sanpham\/cac-mon-com\/com-xao-ca-chua-gia-vi\/#primaryimage","url":"https:\/\/tandoorvietnam.com\/wp-content\/uploads\/2020\/06\/Tomato-rice.jpg","contentUrl":"https:\/\/tandoorvietnam.com\/wp-content\/uploads\/2020\/06\/Tomato-rice.jpg","width":800,"height":800,"caption":"C\u01a0M X\u00c0O C\u00c0 CHUA GIA V\u1eca"},{"@type":"BreadcrumbList","@id":"https:\/\/tandoorvietnam.com\/vi\/sanpham\/cac-mon-com\/com-xao-ca-chua-gia-vi\/#breadcrumb","itemListElement":[{"@type":"ListItem","position":1,"name":"Trang Ch\u1ee7","item":"https:\/\/tandoorvietnam.com\/vi\/"},{"@type":"ListItem","position":2,"name":"Shop","item":"https:\/\/tandoorvietnam.com\/shop\/"},{"@type":"ListItem","position":3,"name":"Tomato Rice (C\u01a0M X\u00c0O C\u00c0 CHUA GIA V\u1eca)"}]},{"@type":"WebSite","@id":"https:\/\/tandoorvietnam.com\/vi\/#website","url":"https:\/\/tandoorvietnam.com\/vi\/","name":"Tandoor Vietnam","description":"Nh\u00e0 h\u00e0ng ngon h\u1ed3 ch\u00ed minh","publisher":{"@id":"https:\/\/tandoorvietnam.com\/vi\/#organization"},"potentialAction":[{"@type":"SearchAction","target":{"@type":"EntryPoint","urlTemplate":"https:\/\/tandoorvietnam.com\/vi\/?s={search_term_string}"},"query-input":{"@type":"PropertyValueSpecification","valueRequired":true,"valueName":"search_term_string"}}],"inLanguage":"vi-VN"},{"@type":"Organization","@id":"https:\/\/tandoorvietnam.com\/vi\/#organization","name":"Tandoor Vietnam","url":"https:\/\/tandoorvietnam.com\/vi\/","logo":{"@type":"ImageObject","inLanguage":"vi-VN","@id":"https:\/\/tandoorvietnam.com\/vi\/#\/schema\/logo\/image\/","url":"https:\/\/tandoorvietnam.com\/wp-content\/uploads\/2020\/07\/logo.png","contentUrl":"https:\/\/tandoorvietnam.com\/wp-content\/uploads\/2020\/07\/logo.png","width":133,"height":75,"caption":"Tandoor Vietnam"},"image":{"@id":"https:\/\/tandoorvietnam.com\/vi\/#\/schema\/logo\/image\/"},"sameAs":["https:\/\/www.facebook.com\/tandoor.hcmc\/"]}]}},"_links":{"self":[{"href":"https:\/\/tandoorvietnam.com\/vi\/wp-json\/wp\/v2\/product\/3040","targetHints":{"allow":["GET"]}}],"collection":[{"href":"https:\/\/tandoorvietnam.com\/vi\/wp-json\/wp\/v2\/product"}],"about":[{"href":"https:\/\/tandoorvietnam.com\/vi\/wp-json\/wp\/v2\/types\/product"}],"wp:featuredmedia":[{"embeddable":true,"href":"https:\/\/tandoorvietnam.com\/vi\/wp-json\/wp\/v2\/media\/3041"}],"wp:attachment":[{"href":"https:\/\/tandoorvietnam.com\/vi\/wp-json\/wp\/v2\/media?parent=3040"}],"wp:term":[{"taxonomy":"product_brand","embeddable":true,"href":"https:\/\/tandoorvietnam.com\/vi\/wp-json\/wp\/v2\/product_brand?post=3040"},{"taxonomy":"product_cat","embeddable":true,"href":"https:\/\/tandoorvietnam.com\/vi\/wp-json\/wp\/v2\/product_cat?post=3040"},{"taxonomy":"product_tag","embeddable":true,"href":"https:\/\/tandoorvietnam.com\/vi\/wp-json\/wp\/v2\/product_tag?post=3040"}],"curies":[{"name":"wp","href":"https:\/\/api.w.org\/{rel}","templated":true}]}}